{"id":1582,"date":"2023-08-08T14:22:29","date_gmt":"2023-08-08T13:22:29","guid":{"rendered":"https:\/\/mersatradedz.com\/product\/dunth-haut-parleur-du-sp455-plus\/"},"modified":"2025-11-30T09:27:48","modified_gmt":"2025-11-30T08:27:48","slug":"dunth-du-sp455-plus","status":"publish","type":"product","link":"https:\/\/mersatradedz.com\/ar\/product\/dunth-du-sp455-plus\/","title":{"rendered":"Dunth HAUT PARLEUR DU-SP455 PLUS"},"content":{"rendered":"<h2 data-start=\"535\" data-end=\"563\">Pr\u00e9sentation g\u00e9n\u00e9rale<\/h2>\n<p style=\"padding-left: 40px;\" data-start=\"564\" data-end=\"642\"><span class=\"relative -mx-px my-[-0.2rem] rounded px-px py-[0.2rem] transition-colors duration-100 ease-in-out\">Le <strong data-start=\"3\" data-end=\"26\">DUNTH DU\u2011SP455 PLUS<\/strong> est un syst\u00e8me audio <strong data-start=\"48\" data-end=\"55\">2.1<\/strong> compact mais puissant (4800\u202fW), con\u00e7u pour offrir un son haute intensit\u00e9 alli\u00e9 \u00e0 un \u00e9clairage LED d\u2019ambiance. Id\u00e9al pour une utilisation en int\u00e9rieur comme en ext\u00e9rieur, il combine fonctionnalit\u00e9 et design festif.<\/span><\/p>\n<h2 data-start=\"644\" data-end=\"676\">Puissance &amp; qualit\u00e9 audio<\/h2>\n<ul data-start=\"677\" data-end=\"803\">\n<li data-start=\"677\" data-end=\"720\">\n<p data-start=\"679\" data-end=\"720\"><span class=\"relative -mx-px my-[-0.2rem] rounded px-px py-[0.2rem] transition-colors duration-100 ease-in-out\">Puissance totale de <strong data-start=\"20\" data-end=\"30\">4800\u202fW<\/strong>, avec un <strong data-start=\"40\" data-end=\"56\">woofer de 4\u2033<\/strong> pour des basses profondes et deux satellites de <strong data-start=\"105\" data-end=\"111\">3\u2033<\/strong> pour des m\u00e9diums clairs<\/span><\/p>\n<\/li>\n<li data-start=\"721\" data-end=\"803\">\n<p data-start=\"723\" data-end=\"803\"><span class=\"relative -mx-px my-[-0.2rem] rounded px-px py-[0.2rem] transition-colors duration-100 ease-in-out\">Con\u00e7u pour restituer une exp\u00e9rience sonore immersive lors de soir\u00e9es, karaok\u00e9s, ou b\u00e9n\u00e9volat \u00e9v\u00e9nementiel<\/span><\/p>\n<\/li>\n<\/ul>\n<h2 data-start=\"805\" data-end=\"853\">Connectivit\u00e9 &amp; fonctionnalit\u00e9s multim\u00e9dia<\/h2>\n<ul data-start=\"854\" data-end=\"1135\">\n<li data-start=\"854\" data-end=\"1005\">\n<p data-start=\"856\" data-end=\"1005\">Lecture via <strong data-start=\"868\" data-end=\"888\">Bluetooth (10\u202fm)<\/strong>, <strong data-start=\"890\" data-end=\"897\">USB<\/strong>, <strong data-start=\"899\" data-end=\"916\">carte m\u00e9moire<\/strong>, <strong data-start=\"918\" data-end=\"930\">radio FM<\/strong> ou <strong data-start=\"934\" data-end=\"955\">entr\u00e9e auxiliaire<\/strong> : compatibilit\u00e9 maximale avec vos sources audio<\/p>\n<\/li>\n<li data-start=\"1006\" data-end=\"1135\">\n<p data-start=\"1008\" data-end=\"1135\"><strong data-start=\"1008\" data-end=\"1024\">T\u00e9l\u00e9commande<\/strong> fournie pour un contr\u00f4le \u00e0 distance confortable, et <strong data-start=\"1077\" data-end=\"1092\">prise micro<\/strong> incluse pour karaok\u00e9, discours ou annonces<\/p>\n<\/li>\n<\/ul>\n<h2 data-start=\"1137\" data-end=\"1167\">Ambiance &amp; style visuel<\/h2>\n<ul data-start=\"1168\" data-end=\"1413\">\n<li data-start=\"1168\" data-end=\"1306\">\n<p data-start=\"1170\" data-end=\"1306\"><strong data-start=\"1170\" data-end=\"1197\">Effets LED style flamme<\/strong> anim\u00e9s, changeant de couleur en fonction du rythme, parfait pour cr\u00e9er une ambiance chaleureuse et festive<\/p>\n<\/li>\n<li data-start=\"1307\" data-end=\"1413\">\n<p data-start=\"1309\" data-end=\"1413\">Design robuste et moderne, pens\u00e9 pour une visibilit\u00e9 esth\u00e9tique lors d\u2019\u00e9v\u00e9nements ou en usage domestique<\/p>\n<\/li>\n<\/ul>\n<h2 data-start=\"1415\" data-end=\"1439\">Usage &amp; praticit\u00e9<\/h2>\n<ul data-start=\"1440\" data-end=\"1673\">\n<li data-start=\"1440\" data-end=\"1565\">\n<p data-start=\"1442\" data-end=\"1565\">Portable et simple \u00e0 installer, il s\u2019int\u00e8gre dans divers contextes : soir\u00e9es, \u00e9v\u00e9nements professionnels, karaok\u00e9 familial<\/p>\n<\/li>\n<li data-start=\"1566\" data-end=\"1673\">\n<p data-start=\"1568\" data-end=\"1673\">Autonomie via batterie int\u00e9gr\u00e9e (selon mod\u00e8le) ou alimentation secteur, facilit\u00e9 de transport appr\u00e9ci\u00e9e<\/p>\n<\/li>\n<\/ul>\n","protected":false},"excerpt":{"rendered":"<p style=\"text-align: left;\" data-start=\"81\" data-end=\"137\"><strong data-start=\"81\" data-end=\"137\">DU\u2011SP455 PLUS \u2013 son puissant &amp; ambiance lumineuse \ud83c\udfb6<\/strong><\/p>\n<p style=\"padding-left: 40px; text-align: left;\" data-start=\"141\" data-end=\"218\"><span class=\"relative -mx-px my-[-0.2rem] rounded px-px py-[0.2rem] transition-colors duration-100 ease-in-out\">\ud83d\udd0aSyst\u00e8me <strong data-start=\"8\" data-end=\"15\">2.1<\/strong> avec <strong data-start=\"21\" data-end=\"41\">puissance 4800\u202fW<\/strong> pour un son riche et immersif\u00a0<\/span><\/p>\n<p style=\"padding-left: 40px; text-align: left;\" data-start=\"221\" data-end=\"298\"><span class=\"relative -mx-px my-[-0.2rem] rounded px-px py-[0.2rem] transition-colors duration-100 ease-in-out\">\ud83d\udcf1Connectivit\u00e9 <strong data-start=\"13\" data-end=\"35\">Bluetooth sans fil<\/strong> jusqu\u2019\u00e0 <strong data-start=\"44\" data-end=\"52\">10\u202fm<\/strong>, pour diffusion libre depuis smartphone ou tablette\u00a0<\/span><\/p>\n<p style=\"padding-left: 40px; text-align: left;\" data-start=\"301\" data-end=\"340\"><span class=\"relative -mx-px my-[-0.2rem] rounded px-px py-[0.2rem] transition-colors duration-100 ease-in-out\">Lecteur multim\u00e9dia int\u00e9gr\u00e9 : <strong data-start=\"29\" data-end=\"36\">USB<\/strong>, <strong data-start=\"38\" data-end=\"55\">carte m\u00e9moire<\/strong>, <strong data-start=\"57\" data-end=\"69\">radio FM<\/strong>, <strong data-start=\"71\" data-end=\"92\">entr\u00e9e auxiliaire<\/strong>, t\u00e9l\u00e9commande &amp; micro inclus<\/span><\/p>\n<p style=\"padding-left: 40px; text-align: left;\" data-start=\"343\" data-end=\"382\"><span class=\"relative -mx-px my-[-0.2rem] rounded px-px py-[0.2rem] transition-colors duration-100 ease-in-out\">Effets <strong data-start=\"7\" data-end=\"39\">LED dynamiques style flammes<\/strong>, pour une ambiance festive \u00e9l\u00e9gante<\/span><\/p>\n<p style=\"padding-left: 40px; text-align: left;\" data-start=\"385\" data-end=\"424\"><span class=\"relative -mx-px my-[-0.2rem] rounded px-px py-[0.2rem] transition-colors duration-100 ease-in-out\">Woofer principal 4\u2033 + satellites 3\u2033 pour basse pr\u00e9cise et m\u00e9diums \u00e9quilibr\u00e9s<\/span><\/p>\n<p style=\"padding-left: 40px; text-align: left;\" data-start=\"426\" data-end=\"463\"><span class=\"relative -mx-px my-[-0.2rem] rounded px-px py-[0.2rem] transition-colors duration-100 ease-in-out\">Un syst\u00e8me audio performant, multifonction et visuel, adapt\u00e9 aux soir\u00e9es, r\u00e9unions ou ambiances divertissement<\/span><\/p>\n","protected":false},"featured_media":3673,"comment_status":"open","ping_status":"closed","template":"","meta":{"_monsterinsights_skip_tracking":false,"_monsterinsights_sitenote_active":false,"_monsterinsights_sitenote_note":"","_monsterinsights_sitenote_category":0},"product_brand":[1404],"product_cat":[633],"product_tag":[1405,753],"class_list":{"0":"post-1582","1":"product","2":"type-product","3":"status-publish","4":"has-post-thumbnail","6":"product_brand-dunth","7":"product_cat-haut-parleur","8":"product_tag-1405","9":"product_tag-dunth","11":"first","12":"instock","13":"sale","14":"purchasable","15":"product-type-simple"},"yoast_head":"<!-- This site is optimized with the Yoast SEO plugin v27.4 - https:\/\/yoast.com\/product\/yoast-seo-wordpress\/ -->\n<title>Dunth HAUT PARLEUR DU-SP455 PLUS - mersatradedz<\/title>\n<meta name=\"robots\" content=\"index, follow, max-snippet:-1, max-image-preview:large, max-video-preview:-1\" \/>\n<link rel=\"canonical\" href=\"https:\/\/mersatradedz.com\/ar\/product\/dunth-du-sp455-plus\/\" \/>\n<meta property=\"og:locale\" content=\"ar_AR\" \/>\n<meta property=\"og:type\" content=\"article\" \/>\n<meta property=\"og:title\" content=\"Dunth HAUT PARLEUR DU-SP455 PLUS - mersatradedz\" \/>\n<meta property=\"og:description\" content=\"DU\u2011SP455 PLUS \u2013 son puissant &amp; ambiance lumineuse \ud83c\udfb6 \ud83d\udd0aSyst\u00e8me 2.1 avec puissance 4800\u202fW pour un son riche et immersif\u00a0 \ud83d\udcf1Connectivit\u00e9 Bluetooth sans fil jusqu\u2019\u00e0 10\u202fm, pour diffusion libre depuis smartphone ou tablette\u00a0 Lecteur multim\u00e9dia int\u00e9gr\u00e9 : USB, carte m\u00e9moire, radio FM, entr\u00e9e auxiliaire, t\u00e9l\u00e9commande &amp; micro inclus Effets LED dynamiques style flammes, pour une ambiance festive \u00e9l\u00e9gante Woofer principal 4\u2033 + satellites 3\u2033 pour basse pr\u00e9cise et m\u00e9diums \u00e9quilibr\u00e9s Un syst\u00e8me audio performant, multifonction et visuel, adapt\u00e9 aux soir\u00e9es, r\u00e9unions ou ambiances divertissement\" \/>\n<meta property=\"og:url\" content=\"https:\/\/mersatradedz.com\/ar\/product\/dunth-du-sp455-plus\/\" \/>\n<meta property=\"og:site_name\" content=\"mersatradedz\" \/>\n<meta property=\"article:publisher\" content=\"https:\/\/www.facebook.com\/ntbidz\" \/>\n<meta property=\"article:modified_time\" content=\"2025-11-30T08:27:48+00:00\" \/>\n<meta property=\"og:image\" content=\"https:\/\/mersatradedz.com\/wp-content\/uploads\/2023\/08\/2-5.jpg\" \/>\n\t<meta property=\"og:image:width\" content=\"1080\" \/>\n\t<meta property=\"og:image:height\" content=\"1350\" \/>\n\t<meta property=\"og:image:type\" content=\"image\/jpeg\" \/>\n<meta name=\"twitter:card\" content=\"summary_large_image\" \/>\n<meta name=\"twitter:label1\" content=\"\u0648\u0642\u062a \u0627\u0644\u0642\u0631\u0627\u0621\u0629 \u0627\u0644\u0645\u064f\u0642\u062f\u0651\u0631\" \/>\n\t<meta name=\"twitter:data1\" content=\"\u062f\u0642\u064a\u0642\u0629 \u0648\u0627\u062d\u062f\u0629\" \/>\n<script type=\"application\/ld+json\" class=\"yoast-schema-graph\">{\"@context\":\"https:\\\/\\\/schema.org\",\"@graph\":[{\"@type\":\"WebPage\",\"@id\":\"https:\\\/\\\/mersatradedz.com\\\/product\\\/dunth-du-sp455-plus\\\/\",\"url\":\"https:\\\/\\\/mersatradedz.com\\\/product\\\/dunth-du-sp455-plus\\\/\",\"name\":\"Dunth HAUT PARLEUR DU-SP455 PLUS - mersatradedz\",\"isPartOf\":{\"@id\":\"https:\\\/\\\/mersatradedz.com\\\/#website\"},\"primaryImageOfPage\":{\"@id\":\"https:\\\/\\\/mersatradedz.com\\\/product\\\/dunth-du-sp455-plus\\\/#primaryimage\"},\"image\":{\"@id\":\"https:\\\/\\\/mersatradedz.com\\\/product\\\/dunth-du-sp455-plus\\\/#primaryimage\"},\"thumbnailUrl\":\"https:\\\/\\\/mersatradedz.com\\\/wp-content\\\/uploads\\\/2023\\\/08\\\/2-5.jpg\",\"datePublished\":\"2023-08-08T13:22:29+00:00\",\"dateModified\":\"2025-11-30T08:27:48+00:00\",\"breadcrumb\":{\"@id\":\"https:\\\/\\\/mersatradedz.com\\\/product\\\/dunth-du-sp455-plus\\\/#breadcrumb\"},\"inLanguage\":\"ar\",\"potentialAction\":[{\"@type\":\"ReadAction\",\"target\":[\"https:\\\/\\\/mersatradedz.com\\\/product\\\/dunth-du-sp455-plus\\\/\"]}]},{\"@type\":\"ImageObject\",\"inLanguage\":\"ar\",\"@id\":\"https:\\\/\\\/mersatradedz.com\\\/product\\\/dunth-du-sp455-plus\\\/#primaryimage\",\"url\":\"https:\\\/\\\/mersatradedz.com\\\/wp-content\\\/uploads\\\/2023\\\/08\\\/2-5.jpg\",\"contentUrl\":\"https:\\\/\\\/mersatradedz.com\\\/wp-content\\\/uploads\\\/2023\\\/08\\\/2-5.jpg\",\"width\":1080,\"height\":1350},{\"@type\":\"BreadcrumbList\",\"@id\":\"https:\\\/\\\/mersatradedz.com\\\/product\\\/dunth-du-sp455-plus\\\/#breadcrumb\",\"itemListElement\":[{\"@type\":\"ListItem\",\"position\":1,\"name\":\"Home\",\"item\":\"https:\\\/\\\/mersatradedz.com\\\/ar\\\/\"},{\"@type\":\"ListItem\",\"position\":2,\"name\":\"Boutique\",\"item\":\"https:\\\/\\\/mersatradedz.com\\\/shop\\\/\"},{\"@type\":\"ListItem\",\"position\":3,\"name\":\"Dunth HAUT PARLEUR DU-SP455 PLUS\"}]},{\"@type\":\"WebSite\",\"@id\":\"https:\\\/\\\/mersatradedz.com\\\/#website\",\"url\":\"https:\\\/\\\/mersatradedz.com\\\/\",\"name\":\"mersatradedz\",\"description\":\"\",\"publisher\":{\"@id\":\"https:\\\/\\\/mersatradedz.com\\\/#organization\"},\"potentialAction\":[{\"@type\":\"SearchAction\",\"target\":{\"@type\":\"EntryPoint\",\"urlTemplate\":\"https:\\\/\\\/mersatradedz.com\\\/?s={search_term_string}\"},\"query-input\":{\"@type\":\"PropertyValueSpecification\",\"valueRequired\":true,\"valueName\":\"search_term_string\"}}],\"inLanguage\":\"ar\"},{\"@type\":\"Organization\",\"@id\":\"https:\\\/\\\/mersatradedz.com\\\/#organization\",\"name\":\"mersa trade\",\"url\":\"https:\\\/\\\/mersatradedz.com\\\/\",\"logo\":{\"@type\":\"ImageObject\",\"inLanguage\":\"ar\",\"@id\":\"https:\\\/\\\/mersatradedz.com\\\/#\\\/schema\\\/logo\\\/image\\\/\",\"url\":\"https:\\\/\\\/mersatradedz.com\\\/wp-content\\\/uploads\\\/2023\\\/07\\\/cropped-1684191296456.jpg\",\"contentUrl\":\"https:\\\/\\\/mersatradedz.com\\\/wp-content\\\/uploads\\\/2023\\\/07\\\/cropped-1684191296456.jpg\",\"width\":1451,\"height\":955,\"caption\":\"mersa trade\"},\"image\":{\"@id\":\"https:\\\/\\\/mersatradedz.com\\\/#\\\/schema\\\/logo\\\/image\\\/\"},\"sameAs\":[\"https:\\\/\\\/www.facebook.com\\\/ntbidz\"]}]}<\/script>\n<!-- \/ Yoast SEO plugin. -->","yoast_head_json":{"title":"Dunth HAUT PARLEUR DU-SP455 PLUS - mersatradedz","robots":{"index":"index","follow":"follow","max-snippet":"max-snippet:-1","max-image-preview":"max-image-preview:large","max-video-preview":"max-video-preview:-1"},"canonical":"https:\/\/mersatradedz.com\/ar\/product\/dunth-du-sp455-plus\/","og_locale":"ar_AR","og_type":"article","og_title":"Dunth HAUT PARLEUR DU-SP455 PLUS - mersatradedz","og_description":"DU\u2011SP455 PLUS \u2013 son puissant &amp; ambiance lumineuse \ud83c\udfb6 \ud83d\udd0aSyst\u00e8me 2.1 avec puissance 4800\u202fW pour un son riche et immersif\u00a0 \ud83d\udcf1Connectivit\u00e9 Bluetooth sans fil jusqu\u2019\u00e0 10\u202fm, pour diffusion libre depuis smartphone ou tablette\u00a0 Lecteur multim\u00e9dia int\u00e9gr\u00e9 : USB, carte m\u00e9moire, radio FM, entr\u00e9e auxiliaire, t\u00e9l\u00e9commande &amp; micro inclus Effets LED dynamiques style flammes, pour une ambiance festive \u00e9l\u00e9gante Woofer principal 4\u2033 + satellites 3\u2033 pour basse pr\u00e9cise et m\u00e9diums \u00e9quilibr\u00e9s Un syst\u00e8me audio performant, multifonction et visuel, adapt\u00e9 aux soir\u00e9es, r\u00e9unions ou ambiances divertissement","og_url":"https:\/\/mersatradedz.com\/ar\/product\/dunth-du-sp455-plus\/","og_site_name":"mersatradedz","article_publisher":"https:\/\/www.facebook.com\/ntbidz","article_modified_time":"2025-11-30T08:27:48+00:00","og_image":[{"width":1080,"height":1350,"url":"https:\/\/mersatradedz.com\/wp-content\/uploads\/2023\/08\/2-5.jpg","type":"image\/jpeg"}],"twitter_card":"summary_large_image","twitter_misc":{"\u0648\u0642\u062a \u0627\u0644\u0642\u0631\u0627\u0621\u0629 \u0627\u0644\u0645\u064f\u0642\u062f\u0651\u0631":"\u062f\u0642\u064a\u0642\u0629 \u0648\u0627\u062d\u062f\u0629"},"schema":{"@context":"https:\/\/schema.org","@graph":[{"@type":"WebPage","@id":"https:\/\/mersatradedz.com\/product\/dunth-du-sp455-plus\/","url":"https:\/\/mersatradedz.com\/product\/dunth-du-sp455-plus\/","name":"Dunth HAUT PARLEUR DU-SP455 PLUS - mersatradedz","isPartOf":{"@id":"https:\/\/mersatradedz.com\/#website"},"primaryImageOfPage":{"@id":"https:\/\/mersatradedz.com\/product\/dunth-du-sp455-plus\/#primaryimage"},"image":{"@id":"https:\/\/mersatradedz.com\/product\/dunth-du-sp455-plus\/#primaryimage"},"thumbnailUrl":"https:\/\/mersatradedz.com\/wp-content\/uploads\/2023\/08\/2-5.jpg","datePublished":"2023-08-08T13:22:29+00:00","dateModified":"2025-11-30T08:27:48+00:00","breadcrumb":{"@id":"https:\/\/mersatradedz.com\/product\/dunth-du-sp455-plus\/#breadcrumb"},"inLanguage":"ar","potentialAction":[{"@type":"ReadAction","target":["https:\/\/mersatradedz.com\/product\/dunth-du-sp455-plus\/"]}]},{"@type":"ImageObject","inLanguage":"ar","@id":"https:\/\/mersatradedz.com\/product\/dunth-du-sp455-plus\/#primaryimage","url":"https:\/\/mersatradedz.com\/wp-content\/uploads\/2023\/08\/2-5.jpg","contentUrl":"https:\/\/mersatradedz.com\/wp-content\/uploads\/2023\/08\/2-5.jpg","width":1080,"height":1350},{"@type":"BreadcrumbList","@id":"https:\/\/mersatradedz.com\/product\/dunth-du-sp455-plus\/#breadcrumb","itemListElement":[{"@type":"ListItem","position":1,"name":"Home","item":"https:\/\/mersatradedz.com\/ar\/"},{"@type":"ListItem","position":2,"name":"Boutique","item":"https:\/\/mersatradedz.com\/shop\/"},{"@type":"ListItem","position":3,"name":"Dunth HAUT PARLEUR DU-SP455 PLUS"}]},{"@type":"WebSite","@id":"https:\/\/mersatradedz.com\/#website","url":"https:\/\/mersatradedz.com\/","name":"mersatradedz","description":"","publisher":{"@id":"https:\/\/mersatradedz.com\/#organization"},"potentialAction":[{"@type":"SearchAction","target":{"@type":"EntryPoint","urlTemplate":"https:\/\/mersatradedz.com\/?s={search_term_string}"},"query-input":{"@type":"PropertyValueSpecification","valueRequired":true,"valueName":"search_term_string"}}],"inLanguage":"ar"},{"@type":"Organization","@id":"https:\/\/mersatradedz.com\/#organization","name":"mersa trade","url":"https:\/\/mersatradedz.com\/","logo":{"@type":"ImageObject","inLanguage":"ar","@id":"https:\/\/mersatradedz.com\/#\/schema\/logo\/image\/","url":"https:\/\/mersatradedz.com\/wp-content\/uploads\/2023\/07\/cropped-1684191296456.jpg","contentUrl":"https:\/\/mersatradedz.com\/wp-content\/uploads\/2023\/07\/cropped-1684191296456.jpg","width":1451,"height":955,"caption":"mersa trade"},"image":{"@id":"https:\/\/mersatradedz.com\/#\/schema\/logo\/image\/"},"sameAs":["https:\/\/www.facebook.com\/ntbidz"]}]}},"jetpack_sharing_enabled":true,"_links":{"self":[{"href":"https:\/\/mersatradedz.com\/ar\/wp-json\/wp\/v2\/product\/1582","targetHints":{"allow":["GET"]}}],"collection":[{"href":"https:\/\/mersatradedz.com\/ar\/wp-json\/wp\/v2\/product"}],"about":[{"href":"https:\/\/mersatradedz.com\/ar\/wp-json\/wp\/v2\/types\/product"}],"replies":[{"embeddable":true,"href":"https:\/\/mersatradedz.com\/ar\/wp-json\/wp\/v2\/comments?post=1582"}],"wp:featuredmedia":[{"embeddable":true,"href":"https:\/\/mersatradedz.com\/ar\/wp-json\/wp\/v2\/media\/3673"}],"wp:attachment":[{"href":"https:\/\/mersatradedz.com\/ar\/wp-json\/wp\/v2\/media?parent=1582"}],"wp:term":[{"taxonomy":"product_brand","embeddable":true,"href":"https:\/\/mersatradedz.com\/ar\/wp-json\/wp\/v2\/product_brand?post=1582"},{"taxonomy":"product_cat","embeddable":true,"href":"https:\/\/mersatradedz.com\/ar\/wp-json\/wp\/v2\/product_cat?post=1582"},{"taxonomy":"product_tag","embeddable":true,"href":"https:\/\/mersatradedz.com\/ar\/wp-json\/wp\/v2\/product_tag?post=1582"}],"curies":[{"name":"wp","href":"https:\/\/api.w.org\/{rel}","templated":true}]}}