{"id":1624,"date":"2023-08-08T16:46:49","date_gmt":"2023-08-08T15:46:49","guid":{"rendered":"https:\/\/mersatradedz.com\/product\/haut-parleur-philips-2-1-mms2625b\/"},"modified":"2025-11-30T09:25:18","modified_gmt":"2025-11-30T08:25:18","slug":"haut-parleur-philips-2-1-mms2625b","status":"publish","type":"product","link":"https:\/\/mersatradedz.com\/ar\/product\/haut-parleur-philips-2-1-mms2625b\/","title":{"rendered":"HAUT PARLEUR PHILIPS 2.1 MMS2625B"},"content":{"rendered":"<h2 data-start=\"661\" data-end=\"689\">Pr\u00e9sentation g\u00e9n\u00e9rale<\/h2>\n<p style=\"padding-left: 40px;\" data-start=\"690\" data-end=\"770\"><span class=\"relative -mx-px my-[-0.2rem] rounded px-px py-[0.2rem] transition-colors duration-100 ease-in-out\">Le <strong data-start=\"3\" data-end=\"26\">Philips MMS2625B\/94<\/strong> est un syst\u00e8me audio multim\u00e9dia 2.1 sp\u00e9cialement pens\u00e9 pour un usage domestique ou sur poste de travail. Il combine un subwoofer 4\u2033 (\u2248\u202f15\u202fW RMS) et deux satellites 3\u2033 (\u2248\u202f8\u202fW chacun), pour une puissance totale de <strong data-start=\"239\" data-end=\"251\">31\u202fW RMS<\/strong>, d\u00e9livrant un son clair, bien \u00e9quilibr\u00e9 et enveloppant.<\/span><\/p>\n<h2 data-start=\"772\" data-end=\"802\">Son &amp; performance audio<\/h2>\n<ul data-start=\"803\" data-end=\"969\">\n<li data-start=\"803\" data-end=\"886\">\n<p data-start=\"805\" data-end=\"886\"><span class=\"relative -mx-px my-[-0.2rem] rounded px-px py-[0.2rem] transition-colors duration-100 ease-in-out\">R\u00e9ponse de <strong data-start=\"11\" data-end=\"29\">30\u202fHz \u00e0 20\u202fkHz<\/strong>, s\u00e9paration st\u00e9r\u00e9o sup\u00e9rieure \u00e0 <strong data-start=\"62\" data-end=\"71\">55\u202fdB<\/strong>, et rapport signal\/bruit <strong data-start=\"97\" data-end=\"108\">&gt;\u202f70\u202fdB<\/strong> garantissent un rendu fid\u00e8le, sans bruits parasites ni distorsions sensibles.<\/span><\/p>\n<\/li>\n<li data-start=\"887\" data-end=\"969\">\n<p data-start=\"889\" data-end=\"969\"><span class=\"relative -mx-px my-[-0.2rem] rounded px-px py-[0.2rem] transition-colors duration-100 ease-in-out\">Le ch\u00e2ssis en <strong data-start=\"14\" data-end=\"38\">bois \u00e0 finition mate<\/strong> contribue \u00e0 une meilleure exp\u00e9rience acoustique, avec basses plus riches et m\u00e9diums d\u00e9finis.<\/span><\/p>\n<\/li>\n<\/ul>\n<h2 data-start=\"971\" data-end=\"1002\">Connectivit\u00e9 &amp; commandes<\/h2>\n<ul data-start=\"1003\" data-end=\"1254\">\n<li data-start=\"1003\" data-end=\"1087\">\n<p data-start=\"1005\" data-end=\"1087\"><span class=\"relative -mx-px my-[-0.2rem] rounded px-px py-[0.2rem] transition-colors duration-100 ease-in-out\">Stream sans fil via <strong data-start=\"20\" data-end=\"37\">Bluetooth\u202f4.2<\/strong>, avec port\u00e9e jusqu\u2019\u00e0 <strong data-start=\"59\" data-end=\"67\">10\u202fm<\/strong>, stable et rapide pour une \u00e9coute sans fil fluide.<\/span><\/p>\n<\/li>\n<li data-start=\"1088\" data-end=\"1171\">\n<p data-start=\"1090\" data-end=\"1171\"><span class=\"relative -mx-px my-[-0.2rem] rounded px-px py-[0.2rem] transition-colors duration-100 ease-in-out\">Ports suppl\u00e9mentaires : <strong data-start=\"24\" data-end=\"31\">USB<\/strong>, <strong data-start=\"33\" data-end=\"50\">carte m\u00e9moire<\/strong> et <strong data-start=\"54\" data-end=\"69\">FM int\u00e9gr\u00e9e<\/strong>, ainsi qu\u2019une <strong data-start=\"84\" data-end=\"112\">entr\u00e9e auxiliaire 3,5\u202fmm<\/strong> multi-usage pour toutes les sources audio.<\/span><\/p>\n<\/li>\n<li data-start=\"1172\" data-end=\"1254\">\n<p data-start=\"1174\" data-end=\"1254\"><span class=\"relative -mx-px my-[-0.2rem] rounded px-px py-[0.2rem] transition-colors duration-100 ease-in-out\"><strong data-start=\"0\" data-end=\"31\" data-is-only-node=\"\">T\u00e9l\u00e9commande QWERTY incluse<\/strong> pour un contr\u00f4le \u00e0 distance intuitif de la lecture, du volume et des modes audio.<\/span><\/p>\n<\/li>\n<\/ul>\n<h2 data-start=\"1256\" data-end=\"1284\">Format &amp; consommation<\/h2>\n<ul data-start=\"1285\" data-end=\"1452\">\n<li data-start=\"1285\" data-end=\"1369\">\n<p data-start=\"1287\" data-end=\"1369\"><span class=\"relative -mx-px my-[-0.2rem] rounded px-px py-[0.2rem] transition-colors duration-100 ease-in-out\">Dimensions compactes : satellites \u2248 9 \u00d7 13 \u00d7 7,7\u202fcm, subwoofer \u2248 15,5 \u00d7 26,2 \u00d7 26,4\u202fcm ; poids total ~3,1\u202fkg (emballage ~5,7\u202fkg).<\/span><\/p>\n<\/li>\n<li data-start=\"1370\" data-end=\"1452\">\n<p data-start=\"1372\" data-end=\"1452\"><span class=\"relative -mx-px my-[-0.2rem] rounded px-px py-[0.2rem] transition-colors duration-100 ease-in-out\">Consommation mod\u00e9r\u00e9e (~38\u202fW max ou \u22641\u202fW en veille), conforme aux standards \u00e9nerg\u00e9tiques actuels.<\/span><\/p>\n<\/li>\n<\/ul>\n<h2 data-start=\"1454\" data-end=\"1477\">Inclus &amp; support<\/h2>\n<p style=\"padding-left: 40px;\" data-start=\"1478\" data-end=\"1558\"><span class=\"relative -mx-px my-[-0.2rem] rounded px-px py-[0.2rem] transition-colors duration-100 ease-in-out\">Livr\u00e9 avec <strong data-start=\"11\" data-end=\"27\">t\u00e9l\u00e9commande<\/strong>, <strong data-start=\"29\" data-end=\"44\">c\u00e2ble audio<\/strong>, <strong data-start=\"46\" data-end=\"68\">manuel utilisateur<\/strong> et <strong data-start=\"72\" data-end=\"98\">carte de garantie 1 an<\/strong>, pr\u00eat \u00e0 fonctionner imm\u00e9diatement d\u00e8s la r\u00e9ception<\/span><\/p>\n","protected":false},"excerpt":{"rendered":"<p style=\"text-align: left;\" data-start=\"81\" data-end=\"145\"><strong data-start=\"81\" data-end=\"145\"><strong data-start=\"81\" data-end=\"145\">\ud83c\udfb6<\/strong>Philips\u202fMMS2625B \u2013 syst\u00e8me 2.1 compact &amp; streaming fluide\u00a0<\/strong><\/p>\n<p style=\"padding-left: 40px; text-align: left;\" data-start=\"149\" data-end=\"226\"><span class=\"relative -mx-px my-[-0.2rem] rounded px-px py-[0.2rem] transition-colors duration-100 ease-in-out\">\ud83d\udd0aPuissance totale <strong data-start=\"17\" data-end=\"29\">31\u202fW RMS<\/strong> avec subwoofer <strong data-start=\"45\" data-end=\"53\">15\u202fW<\/strong>, satellites <strong data-start=\"66\" data-end=\"77\">8\u202fW x 2<\/strong> pour un son clair et \u00e9quilibr\u00e9\u00a0<\/span><\/p>\n<p style=\"padding-left: 40px; text-align: left;\" data-start=\"229\" data-end=\"306\"><span class=\"relative -mx-px my-[-0.2rem] rounded px-px py-[0.2rem] transition-colors duration-100 ease-in-out\">\ud83d\udce1Connectivit\u00e9 polyvalente : <strong data-start=\"27\" data-end=\"59\">Bluetooth\u202f4.2 (jusqu\u2019\u00e0 10\u202fm)<\/strong>, <strong data-start=\"61\" data-end=\"68\">USB<\/strong>, <strong data-start=\"70\" data-end=\"91\">entr\u00e9e AUX 3,5\u202fmm<\/strong> et <strong data-start=\"95\" data-end=\"107\">radio FM<\/strong> int\u00e9gr\u00e9e\u00a0<\/span><\/p>\n<p style=\"padding-left: 40px; text-align: left;\" data-start=\"309\" data-end=\"386\"><span class=\"relative -mx-px my-[-0.2rem] rounded px-px py-[0.2rem] transition-colors duration-100 ease-in-out\">Bo\u00eetier en <strong data-start=\"11\" data-end=\"35\">bois \u00e0 finition mate<\/strong> pour une meilleure acoustique et un rendu plus riche<\/span><\/p>\n<p style=\"padding-left: 40px; text-align: left;\" data-start=\"389\" data-end=\"466\"><span class=\"relative -mx-px my-[-0.2rem] rounded px-px py-[0.2rem] transition-colors duration-100 ease-in-out\">\ud83d\uddb1\ufe0fT\u00e9l\u00e9commande QWERTY incluse pour navigation \u00e0 distance, lecture &amp; r\u00e9glage du volume facilement\u00a0<\/span><\/p>\n<p style=\"padding-left: 40px; text-align: left;\" data-start=\"469\" data-end=\"548\"><span class=\"relative -mx-px my-[-0.2rem] rounded px-px py-[0.2rem] transition-colors duration-100 ease-in-out\">\ud83c\udf9b\ufe0fRatio signal\/bruit <strong data-start=\"19\" data-end=\"30\">&gt; 70\u202fdB<\/strong>, s\u00e9paration de canaux <strong data-start=\"53\" data-end=\"64\">&gt; 55\u202fdB<\/strong>, THD &lt;\u202f10\u202f% pour un son propre et sans distorsion\u00a0<\/span><\/p>\n<p style=\"padding-left: 40px; text-align: left;\" data-start=\"550\" data-end=\"589\"><span class=\"relative -mx-px my-[-0.2rem] rounded px-px py-[0.2rem] transition-colors duration-100 ease-in-out\">Un ensemble audio multim\u00e9dia raffin\u00e9, id\u00e9al pour une utilisation bureau, PC, TV ou lecture musicale fluide.<\/span><\/p>\n","protected":false},"featured_media":3698,"comment_status":"open","ping_status":"closed","template":"","meta":{"_monsterinsights_skip_tracking":false,"_monsterinsights_sitenote_active":false,"_monsterinsights_sitenote_note":"","_monsterinsights_sitenote_category":0},"product_brand":[1406],"product_cat":[633],"product_tag":[1407,753],"class_list":{"0":"post-1624","1":"product","2":"type-product","3":"status-publish","4":"has-post-thumbnail","6":"product_brand-philips","7":"product_cat-haut-parleur","8":"product_tag-1407","9":"product_tag-dunth","11":"first","12":"instock","13":"sale","14":"purchasable","15":"product-type-simple"},"yoast_head":"<!-- This site is optimized with the Yoast SEO plugin v27.4 - https:\/\/yoast.com\/product\/yoast-seo-wordpress\/ -->\n<title>HAUT PARLEUR PHILIPS 2.1 MMS2625B - mersatradedz<\/title>\n<meta name=\"robots\" content=\"index, follow, max-snippet:-1, max-image-preview:large, max-video-preview:-1\" \/>\n<link rel=\"canonical\" href=\"https:\/\/mersatradedz.com\/ar\/product\/haut-parleur-philips-2-1-mms2625b\/\" \/>\n<meta property=\"og:locale\" content=\"ar_AR\" \/>\n<meta property=\"og:type\" content=\"article\" \/>\n<meta property=\"og:title\" content=\"HAUT PARLEUR PHILIPS 2.1 MMS2625B - mersatradedz\" \/>\n<meta property=\"og:description\" content=\"\ud83c\udfb6Philips\u202fMMS2625B \u2013 syst\u00e8me 2.1 compact &amp; streaming fluide\u00a0 \ud83d\udd0aPuissance totale 31\u202fW RMS avec subwoofer 15\u202fW, satellites 8\u202fW x 2 pour un son clair et \u00e9quilibr\u00e9\u00a0 \ud83d\udce1Connectivit\u00e9 polyvalente : Bluetooth\u202f4.2 (jusqu\u2019\u00e0 10\u202fm), USB, entr\u00e9e AUX 3,5\u202fmm et radio FM int\u00e9gr\u00e9e\u00a0 Bo\u00eetier en bois \u00e0 finition mate pour une meilleure acoustique et un rendu plus riche \ud83d\uddb1\ufe0fT\u00e9l\u00e9commande QWERTY incluse pour navigation \u00e0 distance, lecture &amp; r\u00e9glage du volume facilement\u00a0 \ud83c\udf9b\ufe0fRatio signal\/bruit &gt; 70\u202fdB, s\u00e9paration de canaux &gt; 55\u202fdB, THD &lt;\u202f10\u202f% pour un son propre et sans distorsion\u00a0 Un ensemble audio multim\u00e9dia raffin\u00e9, id\u00e9al pour une utilisation bureau, PC, TV ou lecture musicale fluide.\" \/>\n<meta property=\"og:url\" content=\"https:\/\/mersatradedz.com\/ar\/product\/haut-parleur-philips-2-1-mms2625b\/\" \/>\n<meta property=\"og:site_name\" content=\"mersatradedz\" \/>\n<meta property=\"article:publisher\" content=\"https:\/\/www.facebook.com\/ntbidz\" \/>\n<meta property=\"article:modified_time\" content=\"2025-11-30T08:25:18+00:00\" \/>\n<meta property=\"og:image\" content=\"https:\/\/mersatradedz.com\/wp-content\/uploads\/2023\/08\/2-8.jpg\" \/>\n\t<meta property=\"og:image:width\" content=\"1080\" \/>\n\t<meta property=\"og:image:height\" content=\"1350\" \/>\n\t<meta property=\"og:image:type\" content=\"image\/jpeg\" \/>\n<meta name=\"twitter:card\" content=\"summary_large_image\" \/>\n<meta name=\"twitter:label1\" content=\"\u0648\u0642\u062a \u0627\u0644\u0642\u0631\u0627\u0621\u0629 \u0627\u0644\u0645\u064f\u0642\u062f\u0651\u0631\" \/>\n\t<meta name=\"twitter:data1\" content=\"\u062f\u0642\u064a\u0642\u062a\u0627\u0646\" \/>\n<script type=\"application\/ld+json\" class=\"yoast-schema-graph\">{\"@context\":\"https:\\\/\\\/schema.org\",\"@graph\":[{\"@type\":\"WebPage\",\"@id\":\"https:\\\/\\\/mersatradedz.com\\\/product\\\/haut-parleur-philips-2-1-mms2625b\\\/\",\"url\":\"https:\\\/\\\/mersatradedz.com\\\/product\\\/haut-parleur-philips-2-1-mms2625b\\\/\",\"name\":\"HAUT PARLEUR PHILIPS 2.1 MMS2625B - mersatradedz\",\"isPartOf\":{\"@id\":\"https:\\\/\\\/mersatradedz.com\\\/#website\"},\"primaryImageOfPage\":{\"@id\":\"https:\\\/\\\/mersatradedz.com\\\/product\\\/haut-parleur-philips-2-1-mms2625b\\\/#primaryimage\"},\"image\":{\"@id\":\"https:\\\/\\\/mersatradedz.com\\\/product\\\/haut-parleur-philips-2-1-mms2625b\\\/#primaryimage\"},\"thumbnailUrl\":\"https:\\\/\\\/mersatradedz.com\\\/wp-content\\\/uploads\\\/2023\\\/08\\\/2-8.jpg\",\"datePublished\":\"2023-08-08T15:46:49+00:00\",\"dateModified\":\"2025-11-30T08:25:18+00:00\",\"breadcrumb\":{\"@id\":\"https:\\\/\\\/mersatradedz.com\\\/product\\\/haut-parleur-philips-2-1-mms2625b\\\/#breadcrumb\"},\"inLanguage\":\"ar\",\"potentialAction\":[{\"@type\":\"ReadAction\",\"target\":[\"https:\\\/\\\/mersatradedz.com\\\/product\\\/haut-parleur-philips-2-1-mms2625b\\\/\"]}]},{\"@type\":\"ImageObject\",\"inLanguage\":\"ar\",\"@id\":\"https:\\\/\\\/mersatradedz.com\\\/product\\\/haut-parleur-philips-2-1-mms2625b\\\/#primaryimage\",\"url\":\"https:\\\/\\\/mersatradedz.com\\\/wp-content\\\/uploads\\\/2023\\\/08\\\/2-8.jpg\",\"contentUrl\":\"https:\\\/\\\/mersatradedz.com\\\/wp-content\\\/uploads\\\/2023\\\/08\\\/2-8.jpg\",\"width\":1080,\"height\":1350},{\"@type\":\"BreadcrumbList\",\"@id\":\"https:\\\/\\\/mersatradedz.com\\\/product\\\/haut-parleur-philips-2-1-mms2625b\\\/#breadcrumb\",\"itemListElement\":[{\"@type\":\"ListItem\",\"position\":1,\"name\":\"Home\",\"item\":\"https:\\\/\\\/mersatradedz.com\\\/ar\\\/\"},{\"@type\":\"ListItem\",\"position\":2,\"name\":\"Boutique\",\"item\":\"https:\\\/\\\/mersatradedz.com\\\/shop\\\/\"},{\"@type\":\"ListItem\",\"position\":3,\"name\":\"HAUT PARLEUR PHILIPS 2.1 MMS2625B\"}]},{\"@type\":\"WebSite\",\"@id\":\"https:\\\/\\\/mersatradedz.com\\\/#website\",\"url\":\"https:\\\/\\\/mersatradedz.com\\\/\",\"name\":\"mersatradedz\",\"description\":\"\",\"publisher\":{\"@id\":\"https:\\\/\\\/mersatradedz.com\\\/#organization\"},\"potentialAction\":[{\"@type\":\"SearchAction\",\"target\":{\"@type\":\"EntryPoint\",\"urlTemplate\":\"https:\\\/\\\/mersatradedz.com\\\/?s={search_term_string}\"},\"query-input\":{\"@type\":\"PropertyValueSpecification\",\"valueRequired\":true,\"valueName\":\"search_term_string\"}}],\"inLanguage\":\"ar\"},{\"@type\":\"Organization\",\"@id\":\"https:\\\/\\\/mersatradedz.com\\\/#organization\",\"name\":\"mersa trade\",\"url\":\"https:\\\/\\\/mersatradedz.com\\\/\",\"logo\":{\"@type\":\"ImageObject\",\"inLanguage\":\"ar\",\"@id\":\"https:\\\/\\\/mersatradedz.com\\\/#\\\/schema\\\/logo\\\/image\\\/\",\"url\":\"https:\\\/\\\/mersatradedz.com\\\/wp-content\\\/uploads\\\/2023\\\/07\\\/cropped-1684191296456.jpg\",\"contentUrl\":\"https:\\\/\\\/mersatradedz.com\\\/wp-content\\\/uploads\\\/2023\\\/07\\\/cropped-1684191296456.jpg\",\"width\":1451,\"height\":955,\"caption\":\"mersa trade\"},\"image\":{\"@id\":\"https:\\\/\\\/mersatradedz.com\\\/#\\\/schema\\\/logo\\\/image\\\/\"},\"sameAs\":[\"https:\\\/\\\/www.facebook.com\\\/ntbidz\"]}]}<\/script>\n<!-- \/ Yoast SEO plugin. -->","yoast_head_json":{"title":"HAUT PARLEUR PHILIPS 2.1 MMS2625B - mersatradedz","robots":{"index":"index","follow":"follow","max-snippet":"max-snippet:-1","max-image-preview":"max-image-preview:large","max-video-preview":"max-video-preview:-1"},"canonical":"https:\/\/mersatradedz.com\/ar\/product\/haut-parleur-philips-2-1-mms2625b\/","og_locale":"ar_AR","og_type":"article","og_title":"HAUT PARLEUR PHILIPS 2.1 MMS2625B - mersatradedz","og_description":"\ud83c\udfb6Philips\u202fMMS2625B \u2013 syst\u00e8me 2.1 compact &amp; streaming fluide\u00a0 \ud83d\udd0aPuissance totale 31\u202fW RMS avec subwoofer 15\u202fW, satellites 8\u202fW x 2 pour un son clair et \u00e9quilibr\u00e9\u00a0 \ud83d\udce1Connectivit\u00e9 polyvalente : Bluetooth\u202f4.2 (jusqu\u2019\u00e0 10\u202fm), USB, entr\u00e9e AUX 3,5\u202fmm et radio FM int\u00e9gr\u00e9e\u00a0 Bo\u00eetier en bois \u00e0 finition mate pour une meilleure acoustique et un rendu plus riche \ud83d\uddb1\ufe0fT\u00e9l\u00e9commande QWERTY incluse pour navigation \u00e0 distance, lecture &amp; r\u00e9glage du volume facilement\u00a0 \ud83c\udf9b\ufe0fRatio signal\/bruit &gt; 70\u202fdB, s\u00e9paration de canaux &gt; 55\u202fdB, THD &lt;\u202f10\u202f% pour un son propre et sans distorsion\u00a0 Un ensemble audio multim\u00e9dia raffin\u00e9, id\u00e9al pour une utilisation bureau, PC, TV ou lecture musicale fluide.","og_url":"https:\/\/mersatradedz.com\/ar\/product\/haut-parleur-philips-2-1-mms2625b\/","og_site_name":"mersatradedz","article_publisher":"https:\/\/www.facebook.com\/ntbidz","article_modified_time":"2025-11-30T08:25:18+00:00","og_image":[{"width":1080,"height":1350,"url":"https:\/\/mersatradedz.com\/wp-content\/uploads\/2023\/08\/2-8.jpg","type":"image\/jpeg"}],"twitter_card":"summary_large_image","twitter_misc":{"\u0648\u0642\u062a \u0627\u0644\u0642\u0631\u0627\u0621\u0629 \u0627\u0644\u0645\u064f\u0642\u062f\u0651\u0631":"\u062f\u0642\u064a\u0642\u062a\u0627\u0646"},"schema":{"@context":"https:\/\/schema.org","@graph":[{"@type":"WebPage","@id":"https:\/\/mersatradedz.com\/product\/haut-parleur-philips-2-1-mms2625b\/","url":"https:\/\/mersatradedz.com\/product\/haut-parleur-philips-2-1-mms2625b\/","name":"HAUT PARLEUR PHILIPS 2.1 MMS2625B - mersatradedz","isPartOf":{"@id":"https:\/\/mersatradedz.com\/#website"},"primaryImageOfPage":{"@id":"https:\/\/mersatradedz.com\/product\/haut-parleur-philips-2-1-mms2625b\/#primaryimage"},"image":{"@id":"https:\/\/mersatradedz.com\/product\/haut-parleur-philips-2-1-mms2625b\/#primaryimage"},"thumbnailUrl":"https:\/\/mersatradedz.com\/wp-content\/uploads\/2023\/08\/2-8.jpg","datePublished":"2023-08-08T15:46:49+00:00","dateModified":"2025-11-30T08:25:18+00:00","breadcrumb":{"@id":"https:\/\/mersatradedz.com\/product\/haut-parleur-philips-2-1-mms2625b\/#breadcrumb"},"inLanguage":"ar","potentialAction":[{"@type":"ReadAction","target":["https:\/\/mersatradedz.com\/product\/haut-parleur-philips-2-1-mms2625b\/"]}]},{"@type":"ImageObject","inLanguage":"ar","@id":"https:\/\/mersatradedz.com\/product\/haut-parleur-philips-2-1-mms2625b\/#primaryimage","url":"https:\/\/mersatradedz.com\/wp-content\/uploads\/2023\/08\/2-8.jpg","contentUrl":"https:\/\/mersatradedz.com\/wp-content\/uploads\/2023\/08\/2-8.jpg","width":1080,"height":1350},{"@type":"BreadcrumbList","@id":"https:\/\/mersatradedz.com\/product\/haut-parleur-philips-2-1-mms2625b\/#breadcrumb","itemListElement":[{"@type":"ListItem","position":1,"name":"Home","item":"https:\/\/mersatradedz.com\/ar\/"},{"@type":"ListItem","position":2,"name":"Boutique","item":"https:\/\/mersatradedz.com\/shop\/"},{"@type":"ListItem","position":3,"name":"HAUT PARLEUR PHILIPS 2.1 MMS2625B"}]},{"@type":"WebSite","@id":"https:\/\/mersatradedz.com\/#website","url":"https:\/\/mersatradedz.com\/","name":"mersatradedz","description":"","publisher":{"@id":"https:\/\/mersatradedz.com\/#organization"},"potentialAction":[{"@type":"SearchAction","target":{"@type":"EntryPoint","urlTemplate":"https:\/\/mersatradedz.com\/?s={search_term_string}"},"query-input":{"@type":"PropertyValueSpecification","valueRequired":true,"valueName":"search_term_string"}}],"inLanguage":"ar"},{"@type":"Organization","@id":"https:\/\/mersatradedz.com\/#organization","name":"mersa trade","url":"https:\/\/mersatradedz.com\/","logo":{"@type":"ImageObject","inLanguage":"ar","@id":"https:\/\/mersatradedz.com\/#\/schema\/logo\/image\/","url":"https:\/\/mersatradedz.com\/wp-content\/uploads\/2023\/07\/cropped-1684191296456.jpg","contentUrl":"https:\/\/mersatradedz.com\/wp-content\/uploads\/2023\/07\/cropped-1684191296456.jpg","width":1451,"height":955,"caption":"mersa trade"},"image":{"@id":"https:\/\/mersatradedz.com\/#\/schema\/logo\/image\/"},"sameAs":["https:\/\/www.facebook.com\/ntbidz"]}]}},"jetpack_sharing_enabled":true,"_links":{"self":[{"href":"https:\/\/mersatradedz.com\/ar\/wp-json\/wp\/v2\/product\/1624","targetHints":{"allow":["GET"]}}],"collection":[{"href":"https:\/\/mersatradedz.com\/ar\/wp-json\/wp\/v2\/product"}],"about":[{"href":"https:\/\/mersatradedz.com\/ar\/wp-json\/wp\/v2\/types\/product"}],"replies":[{"embeddable":true,"href":"https:\/\/mersatradedz.com\/ar\/wp-json\/wp\/v2\/comments?post=1624"}],"wp:featuredmedia":[{"embeddable":true,"href":"https:\/\/mersatradedz.com\/ar\/wp-json\/wp\/v2\/media\/3698"}],"wp:attachment":[{"href":"https:\/\/mersatradedz.com\/ar\/wp-json\/wp\/v2\/media?parent=1624"}],"wp:term":[{"taxonomy":"product_brand","embeddable":true,"href":"https:\/\/mersatradedz.com\/ar\/wp-json\/wp\/v2\/product_brand?post=1624"},{"taxonomy":"product_cat","embeddable":true,"href":"https:\/\/mersatradedz.com\/ar\/wp-json\/wp\/v2\/product_cat?post=1624"},{"taxonomy":"product_tag","embeddable":true,"href":"https:\/\/mersatradedz.com\/ar\/wp-json\/wp\/v2\/product_tag?post=1624"}],"curies":[{"name":"wp","href":"https:\/\/api.w.org\/{rel}","templated":true}]}}