{"id":1637,"date":"2023-08-09T09:08:13","date_gmt":"2023-08-09T08:08:13","guid":{"rendered":"https:\/\/mersatradedz.com\/product\/produit-3\/"},"modified":"2025-02-17T09:46:45","modified_gmt":"2025-02-17T08:46:45","slug":"produit-3","status":"publish","type":"product","link":"https:\/\/mersatradedz.com\/ar\/product\/produit-3\/","title":{"rendered":"D-Link Routeur Sans Fil N300 4 Ports DIR-612"},"content":{"rendered":"<p>Configuration en quelques minutes avec l&rsquo;assistant de configuration D-Link<br \/>\nTechnologie IEEE 802.11n\/g<br \/>\nPrend en charge le cryptage sans fil \u00e0 l&rsquo;aide de WPA\u2122 ou WPA2\u2122<br \/>\nPorts Fast Ethernet (WAN\/LAN) pour partager un acc\u00e8s Internet haut d\u00e9bit avec des ordinateurs et des jeux<br \/>\nAntennes \u00e0 gain \u00e9lev\u00e9 pour am\u00e9liorer la couverture Wi-Fi autour de votre maison<br \/>\nPrend en charge la configuration prot\u00e9g\u00e9e Wi-Fi (WPS)<\/p>\n<p>4137<\/p>","protected":false},"excerpt":{"rendered":"<p>Configuration en quelques minutes avec l&rsquo;assistant de configuration D-Link Technologie IEEE 802.11n\/g Prend en charge le cryptage sans fil \u00e0 l&rsquo;aide de WPA\u2122 ou WPA2\u2122 Ports Fast Ethernet (WAN\/LAN) pour partager un acc\u00e8s Internet haut d\u00e9bit avec des ordinateurs et des jeux Antennes \u00e0 gain \u00e9lev\u00e9 pour am\u00e9liorer la couverture Wi-Fi autour de votre maison [&hellip;]<\/p>\n","protected":false},"featured_media":1641,"comment_status":"open","ping_status":"closed","template":"","meta":{"_monsterinsights_skip_tracking":false,"_monsterinsights_sitenote_active":false,"_monsterinsights_sitenote_note":"","_monsterinsights_sitenote_category":0},"product_brand":[],"product_cat":[24],"product_tag":[751,114],"class_list":{"0":"post-1637","1":"product","2":"type-product","3":"status-publish","4":"has-post-thumbnail","6":"product_cat-accessoire","7":"product_tag-751","8":"product_tag-modem","10":"first","11":"instock","12":"shipping-taxable","13":"purchasable","14":"product-type-simple"},"yoast_head":"<!-- This site is optimized with the Yoast SEO plugin v27.4 - https:\/\/yoast.com\/product\/yoast-seo-wordpress\/ -->\n<title>D-Link Routeur Sans Fil N300 4 Ports DIR-612 - mersatradedz<\/title>\n<meta name=\"robots\" content=\"index, follow, max-snippet:-1, max-image-preview:large, max-video-preview:-1\" \/>\n<link rel=\"canonical\" href=\"https:\/\/mersatradedz.com\/ar\/product\/produit-3\/\" \/>\n<meta property=\"og:locale\" content=\"ar_AR\" \/>\n<meta property=\"og:type\" content=\"article\" \/>\n<meta property=\"og:title\" content=\"D-Link Routeur Sans Fil N300 4 Ports DIR-612 - mersatradedz\" \/>\n<meta property=\"og:description\" content=\"Configuration en quelques minutes avec l&rsquo;assistant de configuration D-Link Technologie IEEE 802.11n\/g Prend en charge le cryptage sans fil \u00e0 l&rsquo;aide de WPA\u2122 ou WPA2\u2122 Ports Fast Ethernet (WAN\/LAN) pour partager un acc\u00e8s Internet haut d\u00e9bit avec des ordinateurs et des jeux Antennes \u00e0 gain \u00e9lev\u00e9 pour am\u00e9liorer la couverture Wi-Fi autour de votre maison [&hellip;]\" \/>\n<meta property=\"og:url\" content=\"https:\/\/mersatradedz.com\/ar\/product\/produit-3\/\" \/>\n<meta property=\"og:site_name\" content=\"mersatradedz\" \/>\n<meta property=\"article:publisher\" content=\"https:\/\/www.facebook.com\/ntbidz\" \/>\n<meta property=\"article:modified_time\" content=\"2025-02-17T08:46:45+00:00\" \/>\n<meta property=\"og:image\" content=\"https:\/\/mersatradedz.com\/wp-content\/uploads\/2023\/08\/1000021218.jpg\" \/>\n\t<meta property=\"og:image:width\" content=\"680\" \/>\n\t<meta property=\"og:image:height\" content=\"680\" \/>\n\t<meta property=\"og:image:type\" content=\"image\/jpeg\" \/>\n<meta name=\"twitter:card\" content=\"summary_large_image\" \/>\n<script type=\"application\/ld+json\" class=\"yoast-schema-graph\">{\"@context\":\"https:\\\/\\\/schema.org\",\"@graph\":[{\"@type\":\"WebPage\",\"@id\":\"https:\\\/\\\/mersatradedz.com\\\/product\\\/produit-3\\\/\",\"url\":\"https:\\\/\\\/mersatradedz.com\\\/product\\\/produit-3\\\/\",\"name\":\"D-Link Routeur Sans Fil N300 4 Ports DIR-612 - mersatradedz\",\"isPartOf\":{\"@id\":\"https:\\\/\\\/mersatradedz.com\\\/#website\"},\"primaryImageOfPage\":{\"@id\":\"https:\\\/\\\/mersatradedz.com\\\/product\\\/produit-3\\\/#primaryimage\"},\"image\":{\"@id\":\"https:\\\/\\\/mersatradedz.com\\\/product\\\/produit-3\\\/#primaryimage\"},\"thumbnailUrl\":\"https:\\\/\\\/mersatradedz.com\\\/wp-content\\\/uploads\\\/2023\\\/08\\\/1000021218.jpg\",\"datePublished\":\"2023-08-09T08:08:13+00:00\",\"dateModified\":\"2025-02-17T08:46:45+00:00\",\"breadcrumb\":{\"@id\":\"https:\\\/\\\/mersatradedz.com\\\/product\\\/produit-3\\\/#breadcrumb\"},\"inLanguage\":\"ar\",\"potentialAction\":[{\"@type\":\"ReadAction\",\"target\":[\"https:\\\/\\\/mersatradedz.com\\\/product\\\/produit-3\\\/\"]}]},{\"@type\":\"ImageObject\",\"inLanguage\":\"ar\",\"@id\":\"https:\\\/\\\/mersatradedz.com\\\/product\\\/produit-3\\\/#primaryimage\",\"url\":\"https:\\\/\\\/mersatradedz.com\\\/wp-content\\\/uploads\\\/2023\\\/08\\\/1000021218.jpg\",\"contentUrl\":\"https:\\\/\\\/mersatradedz.com\\\/wp-content\\\/uploads\\\/2023\\\/08\\\/1000021218.jpg\",\"width\":680,\"height\":680},{\"@type\":\"BreadcrumbList\",\"@id\":\"https:\\\/\\\/mersatradedz.com\\\/product\\\/produit-3\\\/#breadcrumb\",\"itemListElement\":[{\"@type\":\"ListItem\",\"position\":1,\"name\":\"Home\",\"item\":\"https:\\\/\\\/mersatradedz.com\\\/ar\\\/\"},{\"@type\":\"ListItem\",\"position\":2,\"name\":\"Boutique\",\"item\":\"https:\\\/\\\/mersatradedz.com\\\/shop\\\/\"},{\"@type\":\"ListItem\",\"position\":3,\"name\":\"D-Link Routeur Sans Fil N300 4 Ports DIR-612\"}]},{\"@type\":\"WebSite\",\"@id\":\"https:\\\/\\\/mersatradedz.com\\\/#website\",\"url\":\"https:\\\/\\\/mersatradedz.com\\\/\",\"name\":\"mersatradedz\",\"description\":\"\",\"publisher\":{\"@id\":\"https:\\\/\\\/mersatradedz.com\\\/#organization\"},\"potentialAction\":[{\"@type\":\"SearchAction\",\"target\":{\"@type\":\"EntryPoint\",\"urlTemplate\":\"https:\\\/\\\/mersatradedz.com\\\/?s={search_term_string}\"},\"query-input\":{\"@type\":\"PropertyValueSpecification\",\"valueRequired\":true,\"valueName\":\"search_term_string\"}}],\"inLanguage\":\"ar\"},{\"@type\":\"Organization\",\"@id\":\"https:\\\/\\\/mersatradedz.com\\\/#organization\",\"name\":\"mersa trade\",\"url\":\"https:\\\/\\\/mersatradedz.com\\\/\",\"logo\":{\"@type\":\"ImageObject\",\"inLanguage\":\"ar\",\"@id\":\"https:\\\/\\\/mersatradedz.com\\\/#\\\/schema\\\/logo\\\/image\\\/\",\"url\":\"https:\\\/\\\/mersatradedz.com\\\/wp-content\\\/uploads\\\/2023\\\/07\\\/cropped-1684191296456.jpg\",\"contentUrl\":\"https:\\\/\\\/mersatradedz.com\\\/wp-content\\\/uploads\\\/2023\\\/07\\\/cropped-1684191296456.jpg\",\"width\":1451,\"height\":955,\"caption\":\"mersa trade\"},\"image\":{\"@id\":\"https:\\\/\\\/mersatradedz.com\\\/#\\\/schema\\\/logo\\\/image\\\/\"},\"sameAs\":[\"https:\\\/\\\/www.facebook.com\\\/ntbidz\"]}]}<\/script>\n<!-- \/ Yoast SEO plugin. -->","yoast_head_json":{"title":"D-Link Routeur Sans Fil N300 4 Ports DIR-612 - mersatradedz","robots":{"index":"index","follow":"follow","max-snippet":"max-snippet:-1","max-image-preview":"max-image-preview:large","max-video-preview":"max-video-preview:-1"},"canonical":"https:\/\/mersatradedz.com\/ar\/product\/produit-3\/","og_locale":"ar_AR","og_type":"article","og_title":"D-Link Routeur Sans Fil N300 4 Ports DIR-612 - mersatradedz","og_description":"Configuration en quelques minutes avec l&rsquo;assistant de configuration D-Link Technologie IEEE 802.11n\/g Prend en charge le cryptage sans fil \u00e0 l&rsquo;aide de WPA\u2122 ou WPA2\u2122 Ports Fast Ethernet (WAN\/LAN) pour partager un acc\u00e8s Internet haut d\u00e9bit avec des ordinateurs et des jeux Antennes \u00e0 gain \u00e9lev\u00e9 pour am\u00e9liorer la couverture Wi-Fi autour de votre maison [&hellip;]","og_url":"https:\/\/mersatradedz.com\/ar\/product\/produit-3\/","og_site_name":"mersatradedz","article_publisher":"https:\/\/www.facebook.com\/ntbidz","article_modified_time":"2025-02-17T08:46:45+00:00","og_image":[{"width":680,"height":680,"url":"https:\/\/mersatradedz.com\/wp-content\/uploads\/2023\/08\/1000021218.jpg","type":"image\/jpeg"}],"twitter_card":"summary_large_image","schema":{"@context":"https:\/\/schema.org","@graph":[{"@type":"WebPage","@id":"https:\/\/mersatradedz.com\/product\/produit-3\/","url":"https:\/\/mersatradedz.com\/product\/produit-3\/","name":"D-Link Routeur Sans Fil N300 4 Ports DIR-612 - mersatradedz","isPartOf":{"@id":"https:\/\/mersatradedz.com\/#website"},"primaryImageOfPage":{"@id":"https:\/\/mersatradedz.com\/product\/produit-3\/#primaryimage"},"image":{"@id":"https:\/\/mersatradedz.com\/product\/produit-3\/#primaryimage"},"thumbnailUrl":"https:\/\/mersatradedz.com\/wp-content\/uploads\/2023\/08\/1000021218.jpg","datePublished":"2023-08-09T08:08:13+00:00","dateModified":"2025-02-17T08:46:45+00:00","breadcrumb":{"@id":"https:\/\/mersatradedz.com\/product\/produit-3\/#breadcrumb"},"inLanguage":"ar","potentialAction":[{"@type":"ReadAction","target":["https:\/\/mersatradedz.com\/product\/produit-3\/"]}]},{"@type":"ImageObject","inLanguage":"ar","@id":"https:\/\/mersatradedz.com\/product\/produit-3\/#primaryimage","url":"https:\/\/mersatradedz.com\/wp-content\/uploads\/2023\/08\/1000021218.jpg","contentUrl":"https:\/\/mersatradedz.com\/wp-content\/uploads\/2023\/08\/1000021218.jpg","width":680,"height":680},{"@type":"BreadcrumbList","@id":"https:\/\/mersatradedz.com\/product\/produit-3\/#breadcrumb","itemListElement":[{"@type":"ListItem","position":1,"name":"Home","item":"https:\/\/mersatradedz.com\/ar\/"},{"@type":"ListItem","position":2,"name":"Boutique","item":"https:\/\/mersatradedz.com\/shop\/"},{"@type":"ListItem","position":3,"name":"D-Link Routeur Sans Fil N300 4 Ports DIR-612"}]},{"@type":"WebSite","@id":"https:\/\/mersatradedz.com\/#website","url":"https:\/\/mersatradedz.com\/","name":"mersatradedz","description":"","publisher":{"@id":"https:\/\/mersatradedz.com\/#organization"},"potentialAction":[{"@type":"SearchAction","target":{"@type":"EntryPoint","urlTemplate":"https:\/\/mersatradedz.com\/?s={search_term_string}"},"query-input":{"@type":"PropertyValueSpecification","valueRequired":true,"valueName":"search_term_string"}}],"inLanguage":"ar"},{"@type":"Organization","@id":"https:\/\/mersatradedz.com\/#organization","name":"mersa trade","url":"https:\/\/mersatradedz.com\/","logo":{"@type":"ImageObject","inLanguage":"ar","@id":"https:\/\/mersatradedz.com\/#\/schema\/logo\/image\/","url":"https:\/\/mersatradedz.com\/wp-content\/uploads\/2023\/07\/cropped-1684191296456.jpg","contentUrl":"https:\/\/mersatradedz.com\/wp-content\/uploads\/2023\/07\/cropped-1684191296456.jpg","width":1451,"height":955,"caption":"mersa trade"},"image":{"@id":"https:\/\/mersatradedz.com\/#\/schema\/logo\/image\/"},"sameAs":["https:\/\/www.facebook.com\/ntbidz"]}]}},"jetpack_sharing_enabled":true,"_links":{"self":[{"href":"https:\/\/mersatradedz.com\/ar\/wp-json\/wp\/v2\/product\/1637","targetHints":{"allow":["GET"]}}],"collection":[{"href":"https:\/\/mersatradedz.com\/ar\/wp-json\/wp\/v2\/product"}],"about":[{"href":"https:\/\/mersatradedz.com\/ar\/wp-json\/wp\/v2\/types\/product"}],"replies":[{"embeddable":true,"href":"https:\/\/mersatradedz.com\/ar\/wp-json\/wp\/v2\/comments?post=1637"}],"wp:featuredmedia":[{"embeddable":true,"href":"https:\/\/mersatradedz.com\/ar\/wp-json\/wp\/v2\/media\/1641"}],"wp:attachment":[{"href":"https:\/\/mersatradedz.com\/ar\/wp-json\/wp\/v2\/media?parent=1637"}],"wp:term":[{"taxonomy":"product_brand","embeddable":true,"href":"https:\/\/mersatradedz.com\/ar\/wp-json\/wp\/v2\/product_brand?post=1637"},{"taxonomy":"product_cat","embeddable":true,"href":"https:\/\/mersatradedz.com\/ar\/wp-json\/wp\/v2\/product_cat?post=1637"},{"taxonomy":"product_tag","embeddable":true,"href":"https:\/\/mersatradedz.com\/ar\/wp-json\/wp\/v2\/product_tag?post=1637"}],"curies":[{"name":"wp","href":"https:\/\/api.w.org\/{rel}","templated":true}]}}