{"id":1749,"date":"2023-08-09T15:46:38","date_gmt":"2023-08-09T14:46:38","guid":{"rendered":"https:\/\/mersatradedz.com\/product\/celebrat-ecouteur-pieton-celebrat-g6\/"},"modified":"2025-02-17T09:15:38","modified_gmt":"2025-02-17T08:15:38","slug":"celebrat-ecouteur-pieton-celebrat-g6","status":"publish","type":"product","link":"https:\/\/mersatradedz.com\/ar\/product\/celebrat-ecouteur-pieton-celebrat-g6\/","title":{"rendered":"Celebrat Ecouteur Pieton Celebrat G6"},"content":{"rendered":"<p>Unit\u00e9 de conduite ultra large de 14 mm, vous apporte une voix \u00f4riginale de la nature, qui pourrait choquer votre \u00e2me.<br \/>\n2. Conception ingenieuse unique pour vous, groupe d&rsquo;unit\u00e9 sonore professionnel, le son est de plus en plus pur.<br \/>\n3. accordage ma\u00eetre de d\u00e9bogage nomm\u00e9, les basses sont riches, les m\u00e9diums sont pleins, les aigus ne sont pas durs<br \/>\n4519<\/p>","protected":false},"excerpt":{"rendered":"<p>Unit\u00e9 de conduite ultra large de 14 mm, vous apporte une voix \u00f4riginale de la nature, qui pourrait choquer votre \u00e2me. 2. Conception ingenieuse unique pour vous, groupe d&rsquo;unit\u00e9 sonore professionnel, le son est de plus en plus pur. 3. accordage ma\u00eetre de d\u00e9bogage nomm\u00e9, les basses sont riches, les m\u00e9diums sont pleins, les aigus [&hellip;]<\/p>\n","protected":false},"featured_media":1745,"comment_status":"open","ping_status":"closed","template":"","meta":{"_monsterinsights_skip_tracking":false,"_monsterinsights_sitenote_active":false,"_monsterinsights_sitenote_note":"","_monsterinsights_sitenote_category":0},"product_brand":[],"product_cat":[24],"product_tag":[687],"class_list":{"0":"post-1749","1":"product","2":"type-product","3":"status-publish","4":"has-post-thumbnail","6":"product_cat-accessoire","7":"product_tag-4519ecouteur","9":"first","10":"instock","11":"shipping-taxable","12":"purchasable","13":"product-type-simple"},"yoast_head":"<!-- This site is optimized with the Yoast SEO plugin v27.4 - https:\/\/yoast.com\/product\/yoast-seo-wordpress\/ -->\n<title>Celebrat Ecouteur Pieton Celebrat G6 - mersatradedz<\/title>\n<meta name=\"robots\" content=\"index, follow, max-snippet:-1, max-image-preview:large, max-video-preview:-1\" \/>\n<link rel=\"canonical\" href=\"https:\/\/mersatradedz.com\/ar\/product\/celebrat-ecouteur-pieton-celebrat-g6\/\" \/>\n<meta property=\"og:locale\" content=\"ar_AR\" \/>\n<meta property=\"og:type\" content=\"article\" \/>\n<meta property=\"og:title\" content=\"Celebrat Ecouteur Pieton Celebrat G6 - mersatradedz\" \/>\n<meta property=\"og:description\" content=\"Unit\u00e9 de conduite ultra large de 14 mm, vous apporte une voix \u00f4riginale de la nature, qui pourrait choquer votre \u00e2me. 2. Conception ingenieuse unique pour vous, groupe d&rsquo;unit\u00e9 sonore professionnel, le son est de plus en plus pur. 3. accordage ma\u00eetre de d\u00e9bogage nomm\u00e9, les basses sont riches, les m\u00e9diums sont pleins, les aigus [&hellip;]\" \/>\n<meta property=\"og:url\" content=\"https:\/\/mersatradedz.com\/ar\/product\/celebrat-ecouteur-pieton-celebrat-g6\/\" \/>\n<meta property=\"og:site_name\" content=\"mersatradedz\" \/>\n<meta property=\"article:publisher\" content=\"https:\/\/www.facebook.com\/ntbidz\" \/>\n<meta property=\"article:modified_time\" content=\"2025-02-17T08:15:38+00:00\" \/>\n<meta property=\"og:image\" content=\"https:\/\/mersatradedz.com\/wp-content\/uploads\/2023\/08\/1000021329.jpg\" \/>\n\t<meta property=\"og:image:width\" content=\"554\" \/>\n\t<meta property=\"og:image:height\" content=\"554\" \/>\n\t<meta property=\"og:image:type\" content=\"image\/jpeg\" \/>\n<meta name=\"twitter:card\" content=\"summary_large_image\" \/>\n<script type=\"application\/ld+json\" class=\"yoast-schema-graph\">{\"@context\":\"https:\\\/\\\/schema.org\",\"@graph\":[{\"@type\":\"WebPage\",\"@id\":\"https:\\\/\\\/mersatradedz.com\\\/product\\\/celebrat-ecouteur-pieton-celebrat-g6\\\/\",\"url\":\"https:\\\/\\\/mersatradedz.com\\\/product\\\/celebrat-ecouteur-pieton-celebrat-g6\\\/\",\"name\":\"Celebrat Ecouteur Pieton Celebrat G6 - mersatradedz\",\"isPartOf\":{\"@id\":\"https:\\\/\\\/mersatradedz.com\\\/#website\"},\"primaryImageOfPage\":{\"@id\":\"https:\\\/\\\/mersatradedz.com\\\/product\\\/celebrat-ecouteur-pieton-celebrat-g6\\\/#primaryimage\"},\"image\":{\"@id\":\"https:\\\/\\\/mersatradedz.com\\\/product\\\/celebrat-ecouteur-pieton-celebrat-g6\\\/#primaryimage\"},\"thumbnailUrl\":\"https:\\\/\\\/mersatradedz.com\\\/wp-content\\\/uploads\\\/2023\\\/08\\\/1000021329.jpg\",\"datePublished\":\"2023-08-09T14:46:38+00:00\",\"dateModified\":\"2025-02-17T08:15:38+00:00\",\"breadcrumb\":{\"@id\":\"https:\\\/\\\/mersatradedz.com\\\/product\\\/celebrat-ecouteur-pieton-celebrat-g6\\\/#breadcrumb\"},\"inLanguage\":\"ar\",\"potentialAction\":[{\"@type\":\"ReadAction\",\"target\":[\"https:\\\/\\\/mersatradedz.com\\\/product\\\/celebrat-ecouteur-pieton-celebrat-g6\\\/\"]}]},{\"@type\":\"ImageObject\",\"inLanguage\":\"ar\",\"@id\":\"https:\\\/\\\/mersatradedz.com\\\/product\\\/celebrat-ecouteur-pieton-celebrat-g6\\\/#primaryimage\",\"url\":\"https:\\\/\\\/mersatradedz.com\\\/wp-content\\\/uploads\\\/2023\\\/08\\\/1000021329.jpg\",\"contentUrl\":\"https:\\\/\\\/mersatradedz.com\\\/wp-content\\\/uploads\\\/2023\\\/08\\\/1000021329.jpg\",\"width\":554,\"height\":554},{\"@type\":\"BreadcrumbList\",\"@id\":\"https:\\\/\\\/mersatradedz.com\\\/product\\\/celebrat-ecouteur-pieton-celebrat-g6\\\/#breadcrumb\",\"itemListElement\":[{\"@type\":\"ListItem\",\"position\":1,\"name\":\"Home\",\"item\":\"https:\\\/\\\/mersatradedz.com\\\/ar\\\/\"},{\"@type\":\"ListItem\",\"position\":2,\"name\":\"Boutique\",\"item\":\"https:\\\/\\\/mersatradedz.com\\\/shop\\\/\"},{\"@type\":\"ListItem\",\"position\":3,\"name\":\"Celebrat Ecouteur Pieton Celebrat G6\"}]},{\"@type\":\"WebSite\",\"@id\":\"https:\\\/\\\/mersatradedz.com\\\/#website\",\"url\":\"https:\\\/\\\/mersatradedz.com\\\/\",\"name\":\"mersatradedz\",\"description\":\"\",\"publisher\":{\"@id\":\"https:\\\/\\\/mersatradedz.com\\\/#organization\"},\"potentialAction\":[{\"@type\":\"SearchAction\",\"target\":{\"@type\":\"EntryPoint\",\"urlTemplate\":\"https:\\\/\\\/mersatradedz.com\\\/?s={search_term_string}\"},\"query-input\":{\"@type\":\"PropertyValueSpecification\",\"valueRequired\":true,\"valueName\":\"search_term_string\"}}],\"inLanguage\":\"ar\"},{\"@type\":\"Organization\",\"@id\":\"https:\\\/\\\/mersatradedz.com\\\/#organization\",\"name\":\"mersa trade\",\"url\":\"https:\\\/\\\/mersatradedz.com\\\/\",\"logo\":{\"@type\":\"ImageObject\",\"inLanguage\":\"ar\",\"@id\":\"https:\\\/\\\/mersatradedz.com\\\/#\\\/schema\\\/logo\\\/image\\\/\",\"url\":\"https:\\\/\\\/mersatradedz.com\\\/wp-content\\\/uploads\\\/2023\\\/07\\\/cropped-1684191296456.jpg\",\"contentUrl\":\"https:\\\/\\\/mersatradedz.com\\\/wp-content\\\/uploads\\\/2023\\\/07\\\/cropped-1684191296456.jpg\",\"width\":1451,\"height\":955,\"caption\":\"mersa trade\"},\"image\":{\"@id\":\"https:\\\/\\\/mersatradedz.com\\\/#\\\/schema\\\/logo\\\/image\\\/\"},\"sameAs\":[\"https:\\\/\\\/www.facebook.com\\\/ntbidz\"]}]}<\/script>\n<!-- \/ Yoast SEO plugin. -->","yoast_head_json":{"title":"Celebrat Ecouteur Pieton Celebrat G6 - mersatradedz","robots":{"index":"index","follow":"follow","max-snippet":"max-snippet:-1","max-image-preview":"max-image-preview:large","max-video-preview":"max-video-preview:-1"},"canonical":"https:\/\/mersatradedz.com\/ar\/product\/celebrat-ecouteur-pieton-celebrat-g6\/","og_locale":"ar_AR","og_type":"article","og_title":"Celebrat Ecouteur Pieton Celebrat G6 - mersatradedz","og_description":"Unit\u00e9 de conduite ultra large de 14 mm, vous apporte une voix \u00f4riginale de la nature, qui pourrait choquer votre \u00e2me. 2. Conception ingenieuse unique pour vous, groupe d&rsquo;unit\u00e9 sonore professionnel, le son est de plus en plus pur. 3. accordage ma\u00eetre de d\u00e9bogage nomm\u00e9, les basses sont riches, les m\u00e9diums sont pleins, les aigus [&hellip;]","og_url":"https:\/\/mersatradedz.com\/ar\/product\/celebrat-ecouteur-pieton-celebrat-g6\/","og_site_name":"mersatradedz","article_publisher":"https:\/\/www.facebook.com\/ntbidz","article_modified_time":"2025-02-17T08:15:38+00:00","og_image":[{"width":554,"height":554,"url":"https:\/\/mersatradedz.com\/wp-content\/uploads\/2023\/08\/1000021329.jpg","type":"image\/jpeg"}],"twitter_card":"summary_large_image","schema":{"@context":"https:\/\/schema.org","@graph":[{"@type":"WebPage","@id":"https:\/\/mersatradedz.com\/product\/celebrat-ecouteur-pieton-celebrat-g6\/","url":"https:\/\/mersatradedz.com\/product\/celebrat-ecouteur-pieton-celebrat-g6\/","name":"Celebrat Ecouteur Pieton Celebrat G6 - mersatradedz","isPartOf":{"@id":"https:\/\/mersatradedz.com\/#website"},"primaryImageOfPage":{"@id":"https:\/\/mersatradedz.com\/product\/celebrat-ecouteur-pieton-celebrat-g6\/#primaryimage"},"image":{"@id":"https:\/\/mersatradedz.com\/product\/celebrat-ecouteur-pieton-celebrat-g6\/#primaryimage"},"thumbnailUrl":"https:\/\/mersatradedz.com\/wp-content\/uploads\/2023\/08\/1000021329.jpg","datePublished":"2023-08-09T14:46:38+00:00","dateModified":"2025-02-17T08:15:38+00:00","breadcrumb":{"@id":"https:\/\/mersatradedz.com\/product\/celebrat-ecouteur-pieton-celebrat-g6\/#breadcrumb"},"inLanguage":"ar","potentialAction":[{"@type":"ReadAction","target":["https:\/\/mersatradedz.com\/product\/celebrat-ecouteur-pieton-celebrat-g6\/"]}]},{"@type":"ImageObject","inLanguage":"ar","@id":"https:\/\/mersatradedz.com\/product\/celebrat-ecouteur-pieton-celebrat-g6\/#primaryimage","url":"https:\/\/mersatradedz.com\/wp-content\/uploads\/2023\/08\/1000021329.jpg","contentUrl":"https:\/\/mersatradedz.com\/wp-content\/uploads\/2023\/08\/1000021329.jpg","width":554,"height":554},{"@type":"BreadcrumbList","@id":"https:\/\/mersatradedz.com\/product\/celebrat-ecouteur-pieton-celebrat-g6\/#breadcrumb","itemListElement":[{"@type":"ListItem","position":1,"name":"Home","item":"https:\/\/mersatradedz.com\/ar\/"},{"@type":"ListItem","position":2,"name":"Boutique","item":"https:\/\/mersatradedz.com\/shop\/"},{"@type":"ListItem","position":3,"name":"Celebrat Ecouteur Pieton Celebrat G6"}]},{"@type":"WebSite","@id":"https:\/\/mersatradedz.com\/#website","url":"https:\/\/mersatradedz.com\/","name":"mersatradedz","description":"","publisher":{"@id":"https:\/\/mersatradedz.com\/#organization"},"potentialAction":[{"@type":"SearchAction","target":{"@type":"EntryPoint","urlTemplate":"https:\/\/mersatradedz.com\/?s={search_term_string}"},"query-input":{"@type":"PropertyValueSpecification","valueRequired":true,"valueName":"search_term_string"}}],"inLanguage":"ar"},{"@type":"Organization","@id":"https:\/\/mersatradedz.com\/#organization","name":"mersa trade","url":"https:\/\/mersatradedz.com\/","logo":{"@type":"ImageObject","inLanguage":"ar","@id":"https:\/\/mersatradedz.com\/#\/schema\/logo\/image\/","url":"https:\/\/mersatradedz.com\/wp-content\/uploads\/2023\/07\/cropped-1684191296456.jpg","contentUrl":"https:\/\/mersatradedz.com\/wp-content\/uploads\/2023\/07\/cropped-1684191296456.jpg","width":1451,"height":955,"caption":"mersa trade"},"image":{"@id":"https:\/\/mersatradedz.com\/#\/schema\/logo\/image\/"},"sameAs":["https:\/\/www.facebook.com\/ntbidz"]}]}},"jetpack_sharing_enabled":true,"_links":{"self":[{"href":"https:\/\/mersatradedz.com\/ar\/wp-json\/wp\/v2\/product\/1749","targetHints":{"allow":["GET"]}}],"collection":[{"href":"https:\/\/mersatradedz.com\/ar\/wp-json\/wp\/v2\/product"}],"about":[{"href":"https:\/\/mersatradedz.com\/ar\/wp-json\/wp\/v2\/types\/product"}],"replies":[{"embeddable":true,"href":"https:\/\/mersatradedz.com\/ar\/wp-json\/wp\/v2\/comments?post=1749"}],"wp:featuredmedia":[{"embeddable":true,"href":"https:\/\/mersatradedz.com\/ar\/wp-json\/wp\/v2\/media\/1745"}],"wp:attachment":[{"href":"https:\/\/mersatradedz.com\/ar\/wp-json\/wp\/v2\/media?parent=1749"}],"wp:term":[{"taxonomy":"product_brand","embeddable":true,"href":"https:\/\/mersatradedz.com\/ar\/wp-json\/wp\/v2\/product_brand?post=1749"},{"taxonomy":"product_cat","embeddable":true,"href":"https:\/\/mersatradedz.com\/ar\/wp-json\/wp\/v2\/product_cat?post=1749"},{"taxonomy":"product_tag","embeddable":true,"href":"https:\/\/mersatradedz.com\/ar\/wp-json\/wp\/v2\/product_tag?post=1749"}],"curies":[{"name":"wp","href":"https:\/\/api.w.org\/{rel}","templated":true}]}}