{"id":1794,"date":"2023-08-10T14:00:38","date_gmt":"2023-08-10T13:00:38","guid":{"rendered":"https:\/\/mersatradedz.com\/product\/xiaomi-chargeur-portable-power-bank-3-10000mah-22-5w-pb100dzm-type-c-qc3-0-pd-charge-rapide\/"},"modified":"2023-08-10T14:00:38","modified_gmt":"2023-08-10T13:00:38","slug":"xiaomi-chargeur-portable-power-bank-3-10000mah-22-5w-pb100dzm-type-c-qc3-0-pd-charge-rapide","status":"publish","type":"product","link":"https:\/\/mersatradedz.com\/ar\/product\/xiaomi-chargeur-portable-power-bank-3-10000mah-22-5w-pb100dzm-type-c-qc3-0-pd-charge-rapide\/","title":{"rendered":"Xiaomi \u2013 chargeur Portable Power Bank 3 10000mAh 22.5W PB100DZM Type C QC3.0 PD, charge rapide"},"content":{"rendered":"<p>\u2022 \u00c9nergie de 37 Wh (3,7 V, 10 000 mAh) ;  \u2022 Un bon compagnon de voyage, suffisant pour un usage quotidien ;  \u2022 Charge le Mi 11 1,5 fois, ou charge l&rsquo;iPhone 13 1,9 fois, ou charge le Switch 1,1 fois<\/p>\n<p>Charge rapide bidirectionnelle<\/p>\n<p>\u2022 Port de type C pour une entr\u00e9e avec une puissance allant jusqu&rsquo;\u00e0 22,5 W ;  la banque d&rsquo;alimentation peut \u00eatre charg\u00e9e \u00e0 pleine puissance en seulement 4,5 heures.  \u2022 La banque d&rsquo;alimentation prend en charge une puissance de sortie maximale de 22,5 W pour le port Type-C.  Le Mi 11 peut \u00eatre recharg\u00e9 \u00e0 100 % en 1,6 heure.  \u2022 L&rsquo;interface Type-C peut fournir une puissance de charge maximale de 20 W pour les s\u00e9ries iphone12 et iphone13.  56% de charge pour iPhone 13 en 30 minutes<\/p>\n<p>4528<\/p>","protected":false},"excerpt":{"rendered":"<p>\u2022 \u00c9nergie de 37 Wh (3,7 V, 10 000 mAh) ; \u2022 Un bon compagnon de voyage, suffisant pour un usage quotidien ; \u2022 Charge le Mi 11 1,5 fois, ou charge l&rsquo;iPhone 13 1,9 fois, ou charge le Switch 1,1 fois Charge rapide bidirectionnelle \u2022 Port de type C pour une entr\u00e9e avec une [&hellip;]<\/p>\n","protected":false},"featured_media":1793,"comment_status":"open","ping_status":"closed","template":"","meta":{"_monsterinsights_skip_tracking":false,"_monsterinsights_sitenote_active":false,"_monsterinsights_sitenote_note":"","_monsterinsights_sitenote_category":0},"product_brand":[],"product_cat":[24],"product_tag":[699],"class_list":{"0":"post-1794","1":"product","2":"type-product","3":"status-publish","4":"has-post-thumbnail","6":"product_cat-accessoire","7":"product_tag-699","9":"first","10":"instock","11":"shipping-taxable","12":"purchasable","13":"product-type-simple"},"yoast_head":"<!-- This site is optimized with the Yoast SEO plugin v27.4 - https:\/\/yoast.com\/product\/yoast-seo-wordpress\/ -->\n<title>Xiaomi \u2013 chargeur Portable Power Bank 3 10000mAh 22.5W PB100DZM Type C QC3.0 PD, charge rapide - mersatradedz<\/title>\n<meta name=\"robots\" content=\"index, follow, max-snippet:-1, max-image-preview:large, max-video-preview:-1\" \/>\n<link rel=\"canonical\" href=\"https:\/\/mersatradedz.com\/ar\/product\/xiaomi-chargeur-portable-power-bank-3-10000mah-22-5w-pb100dzm-type-c-qc3-0-pd-charge-rapide\/\" \/>\n<meta property=\"og:locale\" content=\"ar_AR\" \/>\n<meta property=\"og:type\" content=\"article\" \/>\n<meta property=\"og:title\" content=\"Xiaomi \u2013 chargeur Portable Power Bank 3 10000mAh 22.5W PB100DZM Type C QC3.0 PD, charge rapide - mersatradedz\" \/>\n<meta property=\"og:description\" content=\"\u2022 \u00c9nergie de 37 Wh (3,7 V, 10 000 mAh) ; \u2022 Un bon compagnon de voyage, suffisant pour un usage quotidien ; \u2022 Charge le Mi 11 1,5 fois, ou charge l&rsquo;iPhone 13 1,9 fois, ou charge le Switch 1,1 fois Charge rapide bidirectionnelle \u2022 Port de type C pour une entr\u00e9e avec une [&hellip;]\" \/>\n<meta property=\"og:url\" content=\"https:\/\/mersatradedz.com\/ar\/product\/xiaomi-chargeur-portable-power-bank-3-10000mah-22-5w-pb100dzm-type-c-qc3-0-pd-charge-rapide\/\" \/>\n<meta property=\"og:site_name\" content=\"mersatradedz\" \/>\n<meta property=\"article:publisher\" content=\"https:\/\/www.facebook.com\/ntbidz\" \/>\n<meta property=\"og:image\" content=\"https:\/\/mersatradedz.com\/wp-content\/uploads\/2023\/08\/1000021400.jpg\" \/>\n\t<meta property=\"og:image:width\" content=\"1252\" \/>\n\t<meta property=\"og:image:height\" content=\"1020\" \/>\n\t<meta property=\"og:image:type\" content=\"image\/jpeg\" \/>\n<meta name=\"twitter:card\" content=\"summary_large_image\" \/>\n<meta name=\"twitter:label1\" content=\"\u0648\u0642\u062a \u0627\u0644\u0642\u0631\u0627\u0621\u0629 \u0627\u0644\u0645\u064f\u0642\u062f\u0651\u0631\" \/>\n\t<meta name=\"twitter:data1\" content=\"\u062f\u0642\u064a\u0642\u0629 \u0648\u0627\u062d\u062f\u0629\" \/>\n<script type=\"application\/ld+json\" class=\"yoast-schema-graph\">{\"@context\":\"https:\\\/\\\/schema.org\",\"@graph\":[{\"@type\":\"WebPage\",\"@id\":\"https:\\\/\\\/mersatradedz.com\\\/product\\\/xiaomi-chargeur-portable-power-bank-3-10000mah-22-5w-pb100dzm-type-c-qc3-0-pd-charge-rapide\\\/\",\"url\":\"https:\\\/\\\/mersatradedz.com\\\/product\\\/xiaomi-chargeur-portable-power-bank-3-10000mah-22-5w-pb100dzm-type-c-qc3-0-pd-charge-rapide\\\/\",\"name\":\"Xiaomi \u2013 chargeur Portable Power Bank 3 10000mAh 22.5W PB100DZM Type C QC3.0 PD, charge rapide - mersatradedz\",\"isPartOf\":{\"@id\":\"https:\\\/\\\/mersatradedz.com\\\/#website\"},\"primaryImageOfPage\":{\"@id\":\"https:\\\/\\\/mersatradedz.com\\\/product\\\/xiaomi-chargeur-portable-power-bank-3-10000mah-22-5w-pb100dzm-type-c-qc3-0-pd-charge-rapide\\\/#primaryimage\"},\"image\":{\"@id\":\"https:\\\/\\\/mersatradedz.com\\\/product\\\/xiaomi-chargeur-portable-power-bank-3-10000mah-22-5w-pb100dzm-type-c-qc3-0-pd-charge-rapide\\\/#primaryimage\"},\"thumbnailUrl\":\"https:\\\/\\\/mersatradedz.com\\\/wp-content\\\/uploads\\\/2023\\\/08\\\/1000021400.jpg\",\"datePublished\":\"2023-08-10T13:00:38+00:00\",\"breadcrumb\":{\"@id\":\"https:\\\/\\\/mersatradedz.com\\\/product\\\/xiaomi-chargeur-portable-power-bank-3-10000mah-22-5w-pb100dzm-type-c-qc3-0-pd-charge-rapide\\\/#breadcrumb\"},\"inLanguage\":\"ar\",\"potentialAction\":[{\"@type\":\"ReadAction\",\"target\":[\"https:\\\/\\\/mersatradedz.com\\\/product\\\/xiaomi-chargeur-portable-power-bank-3-10000mah-22-5w-pb100dzm-type-c-qc3-0-pd-charge-rapide\\\/\"]}]},{\"@type\":\"ImageObject\",\"inLanguage\":\"ar\",\"@id\":\"https:\\\/\\\/mersatradedz.com\\\/product\\\/xiaomi-chargeur-portable-power-bank-3-10000mah-22-5w-pb100dzm-type-c-qc3-0-pd-charge-rapide\\\/#primaryimage\",\"url\":\"https:\\\/\\\/mersatradedz.com\\\/wp-content\\\/uploads\\\/2023\\\/08\\\/1000021400.jpg\",\"contentUrl\":\"https:\\\/\\\/mersatradedz.com\\\/wp-content\\\/uploads\\\/2023\\\/08\\\/1000021400.jpg\",\"width\":1252,\"height\":1020},{\"@type\":\"BreadcrumbList\",\"@id\":\"https:\\\/\\\/mersatradedz.com\\\/product\\\/xiaomi-chargeur-portable-power-bank-3-10000mah-22-5w-pb100dzm-type-c-qc3-0-pd-charge-rapide\\\/#breadcrumb\",\"itemListElement\":[{\"@type\":\"ListItem\",\"position\":1,\"name\":\"Home\",\"item\":\"https:\\\/\\\/mersatradedz.com\\\/ar\\\/\"},{\"@type\":\"ListItem\",\"position\":2,\"name\":\"Boutique\",\"item\":\"https:\\\/\\\/mersatradedz.com\\\/shop\\\/\"},{\"@type\":\"ListItem\",\"position\":3,\"name\":\"Xiaomi \u2013 chargeur Portable Power Bank 3 10000mAh 22.5W PB100DZM Type C QC3.0 PD, charge rapide\"}]},{\"@type\":\"WebSite\",\"@id\":\"https:\\\/\\\/mersatradedz.com\\\/#website\",\"url\":\"https:\\\/\\\/mersatradedz.com\\\/\",\"name\":\"mersatradedz\",\"description\":\"\",\"publisher\":{\"@id\":\"https:\\\/\\\/mersatradedz.com\\\/#organization\"},\"potentialAction\":[{\"@type\":\"SearchAction\",\"target\":{\"@type\":\"EntryPoint\",\"urlTemplate\":\"https:\\\/\\\/mersatradedz.com\\\/?s={search_term_string}\"},\"query-input\":{\"@type\":\"PropertyValueSpecification\",\"valueRequired\":true,\"valueName\":\"search_term_string\"}}],\"inLanguage\":\"ar\"},{\"@type\":\"Organization\",\"@id\":\"https:\\\/\\\/mersatradedz.com\\\/#organization\",\"name\":\"mersa trade\",\"url\":\"https:\\\/\\\/mersatradedz.com\\\/\",\"logo\":{\"@type\":\"ImageObject\",\"inLanguage\":\"ar\",\"@id\":\"https:\\\/\\\/mersatradedz.com\\\/#\\\/schema\\\/logo\\\/image\\\/\",\"url\":\"https:\\\/\\\/mersatradedz.com\\\/wp-content\\\/uploads\\\/2023\\\/07\\\/cropped-1684191296456.jpg\",\"contentUrl\":\"https:\\\/\\\/mersatradedz.com\\\/wp-content\\\/uploads\\\/2023\\\/07\\\/cropped-1684191296456.jpg\",\"width\":1451,\"height\":955,\"caption\":\"mersa trade\"},\"image\":{\"@id\":\"https:\\\/\\\/mersatradedz.com\\\/#\\\/schema\\\/logo\\\/image\\\/\"},\"sameAs\":[\"https:\\\/\\\/www.facebook.com\\\/ntbidz\"]}]}<\/script>\n<!-- \/ Yoast SEO plugin. -->","yoast_head_json":{"title":"Xiaomi \u2013 chargeur Portable Power Bank 3 10000mAh 22.5W PB100DZM Type C QC3.0 PD, charge rapide - mersatradedz","robots":{"index":"index","follow":"follow","max-snippet":"max-snippet:-1","max-image-preview":"max-image-preview:large","max-video-preview":"max-video-preview:-1"},"canonical":"https:\/\/mersatradedz.com\/ar\/product\/xiaomi-chargeur-portable-power-bank-3-10000mah-22-5w-pb100dzm-type-c-qc3-0-pd-charge-rapide\/","og_locale":"ar_AR","og_type":"article","og_title":"Xiaomi \u2013 chargeur Portable Power Bank 3 10000mAh 22.5W PB100DZM Type C QC3.0 PD, charge rapide - mersatradedz","og_description":"\u2022 \u00c9nergie de 37 Wh (3,7 V, 10 000 mAh) ; \u2022 Un bon compagnon de voyage, suffisant pour un usage quotidien ; \u2022 Charge le Mi 11 1,5 fois, ou charge l&rsquo;iPhone 13 1,9 fois, ou charge le Switch 1,1 fois Charge rapide bidirectionnelle \u2022 Port de type C pour une entr\u00e9e avec une [&hellip;]","og_url":"https:\/\/mersatradedz.com\/ar\/product\/xiaomi-chargeur-portable-power-bank-3-10000mah-22-5w-pb100dzm-type-c-qc3-0-pd-charge-rapide\/","og_site_name":"mersatradedz","article_publisher":"https:\/\/www.facebook.com\/ntbidz","og_image":[{"width":1252,"height":1020,"url":"https:\/\/mersatradedz.com\/wp-content\/uploads\/2023\/08\/1000021400.jpg","type":"image\/jpeg"}],"twitter_card":"summary_large_image","twitter_misc":{"\u0648\u0642\u062a \u0627\u0644\u0642\u0631\u0627\u0621\u0629 \u0627\u0644\u0645\u064f\u0642\u062f\u0651\u0631":"\u062f\u0642\u064a\u0642\u0629 \u0648\u0627\u062d\u062f\u0629"},"schema":{"@context":"https:\/\/schema.org","@graph":[{"@type":"WebPage","@id":"https:\/\/mersatradedz.com\/product\/xiaomi-chargeur-portable-power-bank-3-10000mah-22-5w-pb100dzm-type-c-qc3-0-pd-charge-rapide\/","url":"https:\/\/mersatradedz.com\/product\/xiaomi-chargeur-portable-power-bank-3-10000mah-22-5w-pb100dzm-type-c-qc3-0-pd-charge-rapide\/","name":"Xiaomi \u2013 chargeur Portable Power Bank 3 10000mAh 22.5W PB100DZM Type C QC3.0 PD, charge rapide - mersatradedz","isPartOf":{"@id":"https:\/\/mersatradedz.com\/#website"},"primaryImageOfPage":{"@id":"https:\/\/mersatradedz.com\/product\/xiaomi-chargeur-portable-power-bank-3-10000mah-22-5w-pb100dzm-type-c-qc3-0-pd-charge-rapide\/#primaryimage"},"image":{"@id":"https:\/\/mersatradedz.com\/product\/xiaomi-chargeur-portable-power-bank-3-10000mah-22-5w-pb100dzm-type-c-qc3-0-pd-charge-rapide\/#primaryimage"},"thumbnailUrl":"https:\/\/mersatradedz.com\/wp-content\/uploads\/2023\/08\/1000021400.jpg","datePublished":"2023-08-10T13:00:38+00:00","breadcrumb":{"@id":"https:\/\/mersatradedz.com\/product\/xiaomi-chargeur-portable-power-bank-3-10000mah-22-5w-pb100dzm-type-c-qc3-0-pd-charge-rapide\/#breadcrumb"},"inLanguage":"ar","potentialAction":[{"@type":"ReadAction","target":["https:\/\/mersatradedz.com\/product\/xiaomi-chargeur-portable-power-bank-3-10000mah-22-5w-pb100dzm-type-c-qc3-0-pd-charge-rapide\/"]}]},{"@type":"ImageObject","inLanguage":"ar","@id":"https:\/\/mersatradedz.com\/product\/xiaomi-chargeur-portable-power-bank-3-10000mah-22-5w-pb100dzm-type-c-qc3-0-pd-charge-rapide\/#primaryimage","url":"https:\/\/mersatradedz.com\/wp-content\/uploads\/2023\/08\/1000021400.jpg","contentUrl":"https:\/\/mersatradedz.com\/wp-content\/uploads\/2023\/08\/1000021400.jpg","width":1252,"height":1020},{"@type":"BreadcrumbList","@id":"https:\/\/mersatradedz.com\/product\/xiaomi-chargeur-portable-power-bank-3-10000mah-22-5w-pb100dzm-type-c-qc3-0-pd-charge-rapide\/#breadcrumb","itemListElement":[{"@type":"ListItem","position":1,"name":"Home","item":"https:\/\/mersatradedz.com\/ar\/"},{"@type":"ListItem","position":2,"name":"Boutique","item":"https:\/\/mersatradedz.com\/shop\/"},{"@type":"ListItem","position":3,"name":"Xiaomi \u2013 chargeur Portable Power Bank 3 10000mAh 22.5W PB100DZM Type C QC3.0 PD, charge rapide"}]},{"@type":"WebSite","@id":"https:\/\/mersatradedz.com\/#website","url":"https:\/\/mersatradedz.com\/","name":"mersatradedz","description":"","publisher":{"@id":"https:\/\/mersatradedz.com\/#organization"},"potentialAction":[{"@type":"SearchAction","target":{"@type":"EntryPoint","urlTemplate":"https:\/\/mersatradedz.com\/?s={search_term_string}"},"query-input":{"@type":"PropertyValueSpecification","valueRequired":true,"valueName":"search_term_string"}}],"inLanguage":"ar"},{"@type":"Organization","@id":"https:\/\/mersatradedz.com\/#organization","name":"mersa trade","url":"https:\/\/mersatradedz.com\/","logo":{"@type":"ImageObject","inLanguage":"ar","@id":"https:\/\/mersatradedz.com\/#\/schema\/logo\/image\/","url":"https:\/\/mersatradedz.com\/wp-content\/uploads\/2023\/07\/cropped-1684191296456.jpg","contentUrl":"https:\/\/mersatradedz.com\/wp-content\/uploads\/2023\/07\/cropped-1684191296456.jpg","width":1451,"height":955,"caption":"mersa trade"},"image":{"@id":"https:\/\/mersatradedz.com\/#\/schema\/logo\/image\/"},"sameAs":["https:\/\/www.facebook.com\/ntbidz"]}]}},"jetpack_sharing_enabled":true,"_links":{"self":[{"href":"https:\/\/mersatradedz.com\/ar\/wp-json\/wp\/v2\/product\/1794","targetHints":{"allow":["GET"]}}],"collection":[{"href":"https:\/\/mersatradedz.com\/ar\/wp-json\/wp\/v2\/product"}],"about":[{"href":"https:\/\/mersatradedz.com\/ar\/wp-json\/wp\/v2\/types\/product"}],"replies":[{"embeddable":true,"href":"https:\/\/mersatradedz.com\/ar\/wp-json\/wp\/v2\/comments?post=1794"}],"wp:featuredmedia":[{"embeddable":true,"href":"https:\/\/mersatradedz.com\/ar\/wp-json\/wp\/v2\/media\/1793"}],"wp:attachment":[{"href":"https:\/\/mersatradedz.com\/ar\/wp-json\/wp\/v2\/media?parent=1794"}],"wp:term":[{"taxonomy":"product_brand","embeddable":true,"href":"https:\/\/mersatradedz.com\/ar\/wp-json\/wp\/v2\/product_brand?post=1794"},{"taxonomy":"product_cat","embeddable":true,"href":"https:\/\/mersatradedz.com\/ar\/wp-json\/wp\/v2\/product_cat?post=1794"},{"taxonomy":"product_tag","embeddable":true,"href":"https:\/\/mersatradedz.com\/ar\/wp-json\/wp\/v2\/product_tag?post=1794"}],"curies":[{"name":"wp","href":"https:\/\/api.w.org\/{rel}","templated":true}]}}