{"id":1985,"date":"2023-08-14T09:46:27","date_gmt":"2023-08-14T08:46:27","guid":{"rendered":"https:\/\/mersatradedz.com\/product\/d-link-dsl-2750e-wireless-n300-adsl2modem-router\/"},"modified":"2025-03-27T14:39:54","modified_gmt":"2025-03-27T13:39:54","slug":"d-link-dsl-2750e-wireless-n300-adsl2modem-router","status":"publish","type":"product","link":"https:\/\/mersatradedz.com\/ar\/product\/d-link-dsl-2750e-wireless-n300-adsl2modem-router\/","title":{"rendered":"D-Link DSL 2750E Wireless N300 ADSL2+Modem Router"},"content":{"rendered":"<p>Port ADSL RJ-11<br \/>\n\u2022 4 ports Ethernet RJ-45 10 \/ 100BASE-TX avec MDI \/ MDIX auto<br \/>\n\u2022 R\u00e9seau local sans fil 802.11n int\u00e9gr\u00e9<br \/>\n\u2022 Bouton de r\u00e9initialisation des param\u00e8tres d&rsquo; usine<br \/>\n\u2022 Bouton WPS<br \/>\n\u2022 Interrupteur d&rsquo;activation \/ d\u00e9sactivation sans fil (en option)<br \/>\n\u2022 Mise sous tension \/ arr\u00eat<br \/>\n\u2022 h\u00f4te USB 2.0<\/p>\n<p>4554<\/p>","protected":false},"excerpt":{"rendered":"<p>Port ADSL RJ-11 \u2022 4 ports Ethernet RJ-45 10 \/ 100BASE-TX avec MDI \/ MDIX auto \u2022 R\u00e9seau local sans fil 802.11n int\u00e9gr\u00e9 \u2022 Bouton de r\u00e9initialisation des param\u00e8tres d&rsquo; usine \u2022 Bouton WPS \u2022 Interrupteur d&rsquo;activation \/ d\u00e9sactivation sans fil (en option) \u2022 Mise sous tension \/ arr\u00eat \u2022 h\u00f4te USB 2.0 4554<\/p>","protected":false},"featured_media":1984,"comment_status":"open","ping_status":"closed","template":"","meta":{"_monsterinsights_skip_tracking":false,"_monsterinsights_sitenote_active":false,"_monsterinsights_sitenote_note":"","_monsterinsights_sitenote_category":0},"product_brand":[],"product_cat":[24],"product_tag":[722],"class_list":{"0":"post-1985","1":"product","2":"type-product","3":"status-publish","4":"has-post-thumbnail","6":"product_cat-accessoire","7":"product_tag-modem4554","9":"first","10":"instock","11":"shipping-taxable","12":"purchasable","13":"product-type-simple"},"yoast_head":"<!-- This site is optimized with the Yoast SEO plugin v27.4 - https:\/\/yoast.com\/product\/yoast-seo-wordpress\/ -->\n<title>D-Link DSL 2750E Wireless N300 ADSL2+Modem Router - mersatradedz<\/title>\n<meta name=\"robots\" content=\"index, follow, max-snippet:-1, max-image-preview:large, max-video-preview:-1\" \/>\n<link rel=\"canonical\" href=\"https:\/\/mersatradedz.com\/ar\/product\/d-link-dsl-2750e-wireless-n300-adsl2modem-router\/\" \/>\n<meta property=\"og:locale\" content=\"ar_AR\" \/>\n<meta property=\"og:type\" content=\"article\" \/>\n<meta property=\"og:title\" content=\"D-Link DSL 2750E Wireless N300 ADSL2+Modem Router - mersatradedz\" \/>\n<meta property=\"og:description\" content=\"Port ADSL RJ-11 \u2022 4 ports Ethernet RJ-45 10 \/ 100BASE-TX avec MDI \/ MDIX auto \u2022 R\u00e9seau local sans fil 802.11n int\u00e9gr\u00e9 \u2022 Bouton de r\u00e9initialisation des param\u00e8tres d&rsquo; usine \u2022 Bouton WPS \u2022 Interrupteur d&rsquo;activation \/ d\u00e9sactivation sans fil (en option) \u2022 Mise sous tension \/ arr\u00eat \u2022 h\u00f4te USB 2.0 4554\" \/>\n<meta property=\"og:url\" content=\"https:\/\/mersatradedz.com\/ar\/product\/d-link-dsl-2750e-wireless-n300-adsl2modem-router\/\" \/>\n<meta property=\"og:site_name\" content=\"mersatradedz\" \/>\n<meta property=\"article:publisher\" content=\"https:\/\/www.facebook.com\/ntbidz\" \/>\n<meta property=\"article:modified_time\" content=\"2025-03-27T13:39:54+00:00\" \/>\n<meta property=\"og:image\" content=\"https:\/\/mersatradedz.com\/wp-content\/uploads\/2023\/08\/1000021553.jpg\" \/>\n\t<meta property=\"og:image:width\" content=\"900\" \/>\n\t<meta property=\"og:image:height\" content=\"962\" \/>\n\t<meta property=\"og:image:type\" content=\"image\/jpeg\" \/>\n<meta name=\"twitter:card\" content=\"summary_large_image\" \/>\n<script type=\"application\/ld+json\" class=\"yoast-schema-graph\">{\"@context\":\"https:\\\/\\\/schema.org\",\"@graph\":[{\"@type\":\"WebPage\",\"@id\":\"https:\\\/\\\/mersatradedz.com\\\/product\\\/d-link-dsl-2750e-wireless-n300-adsl2modem-router\\\/\",\"url\":\"https:\\\/\\\/mersatradedz.com\\\/product\\\/d-link-dsl-2750e-wireless-n300-adsl2modem-router\\\/\",\"name\":\"D-Link DSL 2750E Wireless N300 ADSL2+Modem Router - mersatradedz\",\"isPartOf\":{\"@id\":\"https:\\\/\\\/mersatradedz.com\\\/#website\"},\"primaryImageOfPage\":{\"@id\":\"https:\\\/\\\/mersatradedz.com\\\/product\\\/d-link-dsl-2750e-wireless-n300-adsl2modem-router\\\/#primaryimage\"},\"image\":{\"@id\":\"https:\\\/\\\/mersatradedz.com\\\/product\\\/d-link-dsl-2750e-wireless-n300-adsl2modem-router\\\/#primaryimage\"},\"thumbnailUrl\":\"https:\\\/\\\/mersatradedz.com\\\/wp-content\\\/uploads\\\/2023\\\/08\\\/1000021553.jpg\",\"datePublished\":\"2023-08-14T08:46:27+00:00\",\"dateModified\":\"2025-03-27T13:39:54+00:00\",\"breadcrumb\":{\"@id\":\"https:\\\/\\\/mersatradedz.com\\\/product\\\/d-link-dsl-2750e-wireless-n300-adsl2modem-router\\\/#breadcrumb\"},\"inLanguage\":\"ar\",\"potentialAction\":[{\"@type\":\"ReadAction\",\"target\":[\"https:\\\/\\\/mersatradedz.com\\\/product\\\/d-link-dsl-2750e-wireless-n300-adsl2modem-router\\\/\"]}]},{\"@type\":\"ImageObject\",\"inLanguage\":\"ar\",\"@id\":\"https:\\\/\\\/mersatradedz.com\\\/product\\\/d-link-dsl-2750e-wireless-n300-adsl2modem-router\\\/#primaryimage\",\"url\":\"https:\\\/\\\/mersatradedz.com\\\/wp-content\\\/uploads\\\/2023\\\/08\\\/1000021553.jpg\",\"contentUrl\":\"https:\\\/\\\/mersatradedz.com\\\/wp-content\\\/uploads\\\/2023\\\/08\\\/1000021553.jpg\",\"width\":900,\"height\":962},{\"@type\":\"BreadcrumbList\",\"@id\":\"https:\\\/\\\/mersatradedz.com\\\/product\\\/d-link-dsl-2750e-wireless-n300-adsl2modem-router\\\/#breadcrumb\",\"itemListElement\":[{\"@type\":\"ListItem\",\"position\":1,\"name\":\"Home\",\"item\":\"https:\\\/\\\/mersatradedz.com\\\/ar\\\/\"},{\"@type\":\"ListItem\",\"position\":2,\"name\":\"Boutique\",\"item\":\"https:\\\/\\\/mersatradedz.com\\\/shop\\\/\"},{\"@type\":\"ListItem\",\"position\":3,\"name\":\"D-Link DSL 2750E Wireless N300 ADSL2+Modem Router\"}]},{\"@type\":\"WebSite\",\"@id\":\"https:\\\/\\\/mersatradedz.com\\\/#website\",\"url\":\"https:\\\/\\\/mersatradedz.com\\\/\",\"name\":\"mersatradedz\",\"description\":\"\",\"publisher\":{\"@id\":\"https:\\\/\\\/mersatradedz.com\\\/#organization\"},\"potentialAction\":[{\"@type\":\"SearchAction\",\"target\":{\"@type\":\"EntryPoint\",\"urlTemplate\":\"https:\\\/\\\/mersatradedz.com\\\/?s={search_term_string}\"},\"query-input\":{\"@type\":\"PropertyValueSpecification\",\"valueRequired\":true,\"valueName\":\"search_term_string\"}}],\"inLanguage\":\"ar\"},{\"@type\":\"Organization\",\"@id\":\"https:\\\/\\\/mersatradedz.com\\\/#organization\",\"name\":\"mersa trade\",\"url\":\"https:\\\/\\\/mersatradedz.com\\\/\",\"logo\":{\"@type\":\"ImageObject\",\"inLanguage\":\"ar\",\"@id\":\"https:\\\/\\\/mersatradedz.com\\\/#\\\/schema\\\/logo\\\/image\\\/\",\"url\":\"https:\\\/\\\/mersatradedz.com\\\/wp-content\\\/uploads\\\/2023\\\/07\\\/cropped-1684191296456.jpg\",\"contentUrl\":\"https:\\\/\\\/mersatradedz.com\\\/wp-content\\\/uploads\\\/2023\\\/07\\\/cropped-1684191296456.jpg\",\"width\":1451,\"height\":955,\"caption\":\"mersa trade\"},\"image\":{\"@id\":\"https:\\\/\\\/mersatradedz.com\\\/#\\\/schema\\\/logo\\\/image\\\/\"},\"sameAs\":[\"https:\\\/\\\/www.facebook.com\\\/ntbidz\"]}]}<\/script>\n<!-- \/ Yoast SEO plugin. -->","yoast_head_json":{"title":"D-Link DSL 2750E Wireless N300 ADSL2+Modem Router - mersatradedz","robots":{"index":"index","follow":"follow","max-snippet":"max-snippet:-1","max-image-preview":"max-image-preview:large","max-video-preview":"max-video-preview:-1"},"canonical":"https:\/\/mersatradedz.com\/ar\/product\/d-link-dsl-2750e-wireless-n300-adsl2modem-router\/","og_locale":"ar_AR","og_type":"article","og_title":"D-Link DSL 2750E Wireless N300 ADSL2+Modem Router - mersatradedz","og_description":"Port ADSL RJ-11 \u2022 4 ports Ethernet RJ-45 10 \/ 100BASE-TX avec MDI \/ MDIX auto \u2022 R\u00e9seau local sans fil 802.11n int\u00e9gr\u00e9 \u2022 Bouton de r\u00e9initialisation des param\u00e8tres d&rsquo; usine \u2022 Bouton WPS \u2022 Interrupteur d&rsquo;activation \/ d\u00e9sactivation sans fil (en option) \u2022 Mise sous tension \/ arr\u00eat \u2022 h\u00f4te USB 2.0 4554","og_url":"https:\/\/mersatradedz.com\/ar\/product\/d-link-dsl-2750e-wireless-n300-adsl2modem-router\/","og_site_name":"mersatradedz","article_publisher":"https:\/\/www.facebook.com\/ntbidz","article_modified_time":"2025-03-27T13:39:54+00:00","og_image":[{"width":900,"height":962,"url":"https:\/\/mersatradedz.com\/wp-content\/uploads\/2023\/08\/1000021553.jpg","type":"image\/jpeg"}],"twitter_card":"summary_large_image","schema":{"@context":"https:\/\/schema.org","@graph":[{"@type":"WebPage","@id":"https:\/\/mersatradedz.com\/product\/d-link-dsl-2750e-wireless-n300-adsl2modem-router\/","url":"https:\/\/mersatradedz.com\/product\/d-link-dsl-2750e-wireless-n300-adsl2modem-router\/","name":"D-Link DSL 2750E Wireless N300 ADSL2+Modem Router - mersatradedz","isPartOf":{"@id":"https:\/\/mersatradedz.com\/#website"},"primaryImageOfPage":{"@id":"https:\/\/mersatradedz.com\/product\/d-link-dsl-2750e-wireless-n300-adsl2modem-router\/#primaryimage"},"image":{"@id":"https:\/\/mersatradedz.com\/product\/d-link-dsl-2750e-wireless-n300-adsl2modem-router\/#primaryimage"},"thumbnailUrl":"https:\/\/mersatradedz.com\/wp-content\/uploads\/2023\/08\/1000021553.jpg","datePublished":"2023-08-14T08:46:27+00:00","dateModified":"2025-03-27T13:39:54+00:00","breadcrumb":{"@id":"https:\/\/mersatradedz.com\/product\/d-link-dsl-2750e-wireless-n300-adsl2modem-router\/#breadcrumb"},"inLanguage":"ar","potentialAction":[{"@type":"ReadAction","target":["https:\/\/mersatradedz.com\/product\/d-link-dsl-2750e-wireless-n300-adsl2modem-router\/"]}]},{"@type":"ImageObject","inLanguage":"ar","@id":"https:\/\/mersatradedz.com\/product\/d-link-dsl-2750e-wireless-n300-adsl2modem-router\/#primaryimage","url":"https:\/\/mersatradedz.com\/wp-content\/uploads\/2023\/08\/1000021553.jpg","contentUrl":"https:\/\/mersatradedz.com\/wp-content\/uploads\/2023\/08\/1000021553.jpg","width":900,"height":962},{"@type":"BreadcrumbList","@id":"https:\/\/mersatradedz.com\/product\/d-link-dsl-2750e-wireless-n300-adsl2modem-router\/#breadcrumb","itemListElement":[{"@type":"ListItem","position":1,"name":"Home","item":"https:\/\/mersatradedz.com\/ar\/"},{"@type":"ListItem","position":2,"name":"Boutique","item":"https:\/\/mersatradedz.com\/shop\/"},{"@type":"ListItem","position":3,"name":"D-Link DSL 2750E Wireless N300 ADSL2+Modem Router"}]},{"@type":"WebSite","@id":"https:\/\/mersatradedz.com\/#website","url":"https:\/\/mersatradedz.com\/","name":"mersatradedz","description":"","publisher":{"@id":"https:\/\/mersatradedz.com\/#organization"},"potentialAction":[{"@type":"SearchAction","target":{"@type":"EntryPoint","urlTemplate":"https:\/\/mersatradedz.com\/?s={search_term_string}"},"query-input":{"@type":"PropertyValueSpecification","valueRequired":true,"valueName":"search_term_string"}}],"inLanguage":"ar"},{"@type":"Organization","@id":"https:\/\/mersatradedz.com\/#organization","name":"mersa trade","url":"https:\/\/mersatradedz.com\/","logo":{"@type":"ImageObject","inLanguage":"ar","@id":"https:\/\/mersatradedz.com\/#\/schema\/logo\/image\/","url":"https:\/\/mersatradedz.com\/wp-content\/uploads\/2023\/07\/cropped-1684191296456.jpg","contentUrl":"https:\/\/mersatradedz.com\/wp-content\/uploads\/2023\/07\/cropped-1684191296456.jpg","width":1451,"height":955,"caption":"mersa trade"},"image":{"@id":"https:\/\/mersatradedz.com\/#\/schema\/logo\/image\/"},"sameAs":["https:\/\/www.facebook.com\/ntbidz"]}]}},"jetpack_sharing_enabled":true,"_links":{"self":[{"href":"https:\/\/mersatradedz.com\/ar\/wp-json\/wp\/v2\/product\/1985","targetHints":{"allow":["GET"]}}],"collection":[{"href":"https:\/\/mersatradedz.com\/ar\/wp-json\/wp\/v2\/product"}],"about":[{"href":"https:\/\/mersatradedz.com\/ar\/wp-json\/wp\/v2\/types\/product"}],"replies":[{"embeddable":true,"href":"https:\/\/mersatradedz.com\/ar\/wp-json\/wp\/v2\/comments?post=1985"}],"wp:featuredmedia":[{"embeddable":true,"href":"https:\/\/mersatradedz.com\/ar\/wp-json\/wp\/v2\/media\/1984"}],"wp:attachment":[{"href":"https:\/\/mersatradedz.com\/ar\/wp-json\/wp\/v2\/media?parent=1985"}],"wp:term":[{"taxonomy":"product_brand","embeddable":true,"href":"https:\/\/mersatradedz.com\/ar\/wp-json\/wp\/v2\/product_brand?post=1985"},{"taxonomy":"product_cat","embeddable":true,"href":"https:\/\/mersatradedz.com\/ar\/wp-json\/wp\/v2\/product_cat?post=1985"},{"taxonomy":"product_tag","embeddable":true,"href":"https:\/\/mersatradedz.com\/ar\/wp-json\/wp\/v2\/product_tag?post=1985"}],"curies":[{"name":"wp","href":"https:\/\/api.w.org\/{rel}","templated":true}]}}