{"id":2020,"date":"2023-08-16T13:52:25","date_gmt":"2023-08-16T12:52:25","guid":{"rendered":"https:\/\/mersatradedz.com\/product\/compteuse-de-billet-hl2108\/"},"modified":"2025-08-09T08:55:24","modified_gmt":"2025-08-09T07:55:24","slug":"compteuse-de-billet-hl2108","status":"publish","type":"product","link":"https:\/\/mersatradedz.com\/ar\/product\/compteuse-de-billet-hl2108\/","title":{"rendered":"Compteuse de Billets 2108"},"content":{"rendered":"<h4><strong data-start=\"683\" data-end=\"712\">Saviez-vous qu&rsquo;il y a de grandes chances d&rsquo;avoir de faux billets dans votre coffre-fort, et vous ne le savez m\u00eame pas ?<\/strong><\/h4>\n<h2><strong data-start=\"1851\" data-end=\"1881\">Pourquoi choisir la 2108 ?<\/strong><\/h2>\n<p>C\u2019est une solution <strong data-start=\"1903\" data-end=\"1926\">abordable et fiable<\/strong>, parfaitement con\u00e7ue pour les <strong data-start=\"1957\" data-end=\"1997\">besoins quotidiens en point de vente<\/strong>. La 2108 est l\u2019outil de base indispensable pour toute structure manipulant du cash.<\/p>\n<p><img fetchpriority=\"high\" decoding=\"async\" class=\"wp-image-3631 aligncenter\" src=\"https:\/\/mersatradedz.com\/wp-content\/uploads\/2023\/08\/6-1-300x300.jpg\" alt=\"\" width=\"400\" height=\"400\" srcset=\"https:\/\/mersatradedz.com\/wp-content\/uploads\/2023\/08\/6-1-300x300.jpg 300w, https:\/\/mersatradedz.com\/wp-content\/uploads\/2023\/08\/6-1-1024x1024.jpg 1024w, https:\/\/mersatradedz.com\/wp-content\/uploads\/2023\/08\/6-1-150x150.jpg 150w, https:\/\/mersatradedz.com\/wp-content\/uploads\/2023\/08\/6-1-768x768.jpg 768w, https:\/\/mersatradedz.com\/wp-content\/uploads\/2023\/08\/6-1-12x12.jpg 12w, https:\/\/mersatradedz.com\/wp-content\/uploads\/2023\/08\/6-1-600x600.jpg 600w, https:\/\/mersatradedz.com\/wp-content\/uploads\/2023\/08\/6-1-100x100.jpg 100w, https:\/\/mersatradedz.com\/wp-content\/uploads\/2023\/08\/6-1-64x64.jpg 64w, https:\/\/mersatradedz.com\/wp-content\/uploads\/2023\/08\/6-1.jpg 1080w\" sizes=\"(max-width: 400px) 100vw, 400px\" \/><\/p>\n<h3 data-start=\"527\" data-end=\"781\"><strong data-start=\"527\" data-end=\"556\">Comptage rapide et fluide<\/strong><\/h3>\n<p data-start=\"527\" data-end=\"781\">La <strong data-start=\"562\" data-end=\"570\">2108<\/strong> assure un <strong data-start=\"581\" data-end=\"605\">comptage automatique<\/strong> rapide de vos billets, jusqu\u2019\u00e0 <strong data-start=\"637\" data-end=\"663\">900 billets par minute<\/strong>. Un v\u00e9ritable gain de temps pour les commerces, administrations ou associations manipulant r\u00e9guli\u00e8rement de l\u2019esp\u00e8ce.<\/p>\n<h3 data-start=\"783\" data-end=\"1023\"><strong data-start=\"783\" data-end=\"813\">D\u00e9tection des faux billets<\/strong><\/h3>\n<p data-start=\"783\" data-end=\"1023\">Gr\u00e2ce aux syst\u00e8mes <strong data-start=\"835\" data-end=\"855\">UV (ultraviolet)<\/strong> et <strong data-start=\"859\" data-end=\"878\">MG (magn\u00e9tique)<\/strong>, cette machine d\u00e9tecte efficacement les faux billets. Elle est <strong data-start=\"942\" data-end=\"975\">adapt\u00e9e aux billets alg\u00e9riens<\/strong> ainsi qu\u2019aux devises comme l\u2019euro ou le dollar.<\/p>\n<p data-start=\"783\" data-end=\"1023\"><img decoding=\"async\" class=\"wp-image-3632 aligncenter\" src=\"https:\/\/mersatradedz.com\/wp-content\/uploads\/2023\/08\/8-300x300.jpg\" alt=\"\" width=\"400\" height=\"400\" srcset=\"https:\/\/mersatradedz.com\/wp-content\/uploads\/2023\/08\/8-300x300.jpg 300w, https:\/\/mersatradedz.com\/wp-content\/uploads\/2023\/08\/8-1024x1024.jpg 1024w, https:\/\/mersatradedz.com\/wp-content\/uploads\/2023\/08\/8-150x150.jpg 150w, https:\/\/mersatradedz.com\/wp-content\/uploads\/2023\/08\/8-768x768.jpg 768w, https:\/\/mersatradedz.com\/wp-content\/uploads\/2023\/08\/8-12x12.jpg 12w, https:\/\/mersatradedz.com\/wp-content\/uploads\/2023\/08\/8-600x600.jpg 600w, https:\/\/mersatradedz.com\/wp-content\/uploads\/2023\/08\/8-100x100.jpg 100w, https:\/\/mersatradedz.com\/wp-content\/uploads\/2023\/08\/8-64x64.jpg 64w, https:\/\/mersatradedz.com\/wp-content\/uploads\/2023\/08\/8.jpg 1080w\" sizes=\"(max-width: 400px) 100vw, 400px\" \/><\/p>\n<h3 data-start=\"1025\" data-end=\"1056\"><strong data-start=\"1025\" data-end=\"1054\">Fonctionnalit\u00e9s pratiques<\/strong><\/h3>\n<ul data-start=\"1057\" data-end=\"1324\">\n<li data-start=\"1057\" data-end=\"1119\"><strong data-start=\"1059\" data-end=\"1083\">Addition automatique<\/strong> : totalisation sur plusieurs lots<\/li>\n<li data-start=\"1120\" data-end=\"1201\"><strong data-start=\"1122\" data-end=\"1140\">Fonction batch<\/strong> : permet de d\u00e9finir un nombre de billets \u00e0 compter par lot<\/li>\n<li data-start=\"1202\" data-end=\"1267\"><strong data-start=\"1204\" data-end=\"1225\">Auto-start &amp; stop<\/strong> : lancement automatique d\u00e8s l\u2019insertion<\/li>\n<li data-start=\"1268\" data-end=\"1324\"><strong data-start=\"1270\" data-end=\"1297\">Affichage digital clair<\/strong> pour une lecture imm\u00e9diate<\/li>\n<\/ul>\n<p><img decoding=\"async\" class=\"wp-image-3630 aligncenter\" src=\"https:\/\/mersatradedz.com\/wp-content\/uploads\/2023\/08\/5-1-300x300.jpg\" alt=\"\" width=\"400\" height=\"400\" srcset=\"https:\/\/mersatradedz.com\/wp-content\/uploads\/2023\/08\/5-1-300x300.jpg 300w, https:\/\/mersatradedz.com\/wp-content\/uploads\/2023\/08\/5-1-1024x1024.jpg 1024w, https:\/\/mersatradedz.com\/wp-content\/uploads\/2023\/08\/5-1-150x150.jpg 150w, https:\/\/mersatradedz.com\/wp-content\/uploads\/2023\/08\/5-1-768x768.jpg 768w, https:\/\/mersatradedz.com\/wp-content\/uploads\/2023\/08\/5-1-12x12.jpg 12w, https:\/\/mersatradedz.com\/wp-content\/uploads\/2023\/08\/5-1-600x600.jpg 600w, https:\/\/mersatradedz.com\/wp-content\/uploads\/2023\/08\/5-1-100x100.jpg 100w, https:\/\/mersatradedz.com\/wp-content\/uploads\/2023\/08\/5-1-64x64.jpg 64w, https:\/\/mersatradedz.com\/wp-content\/uploads\/2023\/08\/5-1.jpg 1080w\" sizes=\"(max-width: 400px) 100vw, 400px\" \/><\/p>\n<h3 data-start=\"1326\" data-end=\"1540\"><strong data-start=\"1326\" data-end=\"1365\">Format compact, usage professionnel<\/strong><\/h3>\n<p data-start=\"1326\" data-end=\"1540\">Design robuste et discret, la compteuse <strong data-start=\"1408\" data-end=\"1416\">2108<\/strong> s\u2019installe facilement sur un comptoir ou dans un bureau. Elle est <strong data-start=\"1483\" data-end=\"1510\">l\u00e9g\u00e8re et transportable<\/strong>, avec un entretien simplifi\u00e9.<\/p>\n<h3 data-start=\"1542\" data-end=\"1573\"><strong data-start=\"1542\" data-end=\"1571\">Sp\u00e9cifications techniques<\/strong><\/h3>\n<ul data-start=\"1574\" data-end=\"1849\">\n<li data-start=\"1574\" data-end=\"1615\"><strong data-start=\"1576\" data-end=\"1587\">Vitesse<\/strong> : jusqu&rsquo;\u00e0 900 billets\/min<\/li>\n<li data-start=\"1616\" data-end=\"1660\"><strong data-start=\"1618\" data-end=\"1639\">Capacit\u00e9 d\u2019entr\u00e9e<\/strong> : env. 200 billets<\/li>\n<li data-start=\"1661\" data-end=\"1706\"><strong data-start=\"1663\" data-end=\"1685\">Capacit\u00e9 de sortie<\/strong> : env. 200 billets<\/li>\n<li data-start=\"1707\" data-end=\"1734\"><strong data-start=\"1709\" data-end=\"1722\">D\u00e9tection<\/strong> : UV \/ MG<\/li>\n<li data-start=\"1735\" data-end=\"1762\"><strong data-start=\"1737\" data-end=\"1746\">Poids<\/strong> : env. 5.5 kg<\/li>\n<li data-start=\"1763\" data-end=\"1788\"><strong data-start=\"1765\" data-end=\"1774\">\u00c9cran<\/strong> : LED clair<\/li>\n<li data-start=\"1789\" data-end=\"1816\"><strong data-start=\"1791\" data-end=\"1807\">Alimentation<\/strong> : 220V<\/li>\n<li data-start=\"1817\" data-end=\"1849\"><strong data-start=\"1819\" data-end=\"1849\">Fonction devises multiples<\/strong><\/li>\n<\/ul>","protected":false},"excerpt":{"rendered":"<p style=\"text-align: left;\" data-start=\"121\" data-end=\"311\">\u00a0Comptez vos billets rapidement et en toute s\u00e9curit\u00e9 \ud83d\udcb8<br data-start=\"175\" data-end=\"178\" \/>\u00a0D\u00e9tection UV \/ MG pour \u00e9viter les faux billets \u2699\ufe0f<br data-start=\"227\" data-end=\"230\" \/>\u00a0\u00c9cran clair et lecture pr\u00e9cise \ud83d\udd22<br data-start=\"263\" data-end=\"266\" \/>\u00a0Id\u00e9ale pour magasins, bureaux et caisses \ud83d\udcbc<\/p>","protected":false},"featured_media":3626,"comment_status":"open","ping_status":"closed","template":"","meta":{"_monsterinsights_skip_tracking":false,"_monsterinsights_sitenote_active":false,"_monsterinsights_sitenote_note":"","_monsterinsights_sitenote_category":0},"product_brand":[],"product_cat":[733],"product_tag":[735,788],"class_list":{"0":"post-2020","1":"product","2":"type-product","3":"status-publish","4":"has-post-thumbnail","6":"product_cat-compteuse-de-billet","7":"product_tag-735","8":"product_tag-compteuse-de-billet","9":"product_shipping_class-7kg","11":"first","12":"instock","13":"sale","14":"purchasable","15":"product-type-simple"},"yoast_head":"<!-- This site is optimized with the Yoast SEO plugin v27.4 - https:\/\/yoast.com\/product\/yoast-seo-wordpress\/ -->\n<title>Compteuse de Billets 2108 - mersatradedz<\/title>\n<meta name=\"robots\" content=\"index, follow, max-snippet:-1, max-image-preview:large, max-video-preview:-1\" \/>\n<link rel=\"canonical\" href=\"https:\/\/mersatradedz.com\/ar\/product\/compteuse-de-billet-hl2108\/\" \/>\n<meta property=\"og:locale\" content=\"ar_AR\" \/>\n<meta property=\"og:type\" content=\"article\" \/>\n<meta property=\"og:title\" content=\"Compteuse de Billets 2108 - mersatradedz\" \/>\n<meta property=\"og:description\" content=\"\u00a0Comptez vos billets rapidement et en toute s\u00e9curit\u00e9 \ud83d\udcb8\u00a0D\u00e9tection UV \/ MG pour \u00e9viter les faux billets \u2699\ufe0f\u00a0\u00c9cran clair et lecture pr\u00e9cise \ud83d\udd22\u00a0Id\u00e9ale pour magasins, bureaux et caisses \ud83d\udcbc\" \/>\n<meta property=\"og:url\" content=\"https:\/\/mersatradedz.com\/ar\/product\/compteuse-de-billet-hl2108\/\" \/>\n<meta property=\"og:site_name\" content=\"mersatradedz\" \/>\n<meta property=\"article:publisher\" content=\"https:\/\/www.facebook.com\/ntbidz\" \/>\n<meta property=\"article:modified_time\" content=\"2025-08-09T07:55:24+00:00\" \/>\n<meta property=\"og:image\" content=\"https:\/\/mersatradedz.com\/wp-content\/uploads\/2023\/08\/1-3.jpg\" \/>\n\t<meta property=\"og:image:width\" content=\"1080\" \/>\n\t<meta property=\"og:image:height\" content=\"1080\" \/>\n\t<meta property=\"og:image:type\" content=\"image\/jpeg\" \/>\n<meta name=\"twitter:card\" content=\"summary_large_image\" \/>\n<meta name=\"twitter:label1\" content=\"\u0648\u0642\u062a \u0627\u0644\u0642\u0631\u0627\u0621\u0629 \u0627\u0644\u0645\u064f\u0642\u062f\u0651\u0631\" \/>\n\t<meta name=\"twitter:data1\" content=\"\u062f\u0642\u064a\u0642\u0629 \u0648\u0627\u062d\u062f\u0629\" \/>\n<script type=\"application\/ld+json\" class=\"yoast-schema-graph\">{\"@context\":\"https:\\\/\\\/schema.org\",\"@graph\":[{\"@type\":\"WebPage\",\"@id\":\"https:\\\/\\\/mersatradedz.com\\\/product\\\/compteuse-de-billet-hl2108\\\/\",\"url\":\"https:\\\/\\\/mersatradedz.com\\\/product\\\/compteuse-de-billet-hl2108\\\/\",\"name\":\"Compteuse de Billets 2108 - mersatradedz\",\"isPartOf\":{\"@id\":\"https:\\\/\\\/mersatradedz.com\\\/#website\"},\"primaryImageOfPage\":{\"@id\":\"https:\\\/\\\/mersatradedz.com\\\/product\\\/compteuse-de-billet-hl2108\\\/#primaryimage\"},\"image\":{\"@id\":\"https:\\\/\\\/mersatradedz.com\\\/product\\\/compteuse-de-billet-hl2108\\\/#primaryimage\"},\"thumbnailUrl\":\"https:\\\/\\\/mersatradedz.com\\\/wp-content\\\/uploads\\\/2023\\\/08\\\/1-3.jpg\",\"datePublished\":\"2023-08-16T12:52:25+00:00\",\"dateModified\":\"2025-08-09T07:55:24+00:00\",\"breadcrumb\":{\"@id\":\"https:\\\/\\\/mersatradedz.com\\\/product\\\/compteuse-de-billet-hl2108\\\/#breadcrumb\"},\"inLanguage\":\"ar\",\"potentialAction\":[{\"@type\":\"ReadAction\",\"target\":[\"https:\\\/\\\/mersatradedz.com\\\/product\\\/compteuse-de-billet-hl2108\\\/\"]}]},{\"@type\":\"ImageObject\",\"inLanguage\":\"ar\",\"@id\":\"https:\\\/\\\/mersatradedz.com\\\/product\\\/compteuse-de-billet-hl2108\\\/#primaryimage\",\"url\":\"https:\\\/\\\/mersatradedz.com\\\/wp-content\\\/uploads\\\/2023\\\/08\\\/1-3.jpg\",\"contentUrl\":\"https:\\\/\\\/mersatradedz.com\\\/wp-content\\\/uploads\\\/2023\\\/08\\\/1-3.jpg\",\"width\":1080,\"height\":1080},{\"@type\":\"BreadcrumbList\",\"@id\":\"https:\\\/\\\/mersatradedz.com\\\/product\\\/compteuse-de-billet-hl2108\\\/#breadcrumb\",\"itemListElement\":[{\"@type\":\"ListItem\",\"position\":1,\"name\":\"Home\",\"item\":\"https:\\\/\\\/mersatradedz.com\\\/ar\\\/\"},{\"@type\":\"ListItem\",\"position\":2,\"name\":\"Boutique\",\"item\":\"https:\\\/\\\/mersatradedz.com\\\/shop\\\/\"},{\"@type\":\"ListItem\",\"position\":3,\"name\":\"Compteuse de Billets 2108\"}]},{\"@type\":\"WebSite\",\"@id\":\"https:\\\/\\\/mersatradedz.com\\\/#website\",\"url\":\"https:\\\/\\\/mersatradedz.com\\\/\",\"name\":\"mersatradedz\",\"description\":\"\",\"publisher\":{\"@id\":\"https:\\\/\\\/mersatradedz.com\\\/#organization\"},\"potentialAction\":[{\"@type\":\"SearchAction\",\"target\":{\"@type\":\"EntryPoint\",\"urlTemplate\":\"https:\\\/\\\/mersatradedz.com\\\/?s={search_term_string}\"},\"query-input\":{\"@type\":\"PropertyValueSpecification\",\"valueRequired\":true,\"valueName\":\"search_term_string\"}}],\"inLanguage\":\"ar\"},{\"@type\":\"Organization\",\"@id\":\"https:\\\/\\\/mersatradedz.com\\\/#organization\",\"name\":\"mersa trade\",\"url\":\"https:\\\/\\\/mersatradedz.com\\\/\",\"logo\":{\"@type\":\"ImageObject\",\"inLanguage\":\"ar\",\"@id\":\"https:\\\/\\\/mersatradedz.com\\\/#\\\/schema\\\/logo\\\/image\\\/\",\"url\":\"https:\\\/\\\/mersatradedz.com\\\/wp-content\\\/uploads\\\/2023\\\/07\\\/cropped-1684191296456.jpg\",\"contentUrl\":\"https:\\\/\\\/mersatradedz.com\\\/wp-content\\\/uploads\\\/2023\\\/07\\\/cropped-1684191296456.jpg\",\"width\":1451,\"height\":955,\"caption\":\"mersa trade\"},\"image\":{\"@id\":\"https:\\\/\\\/mersatradedz.com\\\/#\\\/schema\\\/logo\\\/image\\\/\"},\"sameAs\":[\"https:\\\/\\\/www.facebook.com\\\/ntbidz\"]}]}<\/script>\n<!-- \/ Yoast SEO plugin. -->","yoast_head_json":{"title":"Compteuse de Billets 2108 - mersatradedz","robots":{"index":"index","follow":"follow","max-snippet":"max-snippet:-1","max-image-preview":"max-image-preview:large","max-video-preview":"max-video-preview:-1"},"canonical":"https:\/\/mersatradedz.com\/ar\/product\/compteuse-de-billet-hl2108\/","og_locale":"ar_AR","og_type":"article","og_title":"Compteuse de Billets 2108 - mersatradedz","og_description":"\u00a0Comptez vos billets rapidement et en toute s\u00e9curit\u00e9 \ud83d\udcb8\u00a0D\u00e9tection UV \/ MG pour \u00e9viter les faux billets \u2699\ufe0f\u00a0\u00c9cran clair et lecture pr\u00e9cise \ud83d\udd22\u00a0Id\u00e9ale pour magasins, bureaux et caisses \ud83d\udcbc","og_url":"https:\/\/mersatradedz.com\/ar\/product\/compteuse-de-billet-hl2108\/","og_site_name":"mersatradedz","article_publisher":"https:\/\/www.facebook.com\/ntbidz","article_modified_time":"2025-08-09T07:55:24+00:00","og_image":[{"width":1080,"height":1080,"url":"https:\/\/mersatradedz.com\/wp-content\/uploads\/2023\/08\/1-3.jpg","type":"image\/jpeg"}],"twitter_card":"summary_large_image","twitter_misc":{"\u0648\u0642\u062a \u0627\u0644\u0642\u0631\u0627\u0621\u0629 \u0627\u0644\u0645\u064f\u0642\u062f\u0651\u0631":"\u062f\u0642\u064a\u0642\u0629 \u0648\u0627\u062d\u062f\u0629"},"schema":{"@context":"https:\/\/schema.org","@graph":[{"@type":"WebPage","@id":"https:\/\/mersatradedz.com\/product\/compteuse-de-billet-hl2108\/","url":"https:\/\/mersatradedz.com\/product\/compteuse-de-billet-hl2108\/","name":"Compteuse de Billets 2108 - mersatradedz","isPartOf":{"@id":"https:\/\/mersatradedz.com\/#website"},"primaryImageOfPage":{"@id":"https:\/\/mersatradedz.com\/product\/compteuse-de-billet-hl2108\/#primaryimage"},"image":{"@id":"https:\/\/mersatradedz.com\/product\/compteuse-de-billet-hl2108\/#primaryimage"},"thumbnailUrl":"https:\/\/mersatradedz.com\/wp-content\/uploads\/2023\/08\/1-3.jpg","datePublished":"2023-08-16T12:52:25+00:00","dateModified":"2025-08-09T07:55:24+00:00","breadcrumb":{"@id":"https:\/\/mersatradedz.com\/product\/compteuse-de-billet-hl2108\/#breadcrumb"},"inLanguage":"ar","potentialAction":[{"@type":"ReadAction","target":["https:\/\/mersatradedz.com\/product\/compteuse-de-billet-hl2108\/"]}]},{"@type":"ImageObject","inLanguage":"ar","@id":"https:\/\/mersatradedz.com\/product\/compteuse-de-billet-hl2108\/#primaryimage","url":"https:\/\/mersatradedz.com\/wp-content\/uploads\/2023\/08\/1-3.jpg","contentUrl":"https:\/\/mersatradedz.com\/wp-content\/uploads\/2023\/08\/1-3.jpg","width":1080,"height":1080},{"@type":"BreadcrumbList","@id":"https:\/\/mersatradedz.com\/product\/compteuse-de-billet-hl2108\/#breadcrumb","itemListElement":[{"@type":"ListItem","position":1,"name":"Home","item":"https:\/\/mersatradedz.com\/ar\/"},{"@type":"ListItem","position":2,"name":"Boutique","item":"https:\/\/mersatradedz.com\/shop\/"},{"@type":"ListItem","position":3,"name":"Compteuse de Billets 2108"}]},{"@type":"WebSite","@id":"https:\/\/mersatradedz.com\/#website","url":"https:\/\/mersatradedz.com\/","name":"mersatradedz","description":"","publisher":{"@id":"https:\/\/mersatradedz.com\/#organization"},"potentialAction":[{"@type":"SearchAction","target":{"@type":"EntryPoint","urlTemplate":"https:\/\/mersatradedz.com\/?s={search_term_string}"},"query-input":{"@type":"PropertyValueSpecification","valueRequired":true,"valueName":"search_term_string"}}],"inLanguage":"ar"},{"@type":"Organization","@id":"https:\/\/mersatradedz.com\/#organization","name":"mersa trade","url":"https:\/\/mersatradedz.com\/","logo":{"@type":"ImageObject","inLanguage":"ar","@id":"https:\/\/mersatradedz.com\/#\/schema\/logo\/image\/","url":"https:\/\/mersatradedz.com\/wp-content\/uploads\/2023\/07\/cropped-1684191296456.jpg","contentUrl":"https:\/\/mersatradedz.com\/wp-content\/uploads\/2023\/07\/cropped-1684191296456.jpg","width":1451,"height":955,"caption":"mersa trade"},"image":{"@id":"https:\/\/mersatradedz.com\/#\/schema\/logo\/image\/"},"sameAs":["https:\/\/www.facebook.com\/ntbidz"]}]}},"jetpack_sharing_enabled":true,"_links":{"self":[{"href":"https:\/\/mersatradedz.com\/ar\/wp-json\/wp\/v2\/product\/2020","targetHints":{"allow":["GET"]}}],"collection":[{"href":"https:\/\/mersatradedz.com\/ar\/wp-json\/wp\/v2\/product"}],"about":[{"href":"https:\/\/mersatradedz.com\/ar\/wp-json\/wp\/v2\/types\/product"}],"replies":[{"embeddable":true,"href":"https:\/\/mersatradedz.com\/ar\/wp-json\/wp\/v2\/comments?post=2020"}],"wp:featuredmedia":[{"embeddable":true,"href":"https:\/\/mersatradedz.com\/ar\/wp-json\/wp\/v2\/media\/3626"}],"wp:attachment":[{"href":"https:\/\/mersatradedz.com\/ar\/wp-json\/wp\/v2\/media?parent=2020"}],"wp:term":[{"taxonomy":"product_brand","embeddable":true,"href":"https:\/\/mersatradedz.com\/ar\/wp-json\/wp\/v2\/product_brand?post=2020"},{"taxonomy":"product_cat","embeddable":true,"href":"https:\/\/mersatradedz.com\/ar\/wp-json\/wp\/v2\/product_cat?post=2020"},{"taxonomy":"product_tag","embeddable":true,"href":"https:\/\/mersatradedz.com\/ar\/wp-json\/wp\/v2\/product_tag?post=2020"}],"curies":[{"name":"wp","href":"https:\/\/api.w.org\/{rel}","templated":true}]}}