{"id":2032,"date":"2023-08-16T14:23:19","date_gmt":"2023-08-16T13:23:19","guid":{"rendered":"https:\/\/mersatradedz.com\/product\/compteuse-8816\/"},"modified":"2025-08-07T14:05:49","modified_gmt":"2025-08-07T13:05:49","slug":"compteuse-8816","status":"publish","type":"product","link":"https:\/\/mersatradedz.com\/ar\/product\/compteuse-8816\/","title":{"rendered":"Compteuse de Billets 8816"},"content":{"rendered":"<p data-start=\"683\" data-end=\"940\"><strong data-start=\"683\" data-end=\"712\">Saviez-vous qu&rsquo;il y a de grandes chances d&rsquo;avoir de faux billets dans votre coffre-fort, et vous ne le savez m\u00eame pas ?<\/strong><\/p>\n<h3 data-start=\"683\" data-end=\"940\"><strong data-start=\"683\" data-end=\"712\">Comptage rapide et pr\u00e9cis<\/strong><\/h3>\n<p data-start=\"683\" data-end=\"940\">La\u00a0<strong data-start=\"718\" data-end=\"747\">compteuse de billets 8816<\/strong>\u00a0est con\u00e7ue pour traiter rapidement de grandes quantit\u00e9s de billets. Elle peut compter jusqu\u2019\u00e0\u00a0<strong data-start=\"842\" data-end=\"866\">900 billets\/minute<\/strong>, assurant un gain de temps consid\u00e9rable pour les op\u00e9rations quotidiennes.<\/p>\n<h3 data-start=\"942\" data-end=\"1177\"><strong data-start=\"942\" data-end=\"971\">D\u00e9tection de faux billets<\/strong><\/h3>\n<p data-start=\"942\" data-end=\"1177\">\u00c9quip\u00e9e de capteurs\u00a0<strong data-start=\"994\" data-end=\"1014\">UV (ultraviolet)<\/strong>,\u00a0<strong data-start=\"1016\" data-end=\"1035\">MG (magn\u00e9tique)<\/strong>\u00a0et\u00a0<strong data-start=\"1039\" data-end=\"1058\">IR (infrarouge)<\/strong>, elle offre une d\u00e9tection fiable des\u00a0<strong data-start=\"1096\" data-end=\"1119\">billets contrefaits<\/strong>. Une alerte sonore et visuelle s\u2019affiche en cas de doute.<\/p>\n<p data-start=\"942\" data-end=\"1177\"><img fetchpriority=\"high\" decoding=\"async\" class=\"wp-image-3528 aligncenter\" src=\"https:\/\/mersatradedz.com\/wp-content\/uploads\/2023\/08\/3-1-300x300.jpg\" alt=\"\" width=\"400\" height=\"400\" srcset=\"https:\/\/mersatradedz.com\/wp-content\/uploads\/2023\/08\/3-1-300x300.jpg 300w, https:\/\/mersatradedz.com\/wp-content\/uploads\/2023\/08\/3-1-1024x1024.jpg 1024w, https:\/\/mersatradedz.com\/wp-content\/uploads\/2023\/08\/3-1-150x150.jpg 150w, https:\/\/mersatradedz.com\/wp-content\/uploads\/2023\/08\/3-1-768x768.jpg 768w, https:\/\/mersatradedz.com\/wp-content\/uploads\/2023\/08\/3-1-12x12.jpg 12w, https:\/\/mersatradedz.com\/wp-content\/uploads\/2023\/08\/3-1-600x600.jpg 600w, https:\/\/mersatradedz.com\/wp-content\/uploads\/2023\/08\/3-1-100x100.jpg 100w, https:\/\/mersatradedz.com\/wp-content\/uploads\/2023\/08\/3-1-64x64.jpg 64w, https:\/\/mersatradedz.com\/wp-content\/uploads\/2023\/08\/3-1.jpg 1080w\" sizes=\"(max-width: 400px) 100vw, 400px\" \/><\/p>\n<h3 data-start=\"1179\" data-end=\"1390\"><strong data-start=\"1179\" data-end=\"1202\">\u00c9cran digital clair<\/strong><\/h3>\n<p data-start=\"1179\" data-end=\"1390\">Son\u00a0<strong data-start=\"1209\" data-end=\"1222\">\u00e9cran LED<\/strong>\u00a0vous donne une lecture facile du nombre total de billets compt\u00e9s. Certains mod\u00e8les disposent d\u2019un\u00a0<strong data-start=\"1321\" data-end=\"1349\">\u00e9cran secondaire externe<\/strong>, pratique pour les clients ou coll\u00e8gues.<\/p>\n<p data-start=\"1179\" data-end=\"1390\"><img decoding=\"async\" class=\"wp-image-3527 aligncenter\" src=\"https:\/\/mersatradedz.com\/wp-content\/uploads\/2023\/08\/2-2-300x300.jpg\" alt=\"\" width=\"400\" height=\"400\" srcset=\"https:\/\/mersatradedz.com\/wp-content\/uploads\/2023\/08\/2-2-300x300.jpg 300w, https:\/\/mersatradedz.com\/wp-content\/uploads\/2023\/08\/2-2-1024x1024.jpg 1024w, https:\/\/mersatradedz.com\/wp-content\/uploads\/2023\/08\/2-2-150x150.jpg 150w, https:\/\/mersatradedz.com\/wp-content\/uploads\/2023\/08\/2-2-768x768.jpg 768w, https:\/\/mersatradedz.com\/wp-content\/uploads\/2023\/08\/2-2-12x12.jpg 12w, https:\/\/mersatradedz.com\/wp-content\/uploads\/2023\/08\/2-2-600x600.jpg 600w, https:\/\/mersatradedz.com\/wp-content\/uploads\/2023\/08\/2-2-100x100.jpg 100w, https:\/\/mersatradedz.com\/wp-content\/uploads\/2023\/08\/2-2-64x64.jpg 64w, https:\/\/mersatradedz.com\/wp-content\/uploads\/2023\/08\/2-2.jpg 1080w\" sizes=\"(max-width: 400px) 100vw, 400px\" \/><\/p>\n<h3 data-start=\"1392\" data-end=\"1420\"><strong data-start=\"1392\" data-end=\"1418\">Fonctionnalit\u00e9s utiles<\/strong><\/h3>\n<ul>\n<li data-start=\"1423\" data-end=\"1449\"><strong data-start=\"1423\" data-end=\"1447\">Addition automatique<\/strong><\/li>\n<li data-start=\"1452\" data-end=\"1523\"><strong data-start=\"1452\" data-end=\"1476\">Fonction lot (batch)<\/strong>\u00a0pour cr\u00e9er des paquets de billets pr\u00e9d\u00e9finis<\/li>\n<li data-start=\"1526\" data-end=\"1577\"><strong data-start=\"1526\" data-end=\"1558\">R\u00e9initialisation automatique<\/strong>\u00a0apr\u00e8s chaque lot<\/li>\n<li data-start=\"1580\" data-end=\"1642\"><strong>Mode manuel ou automatique<\/strong>\u00a0selon les pr\u00e9f\u00e9rences d&rsquo;utilisation<\/li>\n<\/ul>\n<p><img decoding=\"async\" class=\"wp-image-3526 aligncenter\" src=\"https:\/\/mersatradedz.com\/wp-content\/uploads\/2023\/08\/1-2-300x300.jpg\" alt=\"\" width=\"400\" height=\"400\" srcset=\"https:\/\/mersatradedz.com\/wp-content\/uploads\/2023\/08\/1-2-300x300.jpg 300w, https:\/\/mersatradedz.com\/wp-content\/uploads\/2023\/08\/1-2-1024x1024.jpg 1024w, https:\/\/mersatradedz.com\/wp-content\/uploads\/2023\/08\/1-2-150x150.jpg 150w, https:\/\/mersatradedz.com\/wp-content\/uploads\/2023\/08\/1-2-768x768.jpg 768w, https:\/\/mersatradedz.com\/wp-content\/uploads\/2023\/08\/1-2-12x12.jpg 12w, https:\/\/mersatradedz.com\/wp-content\/uploads\/2023\/08\/1-2-600x600.jpg 600w, https:\/\/mersatradedz.com\/wp-content\/uploads\/2023\/08\/1-2-100x100.jpg 100w, https:\/\/mersatradedz.com\/wp-content\/uploads\/2023\/08\/1-2-64x64.jpg 64w, https:\/\/mersatradedz.com\/wp-content\/uploads\/2023\/08\/1-2.jpg 1080w\" sizes=\"(max-width: 400px) 100vw, 400px\" \/><\/p>\n<h3 data-start=\"1644\" data-end=\"1869\"><strong data-start=\"1644\" data-end=\"1672\">Compatibilit\u00e9 alg\u00e9rienne<\/strong><\/h3>\n<p data-start=\"1644\" data-end=\"1869\">La 8816 est\u00a0<strong data-start=\"1687\" data-end=\"1727\">adapt\u00e9e aux billets dinars alg\u00e9riens<\/strong>\u00a0(DZD), ainsi qu\u2019aux devises \u00e9trang\u00e8res comme l\u2019euro ou le dollar. Format accept\u00e9 :\u00a0<strong data-start=\"1811\" data-end=\"1868\">de 50 \u00e0 90 mm de hauteur et 100 \u00e0 185 mm de longueur<\/strong>.<\/p>\n<h3 data-start=\"1871\" data-end=\"1902\"><strong data-start=\"1871\" data-end=\"1900\">Sp\u00e9cifications techniques<\/strong><\/h3>\n<ul>\n<li data-start=\"1905\" data-end=\"1946\"><strong data-start=\"1905\" data-end=\"1916\">Vitesse<\/strong>\u00a0: Jusqu\u2019\u00e0 900 billets\/min<\/li>\n<li data-start=\"1949\" data-end=\"1979\"><strong data-start=\"1949\" data-end=\"1962\">D\u00e9tection<\/strong>\u00a0: UV \/ MG \/ IR<\/li>\n<li data-start=\"1982\" data-end=\"2028\"><strong data-start=\"1982\" data-end=\"2007\">Capacit\u00e9 bac d&rsquo;entr\u00e9e<\/strong>\u00a0: env. 200 billets<\/li>\n<li data-start=\"2031\" data-end=\"2078\"><strong data-start=\"2031\" data-end=\"2057\">Capacit\u00e9 bac de sortie<\/strong>\u00a0: env. 200 billets<\/li>\n<li data-start=\"2081\" data-end=\"2118\"><strong data-start=\"2081\" data-end=\"2095\">Dimensions<\/strong>\u00a0: 373 x 316 x 257 mm<\/li>\n<li data-start=\"2121\" data-end=\"2144\"><strong data-start=\"2121\" data-end=\"2130\">Poids net<\/strong>\u00a0: 6 kg<\/li>\n<li data-start=\"2147\" data-end=\"2185\"><strong data-start=\"2147\" data-end=\"2160\">Affichage<\/strong>\u00a0: \u00c9cran LED avec options<\/li>\n<\/ul>\n<h3 data-start=\"2187\" data-end=\"2422\"><strong data-start=\"2187\" data-end=\"2221\">Id\u00e9ale pour les professionnels<\/strong><\/h3>\n<p data-start=\"2187\" data-end=\"2422\">La compteuse 8816 convient parfaitement aux\u00a0<strong data-start=\"2268\" data-end=\"2325\">bureaux de change, commerces, banques, et entreprises<\/strong>\u00a0manipulant du cash.\u00a0<strong data-start=\"2346\" data-end=\"2378\">Fiable, rapide, et s\u00e9curis\u00e9e<\/strong>, elle facilite vos op\u00e9rations journali\u00e8res.<\/p>","protected":false},"excerpt":{"rendered":"<p>Saviez-vous qu&rsquo;il y a de grandes chances d&rsquo;avoir de faux billets dans votre coffre-fort, et vous ne le savez m\u00eame pas ? Comptage rapide et pr\u00e9cis La\u00a0compteuse de billets 8816\u00a0est con\u00e7ue pour traiter rapidement de grandes quantit\u00e9s de billets. Elle peut compter jusqu\u2019\u00e0\u00a0900 billets\/minute, assurant un gain de temps consid\u00e9rable pour les op\u00e9rations quotidiennes. D\u00e9tection [&hellip;]<\/p>\n","protected":false},"featured_media":3532,"comment_status":"open","ping_status":"closed","template":"","meta":{"_monsterinsights_skip_tracking":false,"_monsterinsights_sitenote_active":false,"_monsterinsights_sitenote_note":"","_monsterinsights_sitenote_category":0},"product_brand":[],"product_cat":[733],"product_tag":[739,742],"class_list":{"0":"post-2032","1":"product","2":"type-product","3":"status-publish","4":"has-post-thumbnail","6":"product_cat-compteuse-de-billet","7":"product_tag-739","8":"product_tag-compteuse","9":"product_shipping_class-7kg","11":"first","12":"instock","13":"purchasable","14":"product-type-simple"},"yoast_head":"<!-- This site is optimized with the Yoast SEO plugin v27.4 - https:\/\/yoast.com\/product\/yoast-seo-wordpress\/ -->\n<title>Compteuse de Billets 8816 - mersatradedz<\/title>\n<meta name=\"robots\" content=\"index, follow, max-snippet:-1, max-image-preview:large, max-video-preview:-1\" \/>\n<link rel=\"canonical\" href=\"https:\/\/mersatradedz.com\/ar\/product\/compteuse-8816\/\" \/>\n<meta property=\"og:locale\" content=\"ar_AR\" \/>\n<meta property=\"og:type\" content=\"article\" \/>\n<meta property=\"og:title\" content=\"Compteuse de Billets 8816 - mersatradedz\" \/>\n<meta property=\"og:description\" content=\"Saviez-vous qu&rsquo;il y a de grandes chances d&rsquo;avoir de faux billets dans votre coffre-fort, et vous ne le savez m\u00eame pas ? Comptage rapide et pr\u00e9cis La\u00a0compteuse de billets 8816\u00a0est con\u00e7ue pour traiter rapidement de grandes quantit\u00e9s de billets. Elle peut compter jusqu\u2019\u00e0\u00a0900 billets\/minute, assurant un gain de temps consid\u00e9rable pour les op\u00e9rations quotidiennes. D\u00e9tection [&hellip;]\" \/>\n<meta property=\"og:url\" content=\"https:\/\/mersatradedz.com\/ar\/product\/compteuse-8816\/\" \/>\n<meta property=\"og:site_name\" content=\"mersatradedz\" \/>\n<meta property=\"article:publisher\" content=\"https:\/\/www.facebook.com\/ntbidz\" \/>\n<meta property=\"article:modified_time\" content=\"2025-08-07T13:05:49+00:00\" \/>\n<meta property=\"og:image\" content=\"https:\/\/mersatradedz.com\/wp-content\/uploads\/2023\/08\/7.jpg\" \/>\n\t<meta property=\"og:image:width\" content=\"1080\" \/>\n\t<meta property=\"og:image:height\" content=\"1080\" \/>\n\t<meta property=\"og:image:type\" content=\"image\/jpeg\" \/>\n<meta name=\"twitter:card\" content=\"summary_large_image\" \/>\n<meta name=\"twitter:label1\" content=\"\u0648\u0642\u062a \u0627\u0644\u0642\u0631\u0627\u0621\u0629 \u0627\u0644\u0645\u064f\u0642\u062f\u0651\u0631\" \/>\n\t<meta name=\"twitter:data1\" content=\"\u062f\u0642\u064a\u0642\u0629 \u0648\u0627\u062d\u062f\u0629\" \/>\n<script type=\"application\/ld+json\" class=\"yoast-schema-graph\">{\"@context\":\"https:\\\/\\\/schema.org\",\"@graph\":[{\"@type\":\"WebPage\",\"@id\":\"https:\\\/\\\/mersatradedz.com\\\/product\\\/compteuse-8816\\\/\",\"url\":\"https:\\\/\\\/mersatradedz.com\\\/product\\\/compteuse-8816\\\/\",\"name\":\"Compteuse de Billets 8816 - mersatradedz\",\"isPartOf\":{\"@id\":\"https:\\\/\\\/mersatradedz.com\\\/#website\"},\"primaryImageOfPage\":{\"@id\":\"https:\\\/\\\/mersatradedz.com\\\/product\\\/compteuse-8816\\\/#primaryimage\"},\"image\":{\"@id\":\"https:\\\/\\\/mersatradedz.com\\\/product\\\/compteuse-8816\\\/#primaryimage\"},\"thumbnailUrl\":\"https:\\\/\\\/mersatradedz.com\\\/wp-content\\\/uploads\\\/2023\\\/08\\\/7.jpg\",\"datePublished\":\"2023-08-16T13:23:19+00:00\",\"dateModified\":\"2025-08-07T13:05:49+00:00\",\"breadcrumb\":{\"@id\":\"https:\\\/\\\/mersatradedz.com\\\/product\\\/compteuse-8816\\\/#breadcrumb\"},\"inLanguage\":\"ar\",\"potentialAction\":[{\"@type\":\"ReadAction\",\"target\":[\"https:\\\/\\\/mersatradedz.com\\\/product\\\/compteuse-8816\\\/\"]}]},{\"@type\":\"ImageObject\",\"inLanguage\":\"ar\",\"@id\":\"https:\\\/\\\/mersatradedz.com\\\/product\\\/compteuse-8816\\\/#primaryimage\",\"url\":\"https:\\\/\\\/mersatradedz.com\\\/wp-content\\\/uploads\\\/2023\\\/08\\\/7.jpg\",\"contentUrl\":\"https:\\\/\\\/mersatradedz.com\\\/wp-content\\\/uploads\\\/2023\\\/08\\\/7.jpg\",\"width\":1080,\"height\":1080},{\"@type\":\"BreadcrumbList\",\"@id\":\"https:\\\/\\\/mersatradedz.com\\\/product\\\/compteuse-8816\\\/#breadcrumb\",\"itemListElement\":[{\"@type\":\"ListItem\",\"position\":1,\"name\":\"Home\",\"item\":\"https:\\\/\\\/mersatradedz.com\\\/ar\\\/\"},{\"@type\":\"ListItem\",\"position\":2,\"name\":\"Boutique\",\"item\":\"https:\\\/\\\/mersatradedz.com\\\/shop\\\/\"},{\"@type\":\"ListItem\",\"position\":3,\"name\":\"Compteuse de Billets 8816\"}]},{\"@type\":\"WebSite\",\"@id\":\"https:\\\/\\\/mersatradedz.com\\\/#website\",\"url\":\"https:\\\/\\\/mersatradedz.com\\\/\",\"name\":\"mersatradedz\",\"description\":\"\",\"publisher\":{\"@id\":\"https:\\\/\\\/mersatradedz.com\\\/#organization\"},\"potentialAction\":[{\"@type\":\"SearchAction\",\"target\":{\"@type\":\"EntryPoint\",\"urlTemplate\":\"https:\\\/\\\/mersatradedz.com\\\/?s={search_term_string}\"},\"query-input\":{\"@type\":\"PropertyValueSpecification\",\"valueRequired\":true,\"valueName\":\"search_term_string\"}}],\"inLanguage\":\"ar\"},{\"@type\":\"Organization\",\"@id\":\"https:\\\/\\\/mersatradedz.com\\\/#organization\",\"name\":\"mersa trade\",\"url\":\"https:\\\/\\\/mersatradedz.com\\\/\",\"logo\":{\"@type\":\"ImageObject\",\"inLanguage\":\"ar\",\"@id\":\"https:\\\/\\\/mersatradedz.com\\\/#\\\/schema\\\/logo\\\/image\\\/\",\"url\":\"https:\\\/\\\/mersatradedz.com\\\/wp-content\\\/uploads\\\/2023\\\/07\\\/cropped-1684191296456.jpg\",\"contentUrl\":\"https:\\\/\\\/mersatradedz.com\\\/wp-content\\\/uploads\\\/2023\\\/07\\\/cropped-1684191296456.jpg\",\"width\":1451,\"height\":955,\"caption\":\"mersa trade\"},\"image\":{\"@id\":\"https:\\\/\\\/mersatradedz.com\\\/#\\\/schema\\\/logo\\\/image\\\/\"},\"sameAs\":[\"https:\\\/\\\/www.facebook.com\\\/ntbidz\"]}]}<\/script>\n<!-- \/ Yoast SEO plugin. -->","yoast_head_json":{"title":"Compteuse de Billets 8816 - mersatradedz","robots":{"index":"index","follow":"follow","max-snippet":"max-snippet:-1","max-image-preview":"max-image-preview:large","max-video-preview":"max-video-preview:-1"},"canonical":"https:\/\/mersatradedz.com\/ar\/product\/compteuse-8816\/","og_locale":"ar_AR","og_type":"article","og_title":"Compteuse de Billets 8816 - mersatradedz","og_description":"Saviez-vous qu&rsquo;il y a de grandes chances d&rsquo;avoir de faux billets dans votre coffre-fort, et vous ne le savez m\u00eame pas ? Comptage rapide et pr\u00e9cis La\u00a0compteuse de billets 8816\u00a0est con\u00e7ue pour traiter rapidement de grandes quantit\u00e9s de billets. Elle peut compter jusqu\u2019\u00e0\u00a0900 billets\/minute, assurant un gain de temps consid\u00e9rable pour les op\u00e9rations quotidiennes. D\u00e9tection [&hellip;]","og_url":"https:\/\/mersatradedz.com\/ar\/product\/compteuse-8816\/","og_site_name":"mersatradedz","article_publisher":"https:\/\/www.facebook.com\/ntbidz","article_modified_time":"2025-08-07T13:05:49+00:00","og_image":[{"width":1080,"height":1080,"url":"https:\/\/mersatradedz.com\/wp-content\/uploads\/2023\/08\/7.jpg","type":"image\/jpeg"}],"twitter_card":"summary_large_image","twitter_misc":{"\u0648\u0642\u062a \u0627\u0644\u0642\u0631\u0627\u0621\u0629 \u0627\u0644\u0645\u064f\u0642\u062f\u0651\u0631":"\u062f\u0642\u064a\u0642\u0629 \u0648\u0627\u062d\u062f\u0629"},"schema":{"@context":"https:\/\/schema.org","@graph":[{"@type":"WebPage","@id":"https:\/\/mersatradedz.com\/product\/compteuse-8816\/","url":"https:\/\/mersatradedz.com\/product\/compteuse-8816\/","name":"Compteuse de Billets 8816 - mersatradedz","isPartOf":{"@id":"https:\/\/mersatradedz.com\/#website"},"primaryImageOfPage":{"@id":"https:\/\/mersatradedz.com\/product\/compteuse-8816\/#primaryimage"},"image":{"@id":"https:\/\/mersatradedz.com\/product\/compteuse-8816\/#primaryimage"},"thumbnailUrl":"https:\/\/mersatradedz.com\/wp-content\/uploads\/2023\/08\/7.jpg","datePublished":"2023-08-16T13:23:19+00:00","dateModified":"2025-08-07T13:05:49+00:00","breadcrumb":{"@id":"https:\/\/mersatradedz.com\/product\/compteuse-8816\/#breadcrumb"},"inLanguage":"ar","potentialAction":[{"@type":"ReadAction","target":["https:\/\/mersatradedz.com\/product\/compteuse-8816\/"]}]},{"@type":"ImageObject","inLanguage":"ar","@id":"https:\/\/mersatradedz.com\/product\/compteuse-8816\/#primaryimage","url":"https:\/\/mersatradedz.com\/wp-content\/uploads\/2023\/08\/7.jpg","contentUrl":"https:\/\/mersatradedz.com\/wp-content\/uploads\/2023\/08\/7.jpg","width":1080,"height":1080},{"@type":"BreadcrumbList","@id":"https:\/\/mersatradedz.com\/product\/compteuse-8816\/#breadcrumb","itemListElement":[{"@type":"ListItem","position":1,"name":"Home","item":"https:\/\/mersatradedz.com\/ar\/"},{"@type":"ListItem","position":2,"name":"Boutique","item":"https:\/\/mersatradedz.com\/shop\/"},{"@type":"ListItem","position":3,"name":"Compteuse de Billets 8816"}]},{"@type":"WebSite","@id":"https:\/\/mersatradedz.com\/#website","url":"https:\/\/mersatradedz.com\/","name":"mersatradedz","description":"","publisher":{"@id":"https:\/\/mersatradedz.com\/#organization"},"potentialAction":[{"@type":"SearchAction","target":{"@type":"EntryPoint","urlTemplate":"https:\/\/mersatradedz.com\/?s={search_term_string}"},"query-input":{"@type":"PropertyValueSpecification","valueRequired":true,"valueName":"search_term_string"}}],"inLanguage":"ar"},{"@type":"Organization","@id":"https:\/\/mersatradedz.com\/#organization","name":"mersa trade","url":"https:\/\/mersatradedz.com\/","logo":{"@type":"ImageObject","inLanguage":"ar","@id":"https:\/\/mersatradedz.com\/#\/schema\/logo\/image\/","url":"https:\/\/mersatradedz.com\/wp-content\/uploads\/2023\/07\/cropped-1684191296456.jpg","contentUrl":"https:\/\/mersatradedz.com\/wp-content\/uploads\/2023\/07\/cropped-1684191296456.jpg","width":1451,"height":955,"caption":"mersa trade"},"image":{"@id":"https:\/\/mersatradedz.com\/#\/schema\/logo\/image\/"},"sameAs":["https:\/\/www.facebook.com\/ntbidz"]}]}},"jetpack_sharing_enabled":true,"_links":{"self":[{"href":"https:\/\/mersatradedz.com\/ar\/wp-json\/wp\/v2\/product\/2032","targetHints":{"allow":["GET"]}}],"collection":[{"href":"https:\/\/mersatradedz.com\/ar\/wp-json\/wp\/v2\/product"}],"about":[{"href":"https:\/\/mersatradedz.com\/ar\/wp-json\/wp\/v2\/types\/product"}],"replies":[{"embeddable":true,"href":"https:\/\/mersatradedz.com\/ar\/wp-json\/wp\/v2\/comments?post=2032"}],"wp:featuredmedia":[{"embeddable":true,"href":"https:\/\/mersatradedz.com\/ar\/wp-json\/wp\/v2\/media\/3532"}],"wp:attachment":[{"href":"https:\/\/mersatradedz.com\/ar\/wp-json\/wp\/v2\/media?parent=2032"}],"wp:term":[{"taxonomy":"product_brand","embeddable":true,"href":"https:\/\/mersatradedz.com\/ar\/wp-json\/wp\/v2\/product_brand?post=2032"},{"taxonomy":"product_cat","embeddable":true,"href":"https:\/\/mersatradedz.com\/ar\/wp-json\/wp\/v2\/product_cat?post=2032"},{"taxonomy":"product_tag","embeddable":true,"href":"https:\/\/mersatradedz.com\/ar\/wp-json\/wp\/v2\/product_tag?post=2032"}],"curies":[{"name":"wp","href":"https:\/\/api.w.org\/{rel}","templated":true}]}}