{"id":2071,"date":"2023-08-20T09:23:03","date_gmt":"2023-08-20T08:23:03","guid":{"rendered":"https:\/\/mersatradedz.com\/product\/ecran-lenovo-c22-20\/"},"modified":"2024-08-03T09:36:17","modified_gmt":"2024-08-03T08:36:17","slug":"ecran-lenovo-c22-20","status":"publish","type":"product","link":"https:\/\/mersatradedz.com\/ar\/product\/ecran-lenovo-c22-20\/","title":{"rendered":"\u00c9cran LENOVO C22-20"},"content":{"rendered":"<p>Diagonale : 21.5&Prime; (55 cm)<br \/>\n\u00c9cran LCD \u00e0 r\u00e9tro\u00e9clairage LED WLED<br \/>\nFormat : 1920 x 1080 (Wide) \/ 16:9<br \/>\nDalle TFT TN \u2022 6 bits + FRC \u2022 5 ms<br \/>\nR\u00e9glage socle : Inclinaison<br \/>\nConnectiques vid\u00e9o principales : HDMI \u2022 VGA<br \/>\nTechnologies : DCR \u2022 Flicker Free \u2022 Low Blue Light<\/p>\n<p>2829<\/p>","protected":false},"excerpt":{"rendered":"<p>Diagonale : 21.5&Prime; (55 cm) \u00c9cran LCD \u00e0 r\u00e9tro\u00e9clairage LED WLED Format : 1920 x 1080 (Wide) \/ 16:9 Dalle TFT TN \u2022 6 bits + FRC \u2022 5 ms R\u00e9glage socle : Inclinaison Connectiques vid\u00e9o principales : HDMI \u2022 VGA Technologies : DCR \u2022 Flicker Free \u2022 Low Blue Light 2829<\/p>","protected":false},"featured_media":2503,"comment_status":"open","ping_status":"closed","template":"","meta":{"_monsterinsights_skip_tracking":false,"_monsterinsights_sitenote_active":false,"_monsterinsights_sitenote_note":"","_monsterinsights_sitenote_category":0},"product_brand":[],"product_cat":[724],"product_tag":[749,748],"class_list":{"0":"post-2071","1":"product","2":"type-product","3":"status-publish","4":"has-post-thumbnail","6":"product_cat-ecran-data-show","7":"product_tag-749","8":"product_tag-2829-ecran","10":"first","11":"instock","12":"shipping-taxable","13":"purchasable","14":"product-type-simple"},"yoast_head":"<!-- This site is optimized with the Yoast SEO plugin v27.4 - https:\/\/yoast.com\/product\/yoast-seo-wordpress\/ -->\n<title>\u00c9cran LENOVO C22-20 - mersatradedz<\/title>\n<meta name=\"robots\" content=\"index, follow, max-snippet:-1, max-image-preview:large, max-video-preview:-1\" \/>\n<link rel=\"canonical\" href=\"https:\/\/mersatradedz.com\/ar\/product\/ecran-lenovo-c22-20\/\" \/>\n<meta property=\"og:locale\" content=\"ar_AR\" \/>\n<meta property=\"og:type\" content=\"article\" \/>\n<meta property=\"og:title\" content=\"\u00c9cran LENOVO C22-20 - mersatradedz\" \/>\n<meta property=\"og:description\" content=\"Diagonale : 21.5&Prime; (55 cm) \u00c9cran LCD \u00e0 r\u00e9tro\u00e9clairage LED WLED Format : 1920 x 1080 (Wide) \/ 16:9 Dalle TFT TN \u2022 6 bits + FRC \u2022 5 ms R\u00e9glage socle : Inclinaison Connectiques vid\u00e9o principales : HDMI \u2022 VGA Technologies : DCR \u2022 Flicker Free \u2022 Low Blue Light 2829\" \/>\n<meta property=\"og:url\" content=\"https:\/\/mersatradedz.com\/ar\/product\/ecran-lenovo-c22-20\/\" \/>\n<meta property=\"og:site_name\" content=\"mersatradedz\" \/>\n<meta property=\"article:publisher\" content=\"https:\/\/www.facebook.com\/ntbidz\" \/>\n<meta property=\"article:modified_time\" content=\"2024-08-03T08:36:17+00:00\" \/>\n<meta property=\"og:image\" content=\"https:\/\/mersatradedz.com\/wp-content\/uploads\/2024\/08\/6497.jpg\" \/>\n\t<meta property=\"og:image:width\" content=\"500\" \/>\n\t<meta property=\"og:image:height\" content=\"500\" \/>\n\t<meta property=\"og:image:type\" content=\"image\/jpeg\" \/>\n<meta name=\"twitter:card\" content=\"summary_large_image\" \/>\n<script type=\"application\/ld+json\" class=\"yoast-schema-graph\">{\"@context\":\"https:\\\/\\\/schema.org\",\"@graph\":[{\"@type\":\"WebPage\",\"@id\":\"https:\\\/\\\/mersatradedz.com\\\/product\\\/ecran-lenovo-c22-20\\\/\",\"url\":\"https:\\\/\\\/mersatradedz.com\\\/product\\\/ecran-lenovo-c22-20\\\/\",\"name\":\"\u00c9cran LENOVO C22-20 - mersatradedz\",\"isPartOf\":{\"@id\":\"https:\\\/\\\/mersatradedz.com\\\/#website\"},\"primaryImageOfPage\":{\"@id\":\"https:\\\/\\\/mersatradedz.com\\\/product\\\/ecran-lenovo-c22-20\\\/#primaryimage\"},\"image\":{\"@id\":\"https:\\\/\\\/mersatradedz.com\\\/product\\\/ecran-lenovo-c22-20\\\/#primaryimage\"},\"thumbnailUrl\":\"https:\\\/\\\/mersatradedz.com\\\/wp-content\\\/uploads\\\/2024\\\/08\\\/6497.jpg\",\"datePublished\":\"2023-08-20T08:23:03+00:00\",\"dateModified\":\"2024-08-03T08:36:17+00:00\",\"breadcrumb\":{\"@id\":\"https:\\\/\\\/mersatradedz.com\\\/product\\\/ecran-lenovo-c22-20\\\/#breadcrumb\"},\"inLanguage\":\"ar\",\"potentialAction\":[{\"@type\":\"ReadAction\",\"target\":[\"https:\\\/\\\/mersatradedz.com\\\/product\\\/ecran-lenovo-c22-20\\\/\"]}]},{\"@type\":\"ImageObject\",\"inLanguage\":\"ar\",\"@id\":\"https:\\\/\\\/mersatradedz.com\\\/product\\\/ecran-lenovo-c22-20\\\/#primaryimage\",\"url\":\"https:\\\/\\\/mersatradedz.com\\\/wp-content\\\/uploads\\\/2024\\\/08\\\/6497.jpg\",\"contentUrl\":\"https:\\\/\\\/mersatradedz.com\\\/wp-content\\\/uploads\\\/2024\\\/08\\\/6497.jpg\",\"width\":500,\"height\":500},{\"@type\":\"BreadcrumbList\",\"@id\":\"https:\\\/\\\/mersatradedz.com\\\/product\\\/ecran-lenovo-c22-20\\\/#breadcrumb\",\"itemListElement\":[{\"@type\":\"ListItem\",\"position\":1,\"name\":\"Home\",\"item\":\"https:\\\/\\\/mersatradedz.com\\\/ar\\\/\"},{\"@type\":\"ListItem\",\"position\":2,\"name\":\"Boutique\",\"item\":\"https:\\\/\\\/mersatradedz.com\\\/shop\\\/\"},{\"@type\":\"ListItem\",\"position\":3,\"name\":\"\u00c9cran LENOVO C22-20\"}]},{\"@type\":\"WebSite\",\"@id\":\"https:\\\/\\\/mersatradedz.com\\\/#website\",\"url\":\"https:\\\/\\\/mersatradedz.com\\\/\",\"name\":\"mersatradedz\",\"description\":\"\",\"publisher\":{\"@id\":\"https:\\\/\\\/mersatradedz.com\\\/#organization\"},\"potentialAction\":[{\"@type\":\"SearchAction\",\"target\":{\"@type\":\"EntryPoint\",\"urlTemplate\":\"https:\\\/\\\/mersatradedz.com\\\/?s={search_term_string}\"},\"query-input\":{\"@type\":\"PropertyValueSpecification\",\"valueRequired\":true,\"valueName\":\"search_term_string\"}}],\"inLanguage\":\"ar\"},{\"@type\":\"Organization\",\"@id\":\"https:\\\/\\\/mersatradedz.com\\\/#organization\",\"name\":\"mersa trade\",\"url\":\"https:\\\/\\\/mersatradedz.com\\\/\",\"logo\":{\"@type\":\"ImageObject\",\"inLanguage\":\"ar\",\"@id\":\"https:\\\/\\\/mersatradedz.com\\\/#\\\/schema\\\/logo\\\/image\\\/\",\"url\":\"https:\\\/\\\/mersatradedz.com\\\/wp-content\\\/uploads\\\/2023\\\/07\\\/cropped-1684191296456.jpg\",\"contentUrl\":\"https:\\\/\\\/mersatradedz.com\\\/wp-content\\\/uploads\\\/2023\\\/07\\\/cropped-1684191296456.jpg\",\"width\":1451,\"height\":955,\"caption\":\"mersa trade\"},\"image\":{\"@id\":\"https:\\\/\\\/mersatradedz.com\\\/#\\\/schema\\\/logo\\\/image\\\/\"},\"sameAs\":[\"https:\\\/\\\/www.facebook.com\\\/ntbidz\"]}]}<\/script>\n<!-- \/ Yoast SEO plugin. -->","yoast_head_json":{"title":"\u00c9cran LENOVO C22-20 - mersatradedz","robots":{"index":"index","follow":"follow","max-snippet":"max-snippet:-1","max-image-preview":"max-image-preview:large","max-video-preview":"max-video-preview:-1"},"canonical":"https:\/\/mersatradedz.com\/ar\/product\/ecran-lenovo-c22-20\/","og_locale":"ar_AR","og_type":"article","og_title":"\u00c9cran LENOVO C22-20 - mersatradedz","og_description":"Diagonale : 21.5&Prime; (55 cm) \u00c9cran LCD \u00e0 r\u00e9tro\u00e9clairage LED WLED Format : 1920 x 1080 (Wide) \/ 16:9 Dalle TFT TN \u2022 6 bits + FRC \u2022 5 ms R\u00e9glage socle : Inclinaison Connectiques vid\u00e9o principales : HDMI \u2022 VGA Technologies : DCR \u2022 Flicker Free \u2022 Low Blue Light 2829","og_url":"https:\/\/mersatradedz.com\/ar\/product\/ecran-lenovo-c22-20\/","og_site_name":"mersatradedz","article_publisher":"https:\/\/www.facebook.com\/ntbidz","article_modified_time":"2024-08-03T08:36:17+00:00","og_image":[{"width":500,"height":500,"url":"https:\/\/mersatradedz.com\/wp-content\/uploads\/2024\/08\/6497.jpg","type":"image\/jpeg"}],"twitter_card":"summary_large_image","schema":{"@context":"https:\/\/schema.org","@graph":[{"@type":"WebPage","@id":"https:\/\/mersatradedz.com\/product\/ecran-lenovo-c22-20\/","url":"https:\/\/mersatradedz.com\/product\/ecran-lenovo-c22-20\/","name":"\u00c9cran LENOVO C22-20 - mersatradedz","isPartOf":{"@id":"https:\/\/mersatradedz.com\/#website"},"primaryImageOfPage":{"@id":"https:\/\/mersatradedz.com\/product\/ecran-lenovo-c22-20\/#primaryimage"},"image":{"@id":"https:\/\/mersatradedz.com\/product\/ecran-lenovo-c22-20\/#primaryimage"},"thumbnailUrl":"https:\/\/mersatradedz.com\/wp-content\/uploads\/2024\/08\/6497.jpg","datePublished":"2023-08-20T08:23:03+00:00","dateModified":"2024-08-03T08:36:17+00:00","breadcrumb":{"@id":"https:\/\/mersatradedz.com\/product\/ecran-lenovo-c22-20\/#breadcrumb"},"inLanguage":"ar","potentialAction":[{"@type":"ReadAction","target":["https:\/\/mersatradedz.com\/product\/ecran-lenovo-c22-20\/"]}]},{"@type":"ImageObject","inLanguage":"ar","@id":"https:\/\/mersatradedz.com\/product\/ecran-lenovo-c22-20\/#primaryimage","url":"https:\/\/mersatradedz.com\/wp-content\/uploads\/2024\/08\/6497.jpg","contentUrl":"https:\/\/mersatradedz.com\/wp-content\/uploads\/2024\/08\/6497.jpg","width":500,"height":500},{"@type":"BreadcrumbList","@id":"https:\/\/mersatradedz.com\/product\/ecran-lenovo-c22-20\/#breadcrumb","itemListElement":[{"@type":"ListItem","position":1,"name":"Home","item":"https:\/\/mersatradedz.com\/ar\/"},{"@type":"ListItem","position":2,"name":"Boutique","item":"https:\/\/mersatradedz.com\/shop\/"},{"@type":"ListItem","position":3,"name":"\u00c9cran LENOVO C22-20"}]},{"@type":"WebSite","@id":"https:\/\/mersatradedz.com\/#website","url":"https:\/\/mersatradedz.com\/","name":"mersatradedz","description":"","publisher":{"@id":"https:\/\/mersatradedz.com\/#organization"},"potentialAction":[{"@type":"SearchAction","target":{"@type":"EntryPoint","urlTemplate":"https:\/\/mersatradedz.com\/?s={search_term_string}"},"query-input":{"@type":"PropertyValueSpecification","valueRequired":true,"valueName":"search_term_string"}}],"inLanguage":"ar"},{"@type":"Organization","@id":"https:\/\/mersatradedz.com\/#organization","name":"mersa trade","url":"https:\/\/mersatradedz.com\/","logo":{"@type":"ImageObject","inLanguage":"ar","@id":"https:\/\/mersatradedz.com\/#\/schema\/logo\/image\/","url":"https:\/\/mersatradedz.com\/wp-content\/uploads\/2023\/07\/cropped-1684191296456.jpg","contentUrl":"https:\/\/mersatradedz.com\/wp-content\/uploads\/2023\/07\/cropped-1684191296456.jpg","width":1451,"height":955,"caption":"mersa trade"},"image":{"@id":"https:\/\/mersatradedz.com\/#\/schema\/logo\/image\/"},"sameAs":["https:\/\/www.facebook.com\/ntbidz"]}]}},"jetpack_sharing_enabled":true,"_links":{"self":[{"href":"https:\/\/mersatradedz.com\/ar\/wp-json\/wp\/v2\/product\/2071","targetHints":{"allow":["GET"]}}],"collection":[{"href":"https:\/\/mersatradedz.com\/ar\/wp-json\/wp\/v2\/product"}],"about":[{"href":"https:\/\/mersatradedz.com\/ar\/wp-json\/wp\/v2\/types\/product"}],"replies":[{"embeddable":true,"href":"https:\/\/mersatradedz.com\/ar\/wp-json\/wp\/v2\/comments?post=2071"}],"wp:featuredmedia":[{"embeddable":true,"href":"https:\/\/mersatradedz.com\/ar\/wp-json\/wp\/v2\/media\/2503"}],"wp:attachment":[{"href":"https:\/\/mersatradedz.com\/ar\/wp-json\/wp\/v2\/media?parent=2071"}],"wp:term":[{"taxonomy":"product_brand","embeddable":true,"href":"https:\/\/mersatradedz.com\/ar\/wp-json\/wp\/v2\/product_brand?post=2071"},{"taxonomy":"product_cat","embeddable":true,"href":"https:\/\/mersatradedz.com\/ar\/wp-json\/wp\/v2\/product_cat?post=2071"},{"taxonomy":"product_tag","embeddable":true,"href":"https:\/\/mersatradedz.com\/ar\/wp-json\/wp\/v2\/product_tag?post=2071"}],"curies":[{"name":"wp","href":"https:\/\/api.w.org\/{rel}","templated":true}]}}