{"id":2082,"date":"2023-08-20T09:50:38","date_gmt":"2023-08-20T08:50:38","guid":{"rendered":"https:\/\/mersatradedz.com\/product\/ecran-lg-22mp410-b-22-full-hd\/"},"modified":"2023-08-20T09:50:38","modified_gmt":"2023-08-20T08:50:38","slug":"ecran-lg-22mp410-b-22-full-hd","status":"publish","type":"product","link":"https:\/\/mersatradedz.com\/ar\/product\/ecran-lg-22mp410-b-22-full-hd\/","title":{"rendered":"\u00c9cran LG 22MP410-B 22\u201d Full HD"},"content":{"rendered":"<p>Panneau LED 75Hz avec un angle de vision jusqu&rsquo;\u00e0 178\u00ba<br \/>\nStabilisateur noir (Technologie du stabilisateur noir)<br \/>\nTechnologie AMD FreeSync\u2122 pour une action sans scintillement<br \/>\nOptimal pour la lecture \u00e0 l&rsquo;\u00e9cran gr\u00e2ce au mode lecture et \u00e0 la protection anti-scintillement<br \/>\nProductivit\u00e9 accrue sur jusqu&rsquo;\u00e0 4 \u00e9crans, avec le mode ScreenSplit Multiscreen<\/p>\n<p>1191<\/p>","protected":false},"excerpt":{"rendered":"<p>Panneau LED 75Hz avec un angle de vision jusqu&rsquo;\u00e0 178\u00ba Stabilisateur noir (Technologie du stabilisateur noir) Technologie AMD FreeSync\u2122 pour une action sans scintillement Optimal pour la lecture \u00e0 l&rsquo;\u00e9cran gr\u00e2ce au mode lecture et \u00e0 la protection anti-scintillement Productivit\u00e9 accrue sur jusqu&rsquo;\u00e0 4 \u00e9crans, avec le mode ScreenSplit Multiscreen 1191<\/p>","protected":false},"featured_media":2077,"comment_status":"open","ping_status":"closed","template":"","meta":{"_monsterinsights_skip_tracking":false,"_monsterinsights_sitenote_active":false,"_monsterinsights_sitenote_note":"","_monsterinsights_sitenote_category":0},"product_brand":[],"product_cat":[724],"product_tag":[750],"class_list":{"0":"post-2082","1":"product","2":"type-product","3":"status-publish","4":"has-post-thumbnail","6":"product_cat-ecran-data-show","7":"product_tag-1191-ecran","9":"first","10":"instock","11":"shipping-taxable","12":"purchasable","13":"product-type-simple"},"yoast_head":"<!-- This site is optimized with the Yoast SEO plugin v27.4 - https:\/\/yoast.com\/product\/yoast-seo-wordpress\/ -->\n<title>\u00c9cran LG 22MP410-B 22\u201d Full HD - mersatradedz<\/title>\n<meta name=\"robots\" content=\"index, follow, max-snippet:-1, max-image-preview:large, max-video-preview:-1\" \/>\n<link rel=\"canonical\" href=\"https:\/\/mersatradedz.com\/ar\/product\/ecran-lg-22mp410-b-22-full-hd\/\" \/>\n<meta property=\"og:locale\" content=\"ar_AR\" \/>\n<meta property=\"og:type\" content=\"article\" \/>\n<meta property=\"og:title\" content=\"\u00c9cran LG 22MP410-B 22\u201d Full HD - mersatradedz\" \/>\n<meta property=\"og:description\" content=\"Panneau LED 75Hz avec un angle de vision jusqu&rsquo;\u00e0 178\u00ba Stabilisateur noir (Technologie du stabilisateur noir) Technologie AMD FreeSync\u2122 pour une action sans scintillement Optimal pour la lecture \u00e0 l&rsquo;\u00e9cran gr\u00e2ce au mode lecture et \u00e0 la protection anti-scintillement Productivit\u00e9 accrue sur jusqu&rsquo;\u00e0 4 \u00e9crans, avec le mode ScreenSplit Multiscreen 1191\" \/>\n<meta property=\"og:url\" content=\"https:\/\/mersatradedz.com\/ar\/product\/ecran-lg-22mp410-b-22-full-hd\/\" \/>\n<meta property=\"og:site_name\" content=\"mersatradedz\" \/>\n<meta property=\"article:publisher\" content=\"https:\/\/www.facebook.com\/ntbidz\" \/>\n<meta property=\"og:image\" content=\"https:\/\/mersatradedz.com\/wp-content\/uploads\/2023\/08\/1000021986.jpg\" \/>\n\t<meta property=\"og:image:width\" content=\"1044\" \/>\n\t<meta property=\"og:image:height\" content=\"1334\" \/>\n\t<meta property=\"og:image:type\" content=\"image\/jpeg\" \/>\n<meta name=\"twitter:card\" content=\"summary_large_image\" \/>\n<script type=\"application\/ld+json\" class=\"yoast-schema-graph\">{\"@context\":\"https:\\\/\\\/schema.org\",\"@graph\":[{\"@type\":\"WebPage\",\"@id\":\"https:\\\/\\\/mersatradedz.com\\\/product\\\/ecran-lg-22mp410-b-22-full-hd\\\/\",\"url\":\"https:\\\/\\\/mersatradedz.com\\\/product\\\/ecran-lg-22mp410-b-22-full-hd\\\/\",\"name\":\"\u00c9cran LG 22MP410-B 22\u201d Full HD - mersatradedz\",\"isPartOf\":{\"@id\":\"https:\\\/\\\/mersatradedz.com\\\/#website\"},\"primaryImageOfPage\":{\"@id\":\"https:\\\/\\\/mersatradedz.com\\\/product\\\/ecran-lg-22mp410-b-22-full-hd\\\/#primaryimage\"},\"image\":{\"@id\":\"https:\\\/\\\/mersatradedz.com\\\/product\\\/ecran-lg-22mp410-b-22-full-hd\\\/#primaryimage\"},\"thumbnailUrl\":\"https:\\\/\\\/mersatradedz.com\\\/wp-content\\\/uploads\\\/2023\\\/08\\\/1000021986.jpg\",\"datePublished\":\"2023-08-20T08:50:38+00:00\",\"breadcrumb\":{\"@id\":\"https:\\\/\\\/mersatradedz.com\\\/product\\\/ecran-lg-22mp410-b-22-full-hd\\\/#breadcrumb\"},\"inLanguage\":\"ar\",\"potentialAction\":[{\"@type\":\"ReadAction\",\"target\":[\"https:\\\/\\\/mersatradedz.com\\\/product\\\/ecran-lg-22mp410-b-22-full-hd\\\/\"]}]},{\"@type\":\"ImageObject\",\"inLanguage\":\"ar\",\"@id\":\"https:\\\/\\\/mersatradedz.com\\\/product\\\/ecran-lg-22mp410-b-22-full-hd\\\/#primaryimage\",\"url\":\"https:\\\/\\\/mersatradedz.com\\\/wp-content\\\/uploads\\\/2023\\\/08\\\/1000021986.jpg\",\"contentUrl\":\"https:\\\/\\\/mersatradedz.com\\\/wp-content\\\/uploads\\\/2023\\\/08\\\/1000021986.jpg\",\"width\":1044,\"height\":1334},{\"@type\":\"BreadcrumbList\",\"@id\":\"https:\\\/\\\/mersatradedz.com\\\/product\\\/ecran-lg-22mp410-b-22-full-hd\\\/#breadcrumb\",\"itemListElement\":[{\"@type\":\"ListItem\",\"position\":1,\"name\":\"Home\",\"item\":\"https:\\\/\\\/mersatradedz.com\\\/ar\\\/\"},{\"@type\":\"ListItem\",\"position\":2,\"name\":\"Boutique\",\"item\":\"https:\\\/\\\/mersatradedz.com\\\/shop\\\/\"},{\"@type\":\"ListItem\",\"position\":3,\"name\":\"\u00c9cran LG 22MP410-B 22\u201d Full HD\"}]},{\"@type\":\"WebSite\",\"@id\":\"https:\\\/\\\/mersatradedz.com\\\/#website\",\"url\":\"https:\\\/\\\/mersatradedz.com\\\/\",\"name\":\"mersatradedz\",\"description\":\"\",\"publisher\":{\"@id\":\"https:\\\/\\\/mersatradedz.com\\\/#organization\"},\"potentialAction\":[{\"@type\":\"SearchAction\",\"target\":{\"@type\":\"EntryPoint\",\"urlTemplate\":\"https:\\\/\\\/mersatradedz.com\\\/?s={search_term_string}\"},\"query-input\":{\"@type\":\"PropertyValueSpecification\",\"valueRequired\":true,\"valueName\":\"search_term_string\"}}],\"inLanguage\":\"ar\"},{\"@type\":\"Organization\",\"@id\":\"https:\\\/\\\/mersatradedz.com\\\/#organization\",\"name\":\"mersa trade\",\"url\":\"https:\\\/\\\/mersatradedz.com\\\/\",\"logo\":{\"@type\":\"ImageObject\",\"inLanguage\":\"ar\",\"@id\":\"https:\\\/\\\/mersatradedz.com\\\/#\\\/schema\\\/logo\\\/image\\\/\",\"url\":\"https:\\\/\\\/mersatradedz.com\\\/wp-content\\\/uploads\\\/2023\\\/07\\\/cropped-1684191296456.jpg\",\"contentUrl\":\"https:\\\/\\\/mersatradedz.com\\\/wp-content\\\/uploads\\\/2023\\\/07\\\/cropped-1684191296456.jpg\",\"width\":1451,\"height\":955,\"caption\":\"mersa trade\"},\"image\":{\"@id\":\"https:\\\/\\\/mersatradedz.com\\\/#\\\/schema\\\/logo\\\/image\\\/\"},\"sameAs\":[\"https:\\\/\\\/www.facebook.com\\\/ntbidz\"]}]}<\/script>\n<!-- \/ Yoast SEO plugin. -->","yoast_head_json":{"title":"\u00c9cran LG 22MP410-B 22\u201d Full HD - mersatradedz","robots":{"index":"index","follow":"follow","max-snippet":"max-snippet:-1","max-image-preview":"max-image-preview:large","max-video-preview":"max-video-preview:-1"},"canonical":"https:\/\/mersatradedz.com\/ar\/product\/ecran-lg-22mp410-b-22-full-hd\/","og_locale":"ar_AR","og_type":"article","og_title":"\u00c9cran LG 22MP410-B 22\u201d Full HD - mersatradedz","og_description":"Panneau LED 75Hz avec un angle de vision jusqu&rsquo;\u00e0 178\u00ba Stabilisateur noir (Technologie du stabilisateur noir) Technologie AMD FreeSync\u2122 pour une action sans scintillement Optimal pour la lecture \u00e0 l&rsquo;\u00e9cran gr\u00e2ce au mode lecture et \u00e0 la protection anti-scintillement Productivit\u00e9 accrue sur jusqu&rsquo;\u00e0 4 \u00e9crans, avec le mode ScreenSplit Multiscreen 1191","og_url":"https:\/\/mersatradedz.com\/ar\/product\/ecran-lg-22mp410-b-22-full-hd\/","og_site_name":"mersatradedz","article_publisher":"https:\/\/www.facebook.com\/ntbidz","og_image":[{"width":1044,"height":1334,"url":"https:\/\/mersatradedz.com\/wp-content\/uploads\/2023\/08\/1000021986.jpg","type":"image\/jpeg"}],"twitter_card":"summary_large_image","schema":{"@context":"https:\/\/schema.org","@graph":[{"@type":"WebPage","@id":"https:\/\/mersatradedz.com\/product\/ecran-lg-22mp410-b-22-full-hd\/","url":"https:\/\/mersatradedz.com\/product\/ecran-lg-22mp410-b-22-full-hd\/","name":"\u00c9cran LG 22MP410-B 22\u201d Full HD - mersatradedz","isPartOf":{"@id":"https:\/\/mersatradedz.com\/#website"},"primaryImageOfPage":{"@id":"https:\/\/mersatradedz.com\/product\/ecran-lg-22mp410-b-22-full-hd\/#primaryimage"},"image":{"@id":"https:\/\/mersatradedz.com\/product\/ecran-lg-22mp410-b-22-full-hd\/#primaryimage"},"thumbnailUrl":"https:\/\/mersatradedz.com\/wp-content\/uploads\/2023\/08\/1000021986.jpg","datePublished":"2023-08-20T08:50:38+00:00","breadcrumb":{"@id":"https:\/\/mersatradedz.com\/product\/ecran-lg-22mp410-b-22-full-hd\/#breadcrumb"},"inLanguage":"ar","potentialAction":[{"@type":"ReadAction","target":["https:\/\/mersatradedz.com\/product\/ecran-lg-22mp410-b-22-full-hd\/"]}]},{"@type":"ImageObject","inLanguage":"ar","@id":"https:\/\/mersatradedz.com\/product\/ecran-lg-22mp410-b-22-full-hd\/#primaryimage","url":"https:\/\/mersatradedz.com\/wp-content\/uploads\/2023\/08\/1000021986.jpg","contentUrl":"https:\/\/mersatradedz.com\/wp-content\/uploads\/2023\/08\/1000021986.jpg","width":1044,"height":1334},{"@type":"BreadcrumbList","@id":"https:\/\/mersatradedz.com\/product\/ecran-lg-22mp410-b-22-full-hd\/#breadcrumb","itemListElement":[{"@type":"ListItem","position":1,"name":"Home","item":"https:\/\/mersatradedz.com\/ar\/"},{"@type":"ListItem","position":2,"name":"Boutique","item":"https:\/\/mersatradedz.com\/shop\/"},{"@type":"ListItem","position":3,"name":"\u00c9cran LG 22MP410-B 22\u201d Full HD"}]},{"@type":"WebSite","@id":"https:\/\/mersatradedz.com\/#website","url":"https:\/\/mersatradedz.com\/","name":"mersatradedz","description":"","publisher":{"@id":"https:\/\/mersatradedz.com\/#organization"},"potentialAction":[{"@type":"SearchAction","target":{"@type":"EntryPoint","urlTemplate":"https:\/\/mersatradedz.com\/?s={search_term_string}"},"query-input":{"@type":"PropertyValueSpecification","valueRequired":true,"valueName":"search_term_string"}}],"inLanguage":"ar"},{"@type":"Organization","@id":"https:\/\/mersatradedz.com\/#organization","name":"mersa trade","url":"https:\/\/mersatradedz.com\/","logo":{"@type":"ImageObject","inLanguage":"ar","@id":"https:\/\/mersatradedz.com\/#\/schema\/logo\/image\/","url":"https:\/\/mersatradedz.com\/wp-content\/uploads\/2023\/07\/cropped-1684191296456.jpg","contentUrl":"https:\/\/mersatradedz.com\/wp-content\/uploads\/2023\/07\/cropped-1684191296456.jpg","width":1451,"height":955,"caption":"mersa trade"},"image":{"@id":"https:\/\/mersatradedz.com\/#\/schema\/logo\/image\/"},"sameAs":["https:\/\/www.facebook.com\/ntbidz"]}]}},"jetpack_sharing_enabled":true,"_links":{"self":[{"href":"https:\/\/mersatradedz.com\/ar\/wp-json\/wp\/v2\/product\/2082","targetHints":{"allow":["GET"]}}],"collection":[{"href":"https:\/\/mersatradedz.com\/ar\/wp-json\/wp\/v2\/product"}],"about":[{"href":"https:\/\/mersatradedz.com\/ar\/wp-json\/wp\/v2\/types\/product"}],"replies":[{"embeddable":true,"href":"https:\/\/mersatradedz.com\/ar\/wp-json\/wp\/v2\/comments?post=2082"}],"wp:featuredmedia":[{"embeddable":true,"href":"https:\/\/mersatradedz.com\/ar\/wp-json\/wp\/v2\/media\/2077"}],"wp:attachment":[{"href":"https:\/\/mersatradedz.com\/ar\/wp-json\/wp\/v2\/media?parent=2082"}],"wp:term":[{"taxonomy":"product_brand","embeddable":true,"href":"https:\/\/mersatradedz.com\/ar\/wp-json\/wp\/v2\/product_brand?post=2082"},{"taxonomy":"product_cat","embeddable":true,"href":"https:\/\/mersatradedz.com\/ar\/wp-json\/wp\/v2\/product_cat?post=2082"},{"taxonomy":"product_tag","embeddable":true,"href":"https:\/\/mersatradedz.com\/ar\/wp-json\/wp\/v2\/product_tag?post=2082"}],"curies":[{"name":"wp","href":"https:\/\/api.w.org\/{rel}","templated":true}]}}