{"id":2218,"date":"2024-07-23T17:38:41","date_gmt":"2024-07-23T16:38:41","guid":{"rendered":"https:\/\/mersatradedz.com\/product\/hp-m27f-fhd-ips-noir\/"},"modified":"2025-03-27T14:39:09","modified_gmt":"2025-03-27T13:39:09","slug":"hp-m27f-fhd-ips-noir","status":"publish","type":"product","link":"https:\/\/mersatradedz.com\/ar\/product\/hp-m27f-fhd-ips-noir\/","title":{"rendered":"HP M27F &#8211; FHD &#8211; IPS &#8211; NOIR"},"content":{"rendered":"<p>Diagonale : 27&Prime; (69 cm)<br \/>\n\u00c9cran LCD \u00e0 r\u00e9tro\u00e9clairage LED<br \/>\nFormat : 1920 x 1080 \u00e0 75 Hz (Wide) \/ 16:9<br \/>\nDalle TFT AH-VA (IPS) \u2022 6 bits + FRC \u2022 5 ms<br \/>\nR\u00e9glage socle : Inclinaison<br \/>\nConnectiques vid\u00e9o principales : HDMI (x2) \u2022 VGA<br \/>\nTechnologies : Overdrive \u2022 AMD FreeSync \u2022 Eye Ease<br \/>\nClasse \u00e9nergie : D<\/p>","protected":false},"excerpt":{"rendered":"<p>Diagonale : 27&Prime; (69 cm) \u00c9cran LCD \u00e0 r\u00e9tro\u00e9clairage LED Format : 1920 x 1080 \u00e0 75 Hz (Wide) \/ 16:9 Dalle TFT AH-VA (IPS) \u2022 6 bits + FRC \u2022 5 ms R\u00e9glage socle : Inclinaison Connectiques vid\u00e9o principales : HDMI (x2) \u2022 VGA Technologies : Overdrive \u2022 AMD FreeSync \u2022 Eye Ease Classe [&hellip;]<\/p>\n","protected":false},"featured_media":2215,"comment_status":"open","ping_status":"closed","template":"","meta":{"_monsterinsights_skip_tracking":false,"_monsterinsights_sitenote_active":false,"_monsterinsights_sitenote_note":"","_monsterinsights_sitenote_category":0},"product_brand":[],"product_cat":[724],"product_tag":[],"class_list":{"0":"post-2218","1":"product","2":"type-product","3":"status-publish","4":"has-post-thumbnail","6":"product_cat-ecran-data-show","8":"first","9":"instock","10":"shipping-taxable","11":"purchasable","12":"product-type-simple"},"yoast_head":"<!-- This site is optimized with the Yoast SEO plugin v27.4 - https:\/\/yoast.com\/product\/yoast-seo-wordpress\/ -->\n<title>HP M27F - FHD - IPS - NOIR - mersatradedz<\/title>\n<meta name=\"robots\" content=\"index, follow, max-snippet:-1, max-image-preview:large, max-video-preview:-1\" \/>\n<link rel=\"canonical\" href=\"https:\/\/mersatradedz.com\/ar\/product\/hp-m27f-fhd-ips-noir\/\" \/>\n<meta property=\"og:locale\" content=\"ar_AR\" \/>\n<meta property=\"og:type\" content=\"article\" \/>\n<meta property=\"og:title\" content=\"HP M27F - FHD - IPS - NOIR - mersatradedz\" \/>\n<meta property=\"og:description\" content=\"Diagonale : 27&Prime; (69 cm) \u00c9cran LCD \u00e0 r\u00e9tro\u00e9clairage LED Format : 1920 x 1080 \u00e0 75 Hz (Wide) \/ 16:9 Dalle TFT AH-VA (IPS) \u2022 6 bits + FRC \u2022 5 ms R\u00e9glage socle : Inclinaison Connectiques vid\u00e9o principales : HDMI (x2) \u2022 VGA Technologies : Overdrive \u2022 AMD FreeSync \u2022 Eye Ease Classe [&hellip;]\" \/>\n<meta property=\"og:url\" content=\"https:\/\/mersatradedz.com\/ar\/product\/hp-m27f-fhd-ips-noir\/\" \/>\n<meta property=\"og:site_name\" content=\"mersatradedz\" \/>\n<meta property=\"article:publisher\" content=\"https:\/\/www.facebook.com\/ntbidz\" \/>\n<meta property=\"article:modified_time\" content=\"2025-03-27T13:39:09+00:00\" \/>\n<meta property=\"og:image\" content=\"https:\/\/mersatradedz.com\/wp-content\/uploads\/2024\/07\/6034.jpg\" \/>\n\t<meta property=\"og:image:width\" content=\"640\" \/>\n\t<meta property=\"og:image:height\" content=\"480\" \/>\n\t<meta property=\"og:image:type\" content=\"image\/jpeg\" \/>\n<meta name=\"twitter:card\" content=\"summary_large_image\" \/>\n<script type=\"application\/ld+json\" class=\"yoast-schema-graph\">{\"@context\":\"https:\\\/\\\/schema.org\",\"@graph\":[{\"@type\":\"WebPage\",\"@id\":\"https:\\\/\\\/mersatradedz.com\\\/product\\\/hp-m27f-fhd-ips-noir\\\/\",\"url\":\"https:\\\/\\\/mersatradedz.com\\\/product\\\/hp-m27f-fhd-ips-noir\\\/\",\"name\":\"HP M27F - FHD - IPS - NOIR - mersatradedz\",\"isPartOf\":{\"@id\":\"https:\\\/\\\/mersatradedz.com\\\/#website\"},\"primaryImageOfPage\":{\"@id\":\"https:\\\/\\\/mersatradedz.com\\\/product\\\/hp-m27f-fhd-ips-noir\\\/#primaryimage\"},\"image\":{\"@id\":\"https:\\\/\\\/mersatradedz.com\\\/product\\\/hp-m27f-fhd-ips-noir\\\/#primaryimage\"},\"thumbnailUrl\":\"https:\\\/\\\/mersatradedz.com\\\/wp-content\\\/uploads\\\/2024\\\/07\\\/6034.jpg\",\"datePublished\":\"2024-07-23T16:38:41+00:00\",\"dateModified\":\"2025-03-27T13:39:09+00:00\",\"breadcrumb\":{\"@id\":\"https:\\\/\\\/mersatradedz.com\\\/product\\\/hp-m27f-fhd-ips-noir\\\/#breadcrumb\"},\"inLanguage\":\"ar\",\"potentialAction\":[{\"@type\":\"ReadAction\",\"target\":[\"https:\\\/\\\/mersatradedz.com\\\/product\\\/hp-m27f-fhd-ips-noir\\\/\"]}]},{\"@type\":\"ImageObject\",\"inLanguage\":\"ar\",\"@id\":\"https:\\\/\\\/mersatradedz.com\\\/product\\\/hp-m27f-fhd-ips-noir\\\/#primaryimage\",\"url\":\"https:\\\/\\\/mersatradedz.com\\\/wp-content\\\/uploads\\\/2024\\\/07\\\/6034.jpg\",\"contentUrl\":\"https:\\\/\\\/mersatradedz.com\\\/wp-content\\\/uploads\\\/2024\\\/07\\\/6034.jpg\",\"width\":640,\"height\":480},{\"@type\":\"BreadcrumbList\",\"@id\":\"https:\\\/\\\/mersatradedz.com\\\/product\\\/hp-m27f-fhd-ips-noir\\\/#breadcrumb\",\"itemListElement\":[{\"@type\":\"ListItem\",\"position\":1,\"name\":\"Home\",\"item\":\"https:\\\/\\\/mersatradedz.com\\\/ar\\\/\"},{\"@type\":\"ListItem\",\"position\":2,\"name\":\"Boutique\",\"item\":\"https:\\\/\\\/mersatradedz.com\\\/shop\\\/\"},{\"@type\":\"ListItem\",\"position\":3,\"name\":\"HP M27F &#8211; FHD &#8211; IPS &#8211; NOIR\"}]},{\"@type\":\"WebSite\",\"@id\":\"https:\\\/\\\/mersatradedz.com\\\/#website\",\"url\":\"https:\\\/\\\/mersatradedz.com\\\/\",\"name\":\"mersatradedz\",\"description\":\"\",\"publisher\":{\"@id\":\"https:\\\/\\\/mersatradedz.com\\\/#organization\"},\"potentialAction\":[{\"@type\":\"SearchAction\",\"target\":{\"@type\":\"EntryPoint\",\"urlTemplate\":\"https:\\\/\\\/mersatradedz.com\\\/?s={search_term_string}\"},\"query-input\":{\"@type\":\"PropertyValueSpecification\",\"valueRequired\":true,\"valueName\":\"search_term_string\"}}],\"inLanguage\":\"ar\"},{\"@type\":\"Organization\",\"@id\":\"https:\\\/\\\/mersatradedz.com\\\/#organization\",\"name\":\"mersa trade\",\"url\":\"https:\\\/\\\/mersatradedz.com\\\/\",\"logo\":{\"@type\":\"ImageObject\",\"inLanguage\":\"ar\",\"@id\":\"https:\\\/\\\/mersatradedz.com\\\/#\\\/schema\\\/logo\\\/image\\\/\",\"url\":\"https:\\\/\\\/mersatradedz.com\\\/wp-content\\\/uploads\\\/2023\\\/07\\\/cropped-1684191296456.jpg\",\"contentUrl\":\"https:\\\/\\\/mersatradedz.com\\\/wp-content\\\/uploads\\\/2023\\\/07\\\/cropped-1684191296456.jpg\",\"width\":1451,\"height\":955,\"caption\":\"mersa trade\"},\"image\":{\"@id\":\"https:\\\/\\\/mersatradedz.com\\\/#\\\/schema\\\/logo\\\/image\\\/\"},\"sameAs\":[\"https:\\\/\\\/www.facebook.com\\\/ntbidz\"]}]}<\/script>\n<!-- \/ Yoast SEO plugin. -->","yoast_head_json":{"title":"HP M27F - FHD - IPS - NOIR - mersatradedz","robots":{"index":"index","follow":"follow","max-snippet":"max-snippet:-1","max-image-preview":"max-image-preview:large","max-video-preview":"max-video-preview:-1"},"canonical":"https:\/\/mersatradedz.com\/ar\/product\/hp-m27f-fhd-ips-noir\/","og_locale":"ar_AR","og_type":"article","og_title":"HP M27F - FHD - IPS - NOIR - mersatradedz","og_description":"Diagonale : 27&Prime; (69 cm) \u00c9cran LCD \u00e0 r\u00e9tro\u00e9clairage LED Format : 1920 x 1080 \u00e0 75 Hz (Wide) \/ 16:9 Dalle TFT AH-VA (IPS) \u2022 6 bits + FRC \u2022 5 ms R\u00e9glage socle : Inclinaison Connectiques vid\u00e9o principales : HDMI (x2) \u2022 VGA Technologies : Overdrive \u2022 AMD FreeSync \u2022 Eye Ease Classe [&hellip;]","og_url":"https:\/\/mersatradedz.com\/ar\/product\/hp-m27f-fhd-ips-noir\/","og_site_name":"mersatradedz","article_publisher":"https:\/\/www.facebook.com\/ntbidz","article_modified_time":"2025-03-27T13:39:09+00:00","og_image":[{"width":640,"height":480,"url":"https:\/\/mersatradedz.com\/wp-content\/uploads\/2024\/07\/6034.jpg","type":"image\/jpeg"}],"twitter_card":"summary_large_image","schema":{"@context":"https:\/\/schema.org","@graph":[{"@type":"WebPage","@id":"https:\/\/mersatradedz.com\/product\/hp-m27f-fhd-ips-noir\/","url":"https:\/\/mersatradedz.com\/product\/hp-m27f-fhd-ips-noir\/","name":"HP M27F - FHD - IPS - NOIR - mersatradedz","isPartOf":{"@id":"https:\/\/mersatradedz.com\/#website"},"primaryImageOfPage":{"@id":"https:\/\/mersatradedz.com\/product\/hp-m27f-fhd-ips-noir\/#primaryimage"},"image":{"@id":"https:\/\/mersatradedz.com\/product\/hp-m27f-fhd-ips-noir\/#primaryimage"},"thumbnailUrl":"https:\/\/mersatradedz.com\/wp-content\/uploads\/2024\/07\/6034.jpg","datePublished":"2024-07-23T16:38:41+00:00","dateModified":"2025-03-27T13:39:09+00:00","breadcrumb":{"@id":"https:\/\/mersatradedz.com\/product\/hp-m27f-fhd-ips-noir\/#breadcrumb"},"inLanguage":"ar","potentialAction":[{"@type":"ReadAction","target":["https:\/\/mersatradedz.com\/product\/hp-m27f-fhd-ips-noir\/"]}]},{"@type":"ImageObject","inLanguage":"ar","@id":"https:\/\/mersatradedz.com\/product\/hp-m27f-fhd-ips-noir\/#primaryimage","url":"https:\/\/mersatradedz.com\/wp-content\/uploads\/2024\/07\/6034.jpg","contentUrl":"https:\/\/mersatradedz.com\/wp-content\/uploads\/2024\/07\/6034.jpg","width":640,"height":480},{"@type":"BreadcrumbList","@id":"https:\/\/mersatradedz.com\/product\/hp-m27f-fhd-ips-noir\/#breadcrumb","itemListElement":[{"@type":"ListItem","position":1,"name":"Home","item":"https:\/\/mersatradedz.com\/ar\/"},{"@type":"ListItem","position":2,"name":"Boutique","item":"https:\/\/mersatradedz.com\/shop\/"},{"@type":"ListItem","position":3,"name":"HP M27F &#8211; FHD &#8211; IPS &#8211; NOIR"}]},{"@type":"WebSite","@id":"https:\/\/mersatradedz.com\/#website","url":"https:\/\/mersatradedz.com\/","name":"mersatradedz","description":"","publisher":{"@id":"https:\/\/mersatradedz.com\/#organization"},"potentialAction":[{"@type":"SearchAction","target":{"@type":"EntryPoint","urlTemplate":"https:\/\/mersatradedz.com\/?s={search_term_string}"},"query-input":{"@type":"PropertyValueSpecification","valueRequired":true,"valueName":"search_term_string"}}],"inLanguage":"ar"},{"@type":"Organization","@id":"https:\/\/mersatradedz.com\/#organization","name":"mersa trade","url":"https:\/\/mersatradedz.com\/","logo":{"@type":"ImageObject","inLanguage":"ar","@id":"https:\/\/mersatradedz.com\/#\/schema\/logo\/image\/","url":"https:\/\/mersatradedz.com\/wp-content\/uploads\/2023\/07\/cropped-1684191296456.jpg","contentUrl":"https:\/\/mersatradedz.com\/wp-content\/uploads\/2023\/07\/cropped-1684191296456.jpg","width":1451,"height":955,"caption":"mersa trade"},"image":{"@id":"https:\/\/mersatradedz.com\/#\/schema\/logo\/image\/"},"sameAs":["https:\/\/www.facebook.com\/ntbidz"]}]}},"jetpack_sharing_enabled":true,"_links":{"self":[{"href":"https:\/\/mersatradedz.com\/ar\/wp-json\/wp\/v2\/product\/2218","targetHints":{"allow":["GET"]}}],"collection":[{"href":"https:\/\/mersatradedz.com\/ar\/wp-json\/wp\/v2\/product"}],"about":[{"href":"https:\/\/mersatradedz.com\/ar\/wp-json\/wp\/v2\/types\/product"}],"replies":[{"embeddable":true,"href":"https:\/\/mersatradedz.com\/ar\/wp-json\/wp\/v2\/comments?post=2218"}],"wp:featuredmedia":[{"embeddable":true,"href":"https:\/\/mersatradedz.com\/ar\/wp-json\/wp\/v2\/media\/2215"}],"wp:attachment":[{"href":"https:\/\/mersatradedz.com\/ar\/wp-json\/wp\/v2\/media?parent=2218"}],"wp:term":[{"taxonomy":"product_brand","embeddable":true,"href":"https:\/\/mersatradedz.com\/ar\/wp-json\/wp\/v2\/product_brand?post=2218"},{"taxonomy":"product_cat","embeddable":true,"href":"https:\/\/mersatradedz.com\/ar\/wp-json\/wp\/v2\/product_cat?post=2218"},{"taxonomy":"product_tag","embeddable":true,"href":"https:\/\/mersatradedz.com\/ar\/wp-json\/wp\/v2\/product_tag?post=2218"}],"curies":[{"name":"wp","href":"https:\/\/api.w.org\/{rel}","templated":true}]}}