{"id":2221,"date":"2024-07-23T17:43:46","date_gmt":"2024-07-23T16:43:46","guid":{"rendered":"https:\/\/mersatradedz.com\/product\/ecran-27%e2%80%b3-dahua-fhd-ips-100hz-haut-parleurs-integres-lm27-b201s\/"},"modified":"2025-04-15T15:25:57","modified_gmt":"2025-04-15T14:25:57","slug":"ecran-27%e2%80%b3-dahua-fhd-ips-100hz-haut-parleurs-integres-lm27-b201s","status":"publish","type":"product","link":"https:\/\/mersatradedz.com\/ar\/product\/ecran-27%e2%80%b3-dahua-fhd-ips-100hz-haut-parleurs-integres-lm27-b201s\/","title":{"rendered":"Ecran 27\u2033 Dahua FHD ips 100Hz Haut-Parleurs Int\u00e9gr\u00e9s LM27-B201S"},"content":{"rendered":"<p>Excellente qualit\u00e9 d\u2019image et confort de visionnage<br \/>\nAvec le moniteur Dahua LM27-B201S, vous pouvez profiter d\u2019une exp\u00e9rience visuelle immersive gr\u00e2ce au taux de rafra\u00eechissement fluide de 100Hz. Avec un impressionnant \u00e9cran de 27 pouces et une r\u00e9solution Full HD de 1920 x 1080, ce moniteur offre des images \u00e9poustouflantes avec des d\u00e9tails d\u2019une nettet\u00e9 incroyable et des couleurs \u00e9clatantes. Le panneau VA r\u00e9glable offre un grand angle de vue de 178\u00b0H\/178\u00b0 V, pour que vous puissiez profiter d\u2019une belle image sans compromis, quelle que soit la position<\/p>","protected":false},"excerpt":{"rendered":"<p>Excellente qualit\u00e9 d\u2019image et confort de visionnage Avec le moniteur Dahua LM27-B201S, vous pouvez profiter d\u2019une exp\u00e9rience visuelle immersive gr\u00e2ce au taux de rafra\u00eechissement fluide de 100Hz. Avec un impressionnant \u00e9cran de 27 pouces et une r\u00e9solution Full HD de 1920 x 1080, ce moniteur offre des images \u00e9poustouflantes avec des d\u00e9tails d\u2019une nettet\u00e9 incroyable [&hellip;]<\/p>\n","protected":false},"featured_media":2219,"comment_status":"open","ping_status":"closed","template":"","meta":{"_monsterinsights_skip_tracking":false,"_monsterinsights_sitenote_active":false,"_monsterinsights_sitenote_note":"","_monsterinsights_sitenote_category":0},"product_brand":[],"product_cat":[724,786],"product_tag":[],"class_list":{"0":"post-2221","1":"product","2":"type-product","3":"status-publish","4":"has-post-thumbnail","6":"product_cat-ecran-data-show","7":"product_cat-pc-gamer-console","9":"first","10":"instock","11":"sale","12":"shipping-taxable","13":"purchasable","14":"product-type-simple"},"yoast_head":"<!-- This site is optimized with the Yoast SEO plugin v27.4 - https:\/\/yoast.com\/product\/yoast-seo-wordpress\/ -->\n<title>Ecran 27\u2033 Dahua FHD ips 100Hz Haut-Parleurs Int\u00e9gr\u00e9s LM27-B201S - mersatradedz<\/title>\n<meta name=\"robots\" content=\"index, follow, max-snippet:-1, max-image-preview:large, max-video-preview:-1\" \/>\n<link rel=\"canonical\" href=\"https:\/\/mersatradedz.com\/ar\/product\/ecran-27\u2033-dahua-fhd-ips-100hz-haut-parleurs-integres-lm27-b201s\/\" \/>\n<meta property=\"og:locale\" content=\"ar_AR\" \/>\n<meta property=\"og:type\" content=\"article\" \/>\n<meta property=\"og:title\" content=\"Ecran 27\u2033 Dahua FHD ips 100Hz Haut-Parleurs Int\u00e9gr\u00e9s LM27-B201S - mersatradedz\" \/>\n<meta property=\"og:description\" content=\"Excellente qualit\u00e9 d\u2019image et confort de visionnage Avec le moniteur Dahua LM27-B201S, vous pouvez profiter d\u2019une exp\u00e9rience visuelle immersive gr\u00e2ce au taux de rafra\u00eechissement fluide de 100Hz. Avec un impressionnant \u00e9cran de 27 pouces et une r\u00e9solution Full HD de 1920 x 1080, ce moniteur offre des images \u00e9poustouflantes avec des d\u00e9tails d\u2019une nettet\u00e9 incroyable [&hellip;]\" \/>\n<meta property=\"og:url\" content=\"https:\/\/mersatradedz.com\/ar\/product\/ecran-27\u2033-dahua-fhd-ips-100hz-haut-parleurs-integres-lm27-b201s\/\" \/>\n<meta property=\"og:site_name\" content=\"mersatradedz\" \/>\n<meta property=\"article:publisher\" content=\"https:\/\/www.facebook.com\/ntbidz\" \/>\n<meta property=\"article:modified_time\" content=\"2025-04-15T14:25:57+00:00\" \/>\n<meta property=\"og:image\" content=\"https:\/\/mersatradedz.com\/wp-content\/uploads\/2024\/07\/6031.jpg\" \/>\n\t<meta property=\"og:image:width\" content=\"554\" \/>\n\t<meta property=\"og:image:height\" content=\"554\" \/>\n\t<meta property=\"og:image:type\" content=\"image\/jpeg\" \/>\n<meta name=\"twitter:card\" content=\"summary_large_image\" \/>\n<script type=\"application\/ld+json\" class=\"yoast-schema-graph\">{\"@context\":\"https:\\\/\\\/schema.org\",\"@graph\":[{\"@type\":\"WebPage\",\"@id\":\"https:\\\/\\\/mersatradedz.com\\\/product\\\/ecran-27%e2%80%b3-dahua-fhd-ips-100hz-haut-parleurs-integres-lm27-b201s\\\/\",\"url\":\"https:\\\/\\\/mersatradedz.com\\\/product\\\/ecran-27%e2%80%b3-dahua-fhd-ips-100hz-haut-parleurs-integres-lm27-b201s\\\/\",\"name\":\"Ecran 27\u2033 Dahua FHD ips 100Hz Haut-Parleurs Int\u00e9gr\u00e9s LM27-B201S - mersatradedz\",\"isPartOf\":{\"@id\":\"https:\\\/\\\/mersatradedz.com\\\/#website\"},\"primaryImageOfPage\":{\"@id\":\"https:\\\/\\\/mersatradedz.com\\\/product\\\/ecran-27%e2%80%b3-dahua-fhd-ips-100hz-haut-parleurs-integres-lm27-b201s\\\/#primaryimage\"},\"image\":{\"@id\":\"https:\\\/\\\/mersatradedz.com\\\/product\\\/ecran-27%e2%80%b3-dahua-fhd-ips-100hz-haut-parleurs-integres-lm27-b201s\\\/#primaryimage\"},\"thumbnailUrl\":\"https:\\\/\\\/mersatradedz.com\\\/wp-content\\\/uploads\\\/2024\\\/07\\\/6031.jpg\",\"datePublished\":\"2024-07-23T16:43:46+00:00\",\"dateModified\":\"2025-04-15T14:25:57+00:00\",\"breadcrumb\":{\"@id\":\"https:\\\/\\\/mersatradedz.com\\\/product\\\/ecran-27%e2%80%b3-dahua-fhd-ips-100hz-haut-parleurs-integres-lm27-b201s\\\/#breadcrumb\"},\"inLanguage\":\"ar\",\"potentialAction\":[{\"@type\":\"ReadAction\",\"target\":[\"https:\\\/\\\/mersatradedz.com\\\/product\\\/ecran-27%e2%80%b3-dahua-fhd-ips-100hz-haut-parleurs-integres-lm27-b201s\\\/\"]}]},{\"@type\":\"ImageObject\",\"inLanguage\":\"ar\",\"@id\":\"https:\\\/\\\/mersatradedz.com\\\/product\\\/ecran-27%e2%80%b3-dahua-fhd-ips-100hz-haut-parleurs-integres-lm27-b201s\\\/#primaryimage\",\"url\":\"https:\\\/\\\/mersatradedz.com\\\/wp-content\\\/uploads\\\/2024\\\/07\\\/6031.jpg\",\"contentUrl\":\"https:\\\/\\\/mersatradedz.com\\\/wp-content\\\/uploads\\\/2024\\\/07\\\/6031.jpg\",\"width\":554,\"height\":554},{\"@type\":\"BreadcrumbList\",\"@id\":\"https:\\\/\\\/mersatradedz.com\\\/product\\\/ecran-27%e2%80%b3-dahua-fhd-ips-100hz-haut-parleurs-integres-lm27-b201s\\\/#breadcrumb\",\"itemListElement\":[{\"@type\":\"ListItem\",\"position\":1,\"name\":\"Home\",\"item\":\"https:\\\/\\\/mersatradedz.com\\\/ar\\\/\"},{\"@type\":\"ListItem\",\"position\":2,\"name\":\"Boutique\",\"item\":\"https:\\\/\\\/mersatradedz.com\\\/shop\\\/\"},{\"@type\":\"ListItem\",\"position\":3,\"name\":\"Ecran 27\u2033 Dahua FHD ips 100Hz Haut-Parleurs Int\u00e9gr\u00e9s LM27-B201S\"}]},{\"@type\":\"WebSite\",\"@id\":\"https:\\\/\\\/mersatradedz.com\\\/#website\",\"url\":\"https:\\\/\\\/mersatradedz.com\\\/\",\"name\":\"mersatradedz\",\"description\":\"\",\"publisher\":{\"@id\":\"https:\\\/\\\/mersatradedz.com\\\/#organization\"},\"potentialAction\":[{\"@type\":\"SearchAction\",\"target\":{\"@type\":\"EntryPoint\",\"urlTemplate\":\"https:\\\/\\\/mersatradedz.com\\\/?s={search_term_string}\"},\"query-input\":{\"@type\":\"PropertyValueSpecification\",\"valueRequired\":true,\"valueName\":\"search_term_string\"}}],\"inLanguage\":\"ar\"},{\"@type\":\"Organization\",\"@id\":\"https:\\\/\\\/mersatradedz.com\\\/#organization\",\"name\":\"mersa trade\",\"url\":\"https:\\\/\\\/mersatradedz.com\\\/\",\"logo\":{\"@type\":\"ImageObject\",\"inLanguage\":\"ar\",\"@id\":\"https:\\\/\\\/mersatradedz.com\\\/#\\\/schema\\\/logo\\\/image\\\/\",\"url\":\"https:\\\/\\\/mersatradedz.com\\\/wp-content\\\/uploads\\\/2023\\\/07\\\/cropped-1684191296456.jpg\",\"contentUrl\":\"https:\\\/\\\/mersatradedz.com\\\/wp-content\\\/uploads\\\/2023\\\/07\\\/cropped-1684191296456.jpg\",\"width\":1451,\"height\":955,\"caption\":\"mersa trade\"},\"image\":{\"@id\":\"https:\\\/\\\/mersatradedz.com\\\/#\\\/schema\\\/logo\\\/image\\\/\"},\"sameAs\":[\"https:\\\/\\\/www.facebook.com\\\/ntbidz\"]}]}<\/script>\n<!-- \/ Yoast SEO plugin. -->","yoast_head_json":{"title":"Ecran 27\u2033 Dahua FHD ips 100Hz Haut-Parleurs Int\u00e9gr\u00e9s LM27-B201S - mersatradedz","robots":{"index":"index","follow":"follow","max-snippet":"max-snippet:-1","max-image-preview":"max-image-preview:large","max-video-preview":"max-video-preview:-1"},"canonical":"https:\/\/mersatradedz.com\/ar\/product\/ecran-27\u2033-dahua-fhd-ips-100hz-haut-parleurs-integres-lm27-b201s\/","og_locale":"ar_AR","og_type":"article","og_title":"Ecran 27\u2033 Dahua FHD ips 100Hz Haut-Parleurs Int\u00e9gr\u00e9s LM27-B201S - mersatradedz","og_description":"Excellente qualit\u00e9 d\u2019image et confort de visionnage Avec le moniteur Dahua LM27-B201S, vous pouvez profiter d\u2019une exp\u00e9rience visuelle immersive gr\u00e2ce au taux de rafra\u00eechissement fluide de 100Hz. Avec un impressionnant \u00e9cran de 27 pouces et une r\u00e9solution Full HD de 1920 x 1080, ce moniteur offre des images \u00e9poustouflantes avec des d\u00e9tails d\u2019une nettet\u00e9 incroyable [&hellip;]","og_url":"https:\/\/mersatradedz.com\/ar\/product\/ecran-27\u2033-dahua-fhd-ips-100hz-haut-parleurs-integres-lm27-b201s\/","og_site_name":"mersatradedz","article_publisher":"https:\/\/www.facebook.com\/ntbidz","article_modified_time":"2025-04-15T14:25:57+00:00","og_image":[{"width":554,"height":554,"url":"https:\/\/mersatradedz.com\/wp-content\/uploads\/2024\/07\/6031.jpg","type":"image\/jpeg"}],"twitter_card":"summary_large_image","schema":{"@context":"https:\/\/schema.org","@graph":[{"@type":"WebPage","@id":"https:\/\/mersatradedz.com\/product\/ecran-27%e2%80%b3-dahua-fhd-ips-100hz-haut-parleurs-integres-lm27-b201s\/","url":"https:\/\/mersatradedz.com\/product\/ecran-27%e2%80%b3-dahua-fhd-ips-100hz-haut-parleurs-integres-lm27-b201s\/","name":"Ecran 27\u2033 Dahua FHD ips 100Hz Haut-Parleurs Int\u00e9gr\u00e9s LM27-B201S - mersatradedz","isPartOf":{"@id":"https:\/\/mersatradedz.com\/#website"},"primaryImageOfPage":{"@id":"https:\/\/mersatradedz.com\/product\/ecran-27%e2%80%b3-dahua-fhd-ips-100hz-haut-parleurs-integres-lm27-b201s\/#primaryimage"},"image":{"@id":"https:\/\/mersatradedz.com\/product\/ecran-27%e2%80%b3-dahua-fhd-ips-100hz-haut-parleurs-integres-lm27-b201s\/#primaryimage"},"thumbnailUrl":"https:\/\/mersatradedz.com\/wp-content\/uploads\/2024\/07\/6031.jpg","datePublished":"2024-07-23T16:43:46+00:00","dateModified":"2025-04-15T14:25:57+00:00","breadcrumb":{"@id":"https:\/\/mersatradedz.com\/product\/ecran-27%e2%80%b3-dahua-fhd-ips-100hz-haut-parleurs-integres-lm27-b201s\/#breadcrumb"},"inLanguage":"ar","potentialAction":[{"@type":"ReadAction","target":["https:\/\/mersatradedz.com\/product\/ecran-27%e2%80%b3-dahua-fhd-ips-100hz-haut-parleurs-integres-lm27-b201s\/"]}]},{"@type":"ImageObject","inLanguage":"ar","@id":"https:\/\/mersatradedz.com\/product\/ecran-27%e2%80%b3-dahua-fhd-ips-100hz-haut-parleurs-integres-lm27-b201s\/#primaryimage","url":"https:\/\/mersatradedz.com\/wp-content\/uploads\/2024\/07\/6031.jpg","contentUrl":"https:\/\/mersatradedz.com\/wp-content\/uploads\/2024\/07\/6031.jpg","width":554,"height":554},{"@type":"BreadcrumbList","@id":"https:\/\/mersatradedz.com\/product\/ecran-27%e2%80%b3-dahua-fhd-ips-100hz-haut-parleurs-integres-lm27-b201s\/#breadcrumb","itemListElement":[{"@type":"ListItem","position":1,"name":"Home","item":"https:\/\/mersatradedz.com\/ar\/"},{"@type":"ListItem","position":2,"name":"Boutique","item":"https:\/\/mersatradedz.com\/shop\/"},{"@type":"ListItem","position":3,"name":"Ecran 27\u2033 Dahua FHD ips 100Hz Haut-Parleurs Int\u00e9gr\u00e9s LM27-B201S"}]},{"@type":"WebSite","@id":"https:\/\/mersatradedz.com\/#website","url":"https:\/\/mersatradedz.com\/","name":"mersatradedz","description":"","publisher":{"@id":"https:\/\/mersatradedz.com\/#organization"},"potentialAction":[{"@type":"SearchAction","target":{"@type":"EntryPoint","urlTemplate":"https:\/\/mersatradedz.com\/?s={search_term_string}"},"query-input":{"@type":"PropertyValueSpecification","valueRequired":true,"valueName":"search_term_string"}}],"inLanguage":"ar"},{"@type":"Organization","@id":"https:\/\/mersatradedz.com\/#organization","name":"mersa trade","url":"https:\/\/mersatradedz.com\/","logo":{"@type":"ImageObject","inLanguage":"ar","@id":"https:\/\/mersatradedz.com\/#\/schema\/logo\/image\/","url":"https:\/\/mersatradedz.com\/wp-content\/uploads\/2023\/07\/cropped-1684191296456.jpg","contentUrl":"https:\/\/mersatradedz.com\/wp-content\/uploads\/2023\/07\/cropped-1684191296456.jpg","width":1451,"height":955,"caption":"mersa trade"},"image":{"@id":"https:\/\/mersatradedz.com\/#\/schema\/logo\/image\/"},"sameAs":["https:\/\/www.facebook.com\/ntbidz"]}]}},"jetpack_sharing_enabled":true,"_links":{"self":[{"href":"https:\/\/mersatradedz.com\/ar\/wp-json\/wp\/v2\/product\/2221","targetHints":{"allow":["GET"]}}],"collection":[{"href":"https:\/\/mersatradedz.com\/ar\/wp-json\/wp\/v2\/product"}],"about":[{"href":"https:\/\/mersatradedz.com\/ar\/wp-json\/wp\/v2\/types\/product"}],"replies":[{"embeddable":true,"href":"https:\/\/mersatradedz.com\/ar\/wp-json\/wp\/v2\/comments?post=2221"}],"wp:featuredmedia":[{"embeddable":true,"href":"https:\/\/mersatradedz.com\/ar\/wp-json\/wp\/v2\/media\/2219"}],"wp:attachment":[{"href":"https:\/\/mersatradedz.com\/ar\/wp-json\/wp\/v2\/media?parent=2221"}],"wp:term":[{"taxonomy":"product_brand","embeddable":true,"href":"https:\/\/mersatradedz.com\/ar\/wp-json\/wp\/v2\/product_brand?post=2221"},{"taxonomy":"product_cat","embeddable":true,"href":"https:\/\/mersatradedz.com\/ar\/wp-json\/wp\/v2\/product_cat?post=2221"},{"taxonomy":"product_tag","embeddable":true,"href":"https:\/\/mersatradedz.com\/ar\/wp-json\/wp\/v2\/product_tag?post=2221"}],"curies":[{"name":"wp","href":"https:\/\/api.w.org\/{rel}","templated":true}]}}