{"id":2235,"date":"2024-07-25T09:25:32","date_gmt":"2024-07-25T08:25:32","guid":{"rendered":"https:\/\/mersatradedz.com\/product\/mousse-nettoyante-650ml\/"},"modified":"2025-05-25T10:34:15","modified_gmt":"2025-05-25T09:34:15","slug":"mousse-nettoyante-650ml","status":"publish","type":"product","link":"https:\/\/mersatradedz.com\/ar\/product\/mousse-nettoyante-650ml\/","title":{"rendered":"MOUSSE NETTOYANTE 650ML"},"content":{"rendered":"<ul style=\"padding-left: 2rem;margin-top: 0px;margin-bottom: 0px;font-family: Inter,\">\n<li>nettoyage mousse \u2013 650ml \u2013 nettoie, enl\u00e8ve la salet\u00e9 et d\u00e9sodorise \u2013 Prot\u00e9g\u00e9 l\u2019environnement<\/li>\n<li>Mousse de nettoyage tr\u00e8s active et puissante sp\u00e9cialement con\u00e7ue pour intervenir sur des surfaces bureautiques et informatiques tr\u00e8s sales.<\/li>\n<li>Cette mousse est aussi tr\u00e8s efficace sur les moquettes, les surfaces peintes et le mobilier en g\u00e9n\u00e9ral.<\/li>\n<li>Id\u00e9ale pour nettoyer et d\u00e9sinfecter toutes les surfaces, plastiques, polym\u00e8res, \u00e9lastom\u00e8res, m\u00e9taux, fa\u00efences, verre ou m\u00e9tal.<\/li>\n<li style=\"margin-bottom: 0px\">C\u2019est un fait: les produits \u00e9lectroniques attirent la poussi\u00e8re. Il vous arrive peut-\u00eatre \u00e9galement de manger sur votre poste de travail. Mais saviez vous que vos mains sont les principales sources de contamination autour de vous ? Elle sont pourtant sans arr\u00eat en contact avec votre souris, votre clavier, votre t\u00e9l\u00e9phone, votre \u00e9cran\u2026 Nettoyer r\u00e9guli\u00e8rement votre bureau et votre espace de travail aide \u00e0 diminuer le nombre de germes et de maladies pr\u00e9sentes dans votre environnement.<\/li>\n<\/ul>","protected":false},"excerpt":{"rendered":"<p>nettoyage mousse \u2013 650ml \u2013 nettoie, enl\u00e8ve la salet\u00e9 et d\u00e9sodorise \u2013 Prot\u00e9g\u00e9 l\u2019environnement Mousse de nettoyage tr\u00e8s active et puissante sp\u00e9cialement con\u00e7ue pour intervenir sur des surfaces bureautiques et informatiques tr\u00e8s sales. Cette mousse est aussi tr\u00e8s efficace sur les moquettes, les surfaces peintes et le mobilier en g\u00e9n\u00e9ral. Id\u00e9ale pour nettoyer et d\u00e9sinfecter [&hellip;]<\/p>\n","protected":false},"featured_media":2232,"comment_status":"open","ping_status":"closed","template":"","meta":{"_monsterinsights_skip_tracking":false,"_monsterinsights_sitenote_active":false,"_monsterinsights_sitenote_note":"","_monsterinsights_sitenote_category":0},"product_brand":[],"product_cat":[24],"product_tag":[],"class_list":{"0":"post-2235","1":"product","2":"type-product","3":"status-publish","4":"has-post-thumbnail","6":"product_cat-accessoire","8":"first","9":"instock","10":"purchasable","11":"product-type-simple"},"yoast_head":"<!-- This site is optimized with the Yoast SEO plugin v27.4 - https:\/\/yoast.com\/product\/yoast-seo-wordpress\/ -->\n<title>MOUSSE NETTOYANTE 650ML - mersatradedz<\/title>\n<meta name=\"robots\" content=\"index, follow, max-snippet:-1, max-image-preview:large, max-video-preview:-1\" \/>\n<link rel=\"canonical\" href=\"https:\/\/mersatradedz.com\/ar\/product\/mousse-nettoyante-650ml\/\" \/>\n<meta property=\"og:locale\" content=\"ar_AR\" \/>\n<meta property=\"og:type\" content=\"article\" \/>\n<meta property=\"og:title\" content=\"MOUSSE NETTOYANTE 650ML - mersatradedz\" \/>\n<meta property=\"og:description\" content=\"nettoyage mousse \u2013 650ml \u2013 nettoie, enl\u00e8ve la salet\u00e9 et d\u00e9sodorise \u2013 Prot\u00e9g\u00e9 l\u2019environnement Mousse de nettoyage tr\u00e8s active et puissante sp\u00e9cialement con\u00e7ue pour intervenir sur des surfaces bureautiques et informatiques tr\u00e8s sales. Cette mousse est aussi tr\u00e8s efficace sur les moquettes, les surfaces peintes et le mobilier en g\u00e9n\u00e9ral. Id\u00e9ale pour nettoyer et d\u00e9sinfecter [&hellip;]\" \/>\n<meta property=\"og:url\" content=\"https:\/\/mersatradedz.com\/ar\/product\/mousse-nettoyante-650ml\/\" \/>\n<meta property=\"og:site_name\" content=\"mersatradedz\" \/>\n<meta property=\"article:publisher\" content=\"https:\/\/www.facebook.com\/ntbidz\" \/>\n<meta property=\"article:modified_time\" content=\"2025-05-25T09:34:15+00:00\" \/>\n<meta property=\"og:image\" content=\"https:\/\/mersatradedz.com\/wp-content\/uploads\/2024\/07\/6086.jpg\" \/>\n\t<meta property=\"og:image:width\" content=\"500\" \/>\n\t<meta property=\"og:image:height\" content=\"600\" \/>\n\t<meta property=\"og:image:type\" content=\"image\/jpeg\" \/>\n<meta name=\"twitter:card\" content=\"summary_large_image\" \/>\n<meta name=\"twitter:label1\" content=\"\u0648\u0642\u062a \u0627\u0644\u0642\u0631\u0627\u0621\u0629 \u0627\u0644\u0645\u064f\u0642\u062f\u0651\u0631\" \/>\n\t<meta name=\"twitter:data1\" content=\"\u062f\u0642\u064a\u0642\u0629 \u0648\u0627\u062d\u062f\u0629\" \/>\n<script type=\"application\/ld+json\" class=\"yoast-schema-graph\">{\"@context\":\"https:\\\/\\\/schema.org\",\"@graph\":[{\"@type\":\"WebPage\",\"@id\":\"https:\\\/\\\/mersatradedz.com\\\/product\\\/mousse-nettoyante-650ml\\\/\",\"url\":\"https:\\\/\\\/mersatradedz.com\\\/product\\\/mousse-nettoyante-650ml\\\/\",\"name\":\"MOUSSE NETTOYANTE 650ML - mersatradedz\",\"isPartOf\":{\"@id\":\"https:\\\/\\\/mersatradedz.com\\\/#website\"},\"primaryImageOfPage\":{\"@id\":\"https:\\\/\\\/mersatradedz.com\\\/product\\\/mousse-nettoyante-650ml\\\/#primaryimage\"},\"image\":{\"@id\":\"https:\\\/\\\/mersatradedz.com\\\/product\\\/mousse-nettoyante-650ml\\\/#primaryimage\"},\"thumbnailUrl\":\"https:\\\/\\\/mersatradedz.com\\\/wp-content\\\/uploads\\\/2024\\\/07\\\/6086.jpg\",\"datePublished\":\"2024-07-25T08:25:32+00:00\",\"dateModified\":\"2025-05-25T09:34:15+00:00\",\"breadcrumb\":{\"@id\":\"https:\\\/\\\/mersatradedz.com\\\/product\\\/mousse-nettoyante-650ml\\\/#breadcrumb\"},\"inLanguage\":\"ar\",\"potentialAction\":[{\"@type\":\"ReadAction\",\"target\":[\"https:\\\/\\\/mersatradedz.com\\\/product\\\/mousse-nettoyante-650ml\\\/\"]}]},{\"@type\":\"ImageObject\",\"inLanguage\":\"ar\",\"@id\":\"https:\\\/\\\/mersatradedz.com\\\/product\\\/mousse-nettoyante-650ml\\\/#primaryimage\",\"url\":\"https:\\\/\\\/mersatradedz.com\\\/wp-content\\\/uploads\\\/2024\\\/07\\\/6086.jpg\",\"contentUrl\":\"https:\\\/\\\/mersatradedz.com\\\/wp-content\\\/uploads\\\/2024\\\/07\\\/6086.jpg\",\"width\":500,\"height\":600},{\"@type\":\"BreadcrumbList\",\"@id\":\"https:\\\/\\\/mersatradedz.com\\\/product\\\/mousse-nettoyante-650ml\\\/#breadcrumb\",\"itemListElement\":[{\"@type\":\"ListItem\",\"position\":1,\"name\":\"Home\",\"item\":\"https:\\\/\\\/mersatradedz.com\\\/ar\\\/\"},{\"@type\":\"ListItem\",\"position\":2,\"name\":\"Boutique\",\"item\":\"https:\\\/\\\/mersatradedz.com\\\/shop\\\/\"},{\"@type\":\"ListItem\",\"position\":3,\"name\":\"MOUSSE NETTOYANTE 650ML\"}]},{\"@type\":\"WebSite\",\"@id\":\"https:\\\/\\\/mersatradedz.com\\\/#website\",\"url\":\"https:\\\/\\\/mersatradedz.com\\\/\",\"name\":\"mersatradedz\",\"description\":\"\",\"publisher\":{\"@id\":\"https:\\\/\\\/mersatradedz.com\\\/#organization\"},\"potentialAction\":[{\"@type\":\"SearchAction\",\"target\":{\"@type\":\"EntryPoint\",\"urlTemplate\":\"https:\\\/\\\/mersatradedz.com\\\/?s={search_term_string}\"},\"query-input\":{\"@type\":\"PropertyValueSpecification\",\"valueRequired\":true,\"valueName\":\"search_term_string\"}}],\"inLanguage\":\"ar\"},{\"@type\":\"Organization\",\"@id\":\"https:\\\/\\\/mersatradedz.com\\\/#organization\",\"name\":\"mersa trade\",\"url\":\"https:\\\/\\\/mersatradedz.com\\\/\",\"logo\":{\"@type\":\"ImageObject\",\"inLanguage\":\"ar\",\"@id\":\"https:\\\/\\\/mersatradedz.com\\\/#\\\/schema\\\/logo\\\/image\\\/\",\"url\":\"https:\\\/\\\/mersatradedz.com\\\/wp-content\\\/uploads\\\/2023\\\/07\\\/cropped-1684191296456.jpg\",\"contentUrl\":\"https:\\\/\\\/mersatradedz.com\\\/wp-content\\\/uploads\\\/2023\\\/07\\\/cropped-1684191296456.jpg\",\"width\":1451,\"height\":955,\"caption\":\"mersa trade\"},\"image\":{\"@id\":\"https:\\\/\\\/mersatradedz.com\\\/#\\\/schema\\\/logo\\\/image\\\/\"},\"sameAs\":[\"https:\\\/\\\/www.facebook.com\\\/ntbidz\"]}]}<\/script>\n<!-- \/ Yoast SEO plugin. -->","yoast_head_json":{"title":"MOUSSE NETTOYANTE 650ML - mersatradedz","robots":{"index":"index","follow":"follow","max-snippet":"max-snippet:-1","max-image-preview":"max-image-preview:large","max-video-preview":"max-video-preview:-1"},"canonical":"https:\/\/mersatradedz.com\/ar\/product\/mousse-nettoyante-650ml\/","og_locale":"ar_AR","og_type":"article","og_title":"MOUSSE NETTOYANTE 650ML - mersatradedz","og_description":"nettoyage mousse \u2013 650ml \u2013 nettoie, enl\u00e8ve la salet\u00e9 et d\u00e9sodorise \u2013 Prot\u00e9g\u00e9 l\u2019environnement Mousse de nettoyage tr\u00e8s active et puissante sp\u00e9cialement con\u00e7ue pour intervenir sur des surfaces bureautiques et informatiques tr\u00e8s sales. Cette mousse est aussi tr\u00e8s efficace sur les moquettes, les surfaces peintes et le mobilier en g\u00e9n\u00e9ral. Id\u00e9ale pour nettoyer et d\u00e9sinfecter [&hellip;]","og_url":"https:\/\/mersatradedz.com\/ar\/product\/mousse-nettoyante-650ml\/","og_site_name":"mersatradedz","article_publisher":"https:\/\/www.facebook.com\/ntbidz","article_modified_time":"2025-05-25T09:34:15+00:00","og_image":[{"width":500,"height":600,"url":"https:\/\/mersatradedz.com\/wp-content\/uploads\/2024\/07\/6086.jpg","type":"image\/jpeg"}],"twitter_card":"summary_large_image","twitter_misc":{"\u0648\u0642\u062a \u0627\u0644\u0642\u0631\u0627\u0621\u0629 \u0627\u0644\u0645\u064f\u0642\u062f\u0651\u0631":"\u062f\u0642\u064a\u0642\u0629 \u0648\u0627\u062d\u062f\u0629"},"schema":{"@context":"https:\/\/schema.org","@graph":[{"@type":"WebPage","@id":"https:\/\/mersatradedz.com\/product\/mousse-nettoyante-650ml\/","url":"https:\/\/mersatradedz.com\/product\/mousse-nettoyante-650ml\/","name":"MOUSSE NETTOYANTE 650ML - mersatradedz","isPartOf":{"@id":"https:\/\/mersatradedz.com\/#website"},"primaryImageOfPage":{"@id":"https:\/\/mersatradedz.com\/product\/mousse-nettoyante-650ml\/#primaryimage"},"image":{"@id":"https:\/\/mersatradedz.com\/product\/mousse-nettoyante-650ml\/#primaryimage"},"thumbnailUrl":"https:\/\/mersatradedz.com\/wp-content\/uploads\/2024\/07\/6086.jpg","datePublished":"2024-07-25T08:25:32+00:00","dateModified":"2025-05-25T09:34:15+00:00","breadcrumb":{"@id":"https:\/\/mersatradedz.com\/product\/mousse-nettoyante-650ml\/#breadcrumb"},"inLanguage":"ar","potentialAction":[{"@type":"ReadAction","target":["https:\/\/mersatradedz.com\/product\/mousse-nettoyante-650ml\/"]}]},{"@type":"ImageObject","inLanguage":"ar","@id":"https:\/\/mersatradedz.com\/product\/mousse-nettoyante-650ml\/#primaryimage","url":"https:\/\/mersatradedz.com\/wp-content\/uploads\/2024\/07\/6086.jpg","contentUrl":"https:\/\/mersatradedz.com\/wp-content\/uploads\/2024\/07\/6086.jpg","width":500,"height":600},{"@type":"BreadcrumbList","@id":"https:\/\/mersatradedz.com\/product\/mousse-nettoyante-650ml\/#breadcrumb","itemListElement":[{"@type":"ListItem","position":1,"name":"Home","item":"https:\/\/mersatradedz.com\/ar\/"},{"@type":"ListItem","position":2,"name":"Boutique","item":"https:\/\/mersatradedz.com\/shop\/"},{"@type":"ListItem","position":3,"name":"MOUSSE NETTOYANTE 650ML"}]},{"@type":"WebSite","@id":"https:\/\/mersatradedz.com\/#website","url":"https:\/\/mersatradedz.com\/","name":"mersatradedz","description":"","publisher":{"@id":"https:\/\/mersatradedz.com\/#organization"},"potentialAction":[{"@type":"SearchAction","target":{"@type":"EntryPoint","urlTemplate":"https:\/\/mersatradedz.com\/?s={search_term_string}"},"query-input":{"@type":"PropertyValueSpecification","valueRequired":true,"valueName":"search_term_string"}}],"inLanguage":"ar"},{"@type":"Organization","@id":"https:\/\/mersatradedz.com\/#organization","name":"mersa trade","url":"https:\/\/mersatradedz.com\/","logo":{"@type":"ImageObject","inLanguage":"ar","@id":"https:\/\/mersatradedz.com\/#\/schema\/logo\/image\/","url":"https:\/\/mersatradedz.com\/wp-content\/uploads\/2023\/07\/cropped-1684191296456.jpg","contentUrl":"https:\/\/mersatradedz.com\/wp-content\/uploads\/2023\/07\/cropped-1684191296456.jpg","width":1451,"height":955,"caption":"mersa trade"},"image":{"@id":"https:\/\/mersatradedz.com\/#\/schema\/logo\/image\/"},"sameAs":["https:\/\/www.facebook.com\/ntbidz"]}]}},"jetpack_sharing_enabled":true,"_links":{"self":[{"href":"https:\/\/mersatradedz.com\/ar\/wp-json\/wp\/v2\/product\/2235","targetHints":{"allow":["GET"]}}],"collection":[{"href":"https:\/\/mersatradedz.com\/ar\/wp-json\/wp\/v2\/product"}],"about":[{"href":"https:\/\/mersatradedz.com\/ar\/wp-json\/wp\/v2\/types\/product"}],"replies":[{"embeddable":true,"href":"https:\/\/mersatradedz.com\/ar\/wp-json\/wp\/v2\/comments?post=2235"}],"wp:featuredmedia":[{"embeddable":true,"href":"https:\/\/mersatradedz.com\/ar\/wp-json\/wp\/v2\/media\/2232"}],"wp:attachment":[{"href":"https:\/\/mersatradedz.com\/ar\/wp-json\/wp\/v2\/media?parent=2235"}],"wp:term":[{"taxonomy":"product_brand","embeddable":true,"href":"https:\/\/mersatradedz.com\/ar\/wp-json\/wp\/v2\/product_brand?post=2235"},{"taxonomy":"product_cat","embeddable":true,"href":"https:\/\/mersatradedz.com\/ar\/wp-json\/wp\/v2\/product_cat?post=2235"},{"taxonomy":"product_tag","embeddable":true,"href":"https:\/\/mersatradedz.com\/ar\/wp-json\/wp\/v2\/product_tag?post=2235"}],"curies":[{"name":"wp","href":"https:\/\/api.w.org\/{rel}","templated":true}]}}