{"id":2265,"date":"2024-07-27T16:18:23","date_gmt":"2024-07-27T15:18:23","guid":{"rendered":"https:\/\/mersatradedz.com\/product\/moniteur-lenovo-c24-40\/"},"modified":"2025-07-30T15:14:36","modified_gmt":"2025-07-30T14:14:36","slug":"moniteur-lenovo-c24-40","status":"publish","type":"product","link":"https:\/\/mersatradedz.com\/ar\/product\/moniteur-lenovo-c24-40\/","title":{"rendered":"moniteur LENOVO C24-40"},"content":{"rendered":"<h2 data-start=\"1017\" data-end=\"1045\">Pr\u00e9sentation g\u00e9n\u00e9rale<\/h2>\n<p style=\"padding-left: 40px;\" data-start=\"1046\" data-end=\"1414\">Le <strong data-start=\"1049\" data-end=\"1066\">Lenovo C24\u201140<\/strong> associe format compact (23,8\u2033) et r\u00e9solution <strong data-start=\"1112\" data-end=\"1123\">Full HD<\/strong>, gr\u00e2ce \u00e0 une dalle <strong data-start=\"1143\" data-end=\"1149\">VA<\/strong> offrant un taux de contraste de <strong data-start=\"1182\" data-end=\"1193\">3000\u202f:1<\/strong>, des noirs profonds et des couleurs dynamiques. Le design \u00ab 3\u2011side NearEdgeless \u00bb \u00e9limine les bordures g\u00eanantes sur trois c\u00f4t\u00e9s, id\u00e9al pour les installations multi-\u00e9crans ou \u00e9pur\u00e9es .<\/p>\n<h2 data-start=\"1416\" data-end=\"1454\">Fluidit\u00e9 &amp; performance visuelle<\/h2>\n<ul data-start=\"1455\" data-end=\"1888\">\n<li data-start=\"1455\" data-end=\"1709\">\n<p data-start=\"1457\" data-end=\"1709\">Rafra\u00eechissement de <strong data-start=\"1477\" data-end=\"1486\">75\u202fHz<\/strong> coupl\u00e9 \u00e0 un temps de r\u00e9ponse <strong data-start=\"1516\" data-end=\"1534\">4\u202fms (level\u202f4)<\/strong> garantit des transitions nettes pour les vid\u00e9os ou interfaces interactives, r\u00e9duisant l\u2019effet de flou et am\u00e9liorant le confort visuel .<\/p>\n<\/li>\n<li data-start=\"1710\" data-end=\"1888\">\n<p data-start=\"1712\" data-end=\"1888\"><strong data-start=\"1712\" data-end=\"1729\">AMD FreeSync\u2122<\/strong> (avec GPU Radeon) permet de minimiser les d\u00e9chirements d\u2019image, notamment dans les contenus dynamiques ou jeux l\u00e9gers .<\/p>\n<\/li>\n<\/ul>\n<p><img fetchpriority=\"high\" decoding=\"async\" class=\"wp-image-3653 aligncenter\" src=\"https:\/\/mersatradedz.com\/wp-content\/uploads\/2024\/07\/6499-300x300.jpg.webp\" alt=\"\" width=\"500\" height=\"500\" srcset=\"https:\/\/mersatradedz.com\/wp-content\/uploads\/2024\/07\/6499-300x300.jpg.webp 300w, https:\/\/mersatradedz.com\/wp-content\/uploads\/2024\/07\/6499-300x300.jpg-150x150.webp 150w, https:\/\/mersatradedz.com\/wp-content\/uploads\/2024\/07\/6499-300x300.jpg-12x12.webp 12w, https:\/\/mersatradedz.com\/wp-content\/uploads\/2024\/07\/6499-300x300.jpg-100x100.webp 100w, https:\/\/mersatradedz.com\/wp-content\/uploads\/2024\/07\/6499-300x300.jpg-64x64.webp 64w\" sizes=\"(max-width: 500px) 100vw, 500px\" \/><\/p>\n<h2 data-start=\"1890\" data-end=\"1925\">Confort oculaire &amp; ergonomie<\/h2>\n<ul data-start=\"1926\" data-end=\"2416\">\n<li data-start=\"1926\" data-end=\"2209\">\n<p data-start=\"1928\" data-end=\"2209\">Traitement anti\u2011reflet de l\u2019\u00e9cran (anti\u2011glare) associ\u00e9 \u00e0 la <strong data-start=\"1988\" data-end=\"2031\">certification T\u00dcV Rheinland Eye Comfort<\/strong> garantit une r\u00e9duction de la lumi\u00e8re bleue tout en pr\u00e9servant la fid\u00e9lit\u00e9 des couleurs, limitant la fatigue visuelle sur le long terme .<\/p>\n<\/li>\n<li data-start=\"2210\" data-end=\"2416\">\n<p data-start=\"2212\" data-end=\"2416\">Le pied inclinable (<strong>\u22125\u00b0 \u00e0 +22\u00b0<\/strong>) assure un angle de vision optimis\u00e9. Le support VESA <strong>100\u00d7100\u202fmm<\/strong> permet un montage mural ou sur bras pour un espace de travail d\u00e9gag\u00e9 .<\/p>\n<\/li>\n<\/ul>\n<p><img decoding=\"async\" class=\"wp-image-3652 aligncenter\" src=\"https:\/\/mersatradedz.com\/wp-content\/uploads\/2024\/07\/MO24_LENOVO_C24-40-08-300x300.avif\" alt=\"\" width=\"500\" height=\"500\" srcset=\"https:\/\/mersatradedz.com\/wp-content\/uploads\/2024\/07\/MO24_LENOVO_C24-40-08-300x300.avif 300w, https:\/\/mersatradedz.com\/wp-content\/uploads\/2024\/07\/MO24_LENOVO_C24-40-08-150x150.avif 150w, https:\/\/mersatradedz.com\/wp-content\/uploads\/2024\/07\/MO24_LENOVO_C24-40-08-12x12.avif 12w, https:\/\/mersatradedz.com\/wp-content\/uploads\/2024\/07\/MO24_LENOVO_C24-40-08-100x100.avif 100w, https:\/\/mersatradedz.com\/wp-content\/uploads\/2024\/07\/MO24_LENOVO_C24-40-08-64x64.avif 64w, https:\/\/mersatradedz.com\/wp-content\/uploads\/2024\/07\/MO24_LENOVO_C24-40-08.avif 600w\" sizes=\"(max-width: 500px) 100vw, 500px\" \/><\/p>\n<h2 data-start=\"2418\" data-end=\"2451\">Connectivit\u00e9 &amp; polyvalence<\/h2>\n<ul data-start=\"2452\" data-end=\"2862\">\n<li data-start=\"2452\" data-end=\"2688\">\n<p data-start=\"2454\" data-end=\"2688\">Ports <strong data-start=\"2460\" data-end=\"2472\">HDMI\u202f1.4<\/strong> et <strong data-start=\"2476\" data-end=\"2483\">VGA<\/strong> assurent une compatibilit\u00e9 avec PC, anciens syst\u00e8mes et bo\u00eetiers Lenovo Tiny. Un port <strong data-start=\"2570\" data-end=\"2590\">audio out 3,5\u202fmm<\/strong> permet d\u2019y connecter des casques ou enceintes externes .<\/p>\n<\/li>\n<li data-start=\"2689\" data-end=\"2862\">\n<p data-start=\"2691\" data-end=\"2862\">Gestion des c\u00e2bles directement int\u00e9gr\u00e9e au pied pour un poste clair et organis\u00e9, pratique en bureaux ou enseignes professionnelles<\/p>\n<\/li>\n<\/ul>\n<p><img decoding=\"async\" class=\"wp-image-3651 aligncenter\" src=\"https:\/\/mersatradedz.com\/wp-content\/uploads\/2024\/07\/Capture-decran-2025-07-30-150358-300x198.png\" alt=\"\" width=\"500\" height=\"330\" srcset=\"https:\/\/mersatradedz.com\/wp-content\/uploads\/2024\/07\/Capture-decran-2025-07-30-150358-300x198.png 300w, https:\/\/mersatradedz.com\/wp-content\/uploads\/2024\/07\/Capture-decran-2025-07-30-150358-1024x676.png 1024w, https:\/\/mersatradedz.com\/wp-content\/uploads\/2024\/07\/Capture-decran-2025-07-30-150358-768x507.png 768w, https:\/\/mersatradedz.com\/wp-content\/uploads\/2024\/07\/Capture-decran-2025-07-30-150358-18x12.png 18w, https:\/\/mersatradedz.com\/wp-content\/uploads\/2024\/07\/Capture-decran-2025-07-30-150358-600x396.png 600w, https:\/\/mersatradedz.com\/wp-content\/uploads\/2024\/07\/Capture-decran-2025-07-30-150358-64x42.png 64w, https:\/\/mersatradedz.com\/wp-content\/uploads\/2024\/07\/Capture-decran-2025-07-30-150358.png 1208w\" sizes=\"(max-width: 500px) 100vw, 500px\" \/><\/p>\n<h2 data-start=\"2864\" data-end=\"2900\">Consommation &amp; certifications<\/h2>\n<ul data-start=\"2901\" data-end=\"3444\">\n<li data-start=\"2901\" data-end=\"3066\">\n<p data-start=\"2903\" data-end=\"3066\">Faible consommation \u00e9nerg\u00e9tique : <strong data-start=\"2937\" data-end=\"2972\">~16\u202fW typique, jusqu\u2019\u00e0 23\u202fW max<\/strong>, mode veille <strong data-start=\"2986\" data-end=\"2997\">&lt;\u202f0,5\u202fW<\/strong>, hors tension <strong data-start=\"3012\" data-end=\"3023\">&lt;\u202f0,3\u202fW<\/strong> .<\/p>\n<\/li>\n<li data-start=\"3067\" data-end=\"3281\">\n<p data-start=\"3069\" data-end=\"3281\">Des certifications telles que <strong data-start=\"3099\" data-end=\"3107\">RoHS<\/strong>, <strong data-start=\"3109\" data-end=\"3116\">CCC<\/strong>, <strong data-start=\"3118\" data-end=\"3137\">T\u00dcV Eye Comfort<\/strong> et conformit\u00e9 aux normes d\u2019efficacit\u00e9 \u00e9nerg\u00e9tique (China Energy Tier 1) assurent qualit\u00e9 et s\u00e9curit\u00e9 .<\/p>\n<\/li>\n<li data-start=\"3282\" data-end=\"3444\">\n<p data-start=\"3284\" data-end=\"3444\">Garantie fabricant <strong data-start=\"3303\" data-end=\"3312\">3 ans<\/strong> en service carry-in ou r\u00e9paration locale, gage de fiabilit\u00e9 et de disponibilit\u00e9 des pi\u00e8ces .<\/p>\n<\/li>\n<\/ul>","protected":false},"excerpt":{"rendered":"<p style=\"text-align: left;\" data-start=\"141\" data-end=\"218\"><span class=\"relative -mx-px my-[-0.2rem] rounded px-px py-[0.2rem] transition-colors duration-100 ease-in-out\">\ud83c\udfa8\u00c9cran <strong data-start=\"6\" data-end=\"37\">23,8\u2033 Full HD (1920\u202f\u00d7\u202f1080)<\/strong> sur dalle VA, offrant un contraste \u00e9lev\u00e9 (3000\u202f:1) pour des noirs profonds et des couleurs nettes\u00a0<\/span><\/p>\n","protected":false},"featured_media":3650,"comment_status":"open","ping_status":"closed","template":"","meta":{"_monsterinsights_skip_tracking":false,"_monsterinsights_sitenote_active":false,"_monsterinsights_sitenote_note":"","_monsterinsights_sitenote_category":0},"product_brand":[804],"product_cat":[724],"product_tag":[],"class_list":{"0":"post-2265","1":"product","2":"type-product","3":"status-publish","4":"has-post-thumbnail","6":"product_brand-lenovo","7":"product_cat-ecran-data-show","9":"first","10":"instock","11":"sale","12":"purchasable","13":"product-type-simple"},"yoast_head":"<!-- This site is optimized with the Yoast SEO plugin v27.4 - https:\/\/yoast.com\/product\/yoast-seo-wordpress\/ -->\n<title>moniteur LENOVO C24-40 - mersatradedz<\/title>\n<meta name=\"robots\" content=\"index, follow, max-snippet:-1, max-image-preview:large, max-video-preview:-1\" \/>\n<link rel=\"canonical\" href=\"https:\/\/mersatradedz.com\/ar\/product\/moniteur-lenovo-c24-40\/\" \/>\n<meta property=\"og:locale\" content=\"ar_AR\" \/>\n<meta property=\"og:type\" content=\"article\" \/>\n<meta property=\"og:title\" content=\"moniteur LENOVO C24-40 - mersatradedz\" \/>\n<meta property=\"og:description\" content=\"\ud83c\udfa8\u00c9cran 23,8\u2033 Full HD (1920\u202f\u00d7\u202f1080) sur dalle VA, offrant un contraste \u00e9lev\u00e9 (3000\u202f:1) pour des noirs profonds et des couleurs nettes\u00a0\" \/>\n<meta property=\"og:url\" content=\"https:\/\/mersatradedz.com\/ar\/product\/moniteur-lenovo-c24-40\/\" \/>\n<meta property=\"og:site_name\" content=\"mersatradedz\" \/>\n<meta property=\"article:publisher\" content=\"https:\/\/www.facebook.com\/ntbidz\" \/>\n<meta property=\"article:modified_time\" content=\"2025-07-30T14:14:36+00:00\" \/>\n<meta property=\"og:image\" content=\"https:\/\/mersatradedz.com\/wp-content\/uploads\/2024\/07\/Design-sans-titre-8.jpg\" \/>\n\t<meta property=\"og:image:width\" content=\"1080\" \/>\n\t<meta property=\"og:image:height\" content=\"1350\" \/>\n\t<meta property=\"og:image:type\" content=\"image\/jpeg\" \/>\n<meta name=\"twitter:card\" content=\"summary_large_image\" \/>\n<meta name=\"twitter:label1\" content=\"\u0648\u0642\u062a \u0627\u0644\u0642\u0631\u0627\u0621\u0629 \u0627\u0644\u0645\u064f\u0642\u062f\u0651\u0631\" \/>\n\t<meta name=\"twitter:data1\" content=\"\u062f\u0642\u064a\u0642\u062a\u0627\u0646\" \/>\n<script type=\"application\/ld+json\" class=\"yoast-schema-graph\">{\"@context\":\"https:\\\/\\\/schema.org\",\"@graph\":[{\"@type\":\"WebPage\",\"@id\":\"https:\\\/\\\/mersatradedz.com\\\/product\\\/moniteur-lenovo-c24-40\\\/\",\"url\":\"https:\\\/\\\/mersatradedz.com\\\/product\\\/moniteur-lenovo-c24-40\\\/\",\"name\":\"moniteur LENOVO C24-40 - mersatradedz\",\"isPartOf\":{\"@id\":\"https:\\\/\\\/mersatradedz.com\\\/#website\"},\"primaryImageOfPage\":{\"@id\":\"https:\\\/\\\/mersatradedz.com\\\/product\\\/moniteur-lenovo-c24-40\\\/#primaryimage\"},\"image\":{\"@id\":\"https:\\\/\\\/mersatradedz.com\\\/product\\\/moniteur-lenovo-c24-40\\\/#primaryimage\"},\"thumbnailUrl\":\"https:\\\/\\\/mersatradedz.com\\\/wp-content\\\/uploads\\\/2024\\\/07\\\/Design-sans-titre-8.jpg\",\"datePublished\":\"2024-07-27T15:18:23+00:00\",\"dateModified\":\"2025-07-30T14:14:36+00:00\",\"breadcrumb\":{\"@id\":\"https:\\\/\\\/mersatradedz.com\\\/product\\\/moniteur-lenovo-c24-40\\\/#breadcrumb\"},\"inLanguage\":\"ar\",\"potentialAction\":[{\"@type\":\"ReadAction\",\"target\":[\"https:\\\/\\\/mersatradedz.com\\\/product\\\/moniteur-lenovo-c24-40\\\/\"]}]},{\"@type\":\"ImageObject\",\"inLanguage\":\"ar\",\"@id\":\"https:\\\/\\\/mersatradedz.com\\\/product\\\/moniteur-lenovo-c24-40\\\/#primaryimage\",\"url\":\"https:\\\/\\\/mersatradedz.com\\\/wp-content\\\/uploads\\\/2024\\\/07\\\/Design-sans-titre-8.jpg\",\"contentUrl\":\"https:\\\/\\\/mersatradedz.com\\\/wp-content\\\/uploads\\\/2024\\\/07\\\/Design-sans-titre-8.jpg\",\"width\":1080,\"height\":1350},{\"@type\":\"BreadcrumbList\",\"@id\":\"https:\\\/\\\/mersatradedz.com\\\/product\\\/moniteur-lenovo-c24-40\\\/#breadcrumb\",\"itemListElement\":[{\"@type\":\"ListItem\",\"position\":1,\"name\":\"Home\",\"item\":\"https:\\\/\\\/mersatradedz.com\\\/ar\\\/\"},{\"@type\":\"ListItem\",\"position\":2,\"name\":\"Boutique\",\"item\":\"https:\\\/\\\/mersatradedz.com\\\/shop\\\/\"},{\"@type\":\"ListItem\",\"position\":3,\"name\":\"moniteur LENOVO C24-40\"}]},{\"@type\":\"WebSite\",\"@id\":\"https:\\\/\\\/mersatradedz.com\\\/#website\",\"url\":\"https:\\\/\\\/mersatradedz.com\\\/\",\"name\":\"mersatradedz\",\"description\":\"\",\"publisher\":{\"@id\":\"https:\\\/\\\/mersatradedz.com\\\/#organization\"},\"potentialAction\":[{\"@type\":\"SearchAction\",\"target\":{\"@type\":\"EntryPoint\",\"urlTemplate\":\"https:\\\/\\\/mersatradedz.com\\\/?s={search_term_string}\"},\"query-input\":{\"@type\":\"PropertyValueSpecification\",\"valueRequired\":true,\"valueName\":\"search_term_string\"}}],\"inLanguage\":\"ar\"},{\"@type\":\"Organization\",\"@id\":\"https:\\\/\\\/mersatradedz.com\\\/#organization\",\"name\":\"mersa trade\",\"url\":\"https:\\\/\\\/mersatradedz.com\\\/\",\"logo\":{\"@type\":\"ImageObject\",\"inLanguage\":\"ar\",\"@id\":\"https:\\\/\\\/mersatradedz.com\\\/#\\\/schema\\\/logo\\\/image\\\/\",\"url\":\"https:\\\/\\\/mersatradedz.com\\\/wp-content\\\/uploads\\\/2023\\\/07\\\/cropped-1684191296456.jpg\",\"contentUrl\":\"https:\\\/\\\/mersatradedz.com\\\/wp-content\\\/uploads\\\/2023\\\/07\\\/cropped-1684191296456.jpg\",\"width\":1451,\"height\":955,\"caption\":\"mersa trade\"},\"image\":{\"@id\":\"https:\\\/\\\/mersatradedz.com\\\/#\\\/schema\\\/logo\\\/image\\\/\"},\"sameAs\":[\"https:\\\/\\\/www.facebook.com\\\/ntbidz\"]}]}<\/script>\n<!-- \/ Yoast SEO plugin. -->","yoast_head_json":{"title":"moniteur LENOVO C24-40 - mersatradedz","robots":{"index":"index","follow":"follow","max-snippet":"max-snippet:-1","max-image-preview":"max-image-preview:large","max-video-preview":"max-video-preview:-1"},"canonical":"https:\/\/mersatradedz.com\/ar\/product\/moniteur-lenovo-c24-40\/","og_locale":"ar_AR","og_type":"article","og_title":"moniteur LENOVO C24-40 - mersatradedz","og_description":"\ud83c\udfa8\u00c9cran 23,8\u2033 Full HD (1920\u202f\u00d7\u202f1080) sur dalle VA, offrant un contraste \u00e9lev\u00e9 (3000\u202f:1) pour des noirs profonds et des couleurs nettes\u00a0","og_url":"https:\/\/mersatradedz.com\/ar\/product\/moniteur-lenovo-c24-40\/","og_site_name":"mersatradedz","article_publisher":"https:\/\/www.facebook.com\/ntbidz","article_modified_time":"2025-07-30T14:14:36+00:00","og_image":[{"width":1080,"height":1350,"url":"https:\/\/mersatradedz.com\/wp-content\/uploads\/2024\/07\/Design-sans-titre-8.jpg","type":"image\/jpeg"}],"twitter_card":"summary_large_image","twitter_misc":{"\u0648\u0642\u062a \u0627\u0644\u0642\u0631\u0627\u0621\u0629 \u0627\u0644\u0645\u064f\u0642\u062f\u0651\u0631":"\u062f\u0642\u064a\u0642\u062a\u0627\u0646"},"schema":{"@context":"https:\/\/schema.org","@graph":[{"@type":"WebPage","@id":"https:\/\/mersatradedz.com\/product\/moniteur-lenovo-c24-40\/","url":"https:\/\/mersatradedz.com\/product\/moniteur-lenovo-c24-40\/","name":"moniteur LENOVO C24-40 - mersatradedz","isPartOf":{"@id":"https:\/\/mersatradedz.com\/#website"},"primaryImageOfPage":{"@id":"https:\/\/mersatradedz.com\/product\/moniteur-lenovo-c24-40\/#primaryimage"},"image":{"@id":"https:\/\/mersatradedz.com\/product\/moniteur-lenovo-c24-40\/#primaryimage"},"thumbnailUrl":"https:\/\/mersatradedz.com\/wp-content\/uploads\/2024\/07\/Design-sans-titre-8.jpg","datePublished":"2024-07-27T15:18:23+00:00","dateModified":"2025-07-30T14:14:36+00:00","breadcrumb":{"@id":"https:\/\/mersatradedz.com\/product\/moniteur-lenovo-c24-40\/#breadcrumb"},"inLanguage":"ar","potentialAction":[{"@type":"ReadAction","target":["https:\/\/mersatradedz.com\/product\/moniteur-lenovo-c24-40\/"]}]},{"@type":"ImageObject","inLanguage":"ar","@id":"https:\/\/mersatradedz.com\/product\/moniteur-lenovo-c24-40\/#primaryimage","url":"https:\/\/mersatradedz.com\/wp-content\/uploads\/2024\/07\/Design-sans-titre-8.jpg","contentUrl":"https:\/\/mersatradedz.com\/wp-content\/uploads\/2024\/07\/Design-sans-titre-8.jpg","width":1080,"height":1350},{"@type":"BreadcrumbList","@id":"https:\/\/mersatradedz.com\/product\/moniteur-lenovo-c24-40\/#breadcrumb","itemListElement":[{"@type":"ListItem","position":1,"name":"Home","item":"https:\/\/mersatradedz.com\/ar\/"},{"@type":"ListItem","position":2,"name":"Boutique","item":"https:\/\/mersatradedz.com\/shop\/"},{"@type":"ListItem","position":3,"name":"moniteur LENOVO C24-40"}]},{"@type":"WebSite","@id":"https:\/\/mersatradedz.com\/#website","url":"https:\/\/mersatradedz.com\/","name":"mersatradedz","description":"","publisher":{"@id":"https:\/\/mersatradedz.com\/#organization"},"potentialAction":[{"@type":"SearchAction","target":{"@type":"EntryPoint","urlTemplate":"https:\/\/mersatradedz.com\/?s={search_term_string}"},"query-input":{"@type":"PropertyValueSpecification","valueRequired":true,"valueName":"search_term_string"}}],"inLanguage":"ar"},{"@type":"Organization","@id":"https:\/\/mersatradedz.com\/#organization","name":"mersa trade","url":"https:\/\/mersatradedz.com\/","logo":{"@type":"ImageObject","inLanguage":"ar","@id":"https:\/\/mersatradedz.com\/#\/schema\/logo\/image\/","url":"https:\/\/mersatradedz.com\/wp-content\/uploads\/2023\/07\/cropped-1684191296456.jpg","contentUrl":"https:\/\/mersatradedz.com\/wp-content\/uploads\/2023\/07\/cropped-1684191296456.jpg","width":1451,"height":955,"caption":"mersa trade"},"image":{"@id":"https:\/\/mersatradedz.com\/#\/schema\/logo\/image\/"},"sameAs":["https:\/\/www.facebook.com\/ntbidz"]}]}},"jetpack_sharing_enabled":true,"_links":{"self":[{"href":"https:\/\/mersatradedz.com\/ar\/wp-json\/wp\/v2\/product\/2265","targetHints":{"allow":["GET"]}}],"collection":[{"href":"https:\/\/mersatradedz.com\/ar\/wp-json\/wp\/v2\/product"}],"about":[{"href":"https:\/\/mersatradedz.com\/ar\/wp-json\/wp\/v2\/types\/product"}],"replies":[{"embeddable":true,"href":"https:\/\/mersatradedz.com\/ar\/wp-json\/wp\/v2\/comments?post=2265"}],"wp:featuredmedia":[{"embeddable":true,"href":"https:\/\/mersatradedz.com\/ar\/wp-json\/wp\/v2\/media\/3650"}],"wp:attachment":[{"href":"https:\/\/mersatradedz.com\/ar\/wp-json\/wp\/v2\/media?parent=2265"}],"wp:term":[{"taxonomy":"product_brand","embeddable":true,"href":"https:\/\/mersatradedz.com\/ar\/wp-json\/wp\/v2\/product_brand?post=2265"},{"taxonomy":"product_cat","embeddable":true,"href":"https:\/\/mersatradedz.com\/ar\/wp-json\/wp\/v2\/product_cat?post=2265"},{"taxonomy":"product_tag","embeddable":true,"href":"https:\/\/mersatradedz.com\/ar\/wp-json\/wp\/v2\/product_tag?post=2265"}],"curies":[{"name":"wp","href":"https:\/\/api.w.org\/{rel}","templated":true}]}}