{"id":2296,"date":"2024-07-31T08:41:47","date_gmt":"2024-07-31T07:41:47","guid":{"rendered":"https:\/\/mersatradedz.com\/product\/imprimante-laser-kyocera-pa2000-monochrome\/"},"modified":"2025-08-09T09:12:51","modified_gmt":"2025-08-09T08:12:51","slug":"imprimante-laser-kyocera-pa2000-monochrome","status":"publish","type":"product","link":"https:\/\/mersatradedz.com\/ar\/product\/imprimante-laser-kyocera-pa2000-monochrome\/","title":{"rendered":"Imprimante Laser KYOCERA PA2000 Monochrome"},"content":{"rendered":"<p>Capacit\u00e9 : 150 pages &#8211; Processeur : 450 MHz &#8211; Qualit\u00e9 d&rsquo;impression rapide : 1200 dpi &#8211; Vitesse d\u2019impression : 20 ppm d&rsquo;impression &#8211; Format : A4 &#8211; Temps de pr\u00e9chauffage : Environ 20sec ou moins &#8211; Recto verso standard &#8211; Consommation d&rsquo;\u00e9nergie : 330 W &#8211; Consommation en veille : 0,4 W | veille prolong\u00e9e : 2,1 W &#8211; Dimensions : 350 x 233 x 177 mm &#8211; Poids : 4,5 kg avec le toner de d\u00e9marrage &#8211; Points forts : Panneau de commande simple et intuitif | Mode EcoPrint pour une consommation d&rsquo;\u00e9nergie silencieuse et faible | Conception compacte et empreinte minimale sur l&rsquo;environnement<\/p>","protected":false},"excerpt":{"rendered":"<p>Capacit\u00e9 : 150 pages &#8211; Processeur : 450 MHz &#8211; Qualit\u00e9 d&rsquo;impression rapide : 1200 dpi &#8211; Vitesse d\u2019impression : 20 ppm d&rsquo;impression &#8211; Format : A4 &#8211; Temps de pr\u00e9chauffage : Environ 20sec ou moins &#8211; Recto verso standard &#8211; Consommation d&rsquo;\u00e9nergie : 330 W &#8211; Consommation en veille : 0,4 W | veille [&hellip;]<\/p>\n","protected":false},"featured_media":2294,"comment_status":"open","ping_status":"closed","template":"","meta":{"_monsterinsights_skip_tracking":false,"_monsterinsights_sitenote_active":false,"_monsterinsights_sitenote_note":"","_monsterinsights_sitenote_category":0},"product_brand":[],"product_cat":[308],"product_tag":[],"class_list":{"0":"post-2296","1":"product","2":"type-product","3":"status-publish","4":"has-post-thumbnail","6":"product_cat-impriment","7":"product_shipping_class-10kg","9":"first","10":"instock","11":"purchasable","12":"product-type-simple"},"yoast_head":"<!-- This site is optimized with the Yoast SEO plugin v27.4 - https:\/\/yoast.com\/product\/yoast-seo-wordpress\/ -->\n<title>Imprimante Laser KYOCERA PA2000 Monochrome - mersatradedz<\/title>\n<meta name=\"robots\" content=\"index, follow, max-snippet:-1, max-image-preview:large, max-video-preview:-1\" \/>\n<link rel=\"canonical\" href=\"https:\/\/mersatradedz.com\/ar\/product\/imprimante-laser-kyocera-pa2000-monochrome\/\" \/>\n<meta property=\"og:locale\" content=\"ar_AR\" \/>\n<meta property=\"og:type\" content=\"article\" \/>\n<meta property=\"og:title\" content=\"Imprimante Laser KYOCERA PA2000 Monochrome - mersatradedz\" \/>\n<meta property=\"og:description\" content=\"Capacit\u00e9 : 150 pages &#8211; Processeur : 450 MHz &#8211; Qualit\u00e9 d&rsquo;impression rapide : 1200 dpi &#8211; Vitesse d\u2019impression : 20 ppm d&rsquo;impression &#8211; Format : A4 &#8211; Temps de pr\u00e9chauffage : Environ 20sec ou moins &#8211; Recto verso standard &#8211; Consommation d&rsquo;\u00e9nergie : 330 W &#8211; Consommation en veille : 0,4 W | veille [&hellip;]\" \/>\n<meta property=\"og:url\" content=\"https:\/\/mersatradedz.com\/ar\/product\/imprimante-laser-kyocera-pa2000-monochrome\/\" \/>\n<meta property=\"og:site_name\" content=\"mersatradedz\" \/>\n<meta property=\"article:publisher\" content=\"https:\/\/www.facebook.com\/ntbidz\" \/>\n<meta property=\"article:modified_time\" content=\"2025-08-09T08:12:51+00:00\" \/>\n<meta property=\"og:image\" content=\"https:\/\/mersatradedz.com\/wp-content\/uploads\/2024\/07\/6293.jpg\" \/>\n\t<meta property=\"og:image:width\" content=\"460\" \/>\n\t<meta property=\"og:image:height\" content=\"460\" \/>\n\t<meta property=\"og:image:type\" content=\"image\/jpeg\" \/>\n<meta name=\"twitter:card\" content=\"summary_large_image\" \/>\n<script type=\"application\/ld+json\" class=\"yoast-schema-graph\">{\"@context\":\"https:\\\/\\\/schema.org\",\"@graph\":[{\"@type\":\"WebPage\",\"@id\":\"https:\\\/\\\/mersatradedz.com\\\/product\\\/imprimante-laser-kyocera-pa2000-monochrome\\\/\",\"url\":\"https:\\\/\\\/mersatradedz.com\\\/product\\\/imprimante-laser-kyocera-pa2000-monochrome\\\/\",\"name\":\"Imprimante Laser KYOCERA PA2000 Monochrome - mersatradedz\",\"isPartOf\":{\"@id\":\"https:\\\/\\\/mersatradedz.com\\\/#website\"},\"primaryImageOfPage\":{\"@id\":\"https:\\\/\\\/mersatradedz.com\\\/product\\\/imprimante-laser-kyocera-pa2000-monochrome\\\/#primaryimage\"},\"image\":{\"@id\":\"https:\\\/\\\/mersatradedz.com\\\/product\\\/imprimante-laser-kyocera-pa2000-monochrome\\\/#primaryimage\"},\"thumbnailUrl\":\"https:\\\/\\\/mersatradedz.com\\\/wp-content\\\/uploads\\\/2024\\\/07\\\/6293.jpg\",\"datePublished\":\"2024-07-31T07:41:47+00:00\",\"dateModified\":\"2025-08-09T08:12:51+00:00\",\"breadcrumb\":{\"@id\":\"https:\\\/\\\/mersatradedz.com\\\/product\\\/imprimante-laser-kyocera-pa2000-monochrome\\\/#breadcrumb\"},\"inLanguage\":\"ar\",\"potentialAction\":[{\"@type\":\"ReadAction\",\"target\":[\"https:\\\/\\\/mersatradedz.com\\\/product\\\/imprimante-laser-kyocera-pa2000-monochrome\\\/\"]}]},{\"@type\":\"ImageObject\",\"inLanguage\":\"ar\",\"@id\":\"https:\\\/\\\/mersatradedz.com\\\/product\\\/imprimante-laser-kyocera-pa2000-monochrome\\\/#primaryimage\",\"url\":\"https:\\\/\\\/mersatradedz.com\\\/wp-content\\\/uploads\\\/2024\\\/07\\\/6293.jpg\",\"contentUrl\":\"https:\\\/\\\/mersatradedz.com\\\/wp-content\\\/uploads\\\/2024\\\/07\\\/6293.jpg\",\"width\":460,\"height\":460},{\"@type\":\"BreadcrumbList\",\"@id\":\"https:\\\/\\\/mersatradedz.com\\\/product\\\/imprimante-laser-kyocera-pa2000-monochrome\\\/#breadcrumb\",\"itemListElement\":[{\"@type\":\"ListItem\",\"position\":1,\"name\":\"Home\",\"item\":\"https:\\\/\\\/mersatradedz.com\\\/ar\\\/\"},{\"@type\":\"ListItem\",\"position\":2,\"name\":\"Boutique\",\"item\":\"https:\\\/\\\/mersatradedz.com\\\/shop\\\/\"},{\"@type\":\"ListItem\",\"position\":3,\"name\":\"Imprimante Laser KYOCERA PA2000 Monochrome\"}]},{\"@type\":\"WebSite\",\"@id\":\"https:\\\/\\\/mersatradedz.com\\\/#website\",\"url\":\"https:\\\/\\\/mersatradedz.com\\\/\",\"name\":\"mersatradedz\",\"description\":\"\",\"publisher\":{\"@id\":\"https:\\\/\\\/mersatradedz.com\\\/#organization\"},\"potentialAction\":[{\"@type\":\"SearchAction\",\"target\":{\"@type\":\"EntryPoint\",\"urlTemplate\":\"https:\\\/\\\/mersatradedz.com\\\/?s={search_term_string}\"},\"query-input\":{\"@type\":\"PropertyValueSpecification\",\"valueRequired\":true,\"valueName\":\"search_term_string\"}}],\"inLanguage\":\"ar\"},{\"@type\":\"Organization\",\"@id\":\"https:\\\/\\\/mersatradedz.com\\\/#organization\",\"name\":\"mersa trade\",\"url\":\"https:\\\/\\\/mersatradedz.com\\\/\",\"logo\":{\"@type\":\"ImageObject\",\"inLanguage\":\"ar\",\"@id\":\"https:\\\/\\\/mersatradedz.com\\\/#\\\/schema\\\/logo\\\/image\\\/\",\"url\":\"https:\\\/\\\/mersatradedz.com\\\/wp-content\\\/uploads\\\/2023\\\/07\\\/cropped-1684191296456.jpg\",\"contentUrl\":\"https:\\\/\\\/mersatradedz.com\\\/wp-content\\\/uploads\\\/2023\\\/07\\\/cropped-1684191296456.jpg\",\"width\":1451,\"height\":955,\"caption\":\"mersa trade\"},\"image\":{\"@id\":\"https:\\\/\\\/mersatradedz.com\\\/#\\\/schema\\\/logo\\\/image\\\/\"},\"sameAs\":[\"https:\\\/\\\/www.facebook.com\\\/ntbidz\"]}]}<\/script>\n<!-- \/ Yoast SEO plugin. -->","yoast_head_json":{"title":"Imprimante Laser KYOCERA PA2000 Monochrome - mersatradedz","robots":{"index":"index","follow":"follow","max-snippet":"max-snippet:-1","max-image-preview":"max-image-preview:large","max-video-preview":"max-video-preview:-1"},"canonical":"https:\/\/mersatradedz.com\/ar\/product\/imprimante-laser-kyocera-pa2000-monochrome\/","og_locale":"ar_AR","og_type":"article","og_title":"Imprimante Laser KYOCERA PA2000 Monochrome - mersatradedz","og_description":"Capacit\u00e9 : 150 pages &#8211; Processeur : 450 MHz &#8211; Qualit\u00e9 d&rsquo;impression rapide : 1200 dpi &#8211; Vitesse d\u2019impression : 20 ppm d&rsquo;impression &#8211; Format : A4 &#8211; Temps de pr\u00e9chauffage : Environ 20sec ou moins &#8211; Recto verso standard &#8211; Consommation d&rsquo;\u00e9nergie : 330 W &#8211; Consommation en veille : 0,4 W | veille [&hellip;]","og_url":"https:\/\/mersatradedz.com\/ar\/product\/imprimante-laser-kyocera-pa2000-monochrome\/","og_site_name":"mersatradedz","article_publisher":"https:\/\/www.facebook.com\/ntbidz","article_modified_time":"2025-08-09T08:12:51+00:00","og_image":[{"width":460,"height":460,"url":"https:\/\/mersatradedz.com\/wp-content\/uploads\/2024\/07\/6293.jpg","type":"image\/jpeg"}],"twitter_card":"summary_large_image","schema":{"@context":"https:\/\/schema.org","@graph":[{"@type":"WebPage","@id":"https:\/\/mersatradedz.com\/product\/imprimante-laser-kyocera-pa2000-monochrome\/","url":"https:\/\/mersatradedz.com\/product\/imprimante-laser-kyocera-pa2000-monochrome\/","name":"Imprimante Laser KYOCERA PA2000 Monochrome - mersatradedz","isPartOf":{"@id":"https:\/\/mersatradedz.com\/#website"},"primaryImageOfPage":{"@id":"https:\/\/mersatradedz.com\/product\/imprimante-laser-kyocera-pa2000-monochrome\/#primaryimage"},"image":{"@id":"https:\/\/mersatradedz.com\/product\/imprimante-laser-kyocera-pa2000-monochrome\/#primaryimage"},"thumbnailUrl":"https:\/\/mersatradedz.com\/wp-content\/uploads\/2024\/07\/6293.jpg","datePublished":"2024-07-31T07:41:47+00:00","dateModified":"2025-08-09T08:12:51+00:00","breadcrumb":{"@id":"https:\/\/mersatradedz.com\/product\/imprimante-laser-kyocera-pa2000-monochrome\/#breadcrumb"},"inLanguage":"ar","potentialAction":[{"@type":"ReadAction","target":["https:\/\/mersatradedz.com\/product\/imprimante-laser-kyocera-pa2000-monochrome\/"]}]},{"@type":"ImageObject","inLanguage":"ar","@id":"https:\/\/mersatradedz.com\/product\/imprimante-laser-kyocera-pa2000-monochrome\/#primaryimage","url":"https:\/\/mersatradedz.com\/wp-content\/uploads\/2024\/07\/6293.jpg","contentUrl":"https:\/\/mersatradedz.com\/wp-content\/uploads\/2024\/07\/6293.jpg","width":460,"height":460},{"@type":"BreadcrumbList","@id":"https:\/\/mersatradedz.com\/product\/imprimante-laser-kyocera-pa2000-monochrome\/#breadcrumb","itemListElement":[{"@type":"ListItem","position":1,"name":"Home","item":"https:\/\/mersatradedz.com\/ar\/"},{"@type":"ListItem","position":2,"name":"Boutique","item":"https:\/\/mersatradedz.com\/shop\/"},{"@type":"ListItem","position":3,"name":"Imprimante Laser KYOCERA PA2000 Monochrome"}]},{"@type":"WebSite","@id":"https:\/\/mersatradedz.com\/#website","url":"https:\/\/mersatradedz.com\/","name":"mersatradedz","description":"","publisher":{"@id":"https:\/\/mersatradedz.com\/#organization"},"potentialAction":[{"@type":"SearchAction","target":{"@type":"EntryPoint","urlTemplate":"https:\/\/mersatradedz.com\/?s={search_term_string}"},"query-input":{"@type":"PropertyValueSpecification","valueRequired":true,"valueName":"search_term_string"}}],"inLanguage":"ar"},{"@type":"Organization","@id":"https:\/\/mersatradedz.com\/#organization","name":"mersa trade","url":"https:\/\/mersatradedz.com\/","logo":{"@type":"ImageObject","inLanguage":"ar","@id":"https:\/\/mersatradedz.com\/#\/schema\/logo\/image\/","url":"https:\/\/mersatradedz.com\/wp-content\/uploads\/2023\/07\/cropped-1684191296456.jpg","contentUrl":"https:\/\/mersatradedz.com\/wp-content\/uploads\/2023\/07\/cropped-1684191296456.jpg","width":1451,"height":955,"caption":"mersa trade"},"image":{"@id":"https:\/\/mersatradedz.com\/#\/schema\/logo\/image\/"},"sameAs":["https:\/\/www.facebook.com\/ntbidz"]}]}},"jetpack_sharing_enabled":true,"_links":{"self":[{"href":"https:\/\/mersatradedz.com\/ar\/wp-json\/wp\/v2\/product\/2296","targetHints":{"allow":["GET"]}}],"collection":[{"href":"https:\/\/mersatradedz.com\/ar\/wp-json\/wp\/v2\/product"}],"about":[{"href":"https:\/\/mersatradedz.com\/ar\/wp-json\/wp\/v2\/types\/product"}],"replies":[{"embeddable":true,"href":"https:\/\/mersatradedz.com\/ar\/wp-json\/wp\/v2\/comments?post=2296"}],"wp:featuredmedia":[{"embeddable":true,"href":"https:\/\/mersatradedz.com\/ar\/wp-json\/wp\/v2\/media\/2294"}],"wp:attachment":[{"href":"https:\/\/mersatradedz.com\/ar\/wp-json\/wp\/v2\/media?parent=2296"}],"wp:term":[{"taxonomy":"product_brand","embeddable":true,"href":"https:\/\/mersatradedz.com\/ar\/wp-json\/wp\/v2\/product_brand?post=2296"},{"taxonomy":"product_cat","embeddable":true,"href":"https:\/\/mersatradedz.com\/ar\/wp-json\/wp\/v2\/product_cat?post=2296"},{"taxonomy":"product_tag","embeddable":true,"href":"https:\/\/mersatradedz.com\/ar\/wp-json\/wp\/v2\/product_tag?post=2296"}],"curies":[{"name":"wp","href":"https:\/\/api.w.org\/{rel}","templated":true}]}}