{"id":2312,"date":"2024-07-31T10:34:31","date_gmt":"2024-07-31T09:34:31","guid":{"rendered":"https:\/\/mersatradedz.com\/product\/hp-souris-v3000-sans-fil\/"},"modified":"2024-07-31T10:34:31","modified_gmt":"2024-07-31T09:34:31","slug":"hp-souris-v3000-sans-fil","status":"publish","type":"product","link":"https:\/\/mersatradedz.com\/ar\/product\/hp-souris-v3000-sans-fil\/","title":{"rendered":"Hp Souris V3000 Sans Fil"},"content":{"rendered":"<p>Description<br \/>\nLa conception en arc naturel s&rsquo;accorde avec la forme des paumes, d\u00e9tend consid\u00e9rablement vos poignets et vous fait sentir naturel et confortable. Mod\u00e8le de localisation optique avanc\u00e9, se d\u00e9pla\u00e7ant librement sur n&rsquo;importe quelle surface (sauf le verre). Haute r\u00e9solution jusqu&rsquo;\u00e0 600 &#8211; 1600 DPI. compatible avec Windows et MAC OS.<\/p>","protected":false},"excerpt":{"rendered":"<p>Description La conception en arc naturel s&rsquo;accorde avec la forme des paumes, d\u00e9tend consid\u00e9rablement vos poignets et vous fait sentir naturel et confortable. Mod\u00e8le de localisation optique avanc\u00e9, se d\u00e9pla\u00e7ant librement sur n&rsquo;importe quelle surface (sauf le verre). Haute r\u00e9solution jusqu&rsquo;\u00e0 600 &#8211; 1600 DPI. compatible avec Windows et MAC OS.<\/p>","protected":false},"featured_media":2310,"comment_status":"open","ping_status":"closed","template":"","meta":{"_monsterinsights_skip_tracking":false,"_monsterinsights_sitenote_active":false,"_monsterinsights_sitenote_note":"","_monsterinsights_sitenote_category":0},"product_brand":[],"product_cat":[24],"product_tag":[],"class_list":{"0":"post-2312","1":"product","2":"type-product","3":"status-publish","4":"has-post-thumbnail","6":"product_cat-accessoire","8":"first","9":"instock","10":"shipping-taxable","11":"purchasable","12":"product-type-simple"},"yoast_head":"<!-- This site is optimized with the Yoast SEO plugin v27.4 - https:\/\/yoast.com\/product\/yoast-seo-wordpress\/ -->\n<title>Hp Souris V3000 Sans Fil - mersatradedz<\/title>\n<meta name=\"robots\" content=\"index, follow, max-snippet:-1, max-image-preview:large, max-video-preview:-1\" \/>\n<link rel=\"canonical\" href=\"https:\/\/mersatradedz.com\/ar\/product\/hp-souris-v3000-sans-fil\/\" \/>\n<meta property=\"og:locale\" content=\"ar_AR\" \/>\n<meta property=\"og:type\" content=\"article\" \/>\n<meta property=\"og:title\" content=\"Hp Souris V3000 Sans Fil - mersatradedz\" \/>\n<meta property=\"og:description\" content=\"Description La conception en arc naturel s&rsquo;accorde avec la forme des paumes, d\u00e9tend consid\u00e9rablement vos poignets et vous fait sentir naturel et confortable. Mod\u00e8le de localisation optique avanc\u00e9, se d\u00e9pla\u00e7ant librement sur n&rsquo;importe quelle surface (sauf le verre). Haute r\u00e9solution jusqu&rsquo;\u00e0 600 &#8211; 1600 DPI. compatible avec Windows et MAC OS.\" \/>\n<meta property=\"og:url\" content=\"https:\/\/mersatradedz.com\/ar\/product\/hp-souris-v3000-sans-fil\/\" \/>\n<meta property=\"og:site_name\" content=\"mersatradedz\" \/>\n<meta property=\"article:publisher\" content=\"https:\/\/www.facebook.com\/ntbidz\" \/>\n<meta property=\"og:image\" content=\"https:\/\/mersatradedz.com\/wp-content\/uploads\/2024\/07\/6303.jpg\" \/>\n\t<meta property=\"og:image:width\" content=\"479\" \/>\n\t<meta property=\"og:image:height\" content=\"640\" \/>\n\t<meta property=\"og:image:type\" content=\"image\/jpeg\" \/>\n<meta name=\"twitter:card\" content=\"summary_large_image\" \/>\n<script type=\"application\/ld+json\" class=\"yoast-schema-graph\">{\"@context\":\"https:\\\/\\\/schema.org\",\"@graph\":[{\"@type\":\"WebPage\",\"@id\":\"https:\\\/\\\/mersatradedz.com\\\/product\\\/hp-souris-v3000-sans-fil\\\/\",\"url\":\"https:\\\/\\\/mersatradedz.com\\\/product\\\/hp-souris-v3000-sans-fil\\\/\",\"name\":\"Hp Souris V3000 Sans Fil - mersatradedz\",\"isPartOf\":{\"@id\":\"https:\\\/\\\/mersatradedz.com\\\/#website\"},\"primaryImageOfPage\":{\"@id\":\"https:\\\/\\\/mersatradedz.com\\\/product\\\/hp-souris-v3000-sans-fil\\\/#primaryimage\"},\"image\":{\"@id\":\"https:\\\/\\\/mersatradedz.com\\\/product\\\/hp-souris-v3000-sans-fil\\\/#primaryimage\"},\"thumbnailUrl\":\"https:\\\/\\\/mersatradedz.com\\\/wp-content\\\/uploads\\\/2024\\\/07\\\/6303.jpg\",\"datePublished\":\"2024-07-31T09:34:31+00:00\",\"breadcrumb\":{\"@id\":\"https:\\\/\\\/mersatradedz.com\\\/product\\\/hp-souris-v3000-sans-fil\\\/#breadcrumb\"},\"inLanguage\":\"ar\",\"potentialAction\":[{\"@type\":\"ReadAction\",\"target\":[\"https:\\\/\\\/mersatradedz.com\\\/product\\\/hp-souris-v3000-sans-fil\\\/\"]}]},{\"@type\":\"ImageObject\",\"inLanguage\":\"ar\",\"@id\":\"https:\\\/\\\/mersatradedz.com\\\/product\\\/hp-souris-v3000-sans-fil\\\/#primaryimage\",\"url\":\"https:\\\/\\\/mersatradedz.com\\\/wp-content\\\/uploads\\\/2024\\\/07\\\/6303.jpg\",\"contentUrl\":\"https:\\\/\\\/mersatradedz.com\\\/wp-content\\\/uploads\\\/2024\\\/07\\\/6303.jpg\",\"width\":479,\"height\":640},{\"@type\":\"BreadcrumbList\",\"@id\":\"https:\\\/\\\/mersatradedz.com\\\/product\\\/hp-souris-v3000-sans-fil\\\/#breadcrumb\",\"itemListElement\":[{\"@type\":\"ListItem\",\"position\":1,\"name\":\"Home\",\"item\":\"https:\\\/\\\/mersatradedz.com\\\/ar\\\/\"},{\"@type\":\"ListItem\",\"position\":2,\"name\":\"Boutique\",\"item\":\"https:\\\/\\\/mersatradedz.com\\\/shop\\\/\"},{\"@type\":\"ListItem\",\"position\":3,\"name\":\"Hp Souris V3000 Sans Fil\"}]},{\"@type\":\"WebSite\",\"@id\":\"https:\\\/\\\/mersatradedz.com\\\/#website\",\"url\":\"https:\\\/\\\/mersatradedz.com\\\/\",\"name\":\"mersatradedz\",\"description\":\"\",\"publisher\":{\"@id\":\"https:\\\/\\\/mersatradedz.com\\\/#organization\"},\"potentialAction\":[{\"@type\":\"SearchAction\",\"target\":{\"@type\":\"EntryPoint\",\"urlTemplate\":\"https:\\\/\\\/mersatradedz.com\\\/?s={search_term_string}\"},\"query-input\":{\"@type\":\"PropertyValueSpecification\",\"valueRequired\":true,\"valueName\":\"search_term_string\"}}],\"inLanguage\":\"ar\"},{\"@type\":\"Organization\",\"@id\":\"https:\\\/\\\/mersatradedz.com\\\/#organization\",\"name\":\"mersa trade\",\"url\":\"https:\\\/\\\/mersatradedz.com\\\/\",\"logo\":{\"@type\":\"ImageObject\",\"inLanguage\":\"ar\",\"@id\":\"https:\\\/\\\/mersatradedz.com\\\/#\\\/schema\\\/logo\\\/image\\\/\",\"url\":\"https:\\\/\\\/mersatradedz.com\\\/wp-content\\\/uploads\\\/2023\\\/07\\\/cropped-1684191296456.jpg\",\"contentUrl\":\"https:\\\/\\\/mersatradedz.com\\\/wp-content\\\/uploads\\\/2023\\\/07\\\/cropped-1684191296456.jpg\",\"width\":1451,\"height\":955,\"caption\":\"mersa trade\"},\"image\":{\"@id\":\"https:\\\/\\\/mersatradedz.com\\\/#\\\/schema\\\/logo\\\/image\\\/\"},\"sameAs\":[\"https:\\\/\\\/www.facebook.com\\\/ntbidz\"]}]}<\/script>\n<!-- \/ Yoast SEO plugin. -->","yoast_head_json":{"title":"Hp Souris V3000 Sans Fil - mersatradedz","robots":{"index":"index","follow":"follow","max-snippet":"max-snippet:-1","max-image-preview":"max-image-preview:large","max-video-preview":"max-video-preview:-1"},"canonical":"https:\/\/mersatradedz.com\/ar\/product\/hp-souris-v3000-sans-fil\/","og_locale":"ar_AR","og_type":"article","og_title":"Hp Souris V3000 Sans Fil - mersatradedz","og_description":"Description La conception en arc naturel s&rsquo;accorde avec la forme des paumes, d\u00e9tend consid\u00e9rablement vos poignets et vous fait sentir naturel et confortable. Mod\u00e8le de localisation optique avanc\u00e9, se d\u00e9pla\u00e7ant librement sur n&rsquo;importe quelle surface (sauf le verre). Haute r\u00e9solution jusqu&rsquo;\u00e0 600 &#8211; 1600 DPI. compatible avec Windows et MAC OS.","og_url":"https:\/\/mersatradedz.com\/ar\/product\/hp-souris-v3000-sans-fil\/","og_site_name":"mersatradedz","article_publisher":"https:\/\/www.facebook.com\/ntbidz","og_image":[{"width":479,"height":640,"url":"https:\/\/mersatradedz.com\/wp-content\/uploads\/2024\/07\/6303.jpg","type":"image\/jpeg"}],"twitter_card":"summary_large_image","schema":{"@context":"https:\/\/schema.org","@graph":[{"@type":"WebPage","@id":"https:\/\/mersatradedz.com\/product\/hp-souris-v3000-sans-fil\/","url":"https:\/\/mersatradedz.com\/product\/hp-souris-v3000-sans-fil\/","name":"Hp Souris V3000 Sans Fil - mersatradedz","isPartOf":{"@id":"https:\/\/mersatradedz.com\/#website"},"primaryImageOfPage":{"@id":"https:\/\/mersatradedz.com\/product\/hp-souris-v3000-sans-fil\/#primaryimage"},"image":{"@id":"https:\/\/mersatradedz.com\/product\/hp-souris-v3000-sans-fil\/#primaryimage"},"thumbnailUrl":"https:\/\/mersatradedz.com\/wp-content\/uploads\/2024\/07\/6303.jpg","datePublished":"2024-07-31T09:34:31+00:00","breadcrumb":{"@id":"https:\/\/mersatradedz.com\/product\/hp-souris-v3000-sans-fil\/#breadcrumb"},"inLanguage":"ar","potentialAction":[{"@type":"ReadAction","target":["https:\/\/mersatradedz.com\/product\/hp-souris-v3000-sans-fil\/"]}]},{"@type":"ImageObject","inLanguage":"ar","@id":"https:\/\/mersatradedz.com\/product\/hp-souris-v3000-sans-fil\/#primaryimage","url":"https:\/\/mersatradedz.com\/wp-content\/uploads\/2024\/07\/6303.jpg","contentUrl":"https:\/\/mersatradedz.com\/wp-content\/uploads\/2024\/07\/6303.jpg","width":479,"height":640},{"@type":"BreadcrumbList","@id":"https:\/\/mersatradedz.com\/product\/hp-souris-v3000-sans-fil\/#breadcrumb","itemListElement":[{"@type":"ListItem","position":1,"name":"Home","item":"https:\/\/mersatradedz.com\/ar\/"},{"@type":"ListItem","position":2,"name":"Boutique","item":"https:\/\/mersatradedz.com\/shop\/"},{"@type":"ListItem","position":3,"name":"Hp Souris V3000 Sans Fil"}]},{"@type":"WebSite","@id":"https:\/\/mersatradedz.com\/#website","url":"https:\/\/mersatradedz.com\/","name":"mersatradedz","description":"","publisher":{"@id":"https:\/\/mersatradedz.com\/#organization"},"potentialAction":[{"@type":"SearchAction","target":{"@type":"EntryPoint","urlTemplate":"https:\/\/mersatradedz.com\/?s={search_term_string}"},"query-input":{"@type":"PropertyValueSpecification","valueRequired":true,"valueName":"search_term_string"}}],"inLanguage":"ar"},{"@type":"Organization","@id":"https:\/\/mersatradedz.com\/#organization","name":"mersa trade","url":"https:\/\/mersatradedz.com\/","logo":{"@type":"ImageObject","inLanguage":"ar","@id":"https:\/\/mersatradedz.com\/#\/schema\/logo\/image\/","url":"https:\/\/mersatradedz.com\/wp-content\/uploads\/2023\/07\/cropped-1684191296456.jpg","contentUrl":"https:\/\/mersatradedz.com\/wp-content\/uploads\/2023\/07\/cropped-1684191296456.jpg","width":1451,"height":955,"caption":"mersa trade"},"image":{"@id":"https:\/\/mersatradedz.com\/#\/schema\/logo\/image\/"},"sameAs":["https:\/\/www.facebook.com\/ntbidz"]}]}},"jetpack_sharing_enabled":true,"_links":{"self":[{"href":"https:\/\/mersatradedz.com\/ar\/wp-json\/wp\/v2\/product\/2312","targetHints":{"allow":["GET"]}}],"collection":[{"href":"https:\/\/mersatradedz.com\/ar\/wp-json\/wp\/v2\/product"}],"about":[{"href":"https:\/\/mersatradedz.com\/ar\/wp-json\/wp\/v2\/types\/product"}],"replies":[{"embeddable":true,"href":"https:\/\/mersatradedz.com\/ar\/wp-json\/wp\/v2\/comments?post=2312"}],"wp:featuredmedia":[{"embeddable":true,"href":"https:\/\/mersatradedz.com\/ar\/wp-json\/wp\/v2\/media\/2310"}],"wp:attachment":[{"href":"https:\/\/mersatradedz.com\/ar\/wp-json\/wp\/v2\/media?parent=2312"}],"wp:term":[{"taxonomy":"product_brand","embeddable":true,"href":"https:\/\/mersatradedz.com\/ar\/wp-json\/wp\/v2\/product_brand?post=2312"},{"taxonomy":"product_cat","embeddable":true,"href":"https:\/\/mersatradedz.com\/ar\/wp-json\/wp\/v2\/product_cat?post=2312"},{"taxonomy":"product_tag","embeddable":true,"href":"https:\/\/mersatradedz.com\/ar\/wp-json\/wp\/v2\/product_tag?post=2312"}],"curies":[{"name":"wp","href":"https:\/\/api.w.org\/{rel}","templated":true}]}}