{"id":2317,"date":"2024-07-31T10:42:20","date_gmt":"2024-07-31T09:42:20","guid":{"rendered":"https:\/\/mersatradedz.com\/product\/souris-sans-fil-rechargeable-bluetooth\/"},"modified":"2024-07-31T10:42:20","modified_gmt":"2024-07-31T09:42:20","slug":"souris-sans-fil-rechargeable-bluetooth","status":"publish","type":"product","link":"https:\/\/mersatradedz.com\/ar\/product\/souris-sans-fil-rechargeable-bluetooth\/","title":{"rendered":"Souris sans fil rechargeable Bluetooth"},"content":{"rendered":"<p>Type : Souris sans fil Bluetooth<br \/>\nMod\u00e8le : Bluetooth 4.0 et sans fil 2.4G<br \/>\nMat\u00e9riau : ABS<br \/>\nCouleur blanche<br \/>\nDur\u00e9e de vie de la cl\u00e9 : 5 millions de fois<br \/>\nDistance sans fil : 10 m<br \/>\nR\u00e9solution : 3 niveaux DPI r\u00e9glables (800 \/ 1200 \/ 1600 DPI)<br \/>\nDistance sans fil : 10 m\u00e8tres<br \/>\nBatterie d&rsquo;alimentation : batterie au lithium rechargeable<br \/>\nMolette de d\u00e9filement : tactile<br \/>\nTaille : 4,46*2,28*0,95 pouces (113*58*24 mm)<\/p>","protected":false},"excerpt":{"rendered":"<p>Type : Souris sans fil Bluetooth Mod\u00e8le : Bluetooth 4.0 et sans fil 2.4G Mat\u00e9riau : ABS Couleur blanche Dur\u00e9e de vie de la cl\u00e9 : 5 millions de fois Distance sans fil : 10 m R\u00e9solution : 3 niveaux DPI r\u00e9glables (800 \/ 1200 \/ 1600 DPI) Distance sans fil : 10 m\u00e8tres Batterie [&hellip;]<\/p>\n","protected":false},"featured_media":2314,"comment_status":"open","ping_status":"closed","template":"","meta":{"_monsterinsights_skip_tracking":false,"_monsterinsights_sitenote_active":false,"_monsterinsights_sitenote_note":"","_monsterinsights_sitenote_category":0},"product_brand":[],"product_cat":[24],"product_tag":[],"class_list":{"0":"post-2317","1":"product","2":"type-product","3":"status-publish","4":"has-post-thumbnail","6":"product_cat-accessoire","8":"first","9":"instock","10":"shipping-taxable","11":"purchasable","12":"product-type-simple"},"yoast_head":"<!-- This site is optimized with the Yoast SEO plugin v27.4 - https:\/\/yoast.com\/product\/yoast-seo-wordpress\/ -->\n<title>Souris sans fil rechargeable Bluetooth - mersatradedz<\/title>\n<meta name=\"robots\" content=\"index, follow, max-snippet:-1, max-image-preview:large, max-video-preview:-1\" \/>\n<link rel=\"canonical\" href=\"https:\/\/mersatradedz.com\/ar\/product\/souris-sans-fil-rechargeable-bluetooth\/\" \/>\n<meta property=\"og:locale\" content=\"ar_AR\" \/>\n<meta property=\"og:type\" content=\"article\" \/>\n<meta property=\"og:title\" content=\"Souris sans fil rechargeable Bluetooth - mersatradedz\" \/>\n<meta property=\"og:description\" content=\"Type : Souris sans fil Bluetooth Mod\u00e8le : Bluetooth 4.0 et sans fil 2.4G Mat\u00e9riau : ABS Couleur blanche Dur\u00e9e de vie de la cl\u00e9 : 5 millions de fois Distance sans fil : 10 m R\u00e9solution : 3 niveaux DPI r\u00e9glables (800 \/ 1200 \/ 1600 DPI) Distance sans fil : 10 m\u00e8tres Batterie [&hellip;]\" \/>\n<meta property=\"og:url\" content=\"https:\/\/mersatradedz.com\/ar\/product\/souris-sans-fil-rechargeable-bluetooth\/\" \/>\n<meta property=\"og:site_name\" content=\"mersatradedz\" \/>\n<meta property=\"article:publisher\" content=\"https:\/\/www.facebook.com\/ntbidz\" \/>\n<meta property=\"og:image\" content=\"https:\/\/mersatradedz.com\/wp-content\/uploads\/2024\/07\/6305.jpg\" \/>\n\t<meta property=\"og:image:width\" content=\"768\" \/>\n\t<meta property=\"og:image:height\" content=\"768\" \/>\n\t<meta property=\"og:image:type\" content=\"image\/jpeg\" \/>\n<meta name=\"twitter:card\" content=\"summary_large_image\" \/>\n<script type=\"application\/ld+json\" class=\"yoast-schema-graph\">{\"@context\":\"https:\\\/\\\/schema.org\",\"@graph\":[{\"@type\":\"WebPage\",\"@id\":\"https:\\\/\\\/mersatradedz.com\\\/product\\\/souris-sans-fil-rechargeable-bluetooth\\\/\",\"url\":\"https:\\\/\\\/mersatradedz.com\\\/product\\\/souris-sans-fil-rechargeable-bluetooth\\\/\",\"name\":\"Souris sans fil rechargeable Bluetooth - mersatradedz\",\"isPartOf\":{\"@id\":\"https:\\\/\\\/mersatradedz.com\\\/#website\"},\"primaryImageOfPage\":{\"@id\":\"https:\\\/\\\/mersatradedz.com\\\/product\\\/souris-sans-fil-rechargeable-bluetooth\\\/#primaryimage\"},\"image\":{\"@id\":\"https:\\\/\\\/mersatradedz.com\\\/product\\\/souris-sans-fil-rechargeable-bluetooth\\\/#primaryimage\"},\"thumbnailUrl\":\"https:\\\/\\\/mersatradedz.com\\\/wp-content\\\/uploads\\\/2024\\\/07\\\/6305.jpg\",\"datePublished\":\"2024-07-31T09:42:20+00:00\",\"breadcrumb\":{\"@id\":\"https:\\\/\\\/mersatradedz.com\\\/product\\\/souris-sans-fil-rechargeable-bluetooth\\\/#breadcrumb\"},\"inLanguage\":\"ar\",\"potentialAction\":[{\"@type\":\"ReadAction\",\"target\":[\"https:\\\/\\\/mersatradedz.com\\\/product\\\/souris-sans-fil-rechargeable-bluetooth\\\/\"]}]},{\"@type\":\"ImageObject\",\"inLanguage\":\"ar\",\"@id\":\"https:\\\/\\\/mersatradedz.com\\\/product\\\/souris-sans-fil-rechargeable-bluetooth\\\/#primaryimage\",\"url\":\"https:\\\/\\\/mersatradedz.com\\\/wp-content\\\/uploads\\\/2024\\\/07\\\/6305.jpg\",\"contentUrl\":\"https:\\\/\\\/mersatradedz.com\\\/wp-content\\\/uploads\\\/2024\\\/07\\\/6305.jpg\",\"width\":768,\"height\":768},{\"@type\":\"BreadcrumbList\",\"@id\":\"https:\\\/\\\/mersatradedz.com\\\/product\\\/souris-sans-fil-rechargeable-bluetooth\\\/#breadcrumb\",\"itemListElement\":[{\"@type\":\"ListItem\",\"position\":1,\"name\":\"Home\",\"item\":\"https:\\\/\\\/mersatradedz.com\\\/ar\\\/\"},{\"@type\":\"ListItem\",\"position\":2,\"name\":\"Boutique\",\"item\":\"https:\\\/\\\/mersatradedz.com\\\/shop\\\/\"},{\"@type\":\"ListItem\",\"position\":3,\"name\":\"Souris sans fil rechargeable Bluetooth\"}]},{\"@type\":\"WebSite\",\"@id\":\"https:\\\/\\\/mersatradedz.com\\\/#website\",\"url\":\"https:\\\/\\\/mersatradedz.com\\\/\",\"name\":\"mersatradedz\",\"description\":\"\",\"publisher\":{\"@id\":\"https:\\\/\\\/mersatradedz.com\\\/#organization\"},\"potentialAction\":[{\"@type\":\"SearchAction\",\"target\":{\"@type\":\"EntryPoint\",\"urlTemplate\":\"https:\\\/\\\/mersatradedz.com\\\/?s={search_term_string}\"},\"query-input\":{\"@type\":\"PropertyValueSpecification\",\"valueRequired\":true,\"valueName\":\"search_term_string\"}}],\"inLanguage\":\"ar\"},{\"@type\":\"Organization\",\"@id\":\"https:\\\/\\\/mersatradedz.com\\\/#organization\",\"name\":\"mersa trade\",\"url\":\"https:\\\/\\\/mersatradedz.com\\\/\",\"logo\":{\"@type\":\"ImageObject\",\"inLanguage\":\"ar\",\"@id\":\"https:\\\/\\\/mersatradedz.com\\\/#\\\/schema\\\/logo\\\/image\\\/\",\"url\":\"https:\\\/\\\/mersatradedz.com\\\/wp-content\\\/uploads\\\/2023\\\/07\\\/cropped-1684191296456.jpg\",\"contentUrl\":\"https:\\\/\\\/mersatradedz.com\\\/wp-content\\\/uploads\\\/2023\\\/07\\\/cropped-1684191296456.jpg\",\"width\":1451,\"height\":955,\"caption\":\"mersa trade\"},\"image\":{\"@id\":\"https:\\\/\\\/mersatradedz.com\\\/#\\\/schema\\\/logo\\\/image\\\/\"},\"sameAs\":[\"https:\\\/\\\/www.facebook.com\\\/ntbidz\"]}]}<\/script>\n<!-- \/ Yoast SEO plugin. -->","yoast_head_json":{"title":"Souris sans fil rechargeable Bluetooth - mersatradedz","robots":{"index":"index","follow":"follow","max-snippet":"max-snippet:-1","max-image-preview":"max-image-preview:large","max-video-preview":"max-video-preview:-1"},"canonical":"https:\/\/mersatradedz.com\/ar\/product\/souris-sans-fil-rechargeable-bluetooth\/","og_locale":"ar_AR","og_type":"article","og_title":"Souris sans fil rechargeable Bluetooth - mersatradedz","og_description":"Type : Souris sans fil Bluetooth Mod\u00e8le : Bluetooth 4.0 et sans fil 2.4G Mat\u00e9riau : ABS Couleur blanche Dur\u00e9e de vie de la cl\u00e9 : 5 millions de fois Distance sans fil : 10 m R\u00e9solution : 3 niveaux DPI r\u00e9glables (800 \/ 1200 \/ 1600 DPI) Distance sans fil : 10 m\u00e8tres Batterie [&hellip;]","og_url":"https:\/\/mersatradedz.com\/ar\/product\/souris-sans-fil-rechargeable-bluetooth\/","og_site_name":"mersatradedz","article_publisher":"https:\/\/www.facebook.com\/ntbidz","og_image":[{"width":768,"height":768,"url":"https:\/\/mersatradedz.com\/wp-content\/uploads\/2024\/07\/6305.jpg","type":"image\/jpeg"}],"twitter_card":"summary_large_image","schema":{"@context":"https:\/\/schema.org","@graph":[{"@type":"WebPage","@id":"https:\/\/mersatradedz.com\/product\/souris-sans-fil-rechargeable-bluetooth\/","url":"https:\/\/mersatradedz.com\/product\/souris-sans-fil-rechargeable-bluetooth\/","name":"Souris sans fil rechargeable Bluetooth - mersatradedz","isPartOf":{"@id":"https:\/\/mersatradedz.com\/#website"},"primaryImageOfPage":{"@id":"https:\/\/mersatradedz.com\/product\/souris-sans-fil-rechargeable-bluetooth\/#primaryimage"},"image":{"@id":"https:\/\/mersatradedz.com\/product\/souris-sans-fil-rechargeable-bluetooth\/#primaryimage"},"thumbnailUrl":"https:\/\/mersatradedz.com\/wp-content\/uploads\/2024\/07\/6305.jpg","datePublished":"2024-07-31T09:42:20+00:00","breadcrumb":{"@id":"https:\/\/mersatradedz.com\/product\/souris-sans-fil-rechargeable-bluetooth\/#breadcrumb"},"inLanguage":"ar","potentialAction":[{"@type":"ReadAction","target":["https:\/\/mersatradedz.com\/product\/souris-sans-fil-rechargeable-bluetooth\/"]}]},{"@type":"ImageObject","inLanguage":"ar","@id":"https:\/\/mersatradedz.com\/product\/souris-sans-fil-rechargeable-bluetooth\/#primaryimage","url":"https:\/\/mersatradedz.com\/wp-content\/uploads\/2024\/07\/6305.jpg","contentUrl":"https:\/\/mersatradedz.com\/wp-content\/uploads\/2024\/07\/6305.jpg","width":768,"height":768},{"@type":"BreadcrumbList","@id":"https:\/\/mersatradedz.com\/product\/souris-sans-fil-rechargeable-bluetooth\/#breadcrumb","itemListElement":[{"@type":"ListItem","position":1,"name":"Home","item":"https:\/\/mersatradedz.com\/ar\/"},{"@type":"ListItem","position":2,"name":"Boutique","item":"https:\/\/mersatradedz.com\/shop\/"},{"@type":"ListItem","position":3,"name":"Souris sans fil rechargeable Bluetooth"}]},{"@type":"WebSite","@id":"https:\/\/mersatradedz.com\/#website","url":"https:\/\/mersatradedz.com\/","name":"mersatradedz","description":"","publisher":{"@id":"https:\/\/mersatradedz.com\/#organization"},"potentialAction":[{"@type":"SearchAction","target":{"@type":"EntryPoint","urlTemplate":"https:\/\/mersatradedz.com\/?s={search_term_string}"},"query-input":{"@type":"PropertyValueSpecification","valueRequired":true,"valueName":"search_term_string"}}],"inLanguage":"ar"},{"@type":"Organization","@id":"https:\/\/mersatradedz.com\/#organization","name":"mersa trade","url":"https:\/\/mersatradedz.com\/","logo":{"@type":"ImageObject","inLanguage":"ar","@id":"https:\/\/mersatradedz.com\/#\/schema\/logo\/image\/","url":"https:\/\/mersatradedz.com\/wp-content\/uploads\/2023\/07\/cropped-1684191296456.jpg","contentUrl":"https:\/\/mersatradedz.com\/wp-content\/uploads\/2023\/07\/cropped-1684191296456.jpg","width":1451,"height":955,"caption":"mersa trade"},"image":{"@id":"https:\/\/mersatradedz.com\/#\/schema\/logo\/image\/"},"sameAs":["https:\/\/www.facebook.com\/ntbidz"]}]}},"jetpack_sharing_enabled":true,"_links":{"self":[{"href":"https:\/\/mersatradedz.com\/ar\/wp-json\/wp\/v2\/product\/2317","targetHints":{"allow":["GET"]}}],"collection":[{"href":"https:\/\/mersatradedz.com\/ar\/wp-json\/wp\/v2\/product"}],"about":[{"href":"https:\/\/mersatradedz.com\/ar\/wp-json\/wp\/v2\/types\/product"}],"replies":[{"embeddable":true,"href":"https:\/\/mersatradedz.com\/ar\/wp-json\/wp\/v2\/comments?post=2317"}],"wp:featuredmedia":[{"embeddable":true,"href":"https:\/\/mersatradedz.com\/ar\/wp-json\/wp\/v2\/media\/2314"}],"wp:attachment":[{"href":"https:\/\/mersatradedz.com\/ar\/wp-json\/wp\/v2\/media?parent=2317"}],"wp:term":[{"taxonomy":"product_brand","embeddable":true,"href":"https:\/\/mersatradedz.com\/ar\/wp-json\/wp\/v2\/product_brand?post=2317"},{"taxonomy":"product_cat","embeddable":true,"href":"https:\/\/mersatradedz.com\/ar\/wp-json\/wp\/v2\/product_cat?post=2317"},{"taxonomy":"product_tag","embeddable":true,"href":"https:\/\/mersatradedz.com\/ar\/wp-json\/wp\/v2\/product_tag?post=2317"}],"curies":[{"name":"wp","href":"https:\/\/api.w.org\/{rel}","templated":true}]}}