{"id":2322,"date":"2024-07-31T10:46:55","date_gmt":"2024-07-31T09:46:55","guid":{"rendered":"https:\/\/mersatradedz.com\/product\/souris-optique-filaire-s700-rgb-usb\/"},"modified":"2024-07-31T10:46:55","modified_gmt":"2024-07-31T09:46:55","slug":"souris-optique-filaire-s700-rgb-usb","status":"publish","type":"product","link":"https:\/\/mersatradedz.com\/ar\/product\/souris-optique-filaire-s700-rgb-usb\/","title":{"rendered":"Souris optique filaire S700 RGB USB"},"content":{"rendered":"<p>Souris optique filaire S700 RGB USB<br \/>\nCaract\u00e9ristiques:<br \/>\nModele: S700<br \/>\nCategorie: Claviers &amp; Souris<br \/>\nCompatible avec une vari\u00e9t\u00e9 d\u2019interfaces USB, pas besoin de choisir des \u00e9quipements et des syst\u00e8mes, plug and play, adieu les probl\u00e8mes caus\u00e9s par les branchements et d\u00e9branchements r\u00e9p\u00e9t\u00e9s.<br \/>\nUtilisation d\u2019un moteur optique de qualit\u00e9 jeu, r\u00e9ponse rapide et bureau plus efficace<br \/>\nConception scientifique sym\u00e9trique qui s\u2019adapte mieux \u00e0 la main, s\u2019adapte \u00e0 toutes sortes de formes de main<br \/>\nS\u2019adapte \u00e0 diff\u00e9rentes postures de pr\u00e9hension, plus facile \u00e0 utiliser<br \/>\nAvec 1000-1200-1600 DPI \u00e0 trois vitesses affiner les jeux de bureau pour un rouleau de grille antid\u00e9rapant plus lisse, un glissement en douceur.<br \/>\nTaille du produit: 12,8 x 6,5 x 3,5 cm<br \/>\nFr\u00e9quence de transmission sans fil: 2,4 GHz<br \/>\nDistance de fonctionnement: 1,2 (m)<br \/>\nLongueur du c\u00e2ble: 1,2 (m\u00e8tres)<br \/>\nValeur DPI: 1000-1200-1600<br \/>\nPoids du produit: 70 g<\/p>","protected":false},"excerpt":{"rendered":"<p>Souris optique filaire S700 RGB USB Caract\u00e9ristiques: Modele: S700 Categorie: Claviers &amp; Souris Compatible avec une vari\u00e9t\u00e9 d\u2019interfaces USB, pas besoin de choisir des \u00e9quipements et des syst\u00e8mes, plug and play, adieu les probl\u00e8mes caus\u00e9s par les branchements et d\u00e9branchements r\u00e9p\u00e9t\u00e9s. Utilisation d\u2019un moteur optique de qualit\u00e9 jeu, r\u00e9ponse rapide et bureau plus efficace Conception [&hellip;]<\/p>\n","protected":false},"featured_media":2318,"comment_status":"open","ping_status":"closed","template":"","meta":{"_monsterinsights_skip_tracking":false,"_monsterinsights_sitenote_active":false,"_monsterinsights_sitenote_note":"","_monsterinsights_sitenote_category":0},"product_brand":[],"product_cat":[779],"product_tag":[],"class_list":{"0":"post-2322","1":"product","2":"type-product","3":"status-publish","4":"has-post-thumbnail","6":"product_cat-accessoir-gaming","8":"first","9":"instock","10":"shipping-taxable","11":"purchasable","12":"product-type-simple"},"yoast_head":"<!-- This site is optimized with the Yoast SEO plugin v27.4 - https:\/\/yoast.com\/product\/yoast-seo-wordpress\/ -->\n<title>Souris optique filaire S700 RGB USB - mersatradedz<\/title>\n<meta name=\"robots\" content=\"index, follow, max-snippet:-1, max-image-preview:large, max-video-preview:-1\" \/>\n<link rel=\"canonical\" href=\"https:\/\/mersatradedz.com\/ar\/product\/souris-optique-filaire-s700-rgb-usb\/\" \/>\n<meta property=\"og:locale\" content=\"ar_AR\" \/>\n<meta property=\"og:type\" content=\"article\" \/>\n<meta property=\"og:title\" content=\"Souris optique filaire S700 RGB USB - mersatradedz\" \/>\n<meta property=\"og:description\" content=\"Souris optique filaire S700 RGB USB Caract\u00e9ristiques: Modele: S700 Categorie: Claviers &amp; Souris Compatible avec une vari\u00e9t\u00e9 d\u2019interfaces USB, pas besoin de choisir des \u00e9quipements et des syst\u00e8mes, plug and play, adieu les probl\u00e8mes caus\u00e9s par les branchements et d\u00e9branchements r\u00e9p\u00e9t\u00e9s. Utilisation d\u2019un moteur optique de qualit\u00e9 jeu, r\u00e9ponse rapide et bureau plus efficace Conception [&hellip;]\" \/>\n<meta property=\"og:url\" content=\"https:\/\/mersatradedz.com\/ar\/product\/souris-optique-filaire-s700-rgb-usb\/\" \/>\n<meta property=\"og:site_name\" content=\"mersatradedz\" \/>\n<meta property=\"article:publisher\" content=\"https:\/\/www.facebook.com\/ntbidz\" \/>\n<meta property=\"og:image\" content=\"https:\/\/mersatradedz.com\/wp-content\/uploads\/2024\/07\/6309.jpg\" \/>\n\t<meta property=\"og:image:width\" content=\"554\" \/>\n\t<meta property=\"og:image:height\" content=\"554\" \/>\n\t<meta property=\"og:image:type\" content=\"image\/jpeg\" \/>\n<meta name=\"twitter:card\" content=\"summary_large_image\" \/>\n<meta name=\"twitter:label1\" content=\"\u0648\u0642\u062a \u0627\u0644\u0642\u0631\u0627\u0621\u0629 \u0627\u0644\u0645\u064f\u0642\u062f\u0651\u0631\" \/>\n\t<meta name=\"twitter:data1\" content=\"\u062f\u0642\u064a\u0642\u0629 \u0648\u0627\u062d\u062f\u0629\" \/>\n<script type=\"application\/ld+json\" class=\"yoast-schema-graph\">{\"@context\":\"https:\\\/\\\/schema.org\",\"@graph\":[{\"@type\":\"WebPage\",\"@id\":\"https:\\\/\\\/mersatradedz.com\\\/product\\\/souris-optique-filaire-s700-rgb-usb\\\/\",\"url\":\"https:\\\/\\\/mersatradedz.com\\\/product\\\/souris-optique-filaire-s700-rgb-usb\\\/\",\"name\":\"Souris optique filaire S700 RGB USB - mersatradedz\",\"isPartOf\":{\"@id\":\"https:\\\/\\\/mersatradedz.com\\\/#website\"},\"primaryImageOfPage\":{\"@id\":\"https:\\\/\\\/mersatradedz.com\\\/product\\\/souris-optique-filaire-s700-rgb-usb\\\/#primaryimage\"},\"image\":{\"@id\":\"https:\\\/\\\/mersatradedz.com\\\/product\\\/souris-optique-filaire-s700-rgb-usb\\\/#primaryimage\"},\"thumbnailUrl\":\"https:\\\/\\\/mersatradedz.com\\\/wp-content\\\/uploads\\\/2024\\\/07\\\/6309.jpg\",\"datePublished\":\"2024-07-31T09:46:55+00:00\",\"breadcrumb\":{\"@id\":\"https:\\\/\\\/mersatradedz.com\\\/product\\\/souris-optique-filaire-s700-rgb-usb\\\/#breadcrumb\"},\"inLanguage\":\"ar\",\"potentialAction\":[{\"@type\":\"ReadAction\",\"target\":[\"https:\\\/\\\/mersatradedz.com\\\/product\\\/souris-optique-filaire-s700-rgb-usb\\\/\"]}]},{\"@type\":\"ImageObject\",\"inLanguage\":\"ar\",\"@id\":\"https:\\\/\\\/mersatradedz.com\\\/product\\\/souris-optique-filaire-s700-rgb-usb\\\/#primaryimage\",\"url\":\"https:\\\/\\\/mersatradedz.com\\\/wp-content\\\/uploads\\\/2024\\\/07\\\/6309.jpg\",\"contentUrl\":\"https:\\\/\\\/mersatradedz.com\\\/wp-content\\\/uploads\\\/2024\\\/07\\\/6309.jpg\",\"width\":554,\"height\":554},{\"@type\":\"BreadcrumbList\",\"@id\":\"https:\\\/\\\/mersatradedz.com\\\/product\\\/souris-optique-filaire-s700-rgb-usb\\\/#breadcrumb\",\"itemListElement\":[{\"@type\":\"ListItem\",\"position\":1,\"name\":\"Home\",\"item\":\"https:\\\/\\\/mersatradedz.com\\\/ar\\\/\"},{\"@type\":\"ListItem\",\"position\":2,\"name\":\"Boutique\",\"item\":\"https:\\\/\\\/mersatradedz.com\\\/shop\\\/\"},{\"@type\":\"ListItem\",\"position\":3,\"name\":\"Souris optique filaire S700 RGB USB\"}]},{\"@type\":\"WebSite\",\"@id\":\"https:\\\/\\\/mersatradedz.com\\\/#website\",\"url\":\"https:\\\/\\\/mersatradedz.com\\\/\",\"name\":\"mersatradedz\",\"description\":\"\",\"publisher\":{\"@id\":\"https:\\\/\\\/mersatradedz.com\\\/#organization\"},\"potentialAction\":[{\"@type\":\"SearchAction\",\"target\":{\"@type\":\"EntryPoint\",\"urlTemplate\":\"https:\\\/\\\/mersatradedz.com\\\/?s={search_term_string}\"},\"query-input\":{\"@type\":\"PropertyValueSpecification\",\"valueRequired\":true,\"valueName\":\"search_term_string\"}}],\"inLanguage\":\"ar\"},{\"@type\":\"Organization\",\"@id\":\"https:\\\/\\\/mersatradedz.com\\\/#organization\",\"name\":\"mersa trade\",\"url\":\"https:\\\/\\\/mersatradedz.com\\\/\",\"logo\":{\"@type\":\"ImageObject\",\"inLanguage\":\"ar\",\"@id\":\"https:\\\/\\\/mersatradedz.com\\\/#\\\/schema\\\/logo\\\/image\\\/\",\"url\":\"https:\\\/\\\/mersatradedz.com\\\/wp-content\\\/uploads\\\/2023\\\/07\\\/cropped-1684191296456.jpg\",\"contentUrl\":\"https:\\\/\\\/mersatradedz.com\\\/wp-content\\\/uploads\\\/2023\\\/07\\\/cropped-1684191296456.jpg\",\"width\":1451,\"height\":955,\"caption\":\"mersa trade\"},\"image\":{\"@id\":\"https:\\\/\\\/mersatradedz.com\\\/#\\\/schema\\\/logo\\\/image\\\/\"},\"sameAs\":[\"https:\\\/\\\/www.facebook.com\\\/ntbidz\"]}]}<\/script>\n<!-- \/ Yoast SEO plugin. -->","yoast_head_json":{"title":"Souris optique filaire S700 RGB USB - mersatradedz","robots":{"index":"index","follow":"follow","max-snippet":"max-snippet:-1","max-image-preview":"max-image-preview:large","max-video-preview":"max-video-preview:-1"},"canonical":"https:\/\/mersatradedz.com\/ar\/product\/souris-optique-filaire-s700-rgb-usb\/","og_locale":"ar_AR","og_type":"article","og_title":"Souris optique filaire S700 RGB USB - mersatradedz","og_description":"Souris optique filaire S700 RGB USB Caract\u00e9ristiques: Modele: S700 Categorie: Claviers &amp; Souris Compatible avec une vari\u00e9t\u00e9 d\u2019interfaces USB, pas besoin de choisir des \u00e9quipements et des syst\u00e8mes, plug and play, adieu les probl\u00e8mes caus\u00e9s par les branchements et d\u00e9branchements r\u00e9p\u00e9t\u00e9s. Utilisation d\u2019un moteur optique de qualit\u00e9 jeu, r\u00e9ponse rapide et bureau plus efficace Conception [&hellip;]","og_url":"https:\/\/mersatradedz.com\/ar\/product\/souris-optique-filaire-s700-rgb-usb\/","og_site_name":"mersatradedz","article_publisher":"https:\/\/www.facebook.com\/ntbidz","og_image":[{"width":554,"height":554,"url":"https:\/\/mersatradedz.com\/wp-content\/uploads\/2024\/07\/6309.jpg","type":"image\/jpeg"}],"twitter_card":"summary_large_image","twitter_misc":{"\u0648\u0642\u062a \u0627\u0644\u0642\u0631\u0627\u0621\u0629 \u0627\u0644\u0645\u064f\u0642\u062f\u0651\u0631":"\u062f\u0642\u064a\u0642\u0629 \u0648\u0627\u062d\u062f\u0629"},"schema":{"@context":"https:\/\/schema.org","@graph":[{"@type":"WebPage","@id":"https:\/\/mersatradedz.com\/product\/souris-optique-filaire-s700-rgb-usb\/","url":"https:\/\/mersatradedz.com\/product\/souris-optique-filaire-s700-rgb-usb\/","name":"Souris optique filaire S700 RGB USB - mersatradedz","isPartOf":{"@id":"https:\/\/mersatradedz.com\/#website"},"primaryImageOfPage":{"@id":"https:\/\/mersatradedz.com\/product\/souris-optique-filaire-s700-rgb-usb\/#primaryimage"},"image":{"@id":"https:\/\/mersatradedz.com\/product\/souris-optique-filaire-s700-rgb-usb\/#primaryimage"},"thumbnailUrl":"https:\/\/mersatradedz.com\/wp-content\/uploads\/2024\/07\/6309.jpg","datePublished":"2024-07-31T09:46:55+00:00","breadcrumb":{"@id":"https:\/\/mersatradedz.com\/product\/souris-optique-filaire-s700-rgb-usb\/#breadcrumb"},"inLanguage":"ar","potentialAction":[{"@type":"ReadAction","target":["https:\/\/mersatradedz.com\/product\/souris-optique-filaire-s700-rgb-usb\/"]}]},{"@type":"ImageObject","inLanguage":"ar","@id":"https:\/\/mersatradedz.com\/product\/souris-optique-filaire-s700-rgb-usb\/#primaryimage","url":"https:\/\/mersatradedz.com\/wp-content\/uploads\/2024\/07\/6309.jpg","contentUrl":"https:\/\/mersatradedz.com\/wp-content\/uploads\/2024\/07\/6309.jpg","width":554,"height":554},{"@type":"BreadcrumbList","@id":"https:\/\/mersatradedz.com\/product\/souris-optique-filaire-s700-rgb-usb\/#breadcrumb","itemListElement":[{"@type":"ListItem","position":1,"name":"Home","item":"https:\/\/mersatradedz.com\/ar\/"},{"@type":"ListItem","position":2,"name":"Boutique","item":"https:\/\/mersatradedz.com\/shop\/"},{"@type":"ListItem","position":3,"name":"Souris optique filaire S700 RGB USB"}]},{"@type":"WebSite","@id":"https:\/\/mersatradedz.com\/#website","url":"https:\/\/mersatradedz.com\/","name":"mersatradedz","description":"","publisher":{"@id":"https:\/\/mersatradedz.com\/#organization"},"potentialAction":[{"@type":"SearchAction","target":{"@type":"EntryPoint","urlTemplate":"https:\/\/mersatradedz.com\/?s={search_term_string}"},"query-input":{"@type":"PropertyValueSpecification","valueRequired":true,"valueName":"search_term_string"}}],"inLanguage":"ar"},{"@type":"Organization","@id":"https:\/\/mersatradedz.com\/#organization","name":"mersa trade","url":"https:\/\/mersatradedz.com\/","logo":{"@type":"ImageObject","inLanguage":"ar","@id":"https:\/\/mersatradedz.com\/#\/schema\/logo\/image\/","url":"https:\/\/mersatradedz.com\/wp-content\/uploads\/2023\/07\/cropped-1684191296456.jpg","contentUrl":"https:\/\/mersatradedz.com\/wp-content\/uploads\/2023\/07\/cropped-1684191296456.jpg","width":1451,"height":955,"caption":"mersa trade"},"image":{"@id":"https:\/\/mersatradedz.com\/#\/schema\/logo\/image\/"},"sameAs":["https:\/\/www.facebook.com\/ntbidz"]}]}},"jetpack_sharing_enabled":true,"_links":{"self":[{"href":"https:\/\/mersatradedz.com\/ar\/wp-json\/wp\/v2\/product\/2322","targetHints":{"allow":["GET"]}}],"collection":[{"href":"https:\/\/mersatradedz.com\/ar\/wp-json\/wp\/v2\/product"}],"about":[{"href":"https:\/\/mersatradedz.com\/ar\/wp-json\/wp\/v2\/types\/product"}],"replies":[{"embeddable":true,"href":"https:\/\/mersatradedz.com\/ar\/wp-json\/wp\/v2\/comments?post=2322"}],"wp:featuredmedia":[{"embeddable":true,"href":"https:\/\/mersatradedz.com\/ar\/wp-json\/wp\/v2\/media\/2318"}],"wp:attachment":[{"href":"https:\/\/mersatradedz.com\/ar\/wp-json\/wp\/v2\/media?parent=2322"}],"wp:term":[{"taxonomy":"product_brand","embeddable":true,"href":"https:\/\/mersatradedz.com\/ar\/wp-json\/wp\/v2\/product_brand?post=2322"},{"taxonomy":"product_cat","embeddable":true,"href":"https:\/\/mersatradedz.com\/ar\/wp-json\/wp\/v2\/product_cat?post=2322"},{"taxonomy":"product_tag","embeddable":true,"href":"https:\/\/mersatradedz.com\/ar\/wp-json\/wp\/v2\/product_tag?post=2322"}],"curies":[{"name":"wp","href":"https:\/\/api.w.org\/{rel}","templated":true}]}}