{"id":2344,"date":"2024-07-31T11:20:34","date_gmt":"2024-07-31T10:20:34","guid":{"rendered":"https:\/\/mersatradedz.com\/product\/souris-gaming-rgb-cheerlux-1637\/"},"modified":"2024-07-31T11:20:34","modified_gmt":"2024-07-31T10:20:34","slug":"souris-gaming-rgb-cheerlux-1637","status":"publish","type":"product","link":"https:\/\/mersatradedz.com\/ar\/product\/souris-gaming-rgb-cheerlux-1637\/","title":{"rendered":"Souris gaming RGB cheerlux 1637"},"content":{"rendered":"<p>Sp\u00e9cification :<br \/>\nMarque : Cheerlux<br \/>\nMod\u00e8le : 1637<br \/>\nNum\u00e9ro de bouton : 8<br \/>\nSyst\u00e8me de suivi : Optique<br \/>\nMode de connexion : USB filaire<br \/>\nDPI : 800-1200-2400-3200DPI Dur\u00e9e de<br \/>\nvie du bouton : 3 millions de fois<br \/>\nVie du rouleau: 1,2 million de fois<br \/>\nLongueur du c\u00e2ble: 1.8m<br \/>\nTension \/ courant de travail: 5V \/ 100mA<br \/>\nSyst\u00e8me pris en charge: Windows 2000 \/ ME \/ XP (64 bits) \/ Vista \/ Windows 7 \/ Windows 8 \/ Win10 \/ Mac OS X (sur V10.4)<\/p>","protected":false},"excerpt":{"rendered":"<p>Sp\u00e9cification : Marque : Cheerlux Mod\u00e8le : 1637 Num\u00e9ro de bouton : 8 Syst\u00e8me de suivi : Optique Mode de connexion : USB filaire DPI : 800-1200-2400-3200DPI Dur\u00e9e de vie du bouton : 3 millions de fois Vie du rouleau: 1,2 million de fois Longueur du c\u00e2ble: 1.8m Tension \/ courant de travail: 5V \/ [&hellip;]<\/p>\n","protected":false},"featured_media":2342,"comment_status":"open","ping_status":"closed","template":"","meta":{"_monsterinsights_skip_tracking":false,"_monsterinsights_sitenote_active":false,"_monsterinsights_sitenote_note":"","_monsterinsights_sitenote_category":0},"product_brand":[],"product_cat":[779],"product_tag":[],"class_list":{"0":"post-2344","1":"product","2":"type-product","3":"status-publish","4":"has-post-thumbnail","6":"product_cat-accessoir-gaming","8":"first","9":"instock","10":"shipping-taxable","11":"purchasable","12":"product-type-simple"},"yoast_head":"<!-- This site is optimized with the Yoast SEO plugin v27.4 - https:\/\/yoast.com\/product\/yoast-seo-wordpress\/ -->\n<title>Souris gaming RGB cheerlux 1637 - mersatradedz<\/title>\n<meta name=\"robots\" content=\"index, follow, max-snippet:-1, max-image-preview:large, max-video-preview:-1\" \/>\n<link rel=\"canonical\" href=\"https:\/\/mersatradedz.com\/ar\/product\/souris-gaming-rgb-cheerlux-1637\/\" \/>\n<meta property=\"og:locale\" content=\"ar_AR\" \/>\n<meta property=\"og:type\" content=\"article\" \/>\n<meta property=\"og:title\" content=\"Souris gaming RGB cheerlux 1637 - mersatradedz\" \/>\n<meta property=\"og:description\" content=\"Sp\u00e9cification : Marque : Cheerlux Mod\u00e8le : 1637 Num\u00e9ro de bouton : 8 Syst\u00e8me de suivi : Optique Mode de connexion : USB filaire DPI : 800-1200-2400-3200DPI Dur\u00e9e de vie du bouton : 3 millions de fois Vie du rouleau: 1,2 million de fois Longueur du c\u00e2ble: 1.8m Tension \/ courant de travail: 5V \/ [&hellip;]\" \/>\n<meta property=\"og:url\" content=\"https:\/\/mersatradedz.com\/ar\/product\/souris-gaming-rgb-cheerlux-1637\/\" \/>\n<meta property=\"og:site_name\" content=\"mersatradedz\" \/>\n<meta property=\"article:publisher\" content=\"https:\/\/www.facebook.com\/ntbidz\" \/>\n<meta property=\"og:image\" content=\"https:\/\/mersatradedz.com\/wp-content\/uploads\/2024\/07\/6325-1.jpg\" \/>\n\t<meta property=\"og:image:width\" content=\"259\" \/>\n\t<meta property=\"og:image:height\" content=\"259\" \/>\n\t<meta property=\"og:image:type\" content=\"image\/jpeg\" \/>\n<meta name=\"twitter:card\" content=\"summary_large_image\" \/>\n<script type=\"application\/ld+json\" class=\"yoast-schema-graph\">{\"@context\":\"https:\\\/\\\/schema.org\",\"@graph\":[{\"@type\":\"WebPage\",\"@id\":\"https:\\\/\\\/mersatradedz.com\\\/product\\\/souris-gaming-rgb-cheerlux-1637\\\/\",\"url\":\"https:\\\/\\\/mersatradedz.com\\\/product\\\/souris-gaming-rgb-cheerlux-1637\\\/\",\"name\":\"Souris gaming RGB cheerlux 1637 - mersatradedz\",\"isPartOf\":{\"@id\":\"https:\\\/\\\/mersatradedz.com\\\/#website\"},\"primaryImageOfPage\":{\"@id\":\"https:\\\/\\\/mersatradedz.com\\\/product\\\/souris-gaming-rgb-cheerlux-1637\\\/#primaryimage\"},\"image\":{\"@id\":\"https:\\\/\\\/mersatradedz.com\\\/product\\\/souris-gaming-rgb-cheerlux-1637\\\/#primaryimage\"},\"thumbnailUrl\":\"https:\\\/\\\/mersatradedz.com\\\/wp-content\\\/uploads\\\/2024\\\/07\\\/6325-1.jpg\",\"datePublished\":\"2024-07-31T10:20:34+00:00\",\"breadcrumb\":{\"@id\":\"https:\\\/\\\/mersatradedz.com\\\/product\\\/souris-gaming-rgb-cheerlux-1637\\\/#breadcrumb\"},\"inLanguage\":\"ar\",\"potentialAction\":[{\"@type\":\"ReadAction\",\"target\":[\"https:\\\/\\\/mersatradedz.com\\\/product\\\/souris-gaming-rgb-cheerlux-1637\\\/\"]}]},{\"@type\":\"ImageObject\",\"inLanguage\":\"ar\",\"@id\":\"https:\\\/\\\/mersatradedz.com\\\/product\\\/souris-gaming-rgb-cheerlux-1637\\\/#primaryimage\",\"url\":\"https:\\\/\\\/mersatradedz.com\\\/wp-content\\\/uploads\\\/2024\\\/07\\\/6325-1.jpg\",\"contentUrl\":\"https:\\\/\\\/mersatradedz.com\\\/wp-content\\\/uploads\\\/2024\\\/07\\\/6325-1.jpg\",\"width\":259,\"height\":259},{\"@type\":\"BreadcrumbList\",\"@id\":\"https:\\\/\\\/mersatradedz.com\\\/product\\\/souris-gaming-rgb-cheerlux-1637\\\/#breadcrumb\",\"itemListElement\":[{\"@type\":\"ListItem\",\"position\":1,\"name\":\"Home\",\"item\":\"https:\\\/\\\/mersatradedz.com\\\/ar\\\/\"},{\"@type\":\"ListItem\",\"position\":2,\"name\":\"Boutique\",\"item\":\"https:\\\/\\\/mersatradedz.com\\\/shop\\\/\"},{\"@type\":\"ListItem\",\"position\":3,\"name\":\"Souris gaming RGB cheerlux 1637\"}]},{\"@type\":\"WebSite\",\"@id\":\"https:\\\/\\\/mersatradedz.com\\\/#website\",\"url\":\"https:\\\/\\\/mersatradedz.com\\\/\",\"name\":\"mersatradedz\",\"description\":\"\",\"publisher\":{\"@id\":\"https:\\\/\\\/mersatradedz.com\\\/#organization\"},\"potentialAction\":[{\"@type\":\"SearchAction\",\"target\":{\"@type\":\"EntryPoint\",\"urlTemplate\":\"https:\\\/\\\/mersatradedz.com\\\/?s={search_term_string}\"},\"query-input\":{\"@type\":\"PropertyValueSpecification\",\"valueRequired\":true,\"valueName\":\"search_term_string\"}}],\"inLanguage\":\"ar\"},{\"@type\":\"Organization\",\"@id\":\"https:\\\/\\\/mersatradedz.com\\\/#organization\",\"name\":\"mersa trade\",\"url\":\"https:\\\/\\\/mersatradedz.com\\\/\",\"logo\":{\"@type\":\"ImageObject\",\"inLanguage\":\"ar\",\"@id\":\"https:\\\/\\\/mersatradedz.com\\\/#\\\/schema\\\/logo\\\/image\\\/\",\"url\":\"https:\\\/\\\/mersatradedz.com\\\/wp-content\\\/uploads\\\/2023\\\/07\\\/cropped-1684191296456.jpg\",\"contentUrl\":\"https:\\\/\\\/mersatradedz.com\\\/wp-content\\\/uploads\\\/2023\\\/07\\\/cropped-1684191296456.jpg\",\"width\":1451,\"height\":955,\"caption\":\"mersa trade\"},\"image\":{\"@id\":\"https:\\\/\\\/mersatradedz.com\\\/#\\\/schema\\\/logo\\\/image\\\/\"},\"sameAs\":[\"https:\\\/\\\/www.facebook.com\\\/ntbidz\"]}]}<\/script>\n<!-- \/ Yoast SEO plugin. -->","yoast_head_json":{"title":"Souris gaming RGB cheerlux 1637 - mersatradedz","robots":{"index":"index","follow":"follow","max-snippet":"max-snippet:-1","max-image-preview":"max-image-preview:large","max-video-preview":"max-video-preview:-1"},"canonical":"https:\/\/mersatradedz.com\/ar\/product\/souris-gaming-rgb-cheerlux-1637\/","og_locale":"ar_AR","og_type":"article","og_title":"Souris gaming RGB cheerlux 1637 - mersatradedz","og_description":"Sp\u00e9cification : Marque : Cheerlux Mod\u00e8le : 1637 Num\u00e9ro de bouton : 8 Syst\u00e8me de suivi : Optique Mode de connexion : USB filaire DPI : 800-1200-2400-3200DPI Dur\u00e9e de vie du bouton : 3 millions de fois Vie du rouleau: 1,2 million de fois Longueur du c\u00e2ble: 1.8m Tension \/ courant de travail: 5V \/ [&hellip;]","og_url":"https:\/\/mersatradedz.com\/ar\/product\/souris-gaming-rgb-cheerlux-1637\/","og_site_name":"mersatradedz","article_publisher":"https:\/\/www.facebook.com\/ntbidz","og_image":[{"width":259,"height":259,"url":"https:\/\/mersatradedz.com\/wp-content\/uploads\/2024\/07\/6325-1.jpg","type":"image\/jpeg"}],"twitter_card":"summary_large_image","schema":{"@context":"https:\/\/schema.org","@graph":[{"@type":"WebPage","@id":"https:\/\/mersatradedz.com\/product\/souris-gaming-rgb-cheerlux-1637\/","url":"https:\/\/mersatradedz.com\/product\/souris-gaming-rgb-cheerlux-1637\/","name":"Souris gaming RGB cheerlux 1637 - mersatradedz","isPartOf":{"@id":"https:\/\/mersatradedz.com\/#website"},"primaryImageOfPage":{"@id":"https:\/\/mersatradedz.com\/product\/souris-gaming-rgb-cheerlux-1637\/#primaryimage"},"image":{"@id":"https:\/\/mersatradedz.com\/product\/souris-gaming-rgb-cheerlux-1637\/#primaryimage"},"thumbnailUrl":"https:\/\/mersatradedz.com\/wp-content\/uploads\/2024\/07\/6325-1.jpg","datePublished":"2024-07-31T10:20:34+00:00","breadcrumb":{"@id":"https:\/\/mersatradedz.com\/product\/souris-gaming-rgb-cheerlux-1637\/#breadcrumb"},"inLanguage":"ar","potentialAction":[{"@type":"ReadAction","target":["https:\/\/mersatradedz.com\/product\/souris-gaming-rgb-cheerlux-1637\/"]}]},{"@type":"ImageObject","inLanguage":"ar","@id":"https:\/\/mersatradedz.com\/product\/souris-gaming-rgb-cheerlux-1637\/#primaryimage","url":"https:\/\/mersatradedz.com\/wp-content\/uploads\/2024\/07\/6325-1.jpg","contentUrl":"https:\/\/mersatradedz.com\/wp-content\/uploads\/2024\/07\/6325-1.jpg","width":259,"height":259},{"@type":"BreadcrumbList","@id":"https:\/\/mersatradedz.com\/product\/souris-gaming-rgb-cheerlux-1637\/#breadcrumb","itemListElement":[{"@type":"ListItem","position":1,"name":"Home","item":"https:\/\/mersatradedz.com\/ar\/"},{"@type":"ListItem","position":2,"name":"Boutique","item":"https:\/\/mersatradedz.com\/shop\/"},{"@type":"ListItem","position":3,"name":"Souris gaming RGB cheerlux 1637"}]},{"@type":"WebSite","@id":"https:\/\/mersatradedz.com\/#website","url":"https:\/\/mersatradedz.com\/","name":"mersatradedz","description":"","publisher":{"@id":"https:\/\/mersatradedz.com\/#organization"},"potentialAction":[{"@type":"SearchAction","target":{"@type":"EntryPoint","urlTemplate":"https:\/\/mersatradedz.com\/?s={search_term_string}"},"query-input":{"@type":"PropertyValueSpecification","valueRequired":true,"valueName":"search_term_string"}}],"inLanguage":"ar"},{"@type":"Organization","@id":"https:\/\/mersatradedz.com\/#organization","name":"mersa trade","url":"https:\/\/mersatradedz.com\/","logo":{"@type":"ImageObject","inLanguage":"ar","@id":"https:\/\/mersatradedz.com\/#\/schema\/logo\/image\/","url":"https:\/\/mersatradedz.com\/wp-content\/uploads\/2023\/07\/cropped-1684191296456.jpg","contentUrl":"https:\/\/mersatradedz.com\/wp-content\/uploads\/2023\/07\/cropped-1684191296456.jpg","width":1451,"height":955,"caption":"mersa trade"},"image":{"@id":"https:\/\/mersatradedz.com\/#\/schema\/logo\/image\/"},"sameAs":["https:\/\/www.facebook.com\/ntbidz"]}]}},"jetpack_sharing_enabled":true,"_links":{"self":[{"href":"https:\/\/mersatradedz.com\/ar\/wp-json\/wp\/v2\/product\/2344","targetHints":{"allow":["GET"]}}],"collection":[{"href":"https:\/\/mersatradedz.com\/ar\/wp-json\/wp\/v2\/product"}],"about":[{"href":"https:\/\/mersatradedz.com\/ar\/wp-json\/wp\/v2\/types\/product"}],"replies":[{"embeddable":true,"href":"https:\/\/mersatradedz.com\/ar\/wp-json\/wp\/v2\/comments?post=2344"}],"wp:featuredmedia":[{"embeddable":true,"href":"https:\/\/mersatradedz.com\/ar\/wp-json\/wp\/v2\/media\/2342"}],"wp:attachment":[{"href":"https:\/\/mersatradedz.com\/ar\/wp-json\/wp\/v2\/media?parent=2344"}],"wp:term":[{"taxonomy":"product_brand","embeddable":true,"href":"https:\/\/mersatradedz.com\/ar\/wp-json\/wp\/v2\/product_brand?post=2344"},{"taxonomy":"product_cat","embeddable":true,"href":"https:\/\/mersatradedz.com\/ar\/wp-json\/wp\/v2\/product_cat?post=2344"},{"taxonomy":"product_tag","embeddable":true,"href":"https:\/\/mersatradedz.com\/ar\/wp-json\/wp\/v2\/product_tag?post=2344"}],"curies":[{"name":"wp","href":"https:\/\/api.w.org\/{rel}","templated":true}]}}