{"id":2361,"date":"2024-07-31T11:37:37","date_gmt":"2024-07-31T10:37:37","guid":{"rendered":"https:\/\/mersatradedz.com\/product\/cpu-amd-ryzen-3-3200g\/"},"modified":"2025-03-27T14:38:30","modified_gmt":"2025-03-27T13:38:30","slug":"cpu-amd-ryzen-3-3200g","status":"publish","type":"product","link":"https:\/\/mersatradedz.com\/ar\/product\/cpu-amd-ryzen-3-3200g\/","title":{"rendered":"CPU AMD Ryzen 3 3200G"},"content":{"rendered":"<p>AMD Ryzen 3 3200G<\/p>\n<p>AMD Ryzen\u2122 3 3200G avec carte graphique Radeon\u2122 Vega 8<\/p>\n<p>Le pouvoir de jouer. Enti\u00e8rement d\u00e9bloqu\u00e9.<br \/>\nLa r\u00e9activit\u00e9 et les performances que vous attendez d&rsquo;un PC beaucoup plus cher.<br \/>\n4 c\u0153urs et 4 threads<br \/>\nHorloge de base : 3,6 GHz jusqu&rsquo;\u00e0 4 GHz<br \/>\nMod\u00e8le graphique : Radeon\u2122 Vega 8 Graphics<br \/>\nCache total : 6 Mo<\/p>","protected":false},"excerpt":{"rendered":"<p>AMD Ryzen 3 3200G AMD Ryzen\u2122 3 3200G avec carte graphique Radeon\u2122 Vega 8 Le pouvoir de jouer. Enti\u00e8rement d\u00e9bloqu\u00e9. La r\u00e9activit\u00e9 et les performances que vous attendez d&rsquo;un PC beaucoup plus cher. 4 c\u0153urs et 4 threads Horloge de base : 3,6 GHz jusqu&rsquo;\u00e0 4 GHz Mod\u00e8le graphique : Radeon\u2122 Vega 8 Graphics Cache [&hellip;]<\/p>\n","protected":false},"featured_media":2360,"comment_status":"open","ping_status":"closed","template":"","meta":{"_monsterinsights_skip_tracking":false,"_monsterinsights_sitenote_active":false,"_monsterinsights_sitenote_note":"","_monsterinsights_sitenote_category":0},"product_brand":[],"product_cat":[779],"product_tag":[],"class_list":{"0":"post-2361","1":"product","2":"type-product","3":"status-publish","4":"has-post-thumbnail","6":"product_cat-accessoir-gaming","8":"first","9":"instock","10":"shipping-taxable","11":"purchasable","12":"product-type-simple"},"yoast_head":"<!-- This site is optimized with the Yoast SEO plugin v27.4 - https:\/\/yoast.com\/product\/yoast-seo-wordpress\/ -->\n<title>CPU AMD Ryzen 3 3200G - mersatradedz<\/title>\n<meta name=\"robots\" content=\"index, follow, max-snippet:-1, max-image-preview:large, max-video-preview:-1\" \/>\n<link rel=\"canonical\" href=\"https:\/\/mersatradedz.com\/ar\/product\/cpu-amd-ryzen-3-3200g\/\" \/>\n<meta property=\"og:locale\" content=\"ar_AR\" \/>\n<meta property=\"og:type\" content=\"article\" \/>\n<meta property=\"og:title\" content=\"CPU AMD Ryzen 3 3200G - mersatradedz\" \/>\n<meta property=\"og:description\" content=\"AMD Ryzen 3 3200G AMD Ryzen\u2122 3 3200G avec carte graphique Radeon\u2122 Vega 8 Le pouvoir de jouer. Enti\u00e8rement d\u00e9bloqu\u00e9. La r\u00e9activit\u00e9 et les performances que vous attendez d&rsquo;un PC beaucoup plus cher. 4 c\u0153urs et 4 threads Horloge de base : 3,6 GHz jusqu&rsquo;\u00e0 4 GHz Mod\u00e8le graphique : Radeon\u2122 Vega 8 Graphics Cache [&hellip;]\" \/>\n<meta property=\"og:url\" content=\"https:\/\/mersatradedz.com\/ar\/product\/cpu-amd-ryzen-3-3200g\/\" \/>\n<meta property=\"og:site_name\" content=\"mersatradedz\" \/>\n<meta property=\"article:publisher\" content=\"https:\/\/www.facebook.com\/ntbidz\" \/>\n<meta property=\"article:modified_time\" content=\"2025-03-27T13:38:30+00:00\" \/>\n<meta property=\"og:image\" content=\"https:\/\/mersatradedz.com\/wp-content\/uploads\/2024\/07\/6335.jpg\" \/>\n\t<meta property=\"og:image:width\" content=\"598\" \/>\n\t<meta property=\"og:image:height\" content=\"513\" \/>\n\t<meta property=\"og:image:type\" content=\"image\/jpeg\" \/>\n<meta name=\"twitter:card\" content=\"summary_large_image\" \/>\n<script type=\"application\/ld+json\" class=\"yoast-schema-graph\">{\"@context\":\"https:\\\/\\\/schema.org\",\"@graph\":[{\"@type\":\"WebPage\",\"@id\":\"https:\\\/\\\/mersatradedz.com\\\/product\\\/cpu-amd-ryzen-3-3200g\\\/\",\"url\":\"https:\\\/\\\/mersatradedz.com\\\/product\\\/cpu-amd-ryzen-3-3200g\\\/\",\"name\":\"CPU AMD Ryzen 3 3200G - mersatradedz\",\"isPartOf\":{\"@id\":\"https:\\\/\\\/mersatradedz.com\\\/#website\"},\"primaryImageOfPage\":{\"@id\":\"https:\\\/\\\/mersatradedz.com\\\/product\\\/cpu-amd-ryzen-3-3200g\\\/#primaryimage\"},\"image\":{\"@id\":\"https:\\\/\\\/mersatradedz.com\\\/product\\\/cpu-amd-ryzen-3-3200g\\\/#primaryimage\"},\"thumbnailUrl\":\"https:\\\/\\\/mersatradedz.com\\\/wp-content\\\/uploads\\\/2024\\\/07\\\/6335.jpg\",\"datePublished\":\"2024-07-31T10:37:37+00:00\",\"dateModified\":\"2025-03-27T13:38:30+00:00\",\"breadcrumb\":{\"@id\":\"https:\\\/\\\/mersatradedz.com\\\/product\\\/cpu-amd-ryzen-3-3200g\\\/#breadcrumb\"},\"inLanguage\":\"ar\",\"potentialAction\":[{\"@type\":\"ReadAction\",\"target\":[\"https:\\\/\\\/mersatradedz.com\\\/product\\\/cpu-amd-ryzen-3-3200g\\\/\"]}]},{\"@type\":\"ImageObject\",\"inLanguage\":\"ar\",\"@id\":\"https:\\\/\\\/mersatradedz.com\\\/product\\\/cpu-amd-ryzen-3-3200g\\\/#primaryimage\",\"url\":\"https:\\\/\\\/mersatradedz.com\\\/wp-content\\\/uploads\\\/2024\\\/07\\\/6335.jpg\",\"contentUrl\":\"https:\\\/\\\/mersatradedz.com\\\/wp-content\\\/uploads\\\/2024\\\/07\\\/6335.jpg\",\"width\":598,\"height\":513},{\"@type\":\"BreadcrumbList\",\"@id\":\"https:\\\/\\\/mersatradedz.com\\\/product\\\/cpu-amd-ryzen-3-3200g\\\/#breadcrumb\",\"itemListElement\":[{\"@type\":\"ListItem\",\"position\":1,\"name\":\"Home\",\"item\":\"https:\\\/\\\/mersatradedz.com\\\/ar\\\/\"},{\"@type\":\"ListItem\",\"position\":2,\"name\":\"Boutique\",\"item\":\"https:\\\/\\\/mersatradedz.com\\\/shop\\\/\"},{\"@type\":\"ListItem\",\"position\":3,\"name\":\"CPU AMD Ryzen 3 3200G\"}]},{\"@type\":\"WebSite\",\"@id\":\"https:\\\/\\\/mersatradedz.com\\\/#website\",\"url\":\"https:\\\/\\\/mersatradedz.com\\\/\",\"name\":\"mersatradedz\",\"description\":\"\",\"publisher\":{\"@id\":\"https:\\\/\\\/mersatradedz.com\\\/#organization\"},\"potentialAction\":[{\"@type\":\"SearchAction\",\"target\":{\"@type\":\"EntryPoint\",\"urlTemplate\":\"https:\\\/\\\/mersatradedz.com\\\/?s={search_term_string}\"},\"query-input\":{\"@type\":\"PropertyValueSpecification\",\"valueRequired\":true,\"valueName\":\"search_term_string\"}}],\"inLanguage\":\"ar\"},{\"@type\":\"Organization\",\"@id\":\"https:\\\/\\\/mersatradedz.com\\\/#organization\",\"name\":\"mersa trade\",\"url\":\"https:\\\/\\\/mersatradedz.com\\\/\",\"logo\":{\"@type\":\"ImageObject\",\"inLanguage\":\"ar\",\"@id\":\"https:\\\/\\\/mersatradedz.com\\\/#\\\/schema\\\/logo\\\/image\\\/\",\"url\":\"https:\\\/\\\/mersatradedz.com\\\/wp-content\\\/uploads\\\/2023\\\/07\\\/cropped-1684191296456.jpg\",\"contentUrl\":\"https:\\\/\\\/mersatradedz.com\\\/wp-content\\\/uploads\\\/2023\\\/07\\\/cropped-1684191296456.jpg\",\"width\":1451,\"height\":955,\"caption\":\"mersa trade\"},\"image\":{\"@id\":\"https:\\\/\\\/mersatradedz.com\\\/#\\\/schema\\\/logo\\\/image\\\/\"},\"sameAs\":[\"https:\\\/\\\/www.facebook.com\\\/ntbidz\"]}]}<\/script>\n<!-- \/ Yoast SEO plugin. -->","yoast_head_json":{"title":"CPU AMD Ryzen 3 3200G - mersatradedz","robots":{"index":"index","follow":"follow","max-snippet":"max-snippet:-1","max-image-preview":"max-image-preview:large","max-video-preview":"max-video-preview:-1"},"canonical":"https:\/\/mersatradedz.com\/ar\/product\/cpu-amd-ryzen-3-3200g\/","og_locale":"ar_AR","og_type":"article","og_title":"CPU AMD Ryzen 3 3200G - mersatradedz","og_description":"AMD Ryzen 3 3200G AMD Ryzen\u2122 3 3200G avec carte graphique Radeon\u2122 Vega 8 Le pouvoir de jouer. Enti\u00e8rement d\u00e9bloqu\u00e9. La r\u00e9activit\u00e9 et les performances que vous attendez d&rsquo;un PC beaucoup plus cher. 4 c\u0153urs et 4 threads Horloge de base : 3,6 GHz jusqu&rsquo;\u00e0 4 GHz Mod\u00e8le graphique : Radeon\u2122 Vega 8 Graphics Cache [&hellip;]","og_url":"https:\/\/mersatradedz.com\/ar\/product\/cpu-amd-ryzen-3-3200g\/","og_site_name":"mersatradedz","article_publisher":"https:\/\/www.facebook.com\/ntbidz","article_modified_time":"2025-03-27T13:38:30+00:00","og_image":[{"width":598,"height":513,"url":"https:\/\/mersatradedz.com\/wp-content\/uploads\/2024\/07\/6335.jpg","type":"image\/jpeg"}],"twitter_card":"summary_large_image","schema":{"@context":"https:\/\/schema.org","@graph":[{"@type":"WebPage","@id":"https:\/\/mersatradedz.com\/product\/cpu-amd-ryzen-3-3200g\/","url":"https:\/\/mersatradedz.com\/product\/cpu-amd-ryzen-3-3200g\/","name":"CPU AMD Ryzen 3 3200G - mersatradedz","isPartOf":{"@id":"https:\/\/mersatradedz.com\/#website"},"primaryImageOfPage":{"@id":"https:\/\/mersatradedz.com\/product\/cpu-amd-ryzen-3-3200g\/#primaryimage"},"image":{"@id":"https:\/\/mersatradedz.com\/product\/cpu-amd-ryzen-3-3200g\/#primaryimage"},"thumbnailUrl":"https:\/\/mersatradedz.com\/wp-content\/uploads\/2024\/07\/6335.jpg","datePublished":"2024-07-31T10:37:37+00:00","dateModified":"2025-03-27T13:38:30+00:00","breadcrumb":{"@id":"https:\/\/mersatradedz.com\/product\/cpu-amd-ryzen-3-3200g\/#breadcrumb"},"inLanguage":"ar","potentialAction":[{"@type":"ReadAction","target":["https:\/\/mersatradedz.com\/product\/cpu-amd-ryzen-3-3200g\/"]}]},{"@type":"ImageObject","inLanguage":"ar","@id":"https:\/\/mersatradedz.com\/product\/cpu-amd-ryzen-3-3200g\/#primaryimage","url":"https:\/\/mersatradedz.com\/wp-content\/uploads\/2024\/07\/6335.jpg","contentUrl":"https:\/\/mersatradedz.com\/wp-content\/uploads\/2024\/07\/6335.jpg","width":598,"height":513},{"@type":"BreadcrumbList","@id":"https:\/\/mersatradedz.com\/product\/cpu-amd-ryzen-3-3200g\/#breadcrumb","itemListElement":[{"@type":"ListItem","position":1,"name":"Home","item":"https:\/\/mersatradedz.com\/ar\/"},{"@type":"ListItem","position":2,"name":"Boutique","item":"https:\/\/mersatradedz.com\/shop\/"},{"@type":"ListItem","position":3,"name":"CPU AMD Ryzen 3 3200G"}]},{"@type":"WebSite","@id":"https:\/\/mersatradedz.com\/#website","url":"https:\/\/mersatradedz.com\/","name":"mersatradedz","description":"","publisher":{"@id":"https:\/\/mersatradedz.com\/#organization"},"potentialAction":[{"@type":"SearchAction","target":{"@type":"EntryPoint","urlTemplate":"https:\/\/mersatradedz.com\/?s={search_term_string}"},"query-input":{"@type":"PropertyValueSpecification","valueRequired":true,"valueName":"search_term_string"}}],"inLanguage":"ar"},{"@type":"Organization","@id":"https:\/\/mersatradedz.com\/#organization","name":"mersa trade","url":"https:\/\/mersatradedz.com\/","logo":{"@type":"ImageObject","inLanguage":"ar","@id":"https:\/\/mersatradedz.com\/#\/schema\/logo\/image\/","url":"https:\/\/mersatradedz.com\/wp-content\/uploads\/2023\/07\/cropped-1684191296456.jpg","contentUrl":"https:\/\/mersatradedz.com\/wp-content\/uploads\/2023\/07\/cropped-1684191296456.jpg","width":1451,"height":955,"caption":"mersa trade"},"image":{"@id":"https:\/\/mersatradedz.com\/#\/schema\/logo\/image\/"},"sameAs":["https:\/\/www.facebook.com\/ntbidz"]}]}},"jetpack_sharing_enabled":true,"_links":{"self":[{"href":"https:\/\/mersatradedz.com\/ar\/wp-json\/wp\/v2\/product\/2361","targetHints":{"allow":["GET"]}}],"collection":[{"href":"https:\/\/mersatradedz.com\/ar\/wp-json\/wp\/v2\/product"}],"about":[{"href":"https:\/\/mersatradedz.com\/ar\/wp-json\/wp\/v2\/types\/product"}],"replies":[{"embeddable":true,"href":"https:\/\/mersatradedz.com\/ar\/wp-json\/wp\/v2\/comments?post=2361"}],"wp:featuredmedia":[{"embeddable":true,"href":"https:\/\/mersatradedz.com\/ar\/wp-json\/wp\/v2\/media\/2360"}],"wp:attachment":[{"href":"https:\/\/mersatradedz.com\/ar\/wp-json\/wp\/v2\/media?parent=2361"}],"wp:term":[{"taxonomy":"product_brand","embeddable":true,"href":"https:\/\/mersatradedz.com\/ar\/wp-json\/wp\/v2\/product_brand?post=2361"},{"taxonomy":"product_cat","embeddable":true,"href":"https:\/\/mersatradedz.com\/ar\/wp-json\/wp\/v2\/product_cat?post=2361"},{"taxonomy":"product_tag","embeddable":true,"href":"https:\/\/mersatradedz.com\/ar\/wp-json\/wp\/v2\/product_tag?post=2361"}],"curies":[{"name":"wp","href":"https:\/\/api.w.org\/{rel}","templated":true}]}}