{"id":2374,"date":"2024-07-31T11:58:59","date_gmt":"2024-07-31T10:58:59","guid":{"rendered":"https:\/\/mersatradedz.com\/product\/mars-gaming-mfd-rgb-fan-120-mm\/"},"modified":"2024-07-31T11:58:59","modified_gmt":"2024-07-31T10:58:59","slug":"mars-gaming-mfd-rgb-fan-120-mm","status":"publish","type":"product","link":"https:\/\/mersatradedz.com\/ar\/product\/mars-gaming-mfd-rgb-fan-120-mm\/","title":{"rendered":"Mars Gaming MFD RGB fan 120 mm"},"content":{"rendered":"<p>Description du produit Ventilateur Mars Gaming MFD RGB 120 mm<br \/>\nVENTILATEUR MFD CHROMA RGB.<\/p>\n<p>Ventilateur transparent avec impressionnant \u00e9clairage automatique DUAL CHROMA RGB et fonctionnement ultra silencieux avec syst\u00e8me anti-vibration.<\/p>\n<p>\u00c9CLAIRAGE DUAL CHROMA RGB.<\/p>\n<p>Superbe \u00e9clairage DUAL CHROMA RGB avec \u00e9clairage int\u00e9rieur et effet d&rsquo;anneau ext\u00e9rieur.<\/p>\n<p>Syst\u00e8me automatique sans besoin de pilotes : connectez-vous \u00e0 la source d&rsquo;alimentation et c&rsquo;est tout.<\/p>\n<p>VENTILATION SUP\u00c9RIEURE, SILENCE ABSOLU.<\/p>","protected":false},"excerpt":{"rendered":"<p>Description du produit Ventilateur Mars Gaming MFD RGB 120 mm VENTILATEUR MFD CHROMA RGB. Ventilateur transparent avec impressionnant \u00e9clairage automatique DUAL CHROMA RGB et fonctionnement ultra silencieux avec syst\u00e8me anti-vibration. \u00c9CLAIRAGE DUAL CHROMA RGB. Superbe \u00e9clairage DUAL CHROMA RGB avec \u00e9clairage int\u00e9rieur et effet d&rsquo;anneau ext\u00e9rieur. Syst\u00e8me automatique sans besoin de pilotes : connectez-vous \u00e0 [&hellip;]<\/p>\n","protected":false},"featured_media":2371,"comment_status":"open","ping_status":"closed","template":"","meta":{"_monsterinsights_skip_tracking":false,"_monsterinsights_sitenote_active":false,"_monsterinsights_sitenote_note":"","_monsterinsights_sitenote_category":0},"product_brand":[],"product_cat":[779],"product_tag":[],"class_list":{"0":"post-2374","1":"product","2":"type-product","3":"status-publish","4":"has-post-thumbnail","6":"product_cat-accessoir-gaming","8":"first","9":"instock","10":"shipping-taxable","11":"purchasable","12":"product-type-simple"},"yoast_head":"<!-- This site is optimized with the Yoast SEO plugin v27.4 - https:\/\/yoast.com\/product\/yoast-seo-wordpress\/ -->\n<title>Mars Gaming MFD RGB fan 120 mm - mersatradedz<\/title>\n<meta name=\"robots\" content=\"index, follow, max-snippet:-1, max-image-preview:large, max-video-preview:-1\" \/>\n<link rel=\"canonical\" href=\"https:\/\/mersatradedz.com\/ar\/product\/mars-gaming-mfd-rgb-fan-120-mm\/\" \/>\n<meta property=\"og:locale\" content=\"ar_AR\" \/>\n<meta property=\"og:type\" content=\"article\" \/>\n<meta property=\"og:title\" content=\"Mars Gaming MFD RGB fan 120 mm - mersatradedz\" \/>\n<meta property=\"og:description\" content=\"Description du produit Ventilateur Mars Gaming MFD RGB 120 mm VENTILATEUR MFD CHROMA RGB. Ventilateur transparent avec impressionnant \u00e9clairage automatique DUAL CHROMA RGB et fonctionnement ultra silencieux avec syst\u00e8me anti-vibration. \u00c9CLAIRAGE DUAL CHROMA RGB. Superbe \u00e9clairage DUAL CHROMA RGB avec \u00e9clairage int\u00e9rieur et effet d&rsquo;anneau ext\u00e9rieur. Syst\u00e8me automatique sans besoin de pilotes : connectez-vous \u00e0 [&hellip;]\" \/>\n<meta property=\"og:url\" content=\"https:\/\/mersatradedz.com\/ar\/product\/mars-gaming-mfd-rgb-fan-120-mm\/\" \/>\n<meta property=\"og:site_name\" content=\"mersatradedz\" \/>\n<meta property=\"article:publisher\" content=\"https:\/\/www.facebook.com\/ntbidz\" \/>\n<meta property=\"og:image\" content=\"https:\/\/mersatradedz.com\/wp-content\/uploads\/2024\/07\/6344.jpg\" \/>\n\t<meta property=\"og:image:width\" content=\"400\" \/>\n\t<meta property=\"og:image:height\" content=\"400\" \/>\n\t<meta property=\"og:image:type\" content=\"image\/jpeg\" \/>\n<meta name=\"twitter:card\" content=\"summary_large_image\" \/>\n<script type=\"application\/ld+json\" class=\"yoast-schema-graph\">{\"@context\":\"https:\\\/\\\/schema.org\",\"@graph\":[{\"@type\":\"WebPage\",\"@id\":\"https:\\\/\\\/mersatradedz.com\\\/product\\\/mars-gaming-mfd-rgb-fan-120-mm\\\/\",\"url\":\"https:\\\/\\\/mersatradedz.com\\\/product\\\/mars-gaming-mfd-rgb-fan-120-mm\\\/\",\"name\":\"Mars Gaming MFD RGB fan 120 mm - mersatradedz\",\"isPartOf\":{\"@id\":\"https:\\\/\\\/mersatradedz.com\\\/#website\"},\"primaryImageOfPage\":{\"@id\":\"https:\\\/\\\/mersatradedz.com\\\/product\\\/mars-gaming-mfd-rgb-fan-120-mm\\\/#primaryimage\"},\"image\":{\"@id\":\"https:\\\/\\\/mersatradedz.com\\\/product\\\/mars-gaming-mfd-rgb-fan-120-mm\\\/#primaryimage\"},\"thumbnailUrl\":\"https:\\\/\\\/mersatradedz.com\\\/wp-content\\\/uploads\\\/2024\\\/07\\\/6344.jpg\",\"datePublished\":\"2024-07-31T10:58:59+00:00\",\"breadcrumb\":{\"@id\":\"https:\\\/\\\/mersatradedz.com\\\/product\\\/mars-gaming-mfd-rgb-fan-120-mm\\\/#breadcrumb\"},\"inLanguage\":\"ar\",\"potentialAction\":[{\"@type\":\"ReadAction\",\"target\":[\"https:\\\/\\\/mersatradedz.com\\\/product\\\/mars-gaming-mfd-rgb-fan-120-mm\\\/\"]}]},{\"@type\":\"ImageObject\",\"inLanguage\":\"ar\",\"@id\":\"https:\\\/\\\/mersatradedz.com\\\/product\\\/mars-gaming-mfd-rgb-fan-120-mm\\\/#primaryimage\",\"url\":\"https:\\\/\\\/mersatradedz.com\\\/wp-content\\\/uploads\\\/2024\\\/07\\\/6344.jpg\",\"contentUrl\":\"https:\\\/\\\/mersatradedz.com\\\/wp-content\\\/uploads\\\/2024\\\/07\\\/6344.jpg\",\"width\":400,\"height\":400},{\"@type\":\"BreadcrumbList\",\"@id\":\"https:\\\/\\\/mersatradedz.com\\\/product\\\/mars-gaming-mfd-rgb-fan-120-mm\\\/#breadcrumb\",\"itemListElement\":[{\"@type\":\"ListItem\",\"position\":1,\"name\":\"Home\",\"item\":\"https:\\\/\\\/mersatradedz.com\\\/ar\\\/\"},{\"@type\":\"ListItem\",\"position\":2,\"name\":\"Boutique\",\"item\":\"https:\\\/\\\/mersatradedz.com\\\/shop\\\/\"},{\"@type\":\"ListItem\",\"position\":3,\"name\":\"Mars Gaming MFD RGB fan 120 mm\"}]},{\"@type\":\"WebSite\",\"@id\":\"https:\\\/\\\/mersatradedz.com\\\/#website\",\"url\":\"https:\\\/\\\/mersatradedz.com\\\/\",\"name\":\"mersatradedz\",\"description\":\"\",\"publisher\":{\"@id\":\"https:\\\/\\\/mersatradedz.com\\\/#organization\"},\"potentialAction\":[{\"@type\":\"SearchAction\",\"target\":{\"@type\":\"EntryPoint\",\"urlTemplate\":\"https:\\\/\\\/mersatradedz.com\\\/?s={search_term_string}\"},\"query-input\":{\"@type\":\"PropertyValueSpecification\",\"valueRequired\":true,\"valueName\":\"search_term_string\"}}],\"inLanguage\":\"ar\"},{\"@type\":\"Organization\",\"@id\":\"https:\\\/\\\/mersatradedz.com\\\/#organization\",\"name\":\"mersa trade\",\"url\":\"https:\\\/\\\/mersatradedz.com\\\/\",\"logo\":{\"@type\":\"ImageObject\",\"inLanguage\":\"ar\",\"@id\":\"https:\\\/\\\/mersatradedz.com\\\/#\\\/schema\\\/logo\\\/image\\\/\",\"url\":\"https:\\\/\\\/mersatradedz.com\\\/wp-content\\\/uploads\\\/2023\\\/07\\\/cropped-1684191296456.jpg\",\"contentUrl\":\"https:\\\/\\\/mersatradedz.com\\\/wp-content\\\/uploads\\\/2023\\\/07\\\/cropped-1684191296456.jpg\",\"width\":1451,\"height\":955,\"caption\":\"mersa trade\"},\"image\":{\"@id\":\"https:\\\/\\\/mersatradedz.com\\\/#\\\/schema\\\/logo\\\/image\\\/\"},\"sameAs\":[\"https:\\\/\\\/www.facebook.com\\\/ntbidz\"]}]}<\/script>\n<!-- \/ Yoast SEO plugin. -->","yoast_head_json":{"title":"Mars Gaming MFD RGB fan 120 mm - mersatradedz","robots":{"index":"index","follow":"follow","max-snippet":"max-snippet:-1","max-image-preview":"max-image-preview:large","max-video-preview":"max-video-preview:-1"},"canonical":"https:\/\/mersatradedz.com\/ar\/product\/mars-gaming-mfd-rgb-fan-120-mm\/","og_locale":"ar_AR","og_type":"article","og_title":"Mars Gaming MFD RGB fan 120 mm - mersatradedz","og_description":"Description du produit Ventilateur Mars Gaming MFD RGB 120 mm VENTILATEUR MFD CHROMA RGB. Ventilateur transparent avec impressionnant \u00e9clairage automatique DUAL CHROMA RGB et fonctionnement ultra silencieux avec syst\u00e8me anti-vibration. \u00c9CLAIRAGE DUAL CHROMA RGB. Superbe \u00e9clairage DUAL CHROMA RGB avec \u00e9clairage int\u00e9rieur et effet d&rsquo;anneau ext\u00e9rieur. Syst\u00e8me automatique sans besoin de pilotes : connectez-vous \u00e0 [&hellip;]","og_url":"https:\/\/mersatradedz.com\/ar\/product\/mars-gaming-mfd-rgb-fan-120-mm\/","og_site_name":"mersatradedz","article_publisher":"https:\/\/www.facebook.com\/ntbidz","og_image":[{"width":400,"height":400,"url":"https:\/\/mersatradedz.com\/wp-content\/uploads\/2024\/07\/6344.jpg","type":"image\/jpeg"}],"twitter_card":"summary_large_image","schema":{"@context":"https:\/\/schema.org","@graph":[{"@type":"WebPage","@id":"https:\/\/mersatradedz.com\/product\/mars-gaming-mfd-rgb-fan-120-mm\/","url":"https:\/\/mersatradedz.com\/product\/mars-gaming-mfd-rgb-fan-120-mm\/","name":"Mars Gaming MFD RGB fan 120 mm - mersatradedz","isPartOf":{"@id":"https:\/\/mersatradedz.com\/#website"},"primaryImageOfPage":{"@id":"https:\/\/mersatradedz.com\/product\/mars-gaming-mfd-rgb-fan-120-mm\/#primaryimage"},"image":{"@id":"https:\/\/mersatradedz.com\/product\/mars-gaming-mfd-rgb-fan-120-mm\/#primaryimage"},"thumbnailUrl":"https:\/\/mersatradedz.com\/wp-content\/uploads\/2024\/07\/6344.jpg","datePublished":"2024-07-31T10:58:59+00:00","breadcrumb":{"@id":"https:\/\/mersatradedz.com\/product\/mars-gaming-mfd-rgb-fan-120-mm\/#breadcrumb"},"inLanguage":"ar","potentialAction":[{"@type":"ReadAction","target":["https:\/\/mersatradedz.com\/product\/mars-gaming-mfd-rgb-fan-120-mm\/"]}]},{"@type":"ImageObject","inLanguage":"ar","@id":"https:\/\/mersatradedz.com\/product\/mars-gaming-mfd-rgb-fan-120-mm\/#primaryimage","url":"https:\/\/mersatradedz.com\/wp-content\/uploads\/2024\/07\/6344.jpg","contentUrl":"https:\/\/mersatradedz.com\/wp-content\/uploads\/2024\/07\/6344.jpg","width":400,"height":400},{"@type":"BreadcrumbList","@id":"https:\/\/mersatradedz.com\/product\/mars-gaming-mfd-rgb-fan-120-mm\/#breadcrumb","itemListElement":[{"@type":"ListItem","position":1,"name":"Home","item":"https:\/\/mersatradedz.com\/ar\/"},{"@type":"ListItem","position":2,"name":"Boutique","item":"https:\/\/mersatradedz.com\/shop\/"},{"@type":"ListItem","position":3,"name":"Mars Gaming MFD RGB fan 120 mm"}]},{"@type":"WebSite","@id":"https:\/\/mersatradedz.com\/#website","url":"https:\/\/mersatradedz.com\/","name":"mersatradedz","description":"","publisher":{"@id":"https:\/\/mersatradedz.com\/#organization"},"potentialAction":[{"@type":"SearchAction","target":{"@type":"EntryPoint","urlTemplate":"https:\/\/mersatradedz.com\/?s={search_term_string}"},"query-input":{"@type":"PropertyValueSpecification","valueRequired":true,"valueName":"search_term_string"}}],"inLanguage":"ar"},{"@type":"Organization","@id":"https:\/\/mersatradedz.com\/#organization","name":"mersa trade","url":"https:\/\/mersatradedz.com\/","logo":{"@type":"ImageObject","inLanguage":"ar","@id":"https:\/\/mersatradedz.com\/#\/schema\/logo\/image\/","url":"https:\/\/mersatradedz.com\/wp-content\/uploads\/2023\/07\/cropped-1684191296456.jpg","contentUrl":"https:\/\/mersatradedz.com\/wp-content\/uploads\/2023\/07\/cropped-1684191296456.jpg","width":1451,"height":955,"caption":"mersa trade"},"image":{"@id":"https:\/\/mersatradedz.com\/#\/schema\/logo\/image\/"},"sameAs":["https:\/\/www.facebook.com\/ntbidz"]}]}},"jetpack_sharing_enabled":true,"_links":{"self":[{"href":"https:\/\/mersatradedz.com\/ar\/wp-json\/wp\/v2\/product\/2374","targetHints":{"allow":["GET"]}}],"collection":[{"href":"https:\/\/mersatradedz.com\/ar\/wp-json\/wp\/v2\/product"}],"about":[{"href":"https:\/\/mersatradedz.com\/ar\/wp-json\/wp\/v2\/types\/product"}],"replies":[{"embeddable":true,"href":"https:\/\/mersatradedz.com\/ar\/wp-json\/wp\/v2\/comments?post=2374"}],"wp:featuredmedia":[{"embeddable":true,"href":"https:\/\/mersatradedz.com\/ar\/wp-json\/wp\/v2\/media\/2371"}],"wp:attachment":[{"href":"https:\/\/mersatradedz.com\/ar\/wp-json\/wp\/v2\/media?parent=2374"}],"wp:term":[{"taxonomy":"product_brand","embeddable":true,"href":"https:\/\/mersatradedz.com\/ar\/wp-json\/wp\/v2\/product_brand?post=2374"},{"taxonomy":"product_cat","embeddable":true,"href":"https:\/\/mersatradedz.com\/ar\/wp-json\/wp\/v2\/product_cat?post=2374"},{"taxonomy":"product_tag","embeddable":true,"href":"https:\/\/mersatradedz.com\/ar\/wp-json\/wp\/v2\/product_tag?post=2374"}],"curies":[{"name":"wp","href":"https:\/\/api.w.org\/{rel}","templated":true}]}}