{"id":239,"date":"2023-05-15T18:42:58","date_gmt":"2023-05-15T17:42:58","guid":{"rendered":"https:\/\/mersatradedz.com\/?post_type=product&#038;p=239"},"modified":"2023-08-09T09:33:13","modified_gmt":"2023-08-09T08:33:13","slug":"cd-vierge-virbatem","status":"publish","type":"product","link":"https:\/\/mersatradedz.com\/ar\/product\/cd-vierge-virbatem\/","title":{"rendered":"Verbatim CD-R 700MB imprimable 50 Pack"},"content":{"rendered":"<p>Pack de 50 CD-R vierge Verbatim<br \/>\nCapacit\u00e9 du disque: 700 Mo \/ 80 minutes<br \/>\nR\u00e9sistance sup\u00e9rieure aux UV et aux agressions de l\u2019environnement.<br \/>\nDur\u00e9e d\u2019archivage: jusqu\u2019\u00e0 60 ans<br \/>\nTaux d\u2019erreurs tr\u00e8s bas avec la majorit\u00e9 des graveurs CD du march\u00e9.<br \/>\nUne vitesse maximale de gravure jusqu\u2019\u00e0 52x, ce qui signifie qu\u2019un CD entier est enregistr\u00e9 en 2 minutes.<br \/>\nSurface d\u2019enregistrement: PHTALOCYANINE<br \/>\nR\u00e9f\u00e9rence du fabricant:<\/p>\n<p>Reference: 2510<\/p>","protected":false},"excerpt":{"rendered":"<p>Pack de 50 CD-R vierge Verbatim Capacit\u00e9 du disque: 700 Mo \/ 80 minutes R\u00e9sistance sup\u00e9rieure aux UV et aux agressions de l\u2019environnement. Dur\u00e9e d\u2019archivage: jusqu\u2019\u00e0 60 ans Taux d\u2019erreurs tr\u00e8s bas avec la majorit\u00e9 des graveurs CD du march\u00e9. Une vitesse maximale de gravure jusqu\u2019\u00e0 52x, ce qui signifie qu\u2019un CD entier est enregistr\u00e9 [&hellip;]<\/p>\n","protected":false},"featured_media":1645,"comment_status":"open","ping_status":"closed","template":"","meta":{"_monsterinsights_skip_tracking":false,"_monsterinsights_sitenote_active":false,"_monsterinsights_sitenote_note":"","_monsterinsights_sitenote_category":0},"product_brand":[],"product_cat":[24],"product_tag":[],"class_list":{"0":"post-239","1":"product","2":"type-product","3":"status-publish","4":"has-post-thumbnail","6":"product_cat-accessoire","8":"first","9":"instock","10":"shipping-taxable","11":"purchasable","12":"product-type-simple"},"yoast_head":"<!-- This site is optimized with the Yoast SEO plugin v27.4 - https:\/\/yoast.com\/product\/yoast-seo-wordpress\/ -->\n<title>Verbatim CD-R 700MB imprimable 50 Pack - mersatradedz<\/title>\n<meta name=\"robots\" content=\"index, follow, max-snippet:-1, max-image-preview:large, max-video-preview:-1\" \/>\n<link rel=\"canonical\" href=\"https:\/\/mersatradedz.com\/ar\/product\/cd-vierge-virbatem\/\" \/>\n<meta property=\"og:locale\" content=\"ar_AR\" \/>\n<meta property=\"og:type\" content=\"article\" \/>\n<meta property=\"og:title\" content=\"Verbatim CD-R 700MB imprimable 50 Pack - mersatradedz\" \/>\n<meta property=\"og:description\" content=\"Pack de 50 CD-R vierge Verbatim Capacit\u00e9 du disque: 700 Mo \/ 80 minutes R\u00e9sistance sup\u00e9rieure aux UV et aux agressions de l\u2019environnement. Dur\u00e9e d\u2019archivage: jusqu\u2019\u00e0 60 ans Taux d\u2019erreurs tr\u00e8s bas avec la majorit\u00e9 des graveurs CD du march\u00e9. Une vitesse maximale de gravure jusqu\u2019\u00e0 52x, ce qui signifie qu\u2019un CD entier est enregistr\u00e9 [&hellip;]\" \/>\n<meta property=\"og:url\" content=\"https:\/\/mersatradedz.com\/ar\/product\/cd-vierge-virbatem\/\" \/>\n<meta property=\"og:site_name\" content=\"mersatradedz\" \/>\n<meta property=\"article:publisher\" content=\"https:\/\/www.facebook.com\/ntbidz\" \/>\n<meta property=\"article:modified_time\" content=\"2023-08-09T08:33:13+00:00\" \/>\n<meta property=\"og:image\" content=\"https:\/\/mersatradedz.com\/wp-content\/uploads\/2023\/08\/1000021223.jpg\" \/>\n\t<meta property=\"og:image:width\" content=\"500\" \/>\n\t<meta property=\"og:image:height\" content=\"497\" \/>\n\t<meta property=\"og:image:type\" content=\"image\/jpeg\" \/>\n<meta name=\"twitter:card\" content=\"summary_large_image\" \/>\n<script type=\"application\/ld+json\" class=\"yoast-schema-graph\">{\"@context\":\"https:\\\/\\\/schema.org\",\"@graph\":[{\"@type\":\"WebPage\",\"@id\":\"https:\\\/\\\/mersatradedz.com\\\/product\\\/cd-vierge-virbatem\\\/\",\"url\":\"https:\\\/\\\/mersatradedz.com\\\/product\\\/cd-vierge-virbatem\\\/\",\"name\":\"Verbatim CD-R 700MB imprimable 50 Pack - mersatradedz\",\"isPartOf\":{\"@id\":\"https:\\\/\\\/mersatradedz.com\\\/#website\"},\"primaryImageOfPage\":{\"@id\":\"https:\\\/\\\/mersatradedz.com\\\/product\\\/cd-vierge-virbatem\\\/#primaryimage\"},\"image\":{\"@id\":\"https:\\\/\\\/mersatradedz.com\\\/product\\\/cd-vierge-virbatem\\\/#primaryimage\"},\"thumbnailUrl\":\"https:\\\/\\\/mersatradedz.com\\\/wp-content\\\/uploads\\\/2023\\\/08\\\/1000021223.jpg\",\"datePublished\":\"2023-05-15T17:42:58+00:00\",\"dateModified\":\"2023-08-09T08:33:13+00:00\",\"breadcrumb\":{\"@id\":\"https:\\\/\\\/mersatradedz.com\\\/product\\\/cd-vierge-virbatem\\\/#breadcrumb\"},\"inLanguage\":\"ar\",\"potentialAction\":[{\"@type\":\"ReadAction\",\"target\":[\"https:\\\/\\\/mersatradedz.com\\\/product\\\/cd-vierge-virbatem\\\/\"]}]},{\"@type\":\"ImageObject\",\"inLanguage\":\"ar\",\"@id\":\"https:\\\/\\\/mersatradedz.com\\\/product\\\/cd-vierge-virbatem\\\/#primaryimage\",\"url\":\"https:\\\/\\\/mersatradedz.com\\\/wp-content\\\/uploads\\\/2023\\\/08\\\/1000021223.jpg\",\"contentUrl\":\"https:\\\/\\\/mersatradedz.com\\\/wp-content\\\/uploads\\\/2023\\\/08\\\/1000021223.jpg\",\"width\":500,\"height\":497},{\"@type\":\"BreadcrumbList\",\"@id\":\"https:\\\/\\\/mersatradedz.com\\\/product\\\/cd-vierge-virbatem\\\/#breadcrumb\",\"itemListElement\":[{\"@type\":\"ListItem\",\"position\":1,\"name\":\"Home\",\"item\":\"https:\\\/\\\/mersatradedz.com\\\/ar\\\/\"},{\"@type\":\"ListItem\",\"position\":2,\"name\":\"Boutique\",\"item\":\"https:\\\/\\\/mersatradedz.com\\\/shop\\\/\"},{\"@type\":\"ListItem\",\"position\":3,\"name\":\"Verbatim CD-R 700MB imprimable 50 Pack\"}]},{\"@type\":\"WebSite\",\"@id\":\"https:\\\/\\\/mersatradedz.com\\\/#website\",\"url\":\"https:\\\/\\\/mersatradedz.com\\\/\",\"name\":\"mersatradedz\",\"description\":\"\",\"publisher\":{\"@id\":\"https:\\\/\\\/mersatradedz.com\\\/#organization\"},\"potentialAction\":[{\"@type\":\"SearchAction\",\"target\":{\"@type\":\"EntryPoint\",\"urlTemplate\":\"https:\\\/\\\/mersatradedz.com\\\/?s={search_term_string}\"},\"query-input\":{\"@type\":\"PropertyValueSpecification\",\"valueRequired\":true,\"valueName\":\"search_term_string\"}}],\"inLanguage\":\"ar\"},{\"@type\":\"Organization\",\"@id\":\"https:\\\/\\\/mersatradedz.com\\\/#organization\",\"name\":\"mersa trade\",\"url\":\"https:\\\/\\\/mersatradedz.com\\\/\",\"logo\":{\"@type\":\"ImageObject\",\"inLanguage\":\"ar\",\"@id\":\"https:\\\/\\\/mersatradedz.com\\\/#\\\/schema\\\/logo\\\/image\\\/\",\"url\":\"https:\\\/\\\/mersatradedz.com\\\/wp-content\\\/uploads\\\/2023\\\/07\\\/cropped-1684191296456.jpg\",\"contentUrl\":\"https:\\\/\\\/mersatradedz.com\\\/wp-content\\\/uploads\\\/2023\\\/07\\\/cropped-1684191296456.jpg\",\"width\":1451,\"height\":955,\"caption\":\"mersa trade\"},\"image\":{\"@id\":\"https:\\\/\\\/mersatradedz.com\\\/#\\\/schema\\\/logo\\\/image\\\/\"},\"sameAs\":[\"https:\\\/\\\/www.facebook.com\\\/ntbidz\"]}]}<\/script>\n<!-- \/ Yoast SEO plugin. -->","yoast_head_json":{"title":"Verbatim CD-R 700MB imprimable 50 Pack - mersatradedz","robots":{"index":"index","follow":"follow","max-snippet":"max-snippet:-1","max-image-preview":"max-image-preview:large","max-video-preview":"max-video-preview:-1"},"canonical":"https:\/\/mersatradedz.com\/ar\/product\/cd-vierge-virbatem\/","og_locale":"ar_AR","og_type":"article","og_title":"Verbatim CD-R 700MB imprimable 50 Pack - mersatradedz","og_description":"Pack de 50 CD-R vierge Verbatim Capacit\u00e9 du disque: 700 Mo \/ 80 minutes R\u00e9sistance sup\u00e9rieure aux UV et aux agressions de l\u2019environnement. Dur\u00e9e d\u2019archivage: jusqu\u2019\u00e0 60 ans Taux d\u2019erreurs tr\u00e8s bas avec la majorit\u00e9 des graveurs CD du march\u00e9. Une vitesse maximale de gravure jusqu\u2019\u00e0 52x, ce qui signifie qu\u2019un CD entier est enregistr\u00e9 [&hellip;]","og_url":"https:\/\/mersatradedz.com\/ar\/product\/cd-vierge-virbatem\/","og_site_name":"mersatradedz","article_publisher":"https:\/\/www.facebook.com\/ntbidz","article_modified_time":"2023-08-09T08:33:13+00:00","og_image":[{"width":500,"height":497,"url":"https:\/\/mersatradedz.com\/wp-content\/uploads\/2023\/08\/1000021223.jpg","type":"image\/jpeg"}],"twitter_card":"summary_large_image","schema":{"@context":"https:\/\/schema.org","@graph":[{"@type":"WebPage","@id":"https:\/\/mersatradedz.com\/product\/cd-vierge-virbatem\/","url":"https:\/\/mersatradedz.com\/product\/cd-vierge-virbatem\/","name":"Verbatim CD-R 700MB imprimable 50 Pack - mersatradedz","isPartOf":{"@id":"https:\/\/mersatradedz.com\/#website"},"primaryImageOfPage":{"@id":"https:\/\/mersatradedz.com\/product\/cd-vierge-virbatem\/#primaryimage"},"image":{"@id":"https:\/\/mersatradedz.com\/product\/cd-vierge-virbatem\/#primaryimage"},"thumbnailUrl":"https:\/\/mersatradedz.com\/wp-content\/uploads\/2023\/08\/1000021223.jpg","datePublished":"2023-05-15T17:42:58+00:00","dateModified":"2023-08-09T08:33:13+00:00","breadcrumb":{"@id":"https:\/\/mersatradedz.com\/product\/cd-vierge-virbatem\/#breadcrumb"},"inLanguage":"ar","potentialAction":[{"@type":"ReadAction","target":["https:\/\/mersatradedz.com\/product\/cd-vierge-virbatem\/"]}]},{"@type":"ImageObject","inLanguage":"ar","@id":"https:\/\/mersatradedz.com\/product\/cd-vierge-virbatem\/#primaryimage","url":"https:\/\/mersatradedz.com\/wp-content\/uploads\/2023\/08\/1000021223.jpg","contentUrl":"https:\/\/mersatradedz.com\/wp-content\/uploads\/2023\/08\/1000021223.jpg","width":500,"height":497},{"@type":"BreadcrumbList","@id":"https:\/\/mersatradedz.com\/product\/cd-vierge-virbatem\/#breadcrumb","itemListElement":[{"@type":"ListItem","position":1,"name":"Home","item":"https:\/\/mersatradedz.com\/ar\/"},{"@type":"ListItem","position":2,"name":"Boutique","item":"https:\/\/mersatradedz.com\/shop\/"},{"@type":"ListItem","position":3,"name":"Verbatim CD-R 700MB imprimable 50 Pack"}]},{"@type":"WebSite","@id":"https:\/\/mersatradedz.com\/#website","url":"https:\/\/mersatradedz.com\/","name":"mersatradedz","description":"","publisher":{"@id":"https:\/\/mersatradedz.com\/#organization"},"potentialAction":[{"@type":"SearchAction","target":{"@type":"EntryPoint","urlTemplate":"https:\/\/mersatradedz.com\/?s={search_term_string}"},"query-input":{"@type":"PropertyValueSpecification","valueRequired":true,"valueName":"search_term_string"}}],"inLanguage":"ar"},{"@type":"Organization","@id":"https:\/\/mersatradedz.com\/#organization","name":"mersa trade","url":"https:\/\/mersatradedz.com\/","logo":{"@type":"ImageObject","inLanguage":"ar","@id":"https:\/\/mersatradedz.com\/#\/schema\/logo\/image\/","url":"https:\/\/mersatradedz.com\/wp-content\/uploads\/2023\/07\/cropped-1684191296456.jpg","contentUrl":"https:\/\/mersatradedz.com\/wp-content\/uploads\/2023\/07\/cropped-1684191296456.jpg","width":1451,"height":955,"caption":"mersa trade"},"image":{"@id":"https:\/\/mersatradedz.com\/#\/schema\/logo\/image\/"},"sameAs":["https:\/\/www.facebook.com\/ntbidz"]}]}},"jetpack_sharing_enabled":true,"_links":{"self":[{"href":"https:\/\/mersatradedz.com\/ar\/wp-json\/wp\/v2\/product\/239","targetHints":{"allow":["GET"]}}],"collection":[{"href":"https:\/\/mersatradedz.com\/ar\/wp-json\/wp\/v2\/product"}],"about":[{"href":"https:\/\/mersatradedz.com\/ar\/wp-json\/wp\/v2\/types\/product"}],"replies":[{"embeddable":true,"href":"https:\/\/mersatradedz.com\/ar\/wp-json\/wp\/v2\/comments?post=239"}],"wp:featuredmedia":[{"embeddable":true,"href":"https:\/\/mersatradedz.com\/ar\/wp-json\/wp\/v2\/media\/1645"}],"wp:attachment":[{"href":"https:\/\/mersatradedz.com\/ar\/wp-json\/wp\/v2\/media?parent=239"}],"wp:term":[{"taxonomy":"product_brand","embeddable":true,"href":"https:\/\/mersatradedz.com\/ar\/wp-json\/wp\/v2\/product_brand?post=239"},{"taxonomy":"product_cat","embeddable":true,"href":"https:\/\/mersatradedz.com\/ar\/wp-json\/wp\/v2\/product_cat?post=239"},{"taxonomy":"product_tag","embeddable":true,"href":"https:\/\/mersatradedz.com\/ar\/wp-json\/wp\/v2\/product_tag?post=239"}],"curies":[{"name":"wp","href":"https:\/\/api.w.org\/{rel}","templated":true}]}}