{"id":2416,"date":"2024-08-01T09:58:46","date_gmt":"2024-08-01T08:58:46","guid":{"rendered":"https:\/\/mersatradedz.com\/product\/dualshock4-wireless-controller\/"},"modified":"2025-06-29T10:27:09","modified_gmt":"2025-06-29T09:27:09","slug":"dualshock4-wireless-controller","status":"publish","type":"product","link":"https:\/\/mersatradedz.com\/ar\/product\/dualshock4-wireless-controller\/","title":{"rendered":"Manette PS4 DualShock 4"},"content":{"rendered":"<h3 data-start=\"686\" data-end=\"825\"><strong data-start=\"686\" data-end=\"712\">Conception ergonomique<\/strong><\/h3>\n<p data-start=\"686\" data-end=\"825\">Design confortable et bien \u00e9quilibr\u00e9, adapt\u00e9 aux longues sessions de jeu. Prise en main intuitive et agr\u00e9able.<\/p>\n<h3 data-start=\"827\" data-end=\"974\"><strong data-start=\"827\" data-end=\"846\">Contr\u00f4le pr\u00e9cis<\/strong><\/h3>\n<p data-start=\"827\" data-end=\"974\">Sticks analogiques r\u00e9actifs, g\u00e2chettes sensibles \u00e0 la pression et boutons bien positionn\u00e9s pour une exp\u00e9rience de jeu fluide.<\/p>\n<h3 data-start=\"976\" data-end=\"1006\"><strong data-start=\"976\" data-end=\"1004\">Fonctionnalit\u00e9s avanc\u00e9es<\/strong><\/h3>\n<ul data-start=\"1007\" data-end=\"1249\">\n<li data-start=\"1007\" data-end=\"1065\">\n<p data-start=\"1009\" data-end=\"1065\"><strong data-start=\"1009\" data-end=\"1033\">Pav\u00e9 tactile central<\/strong> pour une navigation intuitive<\/p>\n<\/li>\n<li data-start=\"1066\" data-end=\"1122\">\n<p data-start=\"1068\" data-end=\"1122\"><strong data-start=\"1068\" data-end=\"1091\">Barre lumineuse LED<\/strong> pour une meilleure immersion<\/p>\n<\/li>\n<li data-start=\"1123\" data-end=\"1191\">\n<p data-start=\"1125\" data-end=\"1191\"><strong data-start=\"1125\" data-end=\"1152\">Vibration double moteur<\/strong> pour des retours haptiques r\u00e9alistes<\/p>\n<\/li>\n<li data-start=\"1192\" data-end=\"1249\">\n<p data-start=\"1194\" data-end=\"1249\"><strong data-start=\"1194\" data-end=\"1218\">Haut-parleur int\u00e9gr\u00e9<\/strong> et <strong data-start=\"1222\" data-end=\"1249\">prise casque jack 3.5mm<\/strong><\/p>\n<\/li>\n<\/ul>\n<h3 data-start=\"1251\" data-end=\"1421\"><strong data-start=\"1251\" data-end=\"1273\">Connexion sans fil<\/strong><\/h3>\n<p data-start=\"1251\" data-end=\"1421\">Technologie <strong data-start=\"1288\" data-end=\"1301\">Bluetooth<\/strong> int\u00e9gr\u00e9e pour une connexion rapide \u00e0 la PS4, et \u00e9galement compatible avec <strong data-start=\"1376\" data-end=\"1398\">PC \/ Android \/ iOS<\/strong> via c\u00e2ble ou sans fil.<\/p>\n<h3 data-start=\"1423\" data-end=\"1551\"><strong data-start=\"1423\" data-end=\"1448\">Batterie rechargeable<\/strong><\/h3>\n<p data-start=\"1423\" data-end=\"1551\">Batterie lithium int\u00e9gr\u00e9e, autonomie jusqu\u2019\u00e0 <strong data-start=\"1496\" data-end=\"1512\">6 \u00e0 8 heures<\/strong>, rechargeable via <strong data-start=\"1531\" data-end=\"1550\">c\u00e2ble micro-USB<\/strong>.<\/p>\n<h3 data-start=\"1553\" data-end=\"1584\"><strong data-start=\"1553\" data-end=\"1582\">Sp\u00e9cifications techniques<\/strong><\/h3>\n<ul data-start=\"1585\" data-end=\"1895\">\n<li data-start=\"1585\" data-end=\"1624\">\n<p data-start=\"1587\" data-end=\"1624\">Type : Manette sans fil DualShock 4<\/p>\n<\/li>\n<li data-start=\"1625\" data-end=\"1684\">\n<p data-start=\"1627\" data-end=\"1684\">Compatibilit\u00e9 : PS4, PC, Android (via app ou c\u00e2ble OTG)<\/p>\n<\/li>\n<li data-start=\"1685\" data-end=\"1716\">\n<p data-start=\"1687\" data-end=\"1716\">Connexion : Bluetooth + USB<\/p>\n<\/li>\n<li data-start=\"1717\" data-end=\"1779\">\n<p data-start=\"1719\" data-end=\"1779\">Fonctions : Pav\u00e9 tactile, vibration, lumi\u00e8re, haut-parleur<\/p>\n<\/li>\n<li data-start=\"1780\" data-end=\"1837\">\n<p data-start=\"1782\" data-end=\"1837\">Couleurs disponibles : Noir, Bleu, Rouge, Camouflage\u2026<\/p>\n<\/li>\n<li data-start=\"1838\" data-end=\"1895\">\n<p data-start=\"1840\" data-end=\"1895\">Recharge : c\u00e2ble micro-USB (non inclus ou selon mod\u00e8le)<\/p>\n<\/li>\n<\/ul>\n<h3 data-start=\"1897\" data-end=\"2079\"><strong data-start=\"1897\" data-end=\"1926\">Compatible<\/strong><\/h3>\n<p data-start=\"1897\" data-end=\"2079\">Parfaite pour jouer sur <strong data-start=\"1953\" data-end=\"1960\">PS4<\/strong>, ou pour une utilisation sur <strong data-start=\"1990\" data-end=\"2018\">ordinateur ou smartphone<\/strong>, la DualShock 4 reste une valeur s\u00fbre pour tous les joueurs.<\/p>","protected":false},"excerpt":{"rendered":"<p>La <strong data-start=\"375\" data-end=\"402\">Manette PS4 DualShock 4<\/strong> offre une exp\u00e9rience de jeu fluide, pr\u00e9cise et immersive. Avec son pav\u00e9 tactile, ses sticks analogiques optimis\u00e9s et sa connectivit\u00e9 Bluetooth, elle reste la r\u00e9f\u00e9rence pour les joueurs sur PlayStation 4 et PC.<\/p>","protected":false},"featured_media":2415,"comment_status":"open","ping_status":"closed","template":"","meta":{"_monsterinsights_skip_tracking":false,"_monsterinsights_sitenote_active":false,"_monsterinsights_sitenote_note":"","_monsterinsights_sitenote_category":0},"product_brand":[],"product_cat":[779],"product_tag":[780],"class_list":{"0":"post-2416","1":"product","2":"type-product","3":"status-publish","4":"has-post-thumbnail","6":"product_cat-accessoir-gaming","7":"product_tag-ps4","9":"first","10":"instock","11":"purchasable","12":"product-type-simple"},"yoast_head":"<!-- This site is optimized with the Yoast SEO plugin v27.4 - https:\/\/yoast.com\/product\/yoast-seo-wordpress\/ -->\n<title>Manette PS4 DualShock 4 - mersatradedz<\/title>\n<meta name=\"robots\" content=\"index, follow, max-snippet:-1, max-image-preview:large, max-video-preview:-1\" \/>\n<link rel=\"canonical\" href=\"https:\/\/mersatradedz.com\/ar\/product\/dualshock4-wireless-controller\/\" \/>\n<meta property=\"og:locale\" content=\"ar_AR\" \/>\n<meta property=\"og:type\" content=\"article\" \/>\n<meta property=\"og:title\" content=\"Manette PS4 DualShock 4 - mersatradedz\" \/>\n<meta property=\"og:description\" content=\"La Manette PS4 DualShock 4 offre une exp\u00e9rience de jeu fluide, pr\u00e9cise et immersive. Avec son pav\u00e9 tactile, ses sticks analogiques optimis\u00e9s et sa connectivit\u00e9 Bluetooth, elle reste la r\u00e9f\u00e9rence pour les joueurs sur PlayStation 4 et PC.\" \/>\n<meta property=\"og:url\" content=\"https:\/\/mersatradedz.com\/ar\/product\/dualshock4-wireless-controller\/\" \/>\n<meta property=\"og:site_name\" content=\"mersatradedz\" \/>\n<meta property=\"article:publisher\" content=\"https:\/\/www.facebook.com\/ntbidz\" \/>\n<meta property=\"article:modified_time\" content=\"2025-06-29T09:27:09+00:00\" \/>\n<meta property=\"og:image\" content=\"https:\/\/mersatradedz.com\/wp-content\/uploads\/2024\/08\/6379.jpg\" \/>\n\t<meta property=\"og:image:width\" content=\"822\" \/>\n\t<meta property=\"og:image:height\" content=\"1000\" \/>\n\t<meta property=\"og:image:type\" content=\"image\/jpeg\" \/>\n<meta name=\"twitter:card\" content=\"summary_large_image\" \/>\n<meta name=\"twitter:label1\" content=\"\u0648\u0642\u062a \u0627\u0644\u0642\u0631\u0627\u0621\u0629 \u0627\u0644\u0645\u064f\u0642\u062f\u0651\u0631\" \/>\n\t<meta name=\"twitter:data1\" content=\"\u062f\u0642\u064a\u0642\u0629 \u0648\u0627\u062d\u062f\u0629\" \/>\n<script type=\"application\/ld+json\" class=\"yoast-schema-graph\">{\"@context\":\"https:\\\/\\\/schema.org\",\"@graph\":[{\"@type\":\"WebPage\",\"@id\":\"https:\\\/\\\/mersatradedz.com\\\/product\\\/dualshock4-wireless-controller\\\/\",\"url\":\"https:\\\/\\\/mersatradedz.com\\\/product\\\/dualshock4-wireless-controller\\\/\",\"name\":\"Manette PS4 DualShock 4 - mersatradedz\",\"isPartOf\":{\"@id\":\"https:\\\/\\\/mersatradedz.com\\\/#website\"},\"primaryImageOfPage\":{\"@id\":\"https:\\\/\\\/mersatradedz.com\\\/product\\\/dualshock4-wireless-controller\\\/#primaryimage\"},\"image\":{\"@id\":\"https:\\\/\\\/mersatradedz.com\\\/product\\\/dualshock4-wireless-controller\\\/#primaryimage\"},\"thumbnailUrl\":\"https:\\\/\\\/mersatradedz.com\\\/wp-content\\\/uploads\\\/2024\\\/08\\\/6379.jpg\",\"datePublished\":\"2024-08-01T08:58:46+00:00\",\"dateModified\":\"2025-06-29T09:27:09+00:00\",\"breadcrumb\":{\"@id\":\"https:\\\/\\\/mersatradedz.com\\\/product\\\/dualshock4-wireless-controller\\\/#breadcrumb\"},\"inLanguage\":\"ar\",\"potentialAction\":[{\"@type\":\"ReadAction\",\"target\":[\"https:\\\/\\\/mersatradedz.com\\\/product\\\/dualshock4-wireless-controller\\\/\"]}]},{\"@type\":\"ImageObject\",\"inLanguage\":\"ar\",\"@id\":\"https:\\\/\\\/mersatradedz.com\\\/product\\\/dualshock4-wireless-controller\\\/#primaryimage\",\"url\":\"https:\\\/\\\/mersatradedz.com\\\/wp-content\\\/uploads\\\/2024\\\/08\\\/6379.jpg\",\"contentUrl\":\"https:\\\/\\\/mersatradedz.com\\\/wp-content\\\/uploads\\\/2024\\\/08\\\/6379.jpg\",\"width\":822,\"height\":1000},{\"@type\":\"BreadcrumbList\",\"@id\":\"https:\\\/\\\/mersatradedz.com\\\/product\\\/dualshock4-wireless-controller\\\/#breadcrumb\",\"itemListElement\":[{\"@type\":\"ListItem\",\"position\":1,\"name\":\"Home\",\"item\":\"https:\\\/\\\/mersatradedz.com\\\/ar\\\/\"},{\"@type\":\"ListItem\",\"position\":2,\"name\":\"Boutique\",\"item\":\"https:\\\/\\\/mersatradedz.com\\\/shop\\\/\"},{\"@type\":\"ListItem\",\"position\":3,\"name\":\"Manette PS4 DualShock 4\"}]},{\"@type\":\"WebSite\",\"@id\":\"https:\\\/\\\/mersatradedz.com\\\/#website\",\"url\":\"https:\\\/\\\/mersatradedz.com\\\/\",\"name\":\"mersatradedz\",\"description\":\"\",\"publisher\":{\"@id\":\"https:\\\/\\\/mersatradedz.com\\\/#organization\"},\"potentialAction\":[{\"@type\":\"SearchAction\",\"target\":{\"@type\":\"EntryPoint\",\"urlTemplate\":\"https:\\\/\\\/mersatradedz.com\\\/?s={search_term_string}\"},\"query-input\":{\"@type\":\"PropertyValueSpecification\",\"valueRequired\":true,\"valueName\":\"search_term_string\"}}],\"inLanguage\":\"ar\"},{\"@type\":\"Organization\",\"@id\":\"https:\\\/\\\/mersatradedz.com\\\/#organization\",\"name\":\"mersa trade\",\"url\":\"https:\\\/\\\/mersatradedz.com\\\/\",\"logo\":{\"@type\":\"ImageObject\",\"inLanguage\":\"ar\",\"@id\":\"https:\\\/\\\/mersatradedz.com\\\/#\\\/schema\\\/logo\\\/image\\\/\",\"url\":\"https:\\\/\\\/mersatradedz.com\\\/wp-content\\\/uploads\\\/2023\\\/07\\\/cropped-1684191296456.jpg\",\"contentUrl\":\"https:\\\/\\\/mersatradedz.com\\\/wp-content\\\/uploads\\\/2023\\\/07\\\/cropped-1684191296456.jpg\",\"width\":1451,\"height\":955,\"caption\":\"mersa trade\"},\"image\":{\"@id\":\"https:\\\/\\\/mersatradedz.com\\\/#\\\/schema\\\/logo\\\/image\\\/\"},\"sameAs\":[\"https:\\\/\\\/www.facebook.com\\\/ntbidz\"]}]}<\/script>\n<!-- \/ Yoast SEO plugin. -->","yoast_head_json":{"title":"Manette PS4 DualShock 4 - mersatradedz","robots":{"index":"index","follow":"follow","max-snippet":"max-snippet:-1","max-image-preview":"max-image-preview:large","max-video-preview":"max-video-preview:-1"},"canonical":"https:\/\/mersatradedz.com\/ar\/product\/dualshock4-wireless-controller\/","og_locale":"ar_AR","og_type":"article","og_title":"Manette PS4 DualShock 4 - mersatradedz","og_description":"La Manette PS4 DualShock 4 offre une exp\u00e9rience de jeu fluide, pr\u00e9cise et immersive. Avec son pav\u00e9 tactile, ses sticks analogiques optimis\u00e9s et sa connectivit\u00e9 Bluetooth, elle reste la r\u00e9f\u00e9rence pour les joueurs sur PlayStation 4 et PC.","og_url":"https:\/\/mersatradedz.com\/ar\/product\/dualshock4-wireless-controller\/","og_site_name":"mersatradedz","article_publisher":"https:\/\/www.facebook.com\/ntbidz","article_modified_time":"2025-06-29T09:27:09+00:00","og_image":[{"width":822,"height":1000,"url":"https:\/\/mersatradedz.com\/wp-content\/uploads\/2024\/08\/6379.jpg","type":"image\/jpeg"}],"twitter_card":"summary_large_image","twitter_misc":{"\u0648\u0642\u062a \u0627\u0644\u0642\u0631\u0627\u0621\u0629 \u0627\u0644\u0645\u064f\u0642\u062f\u0651\u0631":"\u062f\u0642\u064a\u0642\u0629 \u0648\u0627\u062d\u062f\u0629"},"schema":{"@context":"https:\/\/schema.org","@graph":[{"@type":"WebPage","@id":"https:\/\/mersatradedz.com\/product\/dualshock4-wireless-controller\/","url":"https:\/\/mersatradedz.com\/product\/dualshock4-wireless-controller\/","name":"Manette PS4 DualShock 4 - mersatradedz","isPartOf":{"@id":"https:\/\/mersatradedz.com\/#website"},"primaryImageOfPage":{"@id":"https:\/\/mersatradedz.com\/product\/dualshock4-wireless-controller\/#primaryimage"},"image":{"@id":"https:\/\/mersatradedz.com\/product\/dualshock4-wireless-controller\/#primaryimage"},"thumbnailUrl":"https:\/\/mersatradedz.com\/wp-content\/uploads\/2024\/08\/6379.jpg","datePublished":"2024-08-01T08:58:46+00:00","dateModified":"2025-06-29T09:27:09+00:00","breadcrumb":{"@id":"https:\/\/mersatradedz.com\/product\/dualshock4-wireless-controller\/#breadcrumb"},"inLanguage":"ar","potentialAction":[{"@type":"ReadAction","target":["https:\/\/mersatradedz.com\/product\/dualshock4-wireless-controller\/"]}]},{"@type":"ImageObject","inLanguage":"ar","@id":"https:\/\/mersatradedz.com\/product\/dualshock4-wireless-controller\/#primaryimage","url":"https:\/\/mersatradedz.com\/wp-content\/uploads\/2024\/08\/6379.jpg","contentUrl":"https:\/\/mersatradedz.com\/wp-content\/uploads\/2024\/08\/6379.jpg","width":822,"height":1000},{"@type":"BreadcrumbList","@id":"https:\/\/mersatradedz.com\/product\/dualshock4-wireless-controller\/#breadcrumb","itemListElement":[{"@type":"ListItem","position":1,"name":"Home","item":"https:\/\/mersatradedz.com\/ar\/"},{"@type":"ListItem","position":2,"name":"Boutique","item":"https:\/\/mersatradedz.com\/shop\/"},{"@type":"ListItem","position":3,"name":"Manette PS4 DualShock 4"}]},{"@type":"WebSite","@id":"https:\/\/mersatradedz.com\/#website","url":"https:\/\/mersatradedz.com\/","name":"mersatradedz","description":"","publisher":{"@id":"https:\/\/mersatradedz.com\/#organization"},"potentialAction":[{"@type":"SearchAction","target":{"@type":"EntryPoint","urlTemplate":"https:\/\/mersatradedz.com\/?s={search_term_string}"},"query-input":{"@type":"PropertyValueSpecification","valueRequired":true,"valueName":"search_term_string"}}],"inLanguage":"ar"},{"@type":"Organization","@id":"https:\/\/mersatradedz.com\/#organization","name":"mersa trade","url":"https:\/\/mersatradedz.com\/","logo":{"@type":"ImageObject","inLanguage":"ar","@id":"https:\/\/mersatradedz.com\/#\/schema\/logo\/image\/","url":"https:\/\/mersatradedz.com\/wp-content\/uploads\/2023\/07\/cropped-1684191296456.jpg","contentUrl":"https:\/\/mersatradedz.com\/wp-content\/uploads\/2023\/07\/cropped-1684191296456.jpg","width":1451,"height":955,"caption":"mersa trade"},"image":{"@id":"https:\/\/mersatradedz.com\/#\/schema\/logo\/image\/"},"sameAs":["https:\/\/www.facebook.com\/ntbidz"]}]}},"jetpack_sharing_enabled":true,"_links":{"self":[{"href":"https:\/\/mersatradedz.com\/ar\/wp-json\/wp\/v2\/product\/2416","targetHints":{"allow":["GET"]}}],"collection":[{"href":"https:\/\/mersatradedz.com\/ar\/wp-json\/wp\/v2\/product"}],"about":[{"href":"https:\/\/mersatradedz.com\/ar\/wp-json\/wp\/v2\/types\/product"}],"replies":[{"embeddable":true,"href":"https:\/\/mersatradedz.com\/ar\/wp-json\/wp\/v2\/comments?post=2416"}],"wp:featuredmedia":[{"embeddable":true,"href":"https:\/\/mersatradedz.com\/ar\/wp-json\/wp\/v2\/media\/2415"}],"wp:attachment":[{"href":"https:\/\/mersatradedz.com\/ar\/wp-json\/wp\/v2\/media?parent=2416"}],"wp:term":[{"taxonomy":"product_brand","embeddable":true,"href":"https:\/\/mersatradedz.com\/ar\/wp-json\/wp\/v2\/product_brand?post=2416"},{"taxonomy":"product_cat","embeddable":true,"href":"https:\/\/mersatradedz.com\/ar\/wp-json\/wp\/v2\/product_cat?post=2416"},{"taxonomy":"product_tag","embeddable":true,"href":"https:\/\/mersatradedz.com\/ar\/wp-json\/wp\/v2\/product_tag?post=2416"}],"curies":[{"name":"wp","href":"https:\/\/api.w.org\/{rel}","templated":true}]}}