{"id":2426,"date":"2024-08-01T10:08:40","date_gmt":"2024-08-01T09:08:40","guid":{"rendered":"https:\/\/mersatradedz.com\/product\/x-360-for-ps3-pc-android-wireless-controller\/"},"modified":"2024-08-01T11:45:10","modified_gmt":"2024-08-01T10:45:10","slug":"x-360-for-ps3-pc-android-wireless-controller","status":"publish","type":"product","link":"https:\/\/mersatradedz.com\/ar\/product\/x-360-for-ps3-pc-android-wireless-controller\/","title":{"rendered":"X-360 For PS3\/PC\/Android Wireless Controller"},"content":{"rendered":"<p>Manette sans fil pour Xbox 360\/PS3\/PC\/AndroidDescription du produit : Avec cette manette sans fil, vous b\u00e9n\u00e9ficiez d&rsquo;une libert\u00e9 maximale avec des appareils sans fil et gagnez en pr\u00e9cision et en rapidit\u00e9 dans vos mouvements.<br \/>\nFabriqu\u00e9 avec la technologie sans fil de pointe 2,4 GHz avec une port\u00e9e de 7 m.<br \/>\nVibration r\u00e9glable<\/p>","protected":false},"excerpt":{"rendered":"<p>Manette sans fil pour Xbox 360\/PS3\/PC\/AndroidDescription du produit : Avec cette manette sans fil, vous b\u00e9n\u00e9ficiez d&rsquo;une libert\u00e9 maximale avec des appareils sans fil et gagnez en pr\u00e9cision et en rapidit\u00e9 dans vos mouvements. Fabriqu\u00e9 avec la technologie sans fil de pointe 2,4 GHz avec une port\u00e9e de 7 m. Vibration r\u00e9glable<\/p>","protected":false},"featured_media":2423,"comment_status":"open","ping_status":"closed","template":"","meta":{"_monsterinsights_skip_tracking":false,"_monsterinsights_sitenote_active":false,"_monsterinsights_sitenote_note":"","_monsterinsights_sitenote_category":0},"product_brand":[],"product_cat":[779],"product_tag":[],"class_list":{"0":"post-2426","1":"product","2":"type-product","3":"status-publish","4":"has-post-thumbnail","6":"product_cat-accessoir-gaming","8":"first","9":"instock","10":"shipping-taxable","11":"purchasable","12":"product-type-simple"},"yoast_head":"<!-- This site is optimized with the Yoast SEO plugin v27.4 - https:\/\/yoast.com\/product\/yoast-seo-wordpress\/ -->\n<title>X-360 For PS3\/PC\/Android Wireless Controller - mersatradedz<\/title>\n<meta name=\"robots\" content=\"index, follow, max-snippet:-1, max-image-preview:large, max-video-preview:-1\" \/>\n<link rel=\"canonical\" href=\"https:\/\/mersatradedz.com\/ar\/product\/x-360-for-ps3-pc-android-wireless-controller\/\" \/>\n<meta property=\"og:locale\" content=\"ar_AR\" \/>\n<meta property=\"og:type\" content=\"article\" \/>\n<meta property=\"og:title\" content=\"X-360 For PS3\/PC\/Android Wireless Controller - mersatradedz\" \/>\n<meta property=\"og:description\" content=\"Manette sans fil pour Xbox 360\/PS3\/PC\/AndroidDescription du produit : Avec cette manette sans fil, vous b\u00e9n\u00e9ficiez d&rsquo;une libert\u00e9 maximale avec des appareils sans fil et gagnez en pr\u00e9cision et en rapidit\u00e9 dans vos mouvements. Fabriqu\u00e9 avec la technologie sans fil de pointe 2,4 GHz avec une port\u00e9e de 7 m. Vibration r\u00e9glable\" \/>\n<meta property=\"og:url\" content=\"https:\/\/mersatradedz.com\/ar\/product\/x-360-for-ps3-pc-android-wireless-controller\/\" \/>\n<meta property=\"og:site_name\" content=\"mersatradedz\" \/>\n<meta property=\"article:publisher\" content=\"https:\/\/www.facebook.com\/ntbidz\" \/>\n<meta property=\"article:modified_time\" content=\"2024-08-01T10:45:10+00:00\" \/>\n<meta property=\"og:image\" content=\"https:\/\/mersatradedz.com\/wp-content\/uploads\/2024\/08\/6385-2.jpg\" \/>\n\t<meta property=\"og:image:width\" content=\"554\" \/>\n\t<meta property=\"og:image:height\" content=\"554\" \/>\n\t<meta property=\"og:image:type\" content=\"image\/jpeg\" \/>\n<meta name=\"twitter:card\" content=\"summary_large_image\" \/>\n<script type=\"application\/ld+json\" class=\"yoast-schema-graph\">{\"@context\":\"https:\\\/\\\/schema.org\",\"@graph\":[{\"@type\":\"WebPage\",\"@id\":\"https:\\\/\\\/mersatradedz.com\\\/product\\\/x-360-for-ps3-pc-android-wireless-controller\\\/\",\"url\":\"https:\\\/\\\/mersatradedz.com\\\/product\\\/x-360-for-ps3-pc-android-wireless-controller\\\/\",\"name\":\"X-360 For PS3\\\/PC\\\/Android Wireless Controller - mersatradedz\",\"isPartOf\":{\"@id\":\"https:\\\/\\\/mersatradedz.com\\\/#website\"},\"primaryImageOfPage\":{\"@id\":\"https:\\\/\\\/mersatradedz.com\\\/product\\\/x-360-for-ps3-pc-android-wireless-controller\\\/#primaryimage\"},\"image\":{\"@id\":\"https:\\\/\\\/mersatradedz.com\\\/product\\\/x-360-for-ps3-pc-android-wireless-controller\\\/#primaryimage\"},\"thumbnailUrl\":\"https:\\\/\\\/mersatradedz.com\\\/wp-content\\\/uploads\\\/2024\\\/08\\\/6385-2.jpg\",\"datePublished\":\"2024-08-01T09:08:40+00:00\",\"dateModified\":\"2024-08-01T10:45:10+00:00\",\"breadcrumb\":{\"@id\":\"https:\\\/\\\/mersatradedz.com\\\/product\\\/x-360-for-ps3-pc-android-wireless-controller\\\/#breadcrumb\"},\"inLanguage\":\"ar\",\"potentialAction\":[{\"@type\":\"ReadAction\",\"target\":[\"https:\\\/\\\/mersatradedz.com\\\/product\\\/x-360-for-ps3-pc-android-wireless-controller\\\/\"]}]},{\"@type\":\"ImageObject\",\"inLanguage\":\"ar\",\"@id\":\"https:\\\/\\\/mersatradedz.com\\\/product\\\/x-360-for-ps3-pc-android-wireless-controller\\\/#primaryimage\",\"url\":\"https:\\\/\\\/mersatradedz.com\\\/wp-content\\\/uploads\\\/2024\\\/08\\\/6385-2.jpg\",\"contentUrl\":\"https:\\\/\\\/mersatradedz.com\\\/wp-content\\\/uploads\\\/2024\\\/08\\\/6385-2.jpg\",\"width\":554,\"height\":554},{\"@type\":\"BreadcrumbList\",\"@id\":\"https:\\\/\\\/mersatradedz.com\\\/product\\\/x-360-for-ps3-pc-android-wireless-controller\\\/#breadcrumb\",\"itemListElement\":[{\"@type\":\"ListItem\",\"position\":1,\"name\":\"Home\",\"item\":\"https:\\\/\\\/mersatradedz.com\\\/ar\\\/\"},{\"@type\":\"ListItem\",\"position\":2,\"name\":\"Boutique\",\"item\":\"https:\\\/\\\/mersatradedz.com\\\/shop\\\/\"},{\"@type\":\"ListItem\",\"position\":3,\"name\":\"X-360 For PS3\\\/PC\\\/Android Wireless Controller\"}]},{\"@type\":\"WebSite\",\"@id\":\"https:\\\/\\\/mersatradedz.com\\\/#website\",\"url\":\"https:\\\/\\\/mersatradedz.com\\\/\",\"name\":\"mersatradedz\",\"description\":\"\",\"publisher\":{\"@id\":\"https:\\\/\\\/mersatradedz.com\\\/#organization\"},\"potentialAction\":[{\"@type\":\"SearchAction\",\"target\":{\"@type\":\"EntryPoint\",\"urlTemplate\":\"https:\\\/\\\/mersatradedz.com\\\/?s={search_term_string}\"},\"query-input\":{\"@type\":\"PropertyValueSpecification\",\"valueRequired\":true,\"valueName\":\"search_term_string\"}}],\"inLanguage\":\"ar\"},{\"@type\":\"Organization\",\"@id\":\"https:\\\/\\\/mersatradedz.com\\\/#organization\",\"name\":\"mersa trade\",\"url\":\"https:\\\/\\\/mersatradedz.com\\\/\",\"logo\":{\"@type\":\"ImageObject\",\"inLanguage\":\"ar\",\"@id\":\"https:\\\/\\\/mersatradedz.com\\\/#\\\/schema\\\/logo\\\/image\\\/\",\"url\":\"https:\\\/\\\/mersatradedz.com\\\/wp-content\\\/uploads\\\/2023\\\/07\\\/cropped-1684191296456.jpg\",\"contentUrl\":\"https:\\\/\\\/mersatradedz.com\\\/wp-content\\\/uploads\\\/2023\\\/07\\\/cropped-1684191296456.jpg\",\"width\":1451,\"height\":955,\"caption\":\"mersa trade\"},\"image\":{\"@id\":\"https:\\\/\\\/mersatradedz.com\\\/#\\\/schema\\\/logo\\\/image\\\/\"},\"sameAs\":[\"https:\\\/\\\/www.facebook.com\\\/ntbidz\"]}]}<\/script>\n<!-- \/ Yoast SEO plugin. -->","yoast_head_json":{"title":"X-360 For PS3\/PC\/Android Wireless Controller - mersatradedz","robots":{"index":"index","follow":"follow","max-snippet":"max-snippet:-1","max-image-preview":"max-image-preview:large","max-video-preview":"max-video-preview:-1"},"canonical":"https:\/\/mersatradedz.com\/ar\/product\/x-360-for-ps3-pc-android-wireless-controller\/","og_locale":"ar_AR","og_type":"article","og_title":"X-360 For PS3\/PC\/Android Wireless Controller - mersatradedz","og_description":"Manette sans fil pour Xbox 360\/PS3\/PC\/AndroidDescription du produit : Avec cette manette sans fil, vous b\u00e9n\u00e9ficiez d&rsquo;une libert\u00e9 maximale avec des appareils sans fil et gagnez en pr\u00e9cision et en rapidit\u00e9 dans vos mouvements. Fabriqu\u00e9 avec la technologie sans fil de pointe 2,4 GHz avec une port\u00e9e de 7 m. Vibration r\u00e9glable","og_url":"https:\/\/mersatradedz.com\/ar\/product\/x-360-for-ps3-pc-android-wireless-controller\/","og_site_name":"mersatradedz","article_publisher":"https:\/\/www.facebook.com\/ntbidz","article_modified_time":"2024-08-01T10:45:10+00:00","og_image":[{"width":554,"height":554,"url":"https:\/\/mersatradedz.com\/wp-content\/uploads\/2024\/08\/6385-2.jpg","type":"image\/jpeg"}],"twitter_card":"summary_large_image","schema":{"@context":"https:\/\/schema.org","@graph":[{"@type":"WebPage","@id":"https:\/\/mersatradedz.com\/product\/x-360-for-ps3-pc-android-wireless-controller\/","url":"https:\/\/mersatradedz.com\/product\/x-360-for-ps3-pc-android-wireless-controller\/","name":"X-360 For PS3\/PC\/Android Wireless Controller - mersatradedz","isPartOf":{"@id":"https:\/\/mersatradedz.com\/#website"},"primaryImageOfPage":{"@id":"https:\/\/mersatradedz.com\/product\/x-360-for-ps3-pc-android-wireless-controller\/#primaryimage"},"image":{"@id":"https:\/\/mersatradedz.com\/product\/x-360-for-ps3-pc-android-wireless-controller\/#primaryimage"},"thumbnailUrl":"https:\/\/mersatradedz.com\/wp-content\/uploads\/2024\/08\/6385-2.jpg","datePublished":"2024-08-01T09:08:40+00:00","dateModified":"2024-08-01T10:45:10+00:00","breadcrumb":{"@id":"https:\/\/mersatradedz.com\/product\/x-360-for-ps3-pc-android-wireless-controller\/#breadcrumb"},"inLanguage":"ar","potentialAction":[{"@type":"ReadAction","target":["https:\/\/mersatradedz.com\/product\/x-360-for-ps3-pc-android-wireless-controller\/"]}]},{"@type":"ImageObject","inLanguage":"ar","@id":"https:\/\/mersatradedz.com\/product\/x-360-for-ps3-pc-android-wireless-controller\/#primaryimage","url":"https:\/\/mersatradedz.com\/wp-content\/uploads\/2024\/08\/6385-2.jpg","contentUrl":"https:\/\/mersatradedz.com\/wp-content\/uploads\/2024\/08\/6385-2.jpg","width":554,"height":554},{"@type":"BreadcrumbList","@id":"https:\/\/mersatradedz.com\/product\/x-360-for-ps3-pc-android-wireless-controller\/#breadcrumb","itemListElement":[{"@type":"ListItem","position":1,"name":"Home","item":"https:\/\/mersatradedz.com\/ar\/"},{"@type":"ListItem","position":2,"name":"Boutique","item":"https:\/\/mersatradedz.com\/shop\/"},{"@type":"ListItem","position":3,"name":"X-360 For PS3\/PC\/Android Wireless Controller"}]},{"@type":"WebSite","@id":"https:\/\/mersatradedz.com\/#website","url":"https:\/\/mersatradedz.com\/","name":"mersatradedz","description":"","publisher":{"@id":"https:\/\/mersatradedz.com\/#organization"},"potentialAction":[{"@type":"SearchAction","target":{"@type":"EntryPoint","urlTemplate":"https:\/\/mersatradedz.com\/?s={search_term_string}"},"query-input":{"@type":"PropertyValueSpecification","valueRequired":true,"valueName":"search_term_string"}}],"inLanguage":"ar"},{"@type":"Organization","@id":"https:\/\/mersatradedz.com\/#organization","name":"mersa trade","url":"https:\/\/mersatradedz.com\/","logo":{"@type":"ImageObject","inLanguage":"ar","@id":"https:\/\/mersatradedz.com\/#\/schema\/logo\/image\/","url":"https:\/\/mersatradedz.com\/wp-content\/uploads\/2023\/07\/cropped-1684191296456.jpg","contentUrl":"https:\/\/mersatradedz.com\/wp-content\/uploads\/2023\/07\/cropped-1684191296456.jpg","width":1451,"height":955,"caption":"mersa trade"},"image":{"@id":"https:\/\/mersatradedz.com\/#\/schema\/logo\/image\/"},"sameAs":["https:\/\/www.facebook.com\/ntbidz"]}]}},"jetpack_sharing_enabled":true,"_links":{"self":[{"href":"https:\/\/mersatradedz.com\/ar\/wp-json\/wp\/v2\/product\/2426","targetHints":{"allow":["GET"]}}],"collection":[{"href":"https:\/\/mersatradedz.com\/ar\/wp-json\/wp\/v2\/product"}],"about":[{"href":"https:\/\/mersatradedz.com\/ar\/wp-json\/wp\/v2\/types\/product"}],"replies":[{"embeddable":true,"href":"https:\/\/mersatradedz.com\/ar\/wp-json\/wp\/v2\/comments?post=2426"}],"wp:featuredmedia":[{"embeddable":true,"href":"https:\/\/mersatradedz.com\/ar\/wp-json\/wp\/v2\/media\/2423"}],"wp:attachment":[{"href":"https:\/\/mersatradedz.com\/ar\/wp-json\/wp\/v2\/media?parent=2426"}],"wp:term":[{"taxonomy":"product_brand","embeddable":true,"href":"https:\/\/mersatradedz.com\/ar\/wp-json\/wp\/v2\/product_brand?post=2426"},{"taxonomy":"product_cat","embeddable":true,"href":"https:\/\/mersatradedz.com\/ar\/wp-json\/wp\/v2\/product_cat?post=2426"},{"taxonomy":"product_tag","embeddable":true,"href":"https:\/\/mersatradedz.com\/ar\/wp-json\/wp\/v2\/product_tag?post=2426"}],"curies":[{"name":"wp","href":"https:\/\/api.w.org\/{rel}","templated":true}]}}