{"id":2536,"date":"2024-08-04T09:30:27","date_gmt":"2024-08-04T08:30:27","guid":{"rendered":"https:\/\/mersatradedz.com\/product\/onduleur-unomat-ups-2kva-2000va-racable-on-line\/"},"modified":"2024-08-11T14:27:03","modified_gmt":"2024-08-11T13:27:03","slug":"onduleur-unomat-ups-2kva-2000va-racable-on-line","status":"publish","type":"product","link":"https:\/\/mersatradedz.com\/ar\/product\/onduleur-unomat-ups-2kva-2000va-racable-on-line\/","title":{"rendered":"Onduleur UNOMAT UPS 2KVA 2000VA Racable On-line"},"content":{"rendered":"<p>Capacit\u00e9 de puissance de sortie1,6 kW \/  2,0 kVAPuissance configurable maximale (watts)1,6 kW \/  2,0 kVATension de sortie nominale230VRemarque sur la tension de sortieConfigurable pour une tension de sortie nominale de 220 : 230 ou 240Efficacit\u00e9 \u00e0 pleine charge92,0 %Distorsion de la tension de sortieMoins de 3%Fr\u00e9quence de sortie (synchronisation avec le secteur)50\/60 Hz +\/- 3 HzFr\u00e9quence de sortie (non synchronis\u00e9e)60 Hz +\/- 0,1<\/p>","protected":false},"excerpt":{"rendered":"<p>Capacit\u00e9 de puissance de sortie1,6 kW \/ 2,0 kVAPuissance configurable maximale (watts)1,6 kW \/ 2,0 kVATension de sortie nominale230VRemarque sur la tension de sortieConfigurable pour une tension de sortie nominale de 220 : 230 ou 240Efficacit\u00e9 \u00e0 pleine charge92,0 %Distorsion de la tension de sortieMoins de 3%Fr\u00e9quence de sortie (synchronisation avec le secteur)50\/60 Hz +\/- [&hellip;]<\/p>\n","protected":false},"featured_media":2534,"comment_status":"open","ping_status":"closed","template":"","meta":{"_monsterinsights_skip_tracking":false,"_monsterinsights_sitenote_active":false,"_monsterinsights_sitenote_note":"","_monsterinsights_sitenote_category":0},"product_brand":[],"product_cat":[765],"product_tag":[],"class_list":{"0":"post-2536","1":"product","2":"type-product","3":"status-publish","4":"has-post-thumbnail","6":"product_cat-onduleur","8":"first","9":"instock","10":"shipping-taxable","11":"purchasable","12":"product-type-simple"},"yoast_head":"<!-- This site is optimized with the Yoast SEO plugin v27.4 - https:\/\/yoast.com\/product\/yoast-seo-wordpress\/ -->\n<title>Onduleur UNOMAT UPS 2KVA 2000VA Racable On-line - mersatradedz<\/title>\n<meta name=\"robots\" content=\"index, follow, max-snippet:-1, max-image-preview:large, max-video-preview:-1\" \/>\n<link rel=\"canonical\" href=\"https:\/\/mersatradedz.com\/ar\/product\/onduleur-unomat-ups-2kva-2000va-racable-on-line\/\" \/>\n<meta property=\"og:locale\" content=\"ar_AR\" \/>\n<meta property=\"og:type\" content=\"article\" \/>\n<meta property=\"og:title\" content=\"Onduleur UNOMAT UPS 2KVA 2000VA Racable On-line - mersatradedz\" \/>\n<meta property=\"og:description\" content=\"Capacit\u00e9 de puissance de sortie1,6 kW \/ 2,0 kVAPuissance configurable maximale (watts)1,6 kW \/ 2,0 kVATension de sortie nominale230VRemarque sur la tension de sortieConfigurable pour une tension de sortie nominale de 220 : 230 ou 240Efficacit\u00e9 \u00e0 pleine charge92,0 %Distorsion de la tension de sortieMoins de 3%Fr\u00e9quence de sortie (synchronisation avec le secteur)50\/60 Hz +\/- [&hellip;]\" \/>\n<meta property=\"og:url\" content=\"https:\/\/mersatradedz.com\/ar\/product\/onduleur-unomat-ups-2kva-2000va-racable-on-line\/\" \/>\n<meta property=\"og:site_name\" content=\"mersatradedz\" \/>\n<meta property=\"article:publisher\" content=\"https:\/\/www.facebook.com\/ntbidz\" \/>\n<meta property=\"article:modified_time\" content=\"2024-08-11T13:27:03+00:00\" \/>\n<meta property=\"og:image\" content=\"https:\/\/mersatradedz.com\/wp-content\/uploads\/2024\/08\/ZY35mU6qqYujOR6TO8nEx7AnWzmU2SNxj28mYiZg.jpg\" \/>\n\t<meta property=\"og:image:width\" content=\"810\" \/>\n\t<meta property=\"og:image:height\" content=\"1080\" \/>\n\t<meta property=\"og:image:type\" content=\"image\/jpeg\" \/>\n<meta name=\"twitter:card\" content=\"summary_large_image\" \/>\n<script type=\"application\/ld+json\" class=\"yoast-schema-graph\">{\"@context\":\"https:\\\/\\\/schema.org\",\"@graph\":[{\"@type\":\"WebPage\",\"@id\":\"https:\\\/\\\/mersatradedz.com\\\/product\\\/onduleur-unomat-ups-2kva-2000va-racable-on-line\\\/\",\"url\":\"https:\\\/\\\/mersatradedz.com\\\/product\\\/onduleur-unomat-ups-2kva-2000va-racable-on-line\\\/\",\"name\":\"Onduleur UNOMAT UPS 2KVA 2000VA Racable On-line - mersatradedz\",\"isPartOf\":{\"@id\":\"https:\\\/\\\/mersatradedz.com\\\/#website\"},\"primaryImageOfPage\":{\"@id\":\"https:\\\/\\\/mersatradedz.com\\\/product\\\/onduleur-unomat-ups-2kva-2000va-racable-on-line\\\/#primaryimage\"},\"image\":{\"@id\":\"https:\\\/\\\/mersatradedz.com\\\/product\\\/onduleur-unomat-ups-2kva-2000va-racable-on-line\\\/#primaryimage\"},\"thumbnailUrl\":\"https:\\\/\\\/mersatradedz.com\\\/wp-content\\\/uploads\\\/2024\\\/08\\\/ZY35mU6qqYujOR6TO8nEx7AnWzmU2SNxj28mYiZg.jpg\",\"datePublished\":\"2024-08-04T08:30:27+00:00\",\"dateModified\":\"2024-08-11T13:27:03+00:00\",\"breadcrumb\":{\"@id\":\"https:\\\/\\\/mersatradedz.com\\\/product\\\/onduleur-unomat-ups-2kva-2000va-racable-on-line\\\/#breadcrumb\"},\"inLanguage\":\"ar\",\"potentialAction\":[{\"@type\":\"ReadAction\",\"target\":[\"https:\\\/\\\/mersatradedz.com\\\/product\\\/onduleur-unomat-ups-2kva-2000va-racable-on-line\\\/\"]}]},{\"@type\":\"ImageObject\",\"inLanguage\":\"ar\",\"@id\":\"https:\\\/\\\/mersatradedz.com\\\/product\\\/onduleur-unomat-ups-2kva-2000va-racable-on-line\\\/#primaryimage\",\"url\":\"https:\\\/\\\/mersatradedz.com\\\/wp-content\\\/uploads\\\/2024\\\/08\\\/ZY35mU6qqYujOR6TO8nEx7AnWzmU2SNxj28mYiZg.jpg\",\"contentUrl\":\"https:\\\/\\\/mersatradedz.com\\\/wp-content\\\/uploads\\\/2024\\\/08\\\/ZY35mU6qqYujOR6TO8nEx7AnWzmU2SNxj28mYiZg.jpg\",\"width\":810,\"height\":1080},{\"@type\":\"BreadcrumbList\",\"@id\":\"https:\\\/\\\/mersatradedz.com\\\/product\\\/onduleur-unomat-ups-2kva-2000va-racable-on-line\\\/#breadcrumb\",\"itemListElement\":[{\"@type\":\"ListItem\",\"position\":1,\"name\":\"Home\",\"item\":\"https:\\\/\\\/mersatradedz.com\\\/ar\\\/\"},{\"@type\":\"ListItem\",\"position\":2,\"name\":\"Boutique\",\"item\":\"https:\\\/\\\/mersatradedz.com\\\/shop\\\/\"},{\"@type\":\"ListItem\",\"position\":3,\"name\":\"Onduleur UNOMAT UPS 2KVA 2000VA Racable On-line\"}]},{\"@type\":\"WebSite\",\"@id\":\"https:\\\/\\\/mersatradedz.com\\\/#website\",\"url\":\"https:\\\/\\\/mersatradedz.com\\\/\",\"name\":\"mersatradedz\",\"description\":\"\",\"publisher\":{\"@id\":\"https:\\\/\\\/mersatradedz.com\\\/#organization\"},\"potentialAction\":[{\"@type\":\"SearchAction\",\"target\":{\"@type\":\"EntryPoint\",\"urlTemplate\":\"https:\\\/\\\/mersatradedz.com\\\/?s={search_term_string}\"},\"query-input\":{\"@type\":\"PropertyValueSpecification\",\"valueRequired\":true,\"valueName\":\"search_term_string\"}}],\"inLanguage\":\"ar\"},{\"@type\":\"Organization\",\"@id\":\"https:\\\/\\\/mersatradedz.com\\\/#organization\",\"name\":\"mersa trade\",\"url\":\"https:\\\/\\\/mersatradedz.com\\\/\",\"logo\":{\"@type\":\"ImageObject\",\"inLanguage\":\"ar\",\"@id\":\"https:\\\/\\\/mersatradedz.com\\\/#\\\/schema\\\/logo\\\/image\\\/\",\"url\":\"https:\\\/\\\/mersatradedz.com\\\/wp-content\\\/uploads\\\/2023\\\/07\\\/cropped-1684191296456.jpg\",\"contentUrl\":\"https:\\\/\\\/mersatradedz.com\\\/wp-content\\\/uploads\\\/2023\\\/07\\\/cropped-1684191296456.jpg\",\"width\":1451,\"height\":955,\"caption\":\"mersa trade\"},\"image\":{\"@id\":\"https:\\\/\\\/mersatradedz.com\\\/#\\\/schema\\\/logo\\\/image\\\/\"},\"sameAs\":[\"https:\\\/\\\/www.facebook.com\\\/ntbidz\"]}]}<\/script>\n<!-- \/ Yoast SEO plugin. -->","yoast_head_json":{"title":"Onduleur UNOMAT UPS 2KVA 2000VA Racable On-line - mersatradedz","robots":{"index":"index","follow":"follow","max-snippet":"max-snippet:-1","max-image-preview":"max-image-preview:large","max-video-preview":"max-video-preview:-1"},"canonical":"https:\/\/mersatradedz.com\/ar\/product\/onduleur-unomat-ups-2kva-2000va-racable-on-line\/","og_locale":"ar_AR","og_type":"article","og_title":"Onduleur UNOMAT UPS 2KVA 2000VA Racable On-line - mersatradedz","og_description":"Capacit\u00e9 de puissance de sortie1,6 kW \/ 2,0 kVAPuissance configurable maximale (watts)1,6 kW \/ 2,0 kVATension de sortie nominale230VRemarque sur la tension de sortieConfigurable pour une tension de sortie nominale de 220 : 230 ou 240Efficacit\u00e9 \u00e0 pleine charge92,0 %Distorsion de la tension de sortieMoins de 3%Fr\u00e9quence de sortie (synchronisation avec le secteur)50\/60 Hz +\/- [&hellip;]","og_url":"https:\/\/mersatradedz.com\/ar\/product\/onduleur-unomat-ups-2kva-2000va-racable-on-line\/","og_site_name":"mersatradedz","article_publisher":"https:\/\/www.facebook.com\/ntbidz","article_modified_time":"2024-08-11T13:27:03+00:00","og_image":[{"width":810,"height":1080,"url":"https:\/\/mersatradedz.com\/wp-content\/uploads\/2024\/08\/ZY35mU6qqYujOR6TO8nEx7AnWzmU2SNxj28mYiZg.jpg","type":"image\/jpeg"}],"twitter_card":"summary_large_image","schema":{"@context":"https:\/\/schema.org","@graph":[{"@type":"WebPage","@id":"https:\/\/mersatradedz.com\/product\/onduleur-unomat-ups-2kva-2000va-racable-on-line\/","url":"https:\/\/mersatradedz.com\/product\/onduleur-unomat-ups-2kva-2000va-racable-on-line\/","name":"Onduleur UNOMAT UPS 2KVA 2000VA Racable On-line - mersatradedz","isPartOf":{"@id":"https:\/\/mersatradedz.com\/#website"},"primaryImageOfPage":{"@id":"https:\/\/mersatradedz.com\/product\/onduleur-unomat-ups-2kva-2000va-racable-on-line\/#primaryimage"},"image":{"@id":"https:\/\/mersatradedz.com\/product\/onduleur-unomat-ups-2kva-2000va-racable-on-line\/#primaryimage"},"thumbnailUrl":"https:\/\/mersatradedz.com\/wp-content\/uploads\/2024\/08\/ZY35mU6qqYujOR6TO8nEx7AnWzmU2SNxj28mYiZg.jpg","datePublished":"2024-08-04T08:30:27+00:00","dateModified":"2024-08-11T13:27:03+00:00","breadcrumb":{"@id":"https:\/\/mersatradedz.com\/product\/onduleur-unomat-ups-2kva-2000va-racable-on-line\/#breadcrumb"},"inLanguage":"ar","potentialAction":[{"@type":"ReadAction","target":["https:\/\/mersatradedz.com\/product\/onduleur-unomat-ups-2kva-2000va-racable-on-line\/"]}]},{"@type":"ImageObject","inLanguage":"ar","@id":"https:\/\/mersatradedz.com\/product\/onduleur-unomat-ups-2kva-2000va-racable-on-line\/#primaryimage","url":"https:\/\/mersatradedz.com\/wp-content\/uploads\/2024\/08\/ZY35mU6qqYujOR6TO8nEx7AnWzmU2SNxj28mYiZg.jpg","contentUrl":"https:\/\/mersatradedz.com\/wp-content\/uploads\/2024\/08\/ZY35mU6qqYujOR6TO8nEx7AnWzmU2SNxj28mYiZg.jpg","width":810,"height":1080},{"@type":"BreadcrumbList","@id":"https:\/\/mersatradedz.com\/product\/onduleur-unomat-ups-2kva-2000va-racable-on-line\/#breadcrumb","itemListElement":[{"@type":"ListItem","position":1,"name":"Home","item":"https:\/\/mersatradedz.com\/ar\/"},{"@type":"ListItem","position":2,"name":"Boutique","item":"https:\/\/mersatradedz.com\/shop\/"},{"@type":"ListItem","position":3,"name":"Onduleur UNOMAT UPS 2KVA 2000VA Racable On-line"}]},{"@type":"WebSite","@id":"https:\/\/mersatradedz.com\/#website","url":"https:\/\/mersatradedz.com\/","name":"mersatradedz","description":"","publisher":{"@id":"https:\/\/mersatradedz.com\/#organization"},"potentialAction":[{"@type":"SearchAction","target":{"@type":"EntryPoint","urlTemplate":"https:\/\/mersatradedz.com\/?s={search_term_string}"},"query-input":{"@type":"PropertyValueSpecification","valueRequired":true,"valueName":"search_term_string"}}],"inLanguage":"ar"},{"@type":"Organization","@id":"https:\/\/mersatradedz.com\/#organization","name":"mersa trade","url":"https:\/\/mersatradedz.com\/","logo":{"@type":"ImageObject","inLanguage":"ar","@id":"https:\/\/mersatradedz.com\/#\/schema\/logo\/image\/","url":"https:\/\/mersatradedz.com\/wp-content\/uploads\/2023\/07\/cropped-1684191296456.jpg","contentUrl":"https:\/\/mersatradedz.com\/wp-content\/uploads\/2023\/07\/cropped-1684191296456.jpg","width":1451,"height":955,"caption":"mersa trade"},"image":{"@id":"https:\/\/mersatradedz.com\/#\/schema\/logo\/image\/"},"sameAs":["https:\/\/www.facebook.com\/ntbidz"]}]}},"jetpack_sharing_enabled":true,"_links":{"self":[{"href":"https:\/\/mersatradedz.com\/ar\/wp-json\/wp\/v2\/product\/2536","targetHints":{"allow":["GET"]}}],"collection":[{"href":"https:\/\/mersatradedz.com\/ar\/wp-json\/wp\/v2\/product"}],"about":[{"href":"https:\/\/mersatradedz.com\/ar\/wp-json\/wp\/v2\/types\/product"}],"replies":[{"embeddable":true,"href":"https:\/\/mersatradedz.com\/ar\/wp-json\/wp\/v2\/comments?post=2536"}],"wp:featuredmedia":[{"embeddable":true,"href":"https:\/\/mersatradedz.com\/ar\/wp-json\/wp\/v2\/media\/2534"}],"wp:attachment":[{"href":"https:\/\/mersatradedz.com\/ar\/wp-json\/wp\/v2\/media?parent=2536"}],"wp:term":[{"taxonomy":"product_brand","embeddable":true,"href":"https:\/\/mersatradedz.com\/ar\/wp-json\/wp\/v2\/product_brand?post=2536"},{"taxonomy":"product_cat","embeddable":true,"href":"https:\/\/mersatradedz.com\/ar\/wp-json\/wp\/v2\/product_cat?post=2536"},{"taxonomy":"product_tag","embeddable":true,"href":"https:\/\/mersatradedz.com\/ar\/wp-json\/wp\/v2\/product_tag?post=2536"}],"curies":[{"name":"wp","href":"https:\/\/api.w.org\/{rel}","templated":true}]}}