{"id":2544,"date":"2024-08-04T10:57:09","date_gmt":"2024-08-04T09:57:09","guid":{"rendered":"https:\/\/mersatradedz.com\/product\/laptop-hp-elitebook-840g5\/"},"modified":"2025-10-01T10:19:35","modified_gmt":"2025-10-01T09:19:35","slug":"laptop-hp-elitebook-840g5","status":"publish","type":"product","link":"https:\/\/mersatradedz.com\/ar\/product\/laptop-hp-elitebook-840g5\/","title":{"rendered":"Laptop HP EliteBook 840G5"},"content":{"rendered":"<p>MarqueHP<br \/>\nTaille de l&rsquo;\u00e9cran14,1 pouces<br \/>\nTaille du disque dur 256 Go<br \/>\nMod\u00e8le de processeurIntel Core i5<br \/>\nTaille de la m\u00e9moire RAM install\u00e9e 8GB<br \/>\n\u2714\ufe0f Ordinateur portable professionnel HP EliteBook 840 G5, processeur Intel Core i5-8350U (1,7 GHz, 4 c\u0153urs, 6 Mo de cache Intel Smart), 8 Go de RAM DDR4<br \/>\n\u2714\ufe0f Disque dur SSD de 256 Go et puissant Windows 10 Pro, \u00e9cran de 14,1 pouces et carte graphique Intel HD<br \/>\n\u2714\ufe0f \u00c9paisseur et poids : 17,9 mm et 1,48 kg<\/p>","protected":false},"excerpt":{"rendered":"<p>MarqueHP Taille de l&rsquo;\u00e9cran14,1 pouces Taille du disque dur 256 Go Mod\u00e8le de processeurIntel Core i5 Taille de la m\u00e9moire RAM install\u00e9e 8GB \u2714\ufe0f Ordinateur portable professionnel HP EliteBook 840 G5, processeur Intel Core i5-8350U (1,7 GHz, 4 c\u0153urs, 6 Mo de cache Intel Smart), 8 Go de RAM DDR4 \u2714\ufe0f Disque dur SSD de [&hellip;]<\/p>\n","protected":false},"featured_media":2541,"comment_status":"open","ping_status":"closed","template":"","meta":{"_monsterinsights_skip_tracking":false,"_monsterinsights_sitenote_active":false,"_monsterinsights_sitenote_note":"","_monsterinsights_sitenote_category":0},"product_brand":[],"product_cat":[616],"product_tag":[],"class_list":{"0":"post-2544","1":"product","2":"type-product","3":"status-publish","4":"has-post-thumbnail","6":"product_cat-laptop-tablette","8":"first","9":"outofstock","10":"shipping-taxable","11":"purchasable","12":"product-type-simple"},"yoast_head":"<!-- This site is optimized with the Yoast SEO plugin v27.3 - https:\/\/yoast.com\/product\/yoast-seo-wordpress\/ -->\n<title>Laptop HP EliteBook 840G5 - mersatradedz<\/title>\n<meta name=\"robots\" content=\"index, follow, max-snippet:-1, max-image-preview:large, max-video-preview:-1\" \/>\n<link rel=\"canonical\" href=\"https:\/\/mersatradedz.com\/ar\/product\/laptop-hp-elitebook-840g5\/\" \/>\n<meta property=\"og:locale\" content=\"ar_AR\" \/>\n<meta property=\"og:type\" content=\"article\" \/>\n<meta property=\"og:title\" content=\"Laptop HP EliteBook 840G5 - mersatradedz\" \/>\n<meta property=\"og:description\" content=\"MarqueHP Taille de l&rsquo;\u00e9cran14,1 pouces Taille du disque dur 256 Go Mod\u00e8le de processeurIntel Core i5 Taille de la m\u00e9moire RAM install\u00e9e 8GB \u2714\ufe0f Ordinateur portable professionnel HP EliteBook 840 G5, processeur Intel Core i5-8350U (1,7 GHz, 4 c\u0153urs, 6 Mo de cache Intel Smart), 8 Go de RAM DDR4 \u2714\ufe0f Disque dur SSD de [&hellip;]\" \/>\n<meta property=\"og:url\" content=\"https:\/\/mersatradedz.com\/ar\/product\/laptop-hp-elitebook-840g5\/\" \/>\n<meta property=\"og:site_name\" content=\"mersatradedz\" \/>\n<meta property=\"article:publisher\" content=\"https:\/\/www.facebook.com\/ntbidz\" \/>\n<meta property=\"article:modified_time\" content=\"2025-10-01T09:19:35+00:00\" \/>\n<meta property=\"og:image\" content=\"https:\/\/mersatradedz.com\/wp-content\/uploads\/2024\/08\/IMG_20240804_102627-scaled.jpg\" \/>\n\t<meta property=\"og:image:width\" content=\"1920\" \/>\n\t<meta property=\"og:image:height\" content=\"2560\" \/>\n\t<meta property=\"og:image:type\" content=\"image\/jpeg\" \/>\n<meta name=\"twitter:card\" content=\"summary_large_image\" \/>\n<script type=\"application\/ld+json\" class=\"yoast-schema-graph\">{\"@context\":\"https:\\\/\\\/schema.org\",\"@graph\":[{\"@type\":\"WebPage\",\"@id\":\"https:\\\/\\\/mersatradedz.com\\\/product\\\/laptop-hp-elitebook-840g5\\\/\",\"url\":\"https:\\\/\\\/mersatradedz.com\\\/product\\\/laptop-hp-elitebook-840g5\\\/\",\"name\":\"Laptop HP EliteBook 840G5 - mersatradedz\",\"isPartOf\":{\"@id\":\"https:\\\/\\\/mersatradedz.com\\\/#website\"},\"primaryImageOfPage\":{\"@id\":\"https:\\\/\\\/mersatradedz.com\\\/product\\\/laptop-hp-elitebook-840g5\\\/#primaryimage\"},\"image\":{\"@id\":\"https:\\\/\\\/mersatradedz.com\\\/product\\\/laptop-hp-elitebook-840g5\\\/#primaryimage\"},\"thumbnailUrl\":\"https:\\\/\\\/mersatradedz.com\\\/wp-content\\\/uploads\\\/2024\\\/08\\\/IMG_20240804_102627-scaled.jpg\",\"datePublished\":\"2024-08-04T09:57:09+00:00\",\"dateModified\":\"2025-10-01T09:19:35+00:00\",\"breadcrumb\":{\"@id\":\"https:\\\/\\\/mersatradedz.com\\\/product\\\/laptop-hp-elitebook-840g5\\\/#breadcrumb\"},\"inLanguage\":\"ar\",\"potentialAction\":[{\"@type\":\"ReadAction\",\"target\":[\"https:\\\/\\\/mersatradedz.com\\\/product\\\/laptop-hp-elitebook-840g5\\\/\"]}]},{\"@type\":\"ImageObject\",\"inLanguage\":\"ar\",\"@id\":\"https:\\\/\\\/mersatradedz.com\\\/product\\\/laptop-hp-elitebook-840g5\\\/#primaryimage\",\"url\":\"https:\\\/\\\/mersatradedz.com\\\/wp-content\\\/uploads\\\/2024\\\/08\\\/IMG_20240804_102627-scaled.jpg\",\"contentUrl\":\"https:\\\/\\\/mersatradedz.com\\\/wp-content\\\/uploads\\\/2024\\\/08\\\/IMG_20240804_102627-scaled.jpg\",\"width\":1920,\"height\":2560},{\"@type\":\"BreadcrumbList\",\"@id\":\"https:\\\/\\\/mersatradedz.com\\\/product\\\/laptop-hp-elitebook-840g5\\\/#breadcrumb\",\"itemListElement\":[{\"@type\":\"ListItem\",\"position\":1,\"name\":\"Home\",\"item\":\"https:\\\/\\\/mersatradedz.com\\\/ar\\\/\"},{\"@type\":\"ListItem\",\"position\":2,\"name\":\"Boutique\",\"item\":\"https:\\\/\\\/mersatradedz.com\\\/shop\\\/\"},{\"@type\":\"ListItem\",\"position\":3,\"name\":\"Laptop HP EliteBook 840G5\"}]},{\"@type\":\"WebSite\",\"@id\":\"https:\\\/\\\/mersatradedz.com\\\/#website\",\"url\":\"https:\\\/\\\/mersatradedz.com\\\/\",\"name\":\"mersatradedz\",\"description\":\"\",\"publisher\":{\"@id\":\"https:\\\/\\\/mersatradedz.com\\\/#organization\"},\"potentialAction\":[{\"@type\":\"SearchAction\",\"target\":{\"@type\":\"EntryPoint\",\"urlTemplate\":\"https:\\\/\\\/mersatradedz.com\\\/?s={search_term_string}\"},\"query-input\":{\"@type\":\"PropertyValueSpecification\",\"valueRequired\":true,\"valueName\":\"search_term_string\"}}],\"inLanguage\":\"ar\"},{\"@type\":\"Organization\",\"@id\":\"https:\\\/\\\/mersatradedz.com\\\/#organization\",\"name\":\"mersa trade\",\"url\":\"https:\\\/\\\/mersatradedz.com\\\/\",\"logo\":{\"@type\":\"ImageObject\",\"inLanguage\":\"ar\",\"@id\":\"https:\\\/\\\/mersatradedz.com\\\/#\\\/schema\\\/logo\\\/image\\\/\",\"url\":\"https:\\\/\\\/mersatradedz.com\\\/wp-content\\\/uploads\\\/2023\\\/07\\\/cropped-1684191296456.jpg\",\"contentUrl\":\"https:\\\/\\\/mersatradedz.com\\\/wp-content\\\/uploads\\\/2023\\\/07\\\/cropped-1684191296456.jpg\",\"width\":1451,\"height\":955,\"caption\":\"mersa trade\"},\"image\":{\"@id\":\"https:\\\/\\\/mersatradedz.com\\\/#\\\/schema\\\/logo\\\/image\\\/\"},\"sameAs\":[\"https:\\\/\\\/www.facebook.com\\\/ntbidz\"]}]}<\/script>\n<!-- \/ Yoast SEO plugin. -->","yoast_head_json":{"title":"Laptop HP EliteBook 840G5 - mersatradedz","robots":{"index":"index","follow":"follow","max-snippet":"max-snippet:-1","max-image-preview":"max-image-preview:large","max-video-preview":"max-video-preview:-1"},"canonical":"https:\/\/mersatradedz.com\/ar\/product\/laptop-hp-elitebook-840g5\/","og_locale":"ar_AR","og_type":"article","og_title":"Laptop HP EliteBook 840G5 - mersatradedz","og_description":"MarqueHP Taille de l&rsquo;\u00e9cran14,1 pouces Taille du disque dur 256 Go Mod\u00e8le de processeurIntel Core i5 Taille de la m\u00e9moire RAM install\u00e9e 8GB \u2714\ufe0f Ordinateur portable professionnel HP EliteBook 840 G5, processeur Intel Core i5-8350U (1,7 GHz, 4 c\u0153urs, 6 Mo de cache Intel Smart), 8 Go de RAM DDR4 \u2714\ufe0f Disque dur SSD de [&hellip;]","og_url":"https:\/\/mersatradedz.com\/ar\/product\/laptop-hp-elitebook-840g5\/","og_site_name":"mersatradedz","article_publisher":"https:\/\/www.facebook.com\/ntbidz","article_modified_time":"2025-10-01T09:19:35+00:00","og_image":[{"width":1920,"height":2560,"url":"https:\/\/mersatradedz.com\/wp-content\/uploads\/2024\/08\/IMG_20240804_102627-scaled.jpg","type":"image\/jpeg"}],"twitter_card":"summary_large_image","schema":{"@context":"https:\/\/schema.org","@graph":[{"@type":"WebPage","@id":"https:\/\/mersatradedz.com\/product\/laptop-hp-elitebook-840g5\/","url":"https:\/\/mersatradedz.com\/product\/laptop-hp-elitebook-840g5\/","name":"Laptop HP EliteBook 840G5 - mersatradedz","isPartOf":{"@id":"https:\/\/mersatradedz.com\/#website"},"primaryImageOfPage":{"@id":"https:\/\/mersatradedz.com\/product\/laptop-hp-elitebook-840g5\/#primaryimage"},"image":{"@id":"https:\/\/mersatradedz.com\/product\/laptop-hp-elitebook-840g5\/#primaryimage"},"thumbnailUrl":"https:\/\/mersatradedz.com\/wp-content\/uploads\/2024\/08\/IMG_20240804_102627-scaled.jpg","datePublished":"2024-08-04T09:57:09+00:00","dateModified":"2025-10-01T09:19:35+00:00","breadcrumb":{"@id":"https:\/\/mersatradedz.com\/product\/laptop-hp-elitebook-840g5\/#breadcrumb"},"inLanguage":"ar","potentialAction":[{"@type":"ReadAction","target":["https:\/\/mersatradedz.com\/product\/laptop-hp-elitebook-840g5\/"]}]},{"@type":"ImageObject","inLanguage":"ar","@id":"https:\/\/mersatradedz.com\/product\/laptop-hp-elitebook-840g5\/#primaryimage","url":"https:\/\/mersatradedz.com\/wp-content\/uploads\/2024\/08\/IMG_20240804_102627-scaled.jpg","contentUrl":"https:\/\/mersatradedz.com\/wp-content\/uploads\/2024\/08\/IMG_20240804_102627-scaled.jpg","width":1920,"height":2560},{"@type":"BreadcrumbList","@id":"https:\/\/mersatradedz.com\/product\/laptop-hp-elitebook-840g5\/#breadcrumb","itemListElement":[{"@type":"ListItem","position":1,"name":"Home","item":"https:\/\/mersatradedz.com\/ar\/"},{"@type":"ListItem","position":2,"name":"Boutique","item":"https:\/\/mersatradedz.com\/shop\/"},{"@type":"ListItem","position":3,"name":"Laptop HP EliteBook 840G5"}]},{"@type":"WebSite","@id":"https:\/\/mersatradedz.com\/#website","url":"https:\/\/mersatradedz.com\/","name":"mersatradedz","description":"","publisher":{"@id":"https:\/\/mersatradedz.com\/#organization"},"potentialAction":[{"@type":"SearchAction","target":{"@type":"EntryPoint","urlTemplate":"https:\/\/mersatradedz.com\/?s={search_term_string}"},"query-input":{"@type":"PropertyValueSpecification","valueRequired":true,"valueName":"search_term_string"}}],"inLanguage":"ar"},{"@type":"Organization","@id":"https:\/\/mersatradedz.com\/#organization","name":"mersa trade","url":"https:\/\/mersatradedz.com\/","logo":{"@type":"ImageObject","inLanguage":"ar","@id":"https:\/\/mersatradedz.com\/#\/schema\/logo\/image\/","url":"https:\/\/mersatradedz.com\/wp-content\/uploads\/2023\/07\/cropped-1684191296456.jpg","contentUrl":"https:\/\/mersatradedz.com\/wp-content\/uploads\/2023\/07\/cropped-1684191296456.jpg","width":1451,"height":955,"caption":"mersa trade"},"image":{"@id":"https:\/\/mersatradedz.com\/#\/schema\/logo\/image\/"},"sameAs":["https:\/\/www.facebook.com\/ntbidz"]}]}},"jetpack_sharing_enabled":true,"_links":{"self":[{"href":"https:\/\/mersatradedz.com\/ar\/wp-json\/wp\/v2\/product\/2544","targetHints":{"allow":["GET"]}}],"collection":[{"href":"https:\/\/mersatradedz.com\/ar\/wp-json\/wp\/v2\/product"}],"about":[{"href":"https:\/\/mersatradedz.com\/ar\/wp-json\/wp\/v2\/types\/product"}],"replies":[{"embeddable":true,"href":"https:\/\/mersatradedz.com\/ar\/wp-json\/wp\/v2\/comments?post=2544"}],"wp:featuredmedia":[{"embeddable":true,"href":"https:\/\/mersatradedz.com\/ar\/wp-json\/wp\/v2\/media\/2541"}],"wp:attachment":[{"href":"https:\/\/mersatradedz.com\/ar\/wp-json\/wp\/v2\/media?parent=2544"}],"wp:term":[{"taxonomy":"product_brand","embeddable":true,"href":"https:\/\/mersatradedz.com\/ar\/wp-json\/wp\/v2\/product_brand?post=2544"},{"taxonomy":"product_cat","embeddable":true,"href":"https:\/\/mersatradedz.com\/ar\/wp-json\/wp\/v2\/product_cat?post=2544"},{"taxonomy":"product_tag","embeddable":true,"href":"https:\/\/mersatradedz.com\/ar\/wp-json\/wp\/v2\/product_tag?post=2544"}],"curies":[{"name":"wp","href":"https:\/\/api.w.org\/{rel}","templated":true}]}}