{"id":2571,"date":"2024-08-04T16:40:24","date_gmt":"2024-08-04T15:40:24","guid":{"rendered":"https:\/\/mersatradedz.com\/product\/hp-all-in-one-desktop-computer\/"},"modified":"2025-03-27T14:37:58","modified_gmt":"2025-03-27T13:37:58","slug":"hp-all-in-one-desktop-computer","status":"publish","type":"product","link":"https:\/\/mersatradedz.com\/ar\/product\/hp-all-in-one-desktop-computer\/","title":{"rendered":"HP All-in-One Desktop Computer"},"content":{"rendered":"<p>Processeur Intel\u00ae Core\u2122 i3 de 12e g\u00e9n\u00e9ration<br \/>\nWindows 11 Famille<br \/>\n\u00c9cran FHD antireflet de 60,5 cm (23,8 po) de diagonale avec Intel UMA Graphics<br \/>\n4 Go de RAM DDR4<br \/>\nDisque SSD de 256 Go<br \/>\nEnsemble clavier et souris sans fil HP 710 noir, cam\u00e9ra de confidentialit\u00e9 infrarouge Wide Vision 1080p FHD, 1 sortie HDMI 1.4<\/p>","protected":false},"excerpt":{"rendered":"<p>Processeur Intel\u00ae Core\u2122 i3 de 12e g\u00e9n\u00e9ration Windows 11 Famille \u00c9cran FHD antireflet de 60,5 cm (23,8 po) de diagonale avec Intel UMA Graphics 4 Go de RAM DDR4 Disque SSD de 256 Go Ensemble clavier et souris sans fil HP 710 noir, cam\u00e9ra de confidentialit\u00e9 infrarouge Wide Vision 1080p FHD, 1 sortie HDMI 1.4<\/p>","protected":false},"featured_media":2567,"comment_status":"open","ping_status":"closed","template":"","meta":{"_monsterinsights_skip_tracking":false,"_monsterinsights_sitenote_active":false,"_monsterinsights_sitenote_note":"","_monsterinsights_sitenote_category":0},"product_brand":[],"product_cat":[705],"product_tag":[],"class_list":{"0":"post-2571","1":"product","2":"type-product","3":"status-publish","4":"has-post-thumbnail","6":"product_cat-pc-bureau-et-all-in-one","8":"first","9":"instock","10":"shipping-taxable","11":"purchasable","12":"product-type-simple"},"yoast_head":"<!-- This site is optimized with the Yoast SEO plugin v27.4 - https:\/\/yoast.com\/product\/yoast-seo-wordpress\/ -->\n<title>HP All-in-One Desktop Computer - mersatradedz<\/title>\n<meta name=\"robots\" content=\"index, follow, max-snippet:-1, max-image-preview:large, max-video-preview:-1\" \/>\n<link rel=\"canonical\" href=\"https:\/\/mersatradedz.com\/ar\/product\/hp-all-in-one-desktop-computer\/\" \/>\n<meta property=\"og:locale\" content=\"ar_AR\" \/>\n<meta property=\"og:type\" content=\"article\" \/>\n<meta property=\"og:title\" content=\"HP All-in-One Desktop Computer - mersatradedz\" \/>\n<meta property=\"og:description\" content=\"Processeur Intel\u00ae Core\u2122 i3 de 12e g\u00e9n\u00e9ration Windows 11 Famille \u00c9cran FHD antireflet de 60,5 cm (23,8 po) de diagonale avec Intel UMA Graphics 4 Go de RAM DDR4 Disque SSD de 256 Go Ensemble clavier et souris sans fil HP 710 noir, cam\u00e9ra de confidentialit\u00e9 infrarouge Wide Vision 1080p FHD, 1 sortie HDMI 1.4\" \/>\n<meta property=\"og:url\" content=\"https:\/\/mersatradedz.com\/ar\/product\/hp-all-in-one-desktop-computer\/\" \/>\n<meta property=\"og:site_name\" content=\"mersatradedz\" \/>\n<meta property=\"article:publisher\" content=\"https:\/\/www.facebook.com\/ntbidz\" \/>\n<meta property=\"article:modified_time\" content=\"2025-03-27T13:37:58+00:00\" \/>\n<meta property=\"og:image\" content=\"https:\/\/mersatradedz.com\/wp-content\/uploads\/2024\/08\/7034fd558b37cc60b5f6d2bfb369a1a6ecdbeb80_588949.jpg\" \/>\n\t<meta property=\"og:image:width\" content=\"800\" \/>\n\t<meta property=\"og:image:height\" content=\"800\" \/>\n\t<meta property=\"og:image:type\" content=\"image\/jpeg\" \/>\n<meta name=\"twitter:card\" content=\"summary_large_image\" \/>\n<script type=\"application\/ld+json\" class=\"yoast-schema-graph\">{\"@context\":\"https:\\\/\\\/schema.org\",\"@graph\":[{\"@type\":\"WebPage\",\"@id\":\"https:\\\/\\\/mersatradedz.com\\\/product\\\/hp-all-in-one-desktop-computer\\\/\",\"url\":\"https:\\\/\\\/mersatradedz.com\\\/product\\\/hp-all-in-one-desktop-computer\\\/\",\"name\":\"HP All-in-One Desktop Computer - mersatradedz\",\"isPartOf\":{\"@id\":\"https:\\\/\\\/mersatradedz.com\\\/#website\"},\"primaryImageOfPage\":{\"@id\":\"https:\\\/\\\/mersatradedz.com\\\/product\\\/hp-all-in-one-desktop-computer\\\/#primaryimage\"},\"image\":{\"@id\":\"https:\\\/\\\/mersatradedz.com\\\/product\\\/hp-all-in-one-desktop-computer\\\/#primaryimage\"},\"thumbnailUrl\":\"https:\\\/\\\/mersatradedz.com\\\/wp-content\\\/uploads\\\/2024\\\/08\\\/7034fd558b37cc60b5f6d2bfb369a1a6ecdbeb80_588949.jpg\",\"datePublished\":\"2024-08-04T15:40:24+00:00\",\"dateModified\":\"2025-03-27T13:37:58+00:00\",\"breadcrumb\":{\"@id\":\"https:\\\/\\\/mersatradedz.com\\\/product\\\/hp-all-in-one-desktop-computer\\\/#breadcrumb\"},\"inLanguage\":\"ar\",\"potentialAction\":[{\"@type\":\"ReadAction\",\"target\":[\"https:\\\/\\\/mersatradedz.com\\\/product\\\/hp-all-in-one-desktop-computer\\\/\"]}]},{\"@type\":\"ImageObject\",\"inLanguage\":\"ar\",\"@id\":\"https:\\\/\\\/mersatradedz.com\\\/product\\\/hp-all-in-one-desktop-computer\\\/#primaryimage\",\"url\":\"https:\\\/\\\/mersatradedz.com\\\/wp-content\\\/uploads\\\/2024\\\/08\\\/7034fd558b37cc60b5f6d2bfb369a1a6ecdbeb80_588949.jpg\",\"contentUrl\":\"https:\\\/\\\/mersatradedz.com\\\/wp-content\\\/uploads\\\/2024\\\/08\\\/7034fd558b37cc60b5f6d2bfb369a1a6ecdbeb80_588949.jpg\",\"width\":800,\"height\":800},{\"@type\":\"BreadcrumbList\",\"@id\":\"https:\\\/\\\/mersatradedz.com\\\/product\\\/hp-all-in-one-desktop-computer\\\/#breadcrumb\",\"itemListElement\":[{\"@type\":\"ListItem\",\"position\":1,\"name\":\"Home\",\"item\":\"https:\\\/\\\/mersatradedz.com\\\/ar\\\/\"},{\"@type\":\"ListItem\",\"position\":2,\"name\":\"Boutique\",\"item\":\"https:\\\/\\\/mersatradedz.com\\\/shop\\\/\"},{\"@type\":\"ListItem\",\"position\":3,\"name\":\"HP All-in-One Desktop Computer\"}]},{\"@type\":\"WebSite\",\"@id\":\"https:\\\/\\\/mersatradedz.com\\\/#website\",\"url\":\"https:\\\/\\\/mersatradedz.com\\\/\",\"name\":\"mersatradedz\",\"description\":\"\",\"publisher\":{\"@id\":\"https:\\\/\\\/mersatradedz.com\\\/#organization\"},\"potentialAction\":[{\"@type\":\"SearchAction\",\"target\":{\"@type\":\"EntryPoint\",\"urlTemplate\":\"https:\\\/\\\/mersatradedz.com\\\/?s={search_term_string}\"},\"query-input\":{\"@type\":\"PropertyValueSpecification\",\"valueRequired\":true,\"valueName\":\"search_term_string\"}}],\"inLanguage\":\"ar\"},{\"@type\":\"Organization\",\"@id\":\"https:\\\/\\\/mersatradedz.com\\\/#organization\",\"name\":\"mersa trade\",\"url\":\"https:\\\/\\\/mersatradedz.com\\\/\",\"logo\":{\"@type\":\"ImageObject\",\"inLanguage\":\"ar\",\"@id\":\"https:\\\/\\\/mersatradedz.com\\\/#\\\/schema\\\/logo\\\/image\\\/\",\"url\":\"https:\\\/\\\/mersatradedz.com\\\/wp-content\\\/uploads\\\/2023\\\/07\\\/cropped-1684191296456.jpg\",\"contentUrl\":\"https:\\\/\\\/mersatradedz.com\\\/wp-content\\\/uploads\\\/2023\\\/07\\\/cropped-1684191296456.jpg\",\"width\":1451,\"height\":955,\"caption\":\"mersa trade\"},\"image\":{\"@id\":\"https:\\\/\\\/mersatradedz.com\\\/#\\\/schema\\\/logo\\\/image\\\/\"},\"sameAs\":[\"https:\\\/\\\/www.facebook.com\\\/ntbidz\"]}]}<\/script>\n<!-- \/ Yoast SEO plugin. -->","yoast_head_json":{"title":"HP All-in-One Desktop Computer - mersatradedz","robots":{"index":"index","follow":"follow","max-snippet":"max-snippet:-1","max-image-preview":"max-image-preview:large","max-video-preview":"max-video-preview:-1"},"canonical":"https:\/\/mersatradedz.com\/ar\/product\/hp-all-in-one-desktop-computer\/","og_locale":"ar_AR","og_type":"article","og_title":"HP All-in-One Desktop Computer - mersatradedz","og_description":"Processeur Intel\u00ae Core\u2122 i3 de 12e g\u00e9n\u00e9ration Windows 11 Famille \u00c9cran FHD antireflet de 60,5 cm (23,8 po) de diagonale avec Intel UMA Graphics 4 Go de RAM DDR4 Disque SSD de 256 Go Ensemble clavier et souris sans fil HP 710 noir, cam\u00e9ra de confidentialit\u00e9 infrarouge Wide Vision 1080p FHD, 1 sortie HDMI 1.4","og_url":"https:\/\/mersatradedz.com\/ar\/product\/hp-all-in-one-desktop-computer\/","og_site_name":"mersatradedz","article_publisher":"https:\/\/www.facebook.com\/ntbidz","article_modified_time":"2025-03-27T13:37:58+00:00","og_image":[{"width":800,"height":800,"url":"https:\/\/mersatradedz.com\/wp-content\/uploads\/2024\/08\/7034fd558b37cc60b5f6d2bfb369a1a6ecdbeb80_588949.jpg","type":"image\/jpeg"}],"twitter_card":"summary_large_image","schema":{"@context":"https:\/\/schema.org","@graph":[{"@type":"WebPage","@id":"https:\/\/mersatradedz.com\/product\/hp-all-in-one-desktop-computer\/","url":"https:\/\/mersatradedz.com\/product\/hp-all-in-one-desktop-computer\/","name":"HP All-in-One Desktop Computer - mersatradedz","isPartOf":{"@id":"https:\/\/mersatradedz.com\/#website"},"primaryImageOfPage":{"@id":"https:\/\/mersatradedz.com\/product\/hp-all-in-one-desktop-computer\/#primaryimage"},"image":{"@id":"https:\/\/mersatradedz.com\/product\/hp-all-in-one-desktop-computer\/#primaryimage"},"thumbnailUrl":"https:\/\/mersatradedz.com\/wp-content\/uploads\/2024\/08\/7034fd558b37cc60b5f6d2bfb369a1a6ecdbeb80_588949.jpg","datePublished":"2024-08-04T15:40:24+00:00","dateModified":"2025-03-27T13:37:58+00:00","breadcrumb":{"@id":"https:\/\/mersatradedz.com\/product\/hp-all-in-one-desktop-computer\/#breadcrumb"},"inLanguage":"ar","potentialAction":[{"@type":"ReadAction","target":["https:\/\/mersatradedz.com\/product\/hp-all-in-one-desktop-computer\/"]}]},{"@type":"ImageObject","inLanguage":"ar","@id":"https:\/\/mersatradedz.com\/product\/hp-all-in-one-desktop-computer\/#primaryimage","url":"https:\/\/mersatradedz.com\/wp-content\/uploads\/2024\/08\/7034fd558b37cc60b5f6d2bfb369a1a6ecdbeb80_588949.jpg","contentUrl":"https:\/\/mersatradedz.com\/wp-content\/uploads\/2024\/08\/7034fd558b37cc60b5f6d2bfb369a1a6ecdbeb80_588949.jpg","width":800,"height":800},{"@type":"BreadcrumbList","@id":"https:\/\/mersatradedz.com\/product\/hp-all-in-one-desktop-computer\/#breadcrumb","itemListElement":[{"@type":"ListItem","position":1,"name":"Home","item":"https:\/\/mersatradedz.com\/ar\/"},{"@type":"ListItem","position":2,"name":"Boutique","item":"https:\/\/mersatradedz.com\/shop\/"},{"@type":"ListItem","position":3,"name":"HP All-in-One Desktop Computer"}]},{"@type":"WebSite","@id":"https:\/\/mersatradedz.com\/#website","url":"https:\/\/mersatradedz.com\/","name":"mersatradedz","description":"","publisher":{"@id":"https:\/\/mersatradedz.com\/#organization"},"potentialAction":[{"@type":"SearchAction","target":{"@type":"EntryPoint","urlTemplate":"https:\/\/mersatradedz.com\/?s={search_term_string}"},"query-input":{"@type":"PropertyValueSpecification","valueRequired":true,"valueName":"search_term_string"}}],"inLanguage":"ar"},{"@type":"Organization","@id":"https:\/\/mersatradedz.com\/#organization","name":"mersa trade","url":"https:\/\/mersatradedz.com\/","logo":{"@type":"ImageObject","inLanguage":"ar","@id":"https:\/\/mersatradedz.com\/#\/schema\/logo\/image\/","url":"https:\/\/mersatradedz.com\/wp-content\/uploads\/2023\/07\/cropped-1684191296456.jpg","contentUrl":"https:\/\/mersatradedz.com\/wp-content\/uploads\/2023\/07\/cropped-1684191296456.jpg","width":1451,"height":955,"caption":"mersa trade"},"image":{"@id":"https:\/\/mersatradedz.com\/#\/schema\/logo\/image\/"},"sameAs":["https:\/\/www.facebook.com\/ntbidz"]}]}},"jetpack_sharing_enabled":true,"_links":{"self":[{"href":"https:\/\/mersatradedz.com\/ar\/wp-json\/wp\/v2\/product\/2571","targetHints":{"allow":["GET"]}}],"collection":[{"href":"https:\/\/mersatradedz.com\/ar\/wp-json\/wp\/v2\/product"}],"about":[{"href":"https:\/\/mersatradedz.com\/ar\/wp-json\/wp\/v2\/types\/product"}],"replies":[{"embeddable":true,"href":"https:\/\/mersatradedz.com\/ar\/wp-json\/wp\/v2\/comments?post=2571"}],"wp:featuredmedia":[{"embeddable":true,"href":"https:\/\/mersatradedz.com\/ar\/wp-json\/wp\/v2\/media\/2567"}],"wp:attachment":[{"href":"https:\/\/mersatradedz.com\/ar\/wp-json\/wp\/v2\/media?parent=2571"}],"wp:term":[{"taxonomy":"product_brand","embeddable":true,"href":"https:\/\/mersatradedz.com\/ar\/wp-json\/wp\/v2\/product_brand?post=2571"},{"taxonomy":"product_cat","embeddable":true,"href":"https:\/\/mersatradedz.com\/ar\/wp-json\/wp\/v2\/product_cat?post=2571"},{"taxonomy":"product_tag","embeddable":true,"href":"https:\/\/mersatradedz.com\/ar\/wp-json\/wp\/v2\/product_tag?post=2571"}],"curies":[{"name":"wp","href":"https:\/\/api.w.org\/{rel}","templated":true}]}}