{"id":2588,"date":"2024-08-05T08:53:17","date_gmt":"2024-08-05T07:53:17","guid":{"rendered":"https:\/\/mersatradedz.com\/product\/plastifieuse-thermique-a3-plastifieuse-de-documents-a-chaud-et-a-froid-500w\/"},"modified":"2025-08-06T09:24:32","modified_gmt":"2025-08-06T08:24:32","slug":"plastifieuse-thermique-a3-plastifieuse-de-documents-a-chaud-et-a-froid-500w","status":"publish","type":"product","link":"https:\/\/mersatradedz.com\/ar\/product\/plastifieuse-thermique-a3-plastifieuse-de-documents-a-chaud-et-a-froid-500w\/","title":{"rendered":"Plastifieuse thermique A3 Plastifieuse de documents \u00e0 chaud et \u00e0 froid 500W"},"content":{"rendered":"<p>Caract\u00e9ristiques<br \/>\nPuissance : 500 W.<br \/>\nVitesse de laminage : 50 cm\/minute.<br \/>\nLargeur maximale du document : 320 mm.<br \/>\n\u00c9paisseur maximale du stratifi\u00e9 : 1 mm.<br \/>\nTemp\u00e9rature de fonctionnement configurable \u00e0 0\u00b0C et 100 \u00e0 200\u00b0C.<\/p>","protected":false},"excerpt":{"rendered":"<p>Caract\u00e9ristiques Puissance : 500 W. Vitesse de laminage : 50 cm\/minute. Largeur maximale du document : 320 mm. \u00c9paisseur maximale du stratifi\u00e9 : 1 mm. Temp\u00e9rature de fonctionnement configurable \u00e0 0\u00b0C et 100 \u00e0 200\u00b0C.<\/p>","protected":false},"featured_media":2584,"comment_status":"open","ping_status":"closed","template":"","meta":{"_monsterinsights_skip_tracking":false,"_monsterinsights_sitenote_active":false,"_monsterinsights_sitenote_note":"","_monsterinsights_sitenote_category":0},"product_brand":[],"product_cat":[308],"product_tag":[],"class_list":{"0":"post-2588","1":"product","2":"type-product","3":"status-publish","4":"has-post-thumbnail","6":"product_cat-impriment","8":"first","9":"instock","10":"sale","11":"purchasable","12":"product-type-simple"},"yoast_head":"<!-- This site is optimized with the Yoast SEO plugin v27.4 - https:\/\/yoast.com\/product\/yoast-seo-wordpress\/ -->\n<title>Plastifieuse thermique A3 Plastifieuse de documents \u00e0 chaud et \u00e0 froid 500W - mersatradedz<\/title>\n<meta name=\"robots\" content=\"index, follow, max-snippet:-1, max-image-preview:large, max-video-preview:-1\" \/>\n<link rel=\"canonical\" href=\"https:\/\/mersatradedz.com\/ar\/product\/plastifieuse-thermique-a3-plastifieuse-de-documents-a-chaud-et-a-froid-500w\/\" \/>\n<meta property=\"og:locale\" content=\"ar_AR\" \/>\n<meta property=\"og:type\" content=\"article\" \/>\n<meta property=\"og:title\" content=\"Plastifieuse thermique A3 Plastifieuse de documents \u00e0 chaud et \u00e0 froid 500W - mersatradedz\" \/>\n<meta property=\"og:description\" content=\"Caract\u00e9ristiques Puissance : 500 W. Vitesse de laminage : 50 cm\/minute. Largeur maximale du document : 320 mm. \u00c9paisseur maximale du stratifi\u00e9 : 1 mm. Temp\u00e9rature de fonctionnement configurable \u00e0 0\u00b0C et 100 \u00e0 200\u00b0C.\" \/>\n<meta property=\"og:url\" content=\"https:\/\/mersatradedz.com\/ar\/product\/plastifieuse-thermique-a3-plastifieuse-de-documents-a-chaud-et-a-froid-500w\/\" \/>\n<meta property=\"og:site_name\" content=\"mersatradedz\" \/>\n<meta property=\"article:publisher\" content=\"https:\/\/www.facebook.com\/ntbidz\" \/>\n<meta property=\"article:modified_time\" content=\"2025-08-06T08:24:32+00:00\" \/>\n<meta property=\"og:image\" content=\"https:\/\/mersatradedz.com\/wp-content\/uploads\/2024\/08\/of04100-06-thumbnail-540x540-70.jpg\" \/>\n\t<meta property=\"og:image:width\" content=\"540\" \/>\n\t<meta property=\"og:image:height\" content=\"540\" \/>\n\t<meta property=\"og:image:type\" content=\"image\/jpeg\" \/>\n<meta name=\"twitter:card\" content=\"summary_large_image\" \/>\n<script type=\"application\/ld+json\" class=\"yoast-schema-graph\">{\"@context\":\"https:\\\/\\\/schema.org\",\"@graph\":[{\"@type\":\"WebPage\",\"@id\":\"https:\\\/\\\/mersatradedz.com\\\/product\\\/plastifieuse-thermique-a3-plastifieuse-de-documents-a-chaud-et-a-froid-500w\\\/\",\"url\":\"https:\\\/\\\/mersatradedz.com\\\/product\\\/plastifieuse-thermique-a3-plastifieuse-de-documents-a-chaud-et-a-froid-500w\\\/\",\"name\":\"Plastifieuse thermique A3 Plastifieuse de documents \u00e0 chaud et \u00e0 froid 500W - mersatradedz\",\"isPartOf\":{\"@id\":\"https:\\\/\\\/mersatradedz.com\\\/#website\"},\"primaryImageOfPage\":{\"@id\":\"https:\\\/\\\/mersatradedz.com\\\/product\\\/plastifieuse-thermique-a3-plastifieuse-de-documents-a-chaud-et-a-froid-500w\\\/#primaryimage\"},\"image\":{\"@id\":\"https:\\\/\\\/mersatradedz.com\\\/product\\\/plastifieuse-thermique-a3-plastifieuse-de-documents-a-chaud-et-a-froid-500w\\\/#primaryimage\"},\"thumbnailUrl\":\"https:\\\/\\\/mersatradedz.com\\\/wp-content\\\/uploads\\\/2024\\\/08\\\/of04100-06-thumbnail-540x540-70.jpg\",\"datePublished\":\"2024-08-05T07:53:17+00:00\",\"dateModified\":\"2025-08-06T08:24:32+00:00\",\"breadcrumb\":{\"@id\":\"https:\\\/\\\/mersatradedz.com\\\/product\\\/plastifieuse-thermique-a3-plastifieuse-de-documents-a-chaud-et-a-froid-500w\\\/#breadcrumb\"},\"inLanguage\":\"ar\",\"potentialAction\":[{\"@type\":\"ReadAction\",\"target\":[\"https:\\\/\\\/mersatradedz.com\\\/product\\\/plastifieuse-thermique-a3-plastifieuse-de-documents-a-chaud-et-a-froid-500w\\\/\"]}]},{\"@type\":\"ImageObject\",\"inLanguage\":\"ar\",\"@id\":\"https:\\\/\\\/mersatradedz.com\\\/product\\\/plastifieuse-thermique-a3-plastifieuse-de-documents-a-chaud-et-a-froid-500w\\\/#primaryimage\",\"url\":\"https:\\\/\\\/mersatradedz.com\\\/wp-content\\\/uploads\\\/2024\\\/08\\\/of04100-06-thumbnail-540x540-70.jpg\",\"contentUrl\":\"https:\\\/\\\/mersatradedz.com\\\/wp-content\\\/uploads\\\/2024\\\/08\\\/of04100-06-thumbnail-540x540-70.jpg\",\"width\":540,\"height\":540},{\"@type\":\"BreadcrumbList\",\"@id\":\"https:\\\/\\\/mersatradedz.com\\\/product\\\/plastifieuse-thermique-a3-plastifieuse-de-documents-a-chaud-et-a-froid-500w\\\/#breadcrumb\",\"itemListElement\":[{\"@type\":\"ListItem\",\"position\":1,\"name\":\"Home\",\"item\":\"https:\\\/\\\/mersatradedz.com\\\/ar\\\/\"},{\"@type\":\"ListItem\",\"position\":2,\"name\":\"Boutique\",\"item\":\"https:\\\/\\\/mersatradedz.com\\\/shop\\\/\"},{\"@type\":\"ListItem\",\"position\":3,\"name\":\"Plastifieuse thermique A3 Plastifieuse de documents \u00e0 chaud et \u00e0 froid 500W\"}]},{\"@type\":\"WebSite\",\"@id\":\"https:\\\/\\\/mersatradedz.com\\\/#website\",\"url\":\"https:\\\/\\\/mersatradedz.com\\\/\",\"name\":\"mersatradedz\",\"description\":\"\",\"publisher\":{\"@id\":\"https:\\\/\\\/mersatradedz.com\\\/#organization\"},\"potentialAction\":[{\"@type\":\"SearchAction\",\"target\":{\"@type\":\"EntryPoint\",\"urlTemplate\":\"https:\\\/\\\/mersatradedz.com\\\/?s={search_term_string}\"},\"query-input\":{\"@type\":\"PropertyValueSpecification\",\"valueRequired\":true,\"valueName\":\"search_term_string\"}}],\"inLanguage\":\"ar\"},{\"@type\":\"Organization\",\"@id\":\"https:\\\/\\\/mersatradedz.com\\\/#organization\",\"name\":\"mersa trade\",\"url\":\"https:\\\/\\\/mersatradedz.com\\\/\",\"logo\":{\"@type\":\"ImageObject\",\"inLanguage\":\"ar\",\"@id\":\"https:\\\/\\\/mersatradedz.com\\\/#\\\/schema\\\/logo\\\/image\\\/\",\"url\":\"https:\\\/\\\/mersatradedz.com\\\/wp-content\\\/uploads\\\/2023\\\/07\\\/cropped-1684191296456.jpg\",\"contentUrl\":\"https:\\\/\\\/mersatradedz.com\\\/wp-content\\\/uploads\\\/2023\\\/07\\\/cropped-1684191296456.jpg\",\"width\":1451,\"height\":955,\"caption\":\"mersa trade\"},\"image\":{\"@id\":\"https:\\\/\\\/mersatradedz.com\\\/#\\\/schema\\\/logo\\\/image\\\/\"},\"sameAs\":[\"https:\\\/\\\/www.facebook.com\\\/ntbidz\"]}]}<\/script>\n<!-- \/ Yoast SEO plugin. -->","yoast_head_json":{"title":"Plastifieuse thermique A3 Plastifieuse de documents \u00e0 chaud et \u00e0 froid 500W - mersatradedz","robots":{"index":"index","follow":"follow","max-snippet":"max-snippet:-1","max-image-preview":"max-image-preview:large","max-video-preview":"max-video-preview:-1"},"canonical":"https:\/\/mersatradedz.com\/ar\/product\/plastifieuse-thermique-a3-plastifieuse-de-documents-a-chaud-et-a-froid-500w\/","og_locale":"ar_AR","og_type":"article","og_title":"Plastifieuse thermique A3 Plastifieuse de documents \u00e0 chaud et \u00e0 froid 500W - mersatradedz","og_description":"Caract\u00e9ristiques Puissance : 500 W. Vitesse de laminage : 50 cm\/minute. Largeur maximale du document : 320 mm. \u00c9paisseur maximale du stratifi\u00e9 : 1 mm. Temp\u00e9rature de fonctionnement configurable \u00e0 0\u00b0C et 100 \u00e0 200\u00b0C.","og_url":"https:\/\/mersatradedz.com\/ar\/product\/plastifieuse-thermique-a3-plastifieuse-de-documents-a-chaud-et-a-froid-500w\/","og_site_name":"mersatradedz","article_publisher":"https:\/\/www.facebook.com\/ntbidz","article_modified_time":"2025-08-06T08:24:32+00:00","og_image":[{"width":540,"height":540,"url":"https:\/\/mersatradedz.com\/wp-content\/uploads\/2024\/08\/of04100-06-thumbnail-540x540-70.jpg","type":"image\/jpeg"}],"twitter_card":"summary_large_image","schema":{"@context":"https:\/\/schema.org","@graph":[{"@type":"WebPage","@id":"https:\/\/mersatradedz.com\/product\/plastifieuse-thermique-a3-plastifieuse-de-documents-a-chaud-et-a-froid-500w\/","url":"https:\/\/mersatradedz.com\/product\/plastifieuse-thermique-a3-plastifieuse-de-documents-a-chaud-et-a-froid-500w\/","name":"Plastifieuse thermique A3 Plastifieuse de documents \u00e0 chaud et \u00e0 froid 500W - mersatradedz","isPartOf":{"@id":"https:\/\/mersatradedz.com\/#website"},"primaryImageOfPage":{"@id":"https:\/\/mersatradedz.com\/product\/plastifieuse-thermique-a3-plastifieuse-de-documents-a-chaud-et-a-froid-500w\/#primaryimage"},"image":{"@id":"https:\/\/mersatradedz.com\/product\/plastifieuse-thermique-a3-plastifieuse-de-documents-a-chaud-et-a-froid-500w\/#primaryimage"},"thumbnailUrl":"https:\/\/mersatradedz.com\/wp-content\/uploads\/2024\/08\/of04100-06-thumbnail-540x540-70.jpg","datePublished":"2024-08-05T07:53:17+00:00","dateModified":"2025-08-06T08:24:32+00:00","breadcrumb":{"@id":"https:\/\/mersatradedz.com\/product\/plastifieuse-thermique-a3-plastifieuse-de-documents-a-chaud-et-a-froid-500w\/#breadcrumb"},"inLanguage":"ar","potentialAction":[{"@type":"ReadAction","target":["https:\/\/mersatradedz.com\/product\/plastifieuse-thermique-a3-plastifieuse-de-documents-a-chaud-et-a-froid-500w\/"]}]},{"@type":"ImageObject","inLanguage":"ar","@id":"https:\/\/mersatradedz.com\/product\/plastifieuse-thermique-a3-plastifieuse-de-documents-a-chaud-et-a-froid-500w\/#primaryimage","url":"https:\/\/mersatradedz.com\/wp-content\/uploads\/2024\/08\/of04100-06-thumbnail-540x540-70.jpg","contentUrl":"https:\/\/mersatradedz.com\/wp-content\/uploads\/2024\/08\/of04100-06-thumbnail-540x540-70.jpg","width":540,"height":540},{"@type":"BreadcrumbList","@id":"https:\/\/mersatradedz.com\/product\/plastifieuse-thermique-a3-plastifieuse-de-documents-a-chaud-et-a-froid-500w\/#breadcrumb","itemListElement":[{"@type":"ListItem","position":1,"name":"Home","item":"https:\/\/mersatradedz.com\/ar\/"},{"@type":"ListItem","position":2,"name":"Boutique","item":"https:\/\/mersatradedz.com\/shop\/"},{"@type":"ListItem","position":3,"name":"Plastifieuse thermique A3 Plastifieuse de documents \u00e0 chaud et \u00e0 froid 500W"}]},{"@type":"WebSite","@id":"https:\/\/mersatradedz.com\/#website","url":"https:\/\/mersatradedz.com\/","name":"mersatradedz","description":"","publisher":{"@id":"https:\/\/mersatradedz.com\/#organization"},"potentialAction":[{"@type":"SearchAction","target":{"@type":"EntryPoint","urlTemplate":"https:\/\/mersatradedz.com\/?s={search_term_string}"},"query-input":{"@type":"PropertyValueSpecification","valueRequired":true,"valueName":"search_term_string"}}],"inLanguage":"ar"},{"@type":"Organization","@id":"https:\/\/mersatradedz.com\/#organization","name":"mersa trade","url":"https:\/\/mersatradedz.com\/","logo":{"@type":"ImageObject","inLanguage":"ar","@id":"https:\/\/mersatradedz.com\/#\/schema\/logo\/image\/","url":"https:\/\/mersatradedz.com\/wp-content\/uploads\/2023\/07\/cropped-1684191296456.jpg","contentUrl":"https:\/\/mersatradedz.com\/wp-content\/uploads\/2023\/07\/cropped-1684191296456.jpg","width":1451,"height":955,"caption":"mersa trade"},"image":{"@id":"https:\/\/mersatradedz.com\/#\/schema\/logo\/image\/"},"sameAs":["https:\/\/www.facebook.com\/ntbidz"]}]}},"jetpack_sharing_enabled":true,"_links":{"self":[{"href":"https:\/\/mersatradedz.com\/ar\/wp-json\/wp\/v2\/product\/2588","targetHints":{"allow":["GET"]}}],"collection":[{"href":"https:\/\/mersatradedz.com\/ar\/wp-json\/wp\/v2\/product"}],"about":[{"href":"https:\/\/mersatradedz.com\/ar\/wp-json\/wp\/v2\/types\/product"}],"replies":[{"embeddable":true,"href":"https:\/\/mersatradedz.com\/ar\/wp-json\/wp\/v2\/comments?post=2588"}],"wp:featuredmedia":[{"embeddable":true,"href":"https:\/\/mersatradedz.com\/ar\/wp-json\/wp\/v2\/media\/2584"}],"wp:attachment":[{"href":"https:\/\/mersatradedz.com\/ar\/wp-json\/wp\/v2\/media?parent=2588"}],"wp:term":[{"taxonomy":"product_brand","embeddable":true,"href":"https:\/\/mersatradedz.com\/ar\/wp-json\/wp\/v2\/product_brand?post=2588"},{"taxonomy":"product_cat","embeddable":true,"href":"https:\/\/mersatradedz.com\/ar\/wp-json\/wp\/v2\/product_cat?post=2588"},{"taxonomy":"product_tag","embeddable":true,"href":"https:\/\/mersatradedz.com\/ar\/wp-json\/wp\/v2\/product_tag?post=2588"}],"curies":[{"name":"wp","href":"https:\/\/api.w.org\/{rel}","templated":true}]}}