{"id":2613,"date":"2024-08-05T09:54:02","date_gmt":"2024-08-05T08:54:02","guid":{"rendered":"https:\/\/mersatradedz.com\/product\/laptop-hp-250-g8-laptop-11th-gen\/"},"modified":"2025-10-07T10:06:17","modified_gmt":"2025-10-07T09:06:17","slug":"laptop-hp-250-g8-laptop-11th-gen","status":"publish","type":"product","link":"https:\/\/mersatradedz.com\/ar\/product\/laptop-hp-250-g8-laptop-11th-gen\/","title":{"rendered":"Laptop HP 250 G8 Laptop | i3-1115G4 \/ 8Go \/ 256Go SSD \/ 15.6&Prime;"},"content":{"rendered":"<h2 data-start=\"770\" data-end=\"800\">Performance &amp; processeur<\/h2>\n<p style=\"padding-left: 40px;\" data-start=\"801\" data-end=\"1158\">Le <strong data-start=\"804\" data-end=\"817\">HP 250 G8<\/strong> est dot\u00e9 du <strong data-start=\"830\" data-end=\"865\">processeur Intel Core i3-1115G4<\/strong>, une puce 11\u1d49 g\u00e9n\u00e9ration dot\u00e9e de deux c\u0153urs \/ quatre threads, avec fr\u00e9quence de base de 3,0 GHz et fr\u00e9quence boost jusqu\u2019\u00e0 4,1 GHz. Cela lui permet d\u2019aborder efficacement les usages bureautiques, navigation, lecture multim\u00e9dia et applications l\u00e9g\u00e8res.<\/p>\n<h2 data-start=\"1160\" data-end=\"1184\">M\u00e9moire &amp; stockage<\/h2>\n<p style=\"padding-left: 40px;\" data-start=\"1185\" data-end=\"1476\">Avec <strong data-start=\"1190\" data-end=\"1214\">8 Go de m\u00e9moire DDR4<\/strong>, ce portable offre une bonne marge pour le multit\u00e2che mod\u00e9r\u00e9. Le <strong data-start=\"1280\" data-end=\"1302\">SSD NVMe de 256 Go<\/strong> garantit des vitesses de lecture\/\u00e9criture \u00e9lev\u00e9es, rendant le lancement d\u2019applications et le chargement de fichiers rapide et fluide.<\/p>\n<h2 data-start=\"1478\" data-end=\"1502\">Affichage &amp; design<\/h2>\n<p style=\"padding-left: 40px;\" data-start=\"1503\" data-end=\"1822\">Certaines variantes sont \u00e9quip\u00e9es d\u2019un \u00e9cran <strong data-start=\"1638\" data-end=\"1663\">Full HD (1920 \u00d7 1080)<\/strong> pour plus de clart\u00e9. Le design reste fin, avec des bordures raisonnables, et le poids total est d\u2019environ <strong data-start=\"1770\" data-end=\"1781\">1,74 kg<\/strong>.<\/p>\n<h2 data-start=\"1824\" data-end=\"1850\">Connectivit\u00e9 &amp; ports<\/h2>\n<p style=\"padding-left: 40px;\" data-start=\"1851\" data-end=\"1899\">Le HP 250 G8 propose une connectique adapt\u00e9e :<\/p>\n<ul data-start=\"1900\" data-end=\"2160\">\n<li data-start=\"1900\" data-end=\"1938\">\n<p data-start=\"1902\" data-end=\"1938\">USB-A, USB-C (selon configuration)<\/p>\n<\/li>\n<li data-start=\"1939\" data-end=\"1966\">\n<p data-start=\"1941\" data-end=\"1966\">HDMI pour \u00e9cran externe<\/p>\n<\/li>\n<li data-start=\"1967\" data-end=\"1990\">\n<p data-start=\"1969\" data-end=\"1990\">Port RJ-45 Ethernet<\/p>\n<\/li>\n<li data-start=\"1991\" data-end=\"2028\">\n<p data-start=\"1993\" data-end=\"2028\">Wi-Fi (802.11ac) et Bluetooth 5.0<\/p>\n<\/li>\n<li data-start=\"2029\" data-end=\"2051\">\n<p data-start=\"2031\" data-end=\"2051\">Webcam HD int\u00e9gr\u00e9e<\/p>\n<\/li>\n<li data-start=\"2052\" data-end=\"2160\">\n<p data-start=\"2054\" data-end=\"2160\">Autorise l\u2019extension m\u00e9moire et stockage via emplacement M.2 libre<\/p>\n<\/li>\n<\/ul>\n<h2 data-start=\"2162\" data-end=\"2195\">Autonomie &amp; usage quotidien<\/h2>\n<p style=\"padding-left: 40px;\" data-start=\"2196\" data-end=\"2447\">L\u2019autonomie varie selon usage (navigation, vid\u00e9o, traitement de texte), mais ce mod\u00e8le est pens\u00e9 pour tenir plusieurs heures en usage mod\u00e9r\u00e9. Le ch\u00e2ssis est optimis\u00e9 pour les d\u00e9placements avec un format compact.<\/p>\n<h2 data-start=\"2449\" data-end=\"2491\">Limites &amp; optimisations recommand\u00e9es<\/h2>\n<ul data-start=\"2492\" data-end=\"3045\">\n<li data-start=\"2492\" data-end=\"2631\">\n<p data-start=\"2494\" data-end=\"2631\">Avec 8 Go de RAM, le multit\u00e2che intensif (machines virtuelles, montages lourds) peut montrer ses limites \u2014 envisager 16 Go si possible.<\/p>\n<\/li>\n<li data-start=\"2632\" data-end=\"2747\">\n<p data-start=\"2634\" data-end=\"2747\">La variante avec \u00e9cran HD offre des angles de vision plus limit\u00e9s et une pr\u00e9cision moindre compar\u00e9e au Full HD.<\/p>\n<\/li>\n<li data-start=\"2748\" data-end=\"3045\">\n<p data-start=\"2750\" data-end=\"3045\">Le i3-1115G4 est suffisant pour les usages standards, mais face \u00e0 des logiciels lourds, des mod\u00e8les 4 c\u0153urs peuvent \u00eatre pr\u00e9f\u00e9rables. Des utilisateurs ont mentionn\u00e9 que les deux c\u0153urs du i3 peuvent devenir un goulot d\u2019\u00e9tranglement dans certains sc\u00e9narios.<\/p>\n<\/li>\n<\/ul>","protected":false},"excerpt":{"rendered":"<h5 style=\"text-align: left;\" data-start=\"151\" data-end=\"232\"><strong data-start=\"151\" data-end=\"232\">HP 250 G8 \u2013 i3-1115G4 \/ 8 Go \/ 256 Go SSD \u2013 portable accessible &amp; efficace \ud83d\udcbc<\/strong><\/h5>\n<p style=\"padding-left: 40px; text-align: left;\" data-start=\"236\" data-end=\"331\">Processeur <strong data-start=\"247\" data-end=\"271\">Intel Core i3-1115G4<\/strong> (2 c\u0153urs, jusqu\u2019\u00e0 4,1 GHz) pour les t\u00e2ches quotidiennes \u26a1<\/p>\n<p style=\"padding-left: 40px; text-align: left;\" data-start=\"334\" data-end=\"391\"><strong data-start=\"334\" data-end=\"347\">8 Go DDR4<\/strong> pr\u00eat \u00e0 l\u2019emploi pour un multit\u00e2che fluide<\/p>\n<p style=\"padding-left: 40px; text-align: left;\" data-start=\"394\" data-end=\"472\">Stockage <strong data-start=\"403\" data-end=\"422\">256 Go SSD NVMe<\/strong> : d\u00e9marrage et acc\u00e8s aux fichiers ultra rapides<\/p>\n<p style=\"padding-left: 40px; text-align: left;\" data-start=\"475\" data-end=\"566\">\u00c9cran <strong data-start=\"481\" data-end=\"503\">15,6\u2033 Full HD<\/strong> selon version, avec dalle compacte pour un usage bureautique<\/p>\n<p style=\"padding-left: 40px; text-align: left;\" data-start=\"569\" data-end=\"640\">Connectique compl\u00e8te : USB-A \/ USB-C \/ HDMI \/ RJ-45, Wi-Fi, Bluetooth<\/p>\n<p style=\"padding-left: 40px; text-align: left;\" data-start=\"643\" data-end=\"715\">L\u00e9ger (~1,74 kg) et format portable, id\u00e9al pour d\u00e9placements fr\u00e9quents<\/p>","protected":false},"featured_media":3931,"comment_status":"open","ping_status":"closed","template":"","meta":{"_monsterinsights_skip_tracking":false,"_monsterinsights_sitenote_active":false,"_monsterinsights_sitenote_note":"","_monsterinsights_sitenote_category":0},"product_brand":[848],"product_cat":[616],"product_tag":[],"class_list":{"0":"post-2613","1":"product","2":"type-product","3":"status-publish","4":"has-post-thumbnail","6":"product_brand-hp","7":"product_cat-laptop-tablette","9":"first","10":"instock","11":"shipping-taxable","12":"purchasable","13":"product-type-simple"},"yoast_head":"<!-- This site is optimized with the Yoast SEO plugin v27.4 - https:\/\/yoast.com\/product\/yoast-seo-wordpress\/ -->\n<title>Laptop HP 250 G8 Laptop | i3-1115G4 \/ 8Go \/ 256Go SSD \/ 15.6&quot; - mersatradedz<\/title>\n<meta name=\"robots\" content=\"index, follow, max-snippet:-1, max-image-preview:large, max-video-preview:-1\" \/>\n<link rel=\"canonical\" href=\"https:\/\/mersatradedz.com\/ar\/product\/laptop-hp-250-g8-laptop-11th-gen\/\" \/>\n<meta property=\"og:locale\" content=\"ar_AR\" \/>\n<meta property=\"og:type\" content=\"article\" \/>\n<meta property=\"og:title\" content=\"Laptop HP 250 G8 Laptop | i3-1115G4 \/ 8Go \/ 256Go SSD \/ 15.6&quot; - mersatradedz\" \/>\n<meta property=\"og:description\" content=\"HP 250 G8 \u2013 i3-1115G4 \/ 8 Go \/ 256 Go SSD \u2013 portable accessible &amp; efficace \ud83d\udcbc Processeur Intel Core i3-1115G4 (2 c\u0153urs, jusqu\u2019\u00e0 4,1 GHz) pour les t\u00e2ches quotidiennes \u26a1 8 Go DDR4 pr\u00eat \u00e0 l\u2019emploi pour un multit\u00e2che fluide Stockage 256 Go SSD NVMe : d\u00e9marrage et acc\u00e8s aux fichiers ultra rapides \u00c9cran 15,6\u2033 Full HD selon version, avec dalle compacte pour un usage bureautique Connectique compl\u00e8te : USB-A \/ USB-C \/ HDMI \/ RJ-45, Wi-Fi, Bluetooth L\u00e9ger (~1,74 kg) et format portable, id\u00e9al pour d\u00e9placements fr\u00e9quents\" \/>\n<meta property=\"og:url\" content=\"https:\/\/mersatradedz.com\/ar\/product\/laptop-hp-250-g8-laptop-11th-gen\/\" \/>\n<meta property=\"og:site_name\" content=\"mersatradedz\" \/>\n<meta property=\"article:publisher\" content=\"https:\/\/www.facebook.com\/ntbidz\" \/>\n<meta property=\"article:modified_time\" content=\"2025-10-07T09:06:17+00:00\" \/>\n<meta property=\"og:image\" content=\"https:\/\/mersatradedz.com\/wp-content\/uploads\/2024\/08\/71SS-vt1MS._UF10001000_QL80_.jpg\" \/>\n\t<meta property=\"og:image:width\" content=\"1000\" \/>\n\t<meta property=\"og:image:height\" content=\"947\" \/>\n\t<meta property=\"og:image:type\" content=\"image\/jpeg\" \/>\n<meta name=\"twitter:card\" content=\"summary_large_image\" \/>\n<meta name=\"twitter:label1\" content=\"\u0648\u0642\u062a \u0627\u0644\u0642\u0631\u0627\u0621\u0629 \u0627\u0644\u0645\u064f\u0642\u062f\u0651\u0631\" \/>\n\t<meta name=\"twitter:data1\" content=\"\u062f\u0642\u064a\u0642\u062a\u0627\u0646\" \/>\n<script type=\"application\/ld+json\" class=\"yoast-schema-graph\">{\"@context\":\"https:\\\/\\\/schema.org\",\"@graph\":[{\"@type\":\"WebPage\",\"@id\":\"https:\\\/\\\/mersatradedz.com\\\/product\\\/laptop-hp-250-g8-laptop-11th-gen\\\/\",\"url\":\"https:\\\/\\\/mersatradedz.com\\\/product\\\/laptop-hp-250-g8-laptop-11th-gen\\\/\",\"name\":\"Laptop HP 250 G8 Laptop | i3-1115G4 \\\/ 8Go \\\/ 256Go SSD \\\/ 15.6\\\" - mersatradedz\",\"isPartOf\":{\"@id\":\"https:\\\/\\\/mersatradedz.com\\\/#website\"},\"primaryImageOfPage\":{\"@id\":\"https:\\\/\\\/mersatradedz.com\\\/product\\\/laptop-hp-250-g8-laptop-11th-gen\\\/#primaryimage\"},\"image\":{\"@id\":\"https:\\\/\\\/mersatradedz.com\\\/product\\\/laptop-hp-250-g8-laptop-11th-gen\\\/#primaryimage\"},\"thumbnailUrl\":\"https:\\\/\\\/mersatradedz.com\\\/wp-content\\\/uploads\\\/2024\\\/08\\\/71SS-vt1MS._UF10001000_QL80_.jpg\",\"datePublished\":\"2024-08-05T08:54:02+00:00\",\"dateModified\":\"2025-10-07T09:06:17+00:00\",\"breadcrumb\":{\"@id\":\"https:\\\/\\\/mersatradedz.com\\\/product\\\/laptop-hp-250-g8-laptop-11th-gen\\\/#breadcrumb\"},\"inLanguage\":\"ar\",\"potentialAction\":[{\"@type\":\"ReadAction\",\"target\":[\"https:\\\/\\\/mersatradedz.com\\\/product\\\/laptop-hp-250-g8-laptop-11th-gen\\\/\"]}]},{\"@type\":\"ImageObject\",\"inLanguage\":\"ar\",\"@id\":\"https:\\\/\\\/mersatradedz.com\\\/product\\\/laptop-hp-250-g8-laptop-11th-gen\\\/#primaryimage\",\"url\":\"https:\\\/\\\/mersatradedz.com\\\/wp-content\\\/uploads\\\/2024\\\/08\\\/71SS-vt1MS._UF10001000_QL80_.jpg\",\"contentUrl\":\"https:\\\/\\\/mersatradedz.com\\\/wp-content\\\/uploads\\\/2024\\\/08\\\/71SS-vt1MS._UF10001000_QL80_.jpg\",\"width\":1000,\"height\":947},{\"@type\":\"BreadcrumbList\",\"@id\":\"https:\\\/\\\/mersatradedz.com\\\/product\\\/laptop-hp-250-g8-laptop-11th-gen\\\/#breadcrumb\",\"itemListElement\":[{\"@type\":\"ListItem\",\"position\":1,\"name\":\"Home\",\"item\":\"https:\\\/\\\/mersatradedz.com\\\/ar\\\/\"},{\"@type\":\"ListItem\",\"position\":2,\"name\":\"Boutique\",\"item\":\"https:\\\/\\\/mersatradedz.com\\\/shop\\\/\"},{\"@type\":\"ListItem\",\"position\":3,\"name\":\"Laptop HP 250 G8 Laptop | i3-1115G4 \\\/ 8Go \\\/ 256Go SSD \\\/ 15.6&Prime;\"}]},{\"@type\":\"WebSite\",\"@id\":\"https:\\\/\\\/mersatradedz.com\\\/#website\",\"url\":\"https:\\\/\\\/mersatradedz.com\\\/\",\"name\":\"mersatradedz\",\"description\":\"\",\"publisher\":{\"@id\":\"https:\\\/\\\/mersatradedz.com\\\/#organization\"},\"potentialAction\":[{\"@type\":\"SearchAction\",\"target\":{\"@type\":\"EntryPoint\",\"urlTemplate\":\"https:\\\/\\\/mersatradedz.com\\\/?s={search_term_string}\"},\"query-input\":{\"@type\":\"PropertyValueSpecification\",\"valueRequired\":true,\"valueName\":\"search_term_string\"}}],\"inLanguage\":\"ar\"},{\"@type\":\"Organization\",\"@id\":\"https:\\\/\\\/mersatradedz.com\\\/#organization\",\"name\":\"mersa trade\",\"url\":\"https:\\\/\\\/mersatradedz.com\\\/\",\"logo\":{\"@type\":\"ImageObject\",\"inLanguage\":\"ar\",\"@id\":\"https:\\\/\\\/mersatradedz.com\\\/#\\\/schema\\\/logo\\\/image\\\/\",\"url\":\"https:\\\/\\\/mersatradedz.com\\\/wp-content\\\/uploads\\\/2023\\\/07\\\/cropped-1684191296456.jpg\",\"contentUrl\":\"https:\\\/\\\/mersatradedz.com\\\/wp-content\\\/uploads\\\/2023\\\/07\\\/cropped-1684191296456.jpg\",\"width\":1451,\"height\":955,\"caption\":\"mersa trade\"},\"image\":{\"@id\":\"https:\\\/\\\/mersatradedz.com\\\/#\\\/schema\\\/logo\\\/image\\\/\"},\"sameAs\":[\"https:\\\/\\\/www.facebook.com\\\/ntbidz\"]}]}<\/script>\n<!-- \/ Yoast SEO plugin. -->","yoast_head_json":{"title":"Laptop HP 250 G8 Laptop | i3-1115G4 \/ 8Go \/ 256Go SSD \/ 15.6\" - mersatradedz","robots":{"index":"index","follow":"follow","max-snippet":"max-snippet:-1","max-image-preview":"max-image-preview:large","max-video-preview":"max-video-preview:-1"},"canonical":"https:\/\/mersatradedz.com\/ar\/product\/laptop-hp-250-g8-laptop-11th-gen\/","og_locale":"ar_AR","og_type":"article","og_title":"Laptop HP 250 G8 Laptop | i3-1115G4 \/ 8Go \/ 256Go SSD \/ 15.6\" - mersatradedz","og_description":"HP 250 G8 \u2013 i3-1115G4 \/ 8 Go \/ 256 Go SSD \u2013 portable accessible &amp; efficace \ud83d\udcbc Processeur Intel Core i3-1115G4 (2 c\u0153urs, jusqu\u2019\u00e0 4,1 GHz) pour les t\u00e2ches quotidiennes \u26a1 8 Go DDR4 pr\u00eat \u00e0 l\u2019emploi pour un multit\u00e2che fluide Stockage 256 Go SSD NVMe : d\u00e9marrage et acc\u00e8s aux fichiers ultra rapides \u00c9cran 15,6\u2033 Full HD selon version, avec dalle compacte pour un usage bureautique Connectique compl\u00e8te : USB-A \/ USB-C \/ HDMI \/ RJ-45, Wi-Fi, Bluetooth L\u00e9ger (~1,74 kg) et format portable, id\u00e9al pour d\u00e9placements fr\u00e9quents","og_url":"https:\/\/mersatradedz.com\/ar\/product\/laptop-hp-250-g8-laptop-11th-gen\/","og_site_name":"mersatradedz","article_publisher":"https:\/\/www.facebook.com\/ntbidz","article_modified_time":"2025-10-07T09:06:17+00:00","og_image":[{"width":1000,"height":947,"url":"https:\/\/mersatradedz.com\/wp-content\/uploads\/2024\/08\/71SS-vt1MS._UF10001000_QL80_.jpg","type":"image\/jpeg"}],"twitter_card":"summary_large_image","twitter_misc":{"\u0648\u0642\u062a \u0627\u0644\u0642\u0631\u0627\u0621\u0629 \u0627\u0644\u0645\u064f\u0642\u062f\u0651\u0631":"\u062f\u0642\u064a\u0642\u062a\u0627\u0646"},"schema":{"@context":"https:\/\/schema.org","@graph":[{"@type":"WebPage","@id":"https:\/\/mersatradedz.com\/product\/laptop-hp-250-g8-laptop-11th-gen\/","url":"https:\/\/mersatradedz.com\/product\/laptop-hp-250-g8-laptop-11th-gen\/","name":"Laptop HP 250 G8 Laptop | i3-1115G4 \/ 8Go \/ 256Go SSD \/ 15.6\" - mersatradedz","isPartOf":{"@id":"https:\/\/mersatradedz.com\/#website"},"primaryImageOfPage":{"@id":"https:\/\/mersatradedz.com\/product\/laptop-hp-250-g8-laptop-11th-gen\/#primaryimage"},"image":{"@id":"https:\/\/mersatradedz.com\/product\/laptop-hp-250-g8-laptop-11th-gen\/#primaryimage"},"thumbnailUrl":"https:\/\/mersatradedz.com\/wp-content\/uploads\/2024\/08\/71SS-vt1MS._UF10001000_QL80_.jpg","datePublished":"2024-08-05T08:54:02+00:00","dateModified":"2025-10-07T09:06:17+00:00","breadcrumb":{"@id":"https:\/\/mersatradedz.com\/product\/laptop-hp-250-g8-laptop-11th-gen\/#breadcrumb"},"inLanguage":"ar","potentialAction":[{"@type":"ReadAction","target":["https:\/\/mersatradedz.com\/product\/laptop-hp-250-g8-laptop-11th-gen\/"]}]},{"@type":"ImageObject","inLanguage":"ar","@id":"https:\/\/mersatradedz.com\/product\/laptop-hp-250-g8-laptop-11th-gen\/#primaryimage","url":"https:\/\/mersatradedz.com\/wp-content\/uploads\/2024\/08\/71SS-vt1MS._UF10001000_QL80_.jpg","contentUrl":"https:\/\/mersatradedz.com\/wp-content\/uploads\/2024\/08\/71SS-vt1MS._UF10001000_QL80_.jpg","width":1000,"height":947},{"@type":"BreadcrumbList","@id":"https:\/\/mersatradedz.com\/product\/laptop-hp-250-g8-laptop-11th-gen\/#breadcrumb","itemListElement":[{"@type":"ListItem","position":1,"name":"Home","item":"https:\/\/mersatradedz.com\/ar\/"},{"@type":"ListItem","position":2,"name":"Boutique","item":"https:\/\/mersatradedz.com\/shop\/"},{"@type":"ListItem","position":3,"name":"Laptop HP 250 G8 Laptop | i3-1115G4 \/ 8Go \/ 256Go SSD \/ 15.6&Prime;"}]},{"@type":"WebSite","@id":"https:\/\/mersatradedz.com\/#website","url":"https:\/\/mersatradedz.com\/","name":"mersatradedz","description":"","publisher":{"@id":"https:\/\/mersatradedz.com\/#organization"},"potentialAction":[{"@type":"SearchAction","target":{"@type":"EntryPoint","urlTemplate":"https:\/\/mersatradedz.com\/?s={search_term_string}"},"query-input":{"@type":"PropertyValueSpecification","valueRequired":true,"valueName":"search_term_string"}}],"inLanguage":"ar"},{"@type":"Organization","@id":"https:\/\/mersatradedz.com\/#organization","name":"mersa trade","url":"https:\/\/mersatradedz.com\/","logo":{"@type":"ImageObject","inLanguage":"ar","@id":"https:\/\/mersatradedz.com\/#\/schema\/logo\/image\/","url":"https:\/\/mersatradedz.com\/wp-content\/uploads\/2023\/07\/cropped-1684191296456.jpg","contentUrl":"https:\/\/mersatradedz.com\/wp-content\/uploads\/2023\/07\/cropped-1684191296456.jpg","width":1451,"height":955,"caption":"mersa trade"},"image":{"@id":"https:\/\/mersatradedz.com\/#\/schema\/logo\/image\/"},"sameAs":["https:\/\/www.facebook.com\/ntbidz"]}]}},"jetpack_sharing_enabled":true,"_links":{"self":[{"href":"https:\/\/mersatradedz.com\/ar\/wp-json\/wp\/v2\/product\/2613","targetHints":{"allow":["GET"]}}],"collection":[{"href":"https:\/\/mersatradedz.com\/ar\/wp-json\/wp\/v2\/product"}],"about":[{"href":"https:\/\/mersatradedz.com\/ar\/wp-json\/wp\/v2\/types\/product"}],"replies":[{"embeddable":true,"href":"https:\/\/mersatradedz.com\/ar\/wp-json\/wp\/v2\/comments?post=2613"}],"wp:featuredmedia":[{"embeddable":true,"href":"https:\/\/mersatradedz.com\/ar\/wp-json\/wp\/v2\/media\/3931"}],"wp:attachment":[{"href":"https:\/\/mersatradedz.com\/ar\/wp-json\/wp\/v2\/media?parent=2613"}],"wp:term":[{"taxonomy":"product_brand","embeddable":true,"href":"https:\/\/mersatradedz.com\/ar\/wp-json\/wp\/v2\/product_brand?post=2613"},{"taxonomy":"product_cat","embeddable":true,"href":"https:\/\/mersatradedz.com\/ar\/wp-json\/wp\/v2\/product_cat?post=2613"},{"taxonomy":"product_tag","embeddable":true,"href":"https:\/\/mersatradedz.com\/ar\/wp-json\/wp\/v2\/product_tag?post=2613"}],"curies":[{"name":"wp","href":"https:\/\/api.w.org\/{rel}","templated":true}]}}