{"id":2634,"date":"2024-08-14T09:53:53","date_gmt":"2024-08-14T08:53:53","guid":{"rendered":"https:\/\/mersatradedz.com\/product\/massicot-multi-coupes-a3-deli-base-en-metal-380-x-300mm\/"},"modified":"2025-09-07T10:21:37","modified_gmt":"2025-09-07T09:21:37","slug":"massicot-multi-coupes-a3-deli-base-en-metal-380-x-300mm","status":"publish","type":"product","link":"https:\/\/mersatradedz.com\/ar\/product\/massicot-multi-coupes-a3-deli-base-en-metal-380-x-300mm\/","title":{"rendered":"Massicot Multi-coupes A3 DELI base en M\u00e9tal 380 x 300mm"},"content":{"rendered":"<p>LE MASSICOT A3 .. Le travail en t\u00e8te des model\u00e9s standards formats A3 , Coupe jusqu\u2019\u00e0 12 cartes (70 g) Coupe le carton et la feuille mince , Longueur de coupe 310 mm , Dimensions du plan de travail 310 x 250 mm<\/p>","protected":false},"excerpt":{"rendered":"<p>LE MASSICOT A3 .. Le travail en t\u00e8te des model\u00e9s standards formats A3 , Coupe jusqu\u2019\u00e0 12 cartes (70 g) Coupe le carton et la feuille mince , Longueur de coupe 310 mm , Dimensions du plan de travail 310 x 250 mm<\/p>","protected":false},"featured_media":2632,"comment_status":"open","ping_status":"closed","template":"","meta":{"_monsterinsights_skip_tracking":false,"_monsterinsights_sitenote_active":false,"_monsterinsights_sitenote_note":"","_monsterinsights_sitenote_category":0},"product_brand":[],"product_cat":[1443,785],"product_tag":[],"class_list":{"0":"post-2634","1":"product","2":"type-product","3":"status-publish","4":"has-post-thumbnail","6":"product_cat-accessoire-imprimante","7":"product_cat-sublimation","9":"first","10":"instock","11":"shipping-taxable","12":"purchasable","13":"product-type-simple"},"yoast_head":"<!-- This site is optimized with the Yoast SEO plugin v27.4 - https:\/\/yoast.com\/product\/yoast-seo-wordpress\/ -->\n<title>Massicot Multi-coupes A3 DELI base en M\u00e9tal 380 x 300mm - mersatradedz<\/title>\n<meta name=\"robots\" content=\"index, follow, max-snippet:-1, max-image-preview:large, max-video-preview:-1\" \/>\n<link rel=\"canonical\" href=\"https:\/\/mersatradedz.com\/ar\/product\/massicot-multi-coupes-a3-deli-base-en-metal-380-x-300mm\/\" \/>\n<meta property=\"og:locale\" content=\"ar_AR\" \/>\n<meta property=\"og:type\" content=\"article\" \/>\n<meta property=\"og:title\" content=\"Massicot Multi-coupes A3 DELI base en M\u00e9tal 380 x 300mm - mersatradedz\" \/>\n<meta property=\"og:description\" content=\"LE MASSICOT A3 .. Le travail en t\u00e8te des model\u00e9s standards formats A3 , Coupe jusqu\u2019\u00e0 12 cartes (70 g) Coupe le carton et la feuille mince , Longueur de coupe 310 mm , Dimensions du plan de travail 310 x 250 mm\" \/>\n<meta property=\"og:url\" content=\"https:\/\/mersatradedz.com\/ar\/product\/massicot-multi-coupes-a3-deli-base-en-metal-380-x-300mm\/\" \/>\n<meta property=\"og:site_name\" content=\"mersatradedz\" \/>\n<meta property=\"article:publisher\" content=\"https:\/\/www.facebook.com\/ntbidz\" \/>\n<meta property=\"article:modified_time\" content=\"2025-09-07T09:21:37+00:00\" \/>\n<meta property=\"og:image\" content=\"https:\/\/mersatradedz.com\/wp-content\/uploads\/2024\/08\/11-large_default.jpg\" \/>\n\t<meta property=\"og:image:width\" content=\"458\" \/>\n\t<meta property=\"og:image:height\" content=\"458\" \/>\n\t<meta property=\"og:image:type\" content=\"image\/jpeg\" \/>\n<meta name=\"twitter:card\" content=\"summary_large_image\" \/>\n<script type=\"application\/ld+json\" class=\"yoast-schema-graph\">{\"@context\":\"https:\\\/\\\/schema.org\",\"@graph\":[{\"@type\":\"WebPage\",\"@id\":\"https:\\\/\\\/mersatradedz.com\\\/product\\\/massicot-multi-coupes-a3-deli-base-en-metal-380-x-300mm\\\/\",\"url\":\"https:\\\/\\\/mersatradedz.com\\\/product\\\/massicot-multi-coupes-a3-deli-base-en-metal-380-x-300mm\\\/\",\"name\":\"Massicot Multi-coupes A3 DELI base en M\u00e9tal 380 x 300mm - mersatradedz\",\"isPartOf\":{\"@id\":\"https:\\\/\\\/mersatradedz.com\\\/#website\"},\"primaryImageOfPage\":{\"@id\":\"https:\\\/\\\/mersatradedz.com\\\/product\\\/massicot-multi-coupes-a3-deli-base-en-metal-380-x-300mm\\\/#primaryimage\"},\"image\":{\"@id\":\"https:\\\/\\\/mersatradedz.com\\\/product\\\/massicot-multi-coupes-a3-deli-base-en-metal-380-x-300mm\\\/#primaryimage\"},\"thumbnailUrl\":\"https:\\\/\\\/mersatradedz.com\\\/wp-content\\\/uploads\\\/2024\\\/08\\\/11-large_default.jpg\",\"datePublished\":\"2024-08-14T08:53:53+00:00\",\"dateModified\":\"2025-09-07T09:21:37+00:00\",\"breadcrumb\":{\"@id\":\"https:\\\/\\\/mersatradedz.com\\\/product\\\/massicot-multi-coupes-a3-deli-base-en-metal-380-x-300mm\\\/#breadcrumb\"},\"inLanguage\":\"ar\",\"potentialAction\":[{\"@type\":\"ReadAction\",\"target\":[\"https:\\\/\\\/mersatradedz.com\\\/product\\\/massicot-multi-coupes-a3-deli-base-en-metal-380-x-300mm\\\/\"]}]},{\"@type\":\"ImageObject\",\"inLanguage\":\"ar\",\"@id\":\"https:\\\/\\\/mersatradedz.com\\\/product\\\/massicot-multi-coupes-a3-deli-base-en-metal-380-x-300mm\\\/#primaryimage\",\"url\":\"https:\\\/\\\/mersatradedz.com\\\/wp-content\\\/uploads\\\/2024\\\/08\\\/11-large_default.jpg\",\"contentUrl\":\"https:\\\/\\\/mersatradedz.com\\\/wp-content\\\/uploads\\\/2024\\\/08\\\/11-large_default.jpg\",\"width\":458,\"height\":458},{\"@type\":\"BreadcrumbList\",\"@id\":\"https:\\\/\\\/mersatradedz.com\\\/product\\\/massicot-multi-coupes-a3-deli-base-en-metal-380-x-300mm\\\/#breadcrumb\",\"itemListElement\":[{\"@type\":\"ListItem\",\"position\":1,\"name\":\"Home\",\"item\":\"https:\\\/\\\/mersatradedz.com\\\/ar\\\/\"},{\"@type\":\"ListItem\",\"position\":2,\"name\":\"Boutique\",\"item\":\"https:\\\/\\\/mersatradedz.com\\\/shop\\\/\"},{\"@type\":\"ListItem\",\"position\":3,\"name\":\"Massicot Multi-coupes A3 DELI base en M\u00e9tal 380 x 300mm\"}]},{\"@type\":\"WebSite\",\"@id\":\"https:\\\/\\\/mersatradedz.com\\\/#website\",\"url\":\"https:\\\/\\\/mersatradedz.com\\\/\",\"name\":\"mersatradedz\",\"description\":\"\",\"publisher\":{\"@id\":\"https:\\\/\\\/mersatradedz.com\\\/#organization\"},\"potentialAction\":[{\"@type\":\"SearchAction\",\"target\":{\"@type\":\"EntryPoint\",\"urlTemplate\":\"https:\\\/\\\/mersatradedz.com\\\/?s={search_term_string}\"},\"query-input\":{\"@type\":\"PropertyValueSpecification\",\"valueRequired\":true,\"valueName\":\"search_term_string\"}}],\"inLanguage\":\"ar\"},{\"@type\":\"Organization\",\"@id\":\"https:\\\/\\\/mersatradedz.com\\\/#organization\",\"name\":\"mersa trade\",\"url\":\"https:\\\/\\\/mersatradedz.com\\\/\",\"logo\":{\"@type\":\"ImageObject\",\"inLanguage\":\"ar\",\"@id\":\"https:\\\/\\\/mersatradedz.com\\\/#\\\/schema\\\/logo\\\/image\\\/\",\"url\":\"https:\\\/\\\/mersatradedz.com\\\/wp-content\\\/uploads\\\/2023\\\/07\\\/cropped-1684191296456.jpg\",\"contentUrl\":\"https:\\\/\\\/mersatradedz.com\\\/wp-content\\\/uploads\\\/2023\\\/07\\\/cropped-1684191296456.jpg\",\"width\":1451,\"height\":955,\"caption\":\"mersa trade\"},\"image\":{\"@id\":\"https:\\\/\\\/mersatradedz.com\\\/#\\\/schema\\\/logo\\\/image\\\/\"},\"sameAs\":[\"https:\\\/\\\/www.facebook.com\\\/ntbidz\"]}]}<\/script>\n<!-- \/ Yoast SEO plugin. -->","yoast_head_json":{"title":"Massicot Multi-coupes A3 DELI base en M\u00e9tal 380 x 300mm - mersatradedz","robots":{"index":"index","follow":"follow","max-snippet":"max-snippet:-1","max-image-preview":"max-image-preview:large","max-video-preview":"max-video-preview:-1"},"canonical":"https:\/\/mersatradedz.com\/ar\/product\/massicot-multi-coupes-a3-deli-base-en-metal-380-x-300mm\/","og_locale":"ar_AR","og_type":"article","og_title":"Massicot Multi-coupes A3 DELI base en M\u00e9tal 380 x 300mm - mersatradedz","og_description":"LE MASSICOT A3 .. Le travail en t\u00e8te des model\u00e9s standards formats A3 , Coupe jusqu\u2019\u00e0 12 cartes (70 g) Coupe le carton et la feuille mince , Longueur de coupe 310 mm , Dimensions du plan de travail 310 x 250 mm","og_url":"https:\/\/mersatradedz.com\/ar\/product\/massicot-multi-coupes-a3-deli-base-en-metal-380-x-300mm\/","og_site_name":"mersatradedz","article_publisher":"https:\/\/www.facebook.com\/ntbidz","article_modified_time":"2025-09-07T09:21:37+00:00","og_image":[{"width":458,"height":458,"url":"https:\/\/mersatradedz.com\/wp-content\/uploads\/2024\/08\/11-large_default.jpg","type":"image\/jpeg"}],"twitter_card":"summary_large_image","schema":{"@context":"https:\/\/schema.org","@graph":[{"@type":"WebPage","@id":"https:\/\/mersatradedz.com\/product\/massicot-multi-coupes-a3-deli-base-en-metal-380-x-300mm\/","url":"https:\/\/mersatradedz.com\/product\/massicot-multi-coupes-a3-deli-base-en-metal-380-x-300mm\/","name":"Massicot Multi-coupes A3 DELI base en M\u00e9tal 380 x 300mm - mersatradedz","isPartOf":{"@id":"https:\/\/mersatradedz.com\/#website"},"primaryImageOfPage":{"@id":"https:\/\/mersatradedz.com\/product\/massicot-multi-coupes-a3-deli-base-en-metal-380-x-300mm\/#primaryimage"},"image":{"@id":"https:\/\/mersatradedz.com\/product\/massicot-multi-coupes-a3-deli-base-en-metal-380-x-300mm\/#primaryimage"},"thumbnailUrl":"https:\/\/mersatradedz.com\/wp-content\/uploads\/2024\/08\/11-large_default.jpg","datePublished":"2024-08-14T08:53:53+00:00","dateModified":"2025-09-07T09:21:37+00:00","breadcrumb":{"@id":"https:\/\/mersatradedz.com\/product\/massicot-multi-coupes-a3-deli-base-en-metal-380-x-300mm\/#breadcrumb"},"inLanguage":"ar","potentialAction":[{"@type":"ReadAction","target":["https:\/\/mersatradedz.com\/product\/massicot-multi-coupes-a3-deli-base-en-metal-380-x-300mm\/"]}]},{"@type":"ImageObject","inLanguage":"ar","@id":"https:\/\/mersatradedz.com\/product\/massicot-multi-coupes-a3-deli-base-en-metal-380-x-300mm\/#primaryimage","url":"https:\/\/mersatradedz.com\/wp-content\/uploads\/2024\/08\/11-large_default.jpg","contentUrl":"https:\/\/mersatradedz.com\/wp-content\/uploads\/2024\/08\/11-large_default.jpg","width":458,"height":458},{"@type":"BreadcrumbList","@id":"https:\/\/mersatradedz.com\/product\/massicot-multi-coupes-a3-deli-base-en-metal-380-x-300mm\/#breadcrumb","itemListElement":[{"@type":"ListItem","position":1,"name":"Home","item":"https:\/\/mersatradedz.com\/ar\/"},{"@type":"ListItem","position":2,"name":"Boutique","item":"https:\/\/mersatradedz.com\/shop\/"},{"@type":"ListItem","position":3,"name":"Massicot Multi-coupes A3 DELI base en M\u00e9tal 380 x 300mm"}]},{"@type":"WebSite","@id":"https:\/\/mersatradedz.com\/#website","url":"https:\/\/mersatradedz.com\/","name":"mersatradedz","description":"","publisher":{"@id":"https:\/\/mersatradedz.com\/#organization"},"potentialAction":[{"@type":"SearchAction","target":{"@type":"EntryPoint","urlTemplate":"https:\/\/mersatradedz.com\/?s={search_term_string}"},"query-input":{"@type":"PropertyValueSpecification","valueRequired":true,"valueName":"search_term_string"}}],"inLanguage":"ar"},{"@type":"Organization","@id":"https:\/\/mersatradedz.com\/#organization","name":"mersa trade","url":"https:\/\/mersatradedz.com\/","logo":{"@type":"ImageObject","inLanguage":"ar","@id":"https:\/\/mersatradedz.com\/#\/schema\/logo\/image\/","url":"https:\/\/mersatradedz.com\/wp-content\/uploads\/2023\/07\/cropped-1684191296456.jpg","contentUrl":"https:\/\/mersatradedz.com\/wp-content\/uploads\/2023\/07\/cropped-1684191296456.jpg","width":1451,"height":955,"caption":"mersa trade"},"image":{"@id":"https:\/\/mersatradedz.com\/#\/schema\/logo\/image\/"},"sameAs":["https:\/\/www.facebook.com\/ntbidz"]}]}},"jetpack_sharing_enabled":true,"_links":{"self":[{"href":"https:\/\/mersatradedz.com\/ar\/wp-json\/wp\/v2\/product\/2634","targetHints":{"allow":["GET"]}}],"collection":[{"href":"https:\/\/mersatradedz.com\/ar\/wp-json\/wp\/v2\/product"}],"about":[{"href":"https:\/\/mersatradedz.com\/ar\/wp-json\/wp\/v2\/types\/product"}],"replies":[{"embeddable":true,"href":"https:\/\/mersatradedz.com\/ar\/wp-json\/wp\/v2\/comments?post=2634"}],"wp:featuredmedia":[{"embeddable":true,"href":"https:\/\/mersatradedz.com\/ar\/wp-json\/wp\/v2\/media\/2632"}],"wp:attachment":[{"href":"https:\/\/mersatradedz.com\/ar\/wp-json\/wp\/v2\/media?parent=2634"}],"wp:term":[{"taxonomy":"product_brand","embeddable":true,"href":"https:\/\/mersatradedz.com\/ar\/wp-json\/wp\/v2\/product_brand?post=2634"},{"taxonomy":"product_cat","embeddable":true,"href":"https:\/\/mersatradedz.com\/ar\/wp-json\/wp\/v2\/product_cat?post=2634"},{"taxonomy":"product_tag","embeddable":true,"href":"https:\/\/mersatradedz.com\/ar\/wp-json\/wp\/v2\/product_tag?post=2634"}],"curies":[{"name":"wp","href":"https:\/\/api.w.org\/{rel}","templated":true}]}}