{"id":2640,"date":"2024-08-14T10:08:31","date_gmt":"2024-08-14T09:08:31","guid":{"rendered":"https:\/\/mersatradedz.com\/product\/support-de-plafond-pour-projecteur-70-cm\/"},"modified":"2024-08-14T10:08:31","modified_gmt":"2024-08-14T09:08:31","slug":"support-de-plafond-pour-projecteur-70-cm","status":"publish","type":"product","link":"https:\/\/mersatradedz.com\/ar\/product\/support-de-plafond-pour-projecteur-70-cm\/","title":{"rendered":"Support de plafond pour projecteur (70 cm)"},"content":{"rendered":"<p>Support de plafond universel<br \/>\nPlage de montage : 225 \u00e0 316 mm (8,9 \u00e0 12,4 pouces)<br \/>\nCapacit\u00e9 de poids : 20 kg (44 lb)<br \/>\nPlage de pivotement : +10\u00b0~-10\u00b0<br \/>\nPlage d&rsquo;inclinaison : +15\u00b0~-15\u00b0<br \/>\nProfil : 70 cm<\/p>","protected":false},"excerpt":{"rendered":"<p>Support de plafond universel Plage de montage : 225 \u00e0 316 mm (8,9 \u00e0 12,4 pouces) Capacit\u00e9 de poids : 20 kg (44 lb) Plage de pivotement : +10\u00b0~-10\u00b0 Plage d&rsquo;inclinaison : +15\u00b0~-15\u00b0 Profil : 70 cm<\/p>","protected":false},"featured_media":2638,"comment_status":"open","ping_status":"closed","template":"","meta":{"_monsterinsights_skip_tracking":false,"_monsterinsights_sitenote_active":false,"_monsterinsights_sitenote_note":"","_monsterinsights_sitenote_category":0},"product_brand":[],"product_cat":[724],"product_tag":[],"class_list":{"0":"post-2640","1":"product","2":"type-product","3":"status-publish","4":"has-post-thumbnail","6":"product_cat-ecran-data-show","8":"first","9":"instock","10":"shipping-taxable","11":"purchasable","12":"product-type-simple"},"yoast_head":"<!-- This site is optimized with the Yoast SEO plugin v27.4 - https:\/\/yoast.com\/product\/yoast-seo-wordpress\/ -->\n<title>Support de plafond pour projecteur (70 cm) - mersatradedz<\/title>\n<meta name=\"robots\" content=\"index, follow, max-snippet:-1, max-image-preview:large, max-video-preview:-1\" \/>\n<link rel=\"canonical\" href=\"https:\/\/mersatradedz.com\/ar\/product\/support-de-plafond-pour-projecteur-70-cm\/\" \/>\n<meta property=\"og:locale\" content=\"ar_AR\" \/>\n<meta property=\"og:type\" content=\"article\" \/>\n<meta property=\"og:title\" content=\"Support de plafond pour projecteur (70 cm) - mersatradedz\" \/>\n<meta property=\"og:description\" content=\"Support de plafond universel Plage de montage : 225 \u00e0 316 mm (8,9 \u00e0 12,4 pouces) Capacit\u00e9 de poids : 20 kg (44 lb) Plage de pivotement : +10\u00b0~-10\u00b0 Plage d&rsquo;inclinaison : +15\u00b0~-15\u00b0 Profil : 70 cm\" \/>\n<meta property=\"og:url\" content=\"https:\/\/mersatradedz.com\/ar\/product\/support-de-plafond-pour-projecteur-70-cm\/\" \/>\n<meta property=\"og:site_name\" content=\"mersatradedz\" \/>\n<meta property=\"article:publisher\" content=\"https:\/\/www.facebook.com\/ntbidz\" \/>\n<meta property=\"og:image\" content=\"https:\/\/mersatradedz.com\/wp-content\/uploads\/2024\/08\/61904SZwyrL._AC_UF8942C1000_QL80_FMwebp_.jpg\" \/>\n\t<meta property=\"og:image:width\" content=\"894\" \/>\n\t<meta property=\"og:image:height\" content=\"916\" \/>\n\t<meta property=\"og:image:type\" content=\"image\/jpeg\" \/>\n<meta name=\"twitter:card\" content=\"summary_large_image\" \/>\n<script type=\"application\/ld+json\" class=\"yoast-schema-graph\">{\"@context\":\"https:\\\/\\\/schema.org\",\"@graph\":[{\"@type\":\"WebPage\",\"@id\":\"https:\\\/\\\/mersatradedz.com\\\/product\\\/support-de-plafond-pour-projecteur-70-cm\\\/\",\"url\":\"https:\\\/\\\/mersatradedz.com\\\/product\\\/support-de-plafond-pour-projecteur-70-cm\\\/\",\"name\":\"Support de plafond pour projecteur (70 cm) - mersatradedz\",\"isPartOf\":{\"@id\":\"https:\\\/\\\/mersatradedz.com\\\/#website\"},\"primaryImageOfPage\":{\"@id\":\"https:\\\/\\\/mersatradedz.com\\\/product\\\/support-de-plafond-pour-projecteur-70-cm\\\/#primaryimage\"},\"image\":{\"@id\":\"https:\\\/\\\/mersatradedz.com\\\/product\\\/support-de-plafond-pour-projecteur-70-cm\\\/#primaryimage\"},\"thumbnailUrl\":\"https:\\\/\\\/mersatradedz.com\\\/wp-content\\\/uploads\\\/2024\\\/08\\\/61904SZwyrL._AC_UF8942C1000_QL80_FMwebp_.jpg\",\"datePublished\":\"2024-08-14T09:08:31+00:00\",\"breadcrumb\":{\"@id\":\"https:\\\/\\\/mersatradedz.com\\\/product\\\/support-de-plafond-pour-projecteur-70-cm\\\/#breadcrumb\"},\"inLanguage\":\"ar\",\"potentialAction\":[{\"@type\":\"ReadAction\",\"target\":[\"https:\\\/\\\/mersatradedz.com\\\/product\\\/support-de-plafond-pour-projecteur-70-cm\\\/\"]}]},{\"@type\":\"ImageObject\",\"inLanguage\":\"ar\",\"@id\":\"https:\\\/\\\/mersatradedz.com\\\/product\\\/support-de-plafond-pour-projecteur-70-cm\\\/#primaryimage\",\"url\":\"https:\\\/\\\/mersatradedz.com\\\/wp-content\\\/uploads\\\/2024\\\/08\\\/61904SZwyrL._AC_UF8942C1000_QL80_FMwebp_.jpg\",\"contentUrl\":\"https:\\\/\\\/mersatradedz.com\\\/wp-content\\\/uploads\\\/2024\\\/08\\\/61904SZwyrL._AC_UF8942C1000_QL80_FMwebp_.jpg\",\"width\":894,\"height\":916},{\"@type\":\"BreadcrumbList\",\"@id\":\"https:\\\/\\\/mersatradedz.com\\\/product\\\/support-de-plafond-pour-projecteur-70-cm\\\/#breadcrumb\",\"itemListElement\":[{\"@type\":\"ListItem\",\"position\":1,\"name\":\"Home\",\"item\":\"https:\\\/\\\/mersatradedz.com\\\/ar\\\/\"},{\"@type\":\"ListItem\",\"position\":2,\"name\":\"Boutique\",\"item\":\"https:\\\/\\\/mersatradedz.com\\\/shop\\\/\"},{\"@type\":\"ListItem\",\"position\":3,\"name\":\"Support de plafond pour projecteur (70 cm)\"}]},{\"@type\":\"WebSite\",\"@id\":\"https:\\\/\\\/mersatradedz.com\\\/#website\",\"url\":\"https:\\\/\\\/mersatradedz.com\\\/\",\"name\":\"mersatradedz\",\"description\":\"\",\"publisher\":{\"@id\":\"https:\\\/\\\/mersatradedz.com\\\/#organization\"},\"potentialAction\":[{\"@type\":\"SearchAction\",\"target\":{\"@type\":\"EntryPoint\",\"urlTemplate\":\"https:\\\/\\\/mersatradedz.com\\\/?s={search_term_string}\"},\"query-input\":{\"@type\":\"PropertyValueSpecification\",\"valueRequired\":true,\"valueName\":\"search_term_string\"}}],\"inLanguage\":\"ar\"},{\"@type\":\"Organization\",\"@id\":\"https:\\\/\\\/mersatradedz.com\\\/#organization\",\"name\":\"mersa trade\",\"url\":\"https:\\\/\\\/mersatradedz.com\\\/\",\"logo\":{\"@type\":\"ImageObject\",\"inLanguage\":\"ar\",\"@id\":\"https:\\\/\\\/mersatradedz.com\\\/#\\\/schema\\\/logo\\\/image\\\/\",\"url\":\"https:\\\/\\\/mersatradedz.com\\\/wp-content\\\/uploads\\\/2023\\\/07\\\/cropped-1684191296456.jpg\",\"contentUrl\":\"https:\\\/\\\/mersatradedz.com\\\/wp-content\\\/uploads\\\/2023\\\/07\\\/cropped-1684191296456.jpg\",\"width\":1451,\"height\":955,\"caption\":\"mersa trade\"},\"image\":{\"@id\":\"https:\\\/\\\/mersatradedz.com\\\/#\\\/schema\\\/logo\\\/image\\\/\"},\"sameAs\":[\"https:\\\/\\\/www.facebook.com\\\/ntbidz\"]}]}<\/script>\n<!-- \/ Yoast SEO plugin. -->","yoast_head_json":{"title":"Support de plafond pour projecteur (70 cm) - mersatradedz","robots":{"index":"index","follow":"follow","max-snippet":"max-snippet:-1","max-image-preview":"max-image-preview:large","max-video-preview":"max-video-preview:-1"},"canonical":"https:\/\/mersatradedz.com\/ar\/product\/support-de-plafond-pour-projecteur-70-cm\/","og_locale":"ar_AR","og_type":"article","og_title":"Support de plafond pour projecteur (70 cm) - mersatradedz","og_description":"Support de plafond universel Plage de montage : 225 \u00e0 316 mm (8,9 \u00e0 12,4 pouces) Capacit\u00e9 de poids : 20 kg (44 lb) Plage de pivotement : +10\u00b0~-10\u00b0 Plage d&rsquo;inclinaison : +15\u00b0~-15\u00b0 Profil : 70 cm","og_url":"https:\/\/mersatradedz.com\/ar\/product\/support-de-plafond-pour-projecteur-70-cm\/","og_site_name":"mersatradedz","article_publisher":"https:\/\/www.facebook.com\/ntbidz","og_image":[{"width":894,"height":916,"url":"https:\/\/mersatradedz.com\/wp-content\/uploads\/2024\/08\/61904SZwyrL._AC_UF8942C1000_QL80_FMwebp_.jpg","type":"image\/jpeg"}],"twitter_card":"summary_large_image","schema":{"@context":"https:\/\/schema.org","@graph":[{"@type":"WebPage","@id":"https:\/\/mersatradedz.com\/product\/support-de-plafond-pour-projecteur-70-cm\/","url":"https:\/\/mersatradedz.com\/product\/support-de-plafond-pour-projecteur-70-cm\/","name":"Support de plafond pour projecteur (70 cm) - mersatradedz","isPartOf":{"@id":"https:\/\/mersatradedz.com\/#website"},"primaryImageOfPage":{"@id":"https:\/\/mersatradedz.com\/product\/support-de-plafond-pour-projecteur-70-cm\/#primaryimage"},"image":{"@id":"https:\/\/mersatradedz.com\/product\/support-de-plafond-pour-projecteur-70-cm\/#primaryimage"},"thumbnailUrl":"https:\/\/mersatradedz.com\/wp-content\/uploads\/2024\/08\/61904SZwyrL._AC_UF8942C1000_QL80_FMwebp_.jpg","datePublished":"2024-08-14T09:08:31+00:00","breadcrumb":{"@id":"https:\/\/mersatradedz.com\/product\/support-de-plafond-pour-projecteur-70-cm\/#breadcrumb"},"inLanguage":"ar","potentialAction":[{"@type":"ReadAction","target":["https:\/\/mersatradedz.com\/product\/support-de-plafond-pour-projecteur-70-cm\/"]}]},{"@type":"ImageObject","inLanguage":"ar","@id":"https:\/\/mersatradedz.com\/product\/support-de-plafond-pour-projecteur-70-cm\/#primaryimage","url":"https:\/\/mersatradedz.com\/wp-content\/uploads\/2024\/08\/61904SZwyrL._AC_UF8942C1000_QL80_FMwebp_.jpg","contentUrl":"https:\/\/mersatradedz.com\/wp-content\/uploads\/2024\/08\/61904SZwyrL._AC_UF8942C1000_QL80_FMwebp_.jpg","width":894,"height":916},{"@type":"BreadcrumbList","@id":"https:\/\/mersatradedz.com\/product\/support-de-plafond-pour-projecteur-70-cm\/#breadcrumb","itemListElement":[{"@type":"ListItem","position":1,"name":"Home","item":"https:\/\/mersatradedz.com\/ar\/"},{"@type":"ListItem","position":2,"name":"Boutique","item":"https:\/\/mersatradedz.com\/shop\/"},{"@type":"ListItem","position":3,"name":"Support de plafond pour projecteur (70 cm)"}]},{"@type":"WebSite","@id":"https:\/\/mersatradedz.com\/#website","url":"https:\/\/mersatradedz.com\/","name":"mersatradedz","description":"","publisher":{"@id":"https:\/\/mersatradedz.com\/#organization"},"potentialAction":[{"@type":"SearchAction","target":{"@type":"EntryPoint","urlTemplate":"https:\/\/mersatradedz.com\/?s={search_term_string}"},"query-input":{"@type":"PropertyValueSpecification","valueRequired":true,"valueName":"search_term_string"}}],"inLanguage":"ar"},{"@type":"Organization","@id":"https:\/\/mersatradedz.com\/#organization","name":"mersa trade","url":"https:\/\/mersatradedz.com\/","logo":{"@type":"ImageObject","inLanguage":"ar","@id":"https:\/\/mersatradedz.com\/#\/schema\/logo\/image\/","url":"https:\/\/mersatradedz.com\/wp-content\/uploads\/2023\/07\/cropped-1684191296456.jpg","contentUrl":"https:\/\/mersatradedz.com\/wp-content\/uploads\/2023\/07\/cropped-1684191296456.jpg","width":1451,"height":955,"caption":"mersa trade"},"image":{"@id":"https:\/\/mersatradedz.com\/#\/schema\/logo\/image\/"},"sameAs":["https:\/\/www.facebook.com\/ntbidz"]}]}},"jetpack_sharing_enabled":true,"_links":{"self":[{"href":"https:\/\/mersatradedz.com\/ar\/wp-json\/wp\/v2\/product\/2640","targetHints":{"allow":["GET"]}}],"collection":[{"href":"https:\/\/mersatradedz.com\/ar\/wp-json\/wp\/v2\/product"}],"about":[{"href":"https:\/\/mersatradedz.com\/ar\/wp-json\/wp\/v2\/types\/product"}],"replies":[{"embeddable":true,"href":"https:\/\/mersatradedz.com\/ar\/wp-json\/wp\/v2\/comments?post=2640"}],"wp:featuredmedia":[{"embeddable":true,"href":"https:\/\/mersatradedz.com\/ar\/wp-json\/wp\/v2\/media\/2638"}],"wp:attachment":[{"href":"https:\/\/mersatradedz.com\/ar\/wp-json\/wp\/v2\/media?parent=2640"}],"wp:term":[{"taxonomy":"product_brand","embeddable":true,"href":"https:\/\/mersatradedz.com\/ar\/wp-json\/wp\/v2\/product_brand?post=2640"},{"taxonomy":"product_cat","embeddable":true,"href":"https:\/\/mersatradedz.com\/ar\/wp-json\/wp\/v2\/product_cat?post=2640"},{"taxonomy":"product_tag","embeddable":true,"href":"https:\/\/mersatradedz.com\/ar\/wp-json\/wp\/v2\/product_tag?post=2640"}],"curies":[{"name":"wp","href":"https:\/\/api.w.org\/{rel}","templated":true}]}}