{"id":2644,"date":"2024-08-14T10:17:22","date_gmt":"2024-08-14T09:17:22","guid":{"rendered":"https:\/\/mersatradedz.com\/product\/produit-27\/"},"modified":"2025-10-25T09:45:40","modified_gmt":"2025-10-25T08:45:40","slug":"produit-27","status":"publish","type":"product","link":"https:\/\/mersatradedz.com\/ar\/product\/produit-27\/","title":{"rendered":"IMPRIMANTE CANON PIXMA G2430"},"content":{"rendered":"<h2 class=\"-m -fs14 -phs\" style=\"padding: 0px8px;margin: 0px;font-weight: 500;font-size: 0.875rem;font-family: -apple-system,BlinkMacSystemFont,Roboto,\">Principales caract\u00e9ristiques<\/h2>\n<div class=\"markup -pas\" style=\"padding: 8px;font-family: -apple-system,BlinkMacSystemFont,Roboto,\">\n<ul style=\"padding: 0px0px0px16px;margin: 0px\">\n<li style=\"padding: 0px;margin: 0px\">11 ipm \/ 6 ipm Vitesses d&rsquo;impression rapides pour une productivit\u00e9 am\u00e9lior\u00e9e<\/li>\n<li style=\"padding: 0px;margin: 0px\">Impression haute qualit\u00e9 R\u00e9solution d&rsquo;impression nette et claire pour des photos et des documents de haute qualit\u00e9<\/li>\n<li style=\"padding: 0px;margin: 0px\">Imprimante 3-en-1 Imprimez, num\u00e9risez et copiez avec un seul appareil<\/li>\n<li style=\"padding: 0px;margin: 0px\">Capacit\u00e9 de 100 feuilles Bac arri\u00e8re grande capacit\u00e9 pour les volumes d&rsquo;impression<\/li>\n<li style=\"padding: 0px;margin: 0px\">Mac, Windows et Chrome Fonctionne avec tous les principaux syst\u00e8mes d&rsquo;exploitation d&rsquo;ordinateur<\/li>\n<\/ul>\n<\/div>","protected":false},"excerpt":{"rendered":"<p>Principales caract\u00e9ristiques 11 ipm \/ 6 ipm Vitesses d&rsquo;impression rapides pour une productivit\u00e9 am\u00e9lior\u00e9e Impression haute qualit\u00e9 R\u00e9solution d&rsquo;impression nette et claire pour des photos et des documents de haute qualit\u00e9 Imprimante 3-en-1 Imprimez, num\u00e9risez et copiez avec un seul appareil Capacit\u00e9 de 100 feuilles Bac arri\u00e8re grande capacit\u00e9 pour les volumes d&rsquo;impression Mac, Windows [&hellip;]<\/p>\n","protected":false},"featured_media":2641,"comment_status":"open","ping_status":"closed","template":"","meta":{"_monsterinsights_skip_tracking":false,"_monsterinsights_sitenote_active":false,"_monsterinsights_sitenote_note":"","_monsterinsights_sitenote_category":0},"product_brand":[],"product_cat":[308],"product_tag":[],"class_list":{"0":"post-2644","1":"product","2":"type-product","3":"status-publish","4":"has-post-thumbnail","6":"product_cat-impriment","7":"product_shipping_class-11kg","9":"first","10":"instock","11":"purchasable","12":"product-type-simple"},"yoast_head":"<!-- This site is optimized with the Yoast SEO plugin v27.4 - https:\/\/yoast.com\/product\/yoast-seo-wordpress\/ -->\n<title>IMPRIMANTE CANON PIXMA G2430 - mersatradedz<\/title>\n<meta name=\"robots\" content=\"index, follow, max-snippet:-1, max-image-preview:large, max-video-preview:-1\" \/>\n<link rel=\"canonical\" href=\"https:\/\/mersatradedz.com\/ar\/product\/produit-27\/\" \/>\n<meta property=\"og:locale\" content=\"ar_AR\" \/>\n<meta property=\"og:type\" content=\"article\" \/>\n<meta property=\"og:title\" content=\"IMPRIMANTE CANON PIXMA G2430 - mersatradedz\" \/>\n<meta property=\"og:description\" content=\"Principales caract\u00e9ristiques 11 ipm \/ 6 ipm Vitesses d&rsquo;impression rapides pour une productivit\u00e9 am\u00e9lior\u00e9e Impression haute qualit\u00e9 R\u00e9solution d&rsquo;impression nette et claire pour des photos et des documents de haute qualit\u00e9 Imprimante 3-en-1 Imprimez, num\u00e9risez et copiez avec un seul appareil Capacit\u00e9 de 100 feuilles Bac arri\u00e8re grande capacit\u00e9 pour les volumes d&rsquo;impression Mac, Windows [&hellip;]\" \/>\n<meta property=\"og:url\" content=\"https:\/\/mersatradedz.com\/ar\/product\/produit-27\/\" \/>\n<meta property=\"og:site_name\" content=\"mersatradedz\" \/>\n<meta property=\"article:publisher\" content=\"https:\/\/www.facebook.com\/ntbidz\" \/>\n<meta property=\"article:modified_time\" content=\"2025-10-25T08:45:40+00:00\" \/>\n<meta property=\"og:image\" content=\"https:\/\/mersatradedz.com\/wp-content\/uploads\/2024\/08\/128829.jpg\" \/>\n\t<meta property=\"og:image:width\" content=\"500\" \/>\n\t<meta property=\"og:image:height\" content=\"500\" \/>\n\t<meta property=\"og:image:type\" content=\"image\/jpeg\" \/>\n<meta name=\"twitter:card\" content=\"summary_large_image\" \/>\n<script type=\"application\/ld+json\" class=\"yoast-schema-graph\">{\"@context\":\"https:\\\/\\\/schema.org\",\"@graph\":[{\"@type\":\"WebPage\",\"@id\":\"https:\\\/\\\/mersatradedz.com\\\/product\\\/produit-27\\\/\",\"url\":\"https:\\\/\\\/mersatradedz.com\\\/product\\\/produit-27\\\/\",\"name\":\"IMPRIMANTE CANON PIXMA G2430 - mersatradedz\",\"isPartOf\":{\"@id\":\"https:\\\/\\\/mersatradedz.com\\\/#website\"},\"primaryImageOfPage\":{\"@id\":\"https:\\\/\\\/mersatradedz.com\\\/product\\\/produit-27\\\/#primaryimage\"},\"image\":{\"@id\":\"https:\\\/\\\/mersatradedz.com\\\/product\\\/produit-27\\\/#primaryimage\"},\"thumbnailUrl\":\"https:\\\/\\\/mersatradedz.com\\\/wp-content\\\/uploads\\\/2024\\\/08\\\/128829.jpg\",\"datePublished\":\"2024-08-14T09:17:22+00:00\",\"dateModified\":\"2025-10-25T08:45:40+00:00\",\"breadcrumb\":{\"@id\":\"https:\\\/\\\/mersatradedz.com\\\/product\\\/produit-27\\\/#breadcrumb\"},\"inLanguage\":\"ar\",\"potentialAction\":[{\"@type\":\"ReadAction\",\"target\":[\"https:\\\/\\\/mersatradedz.com\\\/product\\\/produit-27\\\/\"]}]},{\"@type\":\"ImageObject\",\"inLanguage\":\"ar\",\"@id\":\"https:\\\/\\\/mersatradedz.com\\\/product\\\/produit-27\\\/#primaryimage\",\"url\":\"https:\\\/\\\/mersatradedz.com\\\/wp-content\\\/uploads\\\/2024\\\/08\\\/128829.jpg\",\"contentUrl\":\"https:\\\/\\\/mersatradedz.com\\\/wp-content\\\/uploads\\\/2024\\\/08\\\/128829.jpg\",\"width\":500,\"height\":500},{\"@type\":\"BreadcrumbList\",\"@id\":\"https:\\\/\\\/mersatradedz.com\\\/product\\\/produit-27\\\/#breadcrumb\",\"itemListElement\":[{\"@type\":\"ListItem\",\"position\":1,\"name\":\"Home\",\"item\":\"https:\\\/\\\/mersatradedz.com\\\/ar\\\/\"},{\"@type\":\"ListItem\",\"position\":2,\"name\":\"Boutique\",\"item\":\"https:\\\/\\\/mersatradedz.com\\\/shop\\\/\"},{\"@type\":\"ListItem\",\"position\":3,\"name\":\"IMPRIMANTE CANON PIXMA G2430\"}]},{\"@type\":\"WebSite\",\"@id\":\"https:\\\/\\\/mersatradedz.com\\\/#website\",\"url\":\"https:\\\/\\\/mersatradedz.com\\\/\",\"name\":\"mersatradedz\",\"description\":\"\",\"publisher\":{\"@id\":\"https:\\\/\\\/mersatradedz.com\\\/#organization\"},\"potentialAction\":[{\"@type\":\"SearchAction\",\"target\":{\"@type\":\"EntryPoint\",\"urlTemplate\":\"https:\\\/\\\/mersatradedz.com\\\/?s={search_term_string}\"},\"query-input\":{\"@type\":\"PropertyValueSpecification\",\"valueRequired\":true,\"valueName\":\"search_term_string\"}}],\"inLanguage\":\"ar\"},{\"@type\":\"Organization\",\"@id\":\"https:\\\/\\\/mersatradedz.com\\\/#organization\",\"name\":\"mersa trade\",\"url\":\"https:\\\/\\\/mersatradedz.com\\\/\",\"logo\":{\"@type\":\"ImageObject\",\"inLanguage\":\"ar\",\"@id\":\"https:\\\/\\\/mersatradedz.com\\\/#\\\/schema\\\/logo\\\/image\\\/\",\"url\":\"https:\\\/\\\/mersatradedz.com\\\/wp-content\\\/uploads\\\/2023\\\/07\\\/cropped-1684191296456.jpg\",\"contentUrl\":\"https:\\\/\\\/mersatradedz.com\\\/wp-content\\\/uploads\\\/2023\\\/07\\\/cropped-1684191296456.jpg\",\"width\":1451,\"height\":955,\"caption\":\"mersa trade\"},\"image\":{\"@id\":\"https:\\\/\\\/mersatradedz.com\\\/#\\\/schema\\\/logo\\\/image\\\/\"},\"sameAs\":[\"https:\\\/\\\/www.facebook.com\\\/ntbidz\"]}]}<\/script>\n<!-- \/ Yoast SEO plugin. -->","yoast_head_json":{"title":"IMPRIMANTE CANON PIXMA G2430 - mersatradedz","robots":{"index":"index","follow":"follow","max-snippet":"max-snippet:-1","max-image-preview":"max-image-preview:large","max-video-preview":"max-video-preview:-1"},"canonical":"https:\/\/mersatradedz.com\/ar\/product\/produit-27\/","og_locale":"ar_AR","og_type":"article","og_title":"IMPRIMANTE CANON PIXMA G2430 - mersatradedz","og_description":"Principales caract\u00e9ristiques 11 ipm \/ 6 ipm Vitesses d&rsquo;impression rapides pour une productivit\u00e9 am\u00e9lior\u00e9e Impression haute qualit\u00e9 R\u00e9solution d&rsquo;impression nette et claire pour des photos et des documents de haute qualit\u00e9 Imprimante 3-en-1 Imprimez, num\u00e9risez et copiez avec un seul appareil Capacit\u00e9 de 100 feuilles Bac arri\u00e8re grande capacit\u00e9 pour les volumes d&rsquo;impression Mac, Windows [&hellip;]","og_url":"https:\/\/mersatradedz.com\/ar\/product\/produit-27\/","og_site_name":"mersatradedz","article_publisher":"https:\/\/www.facebook.com\/ntbidz","article_modified_time":"2025-10-25T08:45:40+00:00","og_image":[{"width":500,"height":500,"url":"https:\/\/mersatradedz.com\/wp-content\/uploads\/2024\/08\/128829.jpg","type":"image\/jpeg"}],"twitter_card":"summary_large_image","schema":{"@context":"https:\/\/schema.org","@graph":[{"@type":"WebPage","@id":"https:\/\/mersatradedz.com\/product\/produit-27\/","url":"https:\/\/mersatradedz.com\/product\/produit-27\/","name":"IMPRIMANTE CANON PIXMA G2430 - mersatradedz","isPartOf":{"@id":"https:\/\/mersatradedz.com\/#website"},"primaryImageOfPage":{"@id":"https:\/\/mersatradedz.com\/product\/produit-27\/#primaryimage"},"image":{"@id":"https:\/\/mersatradedz.com\/product\/produit-27\/#primaryimage"},"thumbnailUrl":"https:\/\/mersatradedz.com\/wp-content\/uploads\/2024\/08\/128829.jpg","datePublished":"2024-08-14T09:17:22+00:00","dateModified":"2025-10-25T08:45:40+00:00","breadcrumb":{"@id":"https:\/\/mersatradedz.com\/product\/produit-27\/#breadcrumb"},"inLanguage":"ar","potentialAction":[{"@type":"ReadAction","target":["https:\/\/mersatradedz.com\/product\/produit-27\/"]}]},{"@type":"ImageObject","inLanguage":"ar","@id":"https:\/\/mersatradedz.com\/product\/produit-27\/#primaryimage","url":"https:\/\/mersatradedz.com\/wp-content\/uploads\/2024\/08\/128829.jpg","contentUrl":"https:\/\/mersatradedz.com\/wp-content\/uploads\/2024\/08\/128829.jpg","width":500,"height":500},{"@type":"BreadcrumbList","@id":"https:\/\/mersatradedz.com\/product\/produit-27\/#breadcrumb","itemListElement":[{"@type":"ListItem","position":1,"name":"Home","item":"https:\/\/mersatradedz.com\/ar\/"},{"@type":"ListItem","position":2,"name":"Boutique","item":"https:\/\/mersatradedz.com\/shop\/"},{"@type":"ListItem","position":3,"name":"IMPRIMANTE CANON PIXMA G2430"}]},{"@type":"WebSite","@id":"https:\/\/mersatradedz.com\/#website","url":"https:\/\/mersatradedz.com\/","name":"mersatradedz","description":"","publisher":{"@id":"https:\/\/mersatradedz.com\/#organization"},"potentialAction":[{"@type":"SearchAction","target":{"@type":"EntryPoint","urlTemplate":"https:\/\/mersatradedz.com\/?s={search_term_string}"},"query-input":{"@type":"PropertyValueSpecification","valueRequired":true,"valueName":"search_term_string"}}],"inLanguage":"ar"},{"@type":"Organization","@id":"https:\/\/mersatradedz.com\/#organization","name":"mersa trade","url":"https:\/\/mersatradedz.com\/","logo":{"@type":"ImageObject","inLanguage":"ar","@id":"https:\/\/mersatradedz.com\/#\/schema\/logo\/image\/","url":"https:\/\/mersatradedz.com\/wp-content\/uploads\/2023\/07\/cropped-1684191296456.jpg","contentUrl":"https:\/\/mersatradedz.com\/wp-content\/uploads\/2023\/07\/cropped-1684191296456.jpg","width":1451,"height":955,"caption":"mersa trade"},"image":{"@id":"https:\/\/mersatradedz.com\/#\/schema\/logo\/image\/"},"sameAs":["https:\/\/www.facebook.com\/ntbidz"]}]}},"jetpack_sharing_enabled":true,"_links":{"self":[{"href":"https:\/\/mersatradedz.com\/ar\/wp-json\/wp\/v2\/product\/2644","targetHints":{"allow":["GET"]}}],"collection":[{"href":"https:\/\/mersatradedz.com\/ar\/wp-json\/wp\/v2\/product"}],"about":[{"href":"https:\/\/mersatradedz.com\/ar\/wp-json\/wp\/v2\/types\/product"}],"replies":[{"embeddable":true,"href":"https:\/\/mersatradedz.com\/ar\/wp-json\/wp\/v2\/comments?post=2644"}],"wp:featuredmedia":[{"embeddable":true,"href":"https:\/\/mersatradedz.com\/ar\/wp-json\/wp\/v2\/media\/2641"}],"wp:attachment":[{"href":"https:\/\/mersatradedz.com\/ar\/wp-json\/wp\/v2\/media?parent=2644"}],"wp:term":[{"taxonomy":"product_brand","embeddable":true,"href":"https:\/\/mersatradedz.com\/ar\/wp-json\/wp\/v2\/product_brand?post=2644"},{"taxonomy":"product_cat","embeddable":true,"href":"https:\/\/mersatradedz.com\/ar\/wp-json\/wp\/v2\/product_cat?post=2644"},{"taxonomy":"product_tag","embeddable":true,"href":"https:\/\/mersatradedz.com\/ar\/wp-json\/wp\/v2\/product_tag?post=2644"}],"curies":[{"name":"wp","href":"https:\/\/api.w.org\/{rel}","templated":true}]}}