{"id":2894,"date":"2025-02-21T20:42:59","date_gmt":"2025-02-21T19:42:59","guid":{"rendered":"https:\/\/mersatradedz.com\/?post_type=product&#038;p=2894"},"modified":"2025-02-21T22:02:40","modified_gmt":"2025-02-21T21:02:40","slug":"data-show-philips-110-wifi","status":"publish","type":"product","link":"https:\/\/mersatradedz.com\/ar\/product\/data-show-philips-110-wifi\/","title":{"rendered":"DATA SHOW PHILIPS 110 WIFI"},"content":{"rendered":"<ul class=\"a-unordered-list a-vertical a-spacing-mini\">\n<li class=\"a-spacing-mini\"><span class=\"a-list-item\">True HD 720p: Am\u00e9liorez votre exp\u00e9rience visuelle et profitez pleinement de votre divertissement avec notre r\u00e9solution HD 720p.<\/span><\/li>\n<li class=\"a-spacing-mini\"><span class=\"a-list-item\">MIRORURE D&rsquo;\u00c9CRAN WIFI : projetez l&rsquo;\u00e9cran de votre t\u00e9l\u00e9phone ou de votre ordinateur portable sur un \u00e9cran plus grand avec une connexion Wi-Fi haute vitesse de 2,4 ou 5 GHz, ce qui le rend parfait pour les pr\u00e9sentations, les jeux, le streaming et bien plus encore*. (La mise en miroir d&rsquo;\u00e9cran WiFi ne fonctionne pas avec le contenu s\u00e9curis\u00e9 tel que Netflix ou Amazon Prime)<\/span><\/li>\n<li class=\"a-spacing-mini\"><span class=\"a-list-item\">CONNEXION FACILE: Connectez tous vos appareils compatibles via HDMI \u00e0 votre NeoPix 110, y compris votre ordinateur portable, votre box TV, votre dongle Amazon Fire TV, votre dongle Android TV ou vos smartphones.<\/span><\/li>\n<li class=\"a-spacing-mini\"><span class=\"a-list-item\">LECTEUR MULTIM\u00c9DIA : Branchez votre cl\u00e9 USB ou votre disque dur pour afficher des vid\u00e9os et des images, et m\u00eame lire des morceaux via USB.<\/span><\/li>\n<\/ul>","protected":false},"excerpt":{"rendered":"<p>True HD 720p: Am\u00e9liorez votre exp\u00e9rience visuelle et profitez pleinement de votre divertissement avec notre r\u00e9solution HD 720p. MIRORURE D&rsquo;\u00c9CRAN WIFI : projetez l&rsquo;\u00e9cran de votre t\u00e9l\u00e9phone ou de votre ordinateur portable sur un \u00e9cran plus grand avec une connexion Wi-Fi haute vitesse de 2,4 ou 5 GHz, ce qui le rend parfait pour les [&hellip;]<\/p>\n","protected":false},"featured_media":2901,"comment_status":"open","ping_status":"closed","template":"","meta":{"_monsterinsights_skip_tracking":false,"_monsterinsights_sitenote_active":false,"_monsterinsights_sitenote_note":"","_monsterinsights_sitenote_category":0},"product_brand":[],"product_cat":[24,724],"product_tag":[],"class_list":{"0":"post-2894","1":"product","2":"type-product","3":"status-publish","4":"has-post-thumbnail","6":"product_cat-accessoire","7":"product_cat-ecran-data-show","9":"first","10":"instock","11":"sale","12":"shipping-taxable","13":"purchasable","14":"product-type-simple"},"yoast_head":"<!-- This site is optimized with the Yoast SEO plugin v27.4 - https:\/\/yoast.com\/product\/yoast-seo-wordpress\/ -->\n<title>DATA SHOW PHILIPS 110 WIFI - mersatradedz<\/title>\n<meta name=\"robots\" content=\"index, follow, max-snippet:-1, max-image-preview:large, max-video-preview:-1\" \/>\n<link rel=\"canonical\" href=\"https:\/\/mersatradedz.com\/ar\/product\/data-show-philips-110-wifi\/\" \/>\n<meta property=\"og:locale\" content=\"ar_AR\" \/>\n<meta property=\"og:type\" content=\"article\" \/>\n<meta property=\"og:title\" content=\"DATA SHOW PHILIPS 110 WIFI - mersatradedz\" \/>\n<meta property=\"og:description\" content=\"True HD 720p: Am\u00e9liorez votre exp\u00e9rience visuelle et profitez pleinement de votre divertissement avec notre r\u00e9solution HD 720p. MIRORURE D&rsquo;\u00c9CRAN WIFI : projetez l&rsquo;\u00e9cran de votre t\u00e9l\u00e9phone ou de votre ordinateur portable sur un \u00e9cran plus grand avec une connexion Wi-Fi haute vitesse de 2,4 ou 5 GHz, ce qui le rend parfait pour les [&hellip;]\" \/>\n<meta property=\"og:url\" content=\"https:\/\/mersatradedz.com\/ar\/product\/data-show-philips-110-wifi\/\" \/>\n<meta property=\"og:site_name\" content=\"mersatradedz\" \/>\n<meta property=\"article:publisher\" content=\"https:\/\/www.facebook.com\/ntbidz\" \/>\n<meta property=\"article:modified_time\" content=\"2025-02-21T21:02:40+00:00\" \/>\n<meta property=\"og:image\" content=\"https:\/\/mersatradedz.com\/wp-content\/uploads\/2025\/02\/91F7e4kCaKL.jpg\" \/>\n\t<meta property=\"og:image:width\" content=\"2560\" \/>\n\t<meta property=\"og:image:height\" content=\"1920\" \/>\n\t<meta property=\"og:image:type\" content=\"image\/jpeg\" \/>\n<meta name=\"twitter:card\" content=\"summary_large_image\" \/>\n<meta name=\"twitter:label1\" content=\"\u0648\u0642\u062a \u0627\u0644\u0642\u0631\u0627\u0621\u0629 \u0627\u0644\u0645\u064f\u0642\u062f\u0651\u0631\" \/>\n\t<meta name=\"twitter:data1\" content=\"\u062f\u0642\u064a\u0642\u0629 \u0648\u0627\u062d\u062f\u0629\" \/>\n<script type=\"application\/ld+json\" class=\"yoast-schema-graph\">{\"@context\":\"https:\\\/\\\/schema.org\",\"@graph\":[{\"@type\":\"WebPage\",\"@id\":\"https:\\\/\\\/mersatradedz.com\\\/product\\\/data-show-philips-110-wifi\\\/\",\"url\":\"https:\\\/\\\/mersatradedz.com\\\/product\\\/data-show-philips-110-wifi\\\/\",\"name\":\"DATA SHOW PHILIPS 110 WIFI - mersatradedz\",\"isPartOf\":{\"@id\":\"https:\\\/\\\/mersatradedz.com\\\/#website\"},\"primaryImageOfPage\":{\"@id\":\"https:\\\/\\\/mersatradedz.com\\\/product\\\/data-show-philips-110-wifi\\\/#primaryimage\"},\"image\":{\"@id\":\"https:\\\/\\\/mersatradedz.com\\\/product\\\/data-show-philips-110-wifi\\\/#primaryimage\"},\"thumbnailUrl\":\"https:\\\/\\\/mersatradedz.com\\\/wp-content\\\/uploads\\\/2025\\\/02\\\/91F7e4kCaKL.jpg\",\"datePublished\":\"2025-02-21T19:42:59+00:00\",\"dateModified\":\"2025-02-21T21:02:40+00:00\",\"breadcrumb\":{\"@id\":\"https:\\\/\\\/mersatradedz.com\\\/product\\\/data-show-philips-110-wifi\\\/#breadcrumb\"},\"inLanguage\":\"ar\",\"potentialAction\":[{\"@type\":\"ReadAction\",\"target\":[\"https:\\\/\\\/mersatradedz.com\\\/product\\\/data-show-philips-110-wifi\\\/\"]}]},{\"@type\":\"ImageObject\",\"inLanguage\":\"ar\",\"@id\":\"https:\\\/\\\/mersatradedz.com\\\/product\\\/data-show-philips-110-wifi\\\/#primaryimage\",\"url\":\"https:\\\/\\\/mersatradedz.com\\\/wp-content\\\/uploads\\\/2025\\\/02\\\/91F7e4kCaKL.jpg\",\"contentUrl\":\"https:\\\/\\\/mersatradedz.com\\\/wp-content\\\/uploads\\\/2025\\\/02\\\/91F7e4kCaKL.jpg\",\"width\":2560,\"height\":1920,\"caption\":\"Version 1.0.0\"},{\"@type\":\"BreadcrumbList\",\"@id\":\"https:\\\/\\\/mersatradedz.com\\\/product\\\/data-show-philips-110-wifi\\\/#breadcrumb\",\"itemListElement\":[{\"@type\":\"ListItem\",\"position\":1,\"name\":\"Home\",\"item\":\"https:\\\/\\\/mersatradedz.com\\\/ar\\\/\"},{\"@type\":\"ListItem\",\"position\":2,\"name\":\"Boutique\",\"item\":\"https:\\\/\\\/mersatradedz.com\\\/shop\\\/\"},{\"@type\":\"ListItem\",\"position\":3,\"name\":\"DATA SHOW PHILIPS 110 WIFI\"}]},{\"@type\":\"WebSite\",\"@id\":\"https:\\\/\\\/mersatradedz.com\\\/#website\",\"url\":\"https:\\\/\\\/mersatradedz.com\\\/\",\"name\":\"mersatradedz\",\"description\":\"\",\"publisher\":{\"@id\":\"https:\\\/\\\/mersatradedz.com\\\/#organization\"},\"potentialAction\":[{\"@type\":\"SearchAction\",\"target\":{\"@type\":\"EntryPoint\",\"urlTemplate\":\"https:\\\/\\\/mersatradedz.com\\\/?s={search_term_string}\"},\"query-input\":{\"@type\":\"PropertyValueSpecification\",\"valueRequired\":true,\"valueName\":\"search_term_string\"}}],\"inLanguage\":\"ar\"},{\"@type\":\"Organization\",\"@id\":\"https:\\\/\\\/mersatradedz.com\\\/#organization\",\"name\":\"mersa trade\",\"url\":\"https:\\\/\\\/mersatradedz.com\\\/\",\"logo\":{\"@type\":\"ImageObject\",\"inLanguage\":\"ar\",\"@id\":\"https:\\\/\\\/mersatradedz.com\\\/#\\\/schema\\\/logo\\\/image\\\/\",\"url\":\"https:\\\/\\\/mersatradedz.com\\\/wp-content\\\/uploads\\\/2023\\\/07\\\/cropped-1684191296456.jpg\",\"contentUrl\":\"https:\\\/\\\/mersatradedz.com\\\/wp-content\\\/uploads\\\/2023\\\/07\\\/cropped-1684191296456.jpg\",\"width\":1451,\"height\":955,\"caption\":\"mersa trade\"},\"image\":{\"@id\":\"https:\\\/\\\/mersatradedz.com\\\/#\\\/schema\\\/logo\\\/image\\\/\"},\"sameAs\":[\"https:\\\/\\\/www.facebook.com\\\/ntbidz\"]}]}<\/script>\n<!-- \/ Yoast SEO plugin. -->","yoast_head_json":{"title":"DATA SHOW PHILIPS 110 WIFI - mersatradedz","robots":{"index":"index","follow":"follow","max-snippet":"max-snippet:-1","max-image-preview":"max-image-preview:large","max-video-preview":"max-video-preview:-1"},"canonical":"https:\/\/mersatradedz.com\/ar\/product\/data-show-philips-110-wifi\/","og_locale":"ar_AR","og_type":"article","og_title":"DATA SHOW PHILIPS 110 WIFI - mersatradedz","og_description":"True HD 720p: Am\u00e9liorez votre exp\u00e9rience visuelle et profitez pleinement de votre divertissement avec notre r\u00e9solution HD 720p. MIRORURE D&rsquo;\u00c9CRAN WIFI : projetez l&rsquo;\u00e9cran de votre t\u00e9l\u00e9phone ou de votre ordinateur portable sur un \u00e9cran plus grand avec une connexion Wi-Fi haute vitesse de 2,4 ou 5 GHz, ce qui le rend parfait pour les [&hellip;]","og_url":"https:\/\/mersatradedz.com\/ar\/product\/data-show-philips-110-wifi\/","og_site_name":"mersatradedz","article_publisher":"https:\/\/www.facebook.com\/ntbidz","article_modified_time":"2025-02-21T21:02:40+00:00","og_image":[{"width":2560,"height":1920,"url":"https:\/\/mersatradedz.com\/wp-content\/uploads\/2025\/02\/91F7e4kCaKL.jpg","type":"image\/jpeg"}],"twitter_card":"summary_large_image","twitter_misc":{"\u0648\u0642\u062a \u0627\u0644\u0642\u0631\u0627\u0621\u0629 \u0627\u0644\u0645\u064f\u0642\u062f\u0651\u0631":"\u062f\u0642\u064a\u0642\u0629 \u0648\u0627\u062d\u062f\u0629"},"schema":{"@context":"https:\/\/schema.org","@graph":[{"@type":"WebPage","@id":"https:\/\/mersatradedz.com\/product\/data-show-philips-110-wifi\/","url":"https:\/\/mersatradedz.com\/product\/data-show-philips-110-wifi\/","name":"DATA SHOW PHILIPS 110 WIFI - mersatradedz","isPartOf":{"@id":"https:\/\/mersatradedz.com\/#website"},"primaryImageOfPage":{"@id":"https:\/\/mersatradedz.com\/product\/data-show-philips-110-wifi\/#primaryimage"},"image":{"@id":"https:\/\/mersatradedz.com\/product\/data-show-philips-110-wifi\/#primaryimage"},"thumbnailUrl":"https:\/\/mersatradedz.com\/wp-content\/uploads\/2025\/02\/91F7e4kCaKL.jpg","datePublished":"2025-02-21T19:42:59+00:00","dateModified":"2025-02-21T21:02:40+00:00","breadcrumb":{"@id":"https:\/\/mersatradedz.com\/product\/data-show-philips-110-wifi\/#breadcrumb"},"inLanguage":"ar","potentialAction":[{"@type":"ReadAction","target":["https:\/\/mersatradedz.com\/product\/data-show-philips-110-wifi\/"]}]},{"@type":"ImageObject","inLanguage":"ar","@id":"https:\/\/mersatradedz.com\/product\/data-show-philips-110-wifi\/#primaryimage","url":"https:\/\/mersatradedz.com\/wp-content\/uploads\/2025\/02\/91F7e4kCaKL.jpg","contentUrl":"https:\/\/mersatradedz.com\/wp-content\/uploads\/2025\/02\/91F7e4kCaKL.jpg","width":2560,"height":1920,"caption":"Version 1.0.0"},{"@type":"BreadcrumbList","@id":"https:\/\/mersatradedz.com\/product\/data-show-philips-110-wifi\/#breadcrumb","itemListElement":[{"@type":"ListItem","position":1,"name":"Home","item":"https:\/\/mersatradedz.com\/ar\/"},{"@type":"ListItem","position":2,"name":"Boutique","item":"https:\/\/mersatradedz.com\/shop\/"},{"@type":"ListItem","position":3,"name":"DATA SHOW PHILIPS 110 WIFI"}]},{"@type":"WebSite","@id":"https:\/\/mersatradedz.com\/#website","url":"https:\/\/mersatradedz.com\/","name":"mersatradedz","description":"","publisher":{"@id":"https:\/\/mersatradedz.com\/#organization"},"potentialAction":[{"@type":"SearchAction","target":{"@type":"EntryPoint","urlTemplate":"https:\/\/mersatradedz.com\/?s={search_term_string}"},"query-input":{"@type":"PropertyValueSpecification","valueRequired":true,"valueName":"search_term_string"}}],"inLanguage":"ar"},{"@type":"Organization","@id":"https:\/\/mersatradedz.com\/#organization","name":"mersa trade","url":"https:\/\/mersatradedz.com\/","logo":{"@type":"ImageObject","inLanguage":"ar","@id":"https:\/\/mersatradedz.com\/#\/schema\/logo\/image\/","url":"https:\/\/mersatradedz.com\/wp-content\/uploads\/2023\/07\/cropped-1684191296456.jpg","contentUrl":"https:\/\/mersatradedz.com\/wp-content\/uploads\/2023\/07\/cropped-1684191296456.jpg","width":1451,"height":955,"caption":"mersa trade"},"image":{"@id":"https:\/\/mersatradedz.com\/#\/schema\/logo\/image\/"},"sameAs":["https:\/\/www.facebook.com\/ntbidz"]}]}},"jetpack_sharing_enabled":true,"_links":{"self":[{"href":"https:\/\/mersatradedz.com\/ar\/wp-json\/wp\/v2\/product\/2894","targetHints":{"allow":["GET"]}}],"collection":[{"href":"https:\/\/mersatradedz.com\/ar\/wp-json\/wp\/v2\/product"}],"about":[{"href":"https:\/\/mersatradedz.com\/ar\/wp-json\/wp\/v2\/types\/product"}],"replies":[{"embeddable":true,"href":"https:\/\/mersatradedz.com\/ar\/wp-json\/wp\/v2\/comments?post=2894"}],"wp:featuredmedia":[{"embeddable":true,"href":"https:\/\/mersatradedz.com\/ar\/wp-json\/wp\/v2\/media\/2901"}],"wp:attachment":[{"href":"https:\/\/mersatradedz.com\/ar\/wp-json\/wp\/v2\/media?parent=2894"}],"wp:term":[{"taxonomy":"product_brand","embeddable":true,"href":"https:\/\/mersatradedz.com\/ar\/wp-json\/wp\/v2\/product_brand?post=2894"},{"taxonomy":"product_cat","embeddable":true,"href":"https:\/\/mersatradedz.com\/ar\/wp-json\/wp\/v2\/product_cat?post=2894"},{"taxonomy":"product_tag","embeddable":true,"href":"https:\/\/mersatradedz.com\/ar\/wp-json\/wp\/v2\/product_tag?post=2894"}],"curies":[{"name":"wp","href":"https:\/\/api.w.org\/{rel}","templated":true}]}}