{"id":2916,"date":"2025-02-21T22:19:34","date_gmt":"2025-02-21T21:19:34","guid":{"rendered":"https:\/\/mersatradedz.com\/?post_type=product&#038;p=2916"},"modified":"2025-08-09T09:18:47","modified_gmt":"2025-08-09T08:18:47","slug":"imprimante-hp-1200a","status":"publish","type":"product","link":"https:\/\/mersatradedz.com\/ar\/product\/imprimante-hp-1200a\/","title":{"rendered":"IMPRIMANTE HP 1200A"},"content":{"rendered":"<p>L\u2019imprimante HP Neverstop Laser MFP 1200 est une solution multifonction id\u00e9ale pour les petits bureaux. Elle offre des capacit\u00e9s d\u2019impression, de num\u00e9risation et de copie avec une technologie laser pour des impressions rapides et de qualit\u00e9. Gr\u00e2ce \u00e0 son syst\u00e8me de recharge d\u2019encre innovant, elle permet de r\u00e9duire les co\u00fbts d\u2019impression. Sa connexion USB 2.0 assure une installation et une utilisation faciles.<\/p>\n<p>&nbsp;<\/p>\n<p>Fiche technique :<br \/>\n\u2705Impression, num\u00e9risation, copie<br \/>\n\u2705Impression monochrome jusqu\u2019\u00e0 20 ppm<br \/>\n\u27055 000 pages de toner disponibles directement<br \/>\n\u2705Toner auto-rechargeable<br \/>\n\u2705Impression sans fil avec WiFi direct (mod\u00e8le w uniquement)<br \/>\n\u2705Compatible avec HP Smart App<br \/>\n\u2705Connectivit\u00e9 USB 2.0 haut d\u00e9bit<br \/>\n\u2705Bac d\u2019alimentation de 150 feuilles<br \/>\n\u2705Connectivit\u00e9 Ethernet (mod\u00e8le n uniquement)<\/p>","protected":false},"excerpt":{"rendered":"<p>L\u2019imprimante HP Neverstop Laser MFP 1200 est une solution multifonction id\u00e9ale pour les petits bureaux. Elle offre des capacit\u00e9s d\u2019impression, de num\u00e9risation et de copie avec une technologie laser pour des impressions rapides et de qualit\u00e9. Gr\u00e2ce \u00e0 son syst\u00e8me de recharge d\u2019encre innovant, elle permet de r\u00e9duire les co\u00fbts d\u2019impression. Sa connexion USB 2.0 [&hellip;]<\/p>\n","protected":false},"featured_media":2917,"comment_status":"open","ping_status":"closed","template":"","meta":{"_monsterinsights_skip_tracking":false,"_monsterinsights_sitenote_active":false,"_monsterinsights_sitenote_note":"","_monsterinsights_sitenote_category":0},"product_brand":[848],"product_cat":[308],"product_tag":[],"class_list":{"0":"post-2916","1":"product","2":"type-product","3":"status-publish","4":"has-post-thumbnail","6":"product_brand-hp","7":"product_cat-impriment","8":"product_shipping_class-16kg","10":"first","11":"instock","12":"purchasable","13":"product-type-simple"},"yoast_head":"<!-- This site is optimized with the Yoast SEO plugin v27.4 - https:\/\/yoast.com\/product\/yoast-seo-wordpress\/ -->\n<title>IMPRIMANTE HP 1200A - mersatradedz<\/title>\n<meta name=\"robots\" content=\"index, follow, max-snippet:-1, max-image-preview:large, max-video-preview:-1\" \/>\n<link rel=\"canonical\" href=\"https:\/\/mersatradedz.com\/ar\/product\/imprimante-hp-1200a\/\" \/>\n<meta property=\"og:locale\" content=\"ar_AR\" \/>\n<meta property=\"og:type\" content=\"article\" \/>\n<meta property=\"og:title\" content=\"IMPRIMANTE HP 1200A - mersatradedz\" \/>\n<meta property=\"og:description\" content=\"L\u2019imprimante HP Neverstop Laser MFP 1200 est une solution multifonction id\u00e9ale pour les petits bureaux. Elle offre des capacit\u00e9s d\u2019impression, de num\u00e9risation et de copie avec une technologie laser pour des impressions rapides et de qualit\u00e9. Gr\u00e2ce \u00e0 son syst\u00e8me de recharge d\u2019encre innovant, elle permet de r\u00e9duire les co\u00fbts d\u2019impression. Sa connexion USB 2.0 [&hellip;]\" \/>\n<meta property=\"og:url\" content=\"https:\/\/mersatradedz.com\/ar\/product\/imprimante-hp-1200a\/\" \/>\n<meta property=\"og:site_name\" content=\"mersatradedz\" \/>\n<meta property=\"article:publisher\" content=\"https:\/\/www.facebook.com\/ntbidz\" \/>\n<meta property=\"article:modified_time\" content=\"2025-08-09T08:18:47+00:00\" \/>\n<meta property=\"og:image\" content=\"https:\/\/mersatradedz.com\/wp-content\/uploads\/2025\/02\/c06391606.png\" \/>\n\t<meta property=\"og:image:width\" content=\"800\" \/>\n\t<meta property=\"og:image:height\" content=\"600\" \/>\n\t<meta property=\"og:image:type\" content=\"image\/png\" \/>\n<meta name=\"twitter:card\" content=\"summary_large_image\" \/>\n<meta name=\"twitter:label1\" content=\"\u0648\u0642\u062a \u0627\u0644\u0642\u0631\u0627\u0621\u0629 \u0627\u0644\u0645\u064f\u0642\u062f\u0651\u0631\" \/>\n\t<meta name=\"twitter:data1\" content=\"\u062f\u0642\u064a\u0642\u0629 \u0648\u0627\u062d\u062f\u0629\" \/>\n<script type=\"application\/ld+json\" class=\"yoast-schema-graph\">{\"@context\":\"https:\\\/\\\/schema.org\",\"@graph\":[{\"@type\":\"WebPage\",\"@id\":\"https:\\\/\\\/mersatradedz.com\\\/product\\\/imprimante-hp-1200a\\\/\",\"url\":\"https:\\\/\\\/mersatradedz.com\\\/product\\\/imprimante-hp-1200a\\\/\",\"name\":\"IMPRIMANTE HP 1200A - mersatradedz\",\"isPartOf\":{\"@id\":\"https:\\\/\\\/mersatradedz.com\\\/#website\"},\"primaryImageOfPage\":{\"@id\":\"https:\\\/\\\/mersatradedz.com\\\/product\\\/imprimante-hp-1200a\\\/#primaryimage\"},\"image\":{\"@id\":\"https:\\\/\\\/mersatradedz.com\\\/product\\\/imprimante-hp-1200a\\\/#primaryimage\"},\"thumbnailUrl\":\"https:\\\/\\\/mersatradedz.com\\\/wp-content\\\/uploads\\\/2025\\\/02\\\/c06391606.png\",\"datePublished\":\"2025-02-21T21:19:34+00:00\",\"dateModified\":\"2025-08-09T08:18:47+00:00\",\"breadcrumb\":{\"@id\":\"https:\\\/\\\/mersatradedz.com\\\/product\\\/imprimante-hp-1200a\\\/#breadcrumb\"},\"inLanguage\":\"ar\",\"potentialAction\":[{\"@type\":\"ReadAction\",\"target\":[\"https:\\\/\\\/mersatradedz.com\\\/product\\\/imprimante-hp-1200a\\\/\"]}]},{\"@type\":\"ImageObject\",\"inLanguage\":\"ar\",\"@id\":\"https:\\\/\\\/mersatradedz.com\\\/product\\\/imprimante-hp-1200a\\\/#primaryimage\",\"url\":\"https:\\\/\\\/mersatradedz.com\\\/wp-content\\\/uploads\\\/2025\\\/02\\\/c06391606.png\",\"contentUrl\":\"https:\\\/\\\/mersatradedz.com\\\/wp-content\\\/uploads\\\/2025\\\/02\\\/c06391606.png\",\"width\":800,\"height\":600},{\"@type\":\"BreadcrumbList\",\"@id\":\"https:\\\/\\\/mersatradedz.com\\\/product\\\/imprimante-hp-1200a\\\/#breadcrumb\",\"itemListElement\":[{\"@type\":\"ListItem\",\"position\":1,\"name\":\"Home\",\"item\":\"https:\\\/\\\/mersatradedz.com\\\/ar\\\/\"},{\"@type\":\"ListItem\",\"position\":2,\"name\":\"Boutique\",\"item\":\"https:\\\/\\\/mersatradedz.com\\\/shop\\\/\"},{\"@type\":\"ListItem\",\"position\":3,\"name\":\"IMPRIMANTE HP 1200A\"}]},{\"@type\":\"WebSite\",\"@id\":\"https:\\\/\\\/mersatradedz.com\\\/#website\",\"url\":\"https:\\\/\\\/mersatradedz.com\\\/\",\"name\":\"mersatradedz\",\"description\":\"\",\"publisher\":{\"@id\":\"https:\\\/\\\/mersatradedz.com\\\/#organization\"},\"potentialAction\":[{\"@type\":\"SearchAction\",\"target\":{\"@type\":\"EntryPoint\",\"urlTemplate\":\"https:\\\/\\\/mersatradedz.com\\\/?s={search_term_string}\"},\"query-input\":{\"@type\":\"PropertyValueSpecification\",\"valueRequired\":true,\"valueName\":\"search_term_string\"}}],\"inLanguage\":\"ar\"},{\"@type\":\"Organization\",\"@id\":\"https:\\\/\\\/mersatradedz.com\\\/#organization\",\"name\":\"mersa trade\",\"url\":\"https:\\\/\\\/mersatradedz.com\\\/\",\"logo\":{\"@type\":\"ImageObject\",\"inLanguage\":\"ar\",\"@id\":\"https:\\\/\\\/mersatradedz.com\\\/#\\\/schema\\\/logo\\\/image\\\/\",\"url\":\"https:\\\/\\\/mersatradedz.com\\\/wp-content\\\/uploads\\\/2023\\\/07\\\/cropped-1684191296456.jpg\",\"contentUrl\":\"https:\\\/\\\/mersatradedz.com\\\/wp-content\\\/uploads\\\/2023\\\/07\\\/cropped-1684191296456.jpg\",\"width\":1451,\"height\":955,\"caption\":\"mersa trade\"},\"image\":{\"@id\":\"https:\\\/\\\/mersatradedz.com\\\/#\\\/schema\\\/logo\\\/image\\\/\"},\"sameAs\":[\"https:\\\/\\\/www.facebook.com\\\/ntbidz\"]}]}<\/script>\n<!-- \/ Yoast SEO plugin. -->","yoast_head_json":{"title":"IMPRIMANTE HP 1200A - mersatradedz","robots":{"index":"index","follow":"follow","max-snippet":"max-snippet:-1","max-image-preview":"max-image-preview:large","max-video-preview":"max-video-preview:-1"},"canonical":"https:\/\/mersatradedz.com\/ar\/product\/imprimante-hp-1200a\/","og_locale":"ar_AR","og_type":"article","og_title":"IMPRIMANTE HP 1200A - mersatradedz","og_description":"L\u2019imprimante HP Neverstop Laser MFP 1200 est une solution multifonction id\u00e9ale pour les petits bureaux. Elle offre des capacit\u00e9s d\u2019impression, de num\u00e9risation et de copie avec une technologie laser pour des impressions rapides et de qualit\u00e9. Gr\u00e2ce \u00e0 son syst\u00e8me de recharge d\u2019encre innovant, elle permet de r\u00e9duire les co\u00fbts d\u2019impression. Sa connexion USB 2.0 [&hellip;]","og_url":"https:\/\/mersatradedz.com\/ar\/product\/imprimante-hp-1200a\/","og_site_name":"mersatradedz","article_publisher":"https:\/\/www.facebook.com\/ntbidz","article_modified_time":"2025-08-09T08:18:47+00:00","og_image":[{"width":800,"height":600,"url":"https:\/\/mersatradedz.com\/wp-content\/uploads\/2025\/02\/c06391606.png","type":"image\/png"}],"twitter_card":"summary_large_image","twitter_misc":{"\u0648\u0642\u062a \u0627\u0644\u0642\u0631\u0627\u0621\u0629 \u0627\u0644\u0645\u064f\u0642\u062f\u0651\u0631":"\u062f\u0642\u064a\u0642\u0629 \u0648\u0627\u062d\u062f\u0629"},"schema":{"@context":"https:\/\/schema.org","@graph":[{"@type":"WebPage","@id":"https:\/\/mersatradedz.com\/product\/imprimante-hp-1200a\/","url":"https:\/\/mersatradedz.com\/product\/imprimante-hp-1200a\/","name":"IMPRIMANTE HP 1200A - mersatradedz","isPartOf":{"@id":"https:\/\/mersatradedz.com\/#website"},"primaryImageOfPage":{"@id":"https:\/\/mersatradedz.com\/product\/imprimante-hp-1200a\/#primaryimage"},"image":{"@id":"https:\/\/mersatradedz.com\/product\/imprimante-hp-1200a\/#primaryimage"},"thumbnailUrl":"https:\/\/mersatradedz.com\/wp-content\/uploads\/2025\/02\/c06391606.png","datePublished":"2025-02-21T21:19:34+00:00","dateModified":"2025-08-09T08:18:47+00:00","breadcrumb":{"@id":"https:\/\/mersatradedz.com\/product\/imprimante-hp-1200a\/#breadcrumb"},"inLanguage":"ar","potentialAction":[{"@type":"ReadAction","target":["https:\/\/mersatradedz.com\/product\/imprimante-hp-1200a\/"]}]},{"@type":"ImageObject","inLanguage":"ar","@id":"https:\/\/mersatradedz.com\/product\/imprimante-hp-1200a\/#primaryimage","url":"https:\/\/mersatradedz.com\/wp-content\/uploads\/2025\/02\/c06391606.png","contentUrl":"https:\/\/mersatradedz.com\/wp-content\/uploads\/2025\/02\/c06391606.png","width":800,"height":600},{"@type":"BreadcrumbList","@id":"https:\/\/mersatradedz.com\/product\/imprimante-hp-1200a\/#breadcrumb","itemListElement":[{"@type":"ListItem","position":1,"name":"Home","item":"https:\/\/mersatradedz.com\/ar\/"},{"@type":"ListItem","position":2,"name":"Boutique","item":"https:\/\/mersatradedz.com\/shop\/"},{"@type":"ListItem","position":3,"name":"IMPRIMANTE HP 1200A"}]},{"@type":"WebSite","@id":"https:\/\/mersatradedz.com\/#website","url":"https:\/\/mersatradedz.com\/","name":"mersatradedz","description":"","publisher":{"@id":"https:\/\/mersatradedz.com\/#organization"},"potentialAction":[{"@type":"SearchAction","target":{"@type":"EntryPoint","urlTemplate":"https:\/\/mersatradedz.com\/?s={search_term_string}"},"query-input":{"@type":"PropertyValueSpecification","valueRequired":true,"valueName":"search_term_string"}}],"inLanguage":"ar"},{"@type":"Organization","@id":"https:\/\/mersatradedz.com\/#organization","name":"mersa trade","url":"https:\/\/mersatradedz.com\/","logo":{"@type":"ImageObject","inLanguage":"ar","@id":"https:\/\/mersatradedz.com\/#\/schema\/logo\/image\/","url":"https:\/\/mersatradedz.com\/wp-content\/uploads\/2023\/07\/cropped-1684191296456.jpg","contentUrl":"https:\/\/mersatradedz.com\/wp-content\/uploads\/2023\/07\/cropped-1684191296456.jpg","width":1451,"height":955,"caption":"mersa trade"},"image":{"@id":"https:\/\/mersatradedz.com\/#\/schema\/logo\/image\/"},"sameAs":["https:\/\/www.facebook.com\/ntbidz"]}]}},"jetpack_sharing_enabled":true,"_links":{"self":[{"href":"https:\/\/mersatradedz.com\/ar\/wp-json\/wp\/v2\/product\/2916","targetHints":{"allow":["GET"]}}],"collection":[{"href":"https:\/\/mersatradedz.com\/ar\/wp-json\/wp\/v2\/product"}],"about":[{"href":"https:\/\/mersatradedz.com\/ar\/wp-json\/wp\/v2\/types\/product"}],"replies":[{"embeddable":true,"href":"https:\/\/mersatradedz.com\/ar\/wp-json\/wp\/v2\/comments?post=2916"}],"wp:featuredmedia":[{"embeddable":true,"href":"https:\/\/mersatradedz.com\/ar\/wp-json\/wp\/v2\/media\/2917"}],"wp:attachment":[{"href":"https:\/\/mersatradedz.com\/ar\/wp-json\/wp\/v2\/media?parent=2916"}],"wp:term":[{"taxonomy":"product_brand","embeddable":true,"href":"https:\/\/mersatradedz.com\/ar\/wp-json\/wp\/v2\/product_brand?post=2916"},{"taxonomy":"product_cat","embeddable":true,"href":"https:\/\/mersatradedz.com\/ar\/wp-json\/wp\/v2\/product_cat?post=2916"},{"taxonomy":"product_tag","embeddable":true,"href":"https:\/\/mersatradedz.com\/ar\/wp-json\/wp\/v2\/product_tag?post=2916"}],"curies":[{"name":"wp","href":"https:\/\/api.w.org\/{rel}","templated":true}]}}