{"id":2940,"date":"2025-02-23T15:28:24","date_gmt":"2025-02-23T14:28:24","guid":{"rendered":"https:\/\/mersatradedz.com\/?post_type=product&#038;p=2940"},"modified":"2025-10-07T16:14:07","modified_gmt":"2025-10-07T15:14:07","slug":"plastifieuse-de-document-a4-metalieque-laminator","status":"publish","type":"product","link":"https:\/\/mersatradedz.com\/ar\/product\/plastifieuse-de-document-a4-metalieque-laminator\/","title":{"rendered":"PLASTIFIEUSE DE DOCUMENT A4 METALIEQUE LAMINATOR"},"content":{"rendered":"<div class=\"row\">\n<div class=\"col-12 col-md-10 offset-md-1\">\n<div class=\"card description-cards\">\n<div id=\"collapseTwo\" class=\"collapse show\" aria-labelledby=\"headingOne\" data-gtm-vis-has-fired12348619_51=\"1\">\n<div class=\"card-body\"><b>Sp\u00e9cifications<\/b><\/p>\n<ul>\n<li>Puissance: 420 W.<\/li>\n<li>Vitesse de laminage: 50 cm\/minute.<\/li>\n<li>Largeur maximale du document: 220 mm.<\/li>\n<li>Epaisseur maximale du stratifi\u00e9: 1 mm.<\/li>\n<li>Temp\u00e9rature de fonctionnement configurable \u00e0 0 \u00b0 C et de 100 \u00e0 180 \u00b0 C<\/li>\n<li>Nombre de rouleaux: 4.<\/li>\n<li>M\u00e9thode de chauffage: rayons infrarouges.<\/li>\n<li>Il est directement connect\u00e9 au r\u00e9seau \u00e9lectrique 220 VAC.<\/li>\n<li>Il a le c\u00e2ble termin\u00e9 dans la prise de type machu schuko.<\/li>\n<li>Taille: 400 x 200 x 110 mm.<\/li>\n<li>Poids: 6,7 kg<\/li>\n<\/ul>\n<p><b>Contr\u00f4les<\/b><\/p>\n<ul>\n<li>Indicateurs LED de POWER et READY.<\/li>\n<li>PotNitom\u00e8tre pour le contr\u00f4le de la temp\u00e9rature de 100 \u00e0 180 \u00b0 C<\/li>\n<li>Activer et d\u00e9sactiver.<\/li>\n<li>Interrupteur de direction d&rsquo;avance: vers l&rsquo;avant ou vers l&rsquo;arri\u00e8re.<\/li>\n<li>Interrupteur pour laminage \u00e0 chaud (100 \u00e0 180 \u00b0 C) ou laminage \u00e0 froid (0 \u00baC).<\/li>\n<\/ul>\n<\/div>\n<\/div>\n<\/div>\n<\/div>\n<\/div>\n<div class=\"row\">\n<div class=\"col-12 col-md-10 offset-md-1\">\n<div class=\"card description-cards\">\n<div id=\"headingTwo\" class=\"card-header\"><a class=\"btn btn-link accordion-toggle\" data-toggle=\"collapse\" data-target=\"#collapseThree\" aria-expanded=\"false\" aria-controls=\"collapseThree\">Mesures et poids<\/a><\/div>\n<div id=\"collapseThree\" class=\"collapse show\" aria-labelledby=\"headingTwo\" data-gtm-vis-has-fired12348619_51=\"1\">\n<div class=\"card-body\"><\/div>\n<\/div>\n<\/div>\n<\/div>\n<\/div>","protected":false},"excerpt":{"rendered":"<p>Sp\u00e9cifications Puissance: 420 W. Vitesse de laminage: 50 cm\/minute. Largeur maximale du document: 220 mm. Epaisseur maximale du stratifi\u00e9: 1 mm. Temp\u00e9rature de fonctionnement configurable \u00e0 0 \u00b0 C et de 100 \u00e0 180 \u00b0 C Nombre de rouleaux: 4. M\u00e9thode de chauffage: rayons infrarouges. Il est directement connect\u00e9 au r\u00e9seau \u00e9lectrique 220 VAC. Il [&hellip;]<\/p>\n","protected":false},"featured_media":2941,"comment_status":"open","ping_status":"closed","template":"","meta":{"_monsterinsights_skip_tracking":false,"_monsterinsights_sitenote_active":false,"_monsterinsights_sitenote_note":"","_monsterinsights_sitenote_category":0},"product_brand":[],"product_cat":[1443,308,785],"product_tag":[],"class_list":{"0":"post-2940","1":"product","2":"type-product","3":"status-publish","4":"has-post-thumbnail","6":"product_cat-accessoire-imprimante","7":"product_cat-impriment","8":"product_cat-sublimation","10":"first","11":"instock","12":"shipping-taxable","13":"purchasable","14":"product-type-simple"},"yoast_head":"<!-- This site is optimized with the Yoast SEO plugin v27.4 - https:\/\/yoast.com\/product\/yoast-seo-wordpress\/ -->\n<title>PLASTIFIEUSE DE DOCUMENT A4 METALIEQUE LAMINATOR - mersatradedz<\/title>\n<meta name=\"robots\" content=\"index, follow, max-snippet:-1, max-image-preview:large, max-video-preview:-1\" \/>\n<link rel=\"canonical\" href=\"https:\/\/mersatradedz.com\/ar\/product\/plastifieuse-de-document-a4-metalieque-laminator\/\" \/>\n<meta property=\"og:locale\" content=\"ar_AR\" \/>\n<meta property=\"og:type\" content=\"article\" \/>\n<meta property=\"og:title\" content=\"PLASTIFIEUSE DE DOCUMENT A4 METALIEQUE LAMINATOR - mersatradedz\" \/>\n<meta property=\"og:description\" content=\"Sp\u00e9cifications Puissance: 420 W. Vitesse de laminage: 50 cm\/minute. Largeur maximale du document: 220 mm. Epaisseur maximale du stratifi\u00e9: 1 mm. Temp\u00e9rature de fonctionnement configurable \u00e0 0 \u00b0 C et de 100 \u00e0 180 \u00b0 C Nombre de rouleaux: 4. M\u00e9thode de chauffage: rayons infrarouges. Il est directement connect\u00e9 au r\u00e9seau \u00e9lectrique 220 VAC. Il [&hellip;]\" \/>\n<meta property=\"og:url\" content=\"https:\/\/mersatradedz.com\/ar\/product\/plastifieuse-de-document-a4-metalieque-laminator\/\" \/>\n<meta property=\"og:site_name\" content=\"mersatradedz\" \/>\n<meta property=\"article:publisher\" content=\"https:\/\/www.facebook.com\/ntbidz\" \/>\n<meta property=\"article:modified_time\" content=\"2025-10-07T15:14:07+00:00\" \/>\n<meta property=\"og:image\" content=\"https:\/\/mersatradedz.com\/wp-content\/uploads\/2025\/02\/of04400-02-thumbnail-1080x1080-70.jpg\" \/>\n\t<meta property=\"og:image:width\" content=\"1000\" \/>\n\t<meta property=\"og:image:height\" content=\"1000\" \/>\n\t<meta property=\"og:image:type\" content=\"image\/jpeg\" \/>\n<meta name=\"twitter:card\" content=\"summary_large_image\" \/>\n<meta name=\"twitter:label1\" content=\"\u0648\u0642\u062a \u0627\u0644\u0642\u0631\u0627\u0621\u0629 \u0627\u0644\u0645\u064f\u0642\u062f\u0651\u0631\" \/>\n\t<meta name=\"twitter:data1\" content=\"\u062f\u0642\u064a\u0642\u0629 \u0648\u0627\u062d\u062f\u0629\" \/>\n<script type=\"application\/ld+json\" class=\"yoast-schema-graph\">{\"@context\":\"https:\\\/\\\/schema.org\",\"@graph\":[{\"@type\":\"WebPage\",\"@id\":\"https:\\\/\\\/mersatradedz.com\\\/product\\\/plastifieuse-de-document-a4-metalieque-laminator\\\/\",\"url\":\"https:\\\/\\\/mersatradedz.com\\\/product\\\/plastifieuse-de-document-a4-metalieque-laminator\\\/\",\"name\":\"PLASTIFIEUSE DE DOCUMENT A4 METALIEQUE LAMINATOR - mersatradedz\",\"isPartOf\":{\"@id\":\"https:\\\/\\\/mersatradedz.com\\\/#website\"},\"primaryImageOfPage\":{\"@id\":\"https:\\\/\\\/mersatradedz.com\\\/product\\\/plastifieuse-de-document-a4-metalieque-laminator\\\/#primaryimage\"},\"image\":{\"@id\":\"https:\\\/\\\/mersatradedz.com\\\/product\\\/plastifieuse-de-document-a4-metalieque-laminator\\\/#primaryimage\"},\"thumbnailUrl\":\"https:\\\/\\\/mersatradedz.com\\\/wp-content\\\/uploads\\\/2025\\\/02\\\/of04400-02-thumbnail-1080x1080-70.jpg\",\"datePublished\":\"2025-02-23T14:28:24+00:00\",\"dateModified\":\"2025-10-07T15:14:07+00:00\",\"breadcrumb\":{\"@id\":\"https:\\\/\\\/mersatradedz.com\\\/product\\\/plastifieuse-de-document-a4-metalieque-laminator\\\/#breadcrumb\"},\"inLanguage\":\"ar\",\"potentialAction\":[{\"@type\":\"ReadAction\",\"target\":[\"https:\\\/\\\/mersatradedz.com\\\/product\\\/plastifieuse-de-document-a4-metalieque-laminator\\\/\"]}]},{\"@type\":\"ImageObject\",\"inLanguage\":\"ar\",\"@id\":\"https:\\\/\\\/mersatradedz.com\\\/product\\\/plastifieuse-de-document-a4-metalieque-laminator\\\/#primaryimage\",\"url\":\"https:\\\/\\\/mersatradedz.com\\\/wp-content\\\/uploads\\\/2025\\\/02\\\/of04400-02-thumbnail-1080x1080-70.jpg\",\"contentUrl\":\"https:\\\/\\\/mersatradedz.com\\\/wp-content\\\/uploads\\\/2025\\\/02\\\/of04400-02-thumbnail-1080x1080-70.jpg\",\"width\":1000,\"height\":1000},{\"@type\":\"BreadcrumbList\",\"@id\":\"https:\\\/\\\/mersatradedz.com\\\/product\\\/plastifieuse-de-document-a4-metalieque-laminator\\\/#breadcrumb\",\"itemListElement\":[{\"@type\":\"ListItem\",\"position\":1,\"name\":\"Home\",\"item\":\"https:\\\/\\\/mersatradedz.com\\\/ar\\\/\"},{\"@type\":\"ListItem\",\"position\":2,\"name\":\"Boutique\",\"item\":\"https:\\\/\\\/mersatradedz.com\\\/shop\\\/\"},{\"@type\":\"ListItem\",\"position\":3,\"name\":\"PLASTIFIEUSE DE DOCUMENT A4 METALIEQUE LAMINATOR\"}]},{\"@type\":\"WebSite\",\"@id\":\"https:\\\/\\\/mersatradedz.com\\\/#website\",\"url\":\"https:\\\/\\\/mersatradedz.com\\\/\",\"name\":\"mersatradedz\",\"description\":\"\",\"publisher\":{\"@id\":\"https:\\\/\\\/mersatradedz.com\\\/#organization\"},\"potentialAction\":[{\"@type\":\"SearchAction\",\"target\":{\"@type\":\"EntryPoint\",\"urlTemplate\":\"https:\\\/\\\/mersatradedz.com\\\/?s={search_term_string}\"},\"query-input\":{\"@type\":\"PropertyValueSpecification\",\"valueRequired\":true,\"valueName\":\"search_term_string\"}}],\"inLanguage\":\"ar\"},{\"@type\":\"Organization\",\"@id\":\"https:\\\/\\\/mersatradedz.com\\\/#organization\",\"name\":\"mersa trade\",\"url\":\"https:\\\/\\\/mersatradedz.com\\\/\",\"logo\":{\"@type\":\"ImageObject\",\"inLanguage\":\"ar\",\"@id\":\"https:\\\/\\\/mersatradedz.com\\\/#\\\/schema\\\/logo\\\/image\\\/\",\"url\":\"https:\\\/\\\/mersatradedz.com\\\/wp-content\\\/uploads\\\/2023\\\/07\\\/cropped-1684191296456.jpg\",\"contentUrl\":\"https:\\\/\\\/mersatradedz.com\\\/wp-content\\\/uploads\\\/2023\\\/07\\\/cropped-1684191296456.jpg\",\"width\":1451,\"height\":955,\"caption\":\"mersa trade\"},\"image\":{\"@id\":\"https:\\\/\\\/mersatradedz.com\\\/#\\\/schema\\\/logo\\\/image\\\/\"},\"sameAs\":[\"https:\\\/\\\/www.facebook.com\\\/ntbidz\"]}]}<\/script>\n<!-- \/ Yoast SEO plugin. -->","yoast_head_json":{"title":"PLASTIFIEUSE DE DOCUMENT A4 METALIEQUE LAMINATOR - mersatradedz","robots":{"index":"index","follow":"follow","max-snippet":"max-snippet:-1","max-image-preview":"max-image-preview:large","max-video-preview":"max-video-preview:-1"},"canonical":"https:\/\/mersatradedz.com\/ar\/product\/plastifieuse-de-document-a4-metalieque-laminator\/","og_locale":"ar_AR","og_type":"article","og_title":"PLASTIFIEUSE DE DOCUMENT A4 METALIEQUE LAMINATOR - mersatradedz","og_description":"Sp\u00e9cifications Puissance: 420 W. Vitesse de laminage: 50 cm\/minute. Largeur maximale du document: 220 mm. Epaisseur maximale du stratifi\u00e9: 1 mm. Temp\u00e9rature de fonctionnement configurable \u00e0 0 \u00b0 C et de 100 \u00e0 180 \u00b0 C Nombre de rouleaux: 4. M\u00e9thode de chauffage: rayons infrarouges. Il est directement connect\u00e9 au r\u00e9seau \u00e9lectrique 220 VAC. Il [&hellip;]","og_url":"https:\/\/mersatradedz.com\/ar\/product\/plastifieuse-de-document-a4-metalieque-laminator\/","og_site_name":"mersatradedz","article_publisher":"https:\/\/www.facebook.com\/ntbidz","article_modified_time":"2025-10-07T15:14:07+00:00","og_image":[{"width":1000,"height":1000,"url":"https:\/\/mersatradedz.com\/wp-content\/uploads\/2025\/02\/of04400-02-thumbnail-1080x1080-70.jpg","type":"image\/jpeg"}],"twitter_card":"summary_large_image","twitter_misc":{"\u0648\u0642\u062a \u0627\u0644\u0642\u0631\u0627\u0621\u0629 \u0627\u0644\u0645\u064f\u0642\u062f\u0651\u0631":"\u062f\u0642\u064a\u0642\u0629 \u0648\u0627\u062d\u062f\u0629"},"schema":{"@context":"https:\/\/schema.org","@graph":[{"@type":"WebPage","@id":"https:\/\/mersatradedz.com\/product\/plastifieuse-de-document-a4-metalieque-laminator\/","url":"https:\/\/mersatradedz.com\/product\/plastifieuse-de-document-a4-metalieque-laminator\/","name":"PLASTIFIEUSE DE DOCUMENT A4 METALIEQUE LAMINATOR - mersatradedz","isPartOf":{"@id":"https:\/\/mersatradedz.com\/#website"},"primaryImageOfPage":{"@id":"https:\/\/mersatradedz.com\/product\/plastifieuse-de-document-a4-metalieque-laminator\/#primaryimage"},"image":{"@id":"https:\/\/mersatradedz.com\/product\/plastifieuse-de-document-a4-metalieque-laminator\/#primaryimage"},"thumbnailUrl":"https:\/\/mersatradedz.com\/wp-content\/uploads\/2025\/02\/of04400-02-thumbnail-1080x1080-70.jpg","datePublished":"2025-02-23T14:28:24+00:00","dateModified":"2025-10-07T15:14:07+00:00","breadcrumb":{"@id":"https:\/\/mersatradedz.com\/product\/plastifieuse-de-document-a4-metalieque-laminator\/#breadcrumb"},"inLanguage":"ar","potentialAction":[{"@type":"ReadAction","target":["https:\/\/mersatradedz.com\/product\/plastifieuse-de-document-a4-metalieque-laminator\/"]}]},{"@type":"ImageObject","inLanguage":"ar","@id":"https:\/\/mersatradedz.com\/product\/plastifieuse-de-document-a4-metalieque-laminator\/#primaryimage","url":"https:\/\/mersatradedz.com\/wp-content\/uploads\/2025\/02\/of04400-02-thumbnail-1080x1080-70.jpg","contentUrl":"https:\/\/mersatradedz.com\/wp-content\/uploads\/2025\/02\/of04400-02-thumbnail-1080x1080-70.jpg","width":1000,"height":1000},{"@type":"BreadcrumbList","@id":"https:\/\/mersatradedz.com\/product\/plastifieuse-de-document-a4-metalieque-laminator\/#breadcrumb","itemListElement":[{"@type":"ListItem","position":1,"name":"Home","item":"https:\/\/mersatradedz.com\/ar\/"},{"@type":"ListItem","position":2,"name":"Boutique","item":"https:\/\/mersatradedz.com\/shop\/"},{"@type":"ListItem","position":3,"name":"PLASTIFIEUSE DE DOCUMENT A4 METALIEQUE LAMINATOR"}]},{"@type":"WebSite","@id":"https:\/\/mersatradedz.com\/#website","url":"https:\/\/mersatradedz.com\/","name":"mersatradedz","description":"","publisher":{"@id":"https:\/\/mersatradedz.com\/#organization"},"potentialAction":[{"@type":"SearchAction","target":{"@type":"EntryPoint","urlTemplate":"https:\/\/mersatradedz.com\/?s={search_term_string}"},"query-input":{"@type":"PropertyValueSpecification","valueRequired":true,"valueName":"search_term_string"}}],"inLanguage":"ar"},{"@type":"Organization","@id":"https:\/\/mersatradedz.com\/#organization","name":"mersa trade","url":"https:\/\/mersatradedz.com\/","logo":{"@type":"ImageObject","inLanguage":"ar","@id":"https:\/\/mersatradedz.com\/#\/schema\/logo\/image\/","url":"https:\/\/mersatradedz.com\/wp-content\/uploads\/2023\/07\/cropped-1684191296456.jpg","contentUrl":"https:\/\/mersatradedz.com\/wp-content\/uploads\/2023\/07\/cropped-1684191296456.jpg","width":1451,"height":955,"caption":"mersa trade"},"image":{"@id":"https:\/\/mersatradedz.com\/#\/schema\/logo\/image\/"},"sameAs":["https:\/\/www.facebook.com\/ntbidz"]}]}},"jetpack_sharing_enabled":true,"_links":{"self":[{"href":"https:\/\/mersatradedz.com\/ar\/wp-json\/wp\/v2\/product\/2940","targetHints":{"allow":["GET"]}}],"collection":[{"href":"https:\/\/mersatradedz.com\/ar\/wp-json\/wp\/v2\/product"}],"about":[{"href":"https:\/\/mersatradedz.com\/ar\/wp-json\/wp\/v2\/types\/product"}],"replies":[{"embeddable":true,"href":"https:\/\/mersatradedz.com\/ar\/wp-json\/wp\/v2\/comments?post=2940"}],"wp:featuredmedia":[{"embeddable":true,"href":"https:\/\/mersatradedz.com\/ar\/wp-json\/wp\/v2\/media\/2941"}],"wp:attachment":[{"href":"https:\/\/mersatradedz.com\/ar\/wp-json\/wp\/v2\/media?parent=2940"}],"wp:term":[{"taxonomy":"product_brand","embeddable":true,"href":"https:\/\/mersatradedz.com\/ar\/wp-json\/wp\/v2\/product_brand?post=2940"},{"taxonomy":"product_cat","embeddable":true,"href":"https:\/\/mersatradedz.com\/ar\/wp-json\/wp\/v2\/product_cat?post=2940"},{"taxonomy":"product_tag","embeddable":true,"href":"https:\/\/mersatradedz.com\/ar\/wp-json\/wp\/v2\/product_tag?post=2940"}],"curies":[{"name":"wp","href":"https:\/\/api.w.org\/{rel}","templated":true}]}}