{"id":2969,"date":"2025-03-09T09:41:28","date_gmt":"2025-03-09T08:41:28","guid":{"rendered":"https:\/\/mersatradedz.com\/product\/imprimante-multifonction-canon-pixma-g2410\/"},"modified":"2026-03-09T21:03:17","modified_gmt":"2026-03-09T20:03:17","slug":"imprimante-multifonction-canon-pixma-g2410","status":"publish","type":"product","link":"https:\/\/mersatradedz.com\/ar\/product\/imprimante-multifonction-canon-pixma-g2410\/","title":{"rendered":"Canon PIXMA G2410"},"content":{"rendered":"<h3 data-start=\"692\" data-end=\"815\"><strong data-start=\"692\" data-end=\"716\">Multifonction 3-en-1<\/strong><\/h3>\n<p data-start=\"692\" data-end=\"815\">La PIXMA G2410 permet d\u2019imprimer, num\u00e9riser et copier dans un seul appareil compact et pratique.<\/p>\n<h3 data-start=\"817\" data-end=\"944\"><img fetchpriority=\"high\" decoding=\"async\" class=\"wp-image-3433 aligncenter\" src=\"https:\/\/mersatradedz.com\/wp-content\/uploads\/2025\/03\/images-1.jpg\" alt=\"\" width=\"621\" height=\"504\" srcset=\"https:\/\/mersatradedz.com\/wp-content\/uploads\/2025\/03\/images-1.jpg 249w, https:\/\/mersatradedz.com\/wp-content\/uploads\/2025\/03\/images-1-15x12.jpg 15w, https:\/\/mersatradedz.com\/wp-content\/uploads\/2025\/03\/images-1-64x52.jpg 64w\" sizes=\"(max-width: 621px) 100vw, 621px\" \/><\/h3>\n<h3 data-start=\"817\" data-end=\"944\"><strong data-start=\"817\" data-end=\"845\">R\u00e9servoirs rechargeables<\/strong><\/h3>\n<p data-start=\"817\" data-end=\"944\">Son syst\u00e8me d\u2019encre int\u00e9gr\u00e9 haute capacit\u00e9 permet d\u2019imprimer de gros volumes \u00e0 tr\u00e8s faible co\u00fbt.<\/p>\n<h3 data-start=\"946\" data-end=\"1115\"><img decoding=\"async\" class=\"wp-image-3434 aligncenter\" src=\"https:\/\/mersatradedz.com\/wp-content\/uploads\/2025\/03\/09e0371a-b00c-46a1-b2da-deee11531233-278x300.jpg\" alt=\"\" width=\"622\" height=\"671\" srcset=\"https:\/\/mersatradedz.com\/wp-content\/uploads\/2025\/03\/09e0371a-b00c-46a1-b2da-deee11531233-278x300.jpg 278w, https:\/\/mersatradedz.com\/wp-content\/uploads\/2025\/03\/09e0371a-b00c-46a1-b2da-deee11531233-949x1024.jpg 949w, https:\/\/mersatradedz.com\/wp-content\/uploads\/2025\/03\/09e0371a-b00c-46a1-b2da-deee11531233-768x828.jpg 768w, https:\/\/mersatradedz.com\/wp-content\/uploads\/2025\/03\/09e0371a-b00c-46a1-b2da-deee11531233-11x12.jpg 11w, https:\/\/mersatradedz.com\/wp-content\/uploads\/2025\/03\/09e0371a-b00c-46a1-b2da-deee11531233-600x647.jpg 600w, https:\/\/mersatradedz.com\/wp-content\/uploads\/2025\/03\/09e0371a-b00c-46a1-b2da-deee11531233-64x69.jpg 64w, https:\/\/mersatradedz.com\/wp-content\/uploads\/2025\/03\/09e0371a-b00c-46a1-b2da-deee11531233.jpg 1284w\" sizes=\"(max-width: 622px) 100vw, 622px\" \/><\/h3>\n<h3 data-start=\"946\" data-end=\"1115\"><strong data-start=\"946\" data-end=\"970\">Excellente autonomie<\/strong><\/h3>\n<p data-start=\"946\" data-end=\"1115\">Jusqu\u2019\u00e0 <strong data-start=\"981\" data-end=\"1004\">6 000 pages en noir<\/strong> et <strong data-start=\"1008\" data-end=\"1034\">7 000 pages en couleur<\/strong> avec les bouteilles fournies. Parfait pour un usage domestique ou professionnel.<\/p>\n<h3 data-start=\"1275\" data-end=\"1415\"><img decoding=\"async\" class=\"wp-image-3436 aligncenter\" src=\"https:\/\/mersatradedz.com\/wp-content\/uploads\/2025\/03\/53865654_380281629420024_6041903724199149568_n-300x225.jpg\" alt=\"\" width=\"623\" height=\"467\" srcset=\"https:\/\/mersatradedz.com\/wp-content\/uploads\/2025\/03\/53865654_380281629420024_6041903724199149568_n-300x225.jpg 300w, https:\/\/mersatradedz.com\/wp-content\/uploads\/2025\/03\/53865654_380281629420024_6041903724199149568_n-1024x768.jpg 1024w, https:\/\/mersatradedz.com\/wp-content\/uploads\/2025\/03\/53865654_380281629420024_6041903724199149568_n-768x576.jpg 768w, https:\/\/mersatradedz.com\/wp-content\/uploads\/2025\/03\/53865654_380281629420024_6041903724199149568_n-16x12.jpg 16w, https:\/\/mersatradedz.com\/wp-content\/uploads\/2025\/03\/53865654_380281629420024_6041903724199149568_n-600x450.jpg 600w, https:\/\/mersatradedz.com\/wp-content\/uploads\/2025\/03\/53865654_380281629420024_6041903724199149568_n-64x48.jpg 64w, https:\/\/mersatradedz.com\/wp-content\/uploads\/2025\/03\/53865654_380281629420024_6041903724199149568_n.jpg 1280w\" sizes=\"(max-width: 623px) 100vw, 623px\" \/><\/h3>\n<h3 data-start=\"1117\" data-end=\"1273\"><strong data-start=\"1117\" data-end=\"1134\">Qualit\u00e9 Canon<\/strong><\/h3>\n<p data-start=\"1117\" data-end=\"1273\">Impression de documents nets et de photos \u00e9clatantes gr\u00e2ce \u00e0 la technologie FINE et \u00e0 une r\u00e9solution allant jusqu\u2019\u00e0 <strong data-start=\"1253\" data-end=\"1272\">4800 x 1200 dpi<\/strong>.<\/p>\n<h3 data-start=\"1275\" data-end=\"1415\"><img loading=\"lazy\" decoding=\"async\" class=\"wp-image-3437 aligncenter\" src=\"https:\/\/mersatradedz.com\/wp-content\/uploads\/2025\/03\/2411-300x300.webp\" alt=\"\" width=\"621\" height=\"621\" srcset=\"https:\/\/mersatradedz.com\/wp-content\/uploads\/2025\/03\/2411-300x300.webp 300w, https:\/\/mersatradedz.com\/wp-content\/uploads\/2025\/03\/2411-1024x1024.webp 1024w, https:\/\/mersatradedz.com\/wp-content\/uploads\/2025\/03\/2411-150x150.webp 150w, https:\/\/mersatradedz.com\/wp-content\/uploads\/2025\/03\/2411-768x768.webp 768w, https:\/\/mersatradedz.com\/wp-content\/uploads\/2025\/03\/2411-12x12.webp 12w, https:\/\/mersatradedz.com\/wp-content\/uploads\/2025\/03\/2411-600x600.webp 600w, https:\/\/mersatradedz.com\/wp-content\/uploads\/2025\/03\/2411-100x100.webp 100w, https:\/\/mersatradedz.com\/wp-content\/uploads\/2025\/03\/2411-64x64.webp 64w, https:\/\/mersatradedz.com\/wp-content\/uploads\/2025\/03\/2411.webp 1500w\" sizes=\"(max-width: 621px) 100vw, 621px\" \/><\/h3>\n<h3 data-start=\"1275\" data-end=\"1415\"><strong data-start=\"1275\" data-end=\"1297\">Utilisation simple<\/strong><\/h3>\n<p data-start=\"1275\" data-end=\"1415\">Interface conviviale avec \u00e9cran LED, chargement facile du papier et acc\u00e8s rapide aux r\u00e9servoirs pour les recharges.<\/p>\n<h3 data-start=\"1417\" data-end=\"1441\"><img loading=\"lazy\" decoding=\"async\" class=\"wp-image-3435 aligncenter\" src=\"https:\/\/mersatradedz.com\/wp-content\/uploads\/2025\/03\/Canon-PIXMA-G2410-A4-3-in-1-Multifunction-Printer-7-300x300.jpg\" alt=\"\" width=\"622\" height=\"622\" srcset=\"https:\/\/mersatradedz.com\/wp-content\/uploads\/2025\/03\/Canon-PIXMA-G2410-A4-3-in-1-Multifunction-Printer-7-300x300.jpg 300w, https:\/\/mersatradedz.com\/wp-content\/uploads\/2025\/03\/Canon-PIXMA-G2410-A4-3-in-1-Multifunction-Printer-7-1024x1024.jpg 1024w, https:\/\/mersatradedz.com\/wp-content\/uploads\/2025\/03\/Canon-PIXMA-G2410-A4-3-in-1-Multifunction-Printer-7-150x150.jpg 150w, https:\/\/mersatradedz.com\/wp-content\/uploads\/2025\/03\/Canon-PIXMA-G2410-A4-3-in-1-Multifunction-Printer-7-768x768.jpg 768w, https:\/\/mersatradedz.com\/wp-content\/uploads\/2025\/03\/Canon-PIXMA-G2410-A4-3-in-1-Multifunction-Printer-7-12x12.jpg 12w, https:\/\/mersatradedz.com\/wp-content\/uploads\/2025\/03\/Canon-PIXMA-G2410-A4-3-in-1-Multifunction-Printer-7-600x600.jpg 600w, https:\/\/mersatradedz.com\/wp-content\/uploads\/2025\/03\/Canon-PIXMA-G2410-A4-3-in-1-Multifunction-Printer-7-100x100.jpg 100w, https:\/\/mersatradedz.com\/wp-content\/uploads\/2025\/03\/Canon-PIXMA-G2410-A4-3-in-1-Multifunction-Printer-7-64x64.jpg 64w, https:\/\/mersatradedz.com\/wp-content\/uploads\/2025\/03\/Canon-PIXMA-G2410-A4-3-in-1-Multifunction-Printer-7.jpg 1200w\" sizes=\"(max-width: 622px) 100vw, 622px\" \/><\/h3>\n<h3 data-start=\"1417\" data-end=\"1441\"><strong data-start=\"1417\" data-end=\"1439\">D\u00e9tails techniques<\/strong><\/h3>\n<ul data-start=\"1442\" data-end=\"1689\">\n<li data-start=\"1442\" data-end=\"1479\">\n<p data-start=\"1444\" data-end=\"1479\">Technologie : Jet d\u2019encre couleur<\/p>\n<\/li>\n<li data-start=\"1480\" data-end=\"1529\">\n<p data-start=\"1482\" data-end=\"1529\">Fonctions : Impression \/ Copie \/ Num\u00e9risation<\/p>\n<\/li>\n<li data-start=\"1530\" data-end=\"1570\">\n<p data-start=\"1532\" data-end=\"1570\">R\u00e9solution : Jusqu\u2019\u00e0 4800 \u00d7 1200 dpi<\/p>\n<\/li>\n<li data-start=\"1571\" data-end=\"1619\">\n<p data-start=\"1573\" data-end=\"1619\">Vitesse : 8.8 ipm en noir \/ 5 ipm en couleur<\/p>\n<\/li>\n<li data-start=\"1620\" data-end=\"1642\">\n<p data-start=\"1622\" data-end=\"1642\">Connectivit\u00e9 : USB<\/p>\n<\/li>\n<li data-start=\"1643\" data-end=\"1689\">\n<p data-start=\"1645\" data-end=\"1689\">Encres : GI-490 (Noir, Cyan, Magenta, Jaune)<\/p>\n<\/li>\n<\/ul>\n<h3 data-start=\"1691\" data-end=\"1830\"><strong data-start=\"1691\" data-end=\"1714\">Solution \u00e9conomique<\/strong><\/h3>\n<p data-start=\"1691\" data-end=\"1830\">L\u2019alliance parfaite entre qualit\u00e9, fiabilit\u00e9 et faible co\u00fbt par page, adapt\u00e9e aux besoins r\u00e9guliers d\u2019impression.<\/p>","protected":false},"excerpt":{"rendered":"<p data-start=\"369\" data-end=\"618\">La Canon PIXMA G2410 est une imprimante multifonction \u00e0 r\u00e9servoirs rechargeables, id\u00e9ale pour les impressions \u00e0 haut volume. Fiable, \u00e9conomique et facile \u00e0 utiliser, elle combine impression, num\u00e9risation et copie avec une excellente qualit\u00e9 d\u2019image.<\/p>","protected":false},"featured_media":3916,"comment_status":"open","ping_status":"closed","template":"","meta":{"_monsterinsights_skip_tracking":false,"_monsterinsights_sitenote_active":false,"_monsterinsights_sitenote_note":"","_monsterinsights_sitenote_category":0},"product_brand":[826],"product_cat":[308],"product_tag":[236,1312,1324,784,1321,1320,1327,1325,1326,1323,1322,1318],"class_list":{"0":"post-2969","1":"product","2":"type-product","3":"status-publish","4":"has-post-thumbnail","6":"product_brand-canon","7":"product_cat-impriment","8":"product_tag-canon","9":"product_tag-encre","10":"product_tag-g2410","11":"product_tag-imprimante","12":"product_tag-jet-encre","13":"product_tag-multifonction","14":"product_tag-photocopie","15":"product_tag-pixma","16":"product_tag-print","17":"product_tag-rechargeables","18":"product_tag-reservoirs","19":"product_tag-scan","20":"product_shipping_class-11kg","22":"first","23":"outofstock","24":"purchasable","25":"product-type-simple"},"yoast_head":"<!-- This site is optimized with the Yoast SEO plugin v27.5 - https:\/\/yoast.com\/product\/yoast-seo-wordpress\/ -->\n<title>Canon PIXMA G2410 - mersatradedz<\/title>\n<meta name=\"robots\" content=\"index, follow, max-snippet:-1, max-image-preview:large, max-video-preview:-1\" \/>\n<link rel=\"canonical\" href=\"https:\/\/mersatradedz.com\/ar\/product\/imprimante-multifonction-canon-pixma-g2410\/\" \/>\n<meta property=\"og:locale\" content=\"ar_AR\" \/>\n<meta property=\"og:type\" content=\"article\" \/>\n<meta property=\"og:title\" content=\"Canon PIXMA G2410 - mersatradedz\" \/>\n<meta property=\"og:description\" content=\"La Canon PIXMA G2410 est une imprimante multifonction \u00e0 r\u00e9servoirs rechargeables, id\u00e9ale pour les impressions \u00e0 haut volume. Fiable, \u00e9conomique et facile \u00e0 utiliser, elle combine impression, num\u00e9risation et copie avec une excellente qualit\u00e9 d\u2019image.\" \/>\n<meta property=\"og:url\" content=\"https:\/\/mersatradedz.com\/ar\/product\/imprimante-multifonction-canon-pixma-g2410\/\" \/>\n<meta property=\"og:site_name\" content=\"mersatradedz\" \/>\n<meta property=\"article:publisher\" content=\"https:\/\/www.facebook.com\/ntbidz\" \/>\n<meta property=\"article:modified_time\" content=\"2026-03-09T20:03:17+00:00\" \/>\n<meta name=\"twitter:card\" content=\"summary_large_image\" \/>\n<meta name=\"twitter:label1\" content=\"\u0648\u0642\u062a \u0627\u0644\u0642\u0631\u0627\u0621\u0629 \u0627\u0644\u0645\u064f\u0642\u062f\u0651\u0631\" \/>\n\t<meta name=\"twitter:data1\" content=\"\u062f\u0642\u064a\u0642\u0629 \u0648\u0627\u062d\u062f\u0629\" \/>\n<script type=\"application\/ld+json\" class=\"yoast-schema-graph\">{\"@context\":\"https:\\\/\\\/schema.org\",\"@graph\":[{\"@type\":\"WebPage\",\"@id\":\"https:\\\/\\\/mersatradedz.com\\\/product\\\/imprimante-multifonction-canon-pixma-g2410\\\/\",\"url\":\"https:\\\/\\\/mersatradedz.com\\\/product\\\/imprimante-multifonction-canon-pixma-g2410\\\/\",\"name\":\"Canon PIXMA G2410 - mersatradedz\",\"isPartOf\":{\"@id\":\"https:\\\/\\\/mersatradedz.com\\\/#website\"},\"primaryImageOfPage\":{\"@id\":\"https:\\\/\\\/mersatradedz.com\\\/product\\\/imprimante-multifonction-canon-pixma-g2410\\\/#primaryimage\"},\"image\":{\"@id\":\"https:\\\/\\\/mersatradedz.com\\\/product\\\/imprimante-multifonction-canon-pixma-g2410\\\/#primaryimage\"},\"thumbnailUrl\":\"https:\\\/\\\/mersatradedz.com\\\/wp-content\\\/uploads\\\/2025\\\/03\\\/pixma_g2410-as-fra_e3602b348fbf4eb4bebd601cba809bb6.avif\",\"datePublished\":\"2025-03-09T08:41:28+00:00\",\"dateModified\":\"2026-03-09T20:03:17+00:00\",\"breadcrumb\":{\"@id\":\"https:\\\/\\\/mersatradedz.com\\\/product\\\/imprimante-multifonction-canon-pixma-g2410\\\/#breadcrumb\"},\"inLanguage\":\"ar\",\"potentialAction\":[{\"@type\":\"ReadAction\",\"target\":[\"https:\\\/\\\/mersatradedz.com\\\/product\\\/imprimante-multifonction-canon-pixma-g2410\\\/\"]}]},{\"@type\":\"ImageObject\",\"inLanguage\":\"ar\",\"@id\":\"https:\\\/\\\/mersatradedz.com\\\/product\\\/imprimante-multifonction-canon-pixma-g2410\\\/#primaryimage\",\"url\":\"https:\\\/\\\/mersatradedz.com\\\/wp-content\\\/uploads\\\/2025\\\/03\\\/pixma_g2410-as-fra_e3602b348fbf4eb4bebd601cba809bb6.avif\",\"contentUrl\":\"https:\\\/\\\/mersatradedz.com\\\/wp-content\\\/uploads\\\/2025\\\/03\\\/pixma_g2410-as-fra_e3602b348fbf4eb4bebd601cba809bb6.avif\",\"width\":552,\"height\":552},{\"@type\":\"BreadcrumbList\",\"@id\":\"https:\\\/\\\/mersatradedz.com\\\/product\\\/imprimante-multifonction-canon-pixma-g2410\\\/#breadcrumb\",\"itemListElement\":[{\"@type\":\"ListItem\",\"position\":1,\"name\":\"Home\",\"item\":\"https:\\\/\\\/mersatradedz.com\\\/ar\\\/\"},{\"@type\":\"ListItem\",\"position\":2,\"name\":\"Boutique\",\"item\":\"https:\\\/\\\/mersatradedz.com\\\/shop\\\/\"},{\"@type\":\"ListItem\",\"position\":3,\"name\":\"Canon PIXMA G2410\"}]},{\"@type\":\"WebSite\",\"@id\":\"https:\\\/\\\/mersatradedz.com\\\/#website\",\"url\":\"https:\\\/\\\/mersatradedz.com\\\/\",\"name\":\"mersatradedz\",\"description\":\"\",\"publisher\":{\"@id\":\"https:\\\/\\\/mersatradedz.com\\\/#organization\"},\"potentialAction\":[{\"@type\":\"SearchAction\",\"target\":{\"@type\":\"EntryPoint\",\"urlTemplate\":\"https:\\\/\\\/mersatradedz.com\\\/?s={search_term_string}\"},\"query-input\":{\"@type\":\"PropertyValueSpecification\",\"valueRequired\":true,\"valueName\":\"search_term_string\"}}],\"inLanguage\":\"ar\"},{\"@type\":\"Organization\",\"@id\":\"https:\\\/\\\/mersatradedz.com\\\/#organization\",\"name\":\"mersa trade\",\"url\":\"https:\\\/\\\/mersatradedz.com\\\/\",\"logo\":{\"@type\":\"ImageObject\",\"inLanguage\":\"ar\",\"@id\":\"https:\\\/\\\/mersatradedz.com\\\/#\\\/schema\\\/logo\\\/image\\\/\",\"url\":\"https:\\\/\\\/mersatradedz.com\\\/wp-content\\\/uploads\\\/2023\\\/07\\\/cropped-1684191296456.jpg\",\"contentUrl\":\"https:\\\/\\\/mersatradedz.com\\\/wp-content\\\/uploads\\\/2023\\\/07\\\/cropped-1684191296456.jpg\",\"width\":1451,\"height\":955,\"caption\":\"mersa trade\"},\"image\":{\"@id\":\"https:\\\/\\\/mersatradedz.com\\\/#\\\/schema\\\/logo\\\/image\\\/\"},\"sameAs\":[\"https:\\\/\\\/www.facebook.com\\\/ntbidz\"]}]}<\/script>\n<!-- \/ Yoast SEO plugin. -->","yoast_head_json":{"title":"Canon PIXMA G2410 - mersatradedz","robots":{"index":"index","follow":"follow","max-snippet":"max-snippet:-1","max-image-preview":"max-image-preview:large","max-video-preview":"max-video-preview:-1"},"canonical":"https:\/\/mersatradedz.com\/ar\/product\/imprimante-multifonction-canon-pixma-g2410\/","og_locale":"ar_AR","og_type":"article","og_title":"Canon PIXMA G2410 - mersatradedz","og_description":"La Canon PIXMA G2410 est une imprimante multifonction \u00e0 r\u00e9servoirs rechargeables, id\u00e9ale pour les impressions \u00e0 haut volume. Fiable, \u00e9conomique et facile \u00e0 utiliser, elle combine impression, num\u00e9risation et copie avec une excellente qualit\u00e9 d\u2019image.","og_url":"https:\/\/mersatradedz.com\/ar\/product\/imprimante-multifonction-canon-pixma-g2410\/","og_site_name":"mersatradedz","article_publisher":"https:\/\/www.facebook.com\/ntbidz","article_modified_time":"2026-03-09T20:03:17+00:00","twitter_card":"summary_large_image","twitter_misc":{"\u0648\u0642\u062a \u0627\u0644\u0642\u0631\u0627\u0621\u0629 \u0627\u0644\u0645\u064f\u0642\u062f\u0651\u0631":"\u062f\u0642\u064a\u0642\u0629 \u0648\u0627\u062d\u062f\u0629"},"schema":{"@context":"https:\/\/schema.org","@graph":[{"@type":"WebPage","@id":"https:\/\/mersatradedz.com\/product\/imprimante-multifonction-canon-pixma-g2410\/","url":"https:\/\/mersatradedz.com\/product\/imprimante-multifonction-canon-pixma-g2410\/","name":"Canon PIXMA G2410 - mersatradedz","isPartOf":{"@id":"https:\/\/mersatradedz.com\/#website"},"primaryImageOfPage":{"@id":"https:\/\/mersatradedz.com\/product\/imprimante-multifonction-canon-pixma-g2410\/#primaryimage"},"image":{"@id":"https:\/\/mersatradedz.com\/product\/imprimante-multifonction-canon-pixma-g2410\/#primaryimage"},"thumbnailUrl":"https:\/\/mersatradedz.com\/wp-content\/uploads\/2025\/03\/pixma_g2410-as-fra_e3602b348fbf4eb4bebd601cba809bb6.avif","datePublished":"2025-03-09T08:41:28+00:00","dateModified":"2026-03-09T20:03:17+00:00","breadcrumb":{"@id":"https:\/\/mersatradedz.com\/product\/imprimante-multifonction-canon-pixma-g2410\/#breadcrumb"},"inLanguage":"ar","potentialAction":[{"@type":"ReadAction","target":["https:\/\/mersatradedz.com\/product\/imprimante-multifonction-canon-pixma-g2410\/"]}]},{"@type":"ImageObject","inLanguage":"ar","@id":"https:\/\/mersatradedz.com\/product\/imprimante-multifonction-canon-pixma-g2410\/#primaryimage","url":"https:\/\/mersatradedz.com\/wp-content\/uploads\/2025\/03\/pixma_g2410-as-fra_e3602b348fbf4eb4bebd601cba809bb6.avif","contentUrl":"https:\/\/mersatradedz.com\/wp-content\/uploads\/2025\/03\/pixma_g2410-as-fra_e3602b348fbf4eb4bebd601cba809bb6.avif","width":552,"height":552},{"@type":"BreadcrumbList","@id":"https:\/\/mersatradedz.com\/product\/imprimante-multifonction-canon-pixma-g2410\/#breadcrumb","itemListElement":[{"@type":"ListItem","position":1,"name":"Home","item":"https:\/\/mersatradedz.com\/ar\/"},{"@type":"ListItem","position":2,"name":"Boutique","item":"https:\/\/mersatradedz.com\/shop\/"},{"@type":"ListItem","position":3,"name":"Canon PIXMA G2410"}]},{"@type":"WebSite","@id":"https:\/\/mersatradedz.com\/#website","url":"https:\/\/mersatradedz.com\/","name":"mersatradedz","description":"","publisher":{"@id":"https:\/\/mersatradedz.com\/#organization"},"potentialAction":[{"@type":"SearchAction","target":{"@type":"EntryPoint","urlTemplate":"https:\/\/mersatradedz.com\/?s={search_term_string}"},"query-input":{"@type":"PropertyValueSpecification","valueRequired":true,"valueName":"search_term_string"}}],"inLanguage":"ar"},{"@type":"Organization","@id":"https:\/\/mersatradedz.com\/#organization","name":"mersa trade","url":"https:\/\/mersatradedz.com\/","logo":{"@type":"ImageObject","inLanguage":"ar","@id":"https:\/\/mersatradedz.com\/#\/schema\/logo\/image\/","url":"https:\/\/mersatradedz.com\/wp-content\/uploads\/2023\/07\/cropped-1684191296456.jpg","contentUrl":"https:\/\/mersatradedz.com\/wp-content\/uploads\/2023\/07\/cropped-1684191296456.jpg","width":1451,"height":955,"caption":"mersa trade"},"image":{"@id":"https:\/\/mersatradedz.com\/#\/schema\/logo\/image\/"},"sameAs":["https:\/\/www.facebook.com\/ntbidz"]}]}},"jetpack_sharing_enabled":true,"_links":{"self":[{"href":"https:\/\/mersatradedz.com\/ar\/wp-json\/wp\/v2\/product\/2969","targetHints":{"allow":["GET"]}}],"collection":[{"href":"https:\/\/mersatradedz.com\/ar\/wp-json\/wp\/v2\/product"}],"about":[{"href":"https:\/\/mersatradedz.com\/ar\/wp-json\/wp\/v2\/types\/product"}],"replies":[{"embeddable":true,"href":"https:\/\/mersatradedz.com\/ar\/wp-json\/wp\/v2\/comments?post=2969"}],"wp:featuredmedia":[{"embeddable":true,"href":"https:\/\/mersatradedz.com\/ar\/wp-json\/wp\/v2\/media\/3916"}],"wp:attachment":[{"href":"https:\/\/mersatradedz.com\/ar\/wp-json\/wp\/v2\/media?parent=2969"}],"wp:term":[{"taxonomy":"product_brand","embeddable":true,"href":"https:\/\/mersatradedz.com\/ar\/wp-json\/wp\/v2\/product_brand?post=2969"},{"taxonomy":"product_cat","embeddable":true,"href":"https:\/\/mersatradedz.com\/ar\/wp-json\/wp\/v2\/product_cat?post=2969"},{"taxonomy":"product_tag","embeddable":true,"href":"https:\/\/mersatradedz.com\/ar\/wp-json\/wp\/v2\/product_tag?post=2969"}],"curies":[{"name":"wp","href":"https:\/\/api.w.org\/{rel}","templated":true}]}}