{"id":3035,"date":"2025-05-21T11:39:31","date_gmt":"2025-05-21T10:39:31","guid":{"rendered":"https:\/\/mersatradedz.com\/?post_type=product&#038;p=3035"},"modified":"2025-05-21T11:39:31","modified_gmt":"2025-05-21T10:39:31","slug":"pack-toner-canon-069","status":"publish","type":"product","link":"https:\/\/mersatradedz.com\/ar\/product\/pack-toner-canon-069\/","title":{"rendered":"Pack Toner Canon 069"},"content":{"rendered":"<h3 data-start=\"776\" data-end=\"975\"><strong data-start=\"776\" data-end=\"806\">Impression professionnelle<\/strong><\/h3>\n<p class=\"\" data-start=\"776\" data-end=\"975\">Le Canon 069 offre une qualit\u00e9 d\u2019impression constante, avec des noirs profonds et des couleurs vives. Chaque document imprim\u00e9 est net, pr\u00e9cis et pr\u00eat \u00e0 \u00eatre pr\u00e9sent\u00e9.<\/p>\n<h3 data-start=\"977\" data-end=\"1025\"><strong data-start=\"977\" data-end=\"1004\">Pack complet 4 couleurs<\/strong><\/h3>\n<p class=\"\" data-start=\"977\" data-end=\"1025\">Ce pack inclut :<\/p>\n<ul data-start=\"1026\" data-end=\"1189\">\n<li class=\"\" data-start=\"1026\" data-end=\"1049\">\n<p class=\"\" data-start=\"1028\" data-end=\"1049\">Toner noir (069 BK)<\/p>\n<\/li>\n<li class=\"\" data-start=\"1050\" data-end=\"1072\">\n<p class=\"\" data-start=\"1052\" data-end=\"1072\">Toner cyan (069 C)<\/p>\n<\/li>\n<li class=\"\" data-start=\"1073\" data-end=\"1098\">\n<p class=\"\" data-start=\"1075\" data-end=\"1098\">Toner magenta (069 M)<\/p>\n<\/li>\n<li class=\"\" data-start=\"1099\" data-end=\"1189\">\n<p class=\"\" data-start=\"1101\" data-end=\"1189\">Toner jaune (069 Y)<br data-start=\"1120\" data-end=\"1123\" \/>Un seul achat pour couvrir tous vos besoins en impression couleur.<\/p>\n<\/li>\n<\/ul>\n<h3 data-start=\"1191\" data-end=\"1371\"><strong data-start=\"1191\" data-end=\"1217\">Compatibilit\u00e9 parfaite<\/strong><\/h3>\n<p class=\"\" data-start=\"1191\" data-end=\"1371\">Compatible avec les imprimantes Canon i-SENSYS LBP673Cdw, MF752Cdw et MF754Cdw, ce pack s\u2019installe facilement et fonctionne imm\u00e9diatement sans erreurs.<\/p>\n<p data-start=\"1191\" data-end=\"1371\">Canon i-Sensys LBP673cdw , Canon i-Sensys MF750 Series , Canon i-Sensys MF752 Cdw , Canon i-Sensys MF754 Cdw<\/p>\n<h3 data-start=\"1373\" data-end=\"1436\"><strong data-start=\"1373\" data-end=\"1397\">Excellente autonomie<\/strong><\/h3>\n<p class=\"\" data-start=\"1373\" data-end=\"1436\">Chaque cartouche fournit environ :<\/p>\n<ul data-start=\"1437\" data-end=\"1575\">\n<li class=\"\" data-start=\"1437\" data-end=\"1465\">\n<p class=\"\" data-start=\"1439\" data-end=\"1465\">2 100 pages pour le noir<\/p>\n<\/li>\n<li class=\"\" data-start=\"1466\" data-end=\"1575\">\n<p class=\"\" data-start=\"1468\" data-end=\"1575\">1 900 pages pour chaque couleur<br data-start=\"1499\" data-end=\"1502\" \/>Un choix \u00e9quilibr\u00e9 pour les bureaux avec un volume d\u2019impression r\u00e9gulier.<\/p>\n<\/li>\n<\/ul>\n<h3 data-start=\"1577\" data-end=\"1611\"><strong data-start=\"1577\" data-end=\"1609\">Caract\u00e9ristiques principales<\/strong><\/h3>\n<ul data-start=\"1612\" data-end=\"1840\">\n<li class=\"\" data-start=\"1612\" data-end=\"1646\">\n<p class=\"\" data-start=\"1614\" data-end=\"1646\">Mod\u00e8le : Canon 069 (Pack de 4)<\/p>\n<\/li>\n<li class=\"\" data-start=\"1647\" data-end=\"1689\">\n<p class=\"\" data-start=\"1649\" data-end=\"1689\">Technologie : impression laser couleur<\/p>\n<\/li>\n<li class=\"\" data-start=\"1690\" data-end=\"1739\">\n<p class=\"\" data-start=\"1692\" data-end=\"1739\">Compatibilit\u00e9 : LBP673Cdw, MF752Cdw, MF754Cdw<\/p>\n<\/li>\n<li class=\"\" data-start=\"1740\" data-end=\"1806\">\n<p class=\"\" data-start=\"1742\" data-end=\"1806\">Rendement : jusqu\u2019\u00e0 2 100 pages (noir), 1 900 pages (couleurs)<\/p>\n<\/li>\n<li class=\"\" data-start=\"1807\" data-end=\"1840\">\n<p class=\"\" data-start=\"1809\" data-end=\"1840\">Installation rapide et propre<\/p>\n<\/li>\n<\/ul>\n<h3 data-start=\"1842\" data-end=\"2018\"><strong data-start=\"1842\" data-end=\"1867\">Fiabilit\u00e9 et \u00e9conomie<\/strong><\/h3>\n<p class=\"\" data-start=\"1842\" data-end=\"2018\">Ce pack permet de centraliser vos achats et d\u2019assurer une qualit\u00e9 constante tout en ma\u00eetrisant vos co\u00fbts. Parfait pour les professionnels exigeants.<\/p>","protected":false},"excerpt":{"rendered":"<p>Le pack toner Canon 069 inclut les quatre couleurs essentielles : noir, cyan, magenta et jaune. Sp\u00e9cialement con\u00e7u pour les imprimantes laser couleur Canon i-SENSYS, il garantit des impressions de qualit\u00e9 professionnelle, avec des textes nets et des couleurs \u00e9clatantes. Gr\u00e2ce \u00e0 son rendement fiable, ce pack est id\u00e9al pour les bureaux exigeant efficacit\u00e9 et constance.<\/p>","protected":false},"featured_media":3348,"comment_status":"open","ping_status":"closed","template":"","meta":{"_monsterinsights_skip_tracking":false,"_monsterinsights_sitenote_active":false,"_monsterinsights_sitenote_note":"","_monsterinsights_sitenote_category":0},"product_brand":[826],"product_cat":[224],"product_tag":[886,874,873,236,872,871,852,870,882,883,884,885,225,887,254,877],"class_list":{"0":"post-3035","1":"product","2":"type-product","3":"status-publish","4":"has-post-thumbnail","6":"product_brand-canon","7":"product_cat-consemable","8":"product_tag-886","9":"product_tag-algeria","10":"product_tag-algerie","11":"product_tag-canon","12":"product_tag-color","13":"product_tag-couleur","14":"product_tag-laser","15":"product_tag-lazer","16":"product_tag-lbp673cdw","17":"product_tag-mf750","18":"product_tag-mf752","19":"product_tag-mf754","20":"product_tag-pack","21":"product_tag-pack-toner","22":"product_tag-toner","23":"product_tag-toner-algerie","25":"first","26":"instock","27":"shipping-taxable","28":"purchasable","29":"product-type-simple"},"yoast_head":"<!-- This site is optimized with the Yoast SEO plugin v27.4 - https:\/\/yoast.com\/product\/yoast-seo-wordpress\/ -->\n<title>Pack Toner Canon 069 - mersatradedz<\/title>\n<meta name=\"robots\" content=\"index, follow, max-snippet:-1, max-image-preview:large, max-video-preview:-1\" \/>\n<link rel=\"canonical\" href=\"https:\/\/mersatradedz.com\/ar\/product\/pack-toner-canon-069\/\" \/>\n<meta property=\"og:locale\" content=\"ar_AR\" \/>\n<meta property=\"og:type\" content=\"article\" \/>\n<meta property=\"og:title\" content=\"Pack Toner Canon 069 - mersatradedz\" \/>\n<meta property=\"og:description\" content=\"Le pack toner Canon 069 inclut les quatre couleurs essentielles : noir, cyan, magenta et jaune. Sp\u00e9cialement con\u00e7u pour les imprimantes laser couleur Canon i-SENSYS, il garantit des impressions de qualit\u00e9 professionnelle, avec des textes nets et des couleurs \u00e9clatantes. Gr\u00e2ce \u00e0 son rendement fiable, ce pack est id\u00e9al pour les bureaux exigeant efficacit\u00e9 et constance.\" \/>\n<meta property=\"og:url\" content=\"https:\/\/mersatradedz.com\/ar\/product\/pack-toner-canon-069\/\" \/>\n<meta property=\"og:site_name\" content=\"mersatradedz\" \/>\n<meta property=\"article:publisher\" content=\"https:\/\/www.facebook.com\/ntbidz\" \/>\n<meta property=\"og:image\" content=\"https:\/\/mersatradedz.com\/wp-content\/uploads\/2025\/03\/PACK-DE-TONER-CANON-069.jpg\" \/>\n\t<meta property=\"og:image:width\" content=\"600\" \/>\n\t<meta property=\"og:image:height\" content=\"600\" \/>\n\t<meta property=\"og:image:type\" content=\"image\/jpeg\" \/>\n<meta name=\"twitter:card\" content=\"summary_large_image\" \/>\n<meta name=\"twitter:label1\" content=\"\u0648\u0642\u062a \u0627\u0644\u0642\u0631\u0627\u0621\u0629 \u0627\u0644\u0645\u064f\u0642\u062f\u0651\u0631\" \/>\n\t<meta name=\"twitter:data1\" content=\"\u062f\u0642\u064a\u0642\u0629 \u0648\u0627\u062d\u062f\u0629\" \/>\n<script type=\"application\/ld+json\" class=\"yoast-schema-graph\">{\"@context\":\"https:\\\/\\\/schema.org\",\"@graph\":[{\"@type\":\"WebPage\",\"@id\":\"https:\\\/\\\/mersatradedz.com\\\/product\\\/pack-toner-canon-069\\\/\",\"url\":\"https:\\\/\\\/mersatradedz.com\\\/product\\\/pack-toner-canon-069\\\/\",\"name\":\"Pack Toner Canon 069 - mersatradedz\",\"isPartOf\":{\"@id\":\"https:\\\/\\\/mersatradedz.com\\\/#website\"},\"primaryImageOfPage\":{\"@id\":\"https:\\\/\\\/mersatradedz.com\\\/product\\\/pack-toner-canon-069\\\/#primaryimage\"},\"image\":{\"@id\":\"https:\\\/\\\/mersatradedz.com\\\/product\\\/pack-toner-canon-069\\\/#primaryimage\"},\"thumbnailUrl\":\"https:\\\/\\\/mersatradedz.com\\\/wp-content\\\/uploads\\\/2025\\\/03\\\/PACK-DE-TONER-CANON-069.jpg\",\"datePublished\":\"2025-05-21T10:39:31+00:00\",\"breadcrumb\":{\"@id\":\"https:\\\/\\\/mersatradedz.com\\\/product\\\/pack-toner-canon-069\\\/#breadcrumb\"},\"inLanguage\":\"ar\",\"potentialAction\":[{\"@type\":\"ReadAction\",\"target\":[\"https:\\\/\\\/mersatradedz.com\\\/product\\\/pack-toner-canon-069\\\/\"]}]},{\"@type\":\"ImageObject\",\"inLanguage\":\"ar\",\"@id\":\"https:\\\/\\\/mersatradedz.com\\\/product\\\/pack-toner-canon-069\\\/#primaryimage\",\"url\":\"https:\\\/\\\/mersatradedz.com\\\/wp-content\\\/uploads\\\/2025\\\/03\\\/PACK-DE-TONER-CANON-069.jpg\",\"contentUrl\":\"https:\\\/\\\/mersatradedz.com\\\/wp-content\\\/uploads\\\/2025\\\/03\\\/PACK-DE-TONER-CANON-069.jpg\",\"width\":600,\"height\":600},{\"@type\":\"BreadcrumbList\",\"@id\":\"https:\\\/\\\/mersatradedz.com\\\/product\\\/pack-toner-canon-069\\\/#breadcrumb\",\"itemListElement\":[{\"@type\":\"ListItem\",\"position\":1,\"name\":\"Home\",\"item\":\"https:\\\/\\\/mersatradedz.com\\\/ar\\\/\"},{\"@type\":\"ListItem\",\"position\":2,\"name\":\"Boutique\",\"item\":\"https:\\\/\\\/mersatradedz.com\\\/shop\\\/\"},{\"@type\":\"ListItem\",\"position\":3,\"name\":\"Pack Toner Canon 069\"}]},{\"@type\":\"WebSite\",\"@id\":\"https:\\\/\\\/mersatradedz.com\\\/#website\",\"url\":\"https:\\\/\\\/mersatradedz.com\\\/\",\"name\":\"mersatradedz\",\"description\":\"\",\"publisher\":{\"@id\":\"https:\\\/\\\/mersatradedz.com\\\/#organization\"},\"potentialAction\":[{\"@type\":\"SearchAction\",\"target\":{\"@type\":\"EntryPoint\",\"urlTemplate\":\"https:\\\/\\\/mersatradedz.com\\\/?s={search_term_string}\"},\"query-input\":{\"@type\":\"PropertyValueSpecification\",\"valueRequired\":true,\"valueName\":\"search_term_string\"}}],\"inLanguage\":\"ar\"},{\"@type\":\"Organization\",\"@id\":\"https:\\\/\\\/mersatradedz.com\\\/#organization\",\"name\":\"mersa trade\",\"url\":\"https:\\\/\\\/mersatradedz.com\\\/\",\"logo\":{\"@type\":\"ImageObject\",\"inLanguage\":\"ar\",\"@id\":\"https:\\\/\\\/mersatradedz.com\\\/#\\\/schema\\\/logo\\\/image\\\/\",\"url\":\"https:\\\/\\\/mersatradedz.com\\\/wp-content\\\/uploads\\\/2023\\\/07\\\/cropped-1684191296456.jpg\",\"contentUrl\":\"https:\\\/\\\/mersatradedz.com\\\/wp-content\\\/uploads\\\/2023\\\/07\\\/cropped-1684191296456.jpg\",\"width\":1451,\"height\":955,\"caption\":\"mersa trade\"},\"image\":{\"@id\":\"https:\\\/\\\/mersatradedz.com\\\/#\\\/schema\\\/logo\\\/image\\\/\"},\"sameAs\":[\"https:\\\/\\\/www.facebook.com\\\/ntbidz\"]}]}<\/script>\n<!-- \/ Yoast SEO plugin. -->","yoast_head_json":{"title":"Pack Toner Canon 069 - mersatradedz","robots":{"index":"index","follow":"follow","max-snippet":"max-snippet:-1","max-image-preview":"max-image-preview:large","max-video-preview":"max-video-preview:-1"},"canonical":"https:\/\/mersatradedz.com\/ar\/product\/pack-toner-canon-069\/","og_locale":"ar_AR","og_type":"article","og_title":"Pack Toner Canon 069 - mersatradedz","og_description":"Le pack toner Canon 069 inclut les quatre couleurs essentielles : noir, cyan, magenta et jaune. Sp\u00e9cialement con\u00e7u pour les imprimantes laser couleur Canon i-SENSYS, il garantit des impressions de qualit\u00e9 professionnelle, avec des textes nets et des couleurs \u00e9clatantes. Gr\u00e2ce \u00e0 son rendement fiable, ce pack est id\u00e9al pour les bureaux exigeant efficacit\u00e9 et constance.","og_url":"https:\/\/mersatradedz.com\/ar\/product\/pack-toner-canon-069\/","og_site_name":"mersatradedz","article_publisher":"https:\/\/www.facebook.com\/ntbidz","og_image":[{"width":600,"height":600,"url":"https:\/\/mersatradedz.com\/wp-content\/uploads\/2025\/03\/PACK-DE-TONER-CANON-069.jpg","type":"image\/jpeg"}],"twitter_card":"summary_large_image","twitter_misc":{"\u0648\u0642\u062a \u0627\u0644\u0642\u0631\u0627\u0621\u0629 \u0627\u0644\u0645\u064f\u0642\u062f\u0651\u0631":"\u062f\u0642\u064a\u0642\u0629 \u0648\u0627\u062d\u062f\u0629"},"schema":{"@context":"https:\/\/schema.org","@graph":[{"@type":"WebPage","@id":"https:\/\/mersatradedz.com\/product\/pack-toner-canon-069\/","url":"https:\/\/mersatradedz.com\/product\/pack-toner-canon-069\/","name":"Pack Toner Canon 069 - mersatradedz","isPartOf":{"@id":"https:\/\/mersatradedz.com\/#website"},"primaryImageOfPage":{"@id":"https:\/\/mersatradedz.com\/product\/pack-toner-canon-069\/#primaryimage"},"image":{"@id":"https:\/\/mersatradedz.com\/product\/pack-toner-canon-069\/#primaryimage"},"thumbnailUrl":"https:\/\/mersatradedz.com\/wp-content\/uploads\/2025\/03\/PACK-DE-TONER-CANON-069.jpg","datePublished":"2025-05-21T10:39:31+00:00","breadcrumb":{"@id":"https:\/\/mersatradedz.com\/product\/pack-toner-canon-069\/#breadcrumb"},"inLanguage":"ar","potentialAction":[{"@type":"ReadAction","target":["https:\/\/mersatradedz.com\/product\/pack-toner-canon-069\/"]}]},{"@type":"ImageObject","inLanguage":"ar","@id":"https:\/\/mersatradedz.com\/product\/pack-toner-canon-069\/#primaryimage","url":"https:\/\/mersatradedz.com\/wp-content\/uploads\/2025\/03\/PACK-DE-TONER-CANON-069.jpg","contentUrl":"https:\/\/mersatradedz.com\/wp-content\/uploads\/2025\/03\/PACK-DE-TONER-CANON-069.jpg","width":600,"height":600},{"@type":"BreadcrumbList","@id":"https:\/\/mersatradedz.com\/product\/pack-toner-canon-069\/#breadcrumb","itemListElement":[{"@type":"ListItem","position":1,"name":"Home","item":"https:\/\/mersatradedz.com\/ar\/"},{"@type":"ListItem","position":2,"name":"Boutique","item":"https:\/\/mersatradedz.com\/shop\/"},{"@type":"ListItem","position":3,"name":"Pack Toner Canon 069"}]},{"@type":"WebSite","@id":"https:\/\/mersatradedz.com\/#website","url":"https:\/\/mersatradedz.com\/","name":"mersatradedz","description":"","publisher":{"@id":"https:\/\/mersatradedz.com\/#organization"},"potentialAction":[{"@type":"SearchAction","target":{"@type":"EntryPoint","urlTemplate":"https:\/\/mersatradedz.com\/?s={search_term_string}"},"query-input":{"@type":"PropertyValueSpecification","valueRequired":true,"valueName":"search_term_string"}}],"inLanguage":"ar"},{"@type":"Organization","@id":"https:\/\/mersatradedz.com\/#organization","name":"mersa trade","url":"https:\/\/mersatradedz.com\/","logo":{"@type":"ImageObject","inLanguage":"ar","@id":"https:\/\/mersatradedz.com\/#\/schema\/logo\/image\/","url":"https:\/\/mersatradedz.com\/wp-content\/uploads\/2023\/07\/cropped-1684191296456.jpg","contentUrl":"https:\/\/mersatradedz.com\/wp-content\/uploads\/2023\/07\/cropped-1684191296456.jpg","width":1451,"height":955,"caption":"mersa trade"},"image":{"@id":"https:\/\/mersatradedz.com\/#\/schema\/logo\/image\/"},"sameAs":["https:\/\/www.facebook.com\/ntbidz"]}]}},"jetpack_sharing_enabled":true,"_links":{"self":[{"href":"https:\/\/mersatradedz.com\/ar\/wp-json\/wp\/v2\/product\/3035","targetHints":{"allow":["GET"]}}],"collection":[{"href":"https:\/\/mersatradedz.com\/ar\/wp-json\/wp\/v2\/product"}],"about":[{"href":"https:\/\/mersatradedz.com\/ar\/wp-json\/wp\/v2\/types\/product"}],"replies":[{"embeddable":true,"href":"https:\/\/mersatradedz.com\/ar\/wp-json\/wp\/v2\/comments?post=3035"}],"wp:featuredmedia":[{"embeddable":true,"href":"https:\/\/mersatradedz.com\/ar\/wp-json\/wp\/v2\/media\/3348"}],"wp:attachment":[{"href":"https:\/\/mersatradedz.com\/ar\/wp-json\/wp\/v2\/media?parent=3035"}],"wp:term":[{"taxonomy":"product_brand","embeddable":true,"href":"https:\/\/mersatradedz.com\/ar\/wp-json\/wp\/v2\/product_brand?post=3035"},{"taxonomy":"product_cat","embeddable":true,"href":"https:\/\/mersatradedz.com\/ar\/wp-json\/wp\/v2\/product_cat?post=3035"},{"taxonomy":"product_tag","embeddable":true,"href":"https:\/\/mersatradedz.com\/ar\/wp-json\/wp\/v2\/product_tag?post=3035"}],"curies":[{"name":"wp","href":"https:\/\/api.w.org\/{rel}","templated":true}]}}