{"id":3040,"date":"2025-03-25T12:11:14","date_gmt":"2025-03-25T11:11:14","guid":{"rendered":"https:\/\/mersatradedz.com\/?post_type=product&#038;p=3040"},"modified":"2025-07-31T08:34:53","modified_gmt":"2025-07-31T07:34:53","slug":"unite-gamer-ryzen-5-8600g","status":"publish","type":"product","link":"https:\/\/mersatradedz.com\/ar\/product\/unite-gamer-ryzen-5-8600g\/","title":{"rendered":"UNITE GAMER RYZEN 5 8600G"},"content":{"rendered":"<p class=\"\" data-start=\"107\" data-end=\"314\">La <strong data-start=\"110\" data-end=\"148\">configuration d\u2019un PC Bureau Gamer<\/strong> d\u00e9signe l\u2019ensemble des <strong data-start=\"172\" data-end=\"222\">composants mat\u00e9riels s\u00e9lectionn\u00e9s et assembl\u00e9s<\/strong> pour cr\u00e9er un ordinateur de bureau performant, sp\u00e9cialement optimis\u00e9 pour les jeux vid\u00e9o.<\/p>\n<p class=\"\" data-start=\"316\" data-end=\"378\">Cette configuration comprend des \u00e9l\u00e9ments essentiels comme :<\/p>\n<ul data-start=\"379\" data-end=\"770\">\n<li class=\"\" data-start=\"379\" data-end=\"437\">\n<p class=\"\" data-start=\"381\" data-end=\"437\"><strong data-start=\"381\" data-end=\"404\">Le processeur (CPU)<\/strong> : pour la rapidit\u00e9 d\u2019ex\u00e9cution RYZEN 5 8600G 5.0GHZ<\/p>\n<\/li>\n<li class=\"\" data-start=\"438\" data-end=\"513\">\n<p class=\"\" data-start=\"440\" data-end=\"513\"><strong data-start=\"440\" data-end=\"468\">La carte graphique (GPU)<\/strong> : pour des graphismes fluides et r\u00e9alistes intgr\u00e9<\/p>\n<\/li>\n<li class=\"\" data-start=\"514\" data-end=\"585\">\n<p class=\"\" data-start=\"516\" data-end=\"585\"><strong data-start=\"516\" data-end=\"541\">La m\u00e9moire vive (RAM)<\/strong> : pour assurer la fluidit\u00e9 pendant le jeu 16GB DDR 5 5600MHZ<\/p>\n<\/li>\n<li class=\"\" data-start=\"586\" data-end=\"657\">\n<p class=\"\" data-start=\"588\" data-end=\"657\"><strong data-start=\"588\" data-end=\"613\">Le stockage (SSD\/HDD)<\/strong> : pour la rapidit\u00e9 de chargement des jeux 256GB SSD NVME M2 c900<\/p>\n<\/li>\n<li class=\"\" data-start=\"658\" data-end=\"723\">\n<p class=\"\" data-start=\"660\" data-end=\"723\"><strong data-start=\"660\" data-end=\"693\">Le syst\u00e8me de refroidissement<\/strong> : pour \u00e9viter la surchauffe<\/p>\n<\/li>\n<li class=\"\" data-start=\"724\" data-end=\"770\">\n<p class=\"\" data-start=\"726\" data-end=\"770\"><strong data-start=\"726\" data-end=\"750\">L\u2019alimentation (PSU)<\/strong> et le <strong data-start=\"757\" data-end=\"768\">bo\u00eetier 450W APFC\u00a0<\/strong><\/p>\n<\/li>\n<li data-start=\"724\" data-end=\"770\">BOITIER SPIRIT OF GAMER REVOLUTION 2 MOYEN TOUR ATX<\/li>\n<\/ul>","protected":false},"excerpt":{"rendered":"<p>La configuration d\u2019un PC Bureau Gamer d\u00e9signe l\u2019ensemble des composants mat\u00e9riels s\u00e9lectionn\u00e9s et assembl\u00e9s pour cr\u00e9er un ordinateur de bureau performant, sp\u00e9cialement optimis\u00e9 pour les jeux vid\u00e9o. Cette configuration comprend des \u00e9l\u00e9ments essentiels comme : Le processeur (CPU) : pour la rapidit\u00e9 d\u2019ex\u00e9cution RYZEN 5 8600G 5.0GHZ La carte graphique (GPU) : pour des graphismes [&hellip;]<\/p>\n","protected":false},"featured_media":3041,"comment_status":"open","ping_status":"closed","template":"","meta":{"_monsterinsights_skip_tracking":false,"_monsterinsights_sitenote_active":false,"_monsterinsights_sitenote_note":"","_monsterinsights_sitenote_category":0},"product_brand":[],"product_cat":[786],"product_tag":[],"class_list":{"0":"post-3040","1":"product","2":"type-product","3":"status-publish","4":"has-post-thumbnail","6":"product_cat-pc-gamer-console","8":"first","9":"instock","10":"purchasable","11":"product-type-simple"},"yoast_head":"<!-- This site is optimized with the Yoast SEO plugin v27.4 - https:\/\/yoast.com\/product\/yoast-seo-wordpress\/ -->\n<title>UNITE GAMER RYZEN 5 8600G - mersatradedz<\/title>\n<meta name=\"robots\" content=\"index, follow, max-snippet:-1, max-image-preview:large, max-video-preview:-1\" \/>\n<link rel=\"canonical\" href=\"https:\/\/mersatradedz.com\/ar\/product\/unite-gamer-ryzen-5-8600g\/\" \/>\n<meta property=\"og:locale\" content=\"ar_AR\" \/>\n<meta property=\"og:type\" content=\"article\" \/>\n<meta property=\"og:title\" content=\"UNITE GAMER RYZEN 5 8600G - mersatradedz\" \/>\n<meta property=\"og:description\" content=\"La configuration d\u2019un PC Bureau Gamer d\u00e9signe l\u2019ensemble des composants mat\u00e9riels s\u00e9lectionn\u00e9s et assembl\u00e9s pour cr\u00e9er un ordinateur de bureau performant, sp\u00e9cialement optimis\u00e9 pour les jeux vid\u00e9o. Cette configuration comprend des \u00e9l\u00e9ments essentiels comme : Le processeur (CPU) : pour la rapidit\u00e9 d\u2019ex\u00e9cution RYZEN 5 8600G 5.0GHZ La carte graphique (GPU) : pour des graphismes [&hellip;]\" \/>\n<meta property=\"og:url\" content=\"https:\/\/mersatradedz.com\/ar\/product\/unite-gamer-ryzen-5-8600g\/\" \/>\n<meta property=\"og:site_name\" content=\"mersatradedz\" \/>\n<meta property=\"article:publisher\" content=\"https:\/\/www.facebook.com\/ntbidz\" \/>\n<meta property=\"article:modified_time\" content=\"2025-07-31T07:34:53+00:00\" \/>\n<meta property=\"og:image\" content=\"https:\/\/mersatradedz.com\/wp-content\/uploads\/2025\/03\/5-8600G.jpg\" \/>\n\t<meta property=\"og:image:width\" content=\"1080\" \/>\n\t<meta property=\"og:image:height\" content=\"1080\" \/>\n\t<meta property=\"og:image:type\" content=\"image\/jpeg\" \/>\n<meta name=\"twitter:card\" content=\"summary_large_image\" \/>\n<meta name=\"twitter:label1\" content=\"\u0648\u0642\u062a \u0627\u0644\u0642\u0631\u0627\u0621\u0629 \u0627\u0644\u0645\u064f\u0642\u062f\u0651\u0631\" \/>\n\t<meta name=\"twitter:data1\" content=\"\u062f\u0642\u064a\u0642\u0629 \u0648\u0627\u062d\u062f\u0629\" \/>\n<script type=\"application\/ld+json\" class=\"yoast-schema-graph\">{\"@context\":\"https:\\\/\\\/schema.org\",\"@graph\":[{\"@type\":\"WebPage\",\"@id\":\"https:\\\/\\\/mersatradedz.com\\\/product\\\/unite-gamer-ryzen-5-8600g\\\/\",\"url\":\"https:\\\/\\\/mersatradedz.com\\\/product\\\/unite-gamer-ryzen-5-8600g\\\/\",\"name\":\"UNITE GAMER RYZEN 5 8600G - mersatradedz\",\"isPartOf\":{\"@id\":\"https:\\\/\\\/mersatradedz.com\\\/#website\"},\"primaryImageOfPage\":{\"@id\":\"https:\\\/\\\/mersatradedz.com\\\/product\\\/unite-gamer-ryzen-5-8600g\\\/#primaryimage\"},\"image\":{\"@id\":\"https:\\\/\\\/mersatradedz.com\\\/product\\\/unite-gamer-ryzen-5-8600g\\\/#primaryimage\"},\"thumbnailUrl\":\"https:\\\/\\\/mersatradedz.com\\\/wp-content\\\/uploads\\\/2025\\\/03\\\/5-8600G.jpg\",\"datePublished\":\"2025-03-25T11:11:14+00:00\",\"dateModified\":\"2025-07-31T07:34:53+00:00\",\"breadcrumb\":{\"@id\":\"https:\\\/\\\/mersatradedz.com\\\/product\\\/unite-gamer-ryzen-5-8600g\\\/#breadcrumb\"},\"inLanguage\":\"ar\",\"potentialAction\":[{\"@type\":\"ReadAction\",\"target\":[\"https:\\\/\\\/mersatradedz.com\\\/product\\\/unite-gamer-ryzen-5-8600g\\\/\"]}]},{\"@type\":\"ImageObject\",\"inLanguage\":\"ar\",\"@id\":\"https:\\\/\\\/mersatradedz.com\\\/product\\\/unite-gamer-ryzen-5-8600g\\\/#primaryimage\",\"url\":\"https:\\\/\\\/mersatradedz.com\\\/wp-content\\\/uploads\\\/2025\\\/03\\\/5-8600G.jpg\",\"contentUrl\":\"https:\\\/\\\/mersatradedz.com\\\/wp-content\\\/uploads\\\/2025\\\/03\\\/5-8600G.jpg\",\"width\":1080,\"height\":1080},{\"@type\":\"BreadcrumbList\",\"@id\":\"https:\\\/\\\/mersatradedz.com\\\/product\\\/unite-gamer-ryzen-5-8600g\\\/#breadcrumb\",\"itemListElement\":[{\"@type\":\"ListItem\",\"position\":1,\"name\":\"Home\",\"item\":\"https:\\\/\\\/mersatradedz.com\\\/ar\\\/\"},{\"@type\":\"ListItem\",\"position\":2,\"name\":\"Boutique\",\"item\":\"https:\\\/\\\/mersatradedz.com\\\/shop\\\/\"},{\"@type\":\"ListItem\",\"position\":3,\"name\":\"UNITE GAMER RYZEN 5 8600G\"}]},{\"@type\":\"WebSite\",\"@id\":\"https:\\\/\\\/mersatradedz.com\\\/#website\",\"url\":\"https:\\\/\\\/mersatradedz.com\\\/\",\"name\":\"mersatradedz\",\"description\":\"\",\"publisher\":{\"@id\":\"https:\\\/\\\/mersatradedz.com\\\/#organization\"},\"potentialAction\":[{\"@type\":\"SearchAction\",\"target\":{\"@type\":\"EntryPoint\",\"urlTemplate\":\"https:\\\/\\\/mersatradedz.com\\\/?s={search_term_string}\"},\"query-input\":{\"@type\":\"PropertyValueSpecification\",\"valueRequired\":true,\"valueName\":\"search_term_string\"}}],\"inLanguage\":\"ar\"},{\"@type\":\"Organization\",\"@id\":\"https:\\\/\\\/mersatradedz.com\\\/#organization\",\"name\":\"mersa trade\",\"url\":\"https:\\\/\\\/mersatradedz.com\\\/\",\"logo\":{\"@type\":\"ImageObject\",\"inLanguage\":\"ar\",\"@id\":\"https:\\\/\\\/mersatradedz.com\\\/#\\\/schema\\\/logo\\\/image\\\/\",\"url\":\"https:\\\/\\\/mersatradedz.com\\\/wp-content\\\/uploads\\\/2023\\\/07\\\/cropped-1684191296456.jpg\",\"contentUrl\":\"https:\\\/\\\/mersatradedz.com\\\/wp-content\\\/uploads\\\/2023\\\/07\\\/cropped-1684191296456.jpg\",\"width\":1451,\"height\":955,\"caption\":\"mersa trade\"},\"image\":{\"@id\":\"https:\\\/\\\/mersatradedz.com\\\/#\\\/schema\\\/logo\\\/image\\\/\"},\"sameAs\":[\"https:\\\/\\\/www.facebook.com\\\/ntbidz\"]}]}<\/script>\n<!-- \/ Yoast SEO plugin. -->","yoast_head_json":{"title":"UNITE GAMER RYZEN 5 8600G - mersatradedz","robots":{"index":"index","follow":"follow","max-snippet":"max-snippet:-1","max-image-preview":"max-image-preview:large","max-video-preview":"max-video-preview:-1"},"canonical":"https:\/\/mersatradedz.com\/ar\/product\/unite-gamer-ryzen-5-8600g\/","og_locale":"ar_AR","og_type":"article","og_title":"UNITE GAMER RYZEN 5 8600G - mersatradedz","og_description":"La configuration d\u2019un PC Bureau Gamer d\u00e9signe l\u2019ensemble des composants mat\u00e9riels s\u00e9lectionn\u00e9s et assembl\u00e9s pour cr\u00e9er un ordinateur de bureau performant, sp\u00e9cialement optimis\u00e9 pour les jeux vid\u00e9o. Cette configuration comprend des \u00e9l\u00e9ments essentiels comme : Le processeur (CPU) : pour la rapidit\u00e9 d\u2019ex\u00e9cution RYZEN 5 8600G 5.0GHZ La carte graphique (GPU) : pour des graphismes [&hellip;]","og_url":"https:\/\/mersatradedz.com\/ar\/product\/unite-gamer-ryzen-5-8600g\/","og_site_name":"mersatradedz","article_publisher":"https:\/\/www.facebook.com\/ntbidz","article_modified_time":"2025-07-31T07:34:53+00:00","og_image":[{"width":1080,"height":1080,"url":"https:\/\/mersatradedz.com\/wp-content\/uploads\/2025\/03\/5-8600G.jpg","type":"image\/jpeg"}],"twitter_card":"summary_large_image","twitter_misc":{"\u0648\u0642\u062a \u0627\u0644\u0642\u0631\u0627\u0621\u0629 \u0627\u0644\u0645\u064f\u0642\u062f\u0651\u0631":"\u062f\u0642\u064a\u0642\u0629 \u0648\u0627\u062d\u062f\u0629"},"schema":{"@context":"https:\/\/schema.org","@graph":[{"@type":"WebPage","@id":"https:\/\/mersatradedz.com\/product\/unite-gamer-ryzen-5-8600g\/","url":"https:\/\/mersatradedz.com\/product\/unite-gamer-ryzen-5-8600g\/","name":"UNITE GAMER RYZEN 5 8600G - mersatradedz","isPartOf":{"@id":"https:\/\/mersatradedz.com\/#website"},"primaryImageOfPage":{"@id":"https:\/\/mersatradedz.com\/product\/unite-gamer-ryzen-5-8600g\/#primaryimage"},"image":{"@id":"https:\/\/mersatradedz.com\/product\/unite-gamer-ryzen-5-8600g\/#primaryimage"},"thumbnailUrl":"https:\/\/mersatradedz.com\/wp-content\/uploads\/2025\/03\/5-8600G.jpg","datePublished":"2025-03-25T11:11:14+00:00","dateModified":"2025-07-31T07:34:53+00:00","breadcrumb":{"@id":"https:\/\/mersatradedz.com\/product\/unite-gamer-ryzen-5-8600g\/#breadcrumb"},"inLanguage":"ar","potentialAction":[{"@type":"ReadAction","target":["https:\/\/mersatradedz.com\/product\/unite-gamer-ryzen-5-8600g\/"]}]},{"@type":"ImageObject","inLanguage":"ar","@id":"https:\/\/mersatradedz.com\/product\/unite-gamer-ryzen-5-8600g\/#primaryimage","url":"https:\/\/mersatradedz.com\/wp-content\/uploads\/2025\/03\/5-8600G.jpg","contentUrl":"https:\/\/mersatradedz.com\/wp-content\/uploads\/2025\/03\/5-8600G.jpg","width":1080,"height":1080},{"@type":"BreadcrumbList","@id":"https:\/\/mersatradedz.com\/product\/unite-gamer-ryzen-5-8600g\/#breadcrumb","itemListElement":[{"@type":"ListItem","position":1,"name":"Home","item":"https:\/\/mersatradedz.com\/ar\/"},{"@type":"ListItem","position":2,"name":"Boutique","item":"https:\/\/mersatradedz.com\/shop\/"},{"@type":"ListItem","position":3,"name":"UNITE GAMER RYZEN 5 8600G"}]},{"@type":"WebSite","@id":"https:\/\/mersatradedz.com\/#website","url":"https:\/\/mersatradedz.com\/","name":"mersatradedz","description":"","publisher":{"@id":"https:\/\/mersatradedz.com\/#organization"},"potentialAction":[{"@type":"SearchAction","target":{"@type":"EntryPoint","urlTemplate":"https:\/\/mersatradedz.com\/?s={search_term_string}"},"query-input":{"@type":"PropertyValueSpecification","valueRequired":true,"valueName":"search_term_string"}}],"inLanguage":"ar"},{"@type":"Organization","@id":"https:\/\/mersatradedz.com\/#organization","name":"mersa trade","url":"https:\/\/mersatradedz.com\/","logo":{"@type":"ImageObject","inLanguage":"ar","@id":"https:\/\/mersatradedz.com\/#\/schema\/logo\/image\/","url":"https:\/\/mersatradedz.com\/wp-content\/uploads\/2023\/07\/cropped-1684191296456.jpg","contentUrl":"https:\/\/mersatradedz.com\/wp-content\/uploads\/2023\/07\/cropped-1684191296456.jpg","width":1451,"height":955,"caption":"mersa trade"},"image":{"@id":"https:\/\/mersatradedz.com\/#\/schema\/logo\/image\/"},"sameAs":["https:\/\/www.facebook.com\/ntbidz"]}]}},"jetpack_sharing_enabled":true,"_links":{"self":[{"href":"https:\/\/mersatradedz.com\/ar\/wp-json\/wp\/v2\/product\/3040","targetHints":{"allow":["GET"]}}],"collection":[{"href":"https:\/\/mersatradedz.com\/ar\/wp-json\/wp\/v2\/product"}],"about":[{"href":"https:\/\/mersatradedz.com\/ar\/wp-json\/wp\/v2\/types\/product"}],"replies":[{"embeddable":true,"href":"https:\/\/mersatradedz.com\/ar\/wp-json\/wp\/v2\/comments?post=3040"}],"wp:featuredmedia":[{"embeddable":true,"href":"https:\/\/mersatradedz.com\/ar\/wp-json\/wp\/v2\/media\/3041"}],"wp:attachment":[{"href":"https:\/\/mersatradedz.com\/ar\/wp-json\/wp\/v2\/media?parent=3040"}],"wp:term":[{"taxonomy":"product_brand","embeddable":true,"href":"https:\/\/mersatradedz.com\/ar\/wp-json\/wp\/v2\/product_brand?post=3040"},{"taxonomy":"product_cat","embeddable":true,"href":"https:\/\/mersatradedz.com\/ar\/wp-json\/wp\/v2\/product_cat?post=3040"},{"taxonomy":"product_tag","embeddable":true,"href":"https:\/\/mersatradedz.com\/ar\/wp-json\/wp\/v2\/product_tag?post=3040"}],"curies":[{"name":"wp","href":"https:\/\/api.w.org\/{rel}","templated":true}]}}