{"id":3049,"date":"2025-03-25T12:34:57","date_gmt":"2025-03-25T11:34:57","guid":{"rendered":"https:\/\/mersatradedz.com\/?post_type=product&#038;p=3049"},"modified":"2025-07-31T08:34:11","modified_gmt":"2025-07-31T07:34:11","slug":"unite-gamer-ryzen-5-5600g","status":"publish","type":"product","link":"https:\/\/mersatradedz.com\/ar\/product\/unite-gamer-ryzen-5-5600g\/","title":{"rendered":"UNITE GAMER RYZEN 5 5600G"},"content":{"rendered":"<div id=\"product-3040\" class=\"product type-product post-3040 status-publish first instock product_cat-accessoir-gaming product_cat-accessoire product_cat-pc-bureau-et-all-in-one product_cat-pc-gamer-console has-post-thumbnail taxable shipping-taxable purchasable product-type-simple ct-default-gallery ct-ajax-add-to-cart thumbs-bottom sticky-gallery\">\n<div class=\"woocommerce-tabs wc-tabs-wrapper\" data-type=\"type-1:left\">\n<article>\n<div id=\"tab-description\" class=\"woocommerce-Tabs-panel woocommerce-Tabs-panel--description panel entry-content wc-tab is-layout-constrained\" role=\"tabpanel\" aria-labelledby=\"tab-title-description\">\n<p class=\"\" data-start=\"107\" data-end=\"314\">La\u00a0<strong data-start=\"110\" data-end=\"148\">configuration d\u2019un PC Bureau Gamer<\/strong>\u00a0d\u00e9signe l\u2019ensemble des\u00a0<strong data-start=\"172\" data-end=\"222\">composants mat\u00e9riels s\u00e9lectionn\u00e9s et assembl\u00e9s<\/strong>\u00a0pour cr\u00e9er un ordinateur de bureau performant, sp\u00e9cialement optimis\u00e9 pour les jeux vid\u00e9o.<\/p>\n<p class=\"\" data-start=\"316\" data-end=\"378\">Cette configuration comprend des \u00e9l\u00e9ments essentiels comme :<\/p>\n<ul data-start=\"379\" data-end=\"770\">\n<li class=\"\" data-start=\"379\" data-end=\"437\">\n<p class=\"\" data-start=\"381\" data-end=\"437\"><strong data-start=\"381\" data-end=\"404\">Le processeur (CPU)<\/strong> : pour la rapidit\u00e9 d\u2019ex\u00e9cution RYZEN 5 5600G 3.9GHZ<\/p>\n<\/li>\n<li class=\"\" data-start=\"438\" data-end=\"513\">\n<p class=\"\" data-start=\"440\" data-end=\"513\"><strong data-start=\"440\" data-end=\"468\">La carte graphique (GPU)<\/strong>\u00a0: pour des graphismes fluides et r\u00e9alistes intgr\u00e9<\/p>\n<\/li>\n<li class=\"\" data-start=\"514\" data-end=\"585\">\n<p class=\"\" data-start=\"516\" data-end=\"585\"><strong data-start=\"516\" data-end=\"541\">La m\u00e9moire vive (RAM)<\/strong> : pour assurer la fluidit\u00e9 pendant le jeu 8GB DDR 4 3200MHZ<\/p>\n<\/li>\n<li class=\"\" data-start=\"586\" data-end=\"657\">\n<p class=\"\" data-start=\"588\" data-end=\"657\"><strong data-start=\"588\" data-end=\"613\">Le stockage (SSD\/HDD)<\/strong>\u00a0: pour la rapidit\u00e9 de chargement des jeux 256GB SSD NVME M2 c900<\/p>\n<\/li>\n<li class=\"\" data-start=\"658\" data-end=\"723\">\n<p class=\"\" data-start=\"660\" data-end=\"723\"><strong data-start=\"660\" data-end=\"693\">Le syst\u00e8me de refroidissement<\/strong>\u00a0: pour \u00e9viter la surchauffe<\/p>\n<\/li>\n<li class=\"\" data-start=\"724\" data-end=\"770\">\n<p class=\"\" data-start=\"726\" data-end=\"770\"><strong data-start=\"726\" data-end=\"750\">L\u2019alimentation (PSU)<\/strong>\u00a0et le\u00a0<strong data-start=\"757\" data-end=\"768\">bo\u00eetier 350W ATOM V350\u00a0<\/strong><\/p>\n<\/li>\n<li data-start=\"724\" data-end=\"770\">BOITIER SPIRIT OF GAMER\u00a0 ATX<\/li>\n<\/ul>\n<\/div>\n<\/article>\n<\/div>\n<\/div>","protected":false},"excerpt":{"rendered":"<p>La\u00a0configuration d\u2019un PC Bureau Gamer\u00a0d\u00e9signe l\u2019ensemble des\u00a0composants mat\u00e9riels s\u00e9lectionn\u00e9s et assembl\u00e9s\u00a0pour cr\u00e9er un ordinateur de bureau performant, sp\u00e9cialement optimis\u00e9 pour les jeux vid\u00e9o. Cette configuration comprend des \u00e9l\u00e9ments essentiels comme : Le processeur (CPU) : pour la rapidit\u00e9 d\u2019ex\u00e9cution RYZEN 5 5600G 3.9GHZ La carte graphique (GPU)\u00a0: pour des graphismes fluides et r\u00e9alistes intgr\u00e9 La [&hellip;]<\/p>\n","protected":false},"featured_media":3050,"comment_status":"open","ping_status":"closed","template":"","meta":{"_monsterinsights_skip_tracking":false,"_monsterinsights_sitenote_active":false,"_monsterinsights_sitenote_note":"","_monsterinsights_sitenote_category":0},"product_brand":[],"product_cat":[786],"product_tag":[],"class_list":{"0":"post-3049","1":"product","2":"type-product","3":"status-publish","4":"has-post-thumbnail","6":"product_cat-pc-gamer-console","8":"first","9":"instock","10":"purchasable","11":"product-type-simple"},"yoast_head":"<!-- This site is optimized with the Yoast SEO plugin v27.4 - https:\/\/yoast.com\/product\/yoast-seo-wordpress\/ -->\n<title>UNITE GAMER RYZEN 5 5600G - mersatradedz<\/title>\n<meta name=\"robots\" content=\"index, follow, max-snippet:-1, max-image-preview:large, max-video-preview:-1\" \/>\n<link rel=\"canonical\" href=\"https:\/\/mersatradedz.com\/ar\/product\/unite-gamer-ryzen-5-5600g\/\" \/>\n<meta property=\"og:locale\" content=\"ar_AR\" \/>\n<meta property=\"og:type\" content=\"article\" \/>\n<meta property=\"og:title\" content=\"UNITE GAMER RYZEN 5 5600G - mersatradedz\" \/>\n<meta property=\"og:description\" content=\"La\u00a0configuration d\u2019un PC Bureau Gamer\u00a0d\u00e9signe l\u2019ensemble des\u00a0composants mat\u00e9riels s\u00e9lectionn\u00e9s et assembl\u00e9s\u00a0pour cr\u00e9er un ordinateur de bureau performant, sp\u00e9cialement optimis\u00e9 pour les jeux vid\u00e9o. Cette configuration comprend des \u00e9l\u00e9ments essentiels comme : Le processeur (CPU) : pour la rapidit\u00e9 d\u2019ex\u00e9cution RYZEN 5 5600G 3.9GHZ La carte graphique (GPU)\u00a0: pour des graphismes fluides et r\u00e9alistes intgr\u00e9 La [&hellip;]\" \/>\n<meta property=\"og:url\" content=\"https:\/\/mersatradedz.com\/ar\/product\/unite-gamer-ryzen-5-5600g\/\" \/>\n<meta property=\"og:site_name\" content=\"mersatradedz\" \/>\n<meta property=\"article:publisher\" content=\"https:\/\/www.facebook.com\/ntbidz\" \/>\n<meta property=\"article:modified_time\" content=\"2025-07-31T07:34:11+00:00\" \/>\n<meta property=\"og:image\" content=\"https:\/\/mersatradedz.com\/wp-content\/uploads\/2025\/03\/MERSA-GAMING-5-5600G.jpg\" \/>\n\t<meta property=\"og:image:width\" content=\"1080\" \/>\n\t<meta property=\"og:image:height\" content=\"1080\" \/>\n\t<meta property=\"og:image:type\" content=\"image\/jpeg\" \/>\n<meta name=\"twitter:card\" content=\"summary_large_image\" \/>\n<meta name=\"twitter:label1\" content=\"\u0648\u0642\u062a \u0627\u0644\u0642\u0631\u0627\u0621\u0629 \u0627\u0644\u0645\u064f\u0642\u062f\u0651\u0631\" \/>\n\t<meta name=\"twitter:data1\" content=\"\u062f\u0642\u064a\u0642\u0629 \u0648\u0627\u062d\u062f\u0629\" \/>\n<script type=\"application\/ld+json\" class=\"yoast-schema-graph\">{\"@context\":\"https:\\\/\\\/schema.org\",\"@graph\":[{\"@type\":\"WebPage\",\"@id\":\"https:\\\/\\\/mersatradedz.com\\\/product\\\/unite-gamer-ryzen-5-5600g\\\/\",\"url\":\"https:\\\/\\\/mersatradedz.com\\\/product\\\/unite-gamer-ryzen-5-5600g\\\/\",\"name\":\"UNITE GAMER RYZEN 5 5600G - mersatradedz\",\"isPartOf\":{\"@id\":\"https:\\\/\\\/mersatradedz.com\\\/#website\"},\"primaryImageOfPage\":{\"@id\":\"https:\\\/\\\/mersatradedz.com\\\/product\\\/unite-gamer-ryzen-5-5600g\\\/#primaryimage\"},\"image\":{\"@id\":\"https:\\\/\\\/mersatradedz.com\\\/product\\\/unite-gamer-ryzen-5-5600g\\\/#primaryimage\"},\"thumbnailUrl\":\"https:\\\/\\\/mersatradedz.com\\\/wp-content\\\/uploads\\\/2025\\\/03\\\/MERSA-GAMING-5-5600G.jpg\",\"datePublished\":\"2025-03-25T11:34:57+00:00\",\"dateModified\":\"2025-07-31T07:34:11+00:00\",\"breadcrumb\":{\"@id\":\"https:\\\/\\\/mersatradedz.com\\\/product\\\/unite-gamer-ryzen-5-5600g\\\/#breadcrumb\"},\"inLanguage\":\"ar\",\"potentialAction\":[{\"@type\":\"ReadAction\",\"target\":[\"https:\\\/\\\/mersatradedz.com\\\/product\\\/unite-gamer-ryzen-5-5600g\\\/\"]}]},{\"@type\":\"ImageObject\",\"inLanguage\":\"ar\",\"@id\":\"https:\\\/\\\/mersatradedz.com\\\/product\\\/unite-gamer-ryzen-5-5600g\\\/#primaryimage\",\"url\":\"https:\\\/\\\/mersatradedz.com\\\/wp-content\\\/uploads\\\/2025\\\/03\\\/MERSA-GAMING-5-5600G.jpg\",\"contentUrl\":\"https:\\\/\\\/mersatradedz.com\\\/wp-content\\\/uploads\\\/2025\\\/03\\\/MERSA-GAMING-5-5600G.jpg\",\"width\":1080,\"height\":1080},{\"@type\":\"BreadcrumbList\",\"@id\":\"https:\\\/\\\/mersatradedz.com\\\/product\\\/unite-gamer-ryzen-5-5600g\\\/#breadcrumb\",\"itemListElement\":[{\"@type\":\"ListItem\",\"position\":1,\"name\":\"Home\",\"item\":\"https:\\\/\\\/mersatradedz.com\\\/ar\\\/\"},{\"@type\":\"ListItem\",\"position\":2,\"name\":\"Boutique\",\"item\":\"https:\\\/\\\/mersatradedz.com\\\/shop\\\/\"},{\"@type\":\"ListItem\",\"position\":3,\"name\":\"UNITE GAMER RYZEN 5 5600G\"}]},{\"@type\":\"WebSite\",\"@id\":\"https:\\\/\\\/mersatradedz.com\\\/#website\",\"url\":\"https:\\\/\\\/mersatradedz.com\\\/\",\"name\":\"mersatradedz\",\"description\":\"\",\"publisher\":{\"@id\":\"https:\\\/\\\/mersatradedz.com\\\/#organization\"},\"potentialAction\":[{\"@type\":\"SearchAction\",\"target\":{\"@type\":\"EntryPoint\",\"urlTemplate\":\"https:\\\/\\\/mersatradedz.com\\\/?s={search_term_string}\"},\"query-input\":{\"@type\":\"PropertyValueSpecification\",\"valueRequired\":true,\"valueName\":\"search_term_string\"}}],\"inLanguage\":\"ar\"},{\"@type\":\"Organization\",\"@id\":\"https:\\\/\\\/mersatradedz.com\\\/#organization\",\"name\":\"mersa trade\",\"url\":\"https:\\\/\\\/mersatradedz.com\\\/\",\"logo\":{\"@type\":\"ImageObject\",\"inLanguage\":\"ar\",\"@id\":\"https:\\\/\\\/mersatradedz.com\\\/#\\\/schema\\\/logo\\\/image\\\/\",\"url\":\"https:\\\/\\\/mersatradedz.com\\\/wp-content\\\/uploads\\\/2023\\\/07\\\/cropped-1684191296456.jpg\",\"contentUrl\":\"https:\\\/\\\/mersatradedz.com\\\/wp-content\\\/uploads\\\/2023\\\/07\\\/cropped-1684191296456.jpg\",\"width\":1451,\"height\":955,\"caption\":\"mersa trade\"},\"image\":{\"@id\":\"https:\\\/\\\/mersatradedz.com\\\/#\\\/schema\\\/logo\\\/image\\\/\"},\"sameAs\":[\"https:\\\/\\\/www.facebook.com\\\/ntbidz\"]}]}<\/script>\n<!-- \/ Yoast SEO plugin. -->","yoast_head_json":{"title":"UNITE GAMER RYZEN 5 5600G - mersatradedz","robots":{"index":"index","follow":"follow","max-snippet":"max-snippet:-1","max-image-preview":"max-image-preview:large","max-video-preview":"max-video-preview:-1"},"canonical":"https:\/\/mersatradedz.com\/ar\/product\/unite-gamer-ryzen-5-5600g\/","og_locale":"ar_AR","og_type":"article","og_title":"UNITE GAMER RYZEN 5 5600G - mersatradedz","og_description":"La\u00a0configuration d\u2019un PC Bureau Gamer\u00a0d\u00e9signe l\u2019ensemble des\u00a0composants mat\u00e9riels s\u00e9lectionn\u00e9s et assembl\u00e9s\u00a0pour cr\u00e9er un ordinateur de bureau performant, sp\u00e9cialement optimis\u00e9 pour les jeux vid\u00e9o. Cette configuration comprend des \u00e9l\u00e9ments essentiels comme : Le processeur (CPU) : pour la rapidit\u00e9 d\u2019ex\u00e9cution RYZEN 5 5600G 3.9GHZ La carte graphique (GPU)\u00a0: pour des graphismes fluides et r\u00e9alistes intgr\u00e9 La [&hellip;]","og_url":"https:\/\/mersatradedz.com\/ar\/product\/unite-gamer-ryzen-5-5600g\/","og_site_name":"mersatradedz","article_publisher":"https:\/\/www.facebook.com\/ntbidz","article_modified_time":"2025-07-31T07:34:11+00:00","og_image":[{"width":1080,"height":1080,"url":"https:\/\/mersatradedz.com\/wp-content\/uploads\/2025\/03\/MERSA-GAMING-5-5600G.jpg","type":"image\/jpeg"}],"twitter_card":"summary_large_image","twitter_misc":{"\u0648\u0642\u062a \u0627\u0644\u0642\u0631\u0627\u0621\u0629 \u0627\u0644\u0645\u064f\u0642\u062f\u0651\u0631":"\u062f\u0642\u064a\u0642\u0629 \u0648\u0627\u062d\u062f\u0629"},"schema":{"@context":"https:\/\/schema.org","@graph":[{"@type":"WebPage","@id":"https:\/\/mersatradedz.com\/product\/unite-gamer-ryzen-5-5600g\/","url":"https:\/\/mersatradedz.com\/product\/unite-gamer-ryzen-5-5600g\/","name":"UNITE GAMER RYZEN 5 5600G - mersatradedz","isPartOf":{"@id":"https:\/\/mersatradedz.com\/#website"},"primaryImageOfPage":{"@id":"https:\/\/mersatradedz.com\/product\/unite-gamer-ryzen-5-5600g\/#primaryimage"},"image":{"@id":"https:\/\/mersatradedz.com\/product\/unite-gamer-ryzen-5-5600g\/#primaryimage"},"thumbnailUrl":"https:\/\/mersatradedz.com\/wp-content\/uploads\/2025\/03\/MERSA-GAMING-5-5600G.jpg","datePublished":"2025-03-25T11:34:57+00:00","dateModified":"2025-07-31T07:34:11+00:00","breadcrumb":{"@id":"https:\/\/mersatradedz.com\/product\/unite-gamer-ryzen-5-5600g\/#breadcrumb"},"inLanguage":"ar","potentialAction":[{"@type":"ReadAction","target":["https:\/\/mersatradedz.com\/product\/unite-gamer-ryzen-5-5600g\/"]}]},{"@type":"ImageObject","inLanguage":"ar","@id":"https:\/\/mersatradedz.com\/product\/unite-gamer-ryzen-5-5600g\/#primaryimage","url":"https:\/\/mersatradedz.com\/wp-content\/uploads\/2025\/03\/MERSA-GAMING-5-5600G.jpg","contentUrl":"https:\/\/mersatradedz.com\/wp-content\/uploads\/2025\/03\/MERSA-GAMING-5-5600G.jpg","width":1080,"height":1080},{"@type":"BreadcrumbList","@id":"https:\/\/mersatradedz.com\/product\/unite-gamer-ryzen-5-5600g\/#breadcrumb","itemListElement":[{"@type":"ListItem","position":1,"name":"Home","item":"https:\/\/mersatradedz.com\/ar\/"},{"@type":"ListItem","position":2,"name":"Boutique","item":"https:\/\/mersatradedz.com\/shop\/"},{"@type":"ListItem","position":3,"name":"UNITE GAMER RYZEN 5 5600G"}]},{"@type":"WebSite","@id":"https:\/\/mersatradedz.com\/#website","url":"https:\/\/mersatradedz.com\/","name":"mersatradedz","description":"","publisher":{"@id":"https:\/\/mersatradedz.com\/#organization"},"potentialAction":[{"@type":"SearchAction","target":{"@type":"EntryPoint","urlTemplate":"https:\/\/mersatradedz.com\/?s={search_term_string}"},"query-input":{"@type":"PropertyValueSpecification","valueRequired":true,"valueName":"search_term_string"}}],"inLanguage":"ar"},{"@type":"Organization","@id":"https:\/\/mersatradedz.com\/#organization","name":"mersa trade","url":"https:\/\/mersatradedz.com\/","logo":{"@type":"ImageObject","inLanguage":"ar","@id":"https:\/\/mersatradedz.com\/#\/schema\/logo\/image\/","url":"https:\/\/mersatradedz.com\/wp-content\/uploads\/2023\/07\/cropped-1684191296456.jpg","contentUrl":"https:\/\/mersatradedz.com\/wp-content\/uploads\/2023\/07\/cropped-1684191296456.jpg","width":1451,"height":955,"caption":"mersa trade"},"image":{"@id":"https:\/\/mersatradedz.com\/#\/schema\/logo\/image\/"},"sameAs":["https:\/\/www.facebook.com\/ntbidz"]}]}},"jetpack_sharing_enabled":true,"_links":{"self":[{"href":"https:\/\/mersatradedz.com\/ar\/wp-json\/wp\/v2\/product\/3049","targetHints":{"allow":["GET"]}}],"collection":[{"href":"https:\/\/mersatradedz.com\/ar\/wp-json\/wp\/v2\/product"}],"about":[{"href":"https:\/\/mersatradedz.com\/ar\/wp-json\/wp\/v2\/types\/product"}],"replies":[{"embeddable":true,"href":"https:\/\/mersatradedz.com\/ar\/wp-json\/wp\/v2\/comments?post=3049"}],"wp:featuredmedia":[{"embeddable":true,"href":"https:\/\/mersatradedz.com\/ar\/wp-json\/wp\/v2\/media\/3050"}],"wp:attachment":[{"href":"https:\/\/mersatradedz.com\/ar\/wp-json\/wp\/v2\/media?parent=3049"}],"wp:term":[{"taxonomy":"product_brand","embeddable":true,"href":"https:\/\/mersatradedz.com\/ar\/wp-json\/wp\/v2\/product_brand?post=3049"},{"taxonomy":"product_cat","embeddable":true,"href":"https:\/\/mersatradedz.com\/ar\/wp-json\/wp\/v2\/product_cat?post=3049"},{"taxonomy":"product_tag","embeddable":true,"href":"https:\/\/mersatradedz.com\/ar\/wp-json\/wp\/v2\/product_tag?post=3049"}],"curies":[{"name":"wp","href":"https:\/\/api.w.org\/{rel}","templated":true}]}}