{"id":3064,"date":"2025-03-25T14:35:11","date_gmt":"2025-03-25T13:35:11","guid":{"rendered":"https:\/\/mersatradedz.com\/?post_type=product&#038;p=3064"},"modified":"2025-07-31T08:29:28","modified_gmt":"2025-07-31T07:29:28","slug":"ecran-asus-tuf-vg249ql3a-24-ips-180hz-1ms-2hdmi-displayport","status":"publish","type":"product","link":"https:\/\/mersatradedz.com\/ar\/product\/ecran-asus-tuf-vg249ql3a-24-ips-180hz-1ms-2hdmi-displayport\/","title":{"rendered":"ECRAN ASUS TUF VG249QL3A 24&Prime; IPS 180HZ 1MS 2HDMI DISPLAYPORT"},"content":{"rendered":"<ul class=\"product-features__list\">\n<li class=\"product-features__item\">\n<h3 class=\"product-features__item-title\">Ecran<\/h3>\n<ul>\n<li class=\"product-features__item-content\"><span class=\"is--medium\">Taille :<\/span>\u00a024&Prime; (61 cm)<\/li>\n<li class=\"product-features__item-content\"><span class=\"is--medium\">Design :<\/span>\u00a0\u00e9cran plat<\/li>\n<li class=\"product-features__item-content\"><span class=\"is--medium\">R\u00e9solution :<\/span>\u00a01920 x 1080 pixels<\/li>\n<li class=\"product-features__item-content\"><span class=\"is--medium\">Le saviez vous ? :<\/span>\u00a0Les pixels conditionnent la qualit\u00e9 d&rsquo;image. Plus il y a de pixels, plus l&rsquo;image est riche en d\u00e9tails et r\u00e9alisme<\/li>\n<li class=\"product-features__item-content\"><span class=\"is--medium\">D\u00e9finition :<\/span>\u00a0Full HD<\/li>\n<li class=\"product-features__item-content\"><span class=\"is--medium\">Type de dalle :<\/span>\u00a0IPS : Id\u00e9al pour : Ceux pour qui la fid\u00e9lit\u00e9 des couleurs est primordiale. \u00c9galement la meilleure dalle pour ses angles de vision larges<\/li>\n<li class=\"product-features__item-content\"><span class=\"is--medium\">Format :<\/span>\u00a016\/9, le plus courant et convient \u00e0 toutes les situations<\/li>\n<li class=\"product-features__item-content\"><span class=\"is--medium\">Tactile :<\/span>\u00a0Non<\/li>\n<li class=\"product-features__item-content\"><span class=\"is--medium\">Webcam int\u00e9gr\u00e9e :<\/span>\u00a0Non<\/li>\n<\/ul>\n<\/li>\n<li class=\"product-features__item\">\n<h3 class=\"product-features__item-title\">Performance<\/h3>\n<ul>\n<li class=\"product-features__item-content\"><span class=\"is--medium\">Temps de r\u00e9ponse :<\/span>\u00a01 ms<\/li>\n<li class=\"product-features__item-content\"><span class=\"is--medium\">Le saviez vous ? :<\/span>\u00a0Plus le temps de r\u00e9ponse est bas, plus votre \u00e9cran passera d&rsquo;une image \u00e0 une autre rapidement<\/li>\n<li class=\"product-features__item-content\"><span class=\"is--medium\">Fr\u00e9quence de balayage :<\/span>\u00a0180 Hz<\/li>\n<li class=\"product-features__item-content\"><span class=\"is--medium\">L&rsquo;int\u00earet de la fr\u00e9quence de balayage :<\/span>\u00a0permet d&rsquo;obtenir un meilleur confort visuel. Plus cette valeur est \u00e9lev\u00e9e, meilleure l&rsquo;image sera car elle sera moins saccad\u00e9e.<\/li>\n<li class=\"product-features__item-content\"><span class=\"is--medium\">Luminosit\u00e9 :<\/span>\u00a0350 cd\/m\u00b2<\/li>\n<li class=\"product-features__item-content\"><span class=\"is--medium\">Information sur la luminosit\u00e9 :<\/span>\u00a0exprim\u00e9e en candela par m\u00e8tre carr\u00e9 (cd\/m2), plus cette valeur est \u00e9lev\u00e9e, plus l&rsquo;affichage est lumineux et visible<\/li>\n<li class=\"product-features__item-content\"><span class=\"is--medium\">Contraste :<\/span>\u00a01000:1<\/li>\n<li class=\"product-features__item-content\"><span class=\"is--medium\">Angle de vue (en degr\u00e9) :<\/span>\u00a0178 \u00b0<\/li>\n<\/ul>\n<\/li>\n<li class=\"product-features__item\">\n<h3 class=\"product-features__item-title\">Connectiques<\/h3>\n<ul>\n<li class=\"product-features__item-content\"><span class=\"is--medium\">HDMI 2.0 :<\/span>\u00a01<\/li>\n<li class=\"product-features__item-content\"><span class=\"is--medium\">DisplayPort :<\/span>\u00a01<\/li>\n<li class=\"product-features__item-content\"><span class=\"is--medium\">Connectique audio :<\/span>\u00a0Sortie casque<\/li>\n<\/ul>\n<\/li>\n<li class=\"product-features__item\">\n<h3 class=\"product-features__item-title\">Confort d&rsquo;utilisation et ergonomie<\/h3>\n<ul>\n<li class=\"product-features__item-content\"><span class=\"is--medium\">Anti reflets :<\/span>\u00a0Oui<\/li>\n<li class=\"product-features__item-content\"><span class=\"is--medium\">Filtre lumi\u00e8re bleue :<\/span>\u00a0oui, permet de r\u00e9duire la lumi\u00e8re n\u00e9faste pour les yeux sur le long terme et \u00eatre moins fatigu\u00e9<\/li>\n<li class=\"product-features__item-content\"><span class=\"is--medium\">Haut-parleurs int\u00e9gr\u00e9s :<\/span>\u00a02 x 2 Watts<\/li>\n<li class=\"product-features__item-content\"><span class=\"is--medium\">Mobilit\u00e9 :<\/span>\u00a0non<\/li>\n<li class=\"product-features__item-content\"><span class=\"is--medium\">Ecran inclinable :<\/span>\u00a0Oui<\/li>\n<li class=\"product-features__item-content\"><span class=\"is--medium\">Ecran pivotable en mode portrait :<\/span>\u00a0Oui<\/li>\n<li class=\"product-features__item-content\"><span class=\"is--medium\">Finition :<\/span>\u00a0avec bord<\/li>\n<li class=\"product-features__item-content\"><span class=\"is--medium\">Pied(s) ajustable(s) :<\/span>\u00a0oui permet de r\u00e9gler la hauteur et l&rsquo;inclinaison de l&rsquo;\u00e9cran<\/li>\n<\/ul>\n<\/li>\n<li class=\"product-features__item\">\n<h3 class=\"product-features__item-title\">Consommation<\/h3>\n<ul>\n<li class=\"product-features__item-content\"><span class=\"is--medium\">Le saviez vous :<\/span>\u00a0Boulanger se base sur une moyenne du co\u00fbt unitaire de 0,2062 \u20ac\/ KWh pour l&rsquo;\u00e9lectricit\u00e9 au tarif bleu EDF d&rsquo;un contrat de 6kVa ( tarifs au 1 mars 2023)<\/li>\n<li class=\"product-features__item-content\"><span class=\"is--medium\">Energie label :<\/span>\u00a0E<\/li>\n<li class=\"product-features__item-content\"><span class=\"is--medium\">Consommation en fonctionnement :<\/span>\u00a018 kWh<\/li>\n<li class=\"product-features__item-content\"><span class=\"is--medium\">Consommation en fonctionnement HDR x 1000h :<\/span>\u00a0100<\/li>\n<\/ul>\n<\/li>\n<li class=\"product-features__item\">\n<h3 class=\"product-features__item-title\">Contenu du carton<\/h3>\n<ul>\n<li class=\"product-features__item-content\"><span class=\"is--medium\">Contenu du carton :<\/span>\u00a0Guide d&rsquo;installation rapide, Cordon secteur, C\u00e2ble HDMI, Pied<\/li>\n<\/ul>\n<\/li>\n<li class=\"product-features__item\">\n<h3 class=\"product-features__item-title\">Dimensions<\/h3>\n<ul>\n<li class=\"product-features__item-content\"><span class=\"is--medium\">Dimensions sans pied L x h x p :<\/span>\u00a054.1 x 32.3 x 6.2 cm<\/li>\n<li class=\"product-features__item-content\"><span class=\"is--medium\">Dimensions avec pied L x h x p :<\/span>\u00a0NC x 52.2 x 20.8 cm<\/li>\n<li class=\"product-features__item-content\"><span class=\"is--medium\">Poids avec pied :<\/span>\u00a05,40 Kg<\/li>\n<\/ul>\n<\/li>\n<\/ul>","protected":false},"excerpt":{"rendered":"<p>Ecran Taille :\u00a024&Prime; (61 cm) Design :\u00a0\u00e9cran plat R\u00e9solution :\u00a01920 x 1080 pixels Le saviez vous ? :\u00a0Les pixels conditionnent la qualit\u00e9 d&rsquo;image. Plus il y a de pixels, plus l&rsquo;image est riche en d\u00e9tails et r\u00e9alisme D\u00e9finition :\u00a0Full HD Type de dalle :\u00a0IPS : Id\u00e9al pour : Ceux pour qui la fid\u00e9lit\u00e9 des couleurs [&hellip;]<\/p>\n","protected":false},"featured_media":3065,"comment_status":"open","ping_status":"closed","template":"","meta":{"_monsterinsights_skip_tracking":false,"_monsterinsights_sitenote_active":false,"_monsterinsights_sitenote_note":"","_monsterinsights_sitenote_category":0},"product_brand":[798],"product_cat":[724],"product_tag":[],"class_list":{"0":"post-3064","1":"product","2":"type-product","3":"status-publish","4":"has-post-thumbnail","6":"product_brand-asus","7":"product_cat-ecran-data-show","9":"first","10":"instock","11":"shipping-taxable","12":"purchasable","13":"product-type-simple"},"yoast_head":"<!-- This site is optimized with the Yoast SEO plugin v27.4 - https:\/\/yoast.com\/product\/yoast-seo-wordpress\/ -->\n<title>ECRAN ASUS TUF VG249QL3A 24&quot; IPS 180HZ 1MS 2HDMI DISPLAYPORT - mersatradedz<\/title>\n<meta name=\"robots\" content=\"index, follow, max-snippet:-1, max-image-preview:large, max-video-preview:-1\" \/>\n<link rel=\"canonical\" href=\"https:\/\/mersatradedz.com\/ar\/product\/ecran-asus-tuf-vg249ql3a-24-ips-180hz-1ms-2hdmi-displayport\/\" \/>\n<meta property=\"og:locale\" content=\"ar_AR\" \/>\n<meta property=\"og:type\" content=\"article\" \/>\n<meta property=\"og:title\" content=\"ECRAN ASUS TUF VG249QL3A 24&quot; IPS 180HZ 1MS 2HDMI DISPLAYPORT - mersatradedz\" \/>\n<meta property=\"og:description\" content=\"Ecran Taille :\u00a024&Prime; (61 cm) Design :\u00a0\u00e9cran plat R\u00e9solution :\u00a01920 x 1080 pixels Le saviez vous ? :\u00a0Les pixels conditionnent la qualit\u00e9 d&rsquo;image. Plus il y a de pixels, plus l&rsquo;image est riche en d\u00e9tails et r\u00e9alisme D\u00e9finition :\u00a0Full HD Type de dalle :\u00a0IPS : Id\u00e9al pour : Ceux pour qui la fid\u00e9lit\u00e9 des couleurs [&hellip;]\" \/>\n<meta property=\"og:url\" content=\"https:\/\/mersatradedz.com\/ar\/product\/ecran-asus-tuf-vg249ql3a-24-ips-180hz-1ms-2hdmi-displayport\/\" \/>\n<meta property=\"og:site_name\" content=\"mersatradedz\" \/>\n<meta property=\"article:publisher\" content=\"https:\/\/www.facebook.com\/ntbidz\" \/>\n<meta property=\"article:modified_time\" content=\"2025-07-31T07:29:28+00:00\" \/>\n<meta property=\"og:image\" content=\"https:\/\/mersatradedz.com\/wp-content\/uploads\/2025\/03\/asus-tuf-vg249ql3a-.jpg\" \/>\n\t<meta property=\"og:image:width\" content=\"500\" \/>\n\t<meta property=\"og:image:height\" content=\"700\" \/>\n\t<meta property=\"og:image:type\" content=\"image\/jpeg\" \/>\n<meta name=\"twitter:card\" content=\"summary_large_image\" \/>\n<meta name=\"twitter:label1\" content=\"\u0648\u0642\u062a \u0627\u0644\u0642\u0631\u0627\u0621\u0629 \u0627\u0644\u0645\u064f\u0642\u062f\u0651\u0631\" \/>\n\t<meta name=\"twitter:data1\" content=\"\u062f\u0642\u064a\u0642\u062a\u0627\u0646\" \/>\n<script type=\"application\/ld+json\" class=\"yoast-schema-graph\">{\"@context\":\"https:\\\/\\\/schema.org\",\"@graph\":[{\"@type\":\"WebPage\",\"@id\":\"https:\\\/\\\/mersatradedz.com\\\/product\\\/ecran-asus-tuf-vg249ql3a-24-ips-180hz-1ms-2hdmi-displayport\\\/\",\"url\":\"https:\\\/\\\/mersatradedz.com\\\/product\\\/ecran-asus-tuf-vg249ql3a-24-ips-180hz-1ms-2hdmi-displayport\\\/\",\"name\":\"ECRAN ASUS TUF VG249QL3A 24\\\" IPS 180HZ 1MS 2HDMI DISPLAYPORT - mersatradedz\",\"isPartOf\":{\"@id\":\"https:\\\/\\\/mersatradedz.com\\\/#website\"},\"primaryImageOfPage\":{\"@id\":\"https:\\\/\\\/mersatradedz.com\\\/product\\\/ecran-asus-tuf-vg249ql3a-24-ips-180hz-1ms-2hdmi-displayport\\\/#primaryimage\"},\"image\":{\"@id\":\"https:\\\/\\\/mersatradedz.com\\\/product\\\/ecran-asus-tuf-vg249ql3a-24-ips-180hz-1ms-2hdmi-displayport\\\/#primaryimage\"},\"thumbnailUrl\":\"https:\\\/\\\/mersatradedz.com\\\/wp-content\\\/uploads\\\/2025\\\/03\\\/asus-tuf-vg249ql3a-.jpg\",\"datePublished\":\"2025-03-25T13:35:11+00:00\",\"dateModified\":\"2025-07-31T07:29:28+00:00\",\"breadcrumb\":{\"@id\":\"https:\\\/\\\/mersatradedz.com\\\/product\\\/ecran-asus-tuf-vg249ql3a-24-ips-180hz-1ms-2hdmi-displayport\\\/#breadcrumb\"},\"inLanguage\":\"ar\",\"potentialAction\":[{\"@type\":\"ReadAction\",\"target\":[\"https:\\\/\\\/mersatradedz.com\\\/product\\\/ecran-asus-tuf-vg249ql3a-24-ips-180hz-1ms-2hdmi-displayport\\\/\"]}]},{\"@type\":\"ImageObject\",\"inLanguage\":\"ar\",\"@id\":\"https:\\\/\\\/mersatradedz.com\\\/product\\\/ecran-asus-tuf-vg249ql3a-24-ips-180hz-1ms-2hdmi-displayport\\\/#primaryimage\",\"url\":\"https:\\\/\\\/mersatradedz.com\\\/wp-content\\\/uploads\\\/2025\\\/03\\\/asus-tuf-vg249ql3a-.jpg\",\"contentUrl\":\"https:\\\/\\\/mersatradedz.com\\\/wp-content\\\/uploads\\\/2025\\\/03\\\/asus-tuf-vg249ql3a-.jpg\",\"width\":500,\"height\":700},{\"@type\":\"BreadcrumbList\",\"@id\":\"https:\\\/\\\/mersatradedz.com\\\/product\\\/ecran-asus-tuf-vg249ql3a-24-ips-180hz-1ms-2hdmi-displayport\\\/#breadcrumb\",\"itemListElement\":[{\"@type\":\"ListItem\",\"position\":1,\"name\":\"Home\",\"item\":\"https:\\\/\\\/mersatradedz.com\\\/ar\\\/\"},{\"@type\":\"ListItem\",\"position\":2,\"name\":\"Boutique\",\"item\":\"https:\\\/\\\/mersatradedz.com\\\/shop\\\/\"},{\"@type\":\"ListItem\",\"position\":3,\"name\":\"ECRAN ASUS TUF VG249QL3A 24&Prime; IPS 180HZ 1MS 2HDMI DISPLAYPORT\"}]},{\"@type\":\"WebSite\",\"@id\":\"https:\\\/\\\/mersatradedz.com\\\/#website\",\"url\":\"https:\\\/\\\/mersatradedz.com\\\/\",\"name\":\"mersatradedz\",\"description\":\"\",\"publisher\":{\"@id\":\"https:\\\/\\\/mersatradedz.com\\\/#organization\"},\"potentialAction\":[{\"@type\":\"SearchAction\",\"target\":{\"@type\":\"EntryPoint\",\"urlTemplate\":\"https:\\\/\\\/mersatradedz.com\\\/?s={search_term_string}\"},\"query-input\":{\"@type\":\"PropertyValueSpecification\",\"valueRequired\":true,\"valueName\":\"search_term_string\"}}],\"inLanguage\":\"ar\"},{\"@type\":\"Organization\",\"@id\":\"https:\\\/\\\/mersatradedz.com\\\/#organization\",\"name\":\"mersa trade\",\"url\":\"https:\\\/\\\/mersatradedz.com\\\/\",\"logo\":{\"@type\":\"ImageObject\",\"inLanguage\":\"ar\",\"@id\":\"https:\\\/\\\/mersatradedz.com\\\/#\\\/schema\\\/logo\\\/image\\\/\",\"url\":\"https:\\\/\\\/mersatradedz.com\\\/wp-content\\\/uploads\\\/2023\\\/07\\\/cropped-1684191296456.jpg\",\"contentUrl\":\"https:\\\/\\\/mersatradedz.com\\\/wp-content\\\/uploads\\\/2023\\\/07\\\/cropped-1684191296456.jpg\",\"width\":1451,\"height\":955,\"caption\":\"mersa trade\"},\"image\":{\"@id\":\"https:\\\/\\\/mersatradedz.com\\\/#\\\/schema\\\/logo\\\/image\\\/\"},\"sameAs\":[\"https:\\\/\\\/www.facebook.com\\\/ntbidz\"]}]}<\/script>\n<!-- \/ Yoast SEO plugin. -->","yoast_head_json":{"title":"ECRAN ASUS TUF VG249QL3A 24\" IPS 180HZ 1MS 2HDMI DISPLAYPORT - mersatradedz","robots":{"index":"index","follow":"follow","max-snippet":"max-snippet:-1","max-image-preview":"max-image-preview:large","max-video-preview":"max-video-preview:-1"},"canonical":"https:\/\/mersatradedz.com\/ar\/product\/ecran-asus-tuf-vg249ql3a-24-ips-180hz-1ms-2hdmi-displayport\/","og_locale":"ar_AR","og_type":"article","og_title":"ECRAN ASUS TUF VG249QL3A 24\" IPS 180HZ 1MS 2HDMI DISPLAYPORT - mersatradedz","og_description":"Ecran Taille :\u00a024&Prime; (61 cm) Design :\u00a0\u00e9cran plat R\u00e9solution :\u00a01920 x 1080 pixels Le saviez vous ? :\u00a0Les pixels conditionnent la qualit\u00e9 d&rsquo;image. Plus il y a de pixels, plus l&rsquo;image est riche en d\u00e9tails et r\u00e9alisme D\u00e9finition :\u00a0Full HD Type de dalle :\u00a0IPS : Id\u00e9al pour : Ceux pour qui la fid\u00e9lit\u00e9 des couleurs [&hellip;]","og_url":"https:\/\/mersatradedz.com\/ar\/product\/ecran-asus-tuf-vg249ql3a-24-ips-180hz-1ms-2hdmi-displayport\/","og_site_name":"mersatradedz","article_publisher":"https:\/\/www.facebook.com\/ntbidz","article_modified_time":"2025-07-31T07:29:28+00:00","og_image":[{"width":500,"height":700,"url":"https:\/\/mersatradedz.com\/wp-content\/uploads\/2025\/03\/asus-tuf-vg249ql3a-.jpg","type":"image\/jpeg"}],"twitter_card":"summary_large_image","twitter_misc":{"\u0648\u0642\u062a \u0627\u0644\u0642\u0631\u0627\u0621\u0629 \u0627\u0644\u0645\u064f\u0642\u062f\u0651\u0631":"\u062f\u0642\u064a\u0642\u062a\u0627\u0646"},"schema":{"@context":"https:\/\/schema.org","@graph":[{"@type":"WebPage","@id":"https:\/\/mersatradedz.com\/product\/ecran-asus-tuf-vg249ql3a-24-ips-180hz-1ms-2hdmi-displayport\/","url":"https:\/\/mersatradedz.com\/product\/ecran-asus-tuf-vg249ql3a-24-ips-180hz-1ms-2hdmi-displayport\/","name":"ECRAN ASUS TUF VG249QL3A 24\" IPS 180HZ 1MS 2HDMI DISPLAYPORT - mersatradedz","isPartOf":{"@id":"https:\/\/mersatradedz.com\/#website"},"primaryImageOfPage":{"@id":"https:\/\/mersatradedz.com\/product\/ecran-asus-tuf-vg249ql3a-24-ips-180hz-1ms-2hdmi-displayport\/#primaryimage"},"image":{"@id":"https:\/\/mersatradedz.com\/product\/ecran-asus-tuf-vg249ql3a-24-ips-180hz-1ms-2hdmi-displayport\/#primaryimage"},"thumbnailUrl":"https:\/\/mersatradedz.com\/wp-content\/uploads\/2025\/03\/asus-tuf-vg249ql3a-.jpg","datePublished":"2025-03-25T13:35:11+00:00","dateModified":"2025-07-31T07:29:28+00:00","breadcrumb":{"@id":"https:\/\/mersatradedz.com\/product\/ecran-asus-tuf-vg249ql3a-24-ips-180hz-1ms-2hdmi-displayport\/#breadcrumb"},"inLanguage":"ar","potentialAction":[{"@type":"ReadAction","target":["https:\/\/mersatradedz.com\/product\/ecran-asus-tuf-vg249ql3a-24-ips-180hz-1ms-2hdmi-displayport\/"]}]},{"@type":"ImageObject","inLanguage":"ar","@id":"https:\/\/mersatradedz.com\/product\/ecran-asus-tuf-vg249ql3a-24-ips-180hz-1ms-2hdmi-displayport\/#primaryimage","url":"https:\/\/mersatradedz.com\/wp-content\/uploads\/2025\/03\/asus-tuf-vg249ql3a-.jpg","contentUrl":"https:\/\/mersatradedz.com\/wp-content\/uploads\/2025\/03\/asus-tuf-vg249ql3a-.jpg","width":500,"height":700},{"@type":"BreadcrumbList","@id":"https:\/\/mersatradedz.com\/product\/ecran-asus-tuf-vg249ql3a-24-ips-180hz-1ms-2hdmi-displayport\/#breadcrumb","itemListElement":[{"@type":"ListItem","position":1,"name":"Home","item":"https:\/\/mersatradedz.com\/ar\/"},{"@type":"ListItem","position":2,"name":"Boutique","item":"https:\/\/mersatradedz.com\/shop\/"},{"@type":"ListItem","position":3,"name":"ECRAN ASUS TUF VG249QL3A 24&Prime; IPS 180HZ 1MS 2HDMI DISPLAYPORT"}]},{"@type":"WebSite","@id":"https:\/\/mersatradedz.com\/#website","url":"https:\/\/mersatradedz.com\/","name":"mersatradedz","description":"","publisher":{"@id":"https:\/\/mersatradedz.com\/#organization"},"potentialAction":[{"@type":"SearchAction","target":{"@type":"EntryPoint","urlTemplate":"https:\/\/mersatradedz.com\/?s={search_term_string}"},"query-input":{"@type":"PropertyValueSpecification","valueRequired":true,"valueName":"search_term_string"}}],"inLanguage":"ar"},{"@type":"Organization","@id":"https:\/\/mersatradedz.com\/#organization","name":"mersa trade","url":"https:\/\/mersatradedz.com\/","logo":{"@type":"ImageObject","inLanguage":"ar","@id":"https:\/\/mersatradedz.com\/#\/schema\/logo\/image\/","url":"https:\/\/mersatradedz.com\/wp-content\/uploads\/2023\/07\/cropped-1684191296456.jpg","contentUrl":"https:\/\/mersatradedz.com\/wp-content\/uploads\/2023\/07\/cropped-1684191296456.jpg","width":1451,"height":955,"caption":"mersa trade"},"image":{"@id":"https:\/\/mersatradedz.com\/#\/schema\/logo\/image\/"},"sameAs":["https:\/\/www.facebook.com\/ntbidz"]}]}},"jetpack_sharing_enabled":true,"_links":{"self":[{"href":"https:\/\/mersatradedz.com\/ar\/wp-json\/wp\/v2\/product\/3064","targetHints":{"allow":["GET"]}}],"collection":[{"href":"https:\/\/mersatradedz.com\/ar\/wp-json\/wp\/v2\/product"}],"about":[{"href":"https:\/\/mersatradedz.com\/ar\/wp-json\/wp\/v2\/types\/product"}],"replies":[{"embeddable":true,"href":"https:\/\/mersatradedz.com\/ar\/wp-json\/wp\/v2\/comments?post=3064"}],"wp:featuredmedia":[{"embeddable":true,"href":"https:\/\/mersatradedz.com\/ar\/wp-json\/wp\/v2\/media\/3065"}],"wp:attachment":[{"href":"https:\/\/mersatradedz.com\/ar\/wp-json\/wp\/v2\/media?parent=3064"}],"wp:term":[{"taxonomy":"product_brand","embeddable":true,"href":"https:\/\/mersatradedz.com\/ar\/wp-json\/wp\/v2\/product_brand?post=3064"},{"taxonomy":"product_cat","embeddable":true,"href":"https:\/\/mersatradedz.com\/ar\/wp-json\/wp\/v2\/product_cat?post=3064"},{"taxonomy":"product_tag","embeddable":true,"href":"https:\/\/mersatradedz.com\/ar\/wp-json\/wp\/v2\/product_tag?post=3064"}],"curies":[{"name":"wp","href":"https:\/\/api.w.org\/{rel}","templated":true}]}}