{"id":3100,"date":"2025-04-10T12:57:04","date_gmt":"2025-04-10T11:57:04","guid":{"rendered":"https:\/\/mersatradedz.com\/?post_type=product&#038;p=3100"},"modified":"2025-07-31T08:31:18","modified_gmt":"2025-07-31T07:31:18","slug":"ecran-asus-tuf-vg27ql3b-27%e2%80%b3-ips-180hz-1ms-2hdmi-displayport-curved","status":"publish","type":"product","link":"https:\/\/mersatradedz.com\/ar\/product\/ecran-asus-tuf-vg27ql3b-27%e2%80%b3-ips-180hz-1ms-2hdmi-displayport-curved\/","title":{"rendered":"ECRAN ASUS TUF VG27QL3B 27\u2033 IPS 180HZ 1MS 2HDMI DISPLAYPORT CURVED"},"content":{"rendered":"<ul>\n<li class=\"product-features__item-content\"><span class=\"is--medium\">Taille :<\/span> 27\u2033 (61 cm)<\/li>\n<li class=\"product-features__item-content\"><span class=\"is--medium\">Design :<\/span>\u00a0\u00e9cran plat<\/li>\n<li class=\"product-features__item-content\"><span class=\"is--medium\">R\u00e9solution :<\/span>\u00a01920 x 1080 pixels<\/li>\n<li class=\"product-features__item-content\"><span class=\"is--medium\">Le saviez vous ? :<\/span>\u00a0Les pixels conditionnent la qualit\u00e9 d\u2019image. Plus il y a de pixels, plus l\u2019image est riche en d\u00e9tails et r\u00e9alisme<\/li>\n<li class=\"product-features__item-content\"><span class=\"is--medium\">D\u00e9finition :<\/span>\u00a0Full HD<\/li>\n<li class=\"product-features__item-content\"><span class=\"is--medium\">Type de dalle :<\/span>\u00a0IPS : Id\u00e9al pour : Ceux pour qui la fid\u00e9lit\u00e9 des couleurs est primordiale. \u00c9galement la meilleure dalle pour ses angles de vision larges<\/li>\n<li class=\"product-features__item-content\"><span class=\"is--medium\">Format :<\/span>\u00a016\/9, le plus courant et convient \u00e0 toutes les situations<\/li>\n<li class=\"product-features__item-content\"><span class=\"is--medium\">Tactile :<\/span>\u00a0Non<\/li>\n<li class=\"product-features__item-content\"><span class=\"is--medium\">Webcam int\u00e9gr\u00e9e :<\/span>\u00a0Non<\/li>\n<\/ul>","protected":false},"excerpt":{"rendered":"<p>Taille : 27\u2033 (61 cm) Design :\u00a0\u00e9cran plat R\u00e9solution :\u00a01920 x 1080 pixels Le saviez vous ? :\u00a0Les pixels conditionnent la qualit\u00e9 d\u2019image. Plus il y a de pixels, plus l\u2019image est riche en d\u00e9tails et r\u00e9alisme D\u00e9finition :\u00a0Full HD Type de dalle :\u00a0IPS : Id\u00e9al pour : Ceux pour qui la fid\u00e9lit\u00e9 des couleurs [&hellip;]<\/p>\n","protected":false},"featured_media":3101,"comment_status":"open","ping_status":"closed","template":"","meta":{"_monsterinsights_skip_tracking":false,"_monsterinsights_sitenote_active":false,"_monsterinsights_sitenote_note":"","_monsterinsights_sitenote_category":0},"product_brand":[],"product_cat":[779,724],"product_tag":[],"class_list":{"0":"post-3100","1":"product","2":"type-product","3":"status-publish","4":"has-post-thumbnail","6":"product_cat-accessoir-gaming","7":"product_cat-ecran-data-show","9":"first","10":"instock","11":"shipping-taxable","12":"purchasable","13":"product-type-simple"},"yoast_head":"<!-- This site is optimized with the Yoast SEO plugin v27.4 - https:\/\/yoast.com\/product\/yoast-seo-wordpress\/ -->\n<title>ECRAN ASUS TUF VG27QL3B 27\u2033 IPS 180HZ 1MS 2HDMI DISPLAYPORT CURVED - mersatradedz<\/title>\n<meta name=\"robots\" content=\"index, follow, max-snippet:-1, max-image-preview:large, max-video-preview:-1\" \/>\n<link rel=\"canonical\" href=\"https:\/\/mersatradedz.com\/ar\/product\/ecran-asus-tuf-vg27ql3b-27\u2033-ips-180hz-1ms-2hdmi-displayport-curved\/\" \/>\n<meta property=\"og:locale\" content=\"ar_AR\" \/>\n<meta property=\"og:type\" content=\"article\" \/>\n<meta property=\"og:title\" content=\"ECRAN ASUS TUF VG27QL3B 27\u2033 IPS 180HZ 1MS 2HDMI DISPLAYPORT CURVED - mersatradedz\" \/>\n<meta property=\"og:description\" content=\"Taille : 27\u2033 (61 cm) Design :\u00a0\u00e9cran plat R\u00e9solution :\u00a01920 x 1080 pixels Le saviez vous ? :\u00a0Les pixels conditionnent la qualit\u00e9 d\u2019image. Plus il y a de pixels, plus l\u2019image est riche en d\u00e9tails et r\u00e9alisme D\u00e9finition :\u00a0Full HD Type de dalle :\u00a0IPS : Id\u00e9al pour : Ceux pour qui la fid\u00e9lit\u00e9 des couleurs [&hellip;]\" \/>\n<meta property=\"og:url\" content=\"https:\/\/mersatradedz.com\/ar\/product\/ecran-asus-tuf-vg27ql3b-27\u2033-ips-180hz-1ms-2hdmi-displayport-curved\/\" \/>\n<meta property=\"og:site_name\" content=\"mersatradedz\" \/>\n<meta property=\"article:publisher\" content=\"https:\/\/www.facebook.com\/ntbidz\" \/>\n<meta property=\"article:modified_time\" content=\"2025-07-31T07:31:18+00:00\" \/>\n<meta property=\"og:image\" content=\"https:\/\/mersatradedz.com\/wp-content\/uploads\/2025\/04\/ECRAN-ASUS-27.jpg\" \/>\n\t<meta property=\"og:image:width\" content=\"1080\" \/>\n\t<meta property=\"og:image:height\" content=\"1080\" \/>\n\t<meta property=\"og:image:type\" content=\"image\/jpeg\" \/>\n<meta name=\"twitter:card\" content=\"summary_large_image\" \/>\n<script type=\"application\/ld+json\" class=\"yoast-schema-graph\">{\"@context\":\"https:\\\/\\\/schema.org\",\"@graph\":[{\"@type\":\"WebPage\",\"@id\":\"https:\\\/\\\/mersatradedz.com\\\/product\\\/ecran-asus-tuf-vg27ql3b-27%e2%80%b3-ips-180hz-1ms-2hdmi-displayport-curved\\\/\",\"url\":\"https:\\\/\\\/mersatradedz.com\\\/product\\\/ecran-asus-tuf-vg27ql3b-27%e2%80%b3-ips-180hz-1ms-2hdmi-displayport-curved\\\/\",\"name\":\"ECRAN ASUS TUF VG27QL3B 27\u2033 IPS 180HZ 1MS 2HDMI DISPLAYPORT CURVED - mersatradedz\",\"isPartOf\":{\"@id\":\"https:\\\/\\\/mersatradedz.com\\\/#website\"},\"primaryImageOfPage\":{\"@id\":\"https:\\\/\\\/mersatradedz.com\\\/product\\\/ecran-asus-tuf-vg27ql3b-27%e2%80%b3-ips-180hz-1ms-2hdmi-displayport-curved\\\/#primaryimage\"},\"image\":{\"@id\":\"https:\\\/\\\/mersatradedz.com\\\/product\\\/ecran-asus-tuf-vg27ql3b-27%e2%80%b3-ips-180hz-1ms-2hdmi-displayport-curved\\\/#primaryimage\"},\"thumbnailUrl\":\"https:\\\/\\\/mersatradedz.com\\\/wp-content\\\/uploads\\\/2025\\\/04\\\/ECRAN-ASUS-27.jpg\",\"datePublished\":\"2025-04-10T11:57:04+00:00\",\"dateModified\":\"2025-07-31T07:31:18+00:00\",\"breadcrumb\":{\"@id\":\"https:\\\/\\\/mersatradedz.com\\\/product\\\/ecran-asus-tuf-vg27ql3b-27%e2%80%b3-ips-180hz-1ms-2hdmi-displayport-curved\\\/#breadcrumb\"},\"inLanguage\":\"ar\",\"potentialAction\":[{\"@type\":\"ReadAction\",\"target\":[\"https:\\\/\\\/mersatradedz.com\\\/product\\\/ecran-asus-tuf-vg27ql3b-27%e2%80%b3-ips-180hz-1ms-2hdmi-displayport-curved\\\/\"]}]},{\"@type\":\"ImageObject\",\"inLanguage\":\"ar\",\"@id\":\"https:\\\/\\\/mersatradedz.com\\\/product\\\/ecran-asus-tuf-vg27ql3b-27%e2%80%b3-ips-180hz-1ms-2hdmi-displayport-curved\\\/#primaryimage\",\"url\":\"https:\\\/\\\/mersatradedz.com\\\/wp-content\\\/uploads\\\/2025\\\/04\\\/ECRAN-ASUS-27.jpg\",\"contentUrl\":\"https:\\\/\\\/mersatradedz.com\\\/wp-content\\\/uploads\\\/2025\\\/04\\\/ECRAN-ASUS-27.jpg\",\"width\":1080,\"height\":1080},{\"@type\":\"BreadcrumbList\",\"@id\":\"https:\\\/\\\/mersatradedz.com\\\/product\\\/ecran-asus-tuf-vg27ql3b-27%e2%80%b3-ips-180hz-1ms-2hdmi-displayport-curved\\\/#breadcrumb\",\"itemListElement\":[{\"@type\":\"ListItem\",\"position\":1,\"name\":\"Home\",\"item\":\"https:\\\/\\\/mersatradedz.com\\\/ar\\\/\"},{\"@type\":\"ListItem\",\"position\":2,\"name\":\"Boutique\",\"item\":\"https:\\\/\\\/mersatradedz.com\\\/shop\\\/\"},{\"@type\":\"ListItem\",\"position\":3,\"name\":\"ECRAN ASUS TUF VG27QL3B 27\u2033 IPS 180HZ 1MS 2HDMI DISPLAYPORT CURVED\"}]},{\"@type\":\"WebSite\",\"@id\":\"https:\\\/\\\/mersatradedz.com\\\/#website\",\"url\":\"https:\\\/\\\/mersatradedz.com\\\/\",\"name\":\"mersatradedz\",\"description\":\"\",\"publisher\":{\"@id\":\"https:\\\/\\\/mersatradedz.com\\\/#organization\"},\"potentialAction\":[{\"@type\":\"SearchAction\",\"target\":{\"@type\":\"EntryPoint\",\"urlTemplate\":\"https:\\\/\\\/mersatradedz.com\\\/?s={search_term_string}\"},\"query-input\":{\"@type\":\"PropertyValueSpecification\",\"valueRequired\":true,\"valueName\":\"search_term_string\"}}],\"inLanguage\":\"ar\"},{\"@type\":\"Organization\",\"@id\":\"https:\\\/\\\/mersatradedz.com\\\/#organization\",\"name\":\"mersa trade\",\"url\":\"https:\\\/\\\/mersatradedz.com\\\/\",\"logo\":{\"@type\":\"ImageObject\",\"inLanguage\":\"ar\",\"@id\":\"https:\\\/\\\/mersatradedz.com\\\/#\\\/schema\\\/logo\\\/image\\\/\",\"url\":\"https:\\\/\\\/mersatradedz.com\\\/wp-content\\\/uploads\\\/2023\\\/07\\\/cropped-1684191296456.jpg\",\"contentUrl\":\"https:\\\/\\\/mersatradedz.com\\\/wp-content\\\/uploads\\\/2023\\\/07\\\/cropped-1684191296456.jpg\",\"width\":1451,\"height\":955,\"caption\":\"mersa trade\"},\"image\":{\"@id\":\"https:\\\/\\\/mersatradedz.com\\\/#\\\/schema\\\/logo\\\/image\\\/\"},\"sameAs\":[\"https:\\\/\\\/www.facebook.com\\\/ntbidz\"]}]}<\/script>\n<!-- \/ Yoast SEO plugin. -->","yoast_head_json":{"title":"ECRAN ASUS TUF VG27QL3B 27\u2033 IPS 180HZ 1MS 2HDMI DISPLAYPORT CURVED - mersatradedz","robots":{"index":"index","follow":"follow","max-snippet":"max-snippet:-1","max-image-preview":"max-image-preview:large","max-video-preview":"max-video-preview:-1"},"canonical":"https:\/\/mersatradedz.com\/ar\/product\/ecran-asus-tuf-vg27ql3b-27\u2033-ips-180hz-1ms-2hdmi-displayport-curved\/","og_locale":"ar_AR","og_type":"article","og_title":"ECRAN ASUS TUF VG27QL3B 27\u2033 IPS 180HZ 1MS 2HDMI DISPLAYPORT CURVED - mersatradedz","og_description":"Taille : 27\u2033 (61 cm) Design :\u00a0\u00e9cran plat R\u00e9solution :\u00a01920 x 1080 pixels Le saviez vous ? :\u00a0Les pixels conditionnent la qualit\u00e9 d\u2019image. Plus il y a de pixels, plus l\u2019image est riche en d\u00e9tails et r\u00e9alisme D\u00e9finition :\u00a0Full HD Type de dalle :\u00a0IPS : Id\u00e9al pour : Ceux pour qui la fid\u00e9lit\u00e9 des couleurs [&hellip;]","og_url":"https:\/\/mersatradedz.com\/ar\/product\/ecran-asus-tuf-vg27ql3b-27\u2033-ips-180hz-1ms-2hdmi-displayport-curved\/","og_site_name":"mersatradedz","article_publisher":"https:\/\/www.facebook.com\/ntbidz","article_modified_time":"2025-07-31T07:31:18+00:00","og_image":[{"width":1080,"height":1080,"url":"https:\/\/mersatradedz.com\/wp-content\/uploads\/2025\/04\/ECRAN-ASUS-27.jpg","type":"image\/jpeg"}],"twitter_card":"summary_large_image","schema":{"@context":"https:\/\/schema.org","@graph":[{"@type":"WebPage","@id":"https:\/\/mersatradedz.com\/product\/ecran-asus-tuf-vg27ql3b-27%e2%80%b3-ips-180hz-1ms-2hdmi-displayport-curved\/","url":"https:\/\/mersatradedz.com\/product\/ecran-asus-tuf-vg27ql3b-27%e2%80%b3-ips-180hz-1ms-2hdmi-displayport-curved\/","name":"ECRAN ASUS TUF VG27QL3B 27\u2033 IPS 180HZ 1MS 2HDMI DISPLAYPORT CURVED - mersatradedz","isPartOf":{"@id":"https:\/\/mersatradedz.com\/#website"},"primaryImageOfPage":{"@id":"https:\/\/mersatradedz.com\/product\/ecran-asus-tuf-vg27ql3b-27%e2%80%b3-ips-180hz-1ms-2hdmi-displayport-curved\/#primaryimage"},"image":{"@id":"https:\/\/mersatradedz.com\/product\/ecran-asus-tuf-vg27ql3b-27%e2%80%b3-ips-180hz-1ms-2hdmi-displayport-curved\/#primaryimage"},"thumbnailUrl":"https:\/\/mersatradedz.com\/wp-content\/uploads\/2025\/04\/ECRAN-ASUS-27.jpg","datePublished":"2025-04-10T11:57:04+00:00","dateModified":"2025-07-31T07:31:18+00:00","breadcrumb":{"@id":"https:\/\/mersatradedz.com\/product\/ecran-asus-tuf-vg27ql3b-27%e2%80%b3-ips-180hz-1ms-2hdmi-displayport-curved\/#breadcrumb"},"inLanguage":"ar","potentialAction":[{"@type":"ReadAction","target":["https:\/\/mersatradedz.com\/product\/ecran-asus-tuf-vg27ql3b-27%e2%80%b3-ips-180hz-1ms-2hdmi-displayport-curved\/"]}]},{"@type":"ImageObject","inLanguage":"ar","@id":"https:\/\/mersatradedz.com\/product\/ecran-asus-tuf-vg27ql3b-27%e2%80%b3-ips-180hz-1ms-2hdmi-displayport-curved\/#primaryimage","url":"https:\/\/mersatradedz.com\/wp-content\/uploads\/2025\/04\/ECRAN-ASUS-27.jpg","contentUrl":"https:\/\/mersatradedz.com\/wp-content\/uploads\/2025\/04\/ECRAN-ASUS-27.jpg","width":1080,"height":1080},{"@type":"BreadcrumbList","@id":"https:\/\/mersatradedz.com\/product\/ecran-asus-tuf-vg27ql3b-27%e2%80%b3-ips-180hz-1ms-2hdmi-displayport-curved\/#breadcrumb","itemListElement":[{"@type":"ListItem","position":1,"name":"Home","item":"https:\/\/mersatradedz.com\/ar\/"},{"@type":"ListItem","position":2,"name":"Boutique","item":"https:\/\/mersatradedz.com\/shop\/"},{"@type":"ListItem","position":3,"name":"ECRAN ASUS TUF VG27QL3B 27\u2033 IPS 180HZ 1MS 2HDMI DISPLAYPORT CURVED"}]},{"@type":"WebSite","@id":"https:\/\/mersatradedz.com\/#website","url":"https:\/\/mersatradedz.com\/","name":"mersatradedz","description":"","publisher":{"@id":"https:\/\/mersatradedz.com\/#organization"},"potentialAction":[{"@type":"SearchAction","target":{"@type":"EntryPoint","urlTemplate":"https:\/\/mersatradedz.com\/?s={search_term_string}"},"query-input":{"@type":"PropertyValueSpecification","valueRequired":true,"valueName":"search_term_string"}}],"inLanguage":"ar"},{"@type":"Organization","@id":"https:\/\/mersatradedz.com\/#organization","name":"mersa trade","url":"https:\/\/mersatradedz.com\/","logo":{"@type":"ImageObject","inLanguage":"ar","@id":"https:\/\/mersatradedz.com\/#\/schema\/logo\/image\/","url":"https:\/\/mersatradedz.com\/wp-content\/uploads\/2023\/07\/cropped-1684191296456.jpg","contentUrl":"https:\/\/mersatradedz.com\/wp-content\/uploads\/2023\/07\/cropped-1684191296456.jpg","width":1451,"height":955,"caption":"mersa trade"},"image":{"@id":"https:\/\/mersatradedz.com\/#\/schema\/logo\/image\/"},"sameAs":["https:\/\/www.facebook.com\/ntbidz"]}]}},"jetpack_sharing_enabled":true,"_links":{"self":[{"href":"https:\/\/mersatradedz.com\/ar\/wp-json\/wp\/v2\/product\/3100","targetHints":{"allow":["GET"]}}],"collection":[{"href":"https:\/\/mersatradedz.com\/ar\/wp-json\/wp\/v2\/product"}],"about":[{"href":"https:\/\/mersatradedz.com\/ar\/wp-json\/wp\/v2\/types\/product"}],"replies":[{"embeddable":true,"href":"https:\/\/mersatradedz.com\/ar\/wp-json\/wp\/v2\/comments?post=3100"}],"wp:featuredmedia":[{"embeddable":true,"href":"https:\/\/mersatradedz.com\/ar\/wp-json\/wp\/v2\/media\/3101"}],"wp:attachment":[{"href":"https:\/\/mersatradedz.com\/ar\/wp-json\/wp\/v2\/media?parent=3100"}],"wp:term":[{"taxonomy":"product_brand","embeddable":true,"href":"https:\/\/mersatradedz.com\/ar\/wp-json\/wp\/v2\/product_brand?post=3100"},{"taxonomy":"product_cat","embeddable":true,"href":"https:\/\/mersatradedz.com\/ar\/wp-json\/wp\/v2\/product_cat?post=3100"},{"taxonomy":"product_tag","embeddable":true,"href":"https:\/\/mersatradedz.com\/ar\/wp-json\/wp\/v2\/product_tag?post=3100"}],"curies":[{"name":"wp","href":"https:\/\/api.w.org\/{rel}","templated":true}]}}