{"id":3151,"date":"2025-05-14T10:47:52","date_gmt":"2025-05-14T09:47:52","guid":{"rendered":"https:\/\/mersatradedz.com\/product\/projecteur-lcd-dt-rxw40\/"},"modified":"2025-11-19T11:44:44","modified_gmt":"2025-11-19T10:44:44","slug":"projecteur-lcd-dt-rxw40","status":"publish","type":"product","link":"https:\/\/mersatradedz.com\/ar\/product\/projecteur-lcd-dt-rxw40\/","title":{"rendered":"Data Show ROXA DT-RXW40"},"content":{"rendered":"<h3><strong><strong>Projecteur ROXA<\/strong><\/strong> <strong>DT-RXW40 4000 Lumens HDMI USB<\/strong><\/h3>\n<h3><strong>Projecteur Multifonction<\/strong><\/h3>\n<p>Id\u00e9al pour le divertissement \u00e0 domicile comme pour un usage professionnel, ce projecteur (souvent appel\u00e9 \u00ab Data Show \u00bb) est parfait pour afficher des pr\u00e9sentations, des vid\u00e9os et du contenu visuel en g\u00e9n\u00e9ral.<\/p>\n<h3><strong>Source lumineuse LED<\/strong><\/h3>\n<p>Dot\u00e9 d\u2019une technologie LED \u00e9conome en \u00e9nergie, il offre :<\/p>\n<ul>\n<li>Une dur\u00e9e de vie plus longue compar\u00e9e aux lampes traditionnelles<\/li>\n<li>Une consommation \u00e9lectrique r\u00e9duite<\/li>\n<\/ul>\n<h3><strong>Haute luminosit\u00e9<\/strong><\/h3>\n<p>Avec une intensit\u00e9 lumineuse de 4000 lumens, il garantit des images claires m\u00eame dans des pi\u00e8ces mod\u00e9r\u00e9ment \u00e9clair\u00e9es. Pour une qualit\u00e9 optimale, privil\u00e9giez une utilisation dans un environnement sombre ou faiblement \u00e9clair\u00e9.<\/p>\n<h3><strong>Connectivit\u00e9 flexible<\/strong><\/h3>\n<p>\u00c9quip\u00e9 de ports HDMI et USB, il permet une connexion facile \u00e0 divers appareils, tels que :<\/p>\n<p><a href=\"https:\/\/mersatradedz.com\/ar\/product-category\/laptop-tablette\/\" target=\"_blank\" rel=\"noopener\">Laptops<\/a><\/p>\n<p><a href=\"https:\/\/mersatradedz.com\/ar\/product-category\/accessoir-gaming\/\">Gaming consoles<\/a><\/p>\n<p>USB drives for direct media playback<\/p>","protected":false},"excerpt":{"rendered":"<p>Projecteur ROXA DT-RXW40 4000 Lumens HDMI USB Projecteur Multifonction Id\u00e9al pour le divertissement \u00e0 domicile comme pour un usage professionnel, ce projecteur (souvent appel\u00e9 \u00ab Data Show \u00bb) est parfait pour afficher des pr\u00e9sentations, des vid\u00e9os et du contenu visuel en g\u00e9n\u00e9ral. Source lumineuse LED Dot\u00e9 d\u2019une technologie LED \u00e9conome en \u00e9nergie, il offre : [&hellip;]<\/p>\n","protected":false},"featured_media":3144,"comment_status":"open","ping_status":"closed","template":"","meta":{"_monsterinsights_skip_tracking":false,"_monsterinsights_sitenote_active":false,"_monsterinsights_sitenote_note":"","_monsterinsights_sitenote_category":0},"product_brand":[],"product_cat":[724],"product_tag":[],"class_list":{"0":"post-3151","1":"product","2":"type-product","3":"status-publish","4":"has-post-thumbnail","6":"product_cat-ecran-data-show","8":"first","9":"instock","10":"purchasable","11":"product-type-simple"},"yoast_head":"<!-- This site is optimized with the Yoast SEO plugin v27.4 - https:\/\/yoast.com\/product\/yoast-seo-wordpress\/ -->\n<title>Data Show ROXA DT-RXW40 - mersatradedz<\/title>\n<meta name=\"robots\" content=\"index, follow, max-snippet:-1, max-image-preview:large, max-video-preview:-1\" \/>\n<link rel=\"canonical\" href=\"https:\/\/mersatradedz.com\/ar\/product\/projecteur-lcd-dt-rxw40\/\" \/>\n<meta property=\"og:locale\" content=\"ar_AR\" \/>\n<meta property=\"og:type\" content=\"article\" \/>\n<meta property=\"og:title\" content=\"Data Show ROXA DT-RXW40 - mersatradedz\" \/>\n<meta property=\"og:description\" content=\"Projecteur ROXA DT-RXW40 4000 Lumens HDMI USB Projecteur Multifonction Id\u00e9al pour le divertissement \u00e0 domicile comme pour un usage professionnel, ce projecteur (souvent appel\u00e9 \u00ab Data Show \u00bb) est parfait pour afficher des pr\u00e9sentations, des vid\u00e9os et du contenu visuel en g\u00e9n\u00e9ral. Source lumineuse LED Dot\u00e9 d\u2019une technologie LED \u00e9conome en \u00e9nergie, il offre : [&hellip;]\" \/>\n<meta property=\"og:url\" content=\"https:\/\/mersatradedz.com\/ar\/product\/projecteur-lcd-dt-rxw40\/\" \/>\n<meta property=\"og:site_name\" content=\"mersatradedz\" \/>\n<meta property=\"article:publisher\" content=\"https:\/\/www.facebook.com\/ntbidz\" \/>\n<meta property=\"article:modified_time\" content=\"2025-11-19T10:44:44+00:00\" \/>\n<meta property=\"og:image\" content=\"https:\/\/mersatradedz.com\/wp-content\/uploads\/2025\/05\/1000062303-scaled.jpg\" \/>\n\t<meta property=\"og:image:width\" content=\"1920\" \/>\n\t<meta property=\"og:image:height\" content=\"2560\" \/>\n\t<meta property=\"og:image:type\" content=\"image\/jpeg\" \/>\n<meta name=\"twitter:card\" content=\"summary_large_image\" \/>\n<meta name=\"twitter:label1\" content=\"\u0648\u0642\u062a \u0627\u0644\u0642\u0631\u0627\u0621\u0629 \u0627\u0644\u0645\u064f\u0642\u062f\u0651\u0631\" \/>\n\t<meta name=\"twitter:data1\" content=\"\u062f\u0642\u064a\u0642\u0629 \u0648\u0627\u062d\u062f\u0629\" \/>\n<script type=\"application\/ld+json\" class=\"yoast-schema-graph\">{\"@context\":\"https:\\\/\\\/schema.org\",\"@graph\":[{\"@type\":\"WebPage\",\"@id\":\"https:\\\/\\\/mersatradedz.com\\\/product\\\/projecteur-lcd-dt-rxw40\\\/\",\"url\":\"https:\\\/\\\/mersatradedz.com\\\/product\\\/projecteur-lcd-dt-rxw40\\\/\",\"name\":\"Data Show ROXA DT-RXW40 - mersatradedz\",\"isPartOf\":{\"@id\":\"https:\\\/\\\/mersatradedz.com\\\/#website\"},\"primaryImageOfPage\":{\"@id\":\"https:\\\/\\\/mersatradedz.com\\\/product\\\/projecteur-lcd-dt-rxw40\\\/#primaryimage\"},\"image\":{\"@id\":\"https:\\\/\\\/mersatradedz.com\\\/product\\\/projecteur-lcd-dt-rxw40\\\/#primaryimage\"},\"thumbnailUrl\":\"https:\\\/\\\/mersatradedz.com\\\/wp-content\\\/uploads\\\/2025\\\/05\\\/1000062303-scaled.jpg\",\"datePublished\":\"2025-05-14T09:47:52+00:00\",\"dateModified\":\"2025-11-19T10:44:44+00:00\",\"breadcrumb\":{\"@id\":\"https:\\\/\\\/mersatradedz.com\\\/product\\\/projecteur-lcd-dt-rxw40\\\/#breadcrumb\"},\"inLanguage\":\"ar\",\"potentialAction\":[{\"@type\":\"ReadAction\",\"target\":[\"https:\\\/\\\/mersatradedz.com\\\/product\\\/projecteur-lcd-dt-rxw40\\\/\"]}]},{\"@type\":\"ImageObject\",\"inLanguage\":\"ar\",\"@id\":\"https:\\\/\\\/mersatradedz.com\\\/product\\\/projecteur-lcd-dt-rxw40\\\/#primaryimage\",\"url\":\"https:\\\/\\\/mersatradedz.com\\\/wp-content\\\/uploads\\\/2025\\\/05\\\/1000062303-scaled.jpg\",\"contentUrl\":\"https:\\\/\\\/mersatradedz.com\\\/wp-content\\\/uploads\\\/2025\\\/05\\\/1000062303-scaled.jpg\",\"width\":1920,\"height\":2560},{\"@type\":\"BreadcrumbList\",\"@id\":\"https:\\\/\\\/mersatradedz.com\\\/product\\\/projecteur-lcd-dt-rxw40\\\/#breadcrumb\",\"itemListElement\":[{\"@type\":\"ListItem\",\"position\":1,\"name\":\"Home\",\"item\":\"https:\\\/\\\/mersatradedz.com\\\/ar\\\/\"},{\"@type\":\"ListItem\",\"position\":2,\"name\":\"Boutique\",\"item\":\"https:\\\/\\\/mersatradedz.com\\\/shop\\\/\"},{\"@type\":\"ListItem\",\"position\":3,\"name\":\"Data Show ROXA DT-RXW40\"}]},{\"@type\":\"WebSite\",\"@id\":\"https:\\\/\\\/mersatradedz.com\\\/#website\",\"url\":\"https:\\\/\\\/mersatradedz.com\\\/\",\"name\":\"mersatradedz\",\"description\":\"\",\"publisher\":{\"@id\":\"https:\\\/\\\/mersatradedz.com\\\/#organization\"},\"potentialAction\":[{\"@type\":\"SearchAction\",\"target\":{\"@type\":\"EntryPoint\",\"urlTemplate\":\"https:\\\/\\\/mersatradedz.com\\\/?s={search_term_string}\"},\"query-input\":{\"@type\":\"PropertyValueSpecification\",\"valueRequired\":true,\"valueName\":\"search_term_string\"}}],\"inLanguage\":\"ar\"},{\"@type\":\"Organization\",\"@id\":\"https:\\\/\\\/mersatradedz.com\\\/#organization\",\"name\":\"mersa trade\",\"url\":\"https:\\\/\\\/mersatradedz.com\\\/\",\"logo\":{\"@type\":\"ImageObject\",\"inLanguage\":\"ar\",\"@id\":\"https:\\\/\\\/mersatradedz.com\\\/#\\\/schema\\\/logo\\\/image\\\/\",\"url\":\"https:\\\/\\\/mersatradedz.com\\\/wp-content\\\/uploads\\\/2023\\\/07\\\/cropped-1684191296456.jpg\",\"contentUrl\":\"https:\\\/\\\/mersatradedz.com\\\/wp-content\\\/uploads\\\/2023\\\/07\\\/cropped-1684191296456.jpg\",\"width\":1451,\"height\":955,\"caption\":\"mersa trade\"},\"image\":{\"@id\":\"https:\\\/\\\/mersatradedz.com\\\/#\\\/schema\\\/logo\\\/image\\\/\"},\"sameAs\":[\"https:\\\/\\\/www.facebook.com\\\/ntbidz\"]}]}<\/script>\n<!-- \/ Yoast SEO plugin. -->","yoast_head_json":{"title":"Data Show ROXA DT-RXW40 - mersatradedz","robots":{"index":"index","follow":"follow","max-snippet":"max-snippet:-1","max-image-preview":"max-image-preview:large","max-video-preview":"max-video-preview:-1"},"canonical":"https:\/\/mersatradedz.com\/ar\/product\/projecteur-lcd-dt-rxw40\/","og_locale":"ar_AR","og_type":"article","og_title":"Data Show ROXA DT-RXW40 - mersatradedz","og_description":"Projecteur ROXA DT-RXW40 4000 Lumens HDMI USB Projecteur Multifonction Id\u00e9al pour le divertissement \u00e0 domicile comme pour un usage professionnel, ce projecteur (souvent appel\u00e9 \u00ab Data Show \u00bb) est parfait pour afficher des pr\u00e9sentations, des vid\u00e9os et du contenu visuel en g\u00e9n\u00e9ral. Source lumineuse LED Dot\u00e9 d\u2019une technologie LED \u00e9conome en \u00e9nergie, il offre : [&hellip;]","og_url":"https:\/\/mersatradedz.com\/ar\/product\/projecteur-lcd-dt-rxw40\/","og_site_name":"mersatradedz","article_publisher":"https:\/\/www.facebook.com\/ntbidz","article_modified_time":"2025-11-19T10:44:44+00:00","og_image":[{"width":1920,"height":2560,"url":"https:\/\/mersatradedz.com\/wp-content\/uploads\/2025\/05\/1000062303-scaled.jpg","type":"image\/jpeg"}],"twitter_card":"summary_large_image","twitter_misc":{"\u0648\u0642\u062a \u0627\u0644\u0642\u0631\u0627\u0621\u0629 \u0627\u0644\u0645\u064f\u0642\u062f\u0651\u0631":"\u062f\u0642\u064a\u0642\u0629 \u0648\u0627\u062d\u062f\u0629"},"schema":{"@context":"https:\/\/schema.org","@graph":[{"@type":"WebPage","@id":"https:\/\/mersatradedz.com\/product\/projecteur-lcd-dt-rxw40\/","url":"https:\/\/mersatradedz.com\/product\/projecteur-lcd-dt-rxw40\/","name":"Data Show ROXA DT-RXW40 - mersatradedz","isPartOf":{"@id":"https:\/\/mersatradedz.com\/#website"},"primaryImageOfPage":{"@id":"https:\/\/mersatradedz.com\/product\/projecteur-lcd-dt-rxw40\/#primaryimage"},"image":{"@id":"https:\/\/mersatradedz.com\/product\/projecteur-lcd-dt-rxw40\/#primaryimage"},"thumbnailUrl":"https:\/\/mersatradedz.com\/wp-content\/uploads\/2025\/05\/1000062303-scaled.jpg","datePublished":"2025-05-14T09:47:52+00:00","dateModified":"2025-11-19T10:44:44+00:00","breadcrumb":{"@id":"https:\/\/mersatradedz.com\/product\/projecteur-lcd-dt-rxw40\/#breadcrumb"},"inLanguage":"ar","potentialAction":[{"@type":"ReadAction","target":["https:\/\/mersatradedz.com\/product\/projecteur-lcd-dt-rxw40\/"]}]},{"@type":"ImageObject","inLanguage":"ar","@id":"https:\/\/mersatradedz.com\/product\/projecteur-lcd-dt-rxw40\/#primaryimage","url":"https:\/\/mersatradedz.com\/wp-content\/uploads\/2025\/05\/1000062303-scaled.jpg","contentUrl":"https:\/\/mersatradedz.com\/wp-content\/uploads\/2025\/05\/1000062303-scaled.jpg","width":1920,"height":2560},{"@type":"BreadcrumbList","@id":"https:\/\/mersatradedz.com\/product\/projecteur-lcd-dt-rxw40\/#breadcrumb","itemListElement":[{"@type":"ListItem","position":1,"name":"Home","item":"https:\/\/mersatradedz.com\/ar\/"},{"@type":"ListItem","position":2,"name":"Boutique","item":"https:\/\/mersatradedz.com\/shop\/"},{"@type":"ListItem","position":3,"name":"Data Show ROXA DT-RXW40"}]},{"@type":"WebSite","@id":"https:\/\/mersatradedz.com\/#website","url":"https:\/\/mersatradedz.com\/","name":"mersatradedz","description":"","publisher":{"@id":"https:\/\/mersatradedz.com\/#organization"},"potentialAction":[{"@type":"SearchAction","target":{"@type":"EntryPoint","urlTemplate":"https:\/\/mersatradedz.com\/?s={search_term_string}"},"query-input":{"@type":"PropertyValueSpecification","valueRequired":true,"valueName":"search_term_string"}}],"inLanguage":"ar"},{"@type":"Organization","@id":"https:\/\/mersatradedz.com\/#organization","name":"mersa trade","url":"https:\/\/mersatradedz.com\/","logo":{"@type":"ImageObject","inLanguage":"ar","@id":"https:\/\/mersatradedz.com\/#\/schema\/logo\/image\/","url":"https:\/\/mersatradedz.com\/wp-content\/uploads\/2023\/07\/cropped-1684191296456.jpg","contentUrl":"https:\/\/mersatradedz.com\/wp-content\/uploads\/2023\/07\/cropped-1684191296456.jpg","width":1451,"height":955,"caption":"mersa trade"},"image":{"@id":"https:\/\/mersatradedz.com\/#\/schema\/logo\/image\/"},"sameAs":["https:\/\/www.facebook.com\/ntbidz"]}]}},"jetpack_sharing_enabled":true,"_links":{"self":[{"href":"https:\/\/mersatradedz.com\/ar\/wp-json\/wp\/v2\/product\/3151","targetHints":{"allow":["GET"]}}],"collection":[{"href":"https:\/\/mersatradedz.com\/ar\/wp-json\/wp\/v2\/product"}],"about":[{"href":"https:\/\/mersatradedz.com\/ar\/wp-json\/wp\/v2\/types\/product"}],"replies":[{"embeddable":true,"href":"https:\/\/mersatradedz.com\/ar\/wp-json\/wp\/v2\/comments?post=3151"}],"wp:featuredmedia":[{"embeddable":true,"href":"https:\/\/mersatradedz.com\/ar\/wp-json\/wp\/v2\/media\/3144"}],"wp:attachment":[{"href":"https:\/\/mersatradedz.com\/ar\/wp-json\/wp\/v2\/media?parent=3151"}],"wp:term":[{"taxonomy":"product_brand","embeddable":true,"href":"https:\/\/mersatradedz.com\/ar\/wp-json\/wp\/v2\/product_brand?post=3151"},{"taxonomy":"product_cat","embeddable":true,"href":"https:\/\/mersatradedz.com\/ar\/wp-json\/wp\/v2\/product_cat?post=3151"},{"taxonomy":"product_tag","embeddable":true,"href":"https:\/\/mersatradedz.com\/ar\/wp-json\/wp\/v2\/product_tag?post=3151"}],"curies":[{"name":"wp","href":"https:\/\/api.w.org\/{rel}","templated":true}]}}