{"id":3160,"date":"2025-05-14T11:30:05","date_gmt":"2025-05-14T10:30:05","guid":{"rendered":"https:\/\/mersatradedz.com\/?post_type=product&#038;p=3160"},"modified":"2025-05-25T09:15:31","modified_gmt":"2025-05-25T08:15:31","slug":"lampe-bureau-led-5-position","status":"publish","type":"product","link":"https:\/\/mersatradedz.com\/ar\/product\/lampe-bureau-led-5-position\/","title":{"rendered":"Lampe Bureau LED 5 Position"},"content":{"rendered":"<p><strong>Lampe de Bureau LED, Lampe de Table Dimmable 5 Modes de Couleur et 10 Niveaux de Luminosit\u00e9,La lampe de protection des yeux convient aux enfants \u00e0 lire, <\/strong><strong>Lampe de travail,Veilleuse,Lampe de chevet<\/strong><br \/>\n\ud83c\udf40\u3010lampe de protection des yeux\u3011lampe de bureau \u00e0 LED produisent une lumi\u00e8re homog\u00e8ne , douce et confortable. Pas de scintillement, pas d&rsquo;\u00e9blouissement. Id\u00e9al pour lire et travailler de longues heures<br \/>\n\ud83d\udca1\u301050 \u00c9clairage R\u00e9glable\u301110 niveaux de luminosit\u00e9 et 5 modes de couleur au choix, offrant l\u2019\u00e9clairage parfait pour vos besoins dans la nuit ou l\u2019obscurit\u00e9. La couleur de la lumi\u00e8re est r\u00e9glable entre blanc froid et blanc chaud.Illuminez la nuit sans d\u00e9ranger les autres et prot\u00e9gez vos yeux le plus possible gr\u00e2ce \u00e0 ces<br \/>\n\ud83c\udf40\u3010Contr\u00f4le tactile et fonction m\u00e9moire\u3011 \u00e9quip\u00e9e D\u2019 un contr\u00f4le tactile Sensible pour une luminosit\u00e9 et un ajustement du mode faciles. La lampe de bureau a une fonction de m\u00e9moire qui affiche automatiquement la derni\u00e8re couleur s\u00e9lectionn\u00e9e et la derni\u00e8re luminosit\u00e9 lors mise hors tension lorsque la lampe de bureau est rallum\u00e9e<\/p>","protected":false},"excerpt":{"rendered":"<div class=\"woocommerce\">\n<div class=\"woocommerce-notices-wrapper\">Lampe de Bureau LED, Lampe de Table Dimmable 5 Modes de Couleur et 10 Niveaux de Luminosit\u00e9,La lampe de protection des yeux convient aux enfants \u00e0 lire,Lampe de travail,Veilleuse,Lampe de chevet.<\/div>\n<\/div>\n<div class=\"woocommerce\">\n<div class=\"woocommerce-notices-wrapper\"><\/div>\n<div class=\"woocommerce-form-coupon-toggle\">\n<div class=\"woocommerce-info\">Avez-vous un code promo\u00a0? <a class=\"showcoupon\" role=\"button\" href=\"#\" aria-label=\"Saisissez votre code promo\" aria-controls=\"woocommerce-checkout-form-coupon\" aria-expanded=\"false\">Cliquez ici pour saisir votre code<\/a><\/div>\n<\/div>\n<p class=\"form-row form-row-first\"><label class=\"screen-reader-text\" for=\"coupon_code\">Code promo\u00a0:<\/label><\/p>\n<p class=\"form-row form-row-last\"><button class=\"button\" name=\"apply_coupon\" type=\"submit\" value=\"Appliquer le code promo\">Appliquer le code promo<\/button><\/p>\n<div class=\"clear\"><\/div>\n<div class=\"woocommerce-notices-wrapper\"><\/div>\n<div id=\"customer_details\" class=\"col2-set\">\n<div class=\"col-1\">\n<div class=\"woocommerce-billing-fields\">\n<h3>D\u00e9tails de facturation<\/h3>\n<div class=\"woocommerce-billing-fields__field-wrapper\">\n<p id=\"billing_first_name_field\" class=\"form-row form-row-first thwcfd-required thwcfd-field-wrapper thwcfd-field-text validate-required\" data-priority=\"10\"><label class=\"required_field\" for=\"billing_first_name\">Pr\u00e9nom\u00a0<span class=\"required\" aria-hidden=\"true\">*<\/span><\/label><\/p>\n<p id=\"billing_last_name_field\" class=\"form-row form-row-last thwcfd-required thwcfd-field-wrapper thwcfd-field-text validate-required\" data-priority=\"20\"><label class=\"required_field\" for=\"billing_last_name\">Nom\u00a0<span class=\"required\" aria-hidden=\"true\">*<\/span><\/label><\/p>\n<p id=\"billing_country_field\" class=\"form-row form-row-wide address-field update_totals_on_change thwcfd-required thwcfd-field-wrapper thwcfd-field-country validate-required\" data-priority=\"30\"><label class=\"required_field\" for=\"billing_country\">Pays\/r\u00e9gion\u00a0<span class=\"required\" aria-hidden=\"true\">*<\/span><\/label><span class=\"woocommerce-input-wrapper\"><strong>Alg\u00e9rie<\/strong><\/span><\/p>\n<p id=\"billing_state_field\" class=\"form-row form-row-wide address-field thwcfd-required thwcfd-field-wrapper thwcfd-field-state validate-required validate-state\" data-priority=\"60\"><label class=\"required_field\" for=\"billing_state\">R\u00e9gion\u00a0\/\u00a0D\u00e9partement\u00a0<span class=\"required\" aria-hidden=\"true\">*<\/span><\/label><span class=\"woocommerce-input-wrapper\"><br \/>\nS\u00e9lectionner une option\u2026AdrarChlefLaghouatOum El BouaghiBatnaB\u00e9ja\u00efaBiskraB\u00e9charBlidaBouiraTamanrassetT\u00e9bessaTlemcenTiaretTizi OuzouAlgerDjelfaJijelS\u00e9tifSa\u00efdaSkikdaSidi Bel Abb\u00e8sAnnabaGuelmaConstantineM\u00e9d\u00e9aMostaganemM\u2019SilaMascaraOuarglaOranEl BayadhIlliziBordj Bou Arr\u00e9ridjBoumerd\u00e8sEl TarfTindoufTissemsiltEl OuedKhenchelaSouk AhrasTipasaMilaA\u00efn DeflaNa\u00e2maA\u00efn T\u00e9mouchentGharda\u00efaRelizane<\/span><\/p>\n<p id=\"billing_phone_field\" class=\"form-row form-row-wide thwcfd-required thwcfd-field-wrapper thwcfd-field-tel validate-required validate-phone\" data-priority=\"80\"><label class=\"required_field\" for=\"billing_phone\">T\u00e9l\u00e9phone\u00a0<span class=\"required\" aria-hidden=\"true\">*<\/span><\/label><\/p>\n<\/div>\n<\/div>\n<\/div>\n<div class=\"col-2\">\n<div class=\"woocommerce-shipping-fields\">\n<h3 id=\"ship-to-different-address\"><label class=\"woocommerce-form__label woocommerce-form__label-for-checkbox checkbox\"><br \/>\nExp\u00e9dier \u00e0 une adresse diff\u00e9rente\u00a0?<br \/>\n<\/label><\/h3>\n<div class=\"shipping_address\">\n<div class=\"woocommerce-shipping-fields__field-wrapper\"><\/div>\n<\/div>\n<\/div>\n<div class=\"woocommerce-additional-fields\">\n<div class=\"woocommerce-additional-fields__field-wrapper\">\n<p id=\"order_comments_field\" class=\"form-row notes thwcfd-field-wrapper thwcfd-field-textarea\" data-priority=\"\"><label class=\"\" for=\"order_comments\">Notes de commande\u00a0<span class=\"optional\">(facultatif)<\/span><\/label><span class=\"woocommerce-input-wrapper\"><textarea id=\"order_comments\" class=\"input-text\" cols=\"5\" name=\"order_comments\" rows=\"2\"><\/textarea><\/span><\/p>\n<\/div>\n<\/div>\n<\/div>\n<\/div>\n<h3 id=\"order_review_heading\">Votre commande<\/h3>\n<div id=\"order_review\" class=\"woocommerce-checkout-review-order\">\n<table class=\"shop_table woocommerce-checkout-review-order-table\">\n<thead>\n<tr>\n<th class=\"product-name\">Produit<\/th>\n<th class=\"product-total\">Sous-total<\/th>\n<\/tr>\n<\/thead>\n<tbody>\n<tr class=\"cart_item\">\n<td class=\"product-name\">Boitier gamer GEARMASTER AVEC 3 FANS LED\u00a0 <strong class=\"product-quantity\">\u00d7\u00a01<\/strong><\/td>\n<td class=\"product-total\"><span class=\"woocommerce-Price-amount amount\"><span class=\"woocommerce-Price-currencySymbol\">\u062f.\u062c<\/span>8,500.00<\/span><\/td>\n<\/tr>\n<\/tbody>\n<tfoot>\n<tr class=\"cart-subtotal\">\n<th>Sous-total<\/th>\n<td><span class=\"woocommerce-Price-amount amount\"><span class=\"woocommerce-Price-currencySymbol\">\u062f.\u062c<\/span>8,500.00<\/span><\/td>\n<\/tr>\n<tr class=\"woocommerce-shipping-totals shipping\">\n<td colspan=\"2\">\n<div class=\"ct-shipping-heading\">Exp\u00e9dition<\/div>\n<p>Saisissez votre adresse pour voir les options de livraison.<\/td>\n<\/tr>\n<tr class=\"order-total\">\n<th>Total<\/th>\n<td><strong><span class=\"woocommerce-Price-amount amount\"><span class=\"woocommerce-Price-currencySymbol\">\u062f.\u062c<\/span>8,500.00<\/span><\/strong><\/td>\n<\/tr>\n<\/tfoot>\n<\/table>\n<div id=\"payment\" class=\"woocommerce-checkout-payment\">\n<ul class=\"wc_payment_methods payment_methods methods\">\n<li class=\"wc_payment_method payment_method_cod\"><label for=\"payment_method_cod\"><br \/>\nCash on delivery <\/label><\/p>\n<div class=\"payment_box payment_method_cod\">\n<p>Pay with cash upon delivery.<\/p>\n<\/div>\n<\/li>\n<\/ul>\n<div class=\"form-row place-order\">\n<p>Votre navigateur ne supporte pas JavaScript ou bien il est d\u00e9sactiv\u00e9, assurez vous de cliquer sur le bouton <em>Mise \u00e0 Jour Totaux<\/em> avant de passer votre commande. Vous pouvez \u00eatre factur\u00e9 plus que le montant indiqu\u00e9 ci-dessus si vous omettez de le faire.<br \/>\n<button class=\"button alt\" name=\"woocommerce_checkout_update_totals\" type=\"submit\" value=\"Mise \u00e0 jour des totaux\">Mise \u00e0 jour des totaux<\/button><\/p>\n<div class=\"woocommerce-terms-and-conditions-wrapper\">\n<div class=\"woocommerce-privacy-policy-text\">\n<p>Your personal data will be used to process your order, support your experience throughout this website, and for other purposes described in our <a class=\"woocommerce-privacy-policy-link\" href=\"https:\/\/mersatradedz.com\/ar\/?page_id=3\" target=\"_blank\" rel=\"noopener\">politique de confidentialit\u00e9<\/a>.<\/p>\n<\/div>\n<\/div>\n<p><button id=\"place_order\" class=\"button alt\" name=\"woocommerce_checkout_place_order\" type=\"submit\" value=\"Acheter\" data-value=\"Acheter\">Acheter<\/button><\/p>\n<\/div>\n<\/div>\n<\/div>\n<p><button id=\"place_order\" class=\"button alt\" name=\"woocommerce_checkout_place_order\" type=\"submit\" value=\"Acheter\" data-value=\"Acheter\">Acheter<\/button><\/p>\n<\/div>","protected":false},"featured_media":3164,"comment_status":"open","ping_status":"closed","template":"","meta":{"_monsterinsights_skip_tracking":false,"_monsterinsights_sitenote_active":false,"_monsterinsights_sitenote_note":"","_monsterinsights_sitenote_category":0},"product_brand":[],"product_cat":[24],"product_tag":[793,797,795,796],"class_list":{"0":"post-3160","1":"product","2":"type-product","3":"status-publish","4":"has-post-thumbnail","6":"product_cat-accessoire","7":"product_tag-lampe","8":"product_tag-lampe-light","9":"product_tag-led","10":"product_tag-light","12":"first","13":"instock","14":"purchasable","15":"product-type-simple"},"yoast_head":"<!-- This site is optimized with the Yoast SEO plugin v27.4 - https:\/\/yoast.com\/product\/yoast-seo-wordpress\/ -->\n<title>Lampe Bureau LED 5 Position - mersatradedz<\/title>\n<meta name=\"robots\" content=\"index, follow, max-snippet:-1, max-image-preview:large, max-video-preview:-1\" \/>\n<link rel=\"canonical\" href=\"https:\/\/mersatradedz.com\/ar\/product\/lampe-bureau-led-5-position\/\" \/>\n<meta property=\"og:locale\" content=\"ar_AR\" \/>\n<meta property=\"og:type\" content=\"article\" \/>\n<meta property=\"og:title\" content=\"Lampe Bureau LED 5 Position - mersatradedz\" \/>\n<meta property=\"og:description\" content=\"Lampe de Bureau LED, Lampe de Table Dimmable 5 Modes de Couleur et 10 Niveaux de Luminosit\u00e9,La lampe de protection des yeux convient aux enfants \u00e0 lire,Lampe de travail,Veilleuse,Lampe de chevet.     Avez-vous un code promo\u00a0? Cliquez ici pour saisir votre code  Code promo\u00a0: Appliquer le code promo       D\u00e9tails de facturation  Pr\u00e9nom\u00a0* Nom\u00a0* Pays\/r\u00e9gion\u00a0*Alg\u00e9rie R\u00e9gion\u00a0\/\u00a0D\u00e9partement\u00a0* S\u00e9lectionner une option\u2026AdrarChlefLaghouatOum El BouaghiBatnaB\u00e9ja\u00efaBiskraB\u00e9charBlidaBouiraTamanrassetT\u00e9bessaTlemcenTiaretTizi OuzouAlgerDjelfaJijelS\u00e9tifSa\u00efdaSkikdaSidi Bel Abb\u00e8sAnnabaGuelmaConstantineM\u00e9d\u00e9aMostaganemM\u2019SilaMascaraOuarglaOranEl BayadhIlliziBordj Bou Arr\u00e9ridjBoumerd\u00e8sEl TarfTindoufTissemsiltEl OuedKhenchelaSouk AhrasTipasaMilaA\u00efn DeflaNa\u00e2maA\u00efn T\u00e9mouchentGharda\u00efaRelizane T\u00e9l\u00e9phone\u00a0*        Exp\u00e9dier \u00e0 une adresse diff\u00e9rente\u00a0?        Notes de commande\u00a0(facultatif)      Votre commande     Produit Sous-total     Boitier gamer GEARMASTER AVEC 3 FANS LED\u00a0 \u00d7\u00a01 \u062f.\u062c8,500.00     Sous-total \u062f.\u062c8,500.00    Exp\u00e9dition Saisissez votre adresse pour voir les options de livraison.   Total \u062f.\u062c8,500.00        Cash on delivery    Pay with cash upon delivery.      Votre navigateur ne supporte pas JavaScript ou bien il est d\u00e9sactiv\u00e9, assurez vous de cliquer sur le bouton Mise \u00e0 Jour Totaux avant de passer votre commande. Vous pouvez \u00eatre factur\u00e9 plus que le montant indiqu\u00e9 ci-dessus si vous omettez de le faire. Mise \u00e0 jour des totaux    Your personal data will be used to process your order, support your experience throughout this website, and for other purposes described in our politique de confidentialit\u00e9.    Acheter     Acheter\" \/>\n<meta property=\"og:url\" content=\"https:\/\/mersatradedz.com\/ar\/product\/lampe-bureau-led-5-position\/\" \/>\n<meta property=\"og:site_name\" content=\"mersatradedz\" \/>\n<meta property=\"article:publisher\" content=\"https:\/\/www.facebook.com\/ntbidz\" \/>\n<meta property=\"article:modified_time\" content=\"2025-05-25T08:15:31+00:00\" \/>\n<meta property=\"og:image\" content=\"https:\/\/mersatradedz.com\/wp-content\/uploads\/2025\/05\/1000062421-scaled.jpg\" \/>\n\t<meta property=\"og:image:width\" content=\"1920\" \/>\n\t<meta property=\"og:image:height\" content=\"2560\" \/>\n\t<meta property=\"og:image:type\" content=\"image\/jpeg\" \/>\n<meta name=\"twitter:card\" content=\"summary_large_image\" \/>\n<meta name=\"twitter:label1\" content=\"\u0648\u0642\u062a \u0627\u0644\u0642\u0631\u0627\u0621\u0629 \u0627\u0644\u0645\u064f\u0642\u062f\u0651\u0631\" \/>\n\t<meta name=\"twitter:data1\" content=\"\u062f\u0642\u064a\u0642\u0629 \u0648\u0627\u062d\u062f\u0629\" \/>\n<script type=\"application\/ld+json\" class=\"yoast-schema-graph\">{\"@context\":\"https:\\\/\\\/schema.org\",\"@graph\":[{\"@type\":\"WebPage\",\"@id\":\"https:\\\/\\\/mersatradedz.com\\\/product\\\/lampe-bureau-led-5-position\\\/\",\"url\":\"https:\\\/\\\/mersatradedz.com\\\/product\\\/lampe-bureau-led-5-position\\\/\",\"name\":\"Lampe Bureau LED 5 Position - mersatradedz\",\"isPartOf\":{\"@id\":\"https:\\\/\\\/mersatradedz.com\\\/#website\"},\"primaryImageOfPage\":{\"@id\":\"https:\\\/\\\/mersatradedz.com\\\/product\\\/lampe-bureau-led-5-position\\\/#primaryimage\"},\"image\":{\"@id\":\"https:\\\/\\\/mersatradedz.com\\\/product\\\/lampe-bureau-led-5-position\\\/#primaryimage\"},\"thumbnailUrl\":\"https:\\\/\\\/mersatradedz.com\\\/wp-content\\\/uploads\\\/2025\\\/05\\\/1000062421-scaled.jpg\",\"datePublished\":\"2025-05-14T10:30:05+00:00\",\"dateModified\":\"2025-05-25T08:15:31+00:00\",\"breadcrumb\":{\"@id\":\"https:\\\/\\\/mersatradedz.com\\\/product\\\/lampe-bureau-led-5-position\\\/#breadcrumb\"},\"inLanguage\":\"ar\",\"potentialAction\":[{\"@type\":\"ReadAction\",\"target\":[\"https:\\\/\\\/mersatradedz.com\\\/product\\\/lampe-bureau-led-5-position\\\/\"]}]},{\"@type\":\"ImageObject\",\"inLanguage\":\"ar\",\"@id\":\"https:\\\/\\\/mersatradedz.com\\\/product\\\/lampe-bureau-led-5-position\\\/#primaryimage\",\"url\":\"https:\\\/\\\/mersatradedz.com\\\/wp-content\\\/uploads\\\/2025\\\/05\\\/1000062421-scaled.jpg\",\"contentUrl\":\"https:\\\/\\\/mersatradedz.com\\\/wp-content\\\/uploads\\\/2025\\\/05\\\/1000062421-scaled.jpg\",\"width\":1920,\"height\":2560},{\"@type\":\"BreadcrumbList\",\"@id\":\"https:\\\/\\\/mersatradedz.com\\\/product\\\/lampe-bureau-led-5-position\\\/#breadcrumb\",\"itemListElement\":[{\"@type\":\"ListItem\",\"position\":1,\"name\":\"Home\",\"item\":\"https:\\\/\\\/mersatradedz.com\\\/ar\\\/\"},{\"@type\":\"ListItem\",\"position\":2,\"name\":\"Boutique\",\"item\":\"https:\\\/\\\/mersatradedz.com\\\/shop\\\/\"},{\"@type\":\"ListItem\",\"position\":3,\"name\":\"Lampe Bureau LED 5 Position\"}]},{\"@type\":\"WebSite\",\"@id\":\"https:\\\/\\\/mersatradedz.com\\\/#website\",\"url\":\"https:\\\/\\\/mersatradedz.com\\\/\",\"name\":\"mersatradedz\",\"description\":\"\",\"publisher\":{\"@id\":\"https:\\\/\\\/mersatradedz.com\\\/#organization\"},\"potentialAction\":[{\"@type\":\"SearchAction\",\"target\":{\"@type\":\"EntryPoint\",\"urlTemplate\":\"https:\\\/\\\/mersatradedz.com\\\/?s={search_term_string}\"},\"query-input\":{\"@type\":\"PropertyValueSpecification\",\"valueRequired\":true,\"valueName\":\"search_term_string\"}}],\"inLanguage\":\"ar\"},{\"@type\":\"Organization\",\"@id\":\"https:\\\/\\\/mersatradedz.com\\\/#organization\",\"name\":\"mersa trade\",\"url\":\"https:\\\/\\\/mersatradedz.com\\\/\",\"logo\":{\"@type\":\"ImageObject\",\"inLanguage\":\"ar\",\"@id\":\"https:\\\/\\\/mersatradedz.com\\\/#\\\/schema\\\/logo\\\/image\\\/\",\"url\":\"https:\\\/\\\/mersatradedz.com\\\/wp-content\\\/uploads\\\/2023\\\/07\\\/cropped-1684191296456.jpg\",\"contentUrl\":\"https:\\\/\\\/mersatradedz.com\\\/wp-content\\\/uploads\\\/2023\\\/07\\\/cropped-1684191296456.jpg\",\"width\":1451,\"height\":955,\"caption\":\"mersa trade\"},\"image\":{\"@id\":\"https:\\\/\\\/mersatradedz.com\\\/#\\\/schema\\\/logo\\\/image\\\/\"},\"sameAs\":[\"https:\\\/\\\/www.facebook.com\\\/ntbidz\"]}]}<\/script>\n<!-- \/ Yoast SEO plugin. -->","yoast_head_json":{"title":"Lampe Bureau LED 5 Position - mersatradedz","robots":{"index":"index","follow":"follow","max-snippet":"max-snippet:-1","max-image-preview":"max-image-preview:large","max-video-preview":"max-video-preview:-1"},"canonical":"https:\/\/mersatradedz.com\/ar\/product\/lampe-bureau-led-5-position\/","og_locale":"ar_AR","og_type":"article","og_title":"Lampe Bureau LED 5 Position - mersatradedz","og_description":"Lampe de Bureau LED, Lampe de Table Dimmable 5 Modes de Couleur et 10 Niveaux de Luminosit\u00e9,La lampe de protection des yeux convient aux enfants \u00e0 lire,Lampe de travail,Veilleuse,Lampe de chevet.     Avez-vous un code promo\u00a0? Cliquez ici pour saisir votre code  Code promo\u00a0: Appliquer le code promo       D\u00e9tails de facturation  Pr\u00e9nom\u00a0* Nom\u00a0* Pays\/r\u00e9gion\u00a0*Alg\u00e9rie R\u00e9gion\u00a0\/\u00a0D\u00e9partement\u00a0* S\u00e9lectionner une option\u2026AdrarChlefLaghouatOum El BouaghiBatnaB\u00e9ja\u00efaBiskraB\u00e9charBlidaBouiraTamanrassetT\u00e9bessaTlemcenTiaretTizi OuzouAlgerDjelfaJijelS\u00e9tifSa\u00efdaSkikdaSidi Bel Abb\u00e8sAnnabaGuelmaConstantineM\u00e9d\u00e9aMostaganemM\u2019SilaMascaraOuarglaOranEl BayadhIlliziBordj Bou Arr\u00e9ridjBoumerd\u00e8sEl TarfTindoufTissemsiltEl OuedKhenchelaSouk AhrasTipasaMilaA\u00efn DeflaNa\u00e2maA\u00efn T\u00e9mouchentGharda\u00efaRelizane T\u00e9l\u00e9phone\u00a0*        Exp\u00e9dier \u00e0 une adresse diff\u00e9rente\u00a0?        Notes de commande\u00a0(facultatif)      Votre commande     Produit Sous-total     Boitier gamer GEARMASTER AVEC 3 FANS LED\u00a0 \u00d7\u00a01 \u062f.\u062c8,500.00     Sous-total \u062f.\u062c8,500.00    Exp\u00e9dition Saisissez votre adresse pour voir les options de livraison.   Total \u062f.\u062c8,500.00        Cash on delivery    Pay with cash upon delivery.      Votre navigateur ne supporte pas JavaScript ou bien il est d\u00e9sactiv\u00e9, assurez vous de cliquer sur le bouton Mise \u00e0 Jour Totaux avant de passer votre commande. Vous pouvez \u00eatre factur\u00e9 plus que le montant indiqu\u00e9 ci-dessus si vous omettez de le faire. Mise \u00e0 jour des totaux    Your personal data will be used to process your order, support your experience throughout this website, and for other purposes described in our politique de confidentialit\u00e9.    Acheter     Acheter","og_url":"https:\/\/mersatradedz.com\/ar\/product\/lampe-bureau-led-5-position\/","og_site_name":"mersatradedz","article_publisher":"https:\/\/www.facebook.com\/ntbidz","article_modified_time":"2025-05-25T08:15:31+00:00","og_image":[{"width":1920,"height":2560,"url":"https:\/\/mersatradedz.com\/wp-content\/uploads\/2025\/05\/1000062421-scaled.jpg","type":"image\/jpeg"}],"twitter_card":"summary_large_image","twitter_misc":{"\u0648\u0642\u062a \u0627\u0644\u0642\u0631\u0627\u0621\u0629 \u0627\u0644\u0645\u064f\u0642\u062f\u0651\u0631":"\u062f\u0642\u064a\u0642\u0629 \u0648\u0627\u062d\u062f\u0629"},"schema":{"@context":"https:\/\/schema.org","@graph":[{"@type":"WebPage","@id":"https:\/\/mersatradedz.com\/product\/lampe-bureau-led-5-position\/","url":"https:\/\/mersatradedz.com\/product\/lampe-bureau-led-5-position\/","name":"Lampe Bureau LED 5 Position - mersatradedz","isPartOf":{"@id":"https:\/\/mersatradedz.com\/#website"},"primaryImageOfPage":{"@id":"https:\/\/mersatradedz.com\/product\/lampe-bureau-led-5-position\/#primaryimage"},"image":{"@id":"https:\/\/mersatradedz.com\/product\/lampe-bureau-led-5-position\/#primaryimage"},"thumbnailUrl":"https:\/\/mersatradedz.com\/wp-content\/uploads\/2025\/05\/1000062421-scaled.jpg","datePublished":"2025-05-14T10:30:05+00:00","dateModified":"2025-05-25T08:15:31+00:00","breadcrumb":{"@id":"https:\/\/mersatradedz.com\/product\/lampe-bureau-led-5-position\/#breadcrumb"},"inLanguage":"ar","potentialAction":[{"@type":"ReadAction","target":["https:\/\/mersatradedz.com\/product\/lampe-bureau-led-5-position\/"]}]},{"@type":"ImageObject","inLanguage":"ar","@id":"https:\/\/mersatradedz.com\/product\/lampe-bureau-led-5-position\/#primaryimage","url":"https:\/\/mersatradedz.com\/wp-content\/uploads\/2025\/05\/1000062421-scaled.jpg","contentUrl":"https:\/\/mersatradedz.com\/wp-content\/uploads\/2025\/05\/1000062421-scaled.jpg","width":1920,"height":2560},{"@type":"BreadcrumbList","@id":"https:\/\/mersatradedz.com\/product\/lampe-bureau-led-5-position\/#breadcrumb","itemListElement":[{"@type":"ListItem","position":1,"name":"Home","item":"https:\/\/mersatradedz.com\/ar\/"},{"@type":"ListItem","position":2,"name":"Boutique","item":"https:\/\/mersatradedz.com\/shop\/"},{"@type":"ListItem","position":3,"name":"Lampe Bureau LED 5 Position"}]},{"@type":"WebSite","@id":"https:\/\/mersatradedz.com\/#website","url":"https:\/\/mersatradedz.com\/","name":"mersatradedz","description":"","publisher":{"@id":"https:\/\/mersatradedz.com\/#organization"},"potentialAction":[{"@type":"SearchAction","target":{"@type":"EntryPoint","urlTemplate":"https:\/\/mersatradedz.com\/?s={search_term_string}"},"query-input":{"@type":"PropertyValueSpecification","valueRequired":true,"valueName":"search_term_string"}}],"inLanguage":"ar"},{"@type":"Organization","@id":"https:\/\/mersatradedz.com\/#organization","name":"mersa trade","url":"https:\/\/mersatradedz.com\/","logo":{"@type":"ImageObject","inLanguage":"ar","@id":"https:\/\/mersatradedz.com\/#\/schema\/logo\/image\/","url":"https:\/\/mersatradedz.com\/wp-content\/uploads\/2023\/07\/cropped-1684191296456.jpg","contentUrl":"https:\/\/mersatradedz.com\/wp-content\/uploads\/2023\/07\/cropped-1684191296456.jpg","width":1451,"height":955,"caption":"mersa trade"},"image":{"@id":"https:\/\/mersatradedz.com\/#\/schema\/logo\/image\/"},"sameAs":["https:\/\/www.facebook.com\/ntbidz"]}]}},"jetpack_sharing_enabled":true,"_links":{"self":[{"href":"https:\/\/mersatradedz.com\/ar\/wp-json\/wp\/v2\/product\/3160","targetHints":{"allow":["GET"]}}],"collection":[{"href":"https:\/\/mersatradedz.com\/ar\/wp-json\/wp\/v2\/product"}],"about":[{"href":"https:\/\/mersatradedz.com\/ar\/wp-json\/wp\/v2\/types\/product"}],"replies":[{"embeddable":true,"href":"https:\/\/mersatradedz.com\/ar\/wp-json\/wp\/v2\/comments?post=3160"}],"wp:featuredmedia":[{"embeddable":true,"href":"https:\/\/mersatradedz.com\/ar\/wp-json\/wp\/v2\/media\/3164"}],"wp:attachment":[{"href":"https:\/\/mersatradedz.com\/ar\/wp-json\/wp\/v2\/media?parent=3160"}],"wp:term":[{"taxonomy":"product_brand","embeddable":true,"href":"https:\/\/mersatradedz.com\/ar\/wp-json\/wp\/v2\/product_brand?post=3160"},{"taxonomy":"product_cat","embeddable":true,"href":"https:\/\/mersatradedz.com\/ar\/wp-json\/wp\/v2\/product_cat?post=3160"},{"taxonomy":"product_tag","embeddable":true,"href":"https:\/\/mersatradedz.com\/ar\/wp-json\/wp\/v2\/product_tag?post=3160"}],"curies":[{"name":"wp","href":"https:\/\/api.w.org\/{rel}","templated":true}]}}