{"id":3179,"date":"2025-05-15T10:58:14","date_gmt":"2025-05-15T09:58:14","guid":{"rendered":"https:\/\/mersatradedz.com\/?post_type=product&#038;p=3179"},"modified":"2025-05-18T12:56:55","modified_gmt":"2025-05-18T11:56:55","slug":"laptop-asus-x515ep","status":"publish","type":"product","link":"https:\/\/mersatradedz.com\/ar\/product\/laptop-asus-x515ep\/","title":{"rendered":"Laptop ASUS X515EP 15.6&Prime;"},"content":{"rendered":"<p>Que ce soit pour travailler ou pour jouer, l&rsquo;ASUS X515 est l&rsquo;ordinateur portable d&rsquo;entr\u00e9e de gamme qui offre des performances puissantes et des visuels immersifs. Son \u00e9cran NanoEdge offre de larges angles de vision de 178\u00b0 et un rev\u00eatement antireflet mat pour une exp\u00e9rience vraiment engageante.<\/p>\n<hr \/>\n<h3>Clavier<\/h3>\n<p>Le clavier r\u00e9tro\u00e9clair\u00e9 pleine taille de l&rsquo;ASUS X515 est id\u00e9al pour travailler dans des environnements sombres. Sa conception ergonomique, sa construction monobloc robuste et sa course de touche de 1,4 mm offrent une exp\u00e9rience de frappe confortable.<\/p>\n<p><img fetchpriority=\"high\" decoding=\"async\" class=\"aligncenter size-full wp-image-3181\" src=\"https:\/\/mersatradedz.com\/wp-content\/uploads\/2025\/05\/20250514_163739-scaled.jpg\" alt=\"\" width=\"2560\" height=\"1920\" srcset=\"https:\/\/mersatradedz.com\/wp-content\/uploads\/2025\/05\/20250514_163739-scaled.jpg 2560w, https:\/\/mersatradedz.com\/wp-content\/uploads\/2025\/05\/20250514_163739-300x225.jpg 300w, https:\/\/mersatradedz.com\/wp-content\/uploads\/2025\/05\/20250514_163739-1024x768.jpg 1024w, https:\/\/mersatradedz.com\/wp-content\/uploads\/2025\/05\/20250514_163739-768x576.jpg 768w, https:\/\/mersatradedz.com\/wp-content\/uploads\/2025\/05\/20250514_163739-1536x1152.jpg 1536w, https:\/\/mersatradedz.com\/wp-content\/uploads\/2025\/05\/20250514_163739-2048x1536.jpg 2048w, https:\/\/mersatradedz.com\/wp-content\/uploads\/2025\/05\/20250514_163739-16x12.jpg 16w, https:\/\/mersatradedz.com\/wp-content\/uploads\/2025\/05\/20250514_163739-600x450.jpg 600w, https:\/\/mersatradedz.com\/wp-content\/uploads\/2025\/05\/20250514_163739-64x48.jpg 64w\" sizes=\"(max-width: 2560px) 100vw, 2560px\" \/><\/p>\n<hr \/>\n<h3>Connectivit\u00e9<\/h3>\n<p>ASUS X515 est \u00e9quip\u00e9 d&rsquo;un port USB-C\u00a03.2 r\u00e9versible, dont la conception \u00e0 sens unique simplifie la connexion des appareils. Il offre \u00e9galement des vitesses de transfert de donn\u00e9es jusqu&rsquo;\u00e0 10 fois sup\u00e9rieures \u00e0 celles des anciennes connexions USB 2.0 ! Il comprend \u00e9galement des ports USB 3.2 Type-A et USB 2.0, une sortie HDMI &#8211; vous pouvez ainsi connecter facilement tous vos p\u00e9riph\u00e9riques, \u00e9crans et projecteurs actuels, sans aucun probl\u00e8me.<\/p>\n<p><img decoding=\"async\" class=\"aligncenter size-full wp-image-3190\" src=\"https:\/\/mersatradedz.com\/wp-content\/uploads\/2025\/05\/Capture-decran-2025-05-15-104623.png\" alt=\"\" width=\"717\" height=\"807\" srcset=\"https:\/\/mersatradedz.com\/wp-content\/uploads\/2025\/05\/Capture-decran-2025-05-15-104623.png 717w, https:\/\/mersatradedz.com\/wp-content\/uploads\/2025\/05\/Capture-decran-2025-05-15-104623-267x300.png 267w, https:\/\/mersatradedz.com\/wp-content\/uploads\/2025\/05\/Capture-decran-2025-05-15-104623-11x12.png 11w, https:\/\/mersatradedz.com\/wp-content\/uploads\/2025\/05\/Capture-decran-2025-05-15-104623-600x675.png 600w, https:\/\/mersatradedz.com\/wp-content\/uploads\/2025\/05\/Capture-decran-2025-05-15-104623-64x72.png 64w\" sizes=\"(max-width: 717px) 100vw, 717px\" \/><\/p>\n<p>&nbsp;<\/p>","protected":false},"excerpt":{"rendered":"<p style=\"text-align: right\">Le <strong data-start=\"231\" data-end=\"258\">ASUS X515EP 15,6 pouces<\/strong> est un <strong data-start=\"266\" data-end=\"300\">ordinateur portable polyvalent<\/strong> con\u00e7u pour la performance au quotidien. \u00c9quip\u00e9 d\u2019un <strong data-start=\"353\" data-end=\"380\">processeur Intel\u00ae Core\u2122<\/strong>, d\u2019une <strong data-start=\"388\" data-end=\"430\" data-is-only-node=\"\">carte graphique NVIDIA\u00ae GeForce\u00ae MX330<\/strong>, et d\u2019un <strong data-start=\"440\" data-end=\"457\">\u00e9cran Full HD<\/strong>, il offre une exp\u00e9rience fluide pour le travail, les \u00e9tudes et le divertissement. Son <strong data-start=\"544\" data-end=\"558\">design fin<\/strong>, son <strong data-start=\"564\" data-end=\"578\">SSD rapide<\/strong>, et sa <strong data-start=\"586\" data-end=\"611\">connectivit\u00e9 compl\u00e8te<\/strong> en font un choix id\u00e9al pour les utilisateurs exigeants.<\/p>","protected":false},"featured_media":3184,"comment_status":"open","ping_status":"closed","template":"","meta":{"_monsterinsights_skip_tracking":false,"_monsterinsights_sitenote_active":false,"_monsterinsights_sitenote_note":"","_monsterinsights_sitenote_category":0},"product_brand":[798],"product_cat":[616],"product_tag":[30,800,125,799,801,197],"class_list":{"0":"post-3179","1":"product","2":"type-product","3":"status-publish","4":"has-post-thumbnail","6":"product_brand-asus","7":"product_cat-laptop-tablette","8":"product_tag-asus","9":"product_tag-game","10":"product_tag-gaming","11":"product_tag-laptop","12":"product_tag-ordinateur","13":"product_tag-pc","15":"first","16":"instock","17":"purchasable","18":"product-type-simple"},"yoast_head":"<!-- This site is optimized with the Yoast SEO plugin v27.4 - https:\/\/yoast.com\/product\/yoast-seo-wordpress\/ -->\n<title>Laptop ASUS X515EP 15.6&quot; - mersatradedz<\/title>\n<meta name=\"robots\" content=\"index, follow, max-snippet:-1, max-image-preview:large, max-video-preview:-1\" \/>\n<link rel=\"canonical\" href=\"https:\/\/mersatradedz.com\/ar\/product\/laptop-asus-x515ep\/\" \/>\n<meta property=\"og:locale\" content=\"ar_AR\" \/>\n<meta property=\"og:type\" content=\"article\" \/>\n<meta property=\"og:title\" content=\"Laptop ASUS X515EP 15.6&quot; - mersatradedz\" \/>\n<meta property=\"og:description\" content=\"Le ASUS X515EP 15,6 pouces est un ordinateur portable polyvalent con\u00e7u pour la performance au quotidien. \u00c9quip\u00e9 d\u2019un processeur Intel\u00ae Core\u2122, d\u2019une carte graphique NVIDIA\u00ae GeForce\u00ae MX330, et d\u2019un \u00e9cran Full HD, il offre une exp\u00e9rience fluide pour le travail, les \u00e9tudes et le divertissement. Son design fin, son SSD rapide, et sa connectivit\u00e9 compl\u00e8te en font un choix id\u00e9al pour les utilisateurs exigeants.\" \/>\n<meta property=\"og:url\" content=\"https:\/\/mersatradedz.com\/ar\/product\/laptop-asus-x515ep\/\" \/>\n<meta property=\"og:site_name\" content=\"mersatradedz\" \/>\n<meta property=\"article:publisher\" content=\"https:\/\/www.facebook.com\/ntbidz\" \/>\n<meta property=\"article:modified_time\" content=\"2025-05-18T11:56:55+00:00\" \/>\n<meta property=\"og:image\" content=\"https:\/\/mersatradedz.com\/wp-content\/uploads\/2025\/05\/20250514_163305-scaled.jpg\" \/>\n\t<meta property=\"og:image:width\" content=\"1920\" \/>\n\t<meta property=\"og:image:height\" content=\"2560\" \/>\n\t<meta property=\"og:image:type\" content=\"image\/jpeg\" \/>\n<meta name=\"twitter:card\" content=\"summary_large_image\" \/>\n<meta name=\"twitter:label1\" content=\"\u0648\u0642\u062a \u0627\u0644\u0642\u0631\u0627\u0621\u0629 \u0627\u0644\u0645\u064f\u0642\u062f\u0651\u0631\" \/>\n\t<meta name=\"twitter:data1\" content=\"\u062f\u0642\u064a\u0642\u0629 \u0648\u0627\u062d\u062f\u0629\" \/>\n<script type=\"application\/ld+json\" class=\"yoast-schema-graph\">{\"@context\":\"https:\\\/\\\/schema.org\",\"@graph\":[{\"@type\":\"WebPage\",\"@id\":\"https:\\\/\\\/mersatradedz.com\\\/product\\\/laptop-asus-x515ep\\\/\",\"url\":\"https:\\\/\\\/mersatradedz.com\\\/product\\\/laptop-asus-x515ep\\\/\",\"name\":\"Laptop ASUS X515EP 15.6\\\" - mersatradedz\",\"isPartOf\":{\"@id\":\"https:\\\/\\\/mersatradedz.com\\\/#website\"},\"primaryImageOfPage\":{\"@id\":\"https:\\\/\\\/mersatradedz.com\\\/product\\\/laptop-asus-x515ep\\\/#primaryimage\"},\"image\":{\"@id\":\"https:\\\/\\\/mersatradedz.com\\\/product\\\/laptop-asus-x515ep\\\/#primaryimage\"},\"thumbnailUrl\":\"https:\\\/\\\/mersatradedz.com\\\/wp-content\\\/uploads\\\/2025\\\/05\\\/20250514_163305-scaled.jpg\",\"datePublished\":\"2025-05-15T09:58:14+00:00\",\"dateModified\":\"2025-05-18T11:56:55+00:00\",\"breadcrumb\":{\"@id\":\"https:\\\/\\\/mersatradedz.com\\\/product\\\/laptop-asus-x515ep\\\/#breadcrumb\"},\"inLanguage\":\"ar\",\"potentialAction\":[{\"@type\":\"ReadAction\",\"target\":[\"https:\\\/\\\/mersatradedz.com\\\/product\\\/laptop-asus-x515ep\\\/\"]}]},{\"@type\":\"ImageObject\",\"inLanguage\":\"ar\",\"@id\":\"https:\\\/\\\/mersatradedz.com\\\/product\\\/laptop-asus-x515ep\\\/#primaryimage\",\"url\":\"https:\\\/\\\/mersatradedz.com\\\/wp-content\\\/uploads\\\/2025\\\/05\\\/20250514_163305-scaled.jpg\",\"contentUrl\":\"https:\\\/\\\/mersatradedz.com\\\/wp-content\\\/uploads\\\/2025\\\/05\\\/20250514_163305-scaled.jpg\",\"width\":1920,\"height\":2560},{\"@type\":\"BreadcrumbList\",\"@id\":\"https:\\\/\\\/mersatradedz.com\\\/product\\\/laptop-asus-x515ep\\\/#breadcrumb\",\"itemListElement\":[{\"@type\":\"ListItem\",\"position\":1,\"name\":\"Home\",\"item\":\"https:\\\/\\\/mersatradedz.com\\\/ar\\\/\"},{\"@type\":\"ListItem\",\"position\":2,\"name\":\"Boutique\",\"item\":\"https:\\\/\\\/mersatradedz.com\\\/shop\\\/\"},{\"@type\":\"ListItem\",\"position\":3,\"name\":\"Laptop ASUS X515EP 15.6&Prime;\"}]},{\"@type\":\"WebSite\",\"@id\":\"https:\\\/\\\/mersatradedz.com\\\/#website\",\"url\":\"https:\\\/\\\/mersatradedz.com\\\/\",\"name\":\"mersatradedz\",\"description\":\"\",\"publisher\":{\"@id\":\"https:\\\/\\\/mersatradedz.com\\\/#organization\"},\"potentialAction\":[{\"@type\":\"SearchAction\",\"target\":{\"@type\":\"EntryPoint\",\"urlTemplate\":\"https:\\\/\\\/mersatradedz.com\\\/?s={search_term_string}\"},\"query-input\":{\"@type\":\"PropertyValueSpecification\",\"valueRequired\":true,\"valueName\":\"search_term_string\"}}],\"inLanguage\":\"ar\"},{\"@type\":\"Organization\",\"@id\":\"https:\\\/\\\/mersatradedz.com\\\/#organization\",\"name\":\"mersa trade\",\"url\":\"https:\\\/\\\/mersatradedz.com\\\/\",\"logo\":{\"@type\":\"ImageObject\",\"inLanguage\":\"ar\",\"@id\":\"https:\\\/\\\/mersatradedz.com\\\/#\\\/schema\\\/logo\\\/image\\\/\",\"url\":\"https:\\\/\\\/mersatradedz.com\\\/wp-content\\\/uploads\\\/2023\\\/07\\\/cropped-1684191296456.jpg\",\"contentUrl\":\"https:\\\/\\\/mersatradedz.com\\\/wp-content\\\/uploads\\\/2023\\\/07\\\/cropped-1684191296456.jpg\",\"width\":1451,\"height\":955,\"caption\":\"mersa trade\"},\"image\":{\"@id\":\"https:\\\/\\\/mersatradedz.com\\\/#\\\/schema\\\/logo\\\/image\\\/\"},\"sameAs\":[\"https:\\\/\\\/www.facebook.com\\\/ntbidz\"]}]}<\/script>\n<!-- \/ Yoast SEO plugin. -->","yoast_head_json":{"title":"Laptop ASUS X515EP 15.6\" - mersatradedz","robots":{"index":"index","follow":"follow","max-snippet":"max-snippet:-1","max-image-preview":"max-image-preview:large","max-video-preview":"max-video-preview:-1"},"canonical":"https:\/\/mersatradedz.com\/ar\/product\/laptop-asus-x515ep\/","og_locale":"ar_AR","og_type":"article","og_title":"Laptop ASUS X515EP 15.6\" - mersatradedz","og_description":"Le ASUS X515EP 15,6 pouces est un ordinateur portable polyvalent con\u00e7u pour la performance au quotidien. \u00c9quip\u00e9 d\u2019un processeur Intel\u00ae Core\u2122, d\u2019une carte graphique NVIDIA\u00ae GeForce\u00ae MX330, et d\u2019un \u00e9cran Full HD, il offre une exp\u00e9rience fluide pour le travail, les \u00e9tudes et le divertissement. Son design fin, son SSD rapide, et sa connectivit\u00e9 compl\u00e8te en font un choix id\u00e9al pour les utilisateurs exigeants.","og_url":"https:\/\/mersatradedz.com\/ar\/product\/laptop-asus-x515ep\/","og_site_name":"mersatradedz","article_publisher":"https:\/\/www.facebook.com\/ntbidz","article_modified_time":"2025-05-18T11:56:55+00:00","og_image":[{"width":1920,"height":2560,"url":"https:\/\/mersatradedz.com\/wp-content\/uploads\/2025\/05\/20250514_163305-scaled.jpg","type":"image\/jpeg"}],"twitter_card":"summary_large_image","twitter_misc":{"\u0648\u0642\u062a \u0627\u0644\u0642\u0631\u0627\u0621\u0629 \u0627\u0644\u0645\u064f\u0642\u062f\u0651\u0631":"\u062f\u0642\u064a\u0642\u0629 \u0648\u0627\u062d\u062f\u0629"},"schema":{"@context":"https:\/\/schema.org","@graph":[{"@type":"WebPage","@id":"https:\/\/mersatradedz.com\/product\/laptop-asus-x515ep\/","url":"https:\/\/mersatradedz.com\/product\/laptop-asus-x515ep\/","name":"Laptop ASUS X515EP 15.6\" - mersatradedz","isPartOf":{"@id":"https:\/\/mersatradedz.com\/#website"},"primaryImageOfPage":{"@id":"https:\/\/mersatradedz.com\/product\/laptop-asus-x515ep\/#primaryimage"},"image":{"@id":"https:\/\/mersatradedz.com\/product\/laptop-asus-x515ep\/#primaryimage"},"thumbnailUrl":"https:\/\/mersatradedz.com\/wp-content\/uploads\/2025\/05\/20250514_163305-scaled.jpg","datePublished":"2025-05-15T09:58:14+00:00","dateModified":"2025-05-18T11:56:55+00:00","breadcrumb":{"@id":"https:\/\/mersatradedz.com\/product\/laptop-asus-x515ep\/#breadcrumb"},"inLanguage":"ar","potentialAction":[{"@type":"ReadAction","target":["https:\/\/mersatradedz.com\/product\/laptop-asus-x515ep\/"]}]},{"@type":"ImageObject","inLanguage":"ar","@id":"https:\/\/mersatradedz.com\/product\/laptop-asus-x515ep\/#primaryimage","url":"https:\/\/mersatradedz.com\/wp-content\/uploads\/2025\/05\/20250514_163305-scaled.jpg","contentUrl":"https:\/\/mersatradedz.com\/wp-content\/uploads\/2025\/05\/20250514_163305-scaled.jpg","width":1920,"height":2560},{"@type":"BreadcrumbList","@id":"https:\/\/mersatradedz.com\/product\/laptop-asus-x515ep\/#breadcrumb","itemListElement":[{"@type":"ListItem","position":1,"name":"Home","item":"https:\/\/mersatradedz.com\/ar\/"},{"@type":"ListItem","position":2,"name":"Boutique","item":"https:\/\/mersatradedz.com\/shop\/"},{"@type":"ListItem","position":3,"name":"Laptop ASUS X515EP 15.6&Prime;"}]},{"@type":"WebSite","@id":"https:\/\/mersatradedz.com\/#website","url":"https:\/\/mersatradedz.com\/","name":"mersatradedz","description":"","publisher":{"@id":"https:\/\/mersatradedz.com\/#organization"},"potentialAction":[{"@type":"SearchAction","target":{"@type":"EntryPoint","urlTemplate":"https:\/\/mersatradedz.com\/?s={search_term_string}"},"query-input":{"@type":"PropertyValueSpecification","valueRequired":true,"valueName":"search_term_string"}}],"inLanguage":"ar"},{"@type":"Organization","@id":"https:\/\/mersatradedz.com\/#organization","name":"mersa trade","url":"https:\/\/mersatradedz.com\/","logo":{"@type":"ImageObject","inLanguage":"ar","@id":"https:\/\/mersatradedz.com\/#\/schema\/logo\/image\/","url":"https:\/\/mersatradedz.com\/wp-content\/uploads\/2023\/07\/cropped-1684191296456.jpg","contentUrl":"https:\/\/mersatradedz.com\/wp-content\/uploads\/2023\/07\/cropped-1684191296456.jpg","width":1451,"height":955,"caption":"mersa trade"},"image":{"@id":"https:\/\/mersatradedz.com\/#\/schema\/logo\/image\/"},"sameAs":["https:\/\/www.facebook.com\/ntbidz"]}]}},"jetpack_sharing_enabled":true,"_links":{"self":[{"href":"https:\/\/mersatradedz.com\/ar\/wp-json\/wp\/v2\/product\/3179","targetHints":{"allow":["GET"]}}],"collection":[{"href":"https:\/\/mersatradedz.com\/ar\/wp-json\/wp\/v2\/product"}],"about":[{"href":"https:\/\/mersatradedz.com\/ar\/wp-json\/wp\/v2\/types\/product"}],"replies":[{"embeddable":true,"href":"https:\/\/mersatradedz.com\/ar\/wp-json\/wp\/v2\/comments?post=3179"}],"wp:featuredmedia":[{"embeddable":true,"href":"https:\/\/mersatradedz.com\/ar\/wp-json\/wp\/v2\/media\/3184"}],"wp:attachment":[{"href":"https:\/\/mersatradedz.com\/ar\/wp-json\/wp\/v2\/media?parent=3179"}],"wp:term":[{"taxonomy":"product_brand","embeddable":true,"href":"https:\/\/mersatradedz.com\/ar\/wp-json\/wp\/v2\/product_brand?post=3179"},{"taxonomy":"product_cat","embeddable":true,"href":"https:\/\/mersatradedz.com\/ar\/wp-json\/wp\/v2\/product_cat?post=3179"},{"taxonomy":"product_tag","embeddable":true,"href":"https:\/\/mersatradedz.com\/ar\/wp-json\/wp\/v2\/product_tag?post=3179"}],"curies":[{"name":"wp","href":"https:\/\/api.w.org\/{rel}","templated":true}]}}