{"id":3204,"date":"2025-05-17T10:54:57","date_gmt":"2025-05-17T09:54:57","guid":{"rendered":"https:\/\/mersatradedz.com\/product\/compteuse-de-bille-6100\/"},"modified":"2025-08-09T08:50:37","modified_gmt":"2025-08-09T07:50:37","slug":"compteur-de-billets-machine-a-compter-largent-detecteur-de-faux-billets-compteur-automatique-compteur-uv-mg-ir-machine-de-comptage-rapide-compteur-de-monnaie-professionnel-machine-pour-billet-2","status":"publish","type":"product","link":"https:\/\/mersatradedz.com\/ar\/product\/compteur-de-billets-machine-a-compter-largent-detecteur-de-faux-billets-compteur-automatique-compteur-uv-mg-ir-machine-de-comptage-rapide-compteur-de-monnaie-professionnel-machine-pour-billet-2\/","title":{"rendered":"Compteuse De Billet 6100"},"content":{"rendered":"<hr \/>\n<h3 class=\"\" data-start=\"1010\" data-end=\"1050\">\u2705 <strong data-start=\"1016\" data-end=\"1048\">Caract\u00e9ristiques Principales<\/strong> :<\/h3>\n<ul data-start=\"1051\" data-end=\"1551\">\n<li class=\"\" data-start=\"1108\" data-end=\"1165\">\n<p class=\"\" data-start=\"1110\" data-end=\"1165\">\ud83e\udde0 <strong data-start=\"1113\" data-end=\"1163\">D\u00e9marrage, arr\u00eat et remise \u00e0 z\u00e9ro automatiques<\/strong><\/p>\n<\/li>\n<li class=\"\" data-start=\"1166\" data-end=\"1208\">\n<p class=\"\" data-start=\"1168\" data-end=\"1208\">\ud83d\udd0e <strong data-start=\"1171\" data-end=\"1206\">D\u00e9tection UV, MG et IR int\u00e9gr\u00e9e<\/strong><\/p>\n<\/li>\n<li class=\"\" data-start=\"1272\" data-end=\"1333\">\n<p class=\"\" data-start=\"1274\" data-end=\"1333\">\ud83d\udcca <strong data-start=\"1277\" data-end=\"1331\">\u00c9cran LED 4 chiffres (comptage) + 3 chiffres (batch)<\/strong><\/p>\n<\/li>\n<li class=\"\" data-start=\"1437\" data-end=\"1489\">\n<p class=\"\" data-start=\"1439\" data-end=\"1489\">\ud83e\uddee <strong data-start=\"1442\" data-end=\"1487\">Fonctions de lot, addition et auto-examen<\/strong><\/p>\n<\/li>\n<li class=\"\" data-start=\"1490\" data-end=\"1551\">\n<p class=\"\" data-start=\"1492\" data-end=\"1551\">\ud83d\udcb5 <strong data-start=\"1495\" data-end=\"1551\">Compatible avec la plupart des devises dans le monde<\/strong><\/p>\n<\/li>\n<\/ul>\n<hr \/>\n<h3 class=\"\" data-start=\"1558\" data-end=\"1596\">\ud83d\udce6 <strong data-start=\"1565\" data-end=\"1594\">Sp\u00e9cifications Techniques<\/strong> :<\/h3>\n<ul data-start=\"1597\" data-end=\"1868\">\n<li class=\"\" data-start=\"1597\" data-end=\"1656\"><strong data-start=\"1599\" data-end=\"1641\">Capacit\u00e9 du chargeur \/ bac de sortie : <\/strong>200 billets<\/li>\n<li><strong data-start=\"1599\" data-end=\"1641\">Capacit\u00e9 du chargeur \/ bac de sortie : <\/strong>200 billets<\/li>\n<li><strong data-start=\"1055\" data-end=\"1087\">Vitesse de comptage \u00e9lev\u00e9e :<\/strong> \u22651000 billets\/min<\/li>\n<li><strong data-start=\"1707\" data-end=\"1737\">Dimensions de l&rsquo;appareil :<\/strong> 300\u00d7235\u00d7200 mm<\/li>\n<li><strong data-start=\"1214\" data-end=\"1247\">Taille des billets accept\u00e9s :<\/strong> de 50\u00d7110 \u00e0 90\u00d7190 mm<\/li>\n<li class=\"\" data-start=\"1657\" data-end=\"1704\"><strong data-start=\"1659\" data-end=\"1686\">\u00c9paisseur des billets :<\/strong> 0.075 \u2013 0.15 mm<\/li>\n<li><strong data-start=\"1339\" data-end=\"1374\">Structure robuste \u2013 Poids net :<\/strong> 5,3 kg<\/li>\n<li class=\"\" data-start=\"1841\" data-end=\"1868\"><strong data-start=\"1843\" data-end=\"1859\">Poids brut :<\/strong> 6,3 kg<\/li>\n<li><strong data-start=\"1389\" data-end=\"1409\">Tension :<\/strong> AC 220V 50Hz<\/li>\n<li class=\"\" data-start=\"1802\" data-end=\"1840\"><strong data-start=\"1804\" data-end=\"1833\">Consommation \u00e9lectrique :<\/strong> \u226480W<\/li>\n<li><strong data-start=\"1757\" data-end=\"1784\">Taille de l\u2019emballage :<\/strong> 375\u00d7313\u00d7258 mm<\/li>\n<\/ul>","protected":false},"excerpt":{"rendered":"<h2 class=\"\" data-start=\"226\" data-end=\"312\">\ud83d\udcb6 <strong data-start=\"232\" data-end=\"312\">Compteur de Billets 6100 \u2013 Compteur de Monnaie Rapide avec D\u00e9tection UV\/MG\/IR<\/strong><\/h2>\n<p class=\"\" data-start=\"314\" data-end=\"345\">\ud83d\udcbc <strong data-start=\"317\" data-end=\"345\">Fiable | Rapide | Pr\u00e9cis<\/strong><\/p>\n<p class=\"\" data-start=\"347\" data-end=\"644\">Optimisez votre gestion de tr\u00e9sorerie avec le <strong data-start=\"393\" data-end=\"420\">Compteur de Billets 6100<\/strong>, un appareil professionnel con\u00e7u pour les <strong data-start=\"463\" data-end=\"513\">commerces, banques, bureaux et points de vente<\/strong>. Gr\u00e2ce \u00e0 une vitesse de comptage \u00e9lev\u00e9e (\u22651000 billets\/minute), il vous garantit un gain de temps et une pr\u00e9cision exceptionnelle.<\/p>\n<p class=\"\" data-start=\"646\" data-end=\"831\">\ud83d\udd0d Dot\u00e9 de technologies avanc\u00e9es de <strong data-start=\"682\" data-end=\"711\">d\u00e9tection de faux billets<\/strong> (UV \u2013 ultraviolet, MG \u2013 magn\u00e9tique, IR \u2013 infrarouge), il prot\u00e8ge efficacement votre entreprise contre les contrefa\u00e7ons.<\/p>\n<p class=\"\" data-start=\"833\" data-end=\"1003\">Avec ses fonctions <strong data-start=\"852\" data-end=\"899\">batch (lot), addition, et auto v\u00e9rification<\/strong>, ce compteur facilite le traitement des volumes \u00e9lev\u00e9s d\u2019argent tout en r\u00e9duisant les erreurs humaines.<\/p>","protected":false},"featured_media":3211,"comment_status":"open","ping_status":"closed","template":"","meta":{"_monsterinsights_skip_tracking":false,"_monsterinsights_sitenote_active":false,"_monsterinsights_sitenote_note":"","_monsterinsights_sitenote_category":0},"product_brand":[],"product_cat":[733],"product_tag":[],"class_list":{"0":"post-3204","1":"product","2":"type-product","3":"status-publish","4":"has-post-thumbnail","6":"product_cat-compteuse-de-billet","7":"product_shipping_class-7kg","9":"first","10":"instock","11":"sale","12":"purchasable","13":"product-type-simple"},"yoast_head":"<!-- This site is optimized with the Yoast SEO plugin v27.4 - https:\/\/yoast.com\/product\/yoast-seo-wordpress\/ -->\n<title>Compteuse De Billet 6100 - mersatradedz<\/title>\n<meta name=\"robots\" content=\"index, follow, max-snippet:-1, max-image-preview:large, max-video-preview:-1\" \/>\n<link rel=\"canonical\" href=\"https:\/\/mersatradedz.com\/ar\/product\/compteur-de-billets-machine-a-compter-largent-detecteur-de-faux-billets-compteur-automatique-compteur-uv-mg-ir-machine-de-comptage-rapide-compteur-de-monnaie-professionnel-machine-pour-billet-2\/\" \/>\n<meta property=\"og:locale\" content=\"ar_AR\" \/>\n<meta property=\"og:type\" content=\"article\" \/>\n<meta property=\"og:title\" content=\"Compteuse De Billet 6100 - mersatradedz\" \/>\n<meta property=\"og:description\" content=\"\ud83d\udcb6 Compteur de Billets 6100 \u2013 Compteur de Monnaie Rapide avec D\u00e9tection UV\/MG\/IR \ud83d\udcbc Fiable | Rapide | Pr\u00e9cis Optimisez votre gestion de tr\u00e9sorerie avec le Compteur de Billets 6100, un appareil professionnel con\u00e7u pour les commerces, banques, bureaux et points de vente. Gr\u00e2ce \u00e0 une vitesse de comptage \u00e9lev\u00e9e (\u22651000 billets\/minute), il vous garantit un gain de temps et une pr\u00e9cision exceptionnelle. \ud83d\udd0d Dot\u00e9 de technologies avanc\u00e9es de d\u00e9tection de faux billets (UV \u2013 ultraviolet, MG \u2013 magn\u00e9tique, IR \u2013 infrarouge), il prot\u00e8ge efficacement votre entreprise contre les contrefa\u00e7ons. Avec ses fonctions batch (lot), addition, et auto v\u00e9rification, ce compteur facilite le traitement des volumes \u00e9lev\u00e9s d\u2019argent tout en r\u00e9duisant les erreurs humaines.\" \/>\n<meta property=\"og:url\" content=\"https:\/\/mersatradedz.com\/ar\/product\/compteur-de-billets-machine-a-compter-largent-detecteur-de-faux-billets-compteur-automatique-compteur-uv-mg-ir-machine-de-comptage-rapide-compteur-de-monnaie-professionnel-machine-pour-billet-2\/\" \/>\n<meta property=\"og:site_name\" content=\"mersatradedz\" \/>\n<meta property=\"article:publisher\" content=\"https:\/\/www.facebook.com\/ntbidz\" \/>\n<meta property=\"article:modified_time\" content=\"2025-08-09T07:50:37+00:00\" \/>\n<meta property=\"og:image\" content=\"https:\/\/mersatradedz.com\/wp-content\/uploads\/2025\/05\/Group-22-scaled.jpg\" \/>\n\t<meta property=\"og:image:width\" content=\"1949\" \/>\n\t<meta property=\"og:image:height\" content=\"2560\" \/>\n\t<meta property=\"og:image:type\" content=\"image\/jpeg\" \/>\n<meta name=\"twitter:card\" content=\"summary_large_image\" \/>\n<meta name=\"twitter:label1\" content=\"\u0648\u0642\u062a \u0627\u0644\u0642\u0631\u0627\u0621\u0629 \u0627\u0644\u0645\u064f\u0642\u062f\u0651\u0631\" \/>\n\t<meta name=\"twitter:data1\" content=\"\u062f\u0642\u064a\u0642\u0629 \u0648\u0627\u062d\u062f\u0629\" \/>\n<script type=\"application\/ld+json\" class=\"yoast-schema-graph\">{\"@context\":\"https:\\\/\\\/schema.org\",\"@graph\":[{\"@type\":\"WebPage\",\"@id\":\"https:\\\/\\\/mersatradedz.com\\\/product\\\/compteur-de-billets-machine-a-compter-largent-detecteur-de-faux-billets-compteur-automatique-compteur-uv-mg-ir-machine-de-comptage-rapide-compteur-de-monnaie-professionnel-machine-pour-billet-2\\\/\",\"url\":\"https:\\\/\\\/mersatradedz.com\\\/product\\\/compteur-de-billets-machine-a-compter-largent-detecteur-de-faux-billets-compteur-automatique-compteur-uv-mg-ir-machine-de-comptage-rapide-compteur-de-monnaie-professionnel-machine-pour-billet-2\\\/\",\"name\":\"Compteuse De Billet 6100 - mersatradedz\",\"isPartOf\":{\"@id\":\"https:\\\/\\\/mersatradedz.com\\\/#website\"},\"primaryImageOfPage\":{\"@id\":\"https:\\\/\\\/mersatradedz.com\\\/product\\\/compteur-de-billets-machine-a-compter-largent-detecteur-de-faux-billets-compteur-automatique-compteur-uv-mg-ir-machine-de-comptage-rapide-compteur-de-monnaie-professionnel-machine-pour-billet-2\\\/#primaryimage\"},\"image\":{\"@id\":\"https:\\\/\\\/mersatradedz.com\\\/product\\\/compteur-de-billets-machine-a-compter-largent-detecteur-de-faux-billets-compteur-automatique-compteur-uv-mg-ir-machine-de-comptage-rapide-compteur-de-monnaie-professionnel-machine-pour-billet-2\\\/#primaryimage\"},\"thumbnailUrl\":\"https:\\\/\\\/mersatradedz.com\\\/wp-content\\\/uploads\\\/2025\\\/05\\\/Group-22-scaled.jpg\",\"datePublished\":\"2025-05-17T09:54:57+00:00\",\"dateModified\":\"2025-08-09T07:50:37+00:00\",\"breadcrumb\":{\"@id\":\"https:\\\/\\\/mersatradedz.com\\\/product\\\/compteur-de-billets-machine-a-compter-largent-detecteur-de-faux-billets-compteur-automatique-compteur-uv-mg-ir-machine-de-comptage-rapide-compteur-de-monnaie-professionnel-machine-pour-billet-2\\\/#breadcrumb\"},\"inLanguage\":\"ar\",\"potentialAction\":[{\"@type\":\"ReadAction\",\"target\":[\"https:\\\/\\\/mersatradedz.com\\\/product\\\/compteur-de-billets-machine-a-compter-largent-detecteur-de-faux-billets-compteur-automatique-compteur-uv-mg-ir-machine-de-comptage-rapide-compteur-de-monnaie-professionnel-machine-pour-billet-2\\\/\"]}]},{\"@type\":\"ImageObject\",\"inLanguage\":\"ar\",\"@id\":\"https:\\\/\\\/mersatradedz.com\\\/product\\\/compteur-de-billets-machine-a-compter-largent-detecteur-de-faux-billets-compteur-automatique-compteur-uv-mg-ir-machine-de-comptage-rapide-compteur-de-monnaie-professionnel-machine-pour-billet-2\\\/#primaryimage\",\"url\":\"https:\\\/\\\/mersatradedz.com\\\/wp-content\\\/uploads\\\/2025\\\/05\\\/Group-22-scaled.jpg\",\"contentUrl\":\"https:\\\/\\\/mersatradedz.com\\\/wp-content\\\/uploads\\\/2025\\\/05\\\/Group-22-scaled.jpg\",\"width\":1949,\"height\":2560},{\"@type\":\"BreadcrumbList\",\"@id\":\"https:\\\/\\\/mersatradedz.com\\\/product\\\/compteur-de-billets-machine-a-compter-largent-detecteur-de-faux-billets-compteur-automatique-compteur-uv-mg-ir-machine-de-comptage-rapide-compteur-de-monnaie-professionnel-machine-pour-billet-2\\\/#breadcrumb\",\"itemListElement\":[{\"@type\":\"ListItem\",\"position\":1,\"name\":\"Home\",\"item\":\"https:\\\/\\\/mersatradedz.com\\\/ar\\\/\"},{\"@type\":\"ListItem\",\"position\":2,\"name\":\"Boutique\",\"item\":\"https:\\\/\\\/mersatradedz.com\\\/shop\\\/\"},{\"@type\":\"ListItem\",\"position\":3,\"name\":\"Compteuse De Billet 6100\"}]},{\"@type\":\"WebSite\",\"@id\":\"https:\\\/\\\/mersatradedz.com\\\/#website\",\"url\":\"https:\\\/\\\/mersatradedz.com\\\/\",\"name\":\"mersatradedz\",\"description\":\"\",\"publisher\":{\"@id\":\"https:\\\/\\\/mersatradedz.com\\\/#organization\"},\"potentialAction\":[{\"@type\":\"SearchAction\",\"target\":{\"@type\":\"EntryPoint\",\"urlTemplate\":\"https:\\\/\\\/mersatradedz.com\\\/?s={search_term_string}\"},\"query-input\":{\"@type\":\"PropertyValueSpecification\",\"valueRequired\":true,\"valueName\":\"search_term_string\"}}],\"inLanguage\":\"ar\"},{\"@type\":\"Organization\",\"@id\":\"https:\\\/\\\/mersatradedz.com\\\/#organization\",\"name\":\"mersa trade\",\"url\":\"https:\\\/\\\/mersatradedz.com\\\/\",\"logo\":{\"@type\":\"ImageObject\",\"inLanguage\":\"ar\",\"@id\":\"https:\\\/\\\/mersatradedz.com\\\/#\\\/schema\\\/logo\\\/image\\\/\",\"url\":\"https:\\\/\\\/mersatradedz.com\\\/wp-content\\\/uploads\\\/2023\\\/07\\\/cropped-1684191296456.jpg\",\"contentUrl\":\"https:\\\/\\\/mersatradedz.com\\\/wp-content\\\/uploads\\\/2023\\\/07\\\/cropped-1684191296456.jpg\",\"width\":1451,\"height\":955,\"caption\":\"mersa trade\"},\"image\":{\"@id\":\"https:\\\/\\\/mersatradedz.com\\\/#\\\/schema\\\/logo\\\/image\\\/\"},\"sameAs\":[\"https:\\\/\\\/www.facebook.com\\\/ntbidz\"]}]}<\/script>\n<!-- \/ Yoast SEO plugin. -->","yoast_head_json":{"title":"Compteuse De Billet 6100 - mersatradedz","robots":{"index":"index","follow":"follow","max-snippet":"max-snippet:-1","max-image-preview":"max-image-preview:large","max-video-preview":"max-video-preview:-1"},"canonical":"https:\/\/mersatradedz.com\/ar\/product\/compteur-de-billets-machine-a-compter-largent-detecteur-de-faux-billets-compteur-automatique-compteur-uv-mg-ir-machine-de-comptage-rapide-compteur-de-monnaie-professionnel-machine-pour-billet-2\/","og_locale":"ar_AR","og_type":"article","og_title":"Compteuse De Billet 6100 - mersatradedz","og_description":"\ud83d\udcb6 Compteur de Billets 6100 \u2013 Compteur de Monnaie Rapide avec D\u00e9tection UV\/MG\/IR \ud83d\udcbc Fiable | Rapide | Pr\u00e9cis Optimisez votre gestion de tr\u00e9sorerie avec le Compteur de Billets 6100, un appareil professionnel con\u00e7u pour les commerces, banques, bureaux et points de vente. Gr\u00e2ce \u00e0 une vitesse de comptage \u00e9lev\u00e9e (\u22651000 billets\/minute), il vous garantit un gain de temps et une pr\u00e9cision exceptionnelle. \ud83d\udd0d Dot\u00e9 de technologies avanc\u00e9es de d\u00e9tection de faux billets (UV \u2013 ultraviolet, MG \u2013 magn\u00e9tique, IR \u2013 infrarouge), il prot\u00e8ge efficacement votre entreprise contre les contrefa\u00e7ons. Avec ses fonctions batch (lot), addition, et auto v\u00e9rification, ce compteur facilite le traitement des volumes \u00e9lev\u00e9s d\u2019argent tout en r\u00e9duisant les erreurs humaines.","og_url":"https:\/\/mersatradedz.com\/ar\/product\/compteur-de-billets-machine-a-compter-largent-detecteur-de-faux-billets-compteur-automatique-compteur-uv-mg-ir-machine-de-comptage-rapide-compteur-de-monnaie-professionnel-machine-pour-billet-2\/","og_site_name":"mersatradedz","article_publisher":"https:\/\/www.facebook.com\/ntbidz","article_modified_time":"2025-08-09T07:50:37+00:00","og_image":[{"width":1949,"height":2560,"url":"https:\/\/mersatradedz.com\/wp-content\/uploads\/2025\/05\/Group-22-scaled.jpg","type":"image\/jpeg"}],"twitter_card":"summary_large_image","twitter_misc":{"\u0648\u0642\u062a \u0627\u0644\u0642\u0631\u0627\u0621\u0629 \u0627\u0644\u0645\u064f\u0642\u062f\u0651\u0631":"\u062f\u0642\u064a\u0642\u0629 \u0648\u0627\u062d\u062f\u0629"},"schema":{"@context":"https:\/\/schema.org","@graph":[{"@type":"WebPage","@id":"https:\/\/mersatradedz.com\/product\/compteur-de-billets-machine-a-compter-largent-detecteur-de-faux-billets-compteur-automatique-compteur-uv-mg-ir-machine-de-comptage-rapide-compteur-de-monnaie-professionnel-machine-pour-billet-2\/","url":"https:\/\/mersatradedz.com\/product\/compteur-de-billets-machine-a-compter-largent-detecteur-de-faux-billets-compteur-automatique-compteur-uv-mg-ir-machine-de-comptage-rapide-compteur-de-monnaie-professionnel-machine-pour-billet-2\/","name":"Compteuse De Billet 6100 - mersatradedz","isPartOf":{"@id":"https:\/\/mersatradedz.com\/#website"},"primaryImageOfPage":{"@id":"https:\/\/mersatradedz.com\/product\/compteur-de-billets-machine-a-compter-largent-detecteur-de-faux-billets-compteur-automatique-compteur-uv-mg-ir-machine-de-comptage-rapide-compteur-de-monnaie-professionnel-machine-pour-billet-2\/#primaryimage"},"image":{"@id":"https:\/\/mersatradedz.com\/product\/compteur-de-billets-machine-a-compter-largent-detecteur-de-faux-billets-compteur-automatique-compteur-uv-mg-ir-machine-de-comptage-rapide-compteur-de-monnaie-professionnel-machine-pour-billet-2\/#primaryimage"},"thumbnailUrl":"https:\/\/mersatradedz.com\/wp-content\/uploads\/2025\/05\/Group-22-scaled.jpg","datePublished":"2025-05-17T09:54:57+00:00","dateModified":"2025-08-09T07:50:37+00:00","breadcrumb":{"@id":"https:\/\/mersatradedz.com\/product\/compteur-de-billets-machine-a-compter-largent-detecteur-de-faux-billets-compteur-automatique-compteur-uv-mg-ir-machine-de-comptage-rapide-compteur-de-monnaie-professionnel-machine-pour-billet-2\/#breadcrumb"},"inLanguage":"ar","potentialAction":[{"@type":"ReadAction","target":["https:\/\/mersatradedz.com\/product\/compteur-de-billets-machine-a-compter-largent-detecteur-de-faux-billets-compteur-automatique-compteur-uv-mg-ir-machine-de-comptage-rapide-compteur-de-monnaie-professionnel-machine-pour-billet-2\/"]}]},{"@type":"ImageObject","inLanguage":"ar","@id":"https:\/\/mersatradedz.com\/product\/compteur-de-billets-machine-a-compter-largent-detecteur-de-faux-billets-compteur-automatique-compteur-uv-mg-ir-machine-de-comptage-rapide-compteur-de-monnaie-professionnel-machine-pour-billet-2\/#primaryimage","url":"https:\/\/mersatradedz.com\/wp-content\/uploads\/2025\/05\/Group-22-scaled.jpg","contentUrl":"https:\/\/mersatradedz.com\/wp-content\/uploads\/2025\/05\/Group-22-scaled.jpg","width":1949,"height":2560},{"@type":"BreadcrumbList","@id":"https:\/\/mersatradedz.com\/product\/compteur-de-billets-machine-a-compter-largent-detecteur-de-faux-billets-compteur-automatique-compteur-uv-mg-ir-machine-de-comptage-rapide-compteur-de-monnaie-professionnel-machine-pour-billet-2\/#breadcrumb","itemListElement":[{"@type":"ListItem","position":1,"name":"Home","item":"https:\/\/mersatradedz.com\/ar\/"},{"@type":"ListItem","position":2,"name":"Boutique","item":"https:\/\/mersatradedz.com\/shop\/"},{"@type":"ListItem","position":3,"name":"Compteuse De Billet 6100"}]},{"@type":"WebSite","@id":"https:\/\/mersatradedz.com\/#website","url":"https:\/\/mersatradedz.com\/","name":"mersatradedz","description":"","publisher":{"@id":"https:\/\/mersatradedz.com\/#organization"},"potentialAction":[{"@type":"SearchAction","target":{"@type":"EntryPoint","urlTemplate":"https:\/\/mersatradedz.com\/?s={search_term_string}"},"query-input":{"@type":"PropertyValueSpecification","valueRequired":true,"valueName":"search_term_string"}}],"inLanguage":"ar"},{"@type":"Organization","@id":"https:\/\/mersatradedz.com\/#organization","name":"mersa trade","url":"https:\/\/mersatradedz.com\/","logo":{"@type":"ImageObject","inLanguage":"ar","@id":"https:\/\/mersatradedz.com\/#\/schema\/logo\/image\/","url":"https:\/\/mersatradedz.com\/wp-content\/uploads\/2023\/07\/cropped-1684191296456.jpg","contentUrl":"https:\/\/mersatradedz.com\/wp-content\/uploads\/2023\/07\/cropped-1684191296456.jpg","width":1451,"height":955,"caption":"mersa trade"},"image":{"@id":"https:\/\/mersatradedz.com\/#\/schema\/logo\/image\/"},"sameAs":["https:\/\/www.facebook.com\/ntbidz"]}]}},"jetpack_sharing_enabled":true,"_links":{"self":[{"href":"https:\/\/mersatradedz.com\/ar\/wp-json\/wp\/v2\/product\/3204","targetHints":{"allow":["GET"]}}],"collection":[{"href":"https:\/\/mersatradedz.com\/ar\/wp-json\/wp\/v2\/product"}],"about":[{"href":"https:\/\/mersatradedz.com\/ar\/wp-json\/wp\/v2\/types\/product"}],"replies":[{"embeddable":true,"href":"https:\/\/mersatradedz.com\/ar\/wp-json\/wp\/v2\/comments?post=3204"}],"wp:featuredmedia":[{"embeddable":true,"href":"https:\/\/mersatradedz.com\/ar\/wp-json\/wp\/v2\/media\/3211"}],"wp:attachment":[{"href":"https:\/\/mersatradedz.com\/ar\/wp-json\/wp\/v2\/media?parent=3204"}],"wp:term":[{"taxonomy":"product_brand","embeddable":true,"href":"https:\/\/mersatradedz.com\/ar\/wp-json\/wp\/v2\/product_brand?post=3204"},{"taxonomy":"product_cat","embeddable":true,"href":"https:\/\/mersatradedz.com\/ar\/wp-json\/wp\/v2\/product_cat?post=3204"},{"taxonomy":"product_tag","embeddable":true,"href":"https:\/\/mersatradedz.com\/ar\/wp-json\/wp\/v2\/product_tag?post=3204"}],"curies":[{"name":"wp","href":"https:\/\/api.w.org\/{rel}","templated":true}]}}