{"id":3221,"date":"2025-05-17T15:03:57","date_gmt":"2025-05-17T14:03:57","guid":{"rendered":"https:\/\/mersatradedz.com\/?post_type=product&#038;p=3221"},"modified":"2025-10-07T10:01:48","modified_gmt":"2025-10-07T09:01:48","slug":"laptop-lenovo-thinkbook-15","status":"publish","type":"product","link":"https:\/\/mersatradedz.com\/ar\/product\/laptop-lenovo-thinkbook-15\/","title":{"rendered":"Laptop Lenovo ThinkBook 15"},"content":{"rendered":"<p>&nbsp;<\/p>\n<hr \/>\n<h3 data-start=\"240\" data-end=\"603\"><img fetchpriority=\"high\" decoding=\"async\" class=\"wp-image-3229 alignright\" src=\"https:\/\/mersatradedz.com\/wp-content\/uploads\/2025\/05\/bWFzdGVyfH-300x203.avif\" alt=\"\" width=\"577\" height=\"390\" srcset=\"https:\/\/mersatradedz.com\/wp-content\/uploads\/2025\/05\/bWFzdGVyfH-300x203.avif 300w, https:\/\/mersatradedz.com\/wp-content\/uploads\/2025\/05\/bWFzdGVyfH-18x12.avif 18w, https:\/\/mersatradedz.com\/wp-content\/uploads\/2025\/05\/bWFzdGVyfH-64x43.avif 64w, https:\/\/mersatradedz.com\/wp-content\/uploads\/2025\/05\/bWFzdGVyfH.avif 590w\" sizes=\"(max-width: 577px) 100vw, 577px\" \/><\/h3>\n<h3 data-start=\"240\" data-end=\"603\"><strong data-start=\"240\" data-end=\"278\">Performance et design remarquables<\/strong><\/h3>\n<p class=\"\" data-start=\"240\" data-end=\"603\">\u00c9quip\u00e9 de processeurs allant jusqu&rsquo;\u00e0 la 10\u00e9me g\u00e9n\u00e9ration Intel\u00ae Core\u2122 et de Windows 10 Pro, le <strong data-start=\"374\" data-end=\"397\">Lenovo ThinkBook 15<\/strong> offre des performances puissantes et une r\u00e9activit\u00e9 fluide, o\u00f9 que vous<\/p>\n<p class=\"\" data-start=\"240\" data-end=\"603\">\u00a0soyez. Fin et \u00e9l\u00e9gant, ce <strong data-start=\"496\" data-end=\"525\">PC portable professionnel<\/strong> de seulement 18,9 mm d\u2019\u00e9paisseur arbore une finition moderne en gris min\u00e9ral.<\/p>\n<h3 data-start=\"605\" data-end=\"1059\"><strong data-start=\"605\" data-end=\"659\">Des options pratiques pour une efficacit\u00e9 optimale<\/strong><\/h3>\n<p class=\"\" data-start=\"605\" data-end=\"1059\">Le <strong data-start=\"665\" data-end=\"688\">Lenovo ThinkBook 15<\/strong> propose plusieurs fonctionnalit\u00e9s optionnelles pens\u00e9es pour vous faciliter la vie. Gr\u00e2ce \u00e0 un <strong data-start=\"783\" data-end=\"797\">disque SSD<\/strong>, tout fonctionne plus rapidement. Le <strong data-start=\"835\" data-end=\"877\">lecteur d\u2019empreintes digitales int\u00e9gr\u00e9<\/strong> au bouton d\u2019alimentation intelligent permet une connexion instantan\u00e9e. De plus, avec nos <strong data-start=\"967\" data-end=\"1003\" data-is-only-node=\"\">services de support informatique<\/strong>, vous b\u00e9n\u00e9ficiez d&rsquo;une tranquillit\u00e9 d\u2019esprit renforc\u00e9e.<\/p>\n<hr \/>\n<p><img decoding=\"async\" class=\"wp-image-3233 alignleft\" src=\"https:\/\/mersatradedz.com\/wp-content\/uploads\/2025\/05\/bWFzdGVyfH-1-300x250.avif\" alt=\"\" width=\"575\" height=\"479\" srcset=\"https:\/\/mersatradedz.com\/wp-content\/uploads\/2025\/05\/bWFzdGVyfH-1-300x250.avif 300w, https:\/\/mersatradedz.com\/wp-content\/uploads\/2025\/05\/bWFzdGVyfH-1-14x12.avif 14w, https:\/\/mersatradedz.com\/wp-content\/uploads\/2025\/05\/bWFzdGVyfH-1-64x53.avif 64w, https:\/\/mersatradedz.com\/wp-content\/uploads\/2025\/05\/bWFzdGVyfH-1.avif 590w\" sizes=\"(max-width: 575px) 100vw, 575px\" \/><\/p>\n<h3 data-start=\"227\" data-end=\"662\"><strong data-start=\"227\" data-end=\"282\">Une valeur exceptionnelle pour votre investissement<\/strong><\/h3>\n<p data-start=\"227\" data-end=\"662\">Gr\u00e2ce \u00e0 ses bords ultrafins et son <strong data-start=\"320\" data-end=\"353\">rapport \u00e9cran\/ch\u00e2ssis de 83 %<\/strong>, le <strong data-start=\"358\" data-end=\"381\">Lenovo ThinkBook 15<\/strong> vous permet de profiter pleinement de son <strong data-start=\"424\" data-end=\"452\">\u00e9cran FHD de 15,6 pouces<\/strong>. Plongez dans une exp\u00e9rience sonore riche et claire avec les <strong data-start=\"514\" data-end=\"544\" data-is-only-node=\"\">haut-parleurs Dolby Audio\u2122<\/strong>. La <strong data-start=\"549\" data-end=\"575\">carte graphique d\u00e9di\u00e9e<\/strong> vous permet de g\u00e9rer des visuels complexes ou de vous d\u00e9tendre avec vos jeux pr\u00e9f\u00e9r\u00e9s.<\/p>\n<h3 data-start=\"664\" data-end=\"1089\"><strong data-start=\"664\" data-end=\"705\">Con\u00e7u pour simplifier votre quotidien<\/strong><\/h3>\n<p>Les appels vid\u00e9o sont un jeu d\u2019enfant avec le <strong data-start=\"754\" data-end=\"777\">Lenovo ThinkBook 15<\/strong>, gr\u00e2ce \u00e0 son <strong data-start=\"791\" data-end=\"827\">double microphone certifi\u00e9 Skype<\/strong> et ses haut-parleurs int\u00e9gr\u00e9s. Utilisez les <strong data-start=\"872\" data-end=\"894\">touches raccourcis<\/strong> pour r\u00e9pondre ou raccrocher facilement lors de vos appels Skype. Le port <strong data-start=\"968\" data-end=\"991\" data-is-only-node=\"\">USB 3.2 Gen2 Type-C<\/strong> garantit un <strong data-start=\"1004\" data-end=\"1041\">transfert de donn\u00e9es ultra-rapide<\/strong>, m\u00eame pour les fichiers multim\u00e9dias volumineux.<\/p>\n<hr \/>\n<p>&nbsp;<\/p>\n<p><strong data-start=\"258\" data-end=\"306\"><img decoding=\"async\" class=\"wp-image-3234 alignright\" src=\"https:\/\/mersatradedz.com\/wp-content\/uploads\/2025\/05\/bWFzdGVyfH-2-300x250.avif\" alt=\"\" width=\"575\" height=\"479\" srcset=\"https:\/\/mersatradedz.com\/wp-content\/uploads\/2025\/05\/bWFzdGVyfH-2-300x250.avif 300w, https:\/\/mersatradedz.com\/wp-content\/uploads\/2025\/05\/bWFzdGVyfH-2-14x12.avif 14w, https:\/\/mersatradedz.com\/wp-content\/uploads\/2025\/05\/bWFzdGVyfH-2-64x53.avif 64w, https:\/\/mersatradedz.com\/wp-content\/uploads\/2025\/05\/bWFzdGVyfH-2.avif 590w\" sizes=\"(max-width: 575px) 100vw, 575px\" \/><\/strong><\/p>\n<h3 data-start=\"258\" data-end=\"761\"><strong data-start=\"258\" data-end=\"306\">Une connectivit\u00e9 compl\u00e8te, o\u00f9 que vous soyez<\/strong><\/h3>\n<p>En d\u00e9placement, le port <strong data-start=\"333\" data-end=\"381\">USB 3.2 avec fonction de recharge permanente<\/strong> vous permet de recharger vos appareils, m\u00eame lorsque votre <strong data-start=\"441\" data-end=\"461\">Lenovo ThinkBook<\/strong> est \u00e9teint. Un port <strong data-start=\"482\" data-end=\"524\">USB 2.0 dissimul\u00e9 dans un compartiment<\/strong> est id\u00e9al pour ranger un dongle de souris sans fil (vendu s\u00e9par\u00e9ment), \u00e9vitant ainsi toute perte ou dommage. Avec l\u2019adaptateur sans fil <strong data-start=\"661\" data-end=\"681\" data-is-only-node=\"\">802.11AC int\u00e9gr\u00e9<\/strong>, profitez d\u2019une <strong data-start=\"698\" data-end=\"737\">connexion internet rapide et stable<\/strong>, partout o\u00f9 vous allez.<\/p>\n<h3 data-start=\"763\" data-end=\"1269\"><strong data-start=\"763\" data-end=\"820\">Un ordinateur portable fiable pour les professionnels<\/strong><\/h3>\n<p>Con\u00e7u pour la s\u00e9curit\u00e9, le <strong data-start=\"850\" data-end=\"873\">Lenovo ThinkBook 15<\/strong> est \u00e9quip\u00e9 du <strong data-start=\"888\" data-end=\"904\">ThinkShutter<\/strong>, un cache physique pour webcam assurant votre confidentialit\u00e9. Le <strong data-start=\"971\" data-end=\"1013\">lecteur d\u2019empreintes digitales int\u00e9gr\u00e9<\/strong> au bouton d\u2019alimentation intelligent permet une <strong data-start=\"1062\" data-end=\"1095\" data-is-only-node=\"\">connexion rapide et s\u00e9curis\u00e9e<\/strong>. Chaque ThinkBook est soumis \u00e0 des tests rigoureux de <strong data-start=\"1150\" data-end=\"1180\">durabilit\u00e9 et de fiabilit\u00e9<\/strong>, afin de r\u00e9sister aux chocs, chutes, \u00e9claboussures, poussi\u00e8res et temp\u00e9ratures extr\u00eame<\/p>","protected":false},"excerpt":{"rendered":"<p class=\"\" style=\"text-align: right\" data-start=\"173\" data-end=\"647\"><strong data-start=\"173\" data-end=\"244\">Lenovo ThinkBook 15 \u2013 Performance professionnelle et design \u00e9l\u00e9gant<\/strong><br data-start=\"244\" data-end=\"247\" \/>Le <strong data-start=\"250\" data-end=\"273\">Lenovo ThinkBook 15<\/strong> combine <strong data-start=\"282\" data-end=\"314\">puissance, s\u00e9curit\u00e9 et style<\/strong>, avec des <strong data-start=\"325\" data-end=\"379\">processeurs Intel\u00ae Core\u2122 jusqu\u2019\u00e0 la 10e g\u00e9n\u00e9ration<\/strong>, un <strong data-start=\"384\" data-end=\"413\" data-is-only-node=\"\">\u00e9cran Full HD 15,6 pouces<\/strong>, et un <strong data-start=\"421\" data-end=\"455\">lecteur d\u2019empreintes digitales<\/strong> int\u00e9gr\u00e9. Parfait pour les professionnels et les \u00e9tudiants, il offre une <strong data-start=\"528\" data-end=\"553\">connectivit\u00e9 compl\u00e8te<\/strong>, une <strong data-start=\"559\" data-end=\"583\">construction robuste<\/strong>, et un <strong data-start=\"591\" data-end=\"616\">design fin et moderne<\/strong> pour rester productif partout.<\/p>","protected":false},"featured_media":3236,"comment_status":"open","ping_status":"closed","template":"","meta":{"_monsterinsights_skip_tracking":false,"_monsterinsights_sitenote_active":false,"_monsterinsights_sitenote_note":"","_monsterinsights_sitenote_category":0},"product_brand":[804,805],"product_cat":[616],"product_tag":[813,811,812,809,810,799,758,808,806,807],"class_list":{"0":"post-3221","1":"product","2":"type-product","3":"status-publish","4":"has-post-thumbnail","6":"product_brand-lenovo","7":"product_brand-thinkbook","8":"product_cat-laptop-tablette","9":"product_tag-10th","10":"product_tag-11th","11":"product_tag-12th","12":"product_tag-809","13":"product_tag-i5","14":"product_tag-laptop","15":"product_tag-lenovo","16":"product_tag-lenovo15","17":"product_tag-pc-portable-lenovo-algerie","18":"product_tag-thinkbook-15","20":"first","21":"instock","22":"purchasable","23":"product-type-simple"},"yoast_head":"<!-- This site is optimized with the Yoast SEO plugin v27.4 - https:\/\/yoast.com\/product\/yoast-seo-wordpress\/ -->\n<title>Laptop Lenovo ThinkBook 15 - mersatradedz<\/title>\n<meta name=\"robots\" content=\"index, follow, max-snippet:-1, max-image-preview:large, max-video-preview:-1\" \/>\n<link rel=\"canonical\" href=\"https:\/\/mersatradedz.com\/ar\/product\/laptop-lenovo-thinkbook-15\/\" \/>\n<meta property=\"og:locale\" content=\"ar_AR\" \/>\n<meta property=\"og:type\" content=\"article\" \/>\n<meta property=\"og:title\" content=\"Laptop Lenovo ThinkBook 15 - mersatradedz\" \/>\n<meta property=\"og:description\" content=\"Lenovo ThinkBook 15 \u2013 Performance professionnelle et design \u00e9l\u00e9gantLe Lenovo ThinkBook 15 combine puissance, s\u00e9curit\u00e9 et style, avec des processeurs Intel\u00ae Core\u2122 jusqu\u2019\u00e0 la 10e g\u00e9n\u00e9ration, un \u00e9cran Full HD 15,6 pouces, et un lecteur d\u2019empreintes digitales int\u00e9gr\u00e9. Parfait pour les professionnels et les \u00e9tudiants, il offre une connectivit\u00e9 compl\u00e8te, une construction robuste, et un design fin et moderne pour rester productif partout.\" \/>\n<meta property=\"og:url\" content=\"https:\/\/mersatradedz.com\/ar\/product\/laptop-lenovo-thinkbook-15\/\" \/>\n<meta property=\"og:site_name\" content=\"mersatradedz\" \/>\n<meta property=\"article:publisher\" content=\"https:\/\/www.facebook.com\/ntbidz\" \/>\n<meta property=\"article:modified_time\" content=\"2025-10-07T09:01:48+00:00\" \/>\n<meta property=\"og:image\" content=\"https:\/\/mersatradedz.com\/wp-content\/uploads\/2025\/05\/Group-20-2-scaled.jpg\" \/>\n\t<meta property=\"og:image:width\" content=\"1949\" \/>\n\t<meta property=\"og:image:height\" content=\"2560\" \/>\n\t<meta property=\"og:image:type\" content=\"image\/jpeg\" \/>\n<meta name=\"twitter:card\" content=\"summary_large_image\" \/>\n<meta name=\"twitter:label1\" content=\"\u0648\u0642\u062a \u0627\u0644\u0642\u0631\u0627\u0621\u0629 \u0627\u0644\u0645\u064f\u0642\u062f\u0651\u0631\" \/>\n\t<meta name=\"twitter:data1\" content=\"\u062f\u0642\u064a\u0642\u062a\u0627\u0646\" \/>\n<script type=\"application\/ld+json\" class=\"yoast-schema-graph\">{\"@context\":\"https:\\\/\\\/schema.org\",\"@graph\":[{\"@type\":\"WebPage\",\"@id\":\"https:\\\/\\\/mersatradedz.com\\\/product\\\/laptop-lenovo-thinkbook-15\\\/\",\"url\":\"https:\\\/\\\/mersatradedz.com\\\/product\\\/laptop-lenovo-thinkbook-15\\\/\",\"name\":\"Laptop Lenovo ThinkBook 15 - mersatradedz\",\"isPartOf\":{\"@id\":\"https:\\\/\\\/mersatradedz.com\\\/#website\"},\"primaryImageOfPage\":{\"@id\":\"https:\\\/\\\/mersatradedz.com\\\/product\\\/laptop-lenovo-thinkbook-15\\\/#primaryimage\"},\"image\":{\"@id\":\"https:\\\/\\\/mersatradedz.com\\\/product\\\/laptop-lenovo-thinkbook-15\\\/#primaryimage\"},\"thumbnailUrl\":\"https:\\\/\\\/mersatradedz.com\\\/wp-content\\\/uploads\\\/2025\\\/05\\\/Group-20-2-scaled.jpg\",\"datePublished\":\"2025-05-17T14:03:57+00:00\",\"dateModified\":\"2025-10-07T09:01:48+00:00\",\"breadcrumb\":{\"@id\":\"https:\\\/\\\/mersatradedz.com\\\/product\\\/laptop-lenovo-thinkbook-15\\\/#breadcrumb\"},\"inLanguage\":\"ar\",\"potentialAction\":[{\"@type\":\"ReadAction\",\"target\":[\"https:\\\/\\\/mersatradedz.com\\\/product\\\/laptop-lenovo-thinkbook-15\\\/\"]}]},{\"@type\":\"ImageObject\",\"inLanguage\":\"ar\",\"@id\":\"https:\\\/\\\/mersatradedz.com\\\/product\\\/laptop-lenovo-thinkbook-15\\\/#primaryimage\",\"url\":\"https:\\\/\\\/mersatradedz.com\\\/wp-content\\\/uploads\\\/2025\\\/05\\\/Group-20-2-scaled.jpg\",\"contentUrl\":\"https:\\\/\\\/mersatradedz.com\\\/wp-content\\\/uploads\\\/2025\\\/05\\\/Group-20-2-scaled.jpg\",\"width\":1949,\"height\":2560},{\"@type\":\"BreadcrumbList\",\"@id\":\"https:\\\/\\\/mersatradedz.com\\\/product\\\/laptop-lenovo-thinkbook-15\\\/#breadcrumb\",\"itemListElement\":[{\"@type\":\"ListItem\",\"position\":1,\"name\":\"Home\",\"item\":\"https:\\\/\\\/mersatradedz.com\\\/ar\\\/\"},{\"@type\":\"ListItem\",\"position\":2,\"name\":\"Boutique\",\"item\":\"https:\\\/\\\/mersatradedz.com\\\/shop\\\/\"},{\"@type\":\"ListItem\",\"position\":3,\"name\":\"Laptop Lenovo ThinkBook 15\"}]},{\"@type\":\"WebSite\",\"@id\":\"https:\\\/\\\/mersatradedz.com\\\/#website\",\"url\":\"https:\\\/\\\/mersatradedz.com\\\/\",\"name\":\"mersatradedz\",\"description\":\"\",\"publisher\":{\"@id\":\"https:\\\/\\\/mersatradedz.com\\\/#organization\"},\"potentialAction\":[{\"@type\":\"SearchAction\",\"target\":{\"@type\":\"EntryPoint\",\"urlTemplate\":\"https:\\\/\\\/mersatradedz.com\\\/?s={search_term_string}\"},\"query-input\":{\"@type\":\"PropertyValueSpecification\",\"valueRequired\":true,\"valueName\":\"search_term_string\"}}],\"inLanguage\":\"ar\"},{\"@type\":\"Organization\",\"@id\":\"https:\\\/\\\/mersatradedz.com\\\/#organization\",\"name\":\"mersa trade\",\"url\":\"https:\\\/\\\/mersatradedz.com\\\/\",\"logo\":{\"@type\":\"ImageObject\",\"inLanguage\":\"ar\",\"@id\":\"https:\\\/\\\/mersatradedz.com\\\/#\\\/schema\\\/logo\\\/image\\\/\",\"url\":\"https:\\\/\\\/mersatradedz.com\\\/wp-content\\\/uploads\\\/2023\\\/07\\\/cropped-1684191296456.jpg\",\"contentUrl\":\"https:\\\/\\\/mersatradedz.com\\\/wp-content\\\/uploads\\\/2023\\\/07\\\/cropped-1684191296456.jpg\",\"width\":1451,\"height\":955,\"caption\":\"mersa trade\"},\"image\":{\"@id\":\"https:\\\/\\\/mersatradedz.com\\\/#\\\/schema\\\/logo\\\/image\\\/\"},\"sameAs\":[\"https:\\\/\\\/www.facebook.com\\\/ntbidz\"]}]}<\/script>\n<!-- \/ Yoast SEO plugin. -->","yoast_head_json":{"title":"Laptop Lenovo ThinkBook 15 - mersatradedz","robots":{"index":"index","follow":"follow","max-snippet":"max-snippet:-1","max-image-preview":"max-image-preview:large","max-video-preview":"max-video-preview:-1"},"canonical":"https:\/\/mersatradedz.com\/ar\/product\/laptop-lenovo-thinkbook-15\/","og_locale":"ar_AR","og_type":"article","og_title":"Laptop Lenovo ThinkBook 15 - mersatradedz","og_description":"Lenovo ThinkBook 15 \u2013 Performance professionnelle et design \u00e9l\u00e9gantLe Lenovo ThinkBook 15 combine puissance, s\u00e9curit\u00e9 et style, avec des processeurs Intel\u00ae Core\u2122 jusqu\u2019\u00e0 la 10e g\u00e9n\u00e9ration, un \u00e9cran Full HD 15,6 pouces, et un lecteur d\u2019empreintes digitales int\u00e9gr\u00e9. Parfait pour les professionnels et les \u00e9tudiants, il offre une connectivit\u00e9 compl\u00e8te, une construction robuste, et un design fin et moderne pour rester productif partout.","og_url":"https:\/\/mersatradedz.com\/ar\/product\/laptop-lenovo-thinkbook-15\/","og_site_name":"mersatradedz","article_publisher":"https:\/\/www.facebook.com\/ntbidz","article_modified_time":"2025-10-07T09:01:48+00:00","og_image":[{"width":1949,"height":2560,"url":"https:\/\/mersatradedz.com\/wp-content\/uploads\/2025\/05\/Group-20-2-scaled.jpg","type":"image\/jpeg"}],"twitter_card":"summary_large_image","twitter_misc":{"\u0648\u0642\u062a \u0627\u0644\u0642\u0631\u0627\u0621\u0629 \u0627\u0644\u0645\u064f\u0642\u062f\u0651\u0631":"\u062f\u0642\u064a\u0642\u062a\u0627\u0646"},"schema":{"@context":"https:\/\/schema.org","@graph":[{"@type":"WebPage","@id":"https:\/\/mersatradedz.com\/product\/laptop-lenovo-thinkbook-15\/","url":"https:\/\/mersatradedz.com\/product\/laptop-lenovo-thinkbook-15\/","name":"Laptop Lenovo ThinkBook 15 - mersatradedz","isPartOf":{"@id":"https:\/\/mersatradedz.com\/#website"},"primaryImageOfPage":{"@id":"https:\/\/mersatradedz.com\/product\/laptop-lenovo-thinkbook-15\/#primaryimage"},"image":{"@id":"https:\/\/mersatradedz.com\/product\/laptop-lenovo-thinkbook-15\/#primaryimage"},"thumbnailUrl":"https:\/\/mersatradedz.com\/wp-content\/uploads\/2025\/05\/Group-20-2-scaled.jpg","datePublished":"2025-05-17T14:03:57+00:00","dateModified":"2025-10-07T09:01:48+00:00","breadcrumb":{"@id":"https:\/\/mersatradedz.com\/product\/laptop-lenovo-thinkbook-15\/#breadcrumb"},"inLanguage":"ar","potentialAction":[{"@type":"ReadAction","target":["https:\/\/mersatradedz.com\/product\/laptop-lenovo-thinkbook-15\/"]}]},{"@type":"ImageObject","inLanguage":"ar","@id":"https:\/\/mersatradedz.com\/product\/laptop-lenovo-thinkbook-15\/#primaryimage","url":"https:\/\/mersatradedz.com\/wp-content\/uploads\/2025\/05\/Group-20-2-scaled.jpg","contentUrl":"https:\/\/mersatradedz.com\/wp-content\/uploads\/2025\/05\/Group-20-2-scaled.jpg","width":1949,"height":2560},{"@type":"BreadcrumbList","@id":"https:\/\/mersatradedz.com\/product\/laptop-lenovo-thinkbook-15\/#breadcrumb","itemListElement":[{"@type":"ListItem","position":1,"name":"Home","item":"https:\/\/mersatradedz.com\/ar\/"},{"@type":"ListItem","position":2,"name":"Boutique","item":"https:\/\/mersatradedz.com\/shop\/"},{"@type":"ListItem","position":3,"name":"Laptop Lenovo ThinkBook 15"}]},{"@type":"WebSite","@id":"https:\/\/mersatradedz.com\/#website","url":"https:\/\/mersatradedz.com\/","name":"mersatradedz","description":"","publisher":{"@id":"https:\/\/mersatradedz.com\/#organization"},"potentialAction":[{"@type":"SearchAction","target":{"@type":"EntryPoint","urlTemplate":"https:\/\/mersatradedz.com\/?s={search_term_string}"},"query-input":{"@type":"PropertyValueSpecification","valueRequired":true,"valueName":"search_term_string"}}],"inLanguage":"ar"},{"@type":"Organization","@id":"https:\/\/mersatradedz.com\/#organization","name":"mersa trade","url":"https:\/\/mersatradedz.com\/","logo":{"@type":"ImageObject","inLanguage":"ar","@id":"https:\/\/mersatradedz.com\/#\/schema\/logo\/image\/","url":"https:\/\/mersatradedz.com\/wp-content\/uploads\/2023\/07\/cropped-1684191296456.jpg","contentUrl":"https:\/\/mersatradedz.com\/wp-content\/uploads\/2023\/07\/cropped-1684191296456.jpg","width":1451,"height":955,"caption":"mersa trade"},"image":{"@id":"https:\/\/mersatradedz.com\/#\/schema\/logo\/image\/"},"sameAs":["https:\/\/www.facebook.com\/ntbidz"]}]}},"jetpack_sharing_enabled":true,"_links":{"self":[{"href":"https:\/\/mersatradedz.com\/ar\/wp-json\/wp\/v2\/product\/3221","targetHints":{"allow":["GET"]}}],"collection":[{"href":"https:\/\/mersatradedz.com\/ar\/wp-json\/wp\/v2\/product"}],"about":[{"href":"https:\/\/mersatradedz.com\/ar\/wp-json\/wp\/v2\/types\/product"}],"replies":[{"embeddable":true,"href":"https:\/\/mersatradedz.com\/ar\/wp-json\/wp\/v2\/comments?post=3221"}],"wp:featuredmedia":[{"embeddable":true,"href":"https:\/\/mersatradedz.com\/ar\/wp-json\/wp\/v2\/media\/3236"}],"wp:attachment":[{"href":"https:\/\/mersatradedz.com\/ar\/wp-json\/wp\/v2\/media?parent=3221"}],"wp:term":[{"taxonomy":"product_brand","embeddable":true,"href":"https:\/\/mersatradedz.com\/ar\/wp-json\/wp\/v2\/product_brand?post=3221"},{"taxonomy":"product_cat","embeddable":true,"href":"https:\/\/mersatradedz.com\/ar\/wp-json\/wp\/v2\/product_cat?post=3221"},{"taxonomy":"product_tag","embeddable":true,"href":"https:\/\/mersatradedz.com\/ar\/wp-json\/wp\/v2\/product_tag?post=3221"}],"curies":[{"name":"wp","href":"https:\/\/api.w.org\/{rel}","templated":true}]}}