{"id":3265,"date":"2025-05-18T10:39:22","date_gmt":"2025-05-18T09:39:22","guid":{"rendered":"https:\/\/mersatradedz.com\/?post_type=product&#038;p=3265"},"modified":"2025-05-18T12:29:07","modified_gmt":"2025-05-18T11:29:07","slug":"dell-vostro-3520","status":"publish","type":"product","link":"https:\/\/mersatradedz.com\/ar\/product\/dell-vostro-3520\/","title":{"rendered":"DELL VOSTRO 3520 i5 12EME"},"content":{"rendered":"<h2 style=\"text-align: center\"><strong data-start=\"220\" data-end=\"255\">Des performances au rendez-vous<\/strong><\/h2>\n<p style=\"text-align: center\">Les t\u00e2ches du quotidien sont ex\u00e9cut\u00e9es rapidement et sans effort gr\u00e2ce aux processeurs Intel\u00ae Core\u2122 jusqu\u2019\u00e0 la 12e g\u00e9n\u00e9ration. Profitez d\u2019une exp\u00e9rience fluide et r\u00e9active. Avec une batterie de 41 ou 54 Wh, et la technologie Express Charge qui permet une recharge jusqu\u2019\u00e0 80 % en seulement une heure, vous pouvez compter sur votre appareil pour vous accompagner toute la journ\u00e9e.<\/p>\n<hr \/>\n<h2 style=\"text-align: center\"><strong data-start=\"214\" data-end=\"253\">\u00a0<\/strong><\/h2>\n<h2 style=\"text-align: center\"><strong data-start=\"214\" data-end=\"253\"><img fetchpriority=\"high\" decoding=\"async\" class=\"wp-image-3271 aligncenter\" src=\"https:\/\/mersatradedz.com\/wp-content\/uploads\/2025\/05\/laptop-vostro-15-3520-pdp-mod-2-bk-300x120.avif\" alt=\"\" width=\"613\" height=\"245\" srcset=\"https:\/\/mersatradedz.com\/wp-content\/uploads\/2025\/05\/laptop-vostro-15-3520-pdp-mod-2-bk-300x120.avif 300w, https:\/\/mersatradedz.com\/wp-content\/uploads\/2025\/05\/laptop-vostro-15-3520-pdp-mod-2-bk-1024x410.avif 1024w, https:\/\/mersatradedz.com\/wp-content\/uploads\/2025\/05\/laptop-vostro-15-3520-pdp-mod-2-bk-768x307.avif 768w, https:\/\/mersatradedz.com\/wp-content\/uploads\/2025\/05\/laptop-vostro-15-3520-pdp-mod-2-bk-1536x614.avif 1536w, https:\/\/mersatradedz.com\/wp-content\/uploads\/2025\/05\/laptop-vostro-15-3520-pdp-mod-2-bk-18x7.avif 18w, https:\/\/mersatradedz.com\/wp-content\/uploads\/2025\/05\/laptop-vostro-15-3520-pdp-mod-2-bk-600x240.avif 600w, https:\/\/mersatradedz.com\/wp-content\/uploads\/2025\/05\/laptop-vostro-15-3520-pdp-mod-2-bk-64x26.avif 64w, https:\/\/mersatradedz.com\/wp-content\/uploads\/2025\/05\/laptop-vostro-15-3520-pdp-mod-2-bk.avif 1900w\" sizes=\"(max-width: 613px) 100vw, 613px\" \/><\/strong><\/h2>\n<h2 style=\"text-align: center\"><strong data-start=\"214\" data-end=\"253\">Travaillez avec rapidit\u00e9 et confort\u00a0<\/strong><\/h2>\n<p style=\"text-align: center\">Restez concentr\u00e9 gr\u00e2ce \u00e0 un \u00e9cran \u00e0 bordures fines sur trois c\u00f4t\u00e9s. Le grand pav\u00e9 tactile, les touches larges, et la charni\u00e8re sur\u00e9lev\u00e9e offrent une position plus ergonomique pour les poignets et am\u00e9liorent la circulation de l\u2019air pour une utilisation prolong\u00e9e sans g\u00eane. De nombreux ports et emplacements vous permettent de vous connecter facilement \u00e0 vos appareils. Et en cas de petit accident, le clavier r\u00e9sistant aux \u00e9claboussures r\u00e9duit les risques et le stress.<\/p>\n<hr \/>\n<h2 class=\"pd-feature-title\" style=\"text-align: center\"><strong style=\"font-size: 16px\" data-start=\"214\" data-end=\"253\"><img decoding=\"async\" class=\"wp-image-3272 aligncenter\" src=\"https:\/\/mersatradedz.com\/wp-content\/uploads\/2025\/05\/laptop-vostro-15-3520-pdp-mod7-bk-type-a-300x180.avif\" alt=\"\" width=\"579\" height=\"347\" srcset=\"https:\/\/mersatradedz.com\/wp-content\/uploads\/2025\/05\/laptop-vostro-15-3520-pdp-mod7-bk-type-a-300x180.avif 300w, https:\/\/mersatradedz.com\/wp-content\/uploads\/2025\/05\/laptop-vostro-15-3520-pdp-mod7-bk-type-a-1024x614.avif 1024w, https:\/\/mersatradedz.com\/wp-content\/uploads\/2025\/05\/laptop-vostro-15-3520-pdp-mod7-bk-type-a-768x461.avif 768w, https:\/\/mersatradedz.com\/wp-content\/uploads\/2025\/05\/laptop-vostro-15-3520-pdp-mod7-bk-type-a-1536x922.avif 1536w, https:\/\/mersatradedz.com\/wp-content\/uploads\/2025\/05\/laptop-vostro-15-3520-pdp-mod7-bk-type-a-18x12.avif 18w, https:\/\/mersatradedz.com\/wp-content\/uploads\/2025\/05\/laptop-vostro-15-3520-pdp-mod7-bk-type-a-600x360.avif 600w, https:\/\/mersatradedz.com\/wp-content\/uploads\/2025\/05\/laptop-vostro-15-3520-pdp-mod7-bk-type-a-64x38.avif 64w, https:\/\/mersatradedz.com\/wp-content\/uploads\/2025\/05\/laptop-vostro-15-3520-pdp-mod7-bk-type-a.avif 1900w\" sizes=\"(max-width: 579px) 100vw, 579px\" \/><\/strong>Ports &amp; Slots<\/h2>\n<div class=\"feature-col col-1\" style=\"text-align: center\">\n<div class=\"pd-item-desc\">SD 3.0 card reader<br \/>\nUSB 2.0<br \/>\nRJ-45<br \/>\nHeadset jack<br \/>\n5. Wedge shaped lock slot<\/div>\n<div class=\"pd-item-desc\">6. Power jack<\/div>\n<div class=\"pd-item-desc\">7. HDMI 1.4 port<\/div>\n<div class=\"pd-item-desc\">8. USB 3.2 Gen 1 Type A\u200b<\/div>\n<div class=\"pd-item-desc\">9. USB 3.2 Gen 1 Type A\u200b<\/div>\n<\/div>","protected":false},"excerpt":{"rendered":"<p>Le <strong data-start=\"241\" data-end=\"261\">Dell Vostro 3520<\/strong> combine puissance et performance avec un <strong data-start=\"303\" data-end=\"348\">processeur Intel\u00ae Core\u2122 de 12e g\u00e9n\u00e9ration <\/strong>et une <strong data-start=\"356\" data-end=\"381\" data-is-only-node=\"\">batterie longue dur\u00e9e<\/strong> pour une productivit\u00e9 sans interruption. Son <strong data-start=\"427\" data-end=\"445\">design \u00e9l\u00e9gant<\/strong> \u00e0 <strong data-start=\"448\" data-end=\"462\">bords fins<\/strong> et son <strong data-start=\"470\" data-end=\"493\">clavier confortable<\/strong> garantissent une utilisation agr\u00e9able au quotidien. Parfait pour les professionnels, il offre une <strong data-start=\"592\" data-end=\"617\">connectivit\u00e9 compl\u00e8te<\/strong> avec plusieurs ports et un <strong data-start=\"645\" data-end=\"662\">\u00e9cran Full HD<\/strong> pour des visuels nets. Profitez \u00e9galement de la <strong data-start=\"711\" data-end=\"759\">technologie de recharge rapide ExpressCharge<\/strong> pour un travail ininterrompu.<\/p>","protected":false},"featured_media":3268,"comment_status":"open","ping_status":"closed","template":"","meta":{"_monsterinsights_skip_tracking":false,"_monsterinsights_sitenote_active":false,"_monsterinsights_sitenote_note":"","_monsterinsights_sitenote_category":0},"product_brand":[816],"product_cat":[616],"product_tag":[],"class_list":{"0":"post-3265","1":"product","2":"type-product","3":"status-publish","4":"has-post-thumbnail","6":"product_brand-dell","7":"product_cat-laptop-tablette","9":"first","10":"instock","11":"purchasable","12":"product-type-simple"},"yoast_head":"<!-- This site is optimized with the Yoast SEO plugin v27.4 - https:\/\/yoast.com\/product\/yoast-seo-wordpress\/ -->\n<title>DELL VOSTRO 3520 i5 12EME - mersatradedz<\/title>\n<meta name=\"robots\" content=\"index, follow, max-snippet:-1, max-image-preview:large, max-video-preview:-1\" \/>\n<link rel=\"canonical\" href=\"https:\/\/mersatradedz.com\/ar\/product\/dell-vostro-3520\/\" \/>\n<meta property=\"og:locale\" content=\"ar_AR\" \/>\n<meta property=\"og:type\" content=\"article\" \/>\n<meta property=\"og:title\" content=\"DELL VOSTRO 3520 i5 12EME - mersatradedz\" \/>\n<meta property=\"og:description\" content=\"Le Dell Vostro 3520 combine puissance et performance avec un processeur Intel\u00ae Core\u2122 de 12e g\u00e9n\u00e9ration et une batterie longue dur\u00e9e pour une productivit\u00e9 sans interruption. Son design \u00e9l\u00e9gant \u00e0 bords fins et son clavier confortable garantissent une utilisation agr\u00e9able au quotidien. Parfait pour les professionnels, il offre une connectivit\u00e9 compl\u00e8te avec plusieurs ports et un \u00e9cran Full HD pour des visuels nets. Profitez \u00e9galement de la technologie de recharge rapide ExpressCharge pour un travail ininterrompu.\" \/>\n<meta property=\"og:url\" content=\"https:\/\/mersatradedz.com\/ar\/product\/dell-vostro-3520\/\" \/>\n<meta property=\"og:site_name\" content=\"mersatradedz\" \/>\n<meta property=\"article:publisher\" content=\"https:\/\/www.facebook.com\/ntbidz\" \/>\n<meta property=\"article:modified_time\" content=\"2025-05-18T11:29:07+00:00\" \/>\n<meta property=\"og:image\" content=\"https:\/\/mersatradedz.com\/wp-content\/uploads\/2025\/05\/Group-20-4-scaled.jpg\" \/>\n\t<meta property=\"og:image:width\" content=\"1920\" \/>\n\t<meta property=\"og:image:height\" content=\"2560\" \/>\n\t<meta property=\"og:image:type\" content=\"image\/jpeg\" \/>\n<meta name=\"twitter:card\" content=\"summary_large_image\" \/>\n<meta name=\"twitter:label1\" content=\"\u0648\u0642\u062a \u0627\u0644\u0642\u0631\u0627\u0621\u0629 \u0627\u0644\u0645\u064f\u0642\u062f\u0651\u0631\" \/>\n\t<meta name=\"twitter:data1\" content=\"\u062f\u0642\u064a\u0642\u0629 \u0648\u0627\u062d\u062f\u0629\" \/>\n<script type=\"application\/ld+json\" class=\"yoast-schema-graph\">{\"@context\":\"https:\\\/\\\/schema.org\",\"@graph\":[{\"@type\":\"WebPage\",\"@id\":\"https:\\\/\\\/mersatradedz.com\\\/product\\\/dell-vostro-3520\\\/\",\"url\":\"https:\\\/\\\/mersatradedz.com\\\/product\\\/dell-vostro-3520\\\/\",\"name\":\"DELL VOSTRO 3520 i5 12EME - mersatradedz\",\"isPartOf\":{\"@id\":\"https:\\\/\\\/mersatradedz.com\\\/#website\"},\"primaryImageOfPage\":{\"@id\":\"https:\\\/\\\/mersatradedz.com\\\/product\\\/dell-vostro-3520\\\/#primaryimage\"},\"image\":{\"@id\":\"https:\\\/\\\/mersatradedz.com\\\/product\\\/dell-vostro-3520\\\/#primaryimage\"},\"thumbnailUrl\":\"https:\\\/\\\/mersatradedz.com\\\/wp-content\\\/uploads\\\/2025\\\/05\\\/Group-20-4-scaled.jpg\",\"datePublished\":\"2025-05-18T09:39:22+00:00\",\"dateModified\":\"2025-05-18T11:29:07+00:00\",\"breadcrumb\":{\"@id\":\"https:\\\/\\\/mersatradedz.com\\\/product\\\/dell-vostro-3520\\\/#breadcrumb\"},\"inLanguage\":\"ar\",\"potentialAction\":[{\"@type\":\"ReadAction\",\"target\":[\"https:\\\/\\\/mersatradedz.com\\\/product\\\/dell-vostro-3520\\\/\"]}]},{\"@type\":\"ImageObject\",\"inLanguage\":\"ar\",\"@id\":\"https:\\\/\\\/mersatradedz.com\\\/product\\\/dell-vostro-3520\\\/#primaryimage\",\"url\":\"https:\\\/\\\/mersatradedz.com\\\/wp-content\\\/uploads\\\/2025\\\/05\\\/Group-20-4-scaled.jpg\",\"contentUrl\":\"https:\\\/\\\/mersatradedz.com\\\/wp-content\\\/uploads\\\/2025\\\/05\\\/Group-20-4-scaled.jpg\",\"width\":1920,\"height\":2560},{\"@type\":\"BreadcrumbList\",\"@id\":\"https:\\\/\\\/mersatradedz.com\\\/product\\\/dell-vostro-3520\\\/#breadcrumb\",\"itemListElement\":[{\"@type\":\"ListItem\",\"position\":1,\"name\":\"Home\",\"item\":\"https:\\\/\\\/mersatradedz.com\\\/ar\\\/\"},{\"@type\":\"ListItem\",\"position\":2,\"name\":\"Boutique\",\"item\":\"https:\\\/\\\/mersatradedz.com\\\/shop\\\/\"},{\"@type\":\"ListItem\",\"position\":3,\"name\":\"DELL VOSTRO 3520 i5 12EME\"}]},{\"@type\":\"WebSite\",\"@id\":\"https:\\\/\\\/mersatradedz.com\\\/#website\",\"url\":\"https:\\\/\\\/mersatradedz.com\\\/\",\"name\":\"mersatradedz\",\"description\":\"\",\"publisher\":{\"@id\":\"https:\\\/\\\/mersatradedz.com\\\/#organization\"},\"potentialAction\":[{\"@type\":\"SearchAction\",\"target\":{\"@type\":\"EntryPoint\",\"urlTemplate\":\"https:\\\/\\\/mersatradedz.com\\\/?s={search_term_string}\"},\"query-input\":{\"@type\":\"PropertyValueSpecification\",\"valueRequired\":true,\"valueName\":\"search_term_string\"}}],\"inLanguage\":\"ar\"},{\"@type\":\"Organization\",\"@id\":\"https:\\\/\\\/mersatradedz.com\\\/#organization\",\"name\":\"mersa trade\",\"url\":\"https:\\\/\\\/mersatradedz.com\\\/\",\"logo\":{\"@type\":\"ImageObject\",\"inLanguage\":\"ar\",\"@id\":\"https:\\\/\\\/mersatradedz.com\\\/#\\\/schema\\\/logo\\\/image\\\/\",\"url\":\"https:\\\/\\\/mersatradedz.com\\\/wp-content\\\/uploads\\\/2023\\\/07\\\/cropped-1684191296456.jpg\",\"contentUrl\":\"https:\\\/\\\/mersatradedz.com\\\/wp-content\\\/uploads\\\/2023\\\/07\\\/cropped-1684191296456.jpg\",\"width\":1451,\"height\":955,\"caption\":\"mersa trade\"},\"image\":{\"@id\":\"https:\\\/\\\/mersatradedz.com\\\/#\\\/schema\\\/logo\\\/image\\\/\"},\"sameAs\":[\"https:\\\/\\\/www.facebook.com\\\/ntbidz\"]}]}<\/script>\n<!-- \/ Yoast SEO plugin. -->","yoast_head_json":{"title":"DELL VOSTRO 3520 i5 12EME - mersatradedz","robots":{"index":"index","follow":"follow","max-snippet":"max-snippet:-1","max-image-preview":"max-image-preview:large","max-video-preview":"max-video-preview:-1"},"canonical":"https:\/\/mersatradedz.com\/ar\/product\/dell-vostro-3520\/","og_locale":"ar_AR","og_type":"article","og_title":"DELL VOSTRO 3520 i5 12EME - mersatradedz","og_description":"Le Dell Vostro 3520 combine puissance et performance avec un processeur Intel\u00ae Core\u2122 de 12e g\u00e9n\u00e9ration et une batterie longue dur\u00e9e pour une productivit\u00e9 sans interruption. Son design \u00e9l\u00e9gant \u00e0 bords fins et son clavier confortable garantissent une utilisation agr\u00e9able au quotidien. Parfait pour les professionnels, il offre une connectivit\u00e9 compl\u00e8te avec plusieurs ports et un \u00e9cran Full HD pour des visuels nets. Profitez \u00e9galement de la technologie de recharge rapide ExpressCharge pour un travail ininterrompu.","og_url":"https:\/\/mersatradedz.com\/ar\/product\/dell-vostro-3520\/","og_site_name":"mersatradedz","article_publisher":"https:\/\/www.facebook.com\/ntbidz","article_modified_time":"2025-05-18T11:29:07+00:00","og_image":[{"width":1920,"height":2560,"url":"https:\/\/mersatradedz.com\/wp-content\/uploads\/2025\/05\/Group-20-4-scaled.jpg","type":"image\/jpeg"}],"twitter_card":"summary_large_image","twitter_misc":{"\u0648\u0642\u062a \u0627\u0644\u0642\u0631\u0627\u0621\u0629 \u0627\u0644\u0645\u064f\u0642\u062f\u0651\u0631":"\u062f\u0642\u064a\u0642\u0629 \u0648\u0627\u062d\u062f\u0629"},"schema":{"@context":"https:\/\/schema.org","@graph":[{"@type":"WebPage","@id":"https:\/\/mersatradedz.com\/product\/dell-vostro-3520\/","url":"https:\/\/mersatradedz.com\/product\/dell-vostro-3520\/","name":"DELL VOSTRO 3520 i5 12EME - mersatradedz","isPartOf":{"@id":"https:\/\/mersatradedz.com\/#website"},"primaryImageOfPage":{"@id":"https:\/\/mersatradedz.com\/product\/dell-vostro-3520\/#primaryimage"},"image":{"@id":"https:\/\/mersatradedz.com\/product\/dell-vostro-3520\/#primaryimage"},"thumbnailUrl":"https:\/\/mersatradedz.com\/wp-content\/uploads\/2025\/05\/Group-20-4-scaled.jpg","datePublished":"2025-05-18T09:39:22+00:00","dateModified":"2025-05-18T11:29:07+00:00","breadcrumb":{"@id":"https:\/\/mersatradedz.com\/product\/dell-vostro-3520\/#breadcrumb"},"inLanguage":"ar","potentialAction":[{"@type":"ReadAction","target":["https:\/\/mersatradedz.com\/product\/dell-vostro-3520\/"]}]},{"@type":"ImageObject","inLanguage":"ar","@id":"https:\/\/mersatradedz.com\/product\/dell-vostro-3520\/#primaryimage","url":"https:\/\/mersatradedz.com\/wp-content\/uploads\/2025\/05\/Group-20-4-scaled.jpg","contentUrl":"https:\/\/mersatradedz.com\/wp-content\/uploads\/2025\/05\/Group-20-4-scaled.jpg","width":1920,"height":2560},{"@type":"BreadcrumbList","@id":"https:\/\/mersatradedz.com\/product\/dell-vostro-3520\/#breadcrumb","itemListElement":[{"@type":"ListItem","position":1,"name":"Home","item":"https:\/\/mersatradedz.com\/ar\/"},{"@type":"ListItem","position":2,"name":"Boutique","item":"https:\/\/mersatradedz.com\/shop\/"},{"@type":"ListItem","position":3,"name":"DELL VOSTRO 3520 i5 12EME"}]},{"@type":"WebSite","@id":"https:\/\/mersatradedz.com\/#website","url":"https:\/\/mersatradedz.com\/","name":"mersatradedz","description":"","publisher":{"@id":"https:\/\/mersatradedz.com\/#organization"},"potentialAction":[{"@type":"SearchAction","target":{"@type":"EntryPoint","urlTemplate":"https:\/\/mersatradedz.com\/?s={search_term_string}"},"query-input":{"@type":"PropertyValueSpecification","valueRequired":true,"valueName":"search_term_string"}}],"inLanguage":"ar"},{"@type":"Organization","@id":"https:\/\/mersatradedz.com\/#organization","name":"mersa trade","url":"https:\/\/mersatradedz.com\/","logo":{"@type":"ImageObject","inLanguage":"ar","@id":"https:\/\/mersatradedz.com\/#\/schema\/logo\/image\/","url":"https:\/\/mersatradedz.com\/wp-content\/uploads\/2023\/07\/cropped-1684191296456.jpg","contentUrl":"https:\/\/mersatradedz.com\/wp-content\/uploads\/2023\/07\/cropped-1684191296456.jpg","width":1451,"height":955,"caption":"mersa trade"},"image":{"@id":"https:\/\/mersatradedz.com\/#\/schema\/logo\/image\/"},"sameAs":["https:\/\/www.facebook.com\/ntbidz"]}]}},"jetpack_sharing_enabled":true,"_links":{"self":[{"href":"https:\/\/mersatradedz.com\/ar\/wp-json\/wp\/v2\/product\/3265","targetHints":{"allow":["GET"]}}],"collection":[{"href":"https:\/\/mersatradedz.com\/ar\/wp-json\/wp\/v2\/product"}],"about":[{"href":"https:\/\/mersatradedz.com\/ar\/wp-json\/wp\/v2\/types\/product"}],"replies":[{"embeddable":true,"href":"https:\/\/mersatradedz.com\/ar\/wp-json\/wp\/v2\/comments?post=3265"}],"wp:featuredmedia":[{"embeddable":true,"href":"https:\/\/mersatradedz.com\/ar\/wp-json\/wp\/v2\/media\/3268"}],"wp:attachment":[{"href":"https:\/\/mersatradedz.com\/ar\/wp-json\/wp\/v2\/media?parent=3265"}],"wp:term":[{"taxonomy":"product_brand","embeddable":true,"href":"https:\/\/mersatradedz.com\/ar\/wp-json\/wp\/v2\/product_brand?post=3265"},{"taxonomy":"product_cat","embeddable":true,"href":"https:\/\/mersatradedz.com\/ar\/wp-json\/wp\/v2\/product_cat?post=3265"},{"taxonomy":"product_tag","embeddable":true,"href":"https:\/\/mersatradedz.com\/ar\/wp-json\/wp\/v2\/product_tag?post=3265"}],"curies":[{"name":"wp","href":"https:\/\/api.w.org\/{rel}","templated":true}]}}