{"id":3349,"date":"2025-05-21T12:01:11","date_gmt":"2025-05-21T11:01:11","guid":{"rendered":"https:\/\/mersatradedz.com\/?post_type=product&#038;p=3349"},"modified":"2025-05-21T12:01:31","modified_gmt":"2025-05-21T11:01:31","slug":"pack-toner-kyocera-tk-5220","status":"publish","type":"product","link":"https:\/\/mersatradedz.com\/ar\/product\/pack-toner-kyocera-tk-5220\/","title":{"rendered":"Pack Toner Kyocera TK 5220"},"content":{"rendered":"<h3 data-start=\"768\" data-end=\"959\"><strong data-start=\"768\" data-end=\"791\">Qualit\u00e9 couleur pro<\/strong><\/h3>\n<p class=\"\" data-start=\"768\" data-end=\"959\">Le TK-5220 garantit des impressions pr\u00e9cises avec des couleurs riches et bien \u00e9quilibr\u00e9es. Il est id\u00e9al pour les pr\u00e9sentations, rapports et documents professionnels.<\/p>\n<h3 data-start=\"961\" data-end=\"1011\"><strong data-start=\"961\" data-end=\"976\">Pack 4 en 1<\/strong><\/h3>\n<p class=\"\" data-start=\"961\" data-end=\"1011\">Contient les toners suivants :<\/p>\n<ul data-start=\"1012\" data-end=\"1177\">\n<li class=\"\" data-start=\"1012\" data-end=\"1031\">\n<p class=\"\" data-start=\"1014\" data-end=\"1031\">Noir (TK-5220K)<\/p>\n<\/li>\n<li class=\"\" data-start=\"1032\" data-end=\"1051\">\n<p class=\"\" data-start=\"1034\" data-end=\"1051\">Cyan (TK-5220C)<\/p>\n<\/li>\n<li class=\"\" data-start=\"1052\" data-end=\"1074\">\n<p class=\"\" data-start=\"1054\" data-end=\"1074\">Magenta (TK-5220M)<\/p>\n<\/li>\n<li class=\"\" data-start=\"1075\" data-end=\"1177\">\n<p class=\"\" data-start=\"1077\" data-end=\"1177\">Jaune (TK-5220Y)<br data-start=\"1093\" data-end=\"1096\" \/>Un seul pack pour une gestion simplifi\u00e9e et coh\u00e9rente de vos impressions couleur.<\/p>\n<\/li>\n<\/ul>\n<h3 data-start=\"1179\" data-end=\"1341\"><strong data-start=\"1179\" data-end=\"1203\">Compatibilit\u00e9 totale<\/strong><\/h3>\n<p class=\"\" data-start=\"1179\" data-end=\"1341\">Compatible avec les imprimantes Kyocera ECOSYS M5521cdw, M5521cdn, P5021cdw et P5021cdn, P5021, P5021 Series. Installation facile, sans erreur de d\u00e9tection.<\/p>\n<h3 data-start=\"1343\" data-end=\"1389\"><strong data-start=\"1343\" data-end=\"1360\">Bon rendement<\/strong><\/h3>\n<p class=\"\" data-start=\"1343\" data-end=\"1389\">Capacit\u00e9 approximative :<\/p>\n<ul data-start=\"1390\" data-end=\"1508\">\n<li class=\"\" data-start=\"1390\" data-end=\"1412\">\n<p class=\"\" data-start=\"1392\" data-end=\"1412\">Noir : 1 200 pages<\/p>\n<\/li>\n<li class=\"\" data-start=\"1413\" data-end=\"1508\">\n<p class=\"\" data-start=\"1415\" data-end=\"1508\">Couleurs : 1 200 pages chacune<br data-start=\"1445\" data-end=\"1448\" \/>Un choix \u00e9quilibr\u00e9 pour les petites et moyennes entreprises.<\/p>\n<\/li>\n<\/ul>\n<h3 data-start=\"1510\" data-end=\"1544\"><strong data-start=\"1510\" data-end=\"1542\">Caract\u00e9ristiques principales<\/strong><\/h3>\n<ul data-start=\"1545\" data-end=\"1728\">\n<li class=\"\" data-start=\"1545\" data-end=\"1577\">\n<p class=\"\" data-start=\"1547\" data-end=\"1577\">Mod\u00e8le : TK-5220 (pack de 4)<\/p>\n<\/li>\n<li class=\"\" data-start=\"1578\" data-end=\"1608\">\n<p class=\"\" data-start=\"1580\" data-end=\"1608\">Impression : laser couleur<\/p>\n<\/li>\n<li class=\"\" data-start=\"1609\" data-end=\"1654\">\n<p class=\"\" data-start=\"1611\" data-end=\"1654\">Compatibilit\u00e9 : ECOSYS M5521, P5021, etc.<\/p>\n<\/li>\n<li class=\"\" data-start=\"1655\" data-end=\"1694\">\n<p class=\"\" data-start=\"1657\" data-end=\"1694\">Rendement : 1 200 pages par couleur<\/p>\n<\/li>\n<li class=\"\" data-start=\"1695\" data-end=\"1728\">\n<p class=\"\" data-start=\"1697\" data-end=\"1728\">Installation propre et rapide<\/p>\n<\/li>\n<\/ul>\n<h3 data-start=\"1730\" data-end=\"1897\"><strong data-start=\"1730\" data-end=\"1751\">Solution rentable<\/strong><\/h3>\n<p class=\"\" data-start=\"1730\" data-end=\"1897\">Le pack Kyocera TK-5220 est con\u00e7u pour offrir qualit\u00e9, durabilit\u00e9 et ma\u00eetrise des co\u00fbts. Une solution compl\u00e8te pour une impression sans tracas.<\/p>","protected":false},"excerpt":{"rendered":"<p>Le pack toner Kyocera TK-5220 regroupe les quatre couleurs essentielles \u2013 noir, cyan, magenta et jaune \u2013 pour des impressions laser couleur nettes et fiables. Compatible avec plusieurs mod\u00e8les Kyocera ECOSYS, il offre un rendement optimal et une qualit\u00e9 constante, id\u00e9ale pour les bureaux recherchant performance et \u00e9conomies \u00e0 long terme.<\/p>","protected":false},"featured_media":3350,"comment_status":"open","ping_status":"closed","template":"","meta":{"_monsterinsights_skip_tracking":false,"_monsterinsights_sitenote_active":false,"_monsterinsights_sitenote_note":"","_monsterinsights_sitenote_category":0},"product_brand":[830],"product_cat":[224],"product_tag":[893,896,894,874,873,872,849,871,895,784,267,852,870,889,888,892,891,890,274,897,254,877],"class_list":{"0":"post-3349","1":"product","2":"type-product","3":"status-publish","4":"has-post-thumbnail","6":"product_brand-kyocera","7":"product_cat-consemable","8":"product_tag-893","9":"product_tag-896","10":"product_tag-894","11":"product_tag-algeria","12":"product_tag-algerie","13":"product_tag-color","14":"product_tag-consomable","15":"product_tag-couleur","16":"product_tag-ecosys","17":"product_tag-imprimante","18":"product_tag-kyocera","19":"product_tag-laser","20":"product_tag-lazer","21":"product_tag-m5521cdn","22":"product_tag-m5521cdw","23":"product_tag-p5021","24":"product_tag-p5021cdn","25":"product_tag-p5021cdw","26":"product_tag-tk","27":"product_tag-tk5220","28":"product_tag-toner","29":"product_tag-toner-algerie","31":"first","32":"instock","33":"purchasable","34":"product-type-simple"},"yoast_head":"<!-- This site is optimized with the Yoast SEO plugin v27.4 - https:\/\/yoast.com\/product\/yoast-seo-wordpress\/ -->\n<title>Pack Toner Kyocera TK 5220 - mersatradedz<\/title>\n<meta name=\"robots\" content=\"index, follow, max-snippet:-1, max-image-preview:large, max-video-preview:-1\" \/>\n<link rel=\"canonical\" href=\"https:\/\/mersatradedz.com\/ar\/product\/pack-toner-kyocera-tk-5220\/\" \/>\n<meta property=\"og:locale\" content=\"ar_AR\" \/>\n<meta property=\"og:type\" content=\"article\" \/>\n<meta property=\"og:title\" content=\"Pack Toner Kyocera TK 5220 - mersatradedz\" \/>\n<meta property=\"og:description\" content=\"Le pack toner Kyocera TK-5220 regroupe les quatre couleurs essentielles \u2013 noir, cyan, magenta et jaune \u2013 pour des impressions laser couleur nettes et fiables. Compatible avec plusieurs mod\u00e8les Kyocera ECOSYS, il offre un rendement optimal et une qualit\u00e9 constante, id\u00e9ale pour les bureaux recherchant performance et \u00e9conomies \u00e0 long terme.\" \/>\n<meta property=\"og:url\" content=\"https:\/\/mersatradedz.com\/ar\/product\/pack-toner-kyocera-tk-5220\/\" \/>\n<meta property=\"og:site_name\" content=\"mersatradedz\" \/>\n<meta property=\"article:publisher\" content=\"https:\/\/www.facebook.com\/ntbidz\" \/>\n<meta property=\"article:modified_time\" content=\"2025-05-21T11:01:31+00:00\" \/>\n<meta property=\"og:image\" content=\"https:\/\/mersatradedz.com\/wp-content\/uploads\/2025\/05\/1626175897_KYOCERA-TK5220.jpg.webp\" \/>\n\t<meta property=\"og:image:width\" content=\"500\" \/>\n\t<meta property=\"og:image:height\" content=\"400\" \/>\n\t<meta property=\"og:image:type\" content=\"image\/webp\" \/>\n<meta name=\"twitter:card\" content=\"summary_large_image\" \/>\n<meta name=\"twitter:label1\" content=\"\u0648\u0642\u062a \u0627\u0644\u0642\u0631\u0627\u0621\u0629 \u0627\u0644\u0645\u064f\u0642\u062f\u0651\u0631\" \/>\n\t<meta name=\"twitter:data1\" content=\"\u062f\u0642\u064a\u0642\u0629 \u0648\u0627\u062d\u062f\u0629\" \/>\n<script type=\"application\/ld+json\" class=\"yoast-schema-graph\">{\"@context\":\"https:\\\/\\\/schema.org\",\"@graph\":[{\"@type\":\"WebPage\",\"@id\":\"https:\\\/\\\/mersatradedz.com\\\/product\\\/pack-toner-kyocera-tk-5220\\\/\",\"url\":\"https:\\\/\\\/mersatradedz.com\\\/product\\\/pack-toner-kyocera-tk-5220\\\/\",\"name\":\"Pack Toner Kyocera TK 5220 - mersatradedz\",\"isPartOf\":{\"@id\":\"https:\\\/\\\/mersatradedz.com\\\/#website\"},\"primaryImageOfPage\":{\"@id\":\"https:\\\/\\\/mersatradedz.com\\\/product\\\/pack-toner-kyocera-tk-5220\\\/#primaryimage\"},\"image\":{\"@id\":\"https:\\\/\\\/mersatradedz.com\\\/product\\\/pack-toner-kyocera-tk-5220\\\/#primaryimage\"},\"thumbnailUrl\":\"https:\\\/\\\/mersatradedz.com\\\/wp-content\\\/uploads\\\/2025\\\/05\\\/1626175897_KYOCERA-TK5220.jpg.webp\",\"datePublished\":\"2025-05-21T11:01:11+00:00\",\"dateModified\":\"2025-05-21T11:01:31+00:00\",\"breadcrumb\":{\"@id\":\"https:\\\/\\\/mersatradedz.com\\\/product\\\/pack-toner-kyocera-tk-5220\\\/#breadcrumb\"},\"inLanguage\":\"ar\",\"potentialAction\":[{\"@type\":\"ReadAction\",\"target\":[\"https:\\\/\\\/mersatradedz.com\\\/product\\\/pack-toner-kyocera-tk-5220\\\/\"]}]},{\"@type\":\"ImageObject\",\"inLanguage\":\"ar\",\"@id\":\"https:\\\/\\\/mersatradedz.com\\\/product\\\/pack-toner-kyocera-tk-5220\\\/#primaryimage\",\"url\":\"https:\\\/\\\/mersatradedz.com\\\/wp-content\\\/uploads\\\/2025\\\/05\\\/1626175897_KYOCERA-TK5220.jpg.webp\",\"contentUrl\":\"https:\\\/\\\/mersatradedz.com\\\/wp-content\\\/uploads\\\/2025\\\/05\\\/1626175897_KYOCERA-TK5220.jpg.webp\",\"width\":500,\"height\":400},{\"@type\":\"BreadcrumbList\",\"@id\":\"https:\\\/\\\/mersatradedz.com\\\/product\\\/pack-toner-kyocera-tk-5220\\\/#breadcrumb\",\"itemListElement\":[{\"@type\":\"ListItem\",\"position\":1,\"name\":\"Home\",\"item\":\"https:\\\/\\\/mersatradedz.com\\\/ar\\\/\"},{\"@type\":\"ListItem\",\"position\":2,\"name\":\"Boutique\",\"item\":\"https:\\\/\\\/mersatradedz.com\\\/shop\\\/\"},{\"@type\":\"ListItem\",\"position\":3,\"name\":\"Pack Toner Kyocera TK 5220\"}]},{\"@type\":\"WebSite\",\"@id\":\"https:\\\/\\\/mersatradedz.com\\\/#website\",\"url\":\"https:\\\/\\\/mersatradedz.com\\\/\",\"name\":\"mersatradedz\",\"description\":\"\",\"publisher\":{\"@id\":\"https:\\\/\\\/mersatradedz.com\\\/#organization\"},\"potentialAction\":[{\"@type\":\"SearchAction\",\"target\":{\"@type\":\"EntryPoint\",\"urlTemplate\":\"https:\\\/\\\/mersatradedz.com\\\/?s={search_term_string}\"},\"query-input\":{\"@type\":\"PropertyValueSpecification\",\"valueRequired\":true,\"valueName\":\"search_term_string\"}}],\"inLanguage\":\"ar\"},{\"@type\":\"Organization\",\"@id\":\"https:\\\/\\\/mersatradedz.com\\\/#organization\",\"name\":\"mersa trade\",\"url\":\"https:\\\/\\\/mersatradedz.com\\\/\",\"logo\":{\"@type\":\"ImageObject\",\"inLanguage\":\"ar\",\"@id\":\"https:\\\/\\\/mersatradedz.com\\\/#\\\/schema\\\/logo\\\/image\\\/\",\"url\":\"https:\\\/\\\/mersatradedz.com\\\/wp-content\\\/uploads\\\/2023\\\/07\\\/cropped-1684191296456.jpg\",\"contentUrl\":\"https:\\\/\\\/mersatradedz.com\\\/wp-content\\\/uploads\\\/2023\\\/07\\\/cropped-1684191296456.jpg\",\"width\":1451,\"height\":955,\"caption\":\"mersa trade\"},\"image\":{\"@id\":\"https:\\\/\\\/mersatradedz.com\\\/#\\\/schema\\\/logo\\\/image\\\/\"},\"sameAs\":[\"https:\\\/\\\/www.facebook.com\\\/ntbidz\"]}]}<\/script>\n<!-- \/ Yoast SEO plugin. -->","yoast_head_json":{"title":"Pack Toner Kyocera TK 5220 - mersatradedz","robots":{"index":"index","follow":"follow","max-snippet":"max-snippet:-1","max-image-preview":"max-image-preview:large","max-video-preview":"max-video-preview:-1"},"canonical":"https:\/\/mersatradedz.com\/ar\/product\/pack-toner-kyocera-tk-5220\/","og_locale":"ar_AR","og_type":"article","og_title":"Pack Toner Kyocera TK 5220 - mersatradedz","og_description":"Le pack toner Kyocera TK-5220 regroupe les quatre couleurs essentielles \u2013 noir, cyan, magenta et jaune \u2013 pour des impressions laser couleur nettes et fiables. Compatible avec plusieurs mod\u00e8les Kyocera ECOSYS, il offre un rendement optimal et une qualit\u00e9 constante, id\u00e9ale pour les bureaux recherchant performance et \u00e9conomies \u00e0 long terme.","og_url":"https:\/\/mersatradedz.com\/ar\/product\/pack-toner-kyocera-tk-5220\/","og_site_name":"mersatradedz","article_publisher":"https:\/\/www.facebook.com\/ntbidz","article_modified_time":"2025-05-21T11:01:31+00:00","og_image":[{"width":500,"height":400,"url":"https:\/\/mersatradedz.com\/wp-content\/uploads\/2025\/05\/1626175897_KYOCERA-TK5220.jpg.webp","type":"image\/webp"}],"twitter_card":"summary_large_image","twitter_misc":{"\u0648\u0642\u062a \u0627\u0644\u0642\u0631\u0627\u0621\u0629 \u0627\u0644\u0645\u064f\u0642\u062f\u0651\u0631":"\u062f\u0642\u064a\u0642\u0629 \u0648\u0627\u062d\u062f\u0629"},"schema":{"@context":"https:\/\/schema.org","@graph":[{"@type":"WebPage","@id":"https:\/\/mersatradedz.com\/product\/pack-toner-kyocera-tk-5220\/","url":"https:\/\/mersatradedz.com\/product\/pack-toner-kyocera-tk-5220\/","name":"Pack Toner Kyocera TK 5220 - mersatradedz","isPartOf":{"@id":"https:\/\/mersatradedz.com\/#website"},"primaryImageOfPage":{"@id":"https:\/\/mersatradedz.com\/product\/pack-toner-kyocera-tk-5220\/#primaryimage"},"image":{"@id":"https:\/\/mersatradedz.com\/product\/pack-toner-kyocera-tk-5220\/#primaryimage"},"thumbnailUrl":"https:\/\/mersatradedz.com\/wp-content\/uploads\/2025\/05\/1626175897_KYOCERA-TK5220.jpg.webp","datePublished":"2025-05-21T11:01:11+00:00","dateModified":"2025-05-21T11:01:31+00:00","breadcrumb":{"@id":"https:\/\/mersatradedz.com\/product\/pack-toner-kyocera-tk-5220\/#breadcrumb"},"inLanguage":"ar","potentialAction":[{"@type":"ReadAction","target":["https:\/\/mersatradedz.com\/product\/pack-toner-kyocera-tk-5220\/"]}]},{"@type":"ImageObject","inLanguage":"ar","@id":"https:\/\/mersatradedz.com\/product\/pack-toner-kyocera-tk-5220\/#primaryimage","url":"https:\/\/mersatradedz.com\/wp-content\/uploads\/2025\/05\/1626175897_KYOCERA-TK5220.jpg.webp","contentUrl":"https:\/\/mersatradedz.com\/wp-content\/uploads\/2025\/05\/1626175897_KYOCERA-TK5220.jpg.webp","width":500,"height":400},{"@type":"BreadcrumbList","@id":"https:\/\/mersatradedz.com\/product\/pack-toner-kyocera-tk-5220\/#breadcrumb","itemListElement":[{"@type":"ListItem","position":1,"name":"Home","item":"https:\/\/mersatradedz.com\/ar\/"},{"@type":"ListItem","position":2,"name":"Boutique","item":"https:\/\/mersatradedz.com\/shop\/"},{"@type":"ListItem","position":3,"name":"Pack Toner Kyocera TK 5220"}]},{"@type":"WebSite","@id":"https:\/\/mersatradedz.com\/#website","url":"https:\/\/mersatradedz.com\/","name":"mersatradedz","description":"","publisher":{"@id":"https:\/\/mersatradedz.com\/#organization"},"potentialAction":[{"@type":"SearchAction","target":{"@type":"EntryPoint","urlTemplate":"https:\/\/mersatradedz.com\/?s={search_term_string}"},"query-input":{"@type":"PropertyValueSpecification","valueRequired":true,"valueName":"search_term_string"}}],"inLanguage":"ar"},{"@type":"Organization","@id":"https:\/\/mersatradedz.com\/#organization","name":"mersa trade","url":"https:\/\/mersatradedz.com\/","logo":{"@type":"ImageObject","inLanguage":"ar","@id":"https:\/\/mersatradedz.com\/#\/schema\/logo\/image\/","url":"https:\/\/mersatradedz.com\/wp-content\/uploads\/2023\/07\/cropped-1684191296456.jpg","contentUrl":"https:\/\/mersatradedz.com\/wp-content\/uploads\/2023\/07\/cropped-1684191296456.jpg","width":1451,"height":955,"caption":"mersa trade"},"image":{"@id":"https:\/\/mersatradedz.com\/#\/schema\/logo\/image\/"},"sameAs":["https:\/\/www.facebook.com\/ntbidz"]}]}},"jetpack_sharing_enabled":true,"_links":{"self":[{"href":"https:\/\/mersatradedz.com\/ar\/wp-json\/wp\/v2\/product\/3349","targetHints":{"allow":["GET"]}}],"collection":[{"href":"https:\/\/mersatradedz.com\/ar\/wp-json\/wp\/v2\/product"}],"about":[{"href":"https:\/\/mersatradedz.com\/ar\/wp-json\/wp\/v2\/types\/product"}],"replies":[{"embeddable":true,"href":"https:\/\/mersatradedz.com\/ar\/wp-json\/wp\/v2\/comments?post=3349"}],"wp:featuredmedia":[{"embeddable":true,"href":"https:\/\/mersatradedz.com\/ar\/wp-json\/wp\/v2\/media\/3350"}],"wp:attachment":[{"href":"https:\/\/mersatradedz.com\/ar\/wp-json\/wp\/v2\/media?parent=3349"}],"wp:term":[{"taxonomy":"product_brand","embeddable":true,"href":"https:\/\/mersatradedz.com\/ar\/wp-json\/wp\/v2\/product_brand?post=3349"},{"taxonomy":"product_cat","embeddable":true,"href":"https:\/\/mersatradedz.com\/ar\/wp-json\/wp\/v2\/product_cat?post=3349"},{"taxonomy":"product_tag","embeddable":true,"href":"https:\/\/mersatradedz.com\/ar\/wp-json\/wp\/v2\/product_tag?post=3349"}],"curies":[{"name":"wp","href":"https:\/\/api.w.org\/{rel}","templated":true}]}}