{"id":3352,"date":"2025-05-21T12:05:06","date_gmt":"2025-05-21T11:05:06","guid":{"rendered":"https:\/\/mersatradedz.com\/?post_type=product&#038;p=3352"},"modified":"2025-05-21T12:17:08","modified_gmt":"2025-05-21T11:17:08","slug":"toner-canon-055-bk","status":"publish","type":"product","link":"https:\/\/mersatradedz.com\/ar\/product\/toner-canon-055-bk\/","title":{"rendered":"Toner Canon 055 BK"},"content":{"rendered":"<h3 data-start=\"697\" data-end=\"841\"><strong data-start=\"697\" data-end=\"713\">Noir intense<\/strong><\/h3>\n<p class=\"\" data-start=\"697\" data-end=\"841\">Le Canon 055 BK fournit un noir profond, parfait pour des textes clairs, des graphiques nets et des documents professionnels.<\/p>\n<h3 data-start=\"843\" data-end=\"1023\"><strong data-start=\"843\" data-end=\"868\">Compatibilit\u00e9 assur\u00e9e<\/strong><\/h3>\n<p class=\"\" data-start=\"1191\" data-end=\"1393\">Compatible avec les imprimantes Canon i-SENSYS MF740, MF742Cdw, MF744Cdw, MF746Cx, et LBP660 s\u00e9ries. Il s\u2019installe facilement et assure un fonctionnement fluide sans erreur.<\/p>\n<p data-start=\"1191\" data-end=\"1393\">i-SENSYS LBP660CSeries \/ LBP661C \/ LBP662C \/ LEP663cdw \/ LBP663Cdn \/ LBP664cx.<\/p>\n<p data-start=\"1191\" data-end=\"1393\">Color imageCLASS MF740C Series \/ MF741cdw \/ MF742cdw \/ MF743cdw \/ MF744cdw \/ MF745cdw \/ MF746cx.<\/p>\n<h3 data-start=\"1025\" data-end=\"1182\"><strong data-start=\"1025\" data-end=\"1046\">Rendement optimal<\/strong><\/h3>\n<p class=\"\" data-start=\"1025\" data-end=\"1182\">Avec une capacit\u00e9 d\u2019environ 2 300 pages, ce toner est con\u00e7u pour r\u00e9pondre aux besoins d\u2019impression des environnements professionnels.<\/p>\n<h3 data-start=\"1184\" data-end=\"1337\"><strong data-start=\"1184\" data-end=\"1207\">Installation rapide<\/strong><\/h3>\n<p class=\"\" data-start=\"1184\" data-end=\"1337\">Facile \u00e0 ins\u00e9rer, le Canon 055 BK ne n\u00e9cessite aucun r\u00e9glage technique. Il garantit une impression propre d\u00e8s la premi\u00e8re page.<\/p>\n<h3 data-start=\"1339\" data-end=\"1373\"><strong data-start=\"1339\" data-end=\"1371\">Caract\u00e9ristiques principales<\/strong><\/h3>\n<ul data-start=\"1374\" data-end=\"1545\">\n<li class=\"\" data-start=\"1374\" data-end=\"1392\">\n<p class=\"\" data-start=\"1376\" data-end=\"1392\">Couleur : Noir<\/p>\n<\/li>\n<li class=\"\" data-start=\"1393\" data-end=\"1418\">\n<p class=\"\" data-start=\"1395\" data-end=\"1418\">Mod\u00e8le : Canon 055 BK<\/p>\n<\/li>\n<li class=\"\" data-start=\"1419\" data-end=\"1474\">\n<p class=\"\" data-start=\"1421\" data-end=\"1474\">Compatibilit\u00e9 : i-SENSYS MF742, MF744, LBP664, etc.<\/p>\n<\/li>\n<li class=\"\" data-start=\"1475\" data-end=\"1510\">\n<p class=\"\" data-start=\"1477\" data-end=\"1510\">Rendement : jusqu\u2019\u00e0 2 300 pages<\/p>\n<\/li>\n<li class=\"\" data-start=\"1511\" data-end=\"1545\">\n<p class=\"\" data-start=\"1513\" data-end=\"1545\">Technologie : laser monochrome<\/p>\n<\/li>\n<\/ul>\n<h3 data-start=\"1547\" data-end=\"1727\"><strong data-start=\"1547\" data-end=\"1575\">Fiabilit\u00e9 et performance<\/strong><\/h3>\n<p class=\"\" data-start=\"1547\" data-end=\"1727\">Le Canon 055 BK offre une impression r\u00e9guli\u00e8re avec une qualit\u00e9 constante, id\u00e9ale pour les entreprises recherchant une solution fiable et \u00e9conomique.<\/p>","protected":false},"excerpt":{"rendered":"<p>Le pack toner Canon 055 contient les quatre couleurs essentielles pour une impression laser couleur de haute qualit\u00e9 : noir, cyan, magenta et jaune. Con\u00e7u pour les imprimantes Canon i-SENSYS, il offre une excellente pr\u00e9cision des couleurs, un texte net et un rendement fiable. Id\u00e9al pour les entreprises exigeant des r\u00e9sultats professionnels \u00e0 chaque page.<\/p>","protected":false},"featured_media":3353,"comment_status":"open","ping_status":"closed","template":"","meta":{"_monsterinsights_skip_tracking":false,"_monsterinsights_sitenote_active":false,"_monsterinsights_sitenote_note":"","_monsterinsights_sitenote_category":0},"product_brand":[826],"product_cat":[224],"product_tag":[345,346,875,874,873,236,872,876,871,784,852,870,851,855,856,857,859,860,858,869,861,862,863,864,865,866,867,403,898,837,225,347,868,254,877],"class_list":{"0":"post-3352","1":"product","2":"type-product","3":"status-publish","4":"has-post-thumbnail","6":"product_brand-canon","7":"product_cat-consemable","8":"product_tag-345","9":"product_tag-346","10":"product_tag-alger","11":"product_tag-algeria","12":"product_tag-algerie","13":"product_tag-canon","14":"product_tag-color","15":"product_tag-compatible","16":"product_tag-couleur","17":"product_tag-imprimante","18":"product_tag-laser","19":"product_tag-lazer","20":"product_tag-lbp","21":"product_tag-lbp660c","22":"product_tag-lbp661c","23":"product_tag-lbp662c","24":"product_tag-lbp663cdn","25":"product_tag-lbp664cx","26":"product_tag-lep663cdw","27":"product_tag-mf","28":"product_tag-mf740c","29":"product_tag-mf741cdw","30":"product_tag-mf742cdw","31":"product_tag-mf743cdw","32":"product_tag-mf744cdw","33":"product_tag-mf745cdw","34":"product_tag-mf746cx","35":"product_tag-noir","36":"product_tag-noir-blanc","37":"product_tag-noir-et-blanc","38":"product_tag-pack","39":"product_tag-pack-toner-canon-055","40":"product_tag-sensys","41":"product_tag-toner","42":"product_tag-toner-algerie","44":"first","45":"instock","46":"purchasable","47":"product-type-simple"},"yoast_head":"<!-- This site is optimized with the Yoast SEO plugin v27.4 - https:\/\/yoast.com\/product\/yoast-seo-wordpress\/ -->\n<title>Toner Canon 055 BK - mersatradedz<\/title>\n<meta name=\"robots\" content=\"index, follow, max-snippet:-1, max-image-preview:large, max-video-preview:-1\" \/>\n<link rel=\"canonical\" href=\"https:\/\/mersatradedz.com\/ar\/product\/toner-canon-055-bk\/\" \/>\n<meta property=\"og:locale\" content=\"ar_AR\" \/>\n<meta property=\"og:type\" content=\"article\" \/>\n<meta property=\"og:title\" content=\"Toner Canon 055 BK - mersatradedz\" \/>\n<meta property=\"og:description\" content=\"Le pack toner Canon 055 contient les quatre couleurs essentielles pour une impression laser couleur de haute qualit\u00e9 : noir, cyan, magenta et jaune. Con\u00e7u pour les imprimantes Canon i-SENSYS, il offre une excellente pr\u00e9cision des couleurs, un texte net et un rendement fiable. Id\u00e9al pour les entreprises exigeant des r\u00e9sultats professionnels \u00e0 chaque page.\" \/>\n<meta property=\"og:url\" content=\"https:\/\/mersatradedz.com\/ar\/product\/toner-canon-055-bk\/\" \/>\n<meta property=\"og:site_name\" content=\"mersatradedz\" \/>\n<meta property=\"article:publisher\" content=\"https:\/\/www.facebook.com\/ntbidz\" \/>\n<meta property=\"article:modified_time\" content=\"2025-05-21T11:17:08+00:00\" \/>\n<meta property=\"og:image\" content=\"https:\/\/mersatradedz.com\/wp-content\/uploads\/2025\/05\/telechargement.jpeg\" \/>\n\t<meta property=\"og:image:width\" content=\"225\" \/>\n\t<meta property=\"og:image:height\" content=\"225\" \/>\n\t<meta property=\"og:image:type\" content=\"image\/jpeg\" \/>\n<meta name=\"twitter:card\" content=\"summary_large_image\" \/>\n<meta name=\"twitter:label1\" content=\"\u0648\u0642\u062a \u0627\u0644\u0642\u0631\u0627\u0621\u0629 \u0627\u0644\u0645\u064f\u0642\u062f\u0651\u0631\" \/>\n\t<meta name=\"twitter:data1\" content=\"\u062f\u0642\u064a\u0642\u0629 \u0648\u0627\u062d\u062f\u0629\" \/>\n<script type=\"application\/ld+json\" class=\"yoast-schema-graph\">{\"@context\":\"https:\\\/\\\/schema.org\",\"@graph\":[{\"@type\":\"WebPage\",\"@id\":\"https:\\\/\\\/mersatradedz.com\\\/product\\\/toner-canon-055-bk\\\/\",\"url\":\"https:\\\/\\\/mersatradedz.com\\\/product\\\/toner-canon-055-bk\\\/\",\"name\":\"Toner Canon 055 BK - mersatradedz\",\"isPartOf\":{\"@id\":\"https:\\\/\\\/mersatradedz.com\\\/#website\"},\"primaryImageOfPage\":{\"@id\":\"https:\\\/\\\/mersatradedz.com\\\/product\\\/toner-canon-055-bk\\\/#primaryimage\"},\"image\":{\"@id\":\"https:\\\/\\\/mersatradedz.com\\\/product\\\/toner-canon-055-bk\\\/#primaryimage\"},\"thumbnailUrl\":\"https:\\\/\\\/mersatradedz.com\\\/wp-content\\\/uploads\\\/2025\\\/05\\\/telechargement.jpeg\",\"datePublished\":\"2025-05-21T11:05:06+00:00\",\"dateModified\":\"2025-05-21T11:17:08+00:00\",\"breadcrumb\":{\"@id\":\"https:\\\/\\\/mersatradedz.com\\\/product\\\/toner-canon-055-bk\\\/#breadcrumb\"},\"inLanguage\":\"ar\",\"potentialAction\":[{\"@type\":\"ReadAction\",\"target\":[\"https:\\\/\\\/mersatradedz.com\\\/product\\\/toner-canon-055-bk\\\/\"]}]},{\"@type\":\"ImageObject\",\"inLanguage\":\"ar\",\"@id\":\"https:\\\/\\\/mersatradedz.com\\\/product\\\/toner-canon-055-bk\\\/#primaryimage\",\"url\":\"https:\\\/\\\/mersatradedz.com\\\/wp-content\\\/uploads\\\/2025\\\/05\\\/telechargement.jpeg\",\"contentUrl\":\"https:\\\/\\\/mersatradedz.com\\\/wp-content\\\/uploads\\\/2025\\\/05\\\/telechargement.jpeg\",\"width\":225,\"height\":225},{\"@type\":\"BreadcrumbList\",\"@id\":\"https:\\\/\\\/mersatradedz.com\\\/product\\\/toner-canon-055-bk\\\/#breadcrumb\",\"itemListElement\":[{\"@type\":\"ListItem\",\"position\":1,\"name\":\"Home\",\"item\":\"https:\\\/\\\/mersatradedz.com\\\/ar\\\/\"},{\"@type\":\"ListItem\",\"position\":2,\"name\":\"Boutique\",\"item\":\"https:\\\/\\\/mersatradedz.com\\\/shop\\\/\"},{\"@type\":\"ListItem\",\"position\":3,\"name\":\"Toner Canon 055 BK\"}]},{\"@type\":\"WebSite\",\"@id\":\"https:\\\/\\\/mersatradedz.com\\\/#website\",\"url\":\"https:\\\/\\\/mersatradedz.com\\\/\",\"name\":\"mersatradedz\",\"description\":\"\",\"publisher\":{\"@id\":\"https:\\\/\\\/mersatradedz.com\\\/#organization\"},\"potentialAction\":[{\"@type\":\"SearchAction\",\"target\":{\"@type\":\"EntryPoint\",\"urlTemplate\":\"https:\\\/\\\/mersatradedz.com\\\/?s={search_term_string}\"},\"query-input\":{\"@type\":\"PropertyValueSpecification\",\"valueRequired\":true,\"valueName\":\"search_term_string\"}}],\"inLanguage\":\"ar\"},{\"@type\":\"Organization\",\"@id\":\"https:\\\/\\\/mersatradedz.com\\\/#organization\",\"name\":\"mersa trade\",\"url\":\"https:\\\/\\\/mersatradedz.com\\\/\",\"logo\":{\"@type\":\"ImageObject\",\"inLanguage\":\"ar\",\"@id\":\"https:\\\/\\\/mersatradedz.com\\\/#\\\/schema\\\/logo\\\/image\\\/\",\"url\":\"https:\\\/\\\/mersatradedz.com\\\/wp-content\\\/uploads\\\/2023\\\/07\\\/cropped-1684191296456.jpg\",\"contentUrl\":\"https:\\\/\\\/mersatradedz.com\\\/wp-content\\\/uploads\\\/2023\\\/07\\\/cropped-1684191296456.jpg\",\"width\":1451,\"height\":955,\"caption\":\"mersa trade\"},\"image\":{\"@id\":\"https:\\\/\\\/mersatradedz.com\\\/#\\\/schema\\\/logo\\\/image\\\/\"},\"sameAs\":[\"https:\\\/\\\/www.facebook.com\\\/ntbidz\"]}]}<\/script>\n<!-- \/ Yoast SEO plugin. -->","yoast_head_json":{"title":"Toner Canon 055 BK - mersatradedz","robots":{"index":"index","follow":"follow","max-snippet":"max-snippet:-1","max-image-preview":"max-image-preview:large","max-video-preview":"max-video-preview:-1"},"canonical":"https:\/\/mersatradedz.com\/ar\/product\/toner-canon-055-bk\/","og_locale":"ar_AR","og_type":"article","og_title":"Toner Canon 055 BK - mersatradedz","og_description":"Le pack toner Canon 055 contient les quatre couleurs essentielles pour une impression laser couleur de haute qualit\u00e9 : noir, cyan, magenta et jaune. Con\u00e7u pour les imprimantes Canon i-SENSYS, il offre une excellente pr\u00e9cision des couleurs, un texte net et un rendement fiable. Id\u00e9al pour les entreprises exigeant des r\u00e9sultats professionnels \u00e0 chaque page.","og_url":"https:\/\/mersatradedz.com\/ar\/product\/toner-canon-055-bk\/","og_site_name":"mersatradedz","article_publisher":"https:\/\/www.facebook.com\/ntbidz","article_modified_time":"2025-05-21T11:17:08+00:00","og_image":[{"width":225,"height":225,"url":"https:\/\/mersatradedz.com\/wp-content\/uploads\/2025\/05\/telechargement.jpeg","type":"image\/jpeg"}],"twitter_card":"summary_large_image","twitter_misc":{"\u0648\u0642\u062a \u0627\u0644\u0642\u0631\u0627\u0621\u0629 \u0627\u0644\u0645\u064f\u0642\u062f\u0651\u0631":"\u062f\u0642\u064a\u0642\u0629 \u0648\u0627\u062d\u062f\u0629"},"schema":{"@context":"https:\/\/schema.org","@graph":[{"@type":"WebPage","@id":"https:\/\/mersatradedz.com\/product\/toner-canon-055-bk\/","url":"https:\/\/mersatradedz.com\/product\/toner-canon-055-bk\/","name":"Toner Canon 055 BK - mersatradedz","isPartOf":{"@id":"https:\/\/mersatradedz.com\/#website"},"primaryImageOfPage":{"@id":"https:\/\/mersatradedz.com\/product\/toner-canon-055-bk\/#primaryimage"},"image":{"@id":"https:\/\/mersatradedz.com\/product\/toner-canon-055-bk\/#primaryimage"},"thumbnailUrl":"https:\/\/mersatradedz.com\/wp-content\/uploads\/2025\/05\/telechargement.jpeg","datePublished":"2025-05-21T11:05:06+00:00","dateModified":"2025-05-21T11:17:08+00:00","breadcrumb":{"@id":"https:\/\/mersatradedz.com\/product\/toner-canon-055-bk\/#breadcrumb"},"inLanguage":"ar","potentialAction":[{"@type":"ReadAction","target":["https:\/\/mersatradedz.com\/product\/toner-canon-055-bk\/"]}]},{"@type":"ImageObject","inLanguage":"ar","@id":"https:\/\/mersatradedz.com\/product\/toner-canon-055-bk\/#primaryimage","url":"https:\/\/mersatradedz.com\/wp-content\/uploads\/2025\/05\/telechargement.jpeg","contentUrl":"https:\/\/mersatradedz.com\/wp-content\/uploads\/2025\/05\/telechargement.jpeg","width":225,"height":225},{"@type":"BreadcrumbList","@id":"https:\/\/mersatradedz.com\/product\/toner-canon-055-bk\/#breadcrumb","itemListElement":[{"@type":"ListItem","position":1,"name":"Home","item":"https:\/\/mersatradedz.com\/ar\/"},{"@type":"ListItem","position":2,"name":"Boutique","item":"https:\/\/mersatradedz.com\/shop\/"},{"@type":"ListItem","position":3,"name":"Toner Canon 055 BK"}]},{"@type":"WebSite","@id":"https:\/\/mersatradedz.com\/#website","url":"https:\/\/mersatradedz.com\/","name":"mersatradedz","description":"","publisher":{"@id":"https:\/\/mersatradedz.com\/#organization"},"potentialAction":[{"@type":"SearchAction","target":{"@type":"EntryPoint","urlTemplate":"https:\/\/mersatradedz.com\/?s={search_term_string}"},"query-input":{"@type":"PropertyValueSpecification","valueRequired":true,"valueName":"search_term_string"}}],"inLanguage":"ar"},{"@type":"Organization","@id":"https:\/\/mersatradedz.com\/#organization","name":"mersa trade","url":"https:\/\/mersatradedz.com\/","logo":{"@type":"ImageObject","inLanguage":"ar","@id":"https:\/\/mersatradedz.com\/#\/schema\/logo\/image\/","url":"https:\/\/mersatradedz.com\/wp-content\/uploads\/2023\/07\/cropped-1684191296456.jpg","contentUrl":"https:\/\/mersatradedz.com\/wp-content\/uploads\/2023\/07\/cropped-1684191296456.jpg","width":1451,"height":955,"caption":"mersa trade"},"image":{"@id":"https:\/\/mersatradedz.com\/#\/schema\/logo\/image\/"},"sameAs":["https:\/\/www.facebook.com\/ntbidz"]}]}},"jetpack_sharing_enabled":true,"_links":{"self":[{"href":"https:\/\/mersatradedz.com\/ar\/wp-json\/wp\/v2\/product\/3352","targetHints":{"allow":["GET"]}}],"collection":[{"href":"https:\/\/mersatradedz.com\/ar\/wp-json\/wp\/v2\/product"}],"about":[{"href":"https:\/\/mersatradedz.com\/ar\/wp-json\/wp\/v2\/types\/product"}],"replies":[{"embeddable":true,"href":"https:\/\/mersatradedz.com\/ar\/wp-json\/wp\/v2\/comments?post=3352"}],"wp:featuredmedia":[{"embeddable":true,"href":"https:\/\/mersatradedz.com\/ar\/wp-json\/wp\/v2\/media\/3353"}],"wp:attachment":[{"href":"https:\/\/mersatradedz.com\/ar\/wp-json\/wp\/v2\/media?parent=3352"}],"wp:term":[{"taxonomy":"product_brand","embeddable":true,"href":"https:\/\/mersatradedz.com\/ar\/wp-json\/wp\/v2\/product_brand?post=3352"},{"taxonomy":"product_cat","embeddable":true,"href":"https:\/\/mersatradedz.com\/ar\/wp-json\/wp\/v2\/product_cat?post=3352"},{"taxonomy":"product_tag","embeddable":true,"href":"https:\/\/mersatradedz.com\/ar\/wp-json\/wp\/v2\/product_tag?post=3352"}],"curies":[{"name":"wp","href":"https:\/\/api.w.org\/{rel}","templated":true}]}}