{"id":3355,"date":"2025-05-21T12:56:17","date_gmt":"2025-05-21T11:56:17","guid":{"rendered":"https:\/\/mersatradedz.com\/?post_type=product&#038;p=3355"},"modified":"2025-05-21T12:56:18","modified_gmt":"2025-05-21T11:56:18","slug":"pack-toner-brother-tn241cmy","status":"publish","type":"product","link":"https:\/\/mersatradedz.com\/ar\/product\/pack-toner-brother-tn241cmy\/","title":{"rendered":"Pack Toner Brother TN241CMY"},"content":{"rendered":"<h3 data-start=\"2455\" data-end=\"2602\"><strong data-start=\"2455\" data-end=\"2485\">Impression couleur pr\u00e9cise<\/strong><\/h3>\n<p data-start=\"2455\" data-end=\"2602\">LBTN221 \/ 241 \/ 251 \/ 261 \/ 281 \/ 291<\/p>\n<p class=\"\" data-start=\"2455\" data-end=\"2602\">Le pack TN-241 garantit des impressions claires, avec des textes nets et des images aux couleurs bien \u00e9quilibr\u00e9es.<\/p>\n<h3 data-start=\"2604\" data-end=\"2650\"><strong data-start=\"2604\" data-end=\"2627\">4 couleurs incluses<\/strong><\/h3>\n<p class=\"\" data-start=\"2604\" data-end=\"2650\">Le pack comprend :<\/p>\n<ul data-start=\"2651\" data-end=\"2733\">\n<li class=\"\" data-start=\"2651\" data-end=\"2671\">\n<p class=\"\" data-start=\"2653\" data-end=\"2671\">TN-241 BK (noir)<\/p>\n<\/li>\n<li class=\"\" data-start=\"2672\" data-end=\"2691\">\n<p class=\"\" data-start=\"2674\" data-end=\"2691\">TN-241 C (cyan)<\/p>\n<\/li>\n<li class=\"\" data-start=\"2692\" data-end=\"2714\">\n<p class=\"\" data-start=\"2694\" data-end=\"2714\">TN-241 M (magenta)<\/p>\n<\/li>\n<li class=\"\" data-start=\"2715\" data-end=\"2733\">\n<p class=\"\" data-start=\"2717\" data-end=\"2733\">TN-241 Y (jaune)<\/p>\n<\/li>\n<\/ul>\n<h3 data-start=\"2735\" data-end=\"2803\"><strong data-start=\"2735\" data-end=\"2760\">Compatibilit\u00e9 \u00e9tendue<\/strong><\/h3>\n<p class=\"\" data-start=\"2735\" data-end=\"2803\">Fonctionne avec les mod\u00e8les suivants :<\/p>\n<ul data-start=\"2804\" data-end=\"2901\">\n<li class=\"\" data-start=\"2804\" data-end=\"2843\">\n<p class=\"\" data-start=\"2806\" data-end=\"2843\">HL-3140CW , HL-3150CDW , HL-3170CDW<\/p>\n<\/li>\n<li class=\"\" data-start=\"2844\" data-end=\"2859\">\n<p class=\"\" data-start=\"2846\" data-end=\"2859\">DCP-9020CDW, DCP-9015CDW, DCP-9055CDN<\/p>\n<\/li>\n<li class=\"\" data-start=\"2860\" data-end=\"2901\">\n<p class=\"\" data-start=\"2862\" data-end=\"2901\">MFC-9140CDN , MFC-9330CDW , MFC-9340CDW, MFC-9130<\/p>\n<\/li>\n<\/ul>\n<h3 data-start=\"2903\" data-end=\"2922\"><strong data-start=\"2903\" data-end=\"2920\">Bon rendement<\/strong><\/h3>\n<ul data-start=\"2923\" data-end=\"3055\">\n<li class=\"\" data-start=\"2923\" data-end=\"2953\">\n<p class=\"\" data-start=\"2925\" data-end=\"2953\">Noir : jusqu\u2019\u00e0 2 500 pages<\/p>\n<\/li>\n<li class=\"\" data-start=\"2954\" data-end=\"3055\">\n<p class=\"\" data-start=\"2956\" data-end=\"3055\">Couleurs : jusqu\u2019\u00e0 1 400 pages chacune<br data-start=\"2994\" data-end=\"2997\" \/>Adapt\u00e9 pour un usage professionnel ou domestique intensif.<\/p>\n<\/li>\n<\/ul>\n<h3 data-start=\"3057\" data-end=\"3091\"><strong data-start=\"3057\" data-end=\"3089\">Caract\u00e9ristiques principales<\/strong><\/h3>\n<ul data-start=\"3092\" data-end=\"3275\">\n<li class=\"\" data-start=\"3092\" data-end=\"3123\">\n<p class=\"\" data-start=\"3094\" data-end=\"3123\">Type : Pack 4 toners TN-241<\/p>\n<\/li>\n<li class=\"\" data-start=\"3124\" data-end=\"3152\">\n<p class=\"\" data-start=\"3126\" data-end=\"3152\">Impression laser couleur<\/p>\n<\/li>\n<li class=\"\" data-start=\"3153\" data-end=\"3192\">\n<p class=\"\" data-start=\"3155\" data-end=\"3192\">Compatibilit\u00e9 : HL, DCP, MFC s\u00e9ries<\/p>\n<\/li>\n<li class=\"\" data-start=\"3193\" data-end=\"3243\">\n<p class=\"\" data-start=\"3195\" data-end=\"3243\">Rendement total : plus de 6 700 pages cumul\u00e9es<\/p>\n<\/li>\n<li class=\"\" data-start=\"3244\" data-end=\"3275\">\n<p class=\"\" data-start=\"3246\" data-end=\"3275\">Installation rapide et propre<\/p>\n<\/li>\n<\/ul>\n<h3 data-start=\"3277\" data-end=\"3442\"><strong data-start=\"3277\" data-end=\"3301\">Performance compl\u00e8te<\/strong><\/h3>\n<p class=\"\" data-start=\"3277\" data-end=\"3442\">Ce pack vous permet de garder une qualit\u00e9 constante tout en optimisant les co\u00fbts. Id\u00e9al pour les environnements professionnels dynamiques.<\/p>","protected":false},"excerpt":{"rendered":"<p>Le pack toner Brother TN-241 contient les quatre couleurs essentielles \u2013 noir, cyan, magenta et jaune \u2013 pour une impression laser couleur de qualit\u00e9 professionnelle. Compatible avec une large gamme d\u2019imprimantes Brother, il offre un rendement \u00e9quilibr\u00e9 et des couleurs constantes. Une solution compl\u00e8te pour les utilisateurs exigeants.<\/p>","protected":false},"featured_media":3356,"comment_status":"open","ping_status":"closed","template":"","meta":{"_monsterinsights_skip_tracking":false,"_monsterinsights_sitenote_active":false,"_monsterinsights_sitenote_note":"","_monsterinsights_sitenote_category":0},"product_brand":[938],"product_cat":[224],"product_tag":[954,955,956,957,958,241,849,951,943,942,944,952,939,940,941,953,950,948,945,946,947,225,887,949,254],"class_list":{"0":"post-3355","1":"product","2":"type-product","3":"status-publish","4":"has-post-thumbnail","6":"product_brand-brother","7":"product_cat-consemable","8":"product_tag-954","9":"product_tag-955","10":"product_tag-956","11":"product_tag-957","12":"product_tag-958","13":"product_tag-brother","14":"product_tag-consomable","15":"product_tag-dcp","16":"product_tag-dcp-9015cdw","17":"product_tag-dcp-9020cdw","18":"product_tag-dcp-9055cdn","19":"product_tag-hl","20":"product_tag-hl-3140cw","21":"product_tag-hl-3150cdw","22":"product_tag-hl-3170cdw","23":"product_tag-lbtn221","24":"product_tag-mfc","25":"product_tag-mfc-9130","26":"product_tag-mfc-9140cdn","27":"product_tag-mfc-9330cdw","28":"product_tag-mfc-9340cdw","29":"product_tag-pack","30":"product_tag-pack-toner","31":"product_tag-tn","32":"product_tag-toner","34":"first","35":"instock","36":"purchasable","37":"product-type-simple"},"yoast_head":"<!-- This site is optimized with the Yoast SEO plugin v27.4 - https:\/\/yoast.com\/product\/yoast-seo-wordpress\/ -->\n<title>Pack Toner Brother TN241CMY - mersatradedz<\/title>\n<meta name=\"robots\" content=\"index, follow, max-snippet:-1, max-image-preview:large, max-video-preview:-1\" \/>\n<link rel=\"canonical\" href=\"https:\/\/mersatradedz.com\/ar\/product\/pack-toner-brother-tn241cmy\/\" \/>\n<meta property=\"og:locale\" content=\"ar_AR\" \/>\n<meta property=\"og:type\" content=\"article\" \/>\n<meta property=\"og:title\" content=\"Pack Toner Brother TN241CMY - mersatradedz\" \/>\n<meta property=\"og:description\" content=\"Le pack toner Brother TN-241 contient les quatre couleurs essentielles \u2013 noir, cyan, magenta et jaune \u2013 pour une impression laser couleur de qualit\u00e9 professionnelle. Compatible avec une large gamme d\u2019imprimantes Brother, il offre un rendement \u00e9quilibr\u00e9 et des couleurs constantes. Une solution compl\u00e8te pour les utilisateurs exigeants.\" \/>\n<meta property=\"og:url\" content=\"https:\/\/mersatradedz.com\/ar\/product\/pack-toner-brother-tn241cmy\/\" \/>\n<meta property=\"og:site_name\" content=\"mersatradedz\" \/>\n<meta property=\"article:publisher\" content=\"https:\/\/www.facebook.com\/ntbidz\" \/>\n<meta property=\"article:modified_time\" content=\"2025-05-21T11:56:18+00:00\" \/>\n<meta property=\"og:image\" content=\"https:\/\/mersatradedz.com\/wp-content\/uploads\/2025\/05\/Brother-TN245-241-Compatible-Toner-Cartridge-Multipack-4-Toners-1.webp\" \/>\n\t<meta property=\"og:image:width\" content=\"800\" \/>\n\t<meta property=\"og:image:height\" content=\"800\" \/>\n\t<meta property=\"og:image:type\" content=\"image\/webp\" \/>\n<meta name=\"twitter:card\" content=\"summary_large_image\" \/>\n<meta name=\"twitter:label1\" content=\"\u0648\u0642\u062a \u0627\u0644\u0642\u0631\u0627\u0621\u0629 \u0627\u0644\u0645\u064f\u0642\u062f\u0651\u0631\" \/>\n\t<meta name=\"twitter:data1\" content=\"\u062f\u0642\u064a\u0642\u0629 \u0648\u0627\u062d\u062f\u0629\" \/>\n<script type=\"application\/ld+json\" class=\"yoast-schema-graph\">{\"@context\":\"https:\\\/\\\/schema.org\",\"@graph\":[{\"@type\":\"WebPage\",\"@id\":\"https:\\\/\\\/mersatradedz.com\\\/product\\\/pack-toner-brother-tn241cmy\\\/\",\"url\":\"https:\\\/\\\/mersatradedz.com\\\/product\\\/pack-toner-brother-tn241cmy\\\/\",\"name\":\"Pack Toner Brother TN241CMY - mersatradedz\",\"isPartOf\":{\"@id\":\"https:\\\/\\\/mersatradedz.com\\\/#website\"},\"primaryImageOfPage\":{\"@id\":\"https:\\\/\\\/mersatradedz.com\\\/product\\\/pack-toner-brother-tn241cmy\\\/#primaryimage\"},\"image\":{\"@id\":\"https:\\\/\\\/mersatradedz.com\\\/product\\\/pack-toner-brother-tn241cmy\\\/#primaryimage\"},\"thumbnailUrl\":\"https:\\\/\\\/mersatradedz.com\\\/wp-content\\\/uploads\\\/2025\\\/05\\\/Brother-TN245-241-Compatible-Toner-Cartridge-Multipack-4-Toners-1.webp\",\"datePublished\":\"2025-05-21T11:56:17+00:00\",\"dateModified\":\"2025-05-21T11:56:18+00:00\",\"breadcrumb\":{\"@id\":\"https:\\\/\\\/mersatradedz.com\\\/product\\\/pack-toner-brother-tn241cmy\\\/#breadcrumb\"},\"inLanguage\":\"ar\",\"potentialAction\":[{\"@type\":\"ReadAction\",\"target\":[\"https:\\\/\\\/mersatradedz.com\\\/product\\\/pack-toner-brother-tn241cmy\\\/\"]}]},{\"@type\":\"ImageObject\",\"inLanguage\":\"ar\",\"@id\":\"https:\\\/\\\/mersatradedz.com\\\/product\\\/pack-toner-brother-tn241cmy\\\/#primaryimage\",\"url\":\"https:\\\/\\\/mersatradedz.com\\\/wp-content\\\/uploads\\\/2025\\\/05\\\/Brother-TN245-241-Compatible-Toner-Cartridge-Multipack-4-Toners-1.webp\",\"contentUrl\":\"https:\\\/\\\/mersatradedz.com\\\/wp-content\\\/uploads\\\/2025\\\/05\\\/Brother-TN245-241-Compatible-Toner-Cartridge-Multipack-4-Toners-1.webp\",\"width\":800,\"height\":800},{\"@type\":\"BreadcrumbList\",\"@id\":\"https:\\\/\\\/mersatradedz.com\\\/product\\\/pack-toner-brother-tn241cmy\\\/#breadcrumb\",\"itemListElement\":[{\"@type\":\"ListItem\",\"position\":1,\"name\":\"Home\",\"item\":\"https:\\\/\\\/mersatradedz.com\\\/ar\\\/\"},{\"@type\":\"ListItem\",\"position\":2,\"name\":\"Boutique\",\"item\":\"https:\\\/\\\/mersatradedz.com\\\/shop\\\/\"},{\"@type\":\"ListItem\",\"position\":3,\"name\":\"Pack Toner Brother TN241CMY\"}]},{\"@type\":\"WebSite\",\"@id\":\"https:\\\/\\\/mersatradedz.com\\\/#website\",\"url\":\"https:\\\/\\\/mersatradedz.com\\\/\",\"name\":\"mersatradedz\",\"description\":\"\",\"publisher\":{\"@id\":\"https:\\\/\\\/mersatradedz.com\\\/#organization\"},\"potentialAction\":[{\"@type\":\"SearchAction\",\"target\":{\"@type\":\"EntryPoint\",\"urlTemplate\":\"https:\\\/\\\/mersatradedz.com\\\/?s={search_term_string}\"},\"query-input\":{\"@type\":\"PropertyValueSpecification\",\"valueRequired\":true,\"valueName\":\"search_term_string\"}}],\"inLanguage\":\"ar\"},{\"@type\":\"Organization\",\"@id\":\"https:\\\/\\\/mersatradedz.com\\\/#organization\",\"name\":\"mersa trade\",\"url\":\"https:\\\/\\\/mersatradedz.com\\\/\",\"logo\":{\"@type\":\"ImageObject\",\"inLanguage\":\"ar\",\"@id\":\"https:\\\/\\\/mersatradedz.com\\\/#\\\/schema\\\/logo\\\/image\\\/\",\"url\":\"https:\\\/\\\/mersatradedz.com\\\/wp-content\\\/uploads\\\/2023\\\/07\\\/cropped-1684191296456.jpg\",\"contentUrl\":\"https:\\\/\\\/mersatradedz.com\\\/wp-content\\\/uploads\\\/2023\\\/07\\\/cropped-1684191296456.jpg\",\"width\":1451,\"height\":955,\"caption\":\"mersa trade\"},\"image\":{\"@id\":\"https:\\\/\\\/mersatradedz.com\\\/#\\\/schema\\\/logo\\\/image\\\/\"},\"sameAs\":[\"https:\\\/\\\/www.facebook.com\\\/ntbidz\"]}]}<\/script>\n<!-- \/ Yoast SEO plugin. -->","yoast_head_json":{"title":"Pack Toner Brother TN241CMY - mersatradedz","robots":{"index":"index","follow":"follow","max-snippet":"max-snippet:-1","max-image-preview":"max-image-preview:large","max-video-preview":"max-video-preview:-1"},"canonical":"https:\/\/mersatradedz.com\/ar\/product\/pack-toner-brother-tn241cmy\/","og_locale":"ar_AR","og_type":"article","og_title":"Pack Toner Brother TN241CMY - mersatradedz","og_description":"Le pack toner Brother TN-241 contient les quatre couleurs essentielles \u2013 noir, cyan, magenta et jaune \u2013 pour une impression laser couleur de qualit\u00e9 professionnelle. Compatible avec une large gamme d\u2019imprimantes Brother, il offre un rendement \u00e9quilibr\u00e9 et des couleurs constantes. Une solution compl\u00e8te pour les utilisateurs exigeants.","og_url":"https:\/\/mersatradedz.com\/ar\/product\/pack-toner-brother-tn241cmy\/","og_site_name":"mersatradedz","article_publisher":"https:\/\/www.facebook.com\/ntbidz","article_modified_time":"2025-05-21T11:56:18+00:00","og_image":[{"width":800,"height":800,"url":"https:\/\/mersatradedz.com\/wp-content\/uploads\/2025\/05\/Brother-TN245-241-Compatible-Toner-Cartridge-Multipack-4-Toners-1.webp","type":"image\/webp"}],"twitter_card":"summary_large_image","twitter_misc":{"\u0648\u0642\u062a \u0627\u0644\u0642\u0631\u0627\u0621\u0629 \u0627\u0644\u0645\u064f\u0642\u062f\u0651\u0631":"\u062f\u0642\u064a\u0642\u0629 \u0648\u0627\u062d\u062f\u0629"},"schema":{"@context":"https:\/\/schema.org","@graph":[{"@type":"WebPage","@id":"https:\/\/mersatradedz.com\/product\/pack-toner-brother-tn241cmy\/","url":"https:\/\/mersatradedz.com\/product\/pack-toner-brother-tn241cmy\/","name":"Pack Toner Brother TN241CMY - mersatradedz","isPartOf":{"@id":"https:\/\/mersatradedz.com\/#website"},"primaryImageOfPage":{"@id":"https:\/\/mersatradedz.com\/product\/pack-toner-brother-tn241cmy\/#primaryimage"},"image":{"@id":"https:\/\/mersatradedz.com\/product\/pack-toner-brother-tn241cmy\/#primaryimage"},"thumbnailUrl":"https:\/\/mersatradedz.com\/wp-content\/uploads\/2025\/05\/Brother-TN245-241-Compatible-Toner-Cartridge-Multipack-4-Toners-1.webp","datePublished":"2025-05-21T11:56:17+00:00","dateModified":"2025-05-21T11:56:18+00:00","breadcrumb":{"@id":"https:\/\/mersatradedz.com\/product\/pack-toner-brother-tn241cmy\/#breadcrumb"},"inLanguage":"ar","potentialAction":[{"@type":"ReadAction","target":["https:\/\/mersatradedz.com\/product\/pack-toner-brother-tn241cmy\/"]}]},{"@type":"ImageObject","inLanguage":"ar","@id":"https:\/\/mersatradedz.com\/product\/pack-toner-brother-tn241cmy\/#primaryimage","url":"https:\/\/mersatradedz.com\/wp-content\/uploads\/2025\/05\/Brother-TN245-241-Compatible-Toner-Cartridge-Multipack-4-Toners-1.webp","contentUrl":"https:\/\/mersatradedz.com\/wp-content\/uploads\/2025\/05\/Brother-TN245-241-Compatible-Toner-Cartridge-Multipack-4-Toners-1.webp","width":800,"height":800},{"@type":"BreadcrumbList","@id":"https:\/\/mersatradedz.com\/product\/pack-toner-brother-tn241cmy\/#breadcrumb","itemListElement":[{"@type":"ListItem","position":1,"name":"Home","item":"https:\/\/mersatradedz.com\/ar\/"},{"@type":"ListItem","position":2,"name":"Boutique","item":"https:\/\/mersatradedz.com\/shop\/"},{"@type":"ListItem","position":3,"name":"Pack Toner Brother TN241CMY"}]},{"@type":"WebSite","@id":"https:\/\/mersatradedz.com\/#website","url":"https:\/\/mersatradedz.com\/","name":"mersatradedz","description":"","publisher":{"@id":"https:\/\/mersatradedz.com\/#organization"},"potentialAction":[{"@type":"SearchAction","target":{"@type":"EntryPoint","urlTemplate":"https:\/\/mersatradedz.com\/?s={search_term_string}"},"query-input":{"@type":"PropertyValueSpecification","valueRequired":true,"valueName":"search_term_string"}}],"inLanguage":"ar"},{"@type":"Organization","@id":"https:\/\/mersatradedz.com\/#organization","name":"mersa trade","url":"https:\/\/mersatradedz.com\/","logo":{"@type":"ImageObject","inLanguage":"ar","@id":"https:\/\/mersatradedz.com\/#\/schema\/logo\/image\/","url":"https:\/\/mersatradedz.com\/wp-content\/uploads\/2023\/07\/cropped-1684191296456.jpg","contentUrl":"https:\/\/mersatradedz.com\/wp-content\/uploads\/2023\/07\/cropped-1684191296456.jpg","width":1451,"height":955,"caption":"mersa trade"},"image":{"@id":"https:\/\/mersatradedz.com\/#\/schema\/logo\/image\/"},"sameAs":["https:\/\/www.facebook.com\/ntbidz"]}]}},"jetpack_sharing_enabled":true,"_links":{"self":[{"href":"https:\/\/mersatradedz.com\/ar\/wp-json\/wp\/v2\/product\/3355","targetHints":{"allow":["GET"]}}],"collection":[{"href":"https:\/\/mersatradedz.com\/ar\/wp-json\/wp\/v2\/product"}],"about":[{"href":"https:\/\/mersatradedz.com\/ar\/wp-json\/wp\/v2\/types\/product"}],"replies":[{"embeddable":true,"href":"https:\/\/mersatradedz.com\/ar\/wp-json\/wp\/v2\/comments?post=3355"}],"wp:featuredmedia":[{"embeddable":true,"href":"https:\/\/mersatradedz.com\/ar\/wp-json\/wp\/v2\/media\/3356"}],"wp:attachment":[{"href":"https:\/\/mersatradedz.com\/ar\/wp-json\/wp\/v2\/media?parent=3355"}],"wp:term":[{"taxonomy":"product_brand","embeddable":true,"href":"https:\/\/mersatradedz.com\/ar\/wp-json\/wp\/v2\/product_brand?post=3355"},{"taxonomy":"product_cat","embeddable":true,"href":"https:\/\/mersatradedz.com\/ar\/wp-json\/wp\/v2\/product_cat?post=3355"},{"taxonomy":"product_tag","embeddable":true,"href":"https:\/\/mersatradedz.com\/ar\/wp-json\/wp\/v2\/product_tag?post=3355"}],"curies":[{"name":"wp","href":"https:\/\/api.w.org\/{rel}","templated":true}]}}